{"id":101795,"date":"2026-02-04T15:43:10","date_gmt":"2026-02-04T15:43:10","guid":{"rendered":"https:\/\/beta.truzzer.com\/revocation\/"},"modified":"2026-02-13T08:22:57","modified_gmt":"2026-02-13T08:22:57","slug":"revocation","status":"publish","type":"page","link":"https:\/\/www.truzzer.com\/pl\/revocation\/","title":{"rendered":"Uniewa\u017cnienie"},"content":{"rendered":"<article class=\"entry-content post-22031 typ strony-status strony-publikacja wpisu\" id=\"post-22031\">\n<p><strong><\/strong><\/p>\n<p><strong>O\u015bwiadczenie dla konsument\u00f3w w sprawie odst\u0105pienia od um\u00f3w dotycz\u0105cych towar\u00f3w dostarczanych w jednej przesy\u0142ce<\/strong><\/p>\n<p><em>Zasady anulowania rezerwacji<\/em><br \/>\nKonsumentem jest ka\u017cda osoba fizyczna, kt\u00f3ra dokonuje transakcji prawnej w celach, kt\u00f3re w wi\u0119kszo\u015bci nie s\u0105 zwi\u0105zane z jak\u0105kolwiek dzia\u0142alno\u015bci\u0105 zawodow\u0105 o charakterze komercyjnym lub prowadzon\u0105 na w\u0142asny rachunek.<\/p>\n<p><em>Prawo do odst\u0105pienia od umowy<\/em><br \/>\nMasz prawo odst\u0105pi\u0107 od niniejszej umowy bez podania przyczyny w ci\u0105gu czternastodniowego okresu odst\u0105pienia rozpoczynaj\u0105cego si\u0119 w dniu, w kt\u00f3rym Ty lub wyznaczona przez Ciebie osoba trzecia (nie mo\u017cesz wyznaczy\u0107 przewo\u017anika) odbierze(-\u0105) odbi\u00f3r towaru. Aby skorzysta\u0107 z prawa do odst\u0105pienia od umowy, musisz nas powiadomi\u0107 (<\/p>\n<p><strong>truzzer.com<\/strong><br \/>\nASMUS&amp;HOCK GbR<br \/>\nMoltkestr. 25<br \/>\n42799 NiemcyNumer telefonu: +49 2175 978 366 3<br \/>\nAdres e-mail: <a class=\"__cf_email__\" data-cfemail=\"d7bfb2bbbbb897a3a5a2adadb2a5f9b4b8ba\" href=\"\/cdn-cgi\/l\/email-protection\">[chroniony e-mailem]<\/a><\/p>\n<p>). Mo\u017cesz \u2013 ale nie jeste\u015b zobowi\u0105zany \u2013 skorzysta\u0107 z wzoru formularza odst\u0105pienia od umowy do\u0142\u0105czonego do niniejszych zasad anulowania. Uznaje si\u0119, \u017ce dotrzyma\u0142e\u015b powy\u017cszego okresu odst\u0105pienia, je\u015bli Tw\u00f3j list, faks lub e-mail powiadamiaj\u0105cy nas o skorzystaniu z prawa do odst\u0105pienia od umowy zosta\u0142 wys\u0142any przed up\u0142ywem okresu odst\u0105pienia.<\/p>\n<p><em>Konsekwencje anulowania<\/em><br \/>\nJe\u015bli odst\u0105pisz od niniejszej umowy, jeste\u015bmy zobowi\u0105zani zwr\u00f3ci\u0107 wszystkie otrzymane od Ciebie p\u0142atno\u015bci (w tym koszty wysy\u0142ki, ale z wy\u0142\u0105czeniem dodatkowych koszt\u00f3w poniesionych w wyniku wybrania przez Ciebie innej opcji wysy\u0142ki ni\u017c standardowa, najta\u0144sza opcja wysy\u0142ki, kt\u00f3r\u0105 oferujemy) niezw\u0142ocznie, a maksymalnie w terminie czternastu dni od daty otrzymania Twojego listu, faksu lub wiadomo\u015bci e-mail z informacj\u0105 o odst\u0105pieniu od umowy. Zwrot nast\u0119puje przy u\u017cyciu tego samego rodzaju p\u0142atno\u015bci, kt\u00f3rego u\u017cy\u0142e\u015b w pierwotnej transakcji, chyba \u017ce uzgodniono z Tob\u0105 inaczej; w \u017cadnym wypadku nie ponios\u0105 Pa\u0144stwo \u017cadnych op\u0142at w zwi\u0105zku ze sp\u0142at\u0105. Zastrzegamy sobie prawo do odmowy zwrotu pieni\u0119dzy do czasu otrzymania przez nas zwr\u00f3conego towaru lub do czasu dostarczenia przez Pa\u0144stwa dowodu jego odes\u0142ania (w zale\u017cno\u015bci od tego, kt\u00f3ry moment nast\u0105pi wcze\u015bniej). Masz obowi\u0105zek zwr\u00f3ci\u0107 nam towar niezw\u0142ocznie, maksymalnie w terminie czternastu dni od dnia, w kt\u00f3rym powiadomi\u0142e\u015b nas o odst\u0105pieniu od niniejszej umowy. Uznaje si\u0119, \u017ce dotrzyma\u0142e\u015b powy\u017cszego terminu zwrotu, je\u015bli wy\u015blesz towar przed up\u0142ywem czternastodniowego terminu.<\/p>\n<p>Ponosz\u0105 Pa\u0144stwo bezpo\u015brednie koszty zwrotu towaru.<br \/>\nPonosisz odpowiedzialno\u015b\u0107 za utrat\u0119 warto\u015bci towar\u00f3w tylko wtedy, gdy taka utrata warto\u015bci wynika z nieistotnego obchodzenia si\u0119 z towarami w celach innych ni\u017c weryfikacja ich charakteru, w\u0142a\u015bciwo\u015bci i funkcjonalno\u015bci.<\/p>\n<p><em>Szablon formularza anulowania<\/em><br \/>\n(Je\u015bli chcesz odst\u0105pi\u0107 od umowy, wype\u0142nij ten formularz i ode\u015blij go do nas.)<br \/>\n\u2013 Do<\/p>\n<p><strong>truzzer.com<\/strong><br \/>\nASMUS&amp;HOCK GbR<br \/>\nMoltkestr. 25<br \/>\n42799 NiemcyNumer telefonu: +49 2175 978 366 3<br \/>\nAdres e-mail: <a class=\"__cf_email__\" data-cfemail=\"2e464b4242416e5a5c5b54544b5c004d4143\" href=\"\/cdn-cgi\/l\/email-protection\">[chroniony e-mailem]<\/a><\/p>\n<p>:<br \/>\n\u2013 Ja\/my (*) niniejszym odst\u0119puj\u0119 od umowy, kt\u00f3r\u0105 ja\/my (*) zawarli\u015bmy na zakup nast\u0119puj\u0105cego towaru (*)\/ \u015bwiadczenie nast\u0119puj\u0105cej us\u0142ugi (*)<br \/>\n\u2013 Zam\u00f3wione (*)\/Otrzymane (*)<br \/>\n\u2013 Imi\u0119 i nazwisko konsumenta(-\u00f3w)<br \/>\n\u2013 Adres konsumenta(-\u00f3w)<br \/>\n\u2013 Podpis konsumenta(-\u00f3w) (wymagany tylko w przypadku z\u0142o\u017cenia rezygnacji w formie papierowej)<br \/>\n\u2013 Data<br \/>\n\u2014\u2014\u2014\u2014\u2014\u2014\u2014\u2014\u2014\u2014\u2014\u2014\u2014<br \/>\n(*) Niepotrzebne skre\u015bli\u0107.<\/p>\n<p><em>Wy\u0142\u0105czenie i przedwczesne wyga\u015bni\u0119cie prawa do odst\u0105pienia od umowy<\/em><br \/>\nPrawo odst\u0105pienia nie dotyczy um\u00f3w <br \/>\ndostawa towar\u00f3w, kt\u00f3re nie s\u0105 prefabrykowane i kt\u00f3rych wytwarzanie jest albo okre\u015blone przez wybrane opcje i cele zamierzone przez konsumenta, albo wyra\u017anie dostosowane do osobistych wymaga\u0144 konsumenta;<br \/>\ndostawa towar\u00f3w, kt\u00f3re mog\u0105 szybko ulec zepsuciu lub szybko przekroczy\u0107 termin przydatno\u015bci do spo\u017cycia;<br \/>\ndostawa napoj\u00f3w alkoholowych, za kt\u00f3re cena zosta\u0142a uzgodniona przy zawarciu umowy, ale kt\u00f3re mog\u0105 zosta\u0107 dostarczone najwcze\u015bniej 30 dni po zawarciu umowy i kt\u00f3rych aktualna warto\u015b\u0107 podlega wahaniom na rynku, na kt\u00f3ry przedsi\u0119biorca nie ma wp\u0142ywu;<br \/>\no dostaw\u0119 dziennik\u00f3w, czasopism lub czasopism kolorowych, z wyj\u0105tkiem tych, kt\u00f3re podlegaj\u0105 prenumeracie. Prawo odst\u0105pienia od umowy wygasa przedwcze\u015bnie w przypadku um\u00f3w na dostaw\u0119 towaru zapiecz\u0119towanego, kt\u00f3ry ze wzgl\u0119du na ochron\u0119 zdrowia lub higien\u0119 nie nadaje si\u0119 do zwrotu, je\u017celi jego piecz\u0119\u0107 zosta\u0142a naruszona po dostarczeniu; o dostaw\u0119 towaru, kt\u00f3ry ze wzgl\u0119du na sw\u00f3j charakter zosta\u0142 po dostarczeniu nieroz\u0142\u0105cznie zmieszany z innymi towarami; dostawa nagra\u0144 audio lub wideo albo oprogramowania komputerowego w zapiecz\u0119towanym opakowaniu o ile ich plomba zosta\u0142a usuni\u0119ta po dostawie.<\/p>\n<p><strong>Zawiadomienie dla konsument\u00f3w w sprawie odst\u0105pienia od umowy dotycz\u0105cej dostawy wielu towar\u00f3w zamawianych w ramach jednego zam\u00f3wienia, ale dostarczanych oddzielnie<\/strong><\/p>\n<p><em>Zasady anulowania rezerwacji<\/em><br \/>\nKonsumentem jest ka\u017cda osoba fizyczna, kt\u00f3ra dokonuje transakcji prawnej w celach, kt\u00f3re w wi\u0119kszo\u015bci nie s\u0105 zwi\u0105zane z jak\u0105kolwiek dzia\u0142alno\u015bci\u0105 zawodow\u0105 o charakterze komercyjnym lub prowadzon\u0105 na w\u0142asny rachunek.<\/p>\n<p><em>Prawo do odst\u0105pienia od umowy<\/em><br \/>\nMasz prawo odst\u0105pi\u0107 od niniejszej umowy bez podania przyczyny w ci\u0105gu czternastodniowego okresu odst\u0105pienia rozpoczynaj\u0105cego si\u0119 w dniu, w kt\u00f3rym Ty lub wyznaczona przez Ciebie osoba trzecia (nie mo\u017cesz wyznaczy\u0107 przewo\u017anika) odbierze(-\u0105) odbi\u00f3r ostatniego towaru. Aby skorzysta\u0107 z prawa do odst\u0105pienia od umowy, musisz nas powiadomi\u0107 (<\/p>\n<p><strong>truzzer.com<\/strong><br \/>\nASMUS&amp;HOCK GbR<br \/>\nMoltkestr. 25<br \/>\n42799 NiemcyNumer telefonu: +49 2175 978 366 3<br \/>\nAdres e-mail: <a class=\"__cf_email__\" data-cfemail=\"375f525b5b58774345424d4d52451954585a\" href=\"\/cdn-cgi\/l\/email-protection\">[email\u00a0protected]<\/a>) o Twojej decyzji o odst\u0105pieniu od niniejszej umowy w drodze jednoznacznego o\u015bwiadczenia (np. w formie wys\u0142anego pisma) poczt\u0105, faksem lub e-mailem). Mo\u017cesz \u2013 ale nie jeste\u015b zobowi\u0105zany \u2013 skorzysta\u0107 z wzoru formularza odst\u0105pienia od umowy do\u0142\u0105czonego do niniejszych zasad anulowania. Uznaje si\u0119, \u017ce dotrzyma\u0142e\u015b powy\u017cszego okresu odst\u0105pienia, je\u015bli Tw\u00f3j list, faks lub e-mail powiadamiaj\u0105cy nas o skorzystaniu z prawa do odst\u0105pienia od umowy zosta\u0142 wys\u0142any przed up\u0142ywem okresu odst\u0105pienia.<\/p>\n<p><em>Konsekwencje anulowania<\/em><br \/>\nJe\u015bli odst\u0105pisz od niniejszej umowy, jeste\u015bmy zobowi\u0105zani zwr\u00f3ci\u0107 wszystkie otrzymane od Ciebie p\u0142atno\u015bci (w tym koszty wysy\u0142ki, ale z wy\u0142\u0105czeniem dodatkowych koszt\u00f3w poniesionych w wyniku wybrania przez Ciebie innej opcji wysy\u0142ki ni\u017c standardowa, najta\u0144sza opcja wysy\u0142ki, kt\u00f3r\u0105 oferujemy) niezw\u0142ocznie, a najp\u00f3\u017aniej w terminie czternastu dni od daty otrzymania Twojego listu, faksu lub wiadomo\u015bci e-mail z informacj\u0105 o odst\u0105pieniu od niniejszej umowy. Zwrot nast\u0119puje przy u\u017cyciu tego samego rodzaju p\u0142atno\u015bci, kt\u00f3rego u\u017cy\u0142e\u015b w pierwotnej transakcji, chyba \u017ce uzgodniono z Tob\u0105 inaczej; w \u017cadnym wypadku nie ponios\u0105 Pa\u0144stwo \u017cadnych op\u0142at w zwi\u0105zku ze sp\u0142at\u0105. Zastrzegamy sobie prawo do odmowy zwrotu pieni\u0119dzy do czasu otrzymania przez nas zwr\u00f3conego towaru lub do czasu dostarczenia przez Pa\u0144stwa dowodu jego odes\u0142ania (w zale\u017cno\u015bci od tego, kt\u00f3ry moment nast\u0105pi wcze\u015bniej). Masz obowi\u0105zek zwr\u00f3ci\u0107 nam towar niezw\u0142ocznie, maksymalnie w terminie czternastu dni od dnia, w kt\u00f3rym powiadomi\u0142e\u015b nas o odst\u0105pieniu od niniejszej umowy. Uznaje si\u0119, \u017ce dotrzyma\u0142e\u015b powy\u017cszego terminu zwrotu, je\u015bli wy\u015blesz towar przed up\u0142ywem czternastodniowego terminu.<\/p>\n<p>Ponosz\u0105 Pa\u0144stwo bezpo\u015brednie koszty zwrotu towaru. Ponosisz odpowiedzialno\u015b\u0107 za utrat\u0119 warto\u015bci towar\u00f3w tylko wtedy, gdy taka utrata warto\u015bci wynika z nieistotnego obchodzenia si\u0119 z towarami w celach innych ni\u017c weryfikacja ich charakteru, w\u0142a\u015bciwo\u015bci i funkcjonalno\u015bci.<\/p>\n<p><em>Szablon formularza anulowania<\/em><br \/>\n(Je\u015bli chcesz odst\u0105pi\u0107 od umowy, wype\u0142nij ten formularz i ode\u015blij go do nas.)<br \/>\n\u2013 Do<\/p>\n<p><strong>truzzer.com<\/strong><br \/>\nASMUS&amp;HOCK GbR<br \/>\nMoltkestr. 25<br \/>\n42799 NiemcyNumer telefonu: +49 2175 978 366 3<br \/>\nAdres e-mail: <a class=\"__cf_email__\" data-cfemail=\"1f777a7373705f6b6d6a65657a6d317c7072\" href=\"\/cdn-cgi\/l\/email-protection\">[chroniony e-mailem]<\/a><\/p>\n<p>:<br \/>\n\u2013 Ja\/my (*) niniejszym odst\u0119puj\u0119 od umowy, kt\u00f3r\u0105 ja\/my (*) zawarli\u015bmy na zakup nast\u0119puj\u0105cego towaru (*)\/ \u015bwiadczenie nast\u0119puj\u0105cej us\u0142ugi (*)<br \/>\n\u2013 Zam\u00f3wione (*)\/Otrzymane (*)<br \/>\n\u2013 Imi\u0119 i nazwisko konsumenta(-\u00f3w)<br \/>\n\u2013 Adres konsumenta(-\u00f3w)<br \/>\n\u2013 Podpis konsumenta(-\u00f3w) (wymagany tylko w przypadku z\u0142o\u017cenia rezygnacji w formie papierowej)<br \/>\n\u2013 Data<br \/>\n\u2014\u2014\u2014\u2014\u2014\u2014\u2014\u2014\u2014\u2014\u2014\u2014\u2014<br \/>\n(*) Niepotrzebne skre\u015bli\u0107.<\/p>\n<p><em>Wy\u0142\u0105czenie i przedwczesne wyga\u015bni\u0119cie prawa do odst\u0105pienia od umowy<\/em><br \/>\nPrawo do odst\u0105pienia od umowy nie ma zastosowania do um\u00f3w dostawy towar\u00f3w, kt\u00f3re nie s\u0105 prefabrykowane i kt\u00f3rych wykonanie jest okre\u015blone przez wybrane opcje i cele zamierzone przez konsumenta lub wyra\u017anie dostosowane do osobistych wymaga\u0144 konsumenta;<br \/>\ndostawa towar\u00f3w, kt\u00f3re mog\u0105 szybko ulec zepsuciu lub szybko przekroczy\u0107 termin przydatno\u015bci do spo\u017cycia;<br \/>\ndostawa napoj\u00f3w alkoholowych, za kt\u00f3re cena zosta\u0142a uzgodniona przy zawarciu umowy, ale kt\u00f3re mog\u0105 zosta\u0107 dostarczone najwcze\u015bniej 30 dni po zawarciu umowy i kt\u00f3rych aktualna warto\u015b\u0107 podlega wahaniom na rynku, na kt\u00f3ry przedsi\u0119biorca nie ma wp\u0142ywu;<br \/>\no dostaw\u0119 dziennik\u00f3w, czasopism lub czasopism kolorowych, z wyj\u0105tkiem tych, kt\u00f3re podlegaj\u0105 prenumeracie. Prawo odst\u0105pienia od umowy wygasa przedwcze\u015bnie w przypadku um\u00f3w na dostaw\u0119 towaru zapiecz\u0119towanego, kt\u00f3ry ze wzgl\u0119du na ochron\u0119 zdrowia lub higien\u0119 nie nadaje si\u0119 do zwrotu, je\u017celi jego piecz\u0119\u0107 zosta\u0142a naruszona po dostarczeniu; o dostaw\u0119 towaru, kt\u00f3ry ze wzgl\u0119du na sw\u00f3j charakter zosta\u0142 po dostarczeniu nieroz\u0142\u0105cznie zmieszany z innymi towarami; dostawa nagra\u0144 audio lub wideo albo oprogramowania komputerowego w zapiecz\u0119towanym opakowaniu o ile ich plomba zosta\u0142a usuni\u0119ta po dostawie.<\/p>\n<p><strong>Zawiadomienie dla konsument\u00f3w w sprawie odst\u0105pienia od um\u00f3w dotycz\u0105cych towar\u00f3w dostarczanych w kilku przesy\u0142kach lub w cz\u0119\u015bciach<\/strong><\/p>\n<p><em>Zasady anulowania rezerwacji<\/em><br \/>\nKonsumentem jest ka\u017cda osoba fizyczna, kt\u00f3ra dokonuje transakcji prawnej w celach, kt\u00f3re w wi\u0119kszo\u015bci nie s\u0105 zwi\u0105zane z jak\u0105kolwiek dzia\u0142alno\u015bci\u0105 zawodow\u0105 o charakterze komercyjnym lub prowadzon\u0105 na w\u0142asny rachunek.<\/p>\n<p><em>Prawo do odst\u0105pienia od umowy<\/em><br \/>\nMasz prawo odst\u0105pi\u0107 od niniejszej umowy bez podania przyczyny w terminie czternastu dni, rozpoczynaj\u0105cym si\u0119 w dniu, w kt\u00f3rym Ty lub wyznaczona przez Ciebie osoba trzecia (nie mo\u017cesz wyznaczy\u0107 przewo\u017anika) odbierze(-\u0105) odbi\u00f3r ostatniej przesy\u0142ki lub ostatniej cz\u0119\u015bci zam\u00f3wionego towaru. Aby skorzysta\u0107 z prawa do odst\u0105pienia od umowy, musisz nas powiadomi\u0107 (<\/p>\n<p><strong>truzzer.com<\/strong><br \/>\nASMUS&amp;HOCK GbR<br \/>\nMoltkestr. 25<br \/>\n42799 NiemcyNumer telefonu: +49 2175 978 366 3<br \/>\nAdres e-mail: <a class=\"__cf_email__\" data-cfemail=\"640c0108080b241016111e1e01164a070b09\" href=\"\/cdn-cgi\/l\/email-protection\">[chroniony e-mailem]<\/a><\/p>\n<p>) o swojej decyzji o odst\u0105pieniu od niniejszej umowy w drodze jednoznacznego o\u015bwiadczenia (np. w formie pisma wys\u0142anego poczt\u0105, faksem lub e-mailem). Mo\u017cesz \u2013 ale nie jeste\u015b zobowi\u0105zany \u2013 skorzysta\u0107 z wzoru formularza odst\u0105pienia od umowy do\u0142\u0105czonego do niniejszych zasad anulowania. Uznaje si\u0119, \u017ce dotrzyma\u0142e\u015b powy\u017cszego okresu odst\u0105pienia, je\u015bli Tw\u00f3j list, faks lub e-mail powiadamiaj\u0105cy nas o skorzystaniu z prawa do odst\u0105pienia od umowy zosta\u0142 wys\u0142any przed up\u0142ywem okresu odst\u0105pienia.<\/p>\n<p><em>Konsekwencje anulowania<\/em><br \/>\nJe\u015bli odst\u0105pisz od niniejszej umowy, jeste\u015bmy zobowi\u0105zani zwr\u00f3ci\u0107 wszystkie otrzymane od Ciebie p\u0142atno\u015bci (w tym koszty wysy\u0142ki, ale z wy\u0142\u0105czeniem dodatkowych koszt\u00f3w poniesionych w wyniku wybrania przez Ciebie innej opcji wysy\u0142ki ni\u017c standardowa, najta\u0144sza opcja wysy\u0142ki, kt\u00f3r\u0105 oferujemy) niezw\u0142ocznie, a najp\u00f3\u017aniej w terminie czternastu dni od daty otrzymania Twojego listu, faksu lub wiadomo\u015bci e-mail z informacj\u0105 o odst\u0105pieniu od niniejszej umowy. Zwrot nast\u0119puje przy u\u017cyciu tego samego rodzaju p\u0142atno\u015bci, kt\u00f3rego u\u017cy\u0142e\u015b w pierwotnej transakcji, chyba \u017ce uzgodniono z Tob\u0105 inaczej; w \u017cadnym wypadku nie ponios\u0105 Pa\u0144stwo \u017cadnych op\u0142at w zwi\u0105zku ze sp\u0142at\u0105. Zastrzegamy sobie prawo do odmowy zwrotu pieni\u0119dzy do czasu otrzymania przez nas zwr\u00f3conego towaru lub do czasu dostarczenia przez Pa\u0144stwa dowodu jego odes\u0142ania (w zale\u017cno\u015bci od tego, kt\u00f3ry moment nast\u0105pi wcze\u015bniej). Maj\u0105 Pa\u0144stwo obowi\u0105zek zwr\u00f3ci\u0107 nam towar niezw\u0142ocznie, maksymalnie w terminie czternastu dni od dnia, w kt\u00f3rym poinformowali nas Pa\u0144stwo o odst\u0105pieniu od niniejszej umowy. Uznaje si\u0119, \u017ce dotrzyma\u0142e\u015b powy\u017cszego terminu zwrotu, je\u015bli wy\u015blesz towar przed up\u0142ywem czternastodniowego terminu.<\/p>\n<p>Ponosz\u0105 Pa\u0144stwo bezpo\u015brednie koszty zwrotu towaru. Za utrat\u0119 warto\u015bci towaru odpowiadasz tylko wtedy, gdy taka utrata warto\u015bci wynika z nieistotnego obchodzenia si\u0119 z towarem w celach innych ni\u017c weryfikacja jego charakteru, w\u0142a\u015bciwo\u015bci i funkcjonalno\u015bci.<em>Wz\u00f3r formularza odst\u0105pienia od umowy<\/em>(Je\u015bli chcesz odst\u0105pi\u0107 od umowy, wype\u0142nij ten formularz i ode\u015blij go do nas.)<br \/>\n\u2013 Do:<\/p>\n<p><strong>truzzer.com<\/strong><br \/>\nASMUS&amp;HOCK GbR<br \/>\nMoltkestr. 25<br \/>\n42799 NiemcyNumer telefonu: +49 2175 978 366 3<br \/>\nAdres e-mail: <a class=\"__cf_email__\" data-cfemail=\"5f373a3333301f2b2d2a25253a2d713c3032\" href=\"\/cdn-cgi\/l\/email-protection\">[chroniony e-mailem]<\/a><\/p>\n<p>\u2013 Ja\/my (*) niniejszym odst\u0119puj\u0119 od umowy, kt\u00f3r\u0105 ja\/my (*) zawarli\u015bmy na zakup nast\u0119puj\u0105cego towaru (*)\/ \u015bwiadczenie nast\u0119puj\u0105cej us\u0142ugi (*)<br \/>\n\u2013 Zam\u00f3wione (*)\/Otrzymane (*)<br \/>\n\u2013 Imi\u0119 i nazwisko konsumenta(-\u00f3w)<br \/>\n\u2013 Adres konsumenta(-\u00f3w)<br \/>\n\u2013 Podpis konsumenta(-\u00f3w) (wymagany tylko w przypadku z\u0142o\u017cenia rezygnacji w formie papierowej)<br \/>\n\u2013 Data<br \/>\n\u2014\u2014\u2014\u2014\u2014\u2014\u2014\u2014\u2014\u2014\u2014\u2014\u2014<br \/>\n(*) Niepotrzebne skre\u015bli\u0107.<\/p>\n<p><em>Wy\u0142\u0105czenie i przedwczesne wyga\u015bni\u0119cie prawa do odst\u0105pienia od umowy<\/em><br \/>\nPrawo odst\u0105pienia nie dotyczy um\u00f3w <br \/>\ndostawa towar\u00f3w, kt\u00f3re nie s\u0105 prefabrykowane i kt\u00f3rych wytwarzanie jest albo okre\u015blone przez wybrane opcje i cele zamierzone przez konsumenta, albo wyra\u017anie dostosowane do osobistych wymaga\u0144 konsumenta;<br \/>\ndostawa towar\u00f3w, kt\u00f3re mog\u0105 szybko ulec zepsuciu lub szybko przekroczy\u0107 termin przydatno\u015bci do spo\u017cycia;<br \/>\ndostawa napoj\u00f3w alkoholowych, za kt\u00f3re cena zosta\u0142a uzgodniona przy zawarciu umowy, ale kt\u00f3re mog\u0105 zosta\u0107 dostarczone najwcze\u015bniej 30 dni po zawarciu umowy i kt\u00f3rych aktualna warto\u015b\u0107 podlega wahaniom na rynku, na kt\u00f3ry przedsi\u0119biorca nie ma wp\u0142ywu;<br \/>\no dostaw\u0119 dziennik\u00f3w, czasopism lub czasopism kolorowych, z wyj\u0105tkiem tych, kt\u00f3re podlegaj\u0105 prenumeracie. Prawo odst\u0105pienia od umowy wygasa przedwcze\u015bnie w przypadku um\u00f3w na dostaw\u0119 towaru zapiecz\u0119towanego, kt\u00f3ry ze wzgl\u0119du na ochron\u0119 zdrowia lub higien\u0119 nie nadaje si\u0119 do zwrotu, je\u017celi jego piecz\u0119\u0107 zosta\u0142a naruszona po dostarczeniu; o dostaw\u0119 towaru, kt\u00f3ry ze wzgl\u0119du na sw\u00f3j charakter zosta\u0142 po dostarczeniu nieroz\u0142\u0105cznie zmieszany z innymi towarami; dostawa nagra\u0144 audio lub wideo albo oprogramowania komputerowego w zapiecz\u0119towanym opakowaniu o ile ich plomba zosta\u0142a usuni\u0119ta po dostawie.<\/p>\n<\/article>\n","protected":false},"excerpt":{"rendered":"<p>O\u015bwiadczenie dla konsument\u00f3w w sprawie odst\u0105pienia od um\u00f3w dotycz\u0105cych towar\u00f3w dostarczanych w jednej przesy\u0142ce Zasady anulowania rezerwacji Konsumentem jest ka\u017cda<\/p>\n","protected":false},"author":1,"featured_media":0,"parent":0,"menu_order":0,"comment_status":"closed","ping_status":"closed","template":"","meta":{"_acf_changed":false,"_yoast_wpseo_focuskw":"","_yoast_wpseo_title":"","_yoast_wpseo_metadesc":"","footnotes":""},"class_list":["post-101795","page","type-page","status-publish","hentry"],"acf":[],"yoast_head":"<!-- This site is optimized with the Yoast SEO plugin v27.0 - https:\/\/yoast.com\/product\/yoast-seo-wordpress\/ -->\n<title>Uniewa\u017cnienie | truzzer<\/title>\n<meta name=\"robots\" content=\"index, follow, max-snippet:-1, max-image-preview:large, max-video-preview:-1\" \/>\n<link rel=\"canonical\" href=\"https:\/\/www.truzzer.com\/pl\/revocation\/\" \/>\n<meta property=\"og:locale\" content=\"pl_PL\" \/>\n<meta property=\"og:type\" content=\"article\" \/>\n<meta property=\"og:title\" content=\"Uniewa\u017cnienie | truzzer\" \/>\n<meta property=\"og:description\" content=\"O\u015bwiadczenie dla konsument\u00f3w w sprawie odst\u0105pienia od um\u00f3w dotycz\u0105cych towar\u00f3w dostarczanych w jednej przesy\u0142ce Zasady anulowania rezerwacji Konsumentem jest ka\u017cda\" \/>\n<meta property=\"og:url\" content=\"https:\/\/www.truzzer.com\/pl\/revocation\/\" \/>\n<meta property=\"og:site_name\" content=\"truzzer\" \/>\n<meta property=\"article:modified_time\" content=\"2026-02-13T08:22:57+00:00\" \/>\n<meta name=\"twitter:card\" content=\"summary_large_image\" \/>\n<meta name=\"twitter:label1\" content=\"Szacowany czas czytania\" \/>\n\t<meta name=\"twitter:data1\" content=\"12 minut\" \/>\n<script type=\"application\/ld+json\" class=\"yoast-schema-graph\">{\"@context\":\"https:\/\/schema.org\",\"@graph\":[{\"@type\":\"WebPage\",\"@id\":\"https:\/\/www.truzzer.com\/pl\/revocation\/\",\"url\":\"https:\/\/www.truzzer.com\/pl\/revocation\/\",\"name\":\"Uniewa\u017cnienie | truzzer\",\"isPartOf\":{\"@id\":\"https:\/\/www.truzzer.com\/pl\/#website\"},\"datePublished\":\"2026-02-04T15:43:10+00:00\",\"dateModified\":\"2026-02-13T08:22:57+00:00\",\"breadcrumb\":{\"@id\":\"https:\/\/www.truzzer.com\/pl\/revocation\/#breadcrumb\"},\"inLanguage\":\"pl-PL\",\"potentialAction\":[{\"@type\":\"ReadAction\",\"target\":[\"https:\/\/www.truzzer.com\/pl\/revocation\/\"]}]},{\"@type\":\"BreadcrumbList\",\"@id\":\"https:\/\/www.truzzer.com\/pl\/revocation\/#breadcrumb\",\"itemListElement\":[{\"@type\":\"ListItem\",\"position\":1,\"name\":\"Home\",\"item\":\"https:\/\/www.truzzer.com\/pl\/\"},{\"@type\":\"ListItem\",\"position\":2,\"name\":\"Uniewa\u017cnienie\"}]},{\"@type\":\"WebSite\",\"@id\":\"https:\/\/www.truzzer.com\/pl\/#website\",\"url\":\"https:\/\/www.truzzer.com\/pl\/\",\"name\":\"truzzer\",\"description\":\"Experts for customer trust\",\"publisher\":{\"@id\":\"https:\/\/www.truzzer.com\/pl\/#organization\"},\"potentialAction\":[{\"@type\":\"SearchAction\",\"target\":{\"@type\":\"EntryPoint\",\"urlTemplate\":\"https:\/\/www.truzzer.com\/pl\/?s={search_term_string}\"},\"query-input\":{\"@type\":\"PropertyValueSpecification\",\"valueRequired\":true,\"valueName\":\"search_term_string\"}}],\"inLanguage\":\"pl-PL\"},{\"@type\":\"Organization\",\"@id\":\"https:\/\/www.truzzer.com\/pl\/#organization\",\"name\":\"truzzer\",\"url\":\"https:\/\/www.truzzer.com\/pl\/\",\"logo\":{\"@type\":\"ImageObject\",\"inLanguage\":\"pl-PL\",\"@id\":\"https:\/\/www.truzzer.com\/pl\/#\/schema\/logo\/image\/\",\"url\":\"https:\/\/truzzer.com\/wp-content\/uploads\/2026\/01\/truzzer-logo-black-1.svg\",\"contentUrl\":\"https:\/\/truzzer.com\/wp-content\/uploads\/2026\/01\/truzzer-logo-black-1.svg\",\"width\":938,\"height\":199,\"caption\":\"truzzer\"},\"image\":{\"@id\":\"https:\/\/www.truzzer.com\/pl\/#\/schema\/logo\/image\/\"}}]}<\/script>\n<!-- \/ Yoast SEO plugin. -->","yoast_head_json":{"title":"Uniewa\u017cnienie | truzzer","robots":{"index":"index","follow":"follow","max-snippet":"max-snippet:-1","max-image-preview":"max-image-preview:large","max-video-preview":"max-video-preview:-1"},"canonical":"https:\/\/www.truzzer.com\/pl\/revocation\/","og_locale":"pl_PL","og_type":"article","og_title":"Uniewa\u017cnienie | truzzer","og_description":"O\u015bwiadczenie dla konsument\u00f3w w sprawie odst\u0105pienia od um\u00f3w dotycz\u0105cych towar\u00f3w dostarczanych w jednej przesy\u0142ce Zasady anulowania rezerwacji Konsumentem jest ka\u017cda","og_url":"https:\/\/www.truzzer.com\/pl\/revocation\/","og_site_name":"truzzer","article_modified_time":"2026-02-13T08:22:57+00:00","twitter_card":"summary_large_image","twitter_misc":{"Szacowany czas czytania":"12 minut"},"schema":{"@context":"https:\/\/schema.org","@graph":[{"@type":"WebPage","@id":"https:\/\/www.truzzer.com\/pl\/revocation\/","url":"https:\/\/www.truzzer.com\/pl\/revocation\/","name":"Uniewa\u017cnienie | truzzer","isPartOf":{"@id":"https:\/\/www.truzzer.com\/pl\/#website"},"datePublished":"2026-02-04T15:43:10+00:00","dateModified":"2026-02-13T08:22:57+00:00","breadcrumb":{"@id":"https:\/\/www.truzzer.com\/pl\/revocation\/#breadcrumb"},"inLanguage":"pl-PL","potentialAction":[{"@type":"ReadAction","target":["https:\/\/www.truzzer.com\/pl\/revocation\/"]}]},{"@type":"BreadcrumbList","@id":"https:\/\/www.truzzer.com\/pl\/revocation\/#breadcrumb","itemListElement":[{"@type":"ListItem","position":1,"name":"Home","item":"https:\/\/www.truzzer.com\/pl\/"},{"@type":"ListItem","position":2,"name":"Uniewa\u017cnienie"}]},{"@type":"WebSite","@id":"https:\/\/www.truzzer.com\/pl\/#website","url":"https:\/\/www.truzzer.com\/pl\/","name":"truzzer","description":"Experts for customer trust","publisher":{"@id":"https:\/\/www.truzzer.com\/pl\/#organization"},"potentialAction":[{"@type":"SearchAction","target":{"@type":"EntryPoint","urlTemplate":"https:\/\/www.truzzer.com\/pl\/?s={search_term_string}"},"query-input":{"@type":"PropertyValueSpecification","valueRequired":true,"valueName":"search_term_string"}}],"inLanguage":"pl-PL"},{"@type":"Organization","@id":"https:\/\/www.truzzer.com\/pl\/#organization","name":"truzzer","url":"https:\/\/www.truzzer.com\/pl\/","logo":{"@type":"ImageObject","inLanguage":"pl-PL","@id":"https:\/\/www.truzzer.com\/pl\/#\/schema\/logo\/image\/","url":"https:\/\/truzzer.com\/wp-content\/uploads\/2026\/01\/truzzer-logo-black-1.svg","contentUrl":"https:\/\/truzzer.com\/wp-content\/uploads\/2026\/01\/truzzer-logo-black-1.svg","width":938,"height":199,"caption":"truzzer"},"image":{"@id":"https:\/\/www.truzzer.com\/pl\/#\/schema\/logo\/image\/"}}]}},"_links":{"self":[{"href":"https:\/\/www.truzzer.com\/pl\/wp-json\/wp\/v2\/pages\/101795","targetHints":{"allow":["GET"]}}],"collection":[{"href":"https:\/\/www.truzzer.com\/pl\/wp-json\/wp\/v2\/pages"}],"about":[{"href":"https:\/\/www.truzzer.com\/pl\/wp-json\/wp\/v2\/types\/page"}],"author":[{"embeddable":true,"href":"https:\/\/www.truzzer.com\/pl\/wp-json\/wp\/v2\/users\/1"}],"replies":[{"embeddable":true,"href":"https:\/\/www.truzzer.com\/pl\/wp-json\/wp\/v2\/comments?post=101795"}],"version-history":[{"count":0,"href":"https:\/\/www.truzzer.com\/pl\/wp-json\/wp\/v2\/pages\/101795\/revisions"}],"wp:attachment":[{"href":"https:\/\/www.truzzer.com\/pl\/wp-json\/wp\/v2\/media?parent=101795"}],"curies":[{"name":"wp","href":"https:\/\/api.w.org\/{rel}","templated":true}]}}