{"id":101801,"date":"2026-02-04T15:42:54","date_gmt":"2026-02-04T15:42:54","guid":{"rendered":"https:\/\/beta.truzzer.com\/payment-methods\/"},"modified":"2026-02-13T08:24:56","modified_gmt":"2026-02-13T08:24:56","slug":"payment-methods","status":"publish","type":"page","link":"https:\/\/www.truzzer.com\/pl\/payment-methods\/","title":{"rendered":"Metody p\u0142atno\u015bci"},"content":{"rendered":"<article class=\"entry-content post-22034 typ strony-status strony-publikacja wpisu\" id=\"post-22034\">\n<p><strong><\/strong><\/p>\n<p><strong>Typy p\u0142atno\u015bci<\/strong><\/p>\n<p>Oferujemy nast\u0119puj\u0105ce rodzaje p\u0142atno\u015bci. Po prostu przejrzyj list\u0119 i znajd\u017a najlepszy dla siebie rodzaj p\u0142atno\u015bci. Koszty wysy\u0142ki mog\u0105 si\u0119 r\u00f3\u017cni\u0107 w zale\u017cno\u015bci od wybranego rodzaju p\u0142atno\u015bci. Ceny podane w poszczeg\u00f3lnych ofertach s\u0105 ostateczne i zawieraj\u0105 wszystkie sk\u0142adniki ceny (w tym wszelkie obowi\u0105zuj\u0105ce podatki, takie jak podatek od towar\u00f3w i us\u0142ug (VAT)). Inne podatki (np. te stosowane przy zakupach wewn\u0105trzwsp\u00f3lnotowych) i\/lub c\u0142a (np. c\u0142o) s\u0105 naliczane wy\u0142\u0105cznie w zwi\u0105zku z transakcjami transgranicznymi i s\u0105 p\u0142atne odpowiednim organom celnym i\/lub podatkowym, a nie sprzedaj\u0105cemu. Koszty wysy\u0142ki i dostawy nie s\u0105 wliczone w cen\u0119 zakupu i mo\u017cna je sprawdzi\u0107 na stronie \u201eKoszty wysy\u0142ki\u201d. S\u0105 one wskazane oddzielnie podczas procesu zam\u00f3wienia i nale\u017cy je ui\u015bci\u0107 dodatkowo do ceny zakupu.<\/p>\n<p><em>Amazon Pay<\/em><\/p>\n<p><em>idealny<\/em><\/p>\n<p><em>Bezpo\u015bredni przelew bankowy<\/em><\/p>\n<p>EPS<\/p>\n<\/article>\n","protected":false},"excerpt":{"rendered":"<p>Typy p\u0142atno\u015bci Oferujemy nast\u0119puj\u0105ce rodzaje p\u0142atno\u015bci. Po prostu przejrzyj list\u0119 i znajd\u017a najlepszy dla siebie rodzaj p\u0142atno\u015bci. Koszty wysy\u0142ki mog\u0105<\/p>\n","protected":false},"author":1,"featured_media":0,"parent":0,"menu_order":0,"comment_status":"closed","ping_status":"closed","template":"","meta":{"_acf_changed":false,"_yoast_wpseo_focuskw":"","_yoast_wpseo_title":"","_yoast_wpseo_metadesc":"","footnotes":""},"class_list":["post-101801","page","type-page","status-publish","hentry"],"acf":[],"yoast_head":"<!-- This site is optimized with the Yoast SEO plugin v27.0 - https:\/\/yoast.com\/product\/yoast-seo-wordpress\/ -->\n<title>Metody p\u0142atno\u015bci | truzzer<\/title>\n<meta name=\"robots\" content=\"index, follow, max-snippet:-1, max-image-preview:large, max-video-preview:-1\" \/>\n<link rel=\"canonical\" href=\"https:\/\/www.truzzer.com\/pl\/payment-methods\/\" \/>\n<meta property=\"og:locale\" content=\"pl_PL\" \/>\n<meta property=\"og:type\" content=\"article\" \/>\n<meta property=\"og:title\" content=\"Metody p\u0142atno\u015bci | truzzer\" \/>\n<meta property=\"og:description\" content=\"Typy p\u0142atno\u015bci Oferujemy nast\u0119puj\u0105ce rodzaje p\u0142atno\u015bci. Po prostu przejrzyj list\u0119 i znajd\u017a najlepszy dla siebie rodzaj p\u0142atno\u015bci. Koszty wysy\u0142ki mog\u0105\" \/>\n<meta property=\"og:url\" content=\"https:\/\/www.truzzer.com\/pl\/payment-methods\/\" \/>\n<meta property=\"og:site_name\" content=\"truzzer\" \/>\n<meta property=\"article:modified_time\" content=\"2026-02-13T08:24:56+00:00\" \/>\n<meta name=\"twitter:card\" content=\"summary_large_image\" \/>\n<meta name=\"twitter:label1\" content=\"Szacowany czas czytania\" \/>\n\t<meta name=\"twitter:data1\" content=\"1 minuta\" \/>\n<script type=\"application\/ld+json\" class=\"yoast-schema-graph\">{\"@context\":\"https:\/\/schema.org\",\"@graph\":[{\"@type\":\"WebPage\",\"@id\":\"https:\/\/www.truzzer.com\/pl\/payment-methods\/\",\"url\":\"https:\/\/www.truzzer.com\/pl\/payment-methods\/\",\"name\":\"Metody p\u0142atno\u015bci | truzzer\",\"isPartOf\":{\"@id\":\"https:\/\/www.truzzer.com\/pl\/#website\"},\"datePublished\":\"2026-02-04T15:42:54+00:00\",\"dateModified\":\"2026-02-13T08:24:56+00:00\",\"breadcrumb\":{\"@id\":\"https:\/\/www.truzzer.com\/pl\/payment-methods\/#breadcrumb\"},\"inLanguage\":\"pl-PL\",\"potentialAction\":[{\"@type\":\"ReadAction\",\"target\":[\"https:\/\/www.truzzer.com\/pl\/payment-methods\/\"]}]},{\"@type\":\"BreadcrumbList\",\"@id\":\"https:\/\/www.truzzer.com\/pl\/payment-methods\/#breadcrumb\",\"itemListElement\":[{\"@type\":\"ListItem\",\"position\":1,\"name\":\"Home\",\"item\":\"https:\/\/www.truzzer.com\/pl\/\"},{\"@type\":\"ListItem\",\"position\":2,\"name\":\"Metody p\u0142atno\u015bci\"}]},{\"@type\":\"WebSite\",\"@id\":\"https:\/\/www.truzzer.com\/pl\/#website\",\"url\":\"https:\/\/www.truzzer.com\/pl\/\",\"name\":\"truzzer\",\"description\":\"Experts for customer trust\",\"publisher\":{\"@id\":\"https:\/\/www.truzzer.com\/pl\/#organization\"},\"potentialAction\":[{\"@type\":\"SearchAction\",\"target\":{\"@type\":\"EntryPoint\",\"urlTemplate\":\"https:\/\/www.truzzer.com\/pl\/?s={search_term_string}\"},\"query-input\":{\"@type\":\"PropertyValueSpecification\",\"valueRequired\":true,\"valueName\":\"search_term_string\"}}],\"inLanguage\":\"pl-PL\"},{\"@type\":\"Organization\",\"@id\":\"https:\/\/www.truzzer.com\/pl\/#organization\",\"name\":\"truzzer\",\"url\":\"https:\/\/www.truzzer.com\/pl\/\",\"logo\":{\"@type\":\"ImageObject\",\"inLanguage\":\"pl-PL\",\"@id\":\"https:\/\/www.truzzer.com\/pl\/#\/schema\/logo\/image\/\",\"url\":\"https:\/\/truzzer.com\/wp-content\/uploads\/2026\/01\/truzzer-logo-black-1.svg\",\"contentUrl\":\"https:\/\/truzzer.com\/wp-content\/uploads\/2026\/01\/truzzer-logo-black-1.svg\",\"width\":938,\"height\":199,\"caption\":\"truzzer\"},\"image\":{\"@id\":\"https:\/\/www.truzzer.com\/pl\/#\/schema\/logo\/image\/\"}}]}<\/script>\n<!-- \/ Yoast SEO plugin. -->","yoast_head_json":{"title":"Metody p\u0142atno\u015bci | truzzer","robots":{"index":"index","follow":"follow","max-snippet":"max-snippet:-1","max-image-preview":"max-image-preview:large","max-video-preview":"max-video-preview:-1"},"canonical":"https:\/\/www.truzzer.com\/pl\/payment-methods\/","og_locale":"pl_PL","og_type":"article","og_title":"Metody p\u0142atno\u015bci | truzzer","og_description":"Typy p\u0142atno\u015bci Oferujemy nast\u0119puj\u0105ce rodzaje p\u0142atno\u015bci. Po prostu przejrzyj list\u0119 i znajd\u017a najlepszy dla siebie rodzaj p\u0142atno\u015bci. Koszty wysy\u0142ki mog\u0105","og_url":"https:\/\/www.truzzer.com\/pl\/payment-methods\/","og_site_name":"truzzer","article_modified_time":"2026-02-13T08:24:56+00:00","twitter_card":"summary_large_image","twitter_misc":{"Szacowany czas czytania":"1 minuta"},"schema":{"@context":"https:\/\/schema.org","@graph":[{"@type":"WebPage","@id":"https:\/\/www.truzzer.com\/pl\/payment-methods\/","url":"https:\/\/www.truzzer.com\/pl\/payment-methods\/","name":"Metody p\u0142atno\u015bci | truzzer","isPartOf":{"@id":"https:\/\/www.truzzer.com\/pl\/#website"},"datePublished":"2026-02-04T15:42:54+00:00","dateModified":"2026-02-13T08:24:56+00:00","breadcrumb":{"@id":"https:\/\/www.truzzer.com\/pl\/payment-methods\/#breadcrumb"},"inLanguage":"pl-PL","potentialAction":[{"@type":"ReadAction","target":["https:\/\/www.truzzer.com\/pl\/payment-methods\/"]}]},{"@type":"BreadcrumbList","@id":"https:\/\/www.truzzer.com\/pl\/payment-methods\/#breadcrumb","itemListElement":[{"@type":"ListItem","position":1,"name":"Home","item":"https:\/\/www.truzzer.com\/pl\/"},{"@type":"ListItem","position":2,"name":"Metody p\u0142atno\u015bci"}]},{"@type":"WebSite","@id":"https:\/\/www.truzzer.com\/pl\/#website","url":"https:\/\/www.truzzer.com\/pl\/","name":"truzzer","description":"Experts for customer trust","publisher":{"@id":"https:\/\/www.truzzer.com\/pl\/#organization"},"potentialAction":[{"@type":"SearchAction","target":{"@type":"EntryPoint","urlTemplate":"https:\/\/www.truzzer.com\/pl\/?s={search_term_string}"},"query-input":{"@type":"PropertyValueSpecification","valueRequired":true,"valueName":"search_term_string"}}],"inLanguage":"pl-PL"},{"@type":"Organization","@id":"https:\/\/www.truzzer.com\/pl\/#organization","name":"truzzer","url":"https:\/\/www.truzzer.com\/pl\/","logo":{"@type":"ImageObject","inLanguage":"pl-PL","@id":"https:\/\/www.truzzer.com\/pl\/#\/schema\/logo\/image\/","url":"https:\/\/truzzer.com\/wp-content\/uploads\/2026\/01\/truzzer-logo-black-1.svg","contentUrl":"https:\/\/truzzer.com\/wp-content\/uploads\/2026\/01\/truzzer-logo-black-1.svg","width":938,"height":199,"caption":"truzzer"},"image":{"@id":"https:\/\/www.truzzer.com\/pl\/#\/schema\/logo\/image\/"}}]}},"_links":{"self":[{"href":"https:\/\/www.truzzer.com\/pl\/wp-json\/wp\/v2\/pages\/101801","targetHints":{"allow":["GET"]}}],"collection":[{"href":"https:\/\/www.truzzer.com\/pl\/wp-json\/wp\/v2\/pages"}],"about":[{"href":"https:\/\/www.truzzer.com\/pl\/wp-json\/wp\/v2\/types\/page"}],"author":[{"embeddable":true,"href":"https:\/\/www.truzzer.com\/pl\/wp-json\/wp\/v2\/users\/1"}],"replies":[{"embeddable":true,"href":"https:\/\/www.truzzer.com\/pl\/wp-json\/wp\/v2\/comments?post=101801"}],"version-history":[{"count":0,"href":"https:\/\/www.truzzer.com\/pl\/wp-json\/wp\/v2\/pages\/101801\/revisions"}],"wp:attachment":[{"href":"https:\/\/www.truzzer.com\/pl\/wp-json\/wp\/v2\/media?parent=101801"}],"curies":[{"name":"wp","href":"https:\/\/api.w.org\/{rel}","templated":true}]}}