{"id":105328,"date":"2026-02-13T23:09:24","date_gmt":"2026-02-13T23:09:24","guid":{"rendered":"https:\/\/beta.truzzer.com\/zamow-naklejki-na-media-spolecznosciowe-online\/"},"modified":"2026-02-14T00:55:33","modified_gmt":"2026-02-14T00:55:33","slug":"zamow-naklejki-na-media-spolecznosciowe-online","status":"publish","type":"page","link":"https:\/\/www.truzzer.com\/pl\/zamow-naklejki-na-media-spolecznosciowe-online\/","title":{"rendered":"Zam\u00f3w naklejki na media spo\u0142eczno\u015bciowe online"},"content":{"rendered":"<div data-elementor-type=\"wp-page\" data-elementor-id=\"11000\" class=\"elementor elementor-11000\" data-elementor-post-type=\"page\">\n<section class=\"wd-negative-gap elementor-section elementor-top-section elementor-element elementor-element-4cebe9a7 elementor-section-full_width wd-section-stretch-content elementor-section-height-default elementor-section-height-default\" data-id=\"4cebe9a7\" data-element_type=\"section\">\n<div class=\"elementor-container elementor-column-gap-no\">\n<div class=\"elementor-column elementor-col-100 elementor-top-column elementor-element elementor-element-39dd7a4d\" data-id=\"39dd7a4d\" data-element_type=\"column\">\n<div class=\"elementor-widget-wrap elementor-element-populated\">\n<div class=\"elementor-element elementor-element-3f5604a7 elementor-widget elementor-widget-slider_revolution\" data-id=\"3f5604a7\" data-element_type=\"widget\" data-widget_type=\"slider_revolution.default\">\n<div class=\"elementor-widget-container\">\n<div class=\"wp-block-themepunch-revslider\">\n<p class=\"rs-p-wp-fix\">\n<p>                                <sr7-module data-alias=\"instagram-sticker-1\" data-id=\"57\" id=\"SR7_57_1\" data-version=\"6.7.35\"><br \/>\n                                    <sr7-adjuster><\/sr7-adjuster><br \/>\n                                    <sr7-content><br \/>\n                                        <sr7-slide id=\"SR7_57_1-106\" data-key=\"106\"><\/p>\n<h1 id=\"SR7_57_1-106-1\" class=\"sr7-layer\">Naklejki na media spo\u0142eczno\u015bciowe<br \/> z kodem QR<\/h1>\n<p>                                            <sr7-txt id=\"SR7_57_1-106-2\" class=\"sr7-layer\">Spersonalizowane naklejki na media spo\u0142eczno\u015bciowe z kodem QR<\/sr7-txt><br \/>\n                                            <sr7-txt id=\"SR7_57_1-106-3\" class=\"sr7-layer\">Zobacz wi\u0119cej <i class=\"fa-chevron-right\"><\/i><\/sr7-txt><br \/>\n                                        <\/sr7-slide><br \/>\n                                        <sr7-slide id=\"SR7_57_1-509\" data-key=\"509\"><br \/>\n                                        <\/sr7-slide><br \/>\n                                    <\/sr7-content><br \/>\n                                <\/sr7-module><br \/>\n                                <script>\n                                    SR7.PMH ??={}; SR7.PMH[\"SR7_57_1\"] = {cn:100,state:false,fn: function() { if (_tpt!==undefined && _tpt.prepareModuleHeight !== undefined) {  _tpt.prepareModuleHeight({id:\"SR7_57_1\",el:[768,768,960,720],type:'standard',shdw:'0',gh:[768,768,960,720],gw:[1240,1240,778,480],vpt:['-200px'],size:{fullWidth:true, fullHeight:false},mh:'0',onh:0,onw:0,bg:{color:'transparent'},plType:'-1',plColor:'#FFFFFF'});   SR7.PMH[\"SR7_57_1\"].state=true;} else if(SR7.PMH[\"SR7_57_1\"].cn-->0)\tsetTimeout( SR7.PMH[\"SR7_57_1\"].fn,19);}};SR7.PMH[\"SR7_57_1\" ].fn();\n                                <\/script>\n                            <\/div>\n<\/p><\/div>\n<\/p><\/div>\n<\/p><\/div>\n<\/p><\/div>\n<\/p><\/div>\n<\/section>\n<section class=\"elementor-section elementor-top-section elementor-element elementor-element-1f432cfc elementor-section-boxed elementor-section-height-default elementor-section-height-default\" data-id=\"1f432cfc\" data-element_type=\"section\">\n<div class=\"elementor-container elementor-column-gap-default\">\n<div class=\"elementor-column elementor-col-33 elementor-top-column elementor-element elementor-element-3b97ab8b\" data-id=\"3b97ab8b\" data-element_type=\"column\">\n<div class=\"elementor-widget-wrap elementor-element-populated\">\n<div class=\"elementor-element elementor-element-3e399c20 elementor-widget elementor-widget-wd_infobox\" data-id=\"3e399c20\" data-element_type=\"widget\" data-widget_type=\"wd_infobox.default\">\n<div class=\"elementor-widget-container\">\n<div class=\"info-box-wrapper\">\n<div class=\"wd-info-box text-center box-icon-align-top box-style-base color-scheme-\">\n<div class=\"box-icon-wrapper box-with-icon box-icon-simple\">\n<div class=\"info-box-icon\">\n                                            <img loading=\"lazy\" decoding=\"async\" width=\"512\" height=\"512\" src=\"https:\/\/www.truzzer.com\/wp-content\/uploads\/2019\/06\" class=\"attachment-40x40 size-40x40\" alt=\"\" \/>\n                                        <\/div>\n<\/p><\/div>\n<div class=\"info-box-content\">\n<div class=\"info-box-subtitle subtitle-color-default subtitle-style-default wd-fontsize-xs\" data-elementor-setting-key=\"subtitle\">\n                                            Umie\u015b\u0107 naklejki w widocznym miejscu\n                                        <\/div>\n<div class=\"info-box-inner reset-last-child\" data-elementor-setting-key=\"content\"><\/div>\n<\/p><\/div>\n<\/p><\/div>\n<\/p><\/div>\n<\/p><\/div>\n<\/p><\/div>\n<\/p><\/div>\n<\/p><\/div>\n<div class=\"elementor-column elementor-col-33 elementor-top-column elementor-element elementor-element-32eb38f8\" data-id=\"32eb38f8\" data-element_type=\"column\">\n<div class=\"elementor-widget-wrap elementor-element-populated\">\n<div class=\"elementor-element elementor-element-ea811ce elementor-widget elementor-widget-wd_infobox\" data-id=\"ea811ce\" data-element_type=\"widget\" data-widget_type=\"wd_infobox.default\">\n<div class=\"elementor-widget-container\">\n<div class=\"info-box-wrapper\">\n<div class=\"wd-info-box text-center box-icon-align-top box-style-base color-scheme-\">\n<div class=\"box-icon-wrapper box-with-icon box-icon-simple\">\n<div class=\"info-box-icon\">\n                                            <img loading=\"lazy\" decoding=\"async\" width=\"40\" height=\"40\" src=\"https:\/\/truzzer.com\/wp-content\/uploads\/2026\/02\/so-gehts-2-40x40.png\" class=\"attachment-40x40 size-40x40\" alt=\"\" srcset=\"https:\/\/truzzer.com\/wp-content\/uploads\/2026\/02\/so-gehts-2-40x40.png 40w, https:\/\/truzzer.com\/wp-content\/uploads\/2026\/02\/so-gehts-2-150x150.png 150w, https:\/\/truzzer.com\/wp-content\/uploads\/2026\/02\/so-gehts-2-300x300.png 300w, https:\/\/truzzer.com\/wp-content\/uploads\/2026\/02\/so-gehts-2-468x468.png 468w, https:\/\/truzzer.com\/wp-content\/uploads\/2026\/02\/so-gehts-2.png 512w\" sizes=\"auto, (max-width: 40px) 100vw, 40px\" \/>\n                                        <\/div>\n<\/p><\/div>\n<div class=\"info-box-content\">\n<div class=\"info-box-subtitle subtitle-color-default subtitle-style-default wd-fontsize-xs\" data-elementor-setting-key=\"subtitle\">\n                                            Klient skanuje kod QR\n                                        <\/div>\n<div class=\"info-box-inner reset-last-child\" data-elementor-setting-key=\"content\"><\/div>\n<\/p><\/div>\n<\/p><\/div>\n<\/p><\/div>\n<\/p><\/div>\n<\/p><\/div>\n<\/p><\/div>\n<\/p><\/div>\n<div class=\"elementor-column elementor-col-33 elementor-top-column elementor-element elementor-element-f468337\" data-id=\"f468337\" data-element_type=\"column\">\n<div class=\"elementor-widget-wrap elementor-element-populated\">\n<div class=\"elementor-element elementor-element-125aebb9 elementor-widget elementor-widget-wd_infobox\" data-id=\"125aebb9\" data-element_type=\"widget\" data-widget_type=\"wd_infobox.default\">\n<div class=\"elementor-widget-container\">\n<div class=\"info-box-wrapper\">\n<div class=\"wd-info-box text-center box-icon-align-top box-style-base color-scheme-\">\n<div class=\"box-icon-wrapper box-with-icon box-icon-simple\">\n<div class=\"info-box-icon\">\n                                            <img loading=\"lazy\" decoding=\"async\" width=\"40\" height=\"40\" src=\"https:\/\/truzzer.com\/wp-content\/uploads\/2026\/02\/truzzer-like-black-40x40.png\" class=\"attachment-40x40 size-40x40\" alt=\"\" srcset=\"https:\/\/truzzer.com\/wp-content\/uploads\/2026\/02\/truzzer-like-black-40x40.png 40w, https:\/\/truzzer.com\/wp-content\/uploads\/2026\/02\/truzzer-like-black-100x100.png 100w, https:\/\/truzzer.com\/wp-content\/uploads\/2026\/02\/truzzer-like-black.png 128w\" sizes=\"auto, (max-width: 40px) 100vw, 40px\" \/>\n                                        <\/div>\n<\/p><\/div>\n<div class=\"info-box-content\">\n<div class=\"info-box-subtitle subtitle-color-default subtitle-style-default wd-fontsize-xs\" data-elementor-setting-key=\"subtitle\">\n                                            Klient obserwuje Ci\u0119 \/ ocenia Ci\u0119\n                                        <\/div>\n<div class=\"info-box-inner reset-last-child\" data-elementor-setting-key=\"content\"><\/div>\n<\/p><\/div>\n<\/p><\/div>\n<\/p><\/div>\n<\/p><\/div>\n<\/p><\/div>\n<\/p><\/div>\n<\/p><\/div>\n<\/p><\/div>\n<\/section>\n<\/div>\n","protected":false},"excerpt":{"rendered":"<p>Naklejki na media spo\u0142eczno\u015bciowe z kodem QR Spersonalizowane naklejki na media spo\u0142eczno\u015bciowe z kodem QR Zobacz wi\u0119cej Umie\u015b\u0107 naklejki w<\/p>\n","protected":false},"author":1,"featured_media":0,"parent":0,"menu_order":0,"comment_status":"closed","ping_status":"closed","template":"","meta":{"_acf_changed":false,"_yoast_wpseo_focuskw":"","_yoast_wpseo_title":"","_yoast_wpseo_metadesc":"","footnotes":""},"class_list":["post-105328","page","type-page","status-publish","hentry"],"acf":[],"yoast_head":"<!-- This site is optimized with the Yoast SEO plugin v27.0 - https:\/\/yoast.com\/product\/yoast-seo-wordpress\/ -->\n<title>Zam\u00f3w naklejki na media spo\u0142eczno\u015bciowe online | truzzer<\/title>\n<meta name=\"robots\" content=\"index, follow, max-snippet:-1, max-image-preview:large, max-video-preview:-1\" \/>\n<link rel=\"canonical\" href=\"https:\/\/www.truzzer.com\/pl\/zamow-naklejki-na-media-spolecznosciowe-online\/\" \/>\n<meta property=\"og:locale\" content=\"pl_PL\" \/>\n<meta property=\"og:type\" content=\"article\" \/>\n<meta property=\"og:title\" content=\"Zam\u00f3w naklejki na media spo\u0142eczno\u015bciowe online | truzzer\" \/>\n<meta property=\"og:description\" content=\"Naklejki na media spo\u0142eczno\u015bciowe z kodem QR Spersonalizowane naklejki na media spo\u0142eczno\u015bciowe z kodem QR Zobacz wi\u0119cej Umie\u015b\u0107 naklejki w\" \/>\n<meta property=\"og:url\" content=\"https:\/\/www.truzzer.com\/pl\/zamow-naklejki-na-media-spolecznosciowe-online\/\" \/>\n<meta property=\"og:site_name\" content=\"truzzer\" \/>\n<meta property=\"article:modified_time\" content=\"2026-02-14T00:55:33+00:00\" \/>\n<meta property=\"og:image\" content=\"https:\/\/www.truzzer.com\/wp-content\/uploads\/2019\/06\" \/>\n<meta name=\"twitter:card\" content=\"summary_large_image\" \/>\n<script type=\"application\/ld+json\" class=\"yoast-schema-graph\">{\"@context\":\"https:\/\/schema.org\",\"@graph\":[{\"@type\":\"WebPage\",\"@id\":\"https:\/\/www.truzzer.com\/pl\/zamow-naklejki-na-media-spolecznosciowe-online\/\",\"url\":\"https:\/\/www.truzzer.com\/pl\/zamow-naklejki-na-media-spolecznosciowe-online\/\",\"name\":\"Zam\u00f3w naklejki na media spo\u0142eczno\u015bciowe online | truzzer\",\"isPartOf\":{\"@id\":\"https:\/\/www.truzzer.com\/pl\/#website\"},\"primaryImageOfPage\":{\"@id\":\"https:\/\/www.truzzer.com\/pl\/zamow-naklejki-na-media-spolecznosciowe-online\/#primaryimage\"},\"image\":{\"@id\":\"https:\/\/www.truzzer.com\/pl\/zamow-naklejki-na-media-spolecznosciowe-online\/#primaryimage\"},\"thumbnailUrl\":\"https:\/\/www.truzzer.com\/wp-content\/uploads\/2019\/06\",\"datePublished\":\"2026-02-13T23:09:24+00:00\",\"dateModified\":\"2026-02-14T00:55:33+00:00\",\"breadcrumb\":{\"@id\":\"https:\/\/www.truzzer.com\/pl\/zamow-naklejki-na-media-spolecznosciowe-online\/#breadcrumb\"},\"inLanguage\":\"pl-PL\",\"potentialAction\":[{\"@type\":\"ReadAction\",\"target\":[\"https:\/\/www.truzzer.com\/pl\/zamow-naklejki-na-media-spolecznosciowe-online\/\"]}]},{\"@type\":\"ImageObject\",\"inLanguage\":\"pl-PL\",\"@id\":\"https:\/\/www.truzzer.com\/pl\/zamow-naklejki-na-media-spolecznosciowe-online\/#primaryimage\",\"url\":\"https:\/\/www.truzzer.com\/wp-content\/uploads\/2019\/06\",\"contentUrl\":\"https:\/\/www.truzzer.com\/wp-content\/uploads\/2019\/06\"},{\"@type\":\"BreadcrumbList\",\"@id\":\"https:\/\/www.truzzer.com\/pl\/zamow-naklejki-na-media-spolecznosciowe-online\/#breadcrumb\",\"itemListElement\":[{\"@type\":\"ListItem\",\"position\":1,\"name\":\"Home\",\"item\":\"https:\/\/www.truzzer.com\/pl\/\"},{\"@type\":\"ListItem\",\"position\":2,\"name\":\"Zam\u00f3w naklejki na media spo\u0142eczno\u015bciowe online\"}]},{\"@type\":\"WebSite\",\"@id\":\"https:\/\/www.truzzer.com\/pl\/#website\",\"url\":\"https:\/\/www.truzzer.com\/pl\/\",\"name\":\"truzzer\",\"description\":\"Experts for customer trust\",\"publisher\":{\"@id\":\"https:\/\/www.truzzer.com\/pl\/#organization\"},\"potentialAction\":[{\"@type\":\"SearchAction\",\"target\":{\"@type\":\"EntryPoint\",\"urlTemplate\":\"https:\/\/www.truzzer.com\/pl\/?s={search_term_string}\"},\"query-input\":{\"@type\":\"PropertyValueSpecification\",\"valueRequired\":true,\"valueName\":\"search_term_string\"}}],\"inLanguage\":\"pl-PL\"},{\"@type\":\"Organization\",\"@id\":\"https:\/\/www.truzzer.com\/pl\/#organization\",\"name\":\"truzzer\",\"url\":\"https:\/\/www.truzzer.com\/pl\/\",\"logo\":{\"@type\":\"ImageObject\",\"inLanguage\":\"pl-PL\",\"@id\":\"https:\/\/www.truzzer.com\/pl\/#\/schema\/logo\/image\/\",\"url\":\"https:\/\/truzzer.com\/wp-content\/uploads\/2026\/01\/truzzer-logo-black-1.svg\",\"contentUrl\":\"https:\/\/truzzer.com\/wp-content\/uploads\/2026\/01\/truzzer-logo-black-1.svg\",\"width\":938,\"height\":199,\"caption\":\"truzzer\"},\"image\":{\"@id\":\"https:\/\/www.truzzer.com\/pl\/#\/schema\/logo\/image\/\"}}]}<\/script>\n<!-- \/ Yoast SEO plugin. -->","yoast_head_json":{"title":"Zam\u00f3w naklejki na media spo\u0142eczno\u015bciowe online | truzzer","robots":{"index":"index","follow":"follow","max-snippet":"max-snippet:-1","max-image-preview":"max-image-preview:large","max-video-preview":"max-video-preview:-1"},"canonical":"https:\/\/www.truzzer.com\/pl\/zamow-naklejki-na-media-spolecznosciowe-online\/","og_locale":"pl_PL","og_type":"article","og_title":"Zam\u00f3w naklejki na media spo\u0142eczno\u015bciowe online | truzzer","og_description":"Naklejki na media spo\u0142eczno\u015bciowe z kodem QR Spersonalizowane naklejki na media spo\u0142eczno\u015bciowe z kodem QR Zobacz wi\u0119cej Umie\u015b\u0107 naklejki w","og_url":"https:\/\/www.truzzer.com\/pl\/zamow-naklejki-na-media-spolecznosciowe-online\/","og_site_name":"truzzer","article_modified_time":"2026-02-14T00:55:33+00:00","og_image":[{"url":"https:\/\/www.truzzer.com\/wp-content\/uploads\/2019\/06","type":"","width":"","height":""}],"twitter_card":"summary_large_image","schema":{"@context":"https:\/\/schema.org","@graph":[{"@type":"WebPage","@id":"https:\/\/www.truzzer.com\/pl\/zamow-naklejki-na-media-spolecznosciowe-online\/","url":"https:\/\/www.truzzer.com\/pl\/zamow-naklejki-na-media-spolecznosciowe-online\/","name":"Zam\u00f3w naklejki na media spo\u0142eczno\u015bciowe online | truzzer","isPartOf":{"@id":"https:\/\/www.truzzer.com\/pl\/#website"},"primaryImageOfPage":{"@id":"https:\/\/www.truzzer.com\/pl\/zamow-naklejki-na-media-spolecznosciowe-online\/#primaryimage"},"image":{"@id":"https:\/\/www.truzzer.com\/pl\/zamow-naklejki-na-media-spolecznosciowe-online\/#primaryimage"},"thumbnailUrl":"https:\/\/www.truzzer.com\/wp-content\/uploads\/2019\/06","datePublished":"2026-02-13T23:09:24+00:00","dateModified":"2026-02-14T00:55:33+00:00","breadcrumb":{"@id":"https:\/\/www.truzzer.com\/pl\/zamow-naklejki-na-media-spolecznosciowe-online\/#breadcrumb"},"inLanguage":"pl-PL","potentialAction":[{"@type":"ReadAction","target":["https:\/\/www.truzzer.com\/pl\/zamow-naklejki-na-media-spolecznosciowe-online\/"]}]},{"@type":"ImageObject","inLanguage":"pl-PL","@id":"https:\/\/www.truzzer.com\/pl\/zamow-naklejki-na-media-spolecznosciowe-online\/#primaryimage","url":"https:\/\/www.truzzer.com\/wp-content\/uploads\/2019\/06","contentUrl":"https:\/\/www.truzzer.com\/wp-content\/uploads\/2019\/06"},{"@type":"BreadcrumbList","@id":"https:\/\/www.truzzer.com\/pl\/zamow-naklejki-na-media-spolecznosciowe-online\/#breadcrumb","itemListElement":[{"@type":"ListItem","position":1,"name":"Home","item":"https:\/\/www.truzzer.com\/pl\/"},{"@type":"ListItem","position":2,"name":"Zam\u00f3w naklejki na media spo\u0142eczno\u015bciowe online"}]},{"@type":"WebSite","@id":"https:\/\/www.truzzer.com\/pl\/#website","url":"https:\/\/www.truzzer.com\/pl\/","name":"truzzer","description":"Experts for customer trust","publisher":{"@id":"https:\/\/www.truzzer.com\/pl\/#organization"},"potentialAction":[{"@type":"SearchAction","target":{"@type":"EntryPoint","urlTemplate":"https:\/\/www.truzzer.com\/pl\/?s={search_term_string}"},"query-input":{"@type":"PropertyValueSpecification","valueRequired":true,"valueName":"search_term_string"}}],"inLanguage":"pl-PL"},{"@type":"Organization","@id":"https:\/\/www.truzzer.com\/pl\/#organization","name":"truzzer","url":"https:\/\/www.truzzer.com\/pl\/","logo":{"@type":"ImageObject","inLanguage":"pl-PL","@id":"https:\/\/www.truzzer.com\/pl\/#\/schema\/logo\/image\/","url":"https:\/\/truzzer.com\/wp-content\/uploads\/2026\/01\/truzzer-logo-black-1.svg","contentUrl":"https:\/\/truzzer.com\/wp-content\/uploads\/2026\/01\/truzzer-logo-black-1.svg","width":938,"height":199,"caption":"truzzer"},"image":{"@id":"https:\/\/www.truzzer.com\/pl\/#\/schema\/logo\/image\/"}}]}},"_links":{"self":[{"href":"https:\/\/www.truzzer.com\/pl\/wp-json\/wp\/v2\/pages\/105328","targetHints":{"allow":["GET"]}}],"collection":[{"href":"https:\/\/www.truzzer.com\/pl\/wp-json\/wp\/v2\/pages"}],"about":[{"href":"https:\/\/www.truzzer.com\/pl\/wp-json\/wp\/v2\/types\/page"}],"author":[{"embeddable":true,"href":"https:\/\/www.truzzer.com\/pl\/wp-json\/wp\/v2\/users\/1"}],"replies":[{"embeddable":true,"href":"https:\/\/www.truzzer.com\/pl\/wp-json\/wp\/v2\/comments?post=105328"}],"version-history":[{"count":0,"href":"https:\/\/www.truzzer.com\/pl\/wp-json\/wp\/v2\/pages\/105328\/revisions"}],"wp:attachment":[{"href":"https:\/\/www.truzzer.com\/pl\/wp-json\/wp\/v2\/media?parent=105328"}],"curies":[{"name":"wp","href":"https:\/\/api.w.org\/{rel}","templated":true}]}}