{"id":105399,"date":"2026-02-12T21:08:01","date_gmt":"2026-02-12T21:08:01","guid":{"rendered":"https:\/\/beta.truzzer.com\/wysylka-i-dostawa\/"},"modified":"2026-02-14T14:36:34","modified_gmt":"2026-02-14T14:36:34","slug":"wysylka-i-dostawa","status":"publish","type":"page","link":"https:\/\/www.truzzer.com\/pl\/wysylka-i-dostawa\/","title":{"rendered":"Wysy\u0142ka i dostawa"},"content":{"rendered":"\n<p id=\"wd-0497ba0d\" class=\"wp-block-wd-paragraph\"><strong>Ceny, koszty wysy\u0142ki i informacje o dostawie<\/strong><\/p>\n\n<p id=\"wd-d677542c\" class=\"wp-block-wd-paragraph\">Ceny podane na stronach produkt\u00f3w zawieraj\u0105 ustawowy podatek od warto\u015bci dodanej (VAT) i inne sk\u0142adniki ceny.<\/p>\n\n<p id=\"wd-ede6de23\" class=\"wp-block-wd-paragraph\">Wysy\u0142amy na adresy w Europie, USA i Kanadzie.<\/p>\n\n<p id=\"wd-9a7126c1\" class=\"wp-block-wd-paragraph\">Opr\u00f3cz podanych cen produkt\u00f3w pobieramy r\u00f3wnie\u017c zrycza\u0142towane koszty wysy\u0142ki za dostaw\u0119 na terenie:<\/p>\n\n<p id=\"wd-1a0a7c46\" class=\"wp-block-wd-paragraph\">Stany Zjednoczone (US), Kanada EUR 4,99 za zam\u00f3wienie<\/p>\n\n<p id=\"wd-e50f1d11\" class=\"wp-block-wd-paragraph\">Belgia, Dania, Francja, Niemcy, W\u0142ochy, Luksemburg, Holandia, Szwecja, Szwajcaria, Wielka Brytania (UK), Austria EUR 11,90 za zam\u00f3wienie<\/p>\n\n<p id=\"wd-9dd3ef05\" class=\"wp-block-wd-paragraph\">Finlandia, Irlandia, Norwegia, Portugalia, Hiszpania EUR 13,19 za zam\u00f3wienie<\/p>\n\n<p id=\"wd-f8761c96\" class=\"wp-block-wd-paragraph\">Bu\u0142garia, Estonia, \u0141otwa, Litwa, Polska, Rumunia, Czechy, W\u0119gry EUR 14,38 za zam\u00f3wienie<\/p>\n\n<p id=\"wd-8f79f917\" class=\"wp-block-wd-paragraph\">Grecja EUR 25,77 za zam\u00f3wienie<\/p>\n\n<p id=\"wd-0a74763f\" class=\"wp-block-wd-paragraph\">Finlandia, Irlandia, Norwegia, Portugalia, Hiszpania EUR 13,19 za zam\u00f3wienie<\/p>\n\n<p id=\"wd-53ee0a90\" class=\"wp-block-wd-paragraph\">Koszty wysy\u0142ki s\u0105 podawane podczas procesu sk\u0142adania zam\u00f3wienia i potwierdzane na stronie zam\u00f3wienia.<\/p>\n\n<p id=\"wd-ec8d50e8\" class=\"wp-block-wd-paragraph\">W przypadku tre\u015bci cyfrowych (np. e-booki, oprogramowanie itp.) nie s naliczane koszty wysyki.<\/p>\n\n<p id=\"wd-5ce13332\" class=\"wp-block-wd-paragraph\">Koszty wysy\u0142ki s\u0105 naliczane wed\u0142ug stawki rycza\u0142towej<\/p>\n\n<p id=\"wd-2636744d\" class=\"wp-block-wd-paragraph\">Stany Zjednoczone (US), Kanada 4,99 za zam\u00f3wienie<\/p>\n\n<p id=\"wd-ecd360da\" class=\"wp-block-wd-paragraph\">Belgia, Dania, Francja, Niemcy, W\u0142ochy, Luksemburg, Holandia, Szwecja, Szwajcaria, Wielka Brytania (UK), Austria EUR 11,90 za zam\u00f3wienie<\/p>\n\n<p id=\"wd-7b7af6ab\" class=\"wp-block-wd-paragraph\">Finlandia, Irlandia, Norwegia, Portugalia, Hiszpania EUR 13,19 za zam\u00f3wienie<\/p>\n\n<p id=\"wd-89dd7009\" class=\"wp-block-wd-paragraph\">Bu\u0142garia, Estonia, \u0141otwa, Litwa, Polska, Rumunia, Czechy, W\u0119gry EUR 14,38 za zam\u00f3wienie<\/p>\n\n<p id=\"wd-ff313409\" class=\"wp-block-wd-paragraph\">Grecja EUR 25,77 za zam\u00f3wienie<\/p>\n\n<p id=\"wd-5c7e595b\" class=\"wp-block-wd-paragraph\">Finlandia, Irlandia, Norwegia, Portugalia, Hiszpania EUR 13,19 za zam\u00f3wienie<\/p>\n\n<p id=\"wd-9f7fb2d6\" class=\"wp-block-wd-paragraph\">i zawieraj\u0105 ustawowy podatek od warto\u015bci dodanej (VAT). Fakt, \u017ce kwota VAT zawarta w kosztach wysy\u0142ki jest obliczana na podstawie zakupionych towar\u00f3w, oznacza, \u017ce mo\u017ce si\u0119 zmniejszy\u0107, je\u015bli zakupione towary podlegaj\u0105 ni\u017cszej stawce VAT (np. ksi\u0105\u017cki). To z kolei oznacza   <\/p>\n\n<p><\/p>\n","protected":false},"excerpt":{"rendered":"","protected":false},"author":1,"featured_media":0,"parent":0,"menu_order":0,"comment_status":"closed","ping_status":"closed","template":"","meta":{"_acf_changed":false,"_yoast_wpseo_focuskw":"","_yoast_wpseo_title":"","_yoast_wpseo_metadesc":"","footnotes":""},"class_list":["post-105399","page","type-page","status-publish","hentry"],"acf":[],"yoast_head":"<!-- This site is optimized with the Yoast SEO plugin v27.0 - https:\/\/yoast.com\/product\/yoast-seo-wordpress\/ -->\n<title>Wysy\u0142ka i dostawa | truzzer<\/title>\n<meta name=\"robots\" content=\"index, follow, max-snippet:-1, max-image-preview:large, max-video-preview:-1\" \/>\n<link rel=\"canonical\" href=\"https:\/\/www.truzzer.com\/pl\/wysylka-i-dostawa\/\" \/>\n<meta property=\"og:locale\" content=\"pl_PL\" \/>\n<meta property=\"og:type\" content=\"article\" \/>\n<meta property=\"og:title\" content=\"Wysy\u0142ka i dostawa | truzzer\" \/>\n<meta property=\"og:url\" content=\"https:\/\/www.truzzer.com\/pl\/wysylka-i-dostawa\/\" \/>\n<meta property=\"og:site_name\" content=\"truzzer\" \/>\n<meta property=\"article:modified_time\" content=\"2026-02-14T14:36:34+00:00\" \/>\n<meta name=\"twitter:card\" content=\"summary_large_image\" \/>\n<meta name=\"twitter:label1\" content=\"Szacowany czas czytania\" \/>\n\t<meta name=\"twitter:data1\" content=\"1 minuta\" \/>\n<script type=\"application\/ld+json\" class=\"yoast-schema-graph\">{\"@context\":\"https:\/\/schema.org\",\"@graph\":[{\"@type\":\"WebPage\",\"@id\":\"https:\/\/www.truzzer.com\/pl\/wysylka-i-dostawa\/\",\"url\":\"https:\/\/www.truzzer.com\/pl\/wysylka-i-dostawa\/\",\"name\":\"Wysy\u0142ka i dostawa | truzzer\",\"isPartOf\":{\"@id\":\"https:\/\/www.truzzer.com\/pl\/#website\"},\"datePublished\":\"2026-02-12T21:08:01+00:00\",\"dateModified\":\"2026-02-14T14:36:34+00:00\",\"breadcrumb\":{\"@id\":\"https:\/\/www.truzzer.com\/pl\/wysylka-i-dostawa\/#breadcrumb\"},\"inLanguage\":\"pl-PL\",\"potentialAction\":[{\"@type\":\"ReadAction\",\"target\":[\"https:\/\/www.truzzer.com\/pl\/wysylka-i-dostawa\/\"]}]},{\"@type\":\"BreadcrumbList\",\"@id\":\"https:\/\/www.truzzer.com\/pl\/wysylka-i-dostawa\/#breadcrumb\",\"itemListElement\":[{\"@type\":\"ListItem\",\"position\":1,\"name\":\"Home\",\"item\":\"https:\/\/www.truzzer.com\/pl\/\"},{\"@type\":\"ListItem\",\"position\":2,\"name\":\"Wysy\u0142ka i dostawa\"}]},{\"@type\":\"WebSite\",\"@id\":\"https:\/\/www.truzzer.com\/pl\/#website\",\"url\":\"https:\/\/www.truzzer.com\/pl\/\",\"name\":\"truzzer\",\"description\":\"Experts for customer trust\",\"publisher\":{\"@id\":\"https:\/\/www.truzzer.com\/pl\/#organization\"},\"potentialAction\":[{\"@type\":\"SearchAction\",\"target\":{\"@type\":\"EntryPoint\",\"urlTemplate\":\"https:\/\/www.truzzer.com\/pl\/?s={search_term_string}\"},\"query-input\":{\"@type\":\"PropertyValueSpecification\",\"valueRequired\":true,\"valueName\":\"search_term_string\"}}],\"inLanguage\":\"pl-PL\"},{\"@type\":\"Organization\",\"@id\":\"https:\/\/www.truzzer.com\/pl\/#organization\",\"name\":\"truzzer\",\"url\":\"https:\/\/www.truzzer.com\/pl\/\",\"logo\":{\"@type\":\"ImageObject\",\"inLanguage\":\"pl-PL\",\"@id\":\"https:\/\/www.truzzer.com\/pl\/#\/schema\/logo\/image\/\",\"url\":\"https:\/\/truzzer.com\/wp-content\/uploads\/2026\/01\/truzzer-logo-black-1.svg\",\"contentUrl\":\"https:\/\/truzzer.com\/wp-content\/uploads\/2026\/01\/truzzer-logo-black-1.svg\",\"width\":938,\"height\":199,\"caption\":\"truzzer\"},\"image\":{\"@id\":\"https:\/\/www.truzzer.com\/pl\/#\/schema\/logo\/image\/\"}}]}<\/script>\n<!-- \/ Yoast SEO plugin. -->","yoast_head_json":{"title":"Wysy\u0142ka i dostawa | truzzer","robots":{"index":"index","follow":"follow","max-snippet":"max-snippet:-1","max-image-preview":"max-image-preview:large","max-video-preview":"max-video-preview:-1"},"canonical":"https:\/\/www.truzzer.com\/pl\/wysylka-i-dostawa\/","og_locale":"pl_PL","og_type":"article","og_title":"Wysy\u0142ka i dostawa | truzzer","og_url":"https:\/\/www.truzzer.com\/pl\/wysylka-i-dostawa\/","og_site_name":"truzzer","article_modified_time":"2026-02-14T14:36:34+00:00","twitter_card":"summary_large_image","twitter_misc":{"Szacowany czas czytania":"1 minuta"},"schema":{"@context":"https:\/\/schema.org","@graph":[{"@type":"WebPage","@id":"https:\/\/www.truzzer.com\/pl\/wysylka-i-dostawa\/","url":"https:\/\/www.truzzer.com\/pl\/wysylka-i-dostawa\/","name":"Wysy\u0142ka i dostawa | truzzer","isPartOf":{"@id":"https:\/\/www.truzzer.com\/pl\/#website"},"datePublished":"2026-02-12T21:08:01+00:00","dateModified":"2026-02-14T14:36:34+00:00","breadcrumb":{"@id":"https:\/\/www.truzzer.com\/pl\/wysylka-i-dostawa\/#breadcrumb"},"inLanguage":"pl-PL","potentialAction":[{"@type":"ReadAction","target":["https:\/\/www.truzzer.com\/pl\/wysylka-i-dostawa\/"]}]},{"@type":"BreadcrumbList","@id":"https:\/\/www.truzzer.com\/pl\/wysylka-i-dostawa\/#breadcrumb","itemListElement":[{"@type":"ListItem","position":1,"name":"Home","item":"https:\/\/www.truzzer.com\/pl\/"},{"@type":"ListItem","position":2,"name":"Wysy\u0142ka i dostawa"}]},{"@type":"WebSite","@id":"https:\/\/www.truzzer.com\/pl\/#website","url":"https:\/\/www.truzzer.com\/pl\/","name":"truzzer","description":"Experts for customer trust","publisher":{"@id":"https:\/\/www.truzzer.com\/pl\/#organization"},"potentialAction":[{"@type":"SearchAction","target":{"@type":"EntryPoint","urlTemplate":"https:\/\/www.truzzer.com\/pl\/?s={search_term_string}"},"query-input":{"@type":"PropertyValueSpecification","valueRequired":true,"valueName":"search_term_string"}}],"inLanguage":"pl-PL"},{"@type":"Organization","@id":"https:\/\/www.truzzer.com\/pl\/#organization","name":"truzzer","url":"https:\/\/www.truzzer.com\/pl\/","logo":{"@type":"ImageObject","inLanguage":"pl-PL","@id":"https:\/\/www.truzzer.com\/pl\/#\/schema\/logo\/image\/","url":"https:\/\/truzzer.com\/wp-content\/uploads\/2026\/01\/truzzer-logo-black-1.svg","contentUrl":"https:\/\/truzzer.com\/wp-content\/uploads\/2026\/01\/truzzer-logo-black-1.svg","width":938,"height":199,"caption":"truzzer"},"image":{"@id":"https:\/\/www.truzzer.com\/pl\/#\/schema\/logo\/image\/"}}]}},"_links":{"self":[{"href":"https:\/\/www.truzzer.com\/pl\/wp-json\/wp\/v2\/pages\/105399","targetHints":{"allow":["GET"]}}],"collection":[{"href":"https:\/\/www.truzzer.com\/pl\/wp-json\/wp\/v2\/pages"}],"about":[{"href":"https:\/\/www.truzzer.com\/pl\/wp-json\/wp\/v2\/types\/page"}],"author":[{"embeddable":true,"href":"https:\/\/www.truzzer.com\/pl\/wp-json\/wp\/v2\/users\/1"}],"replies":[{"embeddable":true,"href":"https:\/\/www.truzzer.com\/pl\/wp-json\/wp\/v2\/comments?post=105399"}],"version-history":[{"count":0,"href":"https:\/\/www.truzzer.com\/pl\/wp-json\/wp\/v2\/pages\/105399\/revisions"}],"wp:attachment":[{"href":"https:\/\/www.truzzer.com\/pl\/wp-json\/wp\/v2\/media?parent=105399"}],"curies":[{"name":"wp","href":"https:\/\/api.w.org\/{rel}","templated":true}]}}