{"id":92399,"date":"2026-02-06T10:32:20","date_gmt":"2026-02-06T10:32:20","guid":{"rendered":"https:\/\/beta.truzzer.com\/sitemap-2\/"},"modified":"2026-02-13T08:01:21","modified_gmt":"2026-02-13T08:01:21","slug":"sitemap-2","status":"publish","type":"page","link":"https:\/\/www.truzzer.com\/pl\/sitemap-2\/","title":{"rendered":"Mapa witryny"},"content":{"rendered":"\n<div class=\"toc_sitemap\"><h3 class=\"toc_sitemap_pages\">Pages<\/h3><ul class=\"toc_sitemap_pages_list\"><li class=\"page_item page-item-105336\"><a href=\"https:\/\/www.truzzer.com\/pl\/bankingcheck\/\">BankingCheck<\/a><\/li>\n<li class=\"page_item page-item-92381\"><a href=\"https:\/\/www.truzzer.com\/pl\/blog\/\">Blog<\/a><\/li>\n<li class=\"page_item page-item-92410 current_page_parent\"><a href=\"https:\/\/www.truzzer.com\/pl\/blog-2\/\">Blog<\/a><\/li>\n<li class=\"page_item page-item-100752\"><a href=\"https:\/\/www.truzzer.com\/pl\/gy\/\">ch\u0142opak<\/a><\/li>\n<li class=\"page_item page-item-105370\"><a href=\"https:\/\/www.truzzer.com\/pl\/cyfrowa-wizytowka-dla-firm\/\">Cyfrowa wizyt\u00f3wka dla firm<\/a><\/li>\n<li class=\"page_item page-item-101780\"><a href=\"https:\/\/www.truzzer.com\/pl\/faq\/\">Cz\u0119sto zadawane pytania<\/a><\/li>\n<li class=\"page_item page-item-92367\"><a href=\"https:\/\/www.truzzer.com\/pl\/home\/\">Dom<\/a><\/li>\n<li class=\"page_item page-item-92642\"><a href=\"https:\/\/www.truzzer.com\/pl\/\">Dom<\/a><\/li>\n<li class=\"page_item page-item-101821\"><a href=\"https:\/\/www.truzzer.com\/pl\/facebook\/\">Facebook<\/a><\/li>\n<li class=\"page_item page-item-101810\"><a href=\"https:\/\/www.truzzer.com\/pl\/google\/\">Google<\/a><\/li>\n<li class=\"page_item page-item-105378\"><a href=\"https:\/\/www.truzzer.com\/pl\/google-my-business-profil-optymalizacja\/\">Google My Business Profil Optymalizacja<\/a><\/li>\n<li class=\"page_item page-item-100691\"><a href=\"https:\/\/www.truzzer.com\/pl\/gx\/\">gx<\/a><\/li>\n<li class=\"page_item page-item-101792\"><a href=\"https:\/\/www.truzzer.com\/pl\/legal-information\/\">Informacje prawne<\/a><\/li>\n<li class=\"page_item page-item-100789\"><a href=\"https:\/\/www.truzzer.com\/pl\/instagram\/\">Instagram<\/a><\/li>\n<li class=\"page_item page-item-91190\"><a href=\"https:\/\/www.truzzer.com\/pl\/kasa\/\">Kasa<\/a><\/li>\n<li class=\"page_item page-item-101768\"><a href=\"https:\/\/www.truzzer.com\/pl\/contact\/\">Kontakt<\/a><\/li>\n<li class=\"page_item page-item-91189\"><a href=\"https:\/\/www.truzzer.com\/pl\/koszyk\/\">Koszyk<\/a><\/li>\n<li class=\"page_item page-item-92487\"><a href=\"https:\/\/www.truzzer.com\/pl\/shop-by-industry\/\">Kupuj wed\u0142ug bran\u017cy<\/a><\/li>\n<li class=\"page_item page-item-101745\"><a href=\"https:\/\/www.truzzer.com\/pl\/linkedin\/\">LinkedIN<\/a><\/li>\n<li class=\"page_item page-item-92388\"><a href=\"https:\/\/www.truzzer.com\/pl\/sitemap\/\">Mapa witryny<\/a><\/li>\n<li class=\"page_item page-item-92399\"><a href=\"https:\/\/www.truzzer.com\/pl\/sitemap-2\/\">Mapa witryny<\/a><\/li>\n<li class=\"page_item page-item-101801\"><a href=\"https:\/\/www.truzzer.com\/pl\/payment-methods\/\">Metody p\u0142atno\u015bci<\/a><\/li>\n<li class=\"page_item page-item-91191\"><a href=\"https:\/\/www.truzzer.com\/pl\/moje-konto\/\">Moje konto<\/a><\/li>\n<li class=\"page_item page-item-92745\"><a href=\"https:\/\/www.truzzer.com\/pl\/about-truzzer\/\">O truzzer<\/a><\/li>\n<li class=\"page_item page-item-101840\"><a href=\"https:\/\/www.truzzer.com\/pl\/paypal\/\">PayPal<\/a><\/li>\n<li class=\"page_item page-item-101798\"><a href=\"https:\/\/www.truzzer.com\/pl\/privacy\/\">Prywatno\u015b\u0107<\/a><\/li>\n<li class=\"page_item page-item-100647\"><a href=\"https:\/\/www.truzzer.com\/pl\/sample-page\/\">Przyk\u0142adowa strona<\/a><\/li>\n<li class=\"page_item page-item-101762\"><a href=\"https:\/\/www.truzzer.com\/pl\/tripadvisor-reviews\/\">Recenzje TripAdvisor<\/a><\/li>\n<li class=\"page_item page-item-101752\"><a href=\"https:\/\/www.truzzer.com\/pl\/yelp-reviews\/\">Recenzje Yelp<\/a><\/li>\n<li class=\"page_item page-item-101804\"><a href=\"https:\/\/www.truzzer.com\/pl\/terms-and-conditions\/\">Regulamin<\/a><\/li>\n<li class=\"page_item page-item-91188\"><a href=\"https:\/\/www.truzzer.com\/pl\/sklep\/\">Sklep<\/a><\/li>\n<li class=\"page_item page-item-100665\"><a href=\"https:\/\/www.truzzer.com\/pl\/template\/\">szablon<\/a><\/li>\n<li class=\"page_item page-item-101827\"><a href=\"https:\/\/www.truzzer.com\/pl\/tiktok\/\">TikTok<\/a><\/li>\n<li class=\"page_item page-item-101795\"><a href=\"https:\/\/www.truzzer.com\/pl\/revocation\/\">Uniewa\u017cnienie<\/a><\/li>\n<li class=\"page_item page-item-105362\"><a href=\"https:\/\/www.truzzer.com\/pl\/utworz-konto-google\/\">Utw\u00f3rz konto Google<\/a><\/li>\n<li class=\"page_item page-item-101834\"><a href=\"https:\/\/www.truzzer.com\/pl\/whatsapp\/\">WhatsApp<\/a><\/li>\n<li class=\"page_item page-item-92374\"><a href=\"https:\/\/www.truzzer.com\/pl\/winkel-per-branche\/\">Winkel na oddzia\u0142<\/a><\/li>\n<li class=\"page_item page-item-105386\"><a href=\"https:\/\/www.truzzer.com\/pl\/wyswietl-nfc\/\">Wy\u015bwietl NFC<\/a><\/li>\n<li class=\"page_item page-item-105399\"><a href=\"https:\/\/www.truzzer.com\/pl\/wysylka-i-dostawa\/\">Wysy\u0142ka i dostawa<\/a><\/li>\n<li class=\"page_item page-item-105328\"><a href=\"https:\/\/www.truzzer.com\/pl\/zamow-naklejki-na-media-spolecznosciowe-online\/\">Zam\u00f3w naklejki na media spo\u0142eczno\u015bciowe online<\/a><\/li>\n<\/ul><h3 class=\"toc_sitemap_categories\">Categories<\/h3><ul class=\"toc_sitemap_categories_list\"><li class=\"cat-item-none\">Brak kategorii<\/li><\/ul><\/div>\n","protected":false},"excerpt":{"rendered":"","protected":false},"author":1,"featured_media":0,"parent":0,"menu_order":0,"comment_status":"closed","ping_status":"closed","template":"","meta":{"_acf_changed":false,"_yoast_wpseo_focuskw":"","_yoast_wpseo_title":"","_yoast_wpseo_metadesc":"","footnotes":""},"class_list":["post-92399","page","type-page","status-publish","hentry"],"acf":[],"yoast_head":"<!-- This site is optimized with the Yoast SEO plugin v27.0 - https:\/\/yoast.com\/product\/yoast-seo-wordpress\/ -->\n<title>Mapa witryny | truzzer<\/title>\n<meta name=\"robots\" content=\"index, follow, max-snippet:-1, max-image-preview:large, max-video-preview:-1\" \/>\n<link rel=\"canonical\" href=\"https:\/\/www.truzzer.com\/pl\/sitemap-2\/\" \/>\n<meta property=\"og:locale\" content=\"pl_PL\" \/>\n<meta property=\"og:type\" content=\"article\" \/>\n<meta property=\"og:title\" content=\"Mapa witryny | truzzer\" \/>\n<meta property=\"og:url\" content=\"https:\/\/www.truzzer.com\/pl\/sitemap-2\/\" \/>\n<meta property=\"og:site_name\" content=\"truzzer\" \/>\n<meta property=\"article:modified_time\" content=\"2026-02-13T08:01:21+00:00\" \/>\n<meta name=\"twitter:card\" content=\"summary_large_image\" \/>\n<script type=\"application\/ld+json\" class=\"yoast-schema-graph\">{\"@context\":\"https:\/\/schema.org\",\"@graph\":[{\"@type\":\"WebPage\",\"@id\":\"https:\/\/www.truzzer.com\/pl\/sitemap-2\/\",\"url\":\"https:\/\/www.truzzer.com\/pl\/sitemap-2\/\",\"name\":\"Mapa witryny | truzzer\",\"isPartOf\":{\"@id\":\"https:\/\/www.truzzer.com\/pl\/#website\"},\"datePublished\":\"2026-02-06T10:32:20+00:00\",\"dateModified\":\"2026-02-13T08:01:21+00:00\",\"breadcrumb\":{\"@id\":\"https:\/\/www.truzzer.com\/pl\/sitemap-2\/#breadcrumb\"},\"inLanguage\":\"pl-PL\",\"potentialAction\":[{\"@type\":\"ReadAction\",\"target\":[\"https:\/\/www.truzzer.com\/pl\/sitemap-2\/\"]}]},{\"@type\":\"BreadcrumbList\",\"@id\":\"https:\/\/www.truzzer.com\/pl\/sitemap-2\/#breadcrumb\",\"itemListElement\":[{\"@type\":\"ListItem\",\"position\":1,\"name\":\"Home\",\"item\":\"https:\/\/www.truzzer.com\/pl\/\"},{\"@type\":\"ListItem\",\"position\":2,\"name\":\"Mapa witryny\"}]},{\"@type\":\"WebSite\",\"@id\":\"https:\/\/www.truzzer.com\/pl\/#website\",\"url\":\"https:\/\/www.truzzer.com\/pl\/\",\"name\":\"truzzer\",\"description\":\"Experts for customer trust\",\"publisher\":{\"@id\":\"https:\/\/www.truzzer.com\/pl\/#organization\"},\"potentialAction\":[{\"@type\":\"SearchAction\",\"target\":{\"@type\":\"EntryPoint\",\"urlTemplate\":\"https:\/\/www.truzzer.com\/pl\/?s={search_term_string}\"},\"query-input\":{\"@type\":\"PropertyValueSpecification\",\"valueRequired\":true,\"valueName\":\"search_term_string\"}}],\"inLanguage\":\"pl-PL\"},{\"@type\":\"Organization\",\"@id\":\"https:\/\/www.truzzer.com\/pl\/#organization\",\"name\":\"truzzer\",\"url\":\"https:\/\/www.truzzer.com\/pl\/\",\"logo\":{\"@type\":\"ImageObject\",\"inLanguage\":\"pl-PL\",\"@id\":\"https:\/\/www.truzzer.com\/pl\/#\/schema\/logo\/image\/\",\"url\":\"https:\/\/truzzer.com\/wp-content\/uploads\/2026\/01\/truzzer-logo-black-1.svg\",\"contentUrl\":\"https:\/\/truzzer.com\/wp-content\/uploads\/2026\/01\/truzzer-logo-black-1.svg\",\"width\":938,\"height\":199,\"caption\":\"truzzer\"},\"image\":{\"@id\":\"https:\/\/www.truzzer.com\/pl\/#\/schema\/logo\/image\/\"}}]}<\/script>\n<!-- \/ Yoast SEO plugin. -->","yoast_head_json":{"title":"Mapa witryny | truzzer","robots":{"index":"index","follow":"follow","max-snippet":"max-snippet:-1","max-image-preview":"max-image-preview:large","max-video-preview":"max-video-preview:-1"},"canonical":"https:\/\/www.truzzer.com\/pl\/sitemap-2\/","og_locale":"pl_PL","og_type":"article","og_title":"Mapa witryny | truzzer","og_url":"https:\/\/www.truzzer.com\/pl\/sitemap-2\/","og_site_name":"truzzer","article_modified_time":"2026-02-13T08:01:21+00:00","twitter_card":"summary_large_image","schema":{"@context":"https:\/\/schema.org","@graph":[{"@type":"WebPage","@id":"https:\/\/www.truzzer.com\/pl\/sitemap-2\/","url":"https:\/\/www.truzzer.com\/pl\/sitemap-2\/","name":"Mapa witryny | truzzer","isPartOf":{"@id":"https:\/\/www.truzzer.com\/pl\/#website"},"datePublished":"2026-02-06T10:32:20+00:00","dateModified":"2026-02-13T08:01:21+00:00","breadcrumb":{"@id":"https:\/\/www.truzzer.com\/pl\/sitemap-2\/#breadcrumb"},"inLanguage":"pl-PL","potentialAction":[{"@type":"ReadAction","target":["https:\/\/www.truzzer.com\/pl\/sitemap-2\/"]}]},{"@type":"BreadcrumbList","@id":"https:\/\/www.truzzer.com\/pl\/sitemap-2\/#breadcrumb","itemListElement":[{"@type":"ListItem","position":1,"name":"Home","item":"https:\/\/www.truzzer.com\/pl\/"},{"@type":"ListItem","position":2,"name":"Mapa witryny"}]},{"@type":"WebSite","@id":"https:\/\/www.truzzer.com\/pl\/#website","url":"https:\/\/www.truzzer.com\/pl\/","name":"truzzer","description":"Experts for customer trust","publisher":{"@id":"https:\/\/www.truzzer.com\/pl\/#organization"},"potentialAction":[{"@type":"SearchAction","target":{"@type":"EntryPoint","urlTemplate":"https:\/\/www.truzzer.com\/pl\/?s={search_term_string}"},"query-input":{"@type":"PropertyValueSpecification","valueRequired":true,"valueName":"search_term_string"}}],"inLanguage":"pl-PL"},{"@type":"Organization","@id":"https:\/\/www.truzzer.com\/pl\/#organization","name":"truzzer","url":"https:\/\/www.truzzer.com\/pl\/","logo":{"@type":"ImageObject","inLanguage":"pl-PL","@id":"https:\/\/www.truzzer.com\/pl\/#\/schema\/logo\/image\/","url":"https:\/\/truzzer.com\/wp-content\/uploads\/2026\/01\/truzzer-logo-black-1.svg","contentUrl":"https:\/\/truzzer.com\/wp-content\/uploads\/2026\/01\/truzzer-logo-black-1.svg","width":938,"height":199,"caption":"truzzer"},"image":{"@id":"https:\/\/www.truzzer.com\/pl\/#\/schema\/logo\/image\/"}}]}},"_links":{"self":[{"href":"https:\/\/www.truzzer.com\/pl\/wp-json\/wp\/v2\/pages\/92399","targetHints":{"allow":["GET"]}}],"collection":[{"href":"https:\/\/www.truzzer.com\/pl\/wp-json\/wp\/v2\/pages"}],"about":[{"href":"https:\/\/www.truzzer.com\/pl\/wp-json\/wp\/v2\/types\/page"}],"author":[{"embeddable":true,"href":"https:\/\/www.truzzer.com\/pl\/wp-json\/wp\/v2\/users\/1"}],"replies":[{"embeddable":true,"href":"https:\/\/www.truzzer.com\/pl\/wp-json\/wp\/v2\/comments?post=92399"}],"version-history":[{"count":0,"href":"https:\/\/www.truzzer.com\/pl\/wp-json\/wp\/v2\/pages\/92399\/revisions"}],"wp:attachment":[{"href":"https:\/\/www.truzzer.com\/pl\/wp-json\/wp\/v2\/media?parent=92399"}],"curies":[{"name":"wp","href":"https:\/\/api.w.org\/{rel}","templated":true}]}}