{"id":100507,"date":"2026-02-01T19:55:19","date_gmt":"2026-02-01T19:55:19","guid":{"rendered":"https:\/\/beta.truzzer.com\/product\/tiktok-follower-nfc-tag-and-qr-code-table-stand\/"},"modified":"2026-02-13T08:23:52","modified_gmt":"2026-02-13T08:23:52","slug":"tiktok-follower-nfc-tag-and-qr-code-table-stand","status":"publish","type":"product","link":"https:\/\/www.truzzer.com\/pl\/produkt\/tiktok-follower-nfc-tag-and-qr-code-table-stand\/","title":{"rendered":"TikTok Element obserwuj\u0105cy NFC Tag i QR Code Stojak sto\u0142owy"},"content":{"rendered":"<p><strong>TikTok NFC Tag i QR Code Stojak sto\u0142owy \u2013 inteligentne rozwi\u0105zanie promuj\u0105ce Tw\u00f3j profil TikTok<\/strong><\/p>\n<p>W dzisiejszym cyfrowym \u015bwiecie coraz wa\u017cniejsze staje si\u0119 wykorzystywanie innowacyjnych i skutecznych metod wzmacniania swojej obecno\u015bci w Internecie. Stojak sto\u0142owy <strong>TikTok NFC Tag i QR Code<\/strong>\u00a0oferuje prosty, ale skuteczny spos\u00f3b szybkiego udost\u0119pniania swojego profilu TikTok potencjalnym obserwuj\u0105cym i klientom.<\/p>\n<h3>Co to jest stojak sto\u0142owy TikTok NFC?<\/h3>\n<p>Nasz stojak na tablic\u0119 TikTok NFC to nowoczesne i interaktywne rozwi\u0105zanie, kt\u00f3re u\u0142atwia komunikacj\u0119 mi\u0119dzy Twoj\u0105 lokalizacj\u0105 fizyczn\u0105 a cyfrowym profilem TikTok. \u0141\u0105czy zalety technologii NFC (Near Field Communication) z kodem QR, zapewniaj\u0105c u\u017cytkownikom dwa r\u00f3\u017cne sposoby natychmiastowego dost\u0119pu do Twojego profilu. Klient musi jedynie przy\u0142o\u017cy\u0107 smartfon do chipa NFC lub zeskanowa\u0107 wydrukowany kod QR. W obu przypadkach zostan\u0105 przekierowani bezpo\u015brednio do Twojego profilu TikTok \u2013 nie s\u0105 wymagane \u017cadne dodatkowe aplikacje ani skomplikowane czynno\u015bci.<\/p>\n<h3>Jak dzia\u0142a stojak sto\u0142owy TikTok NFC Tag?<\/h3>\n<p>Funkcjonalno\u015b\u0107 jest prosta i przyjazna dla u\u017cytkownika:<\/p>\n<ol>\n<li><strong>Technologia NFC:<\/strong> Smartfony obs\u0142uguj\u0105ce NFC wystarczy trzyma\u0107 w pobli\u017cu stojaka, aby rozpocz\u0105\u0107 przekierowywanie do Twojego profilu TikTok. Nie jest wymagana \u017cadna aplikacja ani dodatkowy sprz\u0119t. Klienci otrzymuj\u0105 natychmiastowy dost\u0119p do Twoich informacji lub s\u0105 przenoszeni bezpo\u015brednio do Twojego profilu.<\/li>\n<li><strong>Integracja kodu QR:<\/strong> W przypadku urz\u0105dze\u0144, kt\u00f3re nie obs\u0142uguj\u0105 NFC lub je\u015bli klient woli inn\u0105 opcj\u0119, mo\u017ce po prostu zeskanowa\u0107 zintegrowany kod QR. Ten kod QR prowadzi r\u00f3wnie\u017c bezpo\u015brednio do Twojego profilu TikTok.<\/li>\n<\/ol>\n<p>Dzi\u0119ki tej kombinacji pokrywasz wszystkie podstawy i niezwykle u\u0142atwiasz swoim klientom kontakt z Tob\u0105.<\/p>\n<h3>Dlaczego stojak sto\u0142owy TikTok NFC Tag jest niezb\u0119dnym elementem Twojej strategii marketingowej<\/h3>\n<p>W \u015bwiecie TikTok najwa\u017cniejsza jest szybko\u015b\u0107 i prostota. Ludzie chc\u0105 natychmiastowego i bezproblemowego dost\u0119pu do tre\u015bci. To tutaj b\u0142yszczy stojak sto\u0142owy TikTok NFC Tag. Dzi\u0119ki \u0142atwej obs\u0142udze i natychmiastowemu dost\u0119powi do Twojego profilu TikTok mo\u017cesz:<\/p>\n<ul>\n<li><strong>Zdob\u0105d\u017a wi\u0119cej obserwuj\u0105cych:<\/strong> u\u0142atwiaj\u0105c klientom znalezienie Twojej firmy, zwi\u0119kszasz prawdopodobie\u0144stwo, \u017ce b\u0119d\u0105 Ci\u0119 \u015bledzi\u0107 i wchodzi\u0107 w interakcj\u0119 z Twoimi tre\u015bciami.<\/li>\n<li><strong>Zwi\u0119ksz zaanga\u017cowanie:<\/strong> dzi\u0119ki szybkiemu skanowaniu lub dotkni\u0119ciu NFC Twoi klienci mog\u0105 uzyska\u0107 dost\u0119p do Twoich film\u00f3w i natychmiast wej\u015b\u0107 z Tob\u0105 w interakcj\u0119 \u2013 czy to poprzez komentarze, polubienia czy udost\u0119pnianie Twoich tre\u015bci.<\/li>\n<li><strong>Wzmocnij swoj\u0105 mark\u0119:<\/strong> Profesjonalnie zaprezentuj sw\u00f3j profil TikTok i poka\u017c swoim klientom, \u017ce jeste\u015b na bie\u017c\u0105co w cyfrowym \u015bwiecie.<\/li>\n<\/ul>\n<h3>Idealny dla firm, wydarze\u0144 i wp\u0142ywowych os\u00f3b<\/h3>\n<p>Bez wzgl\u0119du na to, czy prowadzisz firm\u0119, jeste\u015b obecny na targach lub wydarzeniu, czy po prostu chcesz zwi\u0119kszy\u0107 sw\u00f3j zasi\u0119g jako influencer, <strong>TikTok NFC Tag Table Stand<\/strong>\u00a0jest idealnym towarzyszem. Umie\u015b\u0107 go na swoim stoisku sprzeda\u017cy, w sklepie lub na wydarzeniu i daj swoim klientom mo\u017cliwo\u015b\u0107 natychmiastowej interakcji z Tob\u0105. Po\u0142\u0105czenie kodu NFC i QR dociera do szerokiego grona odbiorc\u00f3w, niezale\u017cnie od ich mo\u017cliwo\u015bci technicznych.<\/p>\n<h3>Zalety stojaka sto\u0142owego TikTok NFC w skr\u00f3cie:<\/h3>\n<ul>\n<li><strong>Natychmiastowy dost\u0119p do Twojego profilu TikTok:<\/strong> Wystarczy jedno klikni\u0119cie lub skanowanie, aby Twoi klienci zostali przekierowani do Twojego profilu TikTok.<\/li>\n<li><strong>Brak problem\u00f3w z instalacj\u0105:<\/strong> klienci nie musz\u0105 instalowa\u0107 dodatkowych aplikacji \u2014 ta technologia jest od razu gotowa do u\u017cycia.<\/li>\n<li><strong>Oszcz\u0119dno\u015b\u0107 czasu Twoich klient\u00f3w:<\/strong> szybki i \u0142atwy dost\u0119p do tre\u015bci bez d\u0142ugich poszukiwa\u0144 i pisania.<\/li>\n<li><strong>Podw\u00f3jna technologia:<\/strong> Kody NFC i QR zapewniaj\u0105 dwa sposoby zapewnienia ka\u017cdemu dost\u0119pu.<\/li>\n<li><strong>Elastyczny i wszechstronny:<\/strong> idealny do stosowania w sklepach, na targach, wydarzeniach lub jako cz\u0119\u015b\u0107 strategii marketingu cyfrowego.<\/li>\n<\/ul>\n<h3>Wniosek: Stojak sto\u0142owy TikTok NFC \u2013 Tw\u00f3j klucz do wi\u0119kszego zasi\u0119gu i sukcesu<\/h3>\n<p>W dzisiejszej epoce cyfrowej, gdzie TikTok zyskuje coraz wi\u0119ksze znaczenie, istotne jest stosowanie prostych i skutecznych sposob\u00f3w promowania swojego profilu. Dzi\u0119ki <strong>TikTok NFC Tag Table Stand<\/strong> ze zintegrowanym kodem QR oferujesz swoim klientom nowoczesny i szybki spos\u00f3b na znalezienie Ci\u0119 i interakcj\u0119 z Tob\u0105 na TikTok. Niezale\u017cnie od tego, czy chodzi o handel detaliczny, wydarzenia, czy wp\u0142ywowe \u2013 to stoisko jest idealnym narz\u0119dziem do zwi\u0119kszenia Twojej obecno\u015bci w Internecie.<\/p>\n<p>Zainwestuj teraz w <strong>TikTok NFC Tag Table Stand<\/strong> i przekonaj si\u0119, jak \u0142atwo mo\u017cna zdoby\u0107 wi\u0119cej obserwuj\u0105cych i skutecznie promowa\u0107 sw\u00f3j profil TikTok!<\/p>\n","protected":false},"excerpt":{"rendered":"<p><strong>Odkryj stojak TikTok NFC \u2013 Tw\u00f3j bezpo\u015bredni link do Twojego profilu TikTok!<\/strong><\/p>\n<p>Dzi\u0119ki naszemu stojakowi TikTok NFC odkrycie Twojego profilu nigdy nie by\u0142o \u0142atwiejsze dla Twoich klient\u00f3w. Wystarczy, \u017ce przy\u0142o\u017cy smartfon do stojaka lub zeskanuje zintegrowany kod QR \u2013 a zostanie przeniesiony bezpo\u015brednio do Twojego profilu TikTok. \u017badnego pisania, \u017cadnego wyszukiwania, po prostu szybki i inteligentny spos\u00f3b na zdobycie wi\u0119kszej liczby obserwuj\u0105cych i zaanga\u017cowanie.<\/p>\n<p>Idealny dla firm, wydarze\u0144 i ka\u017cdego, kto chce bez wysi\u0142ku promowa\u0107 swoj\u0105 obecno\u015b\u0107 TikTok. Po prostu go umie\u015b\u0107 i gotowe!<\/p>\n","protected":false},"featured_media":100517,"comment_status":"open","ping_status":"closed","template":"","meta":{"_acf_changed":false,"_yoast_wpseo_focuskw":"TikTok kod QR Stojak na st\u00f3\u0142","_yoast_wpseo_title":"TikTok Follower NFC Tag and QR Code Table Stand | truzzer","_yoast_wpseo_metadesc":"Zwi\u0119ksz zasi\u0119g TikTok z TikTok Follower NFC Tag and QR Code Table Stand od truzzer. \u0141atwa konfiguracja, gotowe do u\u017cycia. Zam\u00f3w teraz!"},"product_brand":[1679],"product_cat":[576,1507,626,1505,1506],"product_tag":[],"class_list":{"0":"post-100507","1":"product","2":"type-product","3":"status-publish","4":"has-post-thumbnail","6":"product_brand-tiktok","7":"product_cat-nfc-produkty","8":"product_cat-nfc-stojaki","9":"product_cat-obserwujacy-tiktok-produkty","10":"product_cat-obserwujacy-tiktok-stojaki-na-stol","11":"product_cat-obserwujacy-tiktok-stojaki-na-stol-z-qr-nfc","12":"pa_industry-hotel","13":"pa_industry-medische-praktijk","14":"pa_industry-restauracja-kawiarnia","15":"pa_material-acrylic","16":"pa_placement-kassa-pos","17":"pa_placement-recepcja-balie","18":"pa_placement-tafel","19":"pa_product-type-ekspozytory-i-stojaki","20":"pa_technology-nfc","21":"pa_technology-qr-nfc-2","23":"first","24":"instock","25":"taxable","26":"shipping-taxable","27":"purchasable","28":"product-type-simple"},"acf":[],"yoast_head":"<!-- This site is optimized with the Yoast SEO plugin v27.0 - https:\/\/yoast.com\/product\/yoast-seo-wordpress\/ -->\n<title>TikTok Follower NFC Tag and QR Code Table Stand | truzzer<\/title>\n<meta name=\"description\" content=\"Zwi\u0119ksz zasi\u0119g TikTok z TikTok Follower NFC Tag and QR Code Table Stand od truzzer. \u0141atwa konfiguracja, gotowe do u\u017cycia. Zam\u00f3w teraz!\" \/>\n<meta name=\"robots\" content=\"index, follow, max-snippet:-1, max-image-preview:large, max-video-preview:-1\" \/>\n<link rel=\"canonical\" href=\"https:\/\/www.truzzer.com\/pl\/produkt\/tiktok-follower-nfc-tag-and-qr-code-table-stand\/\" \/>\n<meta property=\"og:locale\" content=\"pl_PL\" \/>\n<meta property=\"og:type\" content=\"article\" \/>\n<meta property=\"og:title\" content=\"TikTok Follower NFC Tag and QR Code Table Stand | truzzer\" \/>\n<meta property=\"og:description\" content=\"Zwi\u0119ksz zasi\u0119g TikTok z TikTok Follower NFC Tag and QR Code Table Stand od truzzer. \u0141atwa konfiguracja, gotowe do u\u017cycia. Zam\u00f3w teraz!\" \/>\n<meta property=\"og:url\" content=\"https:\/\/www.truzzer.com\/pl\/produkt\/tiktok-follower-nfc-tag-and-qr-code-table-stand\/\" \/>\n<meta property=\"og:site_name\" content=\"truzzer\" \/>\n<meta property=\"article:modified_time\" content=\"2026-02-13T08:23:52+00:00\" \/>\n<meta property=\"og:image\" content=\"https:\/\/www.truzzer.com\/wp-content\/uploads\/2026\/02\/tiktok-nfc-qr-stand-silver-s-jpg-8.webp\" \/>\n\t<meta property=\"og:image:width\" content=\"1400\" \/>\n\t<meta property=\"og:image:height\" content=\"1400\" \/>\n\t<meta property=\"og:image:type\" content=\"image\/webp\" \/>\n<meta name=\"twitter:card\" content=\"summary_large_image\" \/>\n<meta name=\"twitter:label1\" content=\"Szacowany czas czytania\" \/>\n\t<meta name=\"twitter:data1\" content=\"4 minuty\" \/>\n<script type=\"application\/ld+json\" class=\"yoast-schema-graph\">{\"@context\":\"https:\/\/schema.org\",\"@graph\":[{\"@type\":\"WebPage\",\"@id\":\"https:\/\/www.truzzer.com\/pl\/produkt\/tiktok-follower-nfc-tag-and-qr-code-table-stand\/\",\"url\":\"https:\/\/www.truzzer.com\/pl\/produkt\/tiktok-follower-nfc-tag-and-qr-code-table-stand\/\",\"name\":\"TikTok Follower NFC Tag and QR Code Table Stand | truzzer\",\"isPartOf\":{\"@id\":\"https:\/\/www.truzzer.com\/pl\/#website\"},\"primaryImageOfPage\":{\"@id\":\"https:\/\/www.truzzer.com\/pl\/produkt\/tiktok-follower-nfc-tag-and-qr-code-table-stand\/#primaryimage\"},\"image\":{\"@id\":\"https:\/\/www.truzzer.com\/pl\/produkt\/tiktok-follower-nfc-tag-and-qr-code-table-stand\/#primaryimage\"},\"thumbnailUrl\":\"https:\/\/www.truzzer.com\/wp-content\/uploads\/2026\/02\/tiktok-nfc-qr-stand-silver-s-jpg-8.webp\",\"datePublished\":\"2026-02-01T19:55:19+00:00\",\"dateModified\":\"2026-02-13T08:23:52+00:00\",\"description\":\"Zwi\u0119ksz zasi\u0119g TikTok z TikTok Follower NFC Tag and QR Code Table Stand od truzzer. \u0141atwa konfiguracja, gotowe do u\u017cycia. Zam\u00f3w teraz!\",\"breadcrumb\":{\"@id\":\"https:\/\/www.truzzer.com\/pl\/produkt\/tiktok-follower-nfc-tag-and-qr-code-table-stand\/#breadcrumb\"},\"inLanguage\":\"pl-PL\",\"potentialAction\":[{\"@type\":\"ReadAction\",\"target\":[\"https:\/\/www.truzzer.com\/pl\/produkt\/tiktok-follower-nfc-tag-and-qr-code-table-stand\/\"]}]},{\"@type\":\"ImageObject\",\"inLanguage\":\"pl-PL\",\"@id\":\"https:\/\/www.truzzer.com\/pl\/produkt\/tiktok-follower-nfc-tag-and-qr-code-table-stand\/#primaryimage\",\"url\":\"https:\/\/www.truzzer.com\/wp-content\/uploads\/2026\/02\/tiktok-nfc-qr-stand-silver-s-jpg-8.webp\",\"contentUrl\":\"https:\/\/www.truzzer.com\/wp-content\/uploads\/2026\/02\/tiktok-nfc-qr-stand-silver-s-jpg-8.webp\",\"width\":1400,\"height\":1400},{\"@type\":\"BreadcrumbList\",\"@id\":\"https:\/\/www.truzzer.com\/pl\/produkt\/tiktok-follower-nfc-tag-and-qr-code-table-stand\/#breadcrumb\",\"itemListElement\":[{\"@type\":\"ListItem\",\"position\":1,\"name\":\"Home\",\"item\":\"https:\/\/www.truzzer.com\/pl\/\"},{\"@type\":\"ListItem\",\"position\":2,\"name\":\"Sklep\",\"item\":\"https:\/\/www.truzzer.com\/pl\/sklep\/\"},{\"@type\":\"ListItem\",\"position\":3,\"name\":\"TikTok Element obserwuj\u0105cy NFC Tag i QR Code Stojak sto\u0142owy\"}]},{\"@type\":\"WebSite\",\"@id\":\"https:\/\/www.truzzer.com\/pl\/#website\",\"url\":\"https:\/\/www.truzzer.com\/pl\/\",\"name\":\"truzzer\",\"description\":\"Experts for customer trust\",\"publisher\":{\"@id\":\"https:\/\/www.truzzer.com\/pl\/#organization\"},\"potentialAction\":[{\"@type\":\"SearchAction\",\"target\":{\"@type\":\"EntryPoint\",\"urlTemplate\":\"https:\/\/www.truzzer.com\/pl\/?s={search_term_string}\"},\"query-input\":{\"@type\":\"PropertyValueSpecification\",\"valueRequired\":true,\"valueName\":\"search_term_string\"}}],\"inLanguage\":\"pl-PL\"},{\"@type\":\"Organization\",\"@id\":\"https:\/\/www.truzzer.com\/pl\/#organization\",\"name\":\"truzzer\",\"url\":\"https:\/\/www.truzzer.com\/pl\/\",\"logo\":{\"@type\":\"ImageObject\",\"inLanguage\":\"pl-PL\",\"@id\":\"https:\/\/www.truzzer.com\/pl\/#\/schema\/logo\/image\/\",\"url\":\"https:\/\/truzzer.com\/wp-content\/uploads\/2026\/01\/truzzer-logo-black-1.svg\",\"contentUrl\":\"https:\/\/truzzer.com\/wp-content\/uploads\/2026\/01\/truzzer-logo-black-1.svg\",\"width\":938,\"height\":199,\"caption\":\"truzzer\"},\"image\":{\"@id\":\"https:\/\/www.truzzer.com\/pl\/#\/schema\/logo\/image\/\"}}]}<\/script>\n<!-- \/ Yoast SEO plugin. -->","yoast_head_json":{"title":"TikTok Follower NFC Tag and QR Code Table Stand | truzzer","description":"Zwi\u0119ksz zasi\u0119g TikTok z TikTok Follower NFC Tag and QR Code Table Stand od truzzer. \u0141atwa konfiguracja, gotowe do u\u017cycia. Zam\u00f3w teraz!","robots":{"index":"index","follow":"follow","max-snippet":"max-snippet:-1","max-image-preview":"max-image-preview:large","max-video-preview":"max-video-preview:-1"},"canonical":"https:\/\/www.truzzer.com\/pl\/produkt\/tiktok-follower-nfc-tag-and-qr-code-table-stand\/","og_locale":"pl_PL","og_type":"article","og_title":"TikTok Follower NFC Tag and QR Code Table Stand | truzzer","og_description":"Zwi\u0119ksz zasi\u0119g TikTok z TikTok Follower NFC Tag and QR Code Table Stand od truzzer. \u0141atwa konfiguracja, gotowe do u\u017cycia. Zam\u00f3w teraz!","og_url":"https:\/\/www.truzzer.com\/pl\/produkt\/tiktok-follower-nfc-tag-and-qr-code-table-stand\/","og_site_name":"truzzer","article_modified_time":"2026-02-13T08:23:52+00:00","og_image":[{"width":1400,"height":1400,"url":"https:\/\/www.truzzer.com\/wp-content\/uploads\/2026\/02\/tiktok-nfc-qr-stand-silver-s-jpg-8.webp","type":"image\/webp"}],"twitter_card":"summary_large_image","twitter_misc":{"Szacowany czas czytania":"4 minuty"},"schema":{"@context":"https:\/\/schema.org","@graph":[{"@type":"WebPage","@id":"https:\/\/www.truzzer.com\/pl\/produkt\/tiktok-follower-nfc-tag-and-qr-code-table-stand\/","url":"https:\/\/www.truzzer.com\/pl\/produkt\/tiktok-follower-nfc-tag-and-qr-code-table-stand\/","name":"TikTok Follower NFC Tag and QR Code Table Stand | truzzer","isPartOf":{"@id":"https:\/\/www.truzzer.com\/pl\/#website"},"primaryImageOfPage":{"@id":"https:\/\/www.truzzer.com\/pl\/produkt\/tiktok-follower-nfc-tag-and-qr-code-table-stand\/#primaryimage"},"image":{"@id":"https:\/\/www.truzzer.com\/pl\/produkt\/tiktok-follower-nfc-tag-and-qr-code-table-stand\/#primaryimage"},"thumbnailUrl":"https:\/\/www.truzzer.com\/wp-content\/uploads\/2026\/02\/tiktok-nfc-qr-stand-silver-s-jpg-8.webp","datePublished":"2026-02-01T19:55:19+00:00","dateModified":"2026-02-13T08:23:52+00:00","description":"Zwi\u0119ksz zasi\u0119g TikTok z TikTok Follower NFC Tag and QR Code Table Stand od truzzer. \u0141atwa konfiguracja, gotowe do u\u017cycia. Zam\u00f3w teraz!","breadcrumb":{"@id":"https:\/\/www.truzzer.com\/pl\/produkt\/tiktok-follower-nfc-tag-and-qr-code-table-stand\/#breadcrumb"},"inLanguage":"pl-PL","potentialAction":[{"@type":"ReadAction","target":["https:\/\/www.truzzer.com\/pl\/produkt\/tiktok-follower-nfc-tag-and-qr-code-table-stand\/"]}]},{"@type":"ImageObject","inLanguage":"pl-PL","@id":"https:\/\/www.truzzer.com\/pl\/produkt\/tiktok-follower-nfc-tag-and-qr-code-table-stand\/#primaryimage","url":"https:\/\/www.truzzer.com\/wp-content\/uploads\/2026\/02\/tiktok-nfc-qr-stand-silver-s-jpg-8.webp","contentUrl":"https:\/\/www.truzzer.com\/wp-content\/uploads\/2026\/02\/tiktok-nfc-qr-stand-silver-s-jpg-8.webp","width":1400,"height":1400},{"@type":"BreadcrumbList","@id":"https:\/\/www.truzzer.com\/pl\/produkt\/tiktok-follower-nfc-tag-and-qr-code-table-stand\/#breadcrumb","itemListElement":[{"@type":"ListItem","position":1,"name":"Home","item":"https:\/\/www.truzzer.com\/pl\/"},{"@type":"ListItem","position":2,"name":"Sklep","item":"https:\/\/www.truzzer.com\/pl\/sklep\/"},{"@type":"ListItem","position":3,"name":"TikTok Element obserwuj\u0105cy NFC Tag i QR Code Stojak sto\u0142owy"}]},{"@type":"WebSite","@id":"https:\/\/www.truzzer.com\/pl\/#website","url":"https:\/\/www.truzzer.com\/pl\/","name":"truzzer","description":"Experts for customer trust","publisher":{"@id":"https:\/\/www.truzzer.com\/pl\/#organization"},"potentialAction":[{"@type":"SearchAction","target":{"@type":"EntryPoint","urlTemplate":"https:\/\/www.truzzer.com\/pl\/?s={search_term_string}"},"query-input":{"@type":"PropertyValueSpecification","valueRequired":true,"valueName":"search_term_string"}}],"inLanguage":"pl-PL"},{"@type":"Organization","@id":"https:\/\/www.truzzer.com\/pl\/#organization","name":"truzzer","url":"https:\/\/www.truzzer.com\/pl\/","logo":{"@type":"ImageObject","inLanguage":"pl-PL","@id":"https:\/\/www.truzzer.com\/pl\/#\/schema\/logo\/image\/","url":"https:\/\/truzzer.com\/wp-content\/uploads\/2026\/01\/truzzer-logo-black-1.svg","contentUrl":"https:\/\/truzzer.com\/wp-content\/uploads\/2026\/01\/truzzer-logo-black-1.svg","width":938,"height":199,"caption":"truzzer"},"image":{"@id":"https:\/\/www.truzzer.com\/pl\/#\/schema\/logo\/image\/"}}]}},"tiered_pricing_type":"fixed","tiered_pricing_fixed_rules":[],"tiered_pricing_product_settings":{"layout":"default","base_unit_name":{"singular":null,"plural":null},"default_variation":null},"tiered_pricing_minimum_quantity":null,"tiered_pricing_roles_data":[],"tiered_pricing_percentage_rules":[],"tiered_pricing_maximum_quantity":null,"tiered_pricing_quantity_step":null,"_links":{"self":[{"href":"https:\/\/www.truzzer.com\/pl\/wp-json\/wp\/v2\/product\/100507","targetHints":{"allow":["GET"]}}],"collection":[{"href":"https:\/\/www.truzzer.com\/pl\/wp-json\/wp\/v2\/product"}],"about":[{"href":"https:\/\/www.truzzer.com\/pl\/wp-json\/wp\/v2\/types\/product"}],"replies":[{"embeddable":true,"href":"https:\/\/www.truzzer.com\/pl\/wp-json\/wp\/v2\/comments?post=100507"}],"wp:featuredmedia":[{"embeddable":true,"href":"https:\/\/www.truzzer.com\/pl\/wp-json\/wp\/v2\/media\/100517"}],"wp:attachment":[{"href":"https:\/\/www.truzzer.com\/pl\/wp-json\/wp\/v2\/media?parent=100507"}],"wp:term":[{"taxonomy":"product_brand","embeddable":true,"href":"https:\/\/www.truzzer.com\/pl\/wp-json\/wp\/v2\/product_brand?post=100507"},{"taxonomy":"product_cat","embeddable":true,"href":"https:\/\/www.truzzer.com\/pl\/wp-json\/wp\/v2\/product_cat?post=100507"},{"taxonomy":"product_tag","embeddable":true,"href":"https:\/\/www.truzzer.com\/pl\/wp-json\/wp\/v2\/product_tag?post=100507"}],"curies":[{"name":"wp","href":"https:\/\/api.w.org\/{rel}","templated":true}]}}