{"id":100520,"date":"2026-02-01T19:55:10","date_gmt":"2026-02-01T19:55:10","guid":{"rendered":"https:\/\/beta.truzzer.com\/product\/wifi-qr-code-table-stand-clean\/"},"modified":"2026-02-13T08:25:07","modified_gmt":"2026-02-13T08:25:07","slug":"wifi-qr-code-table-stand-clean","status":"publish","type":"product","link":"https:\/\/www.truzzer.com\/pl\/produkt\/wifi-qr-code-table-stand-clean\/","title":{"rendered":"WIFI QR Kod Stojak na st\u00f3\u0142 Czysty"},"content":{"rendered":"<h3>Stojak na st\u00f3\u0142 \u201eCzysty\u201d z kodem WIFI QR \u2013 nieskomplikowany dost\u0119p Wi-Fi dla Twoich klient\u00f3w<\/h3>\n<p><strong>Zapewnij swoim klientom szybki i bezproblemowy dost\u0119p do Wi-Fi dzi\u0119ki minimalistycznemu stojakowi sto\u0142owemu \u201eClean\u201d.<\/strong> \u017badnych skomplikowanych hase\u0142 i niepotrzebnych czynno\u015bci \u2013 Twoi klienci po prostu zeskanuj\u0105 przejrzy\u015bcie zaprojektowany kod QR i natychmiast b\u0119d\u0105 online. Stojak \u201eClean\u201d charakteryzuje si\u0119 szczeg\u00f3lnie prostym, nowoczesnym designem, kt\u00f3ry idealnie pasuje do ka\u017cdego otoczenia, zapewniaj\u0105c jednocze\u015bnie wysok\u0105 przyjazno\u015b\u0107 dla u\u017cytkownika.<\/p>\n<p><godz. \/><\/p>\n<h3>Co to jest \u201eczysty\u201d stojak sto\u0142owy z kodem WIFI QR?<\/h3>\n<p>Stojak na st\u00f3\u0142 \u201eClean\u201d to elegancki i prosty spos\u00f3b na zapewnienie klientom lub go\u015bciom szybkiego dost\u0119pu do sieci Wi-Fi. Ten minimalistyczny stojak p\u0142ynnie integruje si\u0119 z ka\u017cdym otoczeniem i zachwyca dyskretnym, a jednocze\u015bnie funkcjonalnym designem. Przejrzy\u015bcie umieszczony kod QR umo\u017cliwia Twoim klientom natychmiastowy dost\u0119p do Twojej sieci Wi-Fi bez konieczno\u015bci wprowadzania skomplikowanych hase\u0142. Idealny dla restauracji, kawiarni, hoteli, biur i innych firm, kt\u00f3re ceni\u0105 elegancki i przyjazny dla klienta wygl\u0105d.<\/p>\n<p><godz. \/><\/p>\n<h3>Zalety stojaka sto\u0142owego \u201eClean\u201d z kodem WIFI QR<\/h3>\n<p><strong>1. Szybki i wygodny dost\u0119p do Wi-Fi:<\/strong><\/p>\n<ul>\n<li>Twoi klienci po prostu zeskanuj\u0105 wyra\u017any kod QR za pomoc\u0105 aparatu w smartfonie i b\u0119d\u0105 bezpo\u015brednio po\u0142\u0105czeni z Wi-Fi. \u017badnych hase\u0142, \u017cadnych skomplikowanych proces\u00f3w logowania \u2013 po prostu natychmiastowe po\u0142\u0105czenia.<\/li>\n<\/ul>\n<p><strong>2. Zredukowany, elegancki wygl\u0105d:<\/strong><\/p>\n<ul>\n<li>Stojak na st\u00f3\u0142 \u201eClean\u201d dyskretnie wpasuje si\u0119 w Twoje otoczenie. Jego minimalistyczny design jest idealny dla firm, dla kt\u00f3rych priorytetem jest przejrzysty, nowoczesny wygl\u0105d. Kod QR jest wyra\u017anie widoczny i nie jest zas\u0142oni\u0119ty niepotrzebnymi elementami projektu.<\/li>\n<\/ul>\n<p><strong>3. Oszcz\u0119dno\u015b\u0107 czasu dla Ciebie i Twoich klient\u00f3w:<\/strong><\/p>\n<ul>\n<li>Dzi\u0119ki przejrzystej, przyjaznej obs\u0142udze mo\u017cna unikn\u0105\u0107 zapyta\u0144 lub pr\u00f3\u015bb o pomoc ze strony klient\u00f3w potrzebuj\u0105cych pomocy w zakresie dost\u0119pu do Wi-Fi. Wszystko zosta\u0142o zaprojektowane z my\u015bl\u0105 o prostocie i wydajno\u015bci.<\/li>\n<\/ul>\n<p><strong>4. Trwa\u0142e i wytrzyma\u0142e:<\/strong><\/p>\n<ul>\n<li>Stojak na st\u00f3\u0142 \u201eClean\u201d wykonany jest z wysokiej jako\u015bci materia\u0142\u00f3w, kt\u00f3re nie tylko wygl\u0105daj\u0105 stylowo, ale s\u0105 r\u00f3wnie\u017c wystarczaj\u0105co wytrzyma\u0142e do codziennego u\u017cytku. Niezale\u017cnie od tego, czy znajduje si\u0119 na sto\u0142ach, ladach recepcyjnych, czy na stanowiskach roboczych \u2013 jest przeznaczony do ci\u0105g\u0142ego u\u017cytku.<\/li>\n<\/ul>\n<p><strong>5. Nie jest wymagany \u017caden dodatkowy sprz\u0119t:<\/strong><\/p>\n<ul>\n<li>Podstawka \u201eClean\u201d wsp\u00f3\u0142pracuje z istniej\u0105c\u0105 sieci\u0105 Wi-Fi. Nie potrzebujesz dodatkowych urz\u0105dze\u0144 ani router\u00f3w. Kod QR kieruje Twoich klient\u00f3w bezpo\u015brednio do Twojej istniej\u0105cej sieci \u2013 bez przeszk\u00f3d technicznych.<\/li>\n<\/ul>\n<p><godz. \/><\/p>\n<h2>Dlaczego warto u\u017cywa\u0107 \u201eczystego\u201d stojaka sto\u0142owego z kodem WIFI QR?<\/h2>\n<p>W dzisiejszym \u015bwiecie klienci oczekuj\u0105 szybkiego i nieskomplikowanego dost\u0119pu do Wi-Fi, szczeg\u00f3lnie w restauracjach, kawiarniach czy obiektach u\u017cyteczno\u015bci publicznej. Dzi\u0119ki stojakowi sto\u0142owemu \u201eClean\u201d mo\u017cesz nie tylko zaoferowa\u0107 t\u0119 us\u0142ug\u0119, ale tak\u017ce zapewni\u0107, \u017ce Twoja firma pozostanie stylowa i profesjonalna. Stoisko \u201eClean\u201d \u0142\u0105czy w sobie funkcjonalno\u015b\u0107 i estetyk\u0119, zapewniaj\u0105c klientom w pe\u0142ni pozytywne do\u015bwiadczenia.<\/p>\n<p><strong>Idealny dla firm takich jak:<\/strong><\/p>\n<ul>\n<li><strong>Restauracje i amp; Kawiarnie:<\/strong> idealne do umieszczenia na stole lub blacie, aby zapewni\u0107 go\u015bciom \u0142atwy dost\u0119p do Wi-Fi.<\/li>\n<li><strong>Hotele i amp; Hostele:<\/strong> idealne do przyj\u0119\u0107 lub stref wypoczynkowych, aby zapewni\u0107 go\u015bciom natychmiastowy dost\u0119p do Internetu.<\/li>\n<li><strong>Biura i amp; Przestrzenie coworkingowe:<\/strong> Zapewnij go\u015bciom i partnerom biznesowym szybki dost\u0119p do Internetu \u2013 stylowo i profesjonalnie.<\/li>\n<li><strong>Handel detaliczny:<\/strong> zwi\u0119ksz czas przebywania klient\u00f3w, oferuj\u0105c bezpo\u015brednio bezp\u0142atn\u0105 sie\u0107 Wi-Fi.<\/li>\n<\/ul>\n<p><godz. \/><\/p>\n<h3>Jak dzia\u0142a stojak na st\u00f3\u0142 z kodem WIFI QR?<\/h3>\n<p><strong>1. \u0141atwa konfiguracja:<\/strong><\/p>\n<ul>\n<li>Umie\u015b\u0107 stojak w widocznym miejscu w swojej firmie, np. na stole, blacie lub w recepcji.<\/li>\n<\/ul>\n<p><strong>2. Zeskanuj kod QR:<\/strong><\/p>\n<ul>\n<li>Twoi klienci po prostu otwieraj\u0105 aplikacj\u0119 aparatu na swoim smartfonie, kieruj\u0105 j\u0105 na kod QR na stojaku i klikaj\u0105 powiadomienie, aby po\u0142\u0105czy\u0107 si\u0119 z Wi-Fi.<\/li>\n<\/ul>\n<p><strong>3. Natychmiastowe po\u0142\u0105czenie:<\/strong><\/p>\n<ul>\n<li>Po zeskanowaniu Twoi klienci zostan\u0105 automatycznie po\u0142\u0105czeni z Twoj\u0105 sieci\u0105 Wi-Fi bez konieczno\u015bci podawania has\u0142a lub przechodzenia przez d\u0142ugie formularze rejestracyjne.<\/li>\n<\/ul>\n<p><strong>4. Dost\u0119p Wi-Fi dla wszystkich urz\u0105dze\u0144:<\/strong><\/p>\n<ul>\n<li>W przypadku urz\u0105dze\u0144 z systemem Android i iOS po\u0142\u0105czenie zostaje nawi\u0105zane natychmiast. U\u017cytkownicy laptop\u00f3w i tablet\u00f3w mog\u0105 tak\u017ce zeskanowa\u0107 kod QR, aby r\u0119cznie wprowadzi\u0107 dane uwierzytelniaj\u0105ce Wi-Fi.<\/li>\n<\/ul>\n","protected":false},"excerpt":{"rendered":"<p><strong>Stojak na st\u00f3\u0142 \u201eClean\u201d z kodem WIFI QR \u2013 stylowy wygl\u0105d, nieskomplikowany dost\u0119p do Wi-Fi<\/strong><\/p>\n<p>Dzi\u0119ki funkcji \u201eClean\u201d stojak na st\u00f3\u0142, zaoferujesz swoim klientom szybki i \u0142atwy dost\u0119p do Wi-Fi. Czytelny kod QR pozwala Twoim go\u015bciom \u0142\u0105czy\u0107 si\u0119 bezpo\u015brednio z Wi-Fi bez skomplikowanych proces\u00f3w logowania. Wystarczy zeskanowa\u0107 aparatem w smartfonie i natychmiast po\u0142\u0105czy\u0107 si\u0119 z Internetem \u2013 nie jest wymagane has\u0142o. Stojak ten charakteryzuje si\u0119 minimalistycznym, nowoczesnym designem, kt\u00f3ry doskonale wpasowuje si\u0119 w ka\u017cde otoczenie \u2013 czy to w kawiarniach, restauracjach, hotelach czy biurach.<\/p>\n<p><strong>Zalety programu \u201eClean\u201d Stojak sto\u0142owy:<\/strong><\/p>\n<ul>\n<li><strong>Natychmiastowy dost\u0119p do Wi-Fi:<\/strong> po prostu zeskanuj kod QR i po\u0142\u0105cz si\u0119 bezpo\u015brednio z Wi-Fi \u2013 nie jest konieczne wpisywanie has\u0142a.<\/li>\n<li><strong>Elegancki i minimalistyczny design:<\/strong> idealnie pasuje do ka\u017cdego otoczenia, zapewniaj\u0105c schludny, profesjonalny wygl\u0105d.<\/li>\n<li><strong>Oszcz\u0119dno\u015b\u0107 czasu:<\/strong> Koniec z wyja\u015bnianiem szczeg\u00f3\u0142\u00f3w Wi-Fi \u2013 Twoi klienci mog\u0105 \u0142\u0105czy\u0107 si\u0119 niezale\u017cnie i szybko.<\/li>\n<li><strong>Wytrzyma\u0142y i trwa\u0142y:<\/strong> Wysokiej jako\u015bci materia\u0142y sprawiaj\u0105, \u017ce stojak idealnie nadaje si\u0119 do codziennego u\u017cytku.<\/li>\n<li><strong>Kompatybilny ze wszystkimi urz\u0105dzeniami:<\/strong> wsp\u00f3\u0142pracuje z systemami Android i iOS i wy\u015bwietla szczeg\u00f3\u0142y Wi-Fi w przypadku laptop\u00f3w.<\/li>\n<\/ul>\n<p>Dzi\u0119ki funkcji \u201eClean\u201d stojak sto\u0142owy, nie tylko zapewniasz praktyczne rozwi\u0105zanie dost\u0119pu do Wi-Fi, ale tak\u017ce tworzysz stylowe i przyjazne dla u\u017cytkownika do\u015bwiadczenie klienta.<\/p>\n","protected":false},"featured_media":100528,"comment_status":"open","ping_status":"closed","template":"","meta":{"_acf_changed":false,"_yoast_wpseo_focuskw":"WiFi kod QR Stojak na st\u00f3\u0142","_yoast_wpseo_title":"WIFI QR Code Table Stand Clean | truzzer","_yoast_wpseo_metadesc":"\u0141atwy dost\u0119p WiFi dla go\u015bci z WIFI QR Code Table Stand Clean od truzzer. \u0141atwa konfiguracja, gotowe do u\u017cycia. Zam\u00f3w teraz!"},"product_brand":[],"product_cat":[993,518,1508],"product_tag":[],"class_list":{"0":"post-100520","1":"product","2":"type-product","3":"status-publish","4":"has-post-thumbnail","6":"product_cat-kod-qr-displaye-i-stojaki","7":"product_cat-kod-qr-produkty","8":"product_cat-wifi-stojaki-na-stol-z-kodem-qr","9":"pa_industry-hotel","10":"pa_industry-medische-praktijk","11":"pa_industry-restauracja-kawiarnia","12":"pa_material-karton","13":"pa_placement-kassa-pos","14":"pa_placement-recepcja-balie","15":"pa_placement-tafel","16":"pa_product-type-ekspozytory-i-stojaki","17":"pa_technology-kod-qr","18":"pa_technology-qr-code","20":"first","21":"instock","22":"taxable","23":"shipping-taxable","24":"product-type-simple"},"acf":[],"yoast_head":"<!-- This site is optimized with the Yoast SEO plugin v27.0 - https:\/\/yoast.com\/product\/yoast-seo-wordpress\/ -->\n<title>WIFI QR Code Table Stand Clean | truzzer<\/title>\n<meta name=\"description\" content=\"\u0141atwy dost\u0119p WiFi dla go\u015bci z WIFI QR Code Table Stand Clean od truzzer. \u0141atwa konfiguracja, gotowe do u\u017cycia. Zam\u00f3w teraz!\" \/>\n<meta name=\"robots\" content=\"index, follow, max-snippet:-1, max-image-preview:large, max-video-preview:-1\" \/>\n<link rel=\"canonical\" href=\"https:\/\/www.truzzer.com\/pl\/produkt\/wifi-qr-code-table-stand-clean\/\" \/>\n<meta property=\"og:locale\" content=\"pl_PL\" \/>\n<meta property=\"og:type\" content=\"article\" \/>\n<meta property=\"og:title\" content=\"WIFI QR Code Table Stand Clean | truzzer\" \/>\n<meta property=\"og:description\" content=\"\u0141atwy dost\u0119p WiFi dla go\u015bci z WIFI QR Code Table Stand Clean od truzzer. \u0141atwa konfiguracja, gotowe do u\u017cycia. Zam\u00f3w teraz!\" \/>\n<meta property=\"og:url\" content=\"https:\/\/www.truzzer.com\/pl\/produkt\/wifi-qr-code-table-stand-clean\/\" \/>\n<meta property=\"og:site_name\" content=\"truzzer\" \/>\n<meta property=\"article:modified_time\" content=\"2026-02-13T08:25:07+00:00\" \/>\n<meta property=\"og:image\" content=\"https:\/\/www.truzzer.com\/wp-content\/uploads\/2026\/02\/empfehlio-truzzer-wifi-stand-clean-5-1200x1200-1-jpg-2.webp\" \/>\n\t<meta property=\"og:image:width\" content=\"1200\" \/>\n\t<meta property=\"og:image:height\" content=\"1200\" \/>\n\t<meta property=\"og:image:type\" content=\"image\/webp\" \/>\n<meta name=\"twitter:card\" content=\"summary_large_image\" \/>\n<meta name=\"twitter:label1\" content=\"Szacowany czas czytania\" \/>\n\t<meta name=\"twitter:data1\" content=\"4 minuty\" \/>\n<script type=\"application\/ld+json\" class=\"yoast-schema-graph\">{\"@context\":\"https:\/\/schema.org\",\"@graph\":[{\"@type\":\"WebPage\",\"@id\":\"https:\/\/www.truzzer.com\/pl\/produkt\/wifi-qr-code-table-stand-clean\/\",\"url\":\"https:\/\/www.truzzer.com\/pl\/produkt\/wifi-qr-code-table-stand-clean\/\",\"name\":\"WIFI QR Code Table Stand Clean | truzzer\",\"isPartOf\":{\"@id\":\"https:\/\/www.truzzer.com\/pl\/#website\"},\"primaryImageOfPage\":{\"@id\":\"https:\/\/www.truzzer.com\/pl\/produkt\/wifi-qr-code-table-stand-clean\/#primaryimage\"},\"image\":{\"@id\":\"https:\/\/www.truzzer.com\/pl\/produkt\/wifi-qr-code-table-stand-clean\/#primaryimage\"},\"thumbnailUrl\":\"https:\/\/www.truzzer.com\/wp-content\/uploads\/2026\/02\/empfehlio-truzzer-wifi-stand-clean-5-1200x1200-1-jpg-2.webp\",\"datePublished\":\"2026-02-01T19:55:10+00:00\",\"dateModified\":\"2026-02-13T08:25:07+00:00\",\"description\":\"\u0141atwy dost\u0119p WiFi dla go\u015bci z WIFI QR Code Table Stand Clean od truzzer. \u0141atwa konfiguracja, gotowe do u\u017cycia. Zam\u00f3w teraz!\",\"breadcrumb\":{\"@id\":\"https:\/\/www.truzzer.com\/pl\/produkt\/wifi-qr-code-table-stand-clean\/#breadcrumb\"},\"inLanguage\":\"pl-PL\",\"potentialAction\":[{\"@type\":\"ReadAction\",\"target\":[\"https:\/\/www.truzzer.com\/pl\/produkt\/wifi-qr-code-table-stand-clean\/\"]}]},{\"@type\":\"ImageObject\",\"inLanguage\":\"pl-PL\",\"@id\":\"https:\/\/www.truzzer.com\/pl\/produkt\/wifi-qr-code-table-stand-clean\/#primaryimage\",\"url\":\"https:\/\/www.truzzer.com\/wp-content\/uploads\/2026\/02\/empfehlio-truzzer-wifi-stand-clean-5-1200x1200-1-jpg-2.webp\",\"contentUrl\":\"https:\/\/www.truzzer.com\/wp-content\/uploads\/2026\/02\/empfehlio-truzzer-wifi-stand-clean-5-1200x1200-1-jpg-2.webp\",\"width\":1200,\"height\":1200},{\"@type\":\"BreadcrumbList\",\"@id\":\"https:\/\/www.truzzer.com\/pl\/produkt\/wifi-qr-code-table-stand-clean\/#breadcrumb\",\"itemListElement\":[{\"@type\":\"ListItem\",\"position\":1,\"name\":\"Home\",\"item\":\"https:\/\/www.truzzer.com\/pl\/\"},{\"@type\":\"ListItem\",\"position\":2,\"name\":\"Sklep\",\"item\":\"https:\/\/www.truzzer.com\/pl\/sklep\/\"},{\"@type\":\"ListItem\",\"position\":3,\"name\":\"WIFI QR Kod Stojak na st\u00f3\u0142 Czysty\"}]},{\"@type\":\"WebSite\",\"@id\":\"https:\/\/www.truzzer.com\/pl\/#website\",\"url\":\"https:\/\/www.truzzer.com\/pl\/\",\"name\":\"truzzer\",\"description\":\"Experts for customer trust\",\"publisher\":{\"@id\":\"https:\/\/www.truzzer.com\/pl\/#organization\"},\"potentialAction\":[{\"@type\":\"SearchAction\",\"target\":{\"@type\":\"EntryPoint\",\"urlTemplate\":\"https:\/\/www.truzzer.com\/pl\/?s={search_term_string}\"},\"query-input\":{\"@type\":\"PropertyValueSpecification\",\"valueRequired\":true,\"valueName\":\"search_term_string\"}}],\"inLanguage\":\"pl-PL\"},{\"@type\":\"Organization\",\"@id\":\"https:\/\/www.truzzer.com\/pl\/#organization\",\"name\":\"truzzer\",\"url\":\"https:\/\/www.truzzer.com\/pl\/\",\"logo\":{\"@type\":\"ImageObject\",\"inLanguage\":\"pl-PL\",\"@id\":\"https:\/\/www.truzzer.com\/pl\/#\/schema\/logo\/image\/\",\"url\":\"https:\/\/truzzer.com\/wp-content\/uploads\/2026\/01\/truzzer-logo-black-1.svg\",\"contentUrl\":\"https:\/\/truzzer.com\/wp-content\/uploads\/2026\/01\/truzzer-logo-black-1.svg\",\"width\":938,\"height\":199,\"caption\":\"truzzer\"},\"image\":{\"@id\":\"https:\/\/www.truzzer.com\/pl\/#\/schema\/logo\/image\/\"}}]}<\/script>\n<!-- \/ Yoast SEO plugin. -->","yoast_head_json":{"title":"WIFI QR Code Table Stand Clean | truzzer","description":"\u0141atwy dost\u0119p WiFi dla go\u015bci z WIFI QR Code Table Stand Clean od truzzer. \u0141atwa konfiguracja, gotowe do u\u017cycia. Zam\u00f3w teraz!","robots":{"index":"index","follow":"follow","max-snippet":"max-snippet:-1","max-image-preview":"max-image-preview:large","max-video-preview":"max-video-preview:-1"},"canonical":"https:\/\/www.truzzer.com\/pl\/produkt\/wifi-qr-code-table-stand-clean\/","og_locale":"pl_PL","og_type":"article","og_title":"WIFI QR Code Table Stand Clean | truzzer","og_description":"\u0141atwy dost\u0119p WiFi dla go\u015bci z WIFI QR Code Table Stand Clean od truzzer. \u0141atwa konfiguracja, gotowe do u\u017cycia. Zam\u00f3w teraz!","og_url":"https:\/\/www.truzzer.com\/pl\/produkt\/wifi-qr-code-table-stand-clean\/","og_site_name":"truzzer","article_modified_time":"2026-02-13T08:25:07+00:00","og_image":[{"width":1200,"height":1200,"url":"https:\/\/www.truzzer.com\/wp-content\/uploads\/2026\/02\/empfehlio-truzzer-wifi-stand-clean-5-1200x1200-1-jpg-2.webp","type":"image\/webp"}],"twitter_card":"summary_large_image","twitter_misc":{"Szacowany czas czytania":"4 minuty"},"schema":{"@context":"https:\/\/schema.org","@graph":[{"@type":"WebPage","@id":"https:\/\/www.truzzer.com\/pl\/produkt\/wifi-qr-code-table-stand-clean\/","url":"https:\/\/www.truzzer.com\/pl\/produkt\/wifi-qr-code-table-stand-clean\/","name":"WIFI QR Code Table Stand Clean | truzzer","isPartOf":{"@id":"https:\/\/www.truzzer.com\/pl\/#website"},"primaryImageOfPage":{"@id":"https:\/\/www.truzzer.com\/pl\/produkt\/wifi-qr-code-table-stand-clean\/#primaryimage"},"image":{"@id":"https:\/\/www.truzzer.com\/pl\/produkt\/wifi-qr-code-table-stand-clean\/#primaryimage"},"thumbnailUrl":"https:\/\/www.truzzer.com\/wp-content\/uploads\/2026\/02\/empfehlio-truzzer-wifi-stand-clean-5-1200x1200-1-jpg-2.webp","datePublished":"2026-02-01T19:55:10+00:00","dateModified":"2026-02-13T08:25:07+00:00","description":"\u0141atwy dost\u0119p WiFi dla go\u015bci z WIFI QR Code Table Stand Clean od truzzer. \u0141atwa konfiguracja, gotowe do u\u017cycia. Zam\u00f3w teraz!","breadcrumb":{"@id":"https:\/\/www.truzzer.com\/pl\/produkt\/wifi-qr-code-table-stand-clean\/#breadcrumb"},"inLanguage":"pl-PL","potentialAction":[{"@type":"ReadAction","target":["https:\/\/www.truzzer.com\/pl\/produkt\/wifi-qr-code-table-stand-clean\/"]}]},{"@type":"ImageObject","inLanguage":"pl-PL","@id":"https:\/\/www.truzzer.com\/pl\/produkt\/wifi-qr-code-table-stand-clean\/#primaryimage","url":"https:\/\/www.truzzer.com\/wp-content\/uploads\/2026\/02\/empfehlio-truzzer-wifi-stand-clean-5-1200x1200-1-jpg-2.webp","contentUrl":"https:\/\/www.truzzer.com\/wp-content\/uploads\/2026\/02\/empfehlio-truzzer-wifi-stand-clean-5-1200x1200-1-jpg-2.webp","width":1200,"height":1200},{"@type":"BreadcrumbList","@id":"https:\/\/www.truzzer.com\/pl\/produkt\/wifi-qr-code-table-stand-clean\/#breadcrumb","itemListElement":[{"@type":"ListItem","position":1,"name":"Home","item":"https:\/\/www.truzzer.com\/pl\/"},{"@type":"ListItem","position":2,"name":"Sklep","item":"https:\/\/www.truzzer.com\/pl\/sklep\/"},{"@type":"ListItem","position":3,"name":"WIFI QR Kod Stojak na st\u00f3\u0142 Czysty"}]},{"@type":"WebSite","@id":"https:\/\/www.truzzer.com\/pl\/#website","url":"https:\/\/www.truzzer.com\/pl\/","name":"truzzer","description":"Experts for customer trust","publisher":{"@id":"https:\/\/www.truzzer.com\/pl\/#organization"},"potentialAction":[{"@type":"SearchAction","target":{"@type":"EntryPoint","urlTemplate":"https:\/\/www.truzzer.com\/pl\/?s={search_term_string}"},"query-input":{"@type":"PropertyValueSpecification","valueRequired":true,"valueName":"search_term_string"}}],"inLanguage":"pl-PL"},{"@type":"Organization","@id":"https:\/\/www.truzzer.com\/pl\/#organization","name":"truzzer","url":"https:\/\/www.truzzer.com\/pl\/","logo":{"@type":"ImageObject","inLanguage":"pl-PL","@id":"https:\/\/www.truzzer.com\/pl\/#\/schema\/logo\/image\/","url":"https:\/\/truzzer.com\/wp-content\/uploads\/2026\/01\/truzzer-logo-black-1.svg","contentUrl":"https:\/\/truzzer.com\/wp-content\/uploads\/2026\/01\/truzzer-logo-black-1.svg","width":938,"height":199,"caption":"truzzer"},"image":{"@id":"https:\/\/www.truzzer.com\/pl\/#\/schema\/logo\/image\/"}}]}},"tiered_pricing_type":"fixed","tiered_pricing_fixed_rules":[],"tiered_pricing_product_settings":{"layout":"default","base_unit_name":{"singular":null,"plural":null},"default_variation":null},"tiered_pricing_minimum_quantity":null,"tiered_pricing_roles_data":[],"tiered_pricing_percentage_rules":[],"tiered_pricing_maximum_quantity":null,"tiered_pricing_quantity_step":null,"_links":{"self":[{"href":"https:\/\/www.truzzer.com\/pl\/wp-json\/wp\/v2\/product\/100520","targetHints":{"allow":["GET"]}}],"collection":[{"href":"https:\/\/www.truzzer.com\/pl\/wp-json\/wp\/v2\/product"}],"about":[{"href":"https:\/\/www.truzzer.com\/pl\/wp-json\/wp\/v2\/types\/product"}],"replies":[{"embeddable":true,"href":"https:\/\/www.truzzer.com\/pl\/wp-json\/wp\/v2\/comments?post=100520"}],"wp:featuredmedia":[{"embeddable":true,"href":"https:\/\/www.truzzer.com\/pl\/wp-json\/wp\/v2\/media\/100528"}],"wp:attachment":[{"href":"https:\/\/www.truzzer.com\/pl\/wp-json\/wp\/v2\/media?parent=100520"}],"wp:term":[{"taxonomy":"product_brand","embeddable":true,"href":"https:\/\/www.truzzer.com\/pl\/wp-json\/wp\/v2\/product_brand?post=100520"},{"taxonomy":"product_cat","embeddable":true,"href":"https:\/\/www.truzzer.com\/pl\/wp-json\/wp\/v2\/product_cat?post=100520"},{"taxonomy":"product_tag","embeddable":true,"href":"https:\/\/www.truzzer.com\/pl\/wp-json\/wp\/v2\/product_tag?post=100520"}],"curies":[{"name":"wp","href":"https:\/\/api.w.org\/{rel}","templated":true}]}}