{"id":100532,"date":"2026-02-01T19:55:02","date_gmt":"2026-02-01T19:55:02","guid":{"rendered":"https:\/\/beta.truzzer.com\/product\/wifi-qr-code-table-stand-bold\/"},"modified":"2026-02-13T08:26:20","modified_gmt":"2026-02-13T08:26:20","slug":"wifi-qr-code-table-stand-bold","status":"publish","type":"product","link":"https:\/\/www.truzzer.com\/pl\/produkt\/wifi-qr-code-table-stand-bold\/","title":{"rendered":"WIFI QR Kod Stojak sto\u0142owy Pogrubiony"},"content":{"rendered":"<h3>Statyw sto\u0142owy z kodem WIFI QR \u2013 najprostszy spos\u00f3b na zapewnienie swoim klientom Wi-Fi<\/h3>\n<p><strong>Zaoferuj swoim klientom naj\u0142atwiejszy i najszybszy dost\u0119p do Wi-Fi dzi\u0119ki naszemu praktycznemu stojakowi sto\u0142owemu z kodem WIFI QR.<\/strong> Bez konieczno\u015bci wpisywania hase\u0142 i niepotrzebnych przeszk\u00f3d \u2013 Twoi klienci po prostu zeskanuj\u0105 kod QR za pomoc\u0105 aparatu w smartfonie i w ci\u0105gu kilku sekund b\u0119d\u0105 online. To stoisko jest idealnym rozwi\u0105zaniem dla firm, kt\u00f3re chc\u0105 zapewni\u0107 swoim go\u015bciom lub klientom przyjazn\u0105 dla u\u017cytkownika i natychmiastow\u0105 dost\u0119pno\u015b\u0107 Wi-Fi.<\/p>\n<p><godz. \/><\/p>\n<h3>Co to jest stojak sto\u0142owy z kodem WIFI QR?<\/h3>\n<p>Stojak na st\u00f3\u0142 z kodem WIFI QR to innowacyjny i prosty produkt zaprojektowany, aby zapewni\u0107 Twoim klientom lub go\u015bciom szybki dost\u0119p do Twojej sieci Wi-Fi. Jest to idealne rozwi\u0105zanie dla restauracji, kawiarni, hoteli, biur, poczekalni, studi\u00f3w fitness, salon\u00f3w fryzjerskich i innych rodzaj\u00f3w firm, kt\u00f3re chc\u0105 zapewni\u0107 swoim go\u015bciom przyjemne do\u015bwiadczenie Wi-Fi. Na stojaku wyra\u017anie widoczny jest kod QR, kt\u00f3ry klienci mog\u0105 po prostu zeskanowa\u0107 smartfonem, aby automatycznie po\u0142\u0105czy\u0107 si\u0119 z sieci\u0105 Wi-Fi \u2013 has\u0142o nie jest wymagane!<\/p>\n<p><godz. \/><\/p>\n<h3>Zalety stojaka sto\u0142owego z kodem WIFI QR<\/h3>\n<p><strong>1. Natychmiastowy dost\u0119p do Wi-Fi:<\/strong><\/p>\n<ul>\n<li>Twoi klienci mog\u0105 natychmiast i bez \u017cadnych problem\u00f3w po\u0142\u0105czy\u0107 si\u0119 z Twoj\u0105 sieci\u0105 Wi-Fi. Skanuj\u0105c kod QR na stojaku za pomoc\u0105 aparatu w smartfonie, unikaj\u0105 konieczno\u015bci r\u0119cznego wpisywania d\u0142ugich i skomplikowanych hase\u0142. To nie tylko poprawia jako\u015b\u0107 obs\u0142ugi klienta, ale tak\u017ce zwi\u0119ksza prawdopodobie\u0144stwo, \u017ce Twoi klienci zostan\u0105 d\u0142u\u017cej i b\u0119d\u0105 cz\u0119\u015bciej korzysta\u0107 z Twoich us\u0142ug.<\/li>\n<\/ul>\n<p><strong>2. \u0141atwa obs\u0142uga na wszystkich urz\u0105dzeniach:<\/strong><\/p>\n<ul>\n<li>Kod QR dzia\u0142a na urz\u0105dzeniach z systemem Android i iOS (iPhone). U\u017cytkownicy musz\u0105 po prostu otworzy\u0107 aplikacj\u0119 aparatu i zeskanowa\u0107 kod. To natychmiast zapewnia im po\u0142\u0105czenie z Wi-Fi, kt\u00f3re mog\u0105 potwierdzi\u0107 jednym klikni\u0119ciem. U\u017cytkownicy laptop\u00f3w i tablet\u00f3w mog\u0105 r\u00f3wnie\u017c skorzysta\u0107, skanuj\u0105c kod i r\u0119cznie wprowadzaj\u0105c dane uwierzytelniaj\u0105ce Wi-Fi.<\/li>\n<\/ul>\n<p><strong>3. Przyjazny dla u\u017cytkownika i oszcz\u0119dzaj\u0105cy czas:<\/strong><\/p>\n<ul>\n<li>Stojak eliminuje niepotrzebne procesy logowania i zmniejsza wysi\u0142ek Twoich klient\u00f3w, zapewniaj\u0105c p\u0142ynne po\u0142\u0105czenie Wi-Fi. To nie tylko oszcz\u0119dza czas, ale tak\u017ce pozwala Twoim pracownikom skoncentrowa\u0107 si\u0119 na swoich podstawowych zadaniach, poniewa\u017c nie musz\u0105 ju\u017c odpowiada\u0107 na indywidualne pro\u015bby o dost\u0119p do Wi-Fi.<\/li>\n<\/ul>\n<p><strong>4. Profesjonalny i nowoczesny design:<\/strong><\/p>\n<ul>\n<li>Stojak na st\u00f3\u0142 jest nie tylko funkcjonalny, ale tak\u017ce atrakcyjny wizualnie. Jego elegancki, nowoczesny design doskonale komponuje si\u0119 z estetyk\u0105 ka\u017cdej firmy lub restauracji, zachowuj\u0105c jednocze\u015bnie profesjonalny wygl\u0105d. Kod QR jest wyra\u017anie widoczny, co u\u0142atwia klientom znalezienie i zeskanowanie.<\/li>\n<\/ul>\n<p><strong>5. Trwa\u0142y materia\u0142 do codziennego u\u017cytku:<\/strong><\/p>\n<ul>\n<li>Stojak wykonany jest z wysokiej jako\u015bci, trwa\u0142ych materia\u0142\u00f3w, dzi\u0119ki czemu idealnie nadaje si\u0119 do codziennego u\u017cytku w miejscach o du\u017cym nat\u0119\u017ceniu ruchu. Niezale\u017cnie od tego, czy stoisz na sto\u0142ach restauracyjnych, w recepcji, czy w biurze, stojak jest solidny i trwa\u0142y.<\/li>\n<\/ul>\n<p><strong>6. Nie jest wymagany \u017caden dodatkowy sprz\u0119t ani skomplikowana konfiguracja:<\/strong><\/p>\n<ul>\n<li>Stojak na st\u00f3\u0142 z kodem WIFI QR wsp\u00f3\u0142pracuje z istniej\u0105c\u0105 sieci\u0105 Wi-Fi. Nie ma potrzeby kupowania dodatkowego sprz\u0119tu ani dostosowywania skomplikowanych ustawie\u0144 sieciowych. Kod QR wystarczy wydrukowa\u0107 na stojaku, a Twoi klienci mog\u0105 od razu po\u0142\u0105czy\u0107 si\u0119 z Twoj\u0105 sieci\u0105.<\/li>\n<\/ul>\n<p><godz. \/><\/p>\n<h3>Dlaczego warto u\u017cywa\u0107 stojaka sto\u0142owego z kodem WIFI QR?<\/h3>\n<p>W coraz bardziej cyfrowym \u015bwiecie klienci oczekuj\u0105 szybkiego i \u0142atwego dost\u0119pu do Internetu, gdziekolwiek si\u0119 znajduj\u0105. Oferuj\u0105c bezp\u0142atn\u0105 sie\u0107 Wi-Fi w swojej firmie, nie tylko zapewniasz klientom przyjemn\u0105 obs\u0142ug\u0119, ale tak\u017ce zwi\u0119kszasz ich utrzymanie i satysfakcj\u0119. Stojak sto\u0142owy z WIFI QR Kod z Truzzer to idealne rozwi\u0105zanie, aby oferowa\u0107 t\u0119 us\u0142ug\u0119 w najbardziej efektywny mo\u017cliwy spos\u00f3b..<\/p>\n<p><strong>Idealne firmy na stojak na st\u00f3\u0142 z kodem WIFI QR?<\/strong><\/p>\n<ul>\n<li><strong>Restauracje i kawiarnie:<\/strong> klienci mog\u0105 szybko uzyska\u0107 dost\u0119p do Wi-Fi podczas oczekiwania na zam\u00f3wienie, co prowadzi do wi\u0119kszego zadowolenia klient\u00f3w.<\/li>\n<li><strong>Hotele:<\/strong> Zapewnij swoim go\u015bciom \u0142atwy dost\u0119p do Internetu w holu lub sali \u015bniadaniowej.<\/li>\n<li><strong>Biura i poczekalnie:<\/strong> stw\u00f3rz przyjazne \u015brodowisko dla go\u015bci lub klient\u00f3w oczekuj\u0105cych na spotkania lub spotkania.<\/li>\n<li><strong>Sklepy detaliczne:<\/strong> Pozw\u00f3l swoim klientom pozosta\u0107 w kontakcie podczas przegl\u0105dania Twojego sklepu.<\/li>\n<li><strong>Salony fryzjerskie i studia fitness:<\/strong> Zadbaj o to, aby Twoi klienci mogli z \u0142atwo\u015bci\u0105 przegl\u0105da\u0107 Internet podczas wizyty.<\/li>\n<\/ul>\n<p><godz. \/><\/p>\n<h3>Jak dzia\u0142a stojak na st\u00f3\u0142 z kodem WIFI QR?<\/h3>\n<p><strong>1. \u0141atwa konfiguracja:<\/strong><\/p>\n<ul>\n<li>Umie\u015b\u0107 stojak w widocznym miejscu w swojej firmie, np. na stole, blacie lub w recepcji.<\/li>\n<\/ul>\n<p><strong>2. Zeskanuj kod QR:<\/strong><\/p>\n<ul>\n<li>Twoi klienci po prostu otwieraj\u0105 aplikacj\u0119 aparatu na swoim smartfonie, kieruj\u0105 j\u0105 na kod QR na stojaku i klikaj\u0105 powiadomienie, aby po\u0142\u0105czy\u0107 si\u0119 z Wi-Fi.<\/li>\n<\/ul>\n<p><strong>3. Natychmiastowe po\u0142\u0105czenie:<\/strong><\/p>\n<ul>\n<li>Po zeskanowaniu Twoi klienci zostan\u0105 automatycznie po\u0142\u0105czeni z Twoj\u0105 sieci\u0105 Wi-Fi bez konieczno\u015bci podawania has\u0142a lub przechodzenia przez d\u0142ugie formularze rejestracyjne.<\/li>\n<\/ul>\n<p><strong>4. Dost\u0119p Wi-Fi dla wszystkich urz\u0105dze\u0144:<\/strong><\/p>\n<ul>\n<li>W przypadku urz\u0105dze\u0144 z systemem Android i iOS po\u0142\u0105czenie zostaje nawi\u0105zane natychmiast. U\u017cytkownicy laptop\u00f3w i tablet\u00f3w mog\u0105 tak\u017ce zeskanowa\u0107 kod QR, aby r\u0119cznie wprowadzi\u0107 dane uwierzytelniaj\u0105ce Wi-Fi.<\/li>\n<\/ul>\n","protected":false},"excerpt":{"rendered":"<h3>Statyw sto\u0142owy z kodem WIFI QR \u2013 proste Wi-Fi dla Twoich klient\u00f3w<\/h3>\n<p><strong>Zapewnij bezproblemow\u0105 \u0142\u0105czno\u015b\u0107 Wi-Fi w swojej firmie dzi\u0119ki naszemu stojakowi sto\u0142owemu z kodem WIFI QR.<\/strong><\/p>\n<p>Dzi\u0119ki temu eleganckiemu i praktycznemu stojakowi umo\u017cliwiasz swoim klientom natychmiastowy dost\u0119p do sieci Wi-Fi. Wystarczy, \u017ce zeskanuj\u0105 wyra\u017anie widoczny kod QR za pomoc\u0105 aparatu w smartfonie. Nigdy wi\u0119cej \u017cmudnego wpisywania has\u0142a i skomplikowanych proces\u00f3w logowania! Twoi klienci b\u0119d\u0105 online w ci\u0105gu kilku sekund.<\/p>\n<p><strong>Funkcje:<\/strong><\/p>\n<ul>\n<li><strong>Natychmiastowe po\u0142\u0105czenie Wi-Fi:<\/strong> \u0141atwe po\u0142\u0105czenie poprzez zeskanowanie kodu QR aparatem smartfona.<\/li>\n<li><strong>Smuk\u0142y i nowoczesny design:<\/strong> stojak p\u0142ynnie wtapia si\u0119 w ka\u017cde otoczenie \u2013 idealnie nadaje si\u0119 do kawiarni, restauracji, biur, hoteli i sklep\u00f3w.<\/li>\n<li><strong>Przyjazny dla u\u017cytkownika:<\/strong> has\u0142o nie jest wymagane; kod QR prowadzi bezpo\u015brednio do po\u0142\u0105czenia Wi-Fi.<\/li>\n<li><strong>Trwa\u0142e materia\u0142y:<\/strong> stojak na st\u00f3\u0142 jest trwa\u0142y i solidny, idealny do codziennego u\u017cytku.<\/li>\n<li><strong>Wszechstronne zastosowanie:<\/strong> idealne do sto\u0142\u00f3w, lad lub recepcji.<\/li>\n<\/ul>\n<p><strong>Jak to dzia\u0142a:<\/strong><\/p>\n<ol>\n<li>Umie\u015b\u0107 stojak na st\u00f3\u0142 w widocznym miejscu.<\/li>\n<li>Twoi klienci skanuj\u0105 kod QR za pomoc\u0105 aparatu w smartfonie.<\/li>\n<li>Po zeskanowaniu natychmiast \u0142\u0105cz\u0105 si\u0119 z Twoj\u0105 sieci\u0105 Wi-Fi \u2013 szybko, bezpiecznie i wygodnie.<\/li>\n<\/ol>\n","protected":false},"featured_media":100540,"comment_status":"open","ping_status":"closed","template":"","meta":{"_acf_changed":false,"_yoast_wpseo_focuskw":"WiFi kod QR Stojak na st\u00f3\u0142","_yoast_wpseo_title":"WIFI QR Code Table Stand Bold | truzzer","_yoast_wpseo_metadesc":"\u0141atwy dost\u0119p WiFi dla go\u015bci z WIFI QR Code Table Stand Bold od truzzer. \u0141atwa konfiguracja, gotowe do u\u017cycia. Zam\u00f3w teraz!"},"product_brand":[],"product_cat":[993,518,1508],"product_tag":[],"class_list":{"0":"post-100532","1":"product","2":"type-product","3":"status-publish","4":"has-post-thumbnail","6":"product_cat-kod-qr-displaye-i-stojaki","7":"product_cat-kod-qr-produkty","8":"product_cat-wifi-stojaki-na-stol-z-kodem-qr","9":"pa_industry-hotel","10":"pa_industry-medische-praktijk","11":"pa_industry-restauracja-kawiarnia","12":"pa_material-karton","13":"pa_placement-kassa-pos","14":"pa_placement-recepcja-balie","15":"pa_placement-tafel","16":"pa_product-type-ekspozytory-i-stojaki","17":"pa_technology-kod-qr","18":"pa_technology-qr-code","20":"first","21":"instock","22":"taxable","23":"shipping-taxable","24":"product-type-simple"},"acf":[],"yoast_head":"<!-- This site is optimized with the Yoast SEO plugin v27.0 - https:\/\/yoast.com\/product\/yoast-seo-wordpress\/ -->\n<title>WIFI QR Code Table Stand Bold | truzzer<\/title>\n<meta name=\"description\" content=\"\u0141atwy dost\u0119p WiFi dla go\u015bci z WIFI QR Code Table Stand Bold od truzzer. \u0141atwa konfiguracja, gotowe do u\u017cycia. Zam\u00f3w teraz!\" \/>\n<meta name=\"robots\" content=\"index, follow, max-snippet:-1, max-image-preview:large, max-video-preview:-1\" \/>\n<link rel=\"canonical\" href=\"https:\/\/www.truzzer.com\/pl\/produkt\/wifi-qr-code-table-stand-bold\/\" \/>\n<meta property=\"og:locale\" content=\"pl_PL\" \/>\n<meta property=\"og:type\" content=\"article\" \/>\n<meta property=\"og:title\" content=\"WIFI QR Code Table Stand Bold | truzzer\" \/>\n<meta property=\"og:description\" content=\"\u0141atwy dost\u0119p WiFi dla go\u015bci z WIFI QR Code Table Stand Bold od truzzer. \u0141atwa konfiguracja, gotowe do u\u017cycia. Zam\u00f3w teraz!\" \/>\n<meta property=\"og:url\" content=\"https:\/\/www.truzzer.com\/pl\/produkt\/wifi-qr-code-table-stand-bold\/\" \/>\n<meta property=\"og:site_name\" content=\"truzzer\" \/>\n<meta property=\"article:modified_time\" content=\"2026-02-13T08:26:20+00:00\" \/>\n<meta property=\"og:image\" content=\"https:\/\/www.truzzer.com\/wp-content\/uploads\/2026\/02\/empfehlio-truzzer-wifi-stand-bold-5-jpg-3.webp\" \/>\n\t<meta property=\"og:image:width\" content=\"1400\" \/>\n\t<meta property=\"og:image:height\" content=\"1400\" \/>\n\t<meta property=\"og:image:type\" content=\"image\/webp\" \/>\n<meta name=\"twitter:card\" content=\"summary_large_image\" \/>\n<meta name=\"twitter:label1\" content=\"Szacowany czas czytania\" \/>\n\t<meta name=\"twitter:data1\" content=\"4 minuty\" \/>\n<script type=\"application\/ld+json\" class=\"yoast-schema-graph\">{\"@context\":\"https:\/\/schema.org\",\"@graph\":[{\"@type\":\"WebPage\",\"@id\":\"https:\/\/www.truzzer.com\/pl\/produkt\/wifi-qr-code-table-stand-bold\/\",\"url\":\"https:\/\/www.truzzer.com\/pl\/produkt\/wifi-qr-code-table-stand-bold\/\",\"name\":\"WIFI QR Code Table Stand Bold | truzzer\",\"isPartOf\":{\"@id\":\"https:\/\/www.truzzer.com\/pl\/#website\"},\"primaryImageOfPage\":{\"@id\":\"https:\/\/www.truzzer.com\/pl\/produkt\/wifi-qr-code-table-stand-bold\/#primaryimage\"},\"image\":{\"@id\":\"https:\/\/www.truzzer.com\/pl\/produkt\/wifi-qr-code-table-stand-bold\/#primaryimage\"},\"thumbnailUrl\":\"https:\/\/www.truzzer.com\/wp-content\/uploads\/2026\/02\/empfehlio-truzzer-wifi-stand-bold-5-jpg-3.webp\",\"datePublished\":\"2026-02-01T19:55:02+00:00\",\"dateModified\":\"2026-02-13T08:26:20+00:00\",\"description\":\"\u0141atwy dost\u0119p WiFi dla go\u015bci z WIFI QR Code Table Stand Bold od truzzer. \u0141atwa konfiguracja, gotowe do u\u017cycia. Zam\u00f3w teraz!\",\"breadcrumb\":{\"@id\":\"https:\/\/www.truzzer.com\/pl\/produkt\/wifi-qr-code-table-stand-bold\/#breadcrumb\"},\"inLanguage\":\"pl-PL\",\"potentialAction\":[{\"@type\":\"ReadAction\",\"target\":[\"https:\/\/www.truzzer.com\/pl\/produkt\/wifi-qr-code-table-stand-bold\/\"]}]},{\"@type\":\"ImageObject\",\"inLanguage\":\"pl-PL\",\"@id\":\"https:\/\/www.truzzer.com\/pl\/produkt\/wifi-qr-code-table-stand-bold\/#primaryimage\",\"url\":\"https:\/\/www.truzzer.com\/wp-content\/uploads\/2026\/02\/empfehlio-truzzer-wifi-stand-bold-5-jpg-3.webp\",\"contentUrl\":\"https:\/\/www.truzzer.com\/wp-content\/uploads\/2026\/02\/empfehlio-truzzer-wifi-stand-bold-5-jpg-3.webp\",\"width\":1400,\"height\":1400},{\"@type\":\"BreadcrumbList\",\"@id\":\"https:\/\/www.truzzer.com\/pl\/produkt\/wifi-qr-code-table-stand-bold\/#breadcrumb\",\"itemListElement\":[{\"@type\":\"ListItem\",\"position\":1,\"name\":\"Home\",\"item\":\"https:\/\/www.truzzer.com\/pl\/\"},{\"@type\":\"ListItem\",\"position\":2,\"name\":\"Sklep\",\"item\":\"https:\/\/www.truzzer.com\/pl\/sklep\/\"},{\"@type\":\"ListItem\",\"position\":3,\"name\":\"WIFI QR Kod Stojak sto\u0142owy Pogrubiony\"}]},{\"@type\":\"WebSite\",\"@id\":\"https:\/\/www.truzzer.com\/pl\/#website\",\"url\":\"https:\/\/www.truzzer.com\/pl\/\",\"name\":\"truzzer\",\"description\":\"Experts for customer trust\",\"publisher\":{\"@id\":\"https:\/\/www.truzzer.com\/pl\/#organization\"},\"potentialAction\":[{\"@type\":\"SearchAction\",\"target\":{\"@type\":\"EntryPoint\",\"urlTemplate\":\"https:\/\/www.truzzer.com\/pl\/?s={search_term_string}\"},\"query-input\":{\"@type\":\"PropertyValueSpecification\",\"valueRequired\":true,\"valueName\":\"search_term_string\"}}],\"inLanguage\":\"pl-PL\"},{\"@type\":\"Organization\",\"@id\":\"https:\/\/www.truzzer.com\/pl\/#organization\",\"name\":\"truzzer\",\"url\":\"https:\/\/www.truzzer.com\/pl\/\",\"logo\":{\"@type\":\"ImageObject\",\"inLanguage\":\"pl-PL\",\"@id\":\"https:\/\/www.truzzer.com\/pl\/#\/schema\/logo\/image\/\",\"url\":\"https:\/\/truzzer.com\/wp-content\/uploads\/2026\/01\/truzzer-logo-black-1.svg\",\"contentUrl\":\"https:\/\/truzzer.com\/wp-content\/uploads\/2026\/01\/truzzer-logo-black-1.svg\",\"width\":938,\"height\":199,\"caption\":\"truzzer\"},\"image\":{\"@id\":\"https:\/\/www.truzzer.com\/pl\/#\/schema\/logo\/image\/\"}}]}<\/script>\n<!-- \/ Yoast SEO plugin. -->","yoast_head_json":{"title":"WIFI QR Code Table Stand Bold | truzzer","description":"\u0141atwy dost\u0119p WiFi dla go\u015bci z WIFI QR Code Table Stand Bold od truzzer. \u0141atwa konfiguracja, gotowe do u\u017cycia. Zam\u00f3w teraz!","robots":{"index":"index","follow":"follow","max-snippet":"max-snippet:-1","max-image-preview":"max-image-preview:large","max-video-preview":"max-video-preview:-1"},"canonical":"https:\/\/www.truzzer.com\/pl\/produkt\/wifi-qr-code-table-stand-bold\/","og_locale":"pl_PL","og_type":"article","og_title":"WIFI QR Code Table Stand Bold | truzzer","og_description":"\u0141atwy dost\u0119p WiFi dla go\u015bci z WIFI QR Code Table Stand Bold od truzzer. \u0141atwa konfiguracja, gotowe do u\u017cycia. Zam\u00f3w teraz!","og_url":"https:\/\/www.truzzer.com\/pl\/produkt\/wifi-qr-code-table-stand-bold\/","og_site_name":"truzzer","article_modified_time":"2026-02-13T08:26:20+00:00","og_image":[{"width":1400,"height":1400,"url":"https:\/\/www.truzzer.com\/wp-content\/uploads\/2026\/02\/empfehlio-truzzer-wifi-stand-bold-5-jpg-3.webp","type":"image\/webp"}],"twitter_card":"summary_large_image","twitter_misc":{"Szacowany czas czytania":"4 minuty"},"schema":{"@context":"https:\/\/schema.org","@graph":[{"@type":"WebPage","@id":"https:\/\/www.truzzer.com\/pl\/produkt\/wifi-qr-code-table-stand-bold\/","url":"https:\/\/www.truzzer.com\/pl\/produkt\/wifi-qr-code-table-stand-bold\/","name":"WIFI QR Code Table Stand Bold | truzzer","isPartOf":{"@id":"https:\/\/www.truzzer.com\/pl\/#website"},"primaryImageOfPage":{"@id":"https:\/\/www.truzzer.com\/pl\/produkt\/wifi-qr-code-table-stand-bold\/#primaryimage"},"image":{"@id":"https:\/\/www.truzzer.com\/pl\/produkt\/wifi-qr-code-table-stand-bold\/#primaryimage"},"thumbnailUrl":"https:\/\/www.truzzer.com\/wp-content\/uploads\/2026\/02\/empfehlio-truzzer-wifi-stand-bold-5-jpg-3.webp","datePublished":"2026-02-01T19:55:02+00:00","dateModified":"2026-02-13T08:26:20+00:00","description":"\u0141atwy dost\u0119p WiFi dla go\u015bci z WIFI QR Code Table Stand Bold od truzzer. \u0141atwa konfiguracja, gotowe do u\u017cycia. Zam\u00f3w teraz!","breadcrumb":{"@id":"https:\/\/www.truzzer.com\/pl\/produkt\/wifi-qr-code-table-stand-bold\/#breadcrumb"},"inLanguage":"pl-PL","potentialAction":[{"@type":"ReadAction","target":["https:\/\/www.truzzer.com\/pl\/produkt\/wifi-qr-code-table-stand-bold\/"]}]},{"@type":"ImageObject","inLanguage":"pl-PL","@id":"https:\/\/www.truzzer.com\/pl\/produkt\/wifi-qr-code-table-stand-bold\/#primaryimage","url":"https:\/\/www.truzzer.com\/wp-content\/uploads\/2026\/02\/empfehlio-truzzer-wifi-stand-bold-5-jpg-3.webp","contentUrl":"https:\/\/www.truzzer.com\/wp-content\/uploads\/2026\/02\/empfehlio-truzzer-wifi-stand-bold-5-jpg-3.webp","width":1400,"height":1400},{"@type":"BreadcrumbList","@id":"https:\/\/www.truzzer.com\/pl\/produkt\/wifi-qr-code-table-stand-bold\/#breadcrumb","itemListElement":[{"@type":"ListItem","position":1,"name":"Home","item":"https:\/\/www.truzzer.com\/pl\/"},{"@type":"ListItem","position":2,"name":"Sklep","item":"https:\/\/www.truzzer.com\/pl\/sklep\/"},{"@type":"ListItem","position":3,"name":"WIFI QR Kod Stojak sto\u0142owy Pogrubiony"}]},{"@type":"WebSite","@id":"https:\/\/www.truzzer.com\/pl\/#website","url":"https:\/\/www.truzzer.com\/pl\/","name":"truzzer","description":"Experts for customer trust","publisher":{"@id":"https:\/\/www.truzzer.com\/pl\/#organization"},"potentialAction":[{"@type":"SearchAction","target":{"@type":"EntryPoint","urlTemplate":"https:\/\/www.truzzer.com\/pl\/?s={search_term_string}"},"query-input":{"@type":"PropertyValueSpecification","valueRequired":true,"valueName":"search_term_string"}}],"inLanguage":"pl-PL"},{"@type":"Organization","@id":"https:\/\/www.truzzer.com\/pl\/#organization","name":"truzzer","url":"https:\/\/www.truzzer.com\/pl\/","logo":{"@type":"ImageObject","inLanguage":"pl-PL","@id":"https:\/\/www.truzzer.com\/pl\/#\/schema\/logo\/image\/","url":"https:\/\/truzzer.com\/wp-content\/uploads\/2026\/01\/truzzer-logo-black-1.svg","contentUrl":"https:\/\/truzzer.com\/wp-content\/uploads\/2026\/01\/truzzer-logo-black-1.svg","width":938,"height":199,"caption":"truzzer"},"image":{"@id":"https:\/\/www.truzzer.com\/pl\/#\/schema\/logo\/image\/"}}]}},"tiered_pricing_type":"fixed","tiered_pricing_fixed_rules":[],"tiered_pricing_product_settings":{"layout":"default","base_unit_name":{"singular":null,"plural":null},"default_variation":null},"tiered_pricing_minimum_quantity":null,"tiered_pricing_roles_data":[],"tiered_pricing_percentage_rules":[],"tiered_pricing_maximum_quantity":null,"tiered_pricing_quantity_step":null,"_links":{"self":[{"href":"https:\/\/www.truzzer.com\/pl\/wp-json\/wp\/v2\/product\/100532","targetHints":{"allow":["GET"]}}],"collection":[{"href":"https:\/\/www.truzzer.com\/pl\/wp-json\/wp\/v2\/product"}],"about":[{"href":"https:\/\/www.truzzer.com\/pl\/wp-json\/wp\/v2\/types\/product"}],"replies":[{"embeddable":true,"href":"https:\/\/www.truzzer.com\/pl\/wp-json\/wp\/v2\/comments?post=100532"}],"wp:featuredmedia":[{"embeddable":true,"href":"https:\/\/www.truzzer.com\/pl\/wp-json\/wp\/v2\/media\/100540"}],"wp:attachment":[{"href":"https:\/\/www.truzzer.com\/pl\/wp-json\/wp\/v2\/media?parent=100532"}],"wp:term":[{"taxonomy":"product_brand","embeddable":true,"href":"https:\/\/www.truzzer.com\/pl\/wp-json\/wp\/v2\/product_brand?post=100532"},{"taxonomy":"product_cat","embeddable":true,"href":"https:\/\/www.truzzer.com\/pl\/wp-json\/wp\/v2\/product_cat?post=100532"},{"taxonomy":"product_tag","embeddable":true,"href":"https:\/\/www.truzzer.com\/pl\/wp-json\/wp\/v2\/product_tag?post=100532"}],"curies":[{"name":"wp","href":"https:\/\/api.w.org\/{rel}","templated":true}]}}