{"id":100553,"date":"2026-02-01T19:54:34","date_gmt":"2026-02-01T19:54:34","guid":{"rendered":"https:\/\/beta.truzzer.com\/product\/google-review-qr-code-sticker-roll-with-google-review-qr-code\/"},"modified":"2026-02-13T08:28:43","modified_gmt":"2026-02-13T08:28:43","slug":"google-review-qr-code-sticker-roll-with-google-review-qr-code","status":"publish","type":"product","link":"https:\/\/www.truzzer.com\/pl\/produkt\/google-review-qr-code-sticker-roll-with-google-review-qr-code\/","title":{"rendered":"Recenzja Google QR Naklejka z kodem w rolce z recenzj\u0105 Google Kod QR"},"content":{"rendered":"<p data-start=\"0\" data-end=\"80\"><strong data-start=\"0\" data-end=\"80\">Oce\u0144 nas na naklejkach Google w postaci etykiet na rolkach z kodem QR dla paczek wysy\u0142kowych<\/strong><\/p>\n<p data-start=\"82\" data-end=\"206\">Dzi\u0119ki etykietom truzzer \u201eOce\u0144 nas na Google\u201d zawieraj\u0105cym link do recenzji \u2013 kod QR, z \u0142atwo\u015bci\u0105 zbierzesz nowe recenzje Google!<\/p>\n<ul data-start=\"208\" data-end=\"374\">\n<li data-start=\"208\" data-end=\"289\">\n<p data-start=\"210\" data-end=\"289\">W por\u0119cznym, okr\u0105g\u0142ym formacie sprawiasz, \u017ce recenzje Google staj\u0105 si\u0119 namacalne dla Twoich klient\u00f3w.<\/p>\n<\/li>\n<li data-start=\"290\" data-end=\"374\">\n<p data-start=\"292\" data-end=\"374\">Umie\u015b\u0107 naklejki na swoich paczkach lub w dowolnym miejscu, w kt\u00f3rym zauwa\u017c\u0105 je klienci.<\/p>\n<\/li>\n<\/ul>\n<hr data-start=\"376\" data-end=\"379\" \/>\n<h3 data-start=\"381\" data-end=\"432\">U\u017cywanie ich jako naklejek naro\u017cnych na pude\u0142kach wysy\u0142kowych<\/h3>\n<p data-start=\"434\" data-end=\"654\">Chcesz przyklei\u0107 naklejki na rogach swoich pude\u0142ek? Bez problemu! Zosta\u0142y zaprojektowane w taki spos\u00f3b, aby mi\u0119dzy wezwaniem do dzia\u0142ania a kodem QR by\u0142o wystarczaj\u0105co du\u017co wolnego miejsca, aby umo\u017cliwi\u0107 \u201ez\u0142o\u017cenie\u201d bez zginania kt\u00f3regokolwiek elementu.<\/p>\n<hr data-start=\"656\" data-end=\"659\" \/>\n<p data-start=\"661\" data-end=\"753\">Nasze produkty \u201eOce\u0144 nas na Google\u201d s\u0105 \u0142atwe w u\u017cyciu. Oto jak to dzia\u0142a z naszymi kartami recenzji:<\/p>\n<p data-start=\"755\" data-end=\"895\"><strong data-start=\"755\" data-end=\"793\">Krok 1: Klient skanuje kod QR<\/strong><br data-start=\"793\" data-end=\"796\" \/>Aby zostawi\u0107 recenzj\u0119, klient po prostu kieruje aparatem smartfona na kod na naklejce.<\/p>\n<blockquote data-start=\"897\" data-end=\"1004\">\n<p data-start=\"899\" data-end=\"1004\">\u2022 Na ekranie iPhone&#8217;a pojawia si\u0119 wyskakuj\u0105ce okienko.<br data-start=\"943\" data-end=\"946\" \/>\u2022 Na telefonach z systemem Android\/Google pojawi si\u0119 ikona kodu QR.<\/p>\n<\/blockquote>\n<p data-start=\"1006\" data-end=\"1159\"><strong data-start=\"1006\" data-end=\"1063\">Krok 2: Klient zostaje przekierowany bezpo\u015brednio do formularza recenzji<\/strong><br data-start=\"1063\" data-end=\"1066\" \/>Formularz recenzji otwiera si\u0119 natychmiast i klient mo\u017ce przes\u0142a\u0107 swoj\u0105 opini\u0119 \u2013 tak po prostu!<\/p>\n<hr data-start=\"1161\" data-end=\"1164\" \/>\n<blockquote data-start=\"1166\" data-end=\"1377\" data-is-last-node=\"\" data-is-only-node=\"\">\n<p data-start=\"1168\" data-end=\"1377\" data-is-last-node=\"\"><strong data-start=\"1168\" data-end=\"1177\">Uwaga:<\/strong><br data-start=\"1177\" data-end=\"1180\" \/>Aby otrzymywa\u0107 recenzje, potrzebujesz w\u0142asnego profilu Google Moja Firma.<br data-start=\"1246\" data-end=\"1249\" \/>Je\u015bli jeszcze jej nie masz, nasi eksperci mog\u0105 j\u0105 dla Ciebie skonfigurowa\u0107 \u2014 po prostu kliknij tutaj po dodaniu karty recenzyjnej Google do koszyka.<\/p>\n<\/blockquote>\n","protected":false},"excerpt":{"rendered":"<p><strong>Pe\u0142en polotu \u2013 etykiety \u201eOce\u0144 nas na Google\u201d od truzzer wraz z kodem Google Recenzja QR!<\/strong><\/p>\n<p>Idealne wyko\u0144czenie Twoich opakowa\u0144 i przyci\u0105gaj\u0105ce wzrok na ka\u017cdej powierzchni! Zdob\u0105d\u017a wi\u0119cej recenzji Google od swoich klient\u00f3w dzi\u0119ki spersonalizowanym etykietom \u201eOce\u0144 nas na Google\u201d zawieraj\u0105cym link QR do bezpo\u015brednich recenzji Google.<\/p>\n<ul>\n<li>Idealny do pude\u0142 wysy\u0142kowych<\/li>\n<li>Nadaje si\u0119 do ka\u017cdej g\u0142adkiej powierzchni<\/li>\n<li>Idealny do opakowa\u0144, sklep\u00f3w detalicznych, naklejek na faktury lub gdziekolwiek si\u0119 zmie\u015bci<\/li>\n<li>Pokazuje Twoim klientom, jak \u0142atwo jest Ci\u0119 oceni\u0107 na Google<\/li>\n<li>Stworzone na zam\u00f3wienie specjalnie dla Ciebie<\/li>\n<li>Dost\u0119pne w trzech rozmiarach<\/li>\n<\/ul>\n<p>Stworzymy i po\u0142\u0105czymy kod QR do bezpo\u015brednich recenzji na Twoim profilu Google!<\/p>\n","protected":false},"featured_media":100555,"comment_status":"open","ping_status":"closed","template":"","meta":{"_acf_changed":false,"_yoast_wpseo_focuskw":"Opinia Google Rolka naklejek","_yoast_wpseo_title":"Google Review QR Code Sticker Roll with Google ... | truzzer","_yoast_wpseo_metadesc":"Wi\u0119cej opinii Google z Google Review QR Code Sticker Roll with Google Review QR Code od truzzer. \u0141atwa konfiguracja. Zam\u00f3w teraz!"},"product_brand":[1652],"product_cat":[519,518,1227,1509,888,779,1510],"product_tag":[],"class_list":{"0":"post-100553","1":"product","2":"type-product","3":"status-publish","4":"has-post-thumbnail","6":"product_brand-google","7":"product_cat-kod-qr-naklejki","8":"product_cat-kod-qr-produkty","9":"product_cat-kod-qr-rolki-naklejek","10":"product_cat-opinia-google-naklejki","11":"product_cat-opinia-google-naklejki-z-kodem-qr","12":"product_cat-opinia-google-produkty","13":"product_cat-opinia-google-roll-upy-z-kodem-qr","14":"pa_industry-detailhandel","15":"pa_industry-events-entertainment","16":"pa_industry-restauracja-kawiarnia","17":"pa_material-karton","18":"pa_placement-bon","19":"pa_placement-broszura","20":"pa_placement-verpakking","21":"pa_product-type-naklejka","22":"pa_product-type-sticker-roll","23":"pa_shape-ronda","24":"pa_technology-kod-qr","25":"pa_technology-qr-code","27":"first","28":"instock","29":"taxable","30":"shipping-taxable","31":"purchasable","32":"product-type-variable","33":"has-default-attributes"},"acf":[],"yoast_head":"<!-- This site is optimized with the Yoast SEO plugin v27.0 - https:\/\/yoast.com\/product\/yoast-seo-wordpress\/ -->\n<title>Google Review QR Code Sticker Roll with Google ... | truzzer<\/title>\n<meta name=\"description\" content=\"Wi\u0119cej opinii Google z Google Review QR Code Sticker Roll with Google Review QR Code od truzzer. \u0141atwa konfiguracja. Zam\u00f3w teraz!\" \/>\n<meta name=\"robots\" content=\"index, follow, max-snippet:-1, max-image-preview:large, max-video-preview:-1\" \/>\n<link rel=\"canonical\" href=\"https:\/\/www.truzzer.com\/pl\/produkt\/google-review-qr-code-sticker-roll-with-google-review-qr-code\/\" \/>\n<meta property=\"og:locale\" content=\"pl_PL\" \/>\n<meta property=\"og:type\" content=\"article\" \/>\n<meta property=\"og:title\" content=\"Google Review QR Code Sticker Roll with Google ... | truzzer\" \/>\n<meta property=\"og:description\" content=\"Wi\u0119cej opinii Google z Google Review QR Code Sticker Roll with Google Review QR Code od truzzer. \u0141atwa konfiguracja. Zam\u00f3w teraz!\" \/>\n<meta property=\"og:url\" content=\"https:\/\/www.truzzer.com\/pl\/produkt\/google-review-qr-code-sticker-roll-with-google-review-qr-code\/\" \/>\n<meta property=\"og:site_name\" content=\"truzzer\" \/>\n<meta property=\"article:modified_time\" content=\"2026-02-13T08:28:43+00:00\" \/>\n<meta property=\"og:image\" content=\"https:\/\/www.truzzer.com\/wp-content\/uploads\/2026\/02\/review-us-on-google-sticker-roll-with-qr-code-eng-s-5.jpg\" \/>\n\t<meta property=\"og:image:width\" content=\"1200\" \/>\n\t<meta property=\"og:image:height\" content=\"1200\" \/>\n\t<meta property=\"og:image:type\" content=\"image\/jpeg\" \/>\n<meta name=\"twitter:card\" content=\"summary_large_image\" \/>\n<meta name=\"twitter:label1\" content=\"Szacowany czas czytania\" \/>\n\t<meta name=\"twitter:data1\" content=\"1 minuta\" \/>\n<script type=\"application\/ld+json\" class=\"yoast-schema-graph\">{\"@context\":\"https:\/\/schema.org\",\"@graph\":[{\"@type\":\"WebPage\",\"@id\":\"https:\/\/www.truzzer.com\/pl\/produkt\/google-review-qr-code-sticker-roll-with-google-review-qr-code\/\",\"url\":\"https:\/\/www.truzzer.com\/pl\/produkt\/google-review-qr-code-sticker-roll-with-google-review-qr-code\/\",\"name\":\"Google Review QR Code Sticker Roll with Google ... | truzzer\",\"isPartOf\":{\"@id\":\"https:\/\/www.truzzer.com\/pl\/#website\"},\"primaryImageOfPage\":{\"@id\":\"https:\/\/www.truzzer.com\/pl\/produkt\/google-review-qr-code-sticker-roll-with-google-review-qr-code\/#primaryimage\"},\"image\":{\"@id\":\"https:\/\/www.truzzer.com\/pl\/produkt\/google-review-qr-code-sticker-roll-with-google-review-qr-code\/#primaryimage\"},\"thumbnailUrl\":\"https:\/\/www.truzzer.com\/wp-content\/uploads\/2026\/02\/review-us-on-google-sticker-roll-with-qr-code-eng-s-5.jpg\",\"datePublished\":\"2026-02-01T19:54:34+00:00\",\"dateModified\":\"2026-02-13T08:28:43+00:00\",\"description\":\"Wi\u0119cej opinii Google z Google Review QR Code Sticker Roll with Google Review QR Code od truzzer. \u0141atwa konfiguracja. Zam\u00f3w teraz!\",\"breadcrumb\":{\"@id\":\"https:\/\/www.truzzer.com\/pl\/produkt\/google-review-qr-code-sticker-roll-with-google-review-qr-code\/#breadcrumb\"},\"inLanguage\":\"pl-PL\",\"potentialAction\":[{\"@type\":\"ReadAction\",\"target\":[\"https:\/\/www.truzzer.com\/pl\/produkt\/google-review-qr-code-sticker-roll-with-google-review-qr-code\/\"]}]},{\"@type\":\"ImageObject\",\"inLanguage\":\"pl-PL\",\"@id\":\"https:\/\/www.truzzer.com\/pl\/produkt\/google-review-qr-code-sticker-roll-with-google-review-qr-code\/#primaryimage\",\"url\":\"https:\/\/www.truzzer.com\/wp-content\/uploads\/2026\/02\/review-us-on-google-sticker-roll-with-qr-code-eng-s-5.jpg\",\"contentUrl\":\"https:\/\/www.truzzer.com\/wp-content\/uploads\/2026\/02\/review-us-on-google-sticker-roll-with-qr-code-eng-s-5.jpg\",\"width\":1200,\"height\":1200},{\"@type\":\"BreadcrumbList\",\"@id\":\"https:\/\/www.truzzer.com\/pl\/produkt\/google-review-qr-code-sticker-roll-with-google-review-qr-code\/#breadcrumb\",\"itemListElement\":[{\"@type\":\"ListItem\",\"position\":1,\"name\":\"Home\",\"item\":\"https:\/\/www.truzzer.com\/pl\/\"},{\"@type\":\"ListItem\",\"position\":2,\"name\":\"Sklep\",\"item\":\"https:\/\/www.truzzer.com\/pl\/sklep\/\"},{\"@type\":\"ListItem\",\"position\":3,\"name\":\"Recenzja Google QR Naklejka z kodem w rolce z recenzj\u0105 Google Kod QR\"}]},{\"@type\":\"WebSite\",\"@id\":\"https:\/\/www.truzzer.com\/pl\/#website\",\"url\":\"https:\/\/www.truzzer.com\/pl\/\",\"name\":\"truzzer\",\"description\":\"Experts for customer trust\",\"publisher\":{\"@id\":\"https:\/\/www.truzzer.com\/pl\/#organization\"},\"potentialAction\":[{\"@type\":\"SearchAction\",\"target\":{\"@type\":\"EntryPoint\",\"urlTemplate\":\"https:\/\/www.truzzer.com\/pl\/?s={search_term_string}\"},\"query-input\":{\"@type\":\"PropertyValueSpecification\",\"valueRequired\":true,\"valueName\":\"search_term_string\"}}],\"inLanguage\":\"pl-PL\"},{\"@type\":\"Organization\",\"@id\":\"https:\/\/www.truzzer.com\/pl\/#organization\",\"name\":\"truzzer\",\"url\":\"https:\/\/www.truzzer.com\/pl\/\",\"logo\":{\"@type\":\"ImageObject\",\"inLanguage\":\"pl-PL\",\"@id\":\"https:\/\/www.truzzer.com\/pl\/#\/schema\/logo\/image\/\",\"url\":\"https:\/\/truzzer.com\/wp-content\/uploads\/2026\/01\/truzzer-logo-black-1.svg\",\"contentUrl\":\"https:\/\/truzzer.com\/wp-content\/uploads\/2026\/01\/truzzer-logo-black-1.svg\",\"width\":938,\"height\":199,\"caption\":\"truzzer\"},\"image\":{\"@id\":\"https:\/\/www.truzzer.com\/pl\/#\/schema\/logo\/image\/\"}}]}<\/script>\n<!-- \/ Yoast SEO plugin. -->","yoast_head_json":{"title":"Google Review QR Code Sticker Roll with Google ... | truzzer","description":"Wi\u0119cej opinii Google z Google Review QR Code Sticker Roll with Google Review QR Code od truzzer. \u0141atwa konfiguracja. Zam\u00f3w teraz!","robots":{"index":"index","follow":"follow","max-snippet":"max-snippet:-1","max-image-preview":"max-image-preview:large","max-video-preview":"max-video-preview:-1"},"canonical":"https:\/\/www.truzzer.com\/pl\/produkt\/google-review-qr-code-sticker-roll-with-google-review-qr-code\/","og_locale":"pl_PL","og_type":"article","og_title":"Google Review QR Code Sticker Roll with Google ... | truzzer","og_description":"Wi\u0119cej opinii Google z Google Review QR Code Sticker Roll with Google Review QR Code od truzzer. \u0141atwa konfiguracja. Zam\u00f3w teraz!","og_url":"https:\/\/www.truzzer.com\/pl\/produkt\/google-review-qr-code-sticker-roll-with-google-review-qr-code\/","og_site_name":"truzzer","article_modified_time":"2026-02-13T08:28:43+00:00","og_image":[{"width":1200,"height":1200,"url":"https:\/\/www.truzzer.com\/wp-content\/uploads\/2026\/02\/review-us-on-google-sticker-roll-with-qr-code-eng-s-5.jpg","type":"image\/jpeg"}],"twitter_card":"summary_large_image","twitter_misc":{"Szacowany czas czytania":"1 minuta"},"schema":{"@context":"https:\/\/schema.org","@graph":[{"@type":"WebPage","@id":"https:\/\/www.truzzer.com\/pl\/produkt\/google-review-qr-code-sticker-roll-with-google-review-qr-code\/","url":"https:\/\/www.truzzer.com\/pl\/produkt\/google-review-qr-code-sticker-roll-with-google-review-qr-code\/","name":"Google Review QR Code Sticker Roll with Google ... | truzzer","isPartOf":{"@id":"https:\/\/www.truzzer.com\/pl\/#website"},"primaryImageOfPage":{"@id":"https:\/\/www.truzzer.com\/pl\/produkt\/google-review-qr-code-sticker-roll-with-google-review-qr-code\/#primaryimage"},"image":{"@id":"https:\/\/www.truzzer.com\/pl\/produkt\/google-review-qr-code-sticker-roll-with-google-review-qr-code\/#primaryimage"},"thumbnailUrl":"https:\/\/www.truzzer.com\/wp-content\/uploads\/2026\/02\/review-us-on-google-sticker-roll-with-qr-code-eng-s-5.jpg","datePublished":"2026-02-01T19:54:34+00:00","dateModified":"2026-02-13T08:28:43+00:00","description":"Wi\u0119cej opinii Google z Google Review QR Code Sticker Roll with Google Review QR Code od truzzer. \u0141atwa konfiguracja. Zam\u00f3w teraz!","breadcrumb":{"@id":"https:\/\/www.truzzer.com\/pl\/produkt\/google-review-qr-code-sticker-roll-with-google-review-qr-code\/#breadcrumb"},"inLanguage":"pl-PL","potentialAction":[{"@type":"ReadAction","target":["https:\/\/www.truzzer.com\/pl\/produkt\/google-review-qr-code-sticker-roll-with-google-review-qr-code\/"]}]},{"@type":"ImageObject","inLanguage":"pl-PL","@id":"https:\/\/www.truzzer.com\/pl\/produkt\/google-review-qr-code-sticker-roll-with-google-review-qr-code\/#primaryimage","url":"https:\/\/www.truzzer.com\/wp-content\/uploads\/2026\/02\/review-us-on-google-sticker-roll-with-qr-code-eng-s-5.jpg","contentUrl":"https:\/\/www.truzzer.com\/wp-content\/uploads\/2026\/02\/review-us-on-google-sticker-roll-with-qr-code-eng-s-5.jpg","width":1200,"height":1200},{"@type":"BreadcrumbList","@id":"https:\/\/www.truzzer.com\/pl\/produkt\/google-review-qr-code-sticker-roll-with-google-review-qr-code\/#breadcrumb","itemListElement":[{"@type":"ListItem","position":1,"name":"Home","item":"https:\/\/www.truzzer.com\/pl\/"},{"@type":"ListItem","position":2,"name":"Sklep","item":"https:\/\/www.truzzer.com\/pl\/sklep\/"},{"@type":"ListItem","position":3,"name":"Recenzja Google QR Naklejka z kodem w rolce z recenzj\u0105 Google Kod QR"}]},{"@type":"WebSite","@id":"https:\/\/www.truzzer.com\/pl\/#website","url":"https:\/\/www.truzzer.com\/pl\/","name":"truzzer","description":"Experts for customer trust","publisher":{"@id":"https:\/\/www.truzzer.com\/pl\/#organization"},"potentialAction":[{"@type":"SearchAction","target":{"@type":"EntryPoint","urlTemplate":"https:\/\/www.truzzer.com\/pl\/?s={search_term_string}"},"query-input":{"@type":"PropertyValueSpecification","valueRequired":true,"valueName":"search_term_string"}}],"inLanguage":"pl-PL"},{"@type":"Organization","@id":"https:\/\/www.truzzer.com\/pl\/#organization","name":"truzzer","url":"https:\/\/www.truzzer.com\/pl\/","logo":{"@type":"ImageObject","inLanguage":"pl-PL","@id":"https:\/\/www.truzzer.com\/pl\/#\/schema\/logo\/image\/","url":"https:\/\/truzzer.com\/wp-content\/uploads\/2026\/01\/truzzer-logo-black-1.svg","contentUrl":"https:\/\/truzzer.com\/wp-content\/uploads\/2026\/01\/truzzer-logo-black-1.svg","width":938,"height":199,"caption":"truzzer"},"image":{"@id":"https:\/\/www.truzzer.com\/pl\/#\/schema\/logo\/image\/"}}]}},"tiered_pricing_type":"fixed","tiered_pricing_fixed_rules":[],"tiered_pricing_product_settings":{"layout":"default","base_unit_name":{"singular":null,"plural":null},"default_variation":null},"tiered_pricing_minimum_quantity":null,"tiered_pricing_roles_data":[],"tiered_pricing_percentage_rules":[],"tiered_pricing_maximum_quantity":null,"tiered_pricing_quantity_step":null,"_links":{"self":[{"href":"https:\/\/www.truzzer.com\/pl\/wp-json\/wp\/v2\/product\/100553","targetHints":{"allow":["GET"]}}],"collection":[{"href":"https:\/\/www.truzzer.com\/pl\/wp-json\/wp\/v2\/product"}],"about":[{"href":"https:\/\/www.truzzer.com\/pl\/wp-json\/wp\/v2\/types\/product"}],"replies":[{"embeddable":true,"href":"https:\/\/www.truzzer.com\/pl\/wp-json\/wp\/v2\/comments?post=100553"}],"wp:featuredmedia":[{"embeddable":true,"href":"https:\/\/www.truzzer.com\/pl\/wp-json\/wp\/v2\/media\/100555"}],"wp:attachment":[{"href":"https:\/\/www.truzzer.com\/pl\/wp-json\/wp\/v2\/media?parent=100553"}],"wp:term":[{"taxonomy":"product_brand","embeddable":true,"href":"https:\/\/www.truzzer.com\/pl\/wp-json\/wp\/v2\/product_brand?post=100553"},{"taxonomy":"product_cat","embeddable":true,"href":"https:\/\/www.truzzer.com\/pl\/wp-json\/wp\/v2\/product_cat?post=100553"},{"taxonomy":"product_tag","embeddable":true,"href":"https:\/\/www.truzzer.com\/pl\/wp-json\/wp\/v2\/product_tag?post=100553"}],"curies":[{"name":"wp","href":"https:\/\/api.w.org\/{rel}","templated":true}]}}