{"id":100609,"date":"2026-02-01T19:48:52","date_gmt":"2026-02-01T19:48:52","guid":{"rendered":"https:\/\/beta.truzzer.com\/product\/paypal-pay-qr-code-table-tent-brand-refresh\/"},"modified":"2026-02-13T08:39:27","modified_gmt":"2026-02-13T08:39:27","slug":"paypal-pay-qr-code-table-tent-brand-refresh","status":"publish","type":"product","link":"https:\/\/www.truzzer.com\/pl\/produkt\/paypal-pay-qr-code-table-tent-brand-refresh\/","title":{"rendered":"PayPal Zap\u0142a\u0107 QR Kod Od\u015bwie\u017c mark\u0119 namiotu sto\u0142owego"},"content":{"rendered":"<p><strong>Przedstawiamy spersonalizowany namiot sto\u0142owy PayPal QR Code z niestandardowym logo<br \/>\n<\/strong><\/p>\n<p data-pm-slice=\"1 1 []\">U\u0142atw proces p\u0142atno\u015bci swoim klientom dzi\u0119ki naszemu konfigurowalnemu namiotowi sto\u0142owemu PayPal QR Code. Zaprojektowany, aby oferowa\u0107 wygodn\u0105 opcj\u0119 p\u0142atno\u015bci bezgot\u00f3wkowych i bez karty, poprawia jako\u015b\u0107 obs\u0142ugi klienta w Twojej plac\u00f3wce.<\/p>\n<p><strong>Cechy produktu:<\/strong><\/p>\n<ul>\n<li><strong>Niestandardowa personalizacja logo:<\/strong> Tw\u00f3j namiot sto\u0142owy mo\u017ce zawiera\u0107 Twoje w\u0142asne logo, zapewniaj\u0105c profesjonalny i sp\u00f3jny wygl\u0105d ca\u0142ej firmy.<\/li>\n<li><strong>\u0141atwa p\u0142atno\u015b\u0107<\/strong>: klienci mog\u0105 po prostu zeskanowa\u0107 kod PayPal QR swoim smartfonem, aby natychmiast przes\u0142a\u0107 \u017c\u0105dan\u0105 p\u0142atno\u015b\u0107, zapewniaj\u0105c bezpieczny, szybki i nieskomplikowany spos\u00f3b p\u0142atno\u015bci.<\/li>\n<li><strong>Wysokiej jako\u015bci karton<\/strong>: namiot sto\u0142owy, wykonany z wytrzyma\u0142ego kartonu wysokiej jako\u015bci, jest tak zbudowany, aby wytrzyma\u0107 codzienne u\u017cytkowanie, dzi\u0119ki czemu jest idealnym dodatkiem do restauracji, kawiarni, sklep\u00f3w i targ\u00f3w.<\/li>\n<li><strong>Nowoczesny design<\/strong>: jego minimalistyczny, a jednocze\u015bnie nowoczesny design bezproblemowo wpasuje si\u0119 w ka\u017cde otoczenie i stanie si\u0119 atrakcyjnym elementem centralnym ka\u017cdego sto\u0142u.<\/li>\n<li><strong>Wszechstronne zastosowanie<\/strong>: jest to idealne rozwi\u0105zanie dla bran\u017cy hotelarsko-gastronomicznej, handlu detalicznego lub wydarze\u0144, gdzie po\u017c\u0105dana jest wygodna i szybka opcja p\u0142atno\u015bci.<\/li>\n<\/ul>\n<p><strong>Korzy\u015bci:<\/strong><\/p>\n<ul>\n<li>Po\u017cegnaj d\u0142ugi czas oczekiwania i niedogodno\u015bci zwi\u0105zane z obs\u0142ug\u0105 got\u00f3wki.<\/li>\n<li>Nadaj swojej firmie nowoczesn\u0105 i innowacyjn\u0105 przewag\u0119.<\/li>\n<li>Buduj zaufanie klient\u00f3w, w\u0142\u0105czaj\u0105c logo swojej marki do procesu p\u0142atno\u015bci.<\/li>\n<\/ul>\n<p>Zainwestuj w spersonalizowany namiot sto\u0142owy PayPal QR Code ju\u017c dzi\u015b i wyposa\u017c swoich klient\u00f3w w proste, nowoczesne rozwi\u0105zanie p\u0142atnicze przysz\u0142o\u015bci!<\/p>\n","protected":false},"excerpt":{"rendered":"<p>U\u0142atw proces p\u0142atno\u015bci swoim klientom dzi\u0119ki naszemu konfigurowalnemu namiotowi sto\u0142owemu PayPal QR Code. Zaprojektowany, aby oferowa\u0107 wygodn\u0105 opcj\u0119 p\u0142atno\u015bci bezgot\u00f3wkowych i bez karty, poprawia jako\u015b\u0107 obs\u0142ugi klienta w Twojej plac\u00f3wce.<\/p>\n<p><strong>Cechy produktu:<\/strong><\/p>\n<ul>\n<li><strong>Niestandardowa personalizacja logo:<\/strong> Tw\u00f3j namiot sto\u0142owy mo\u017ce zawiera\u0107 Twoje w\u0142asne logo, zapewniaj\u0105c profesjonalny i sp\u00f3jny wygl\u0105d ca\u0142ej firmy.<\/li>\n<li><strong>\u0141atwa p\u0142atno\u015b\u0107<\/strong>: klienci mog\u0105 po prostu zeskanowa\u0107 kod PayPal QR swoim smartfonem, aby natychmiast przes\u0142a\u0107 \u017c\u0105dan\u0105 p\u0142atno\u015b\u0107, zapewniaj\u0105c bezpieczny, szybki i nieskomplikowany spos\u00f3b p\u0142atno\u015bci.<\/li>\n<li><strong>Wysokiej jako\u015bci karton<\/strong>: namiot sto\u0142owy, wykonany z wytrzyma\u0142ego kartonu wysokiej jako\u015bci, jest tak zbudowany, aby wytrzyma\u0107 codzienne u\u017cytkowanie, dzi\u0119ki czemu jest idealnym dodatkiem do restauracji, kawiarni, sklep\u00f3w i targ\u00f3w.<\/li>\n<li><strong>Nowoczesny design<\/strong>: jego minimalistyczny, a jednocze\u015bnie nowoczesny design bezproblemowo wpasuje si\u0119 w ka\u017cde otoczenie i stanie si\u0119 atrakcyjnym elementem centralnym ka\u017cdego sto\u0142u.<\/li>\n<li><strong>Wszechstronne zastosowanie<\/strong>: jest to idealne rozwi\u0105zanie dla bran\u017cy hotelarsko-gastronomicznej, handlu detalicznego lub wydarze\u0144, gdzie po\u017c\u0105dana jest wygodna i szybka opcja p\u0142atno\u015bci.<\/li>\n<\/ul>\n<p><strong>Korzy\u015bci:<\/strong><\/p>\n<ul>\n<li>Po\u017cegnaj d\u0142ugi czas oczekiwania i niedogodno\u015bci zwi\u0105zane z obs\u0142ug\u0105 got\u00f3wki.<\/li>\n<li>Nadaj swojej firmie nowoczesn\u0105 i innowacyjn\u0105 przewag\u0119.<\/li>\n<li>Buduj zaufanie klient\u00f3w, w\u0142\u0105czaj\u0105c logo swojej marki do procesu p\u0142atno\u015bci.<\/li>\n<\/ul>\n<p>Zainwestuj w spersonalizowany namiot sto\u0142owy PayPal QR Code ju\u017c dzi\u015b i wyposa\u017c swoich klient\u00f3w w proste, nowoczesne rozwi\u0105zanie p\u0142atnicze przysz\u0142o\u015bci!<\/p>\n","protected":false},"featured_media":100610,"comment_status":"open","ping_status":"closed","template":"","meta":{"_acf_changed":false,"_yoast_wpseo_focuskw":"","_yoast_wpseo_title":"PayPal Pay QR Code Table Tent Brand Refresh | truzzer","_yoast_wpseo_metadesc":"Przyjmuj p\u0142atno\u015bci PayPal z PayPal Pay QR Code Table Tent Brand Refresh od truzzer. \u0141atwa konfiguracja, gotowe do u\u017cycia. Zam\u00f3w teraz!"},"product_brand":[1673],"product_cat":[993,518,1515],"product_tag":[],"class_list":{"0":"post-100609","1":"product","2":"type-product","3":"status-publish","4":"has-post-thumbnail","6":"product_brand-paypal","7":"product_cat-kod-qr-displaye-i-stojaki","8":"product_cat-kod-qr-produkty","9":"product_cat-platnosc-paypal-stojaki-na-stol-z-kodem-qr","10":"pa_material-karton","11":"pa_product-type-ekspozytory-i-stojaki","12":"pa_technology-kod-qr","13":"pa_technology-qr-code","15":"first","16":"instock","17":"taxable","18":"shipping-taxable","19":"purchasable","20":"product-type-simple"},"acf":[],"yoast_head":"<!-- This site is optimized with the Yoast SEO plugin v27.0 - https:\/\/yoast.com\/product\/yoast-seo-wordpress\/ -->\n<title>PayPal Pay QR Code Table Tent Brand Refresh | truzzer<\/title>\n<meta name=\"description\" content=\"Przyjmuj p\u0142atno\u015bci PayPal z PayPal Pay QR Code Table Tent Brand Refresh od truzzer. \u0141atwa konfiguracja, gotowe do u\u017cycia. Zam\u00f3w teraz!\" \/>\n<meta name=\"robots\" content=\"index, follow, max-snippet:-1, max-image-preview:large, max-video-preview:-1\" \/>\n<link rel=\"canonical\" href=\"https:\/\/www.truzzer.com\/pl\/produkt\/paypal-pay-qr-code-table-tent-brand-refresh\/\" \/>\n<meta property=\"og:locale\" content=\"pl_PL\" \/>\n<meta property=\"og:type\" content=\"article\" \/>\n<meta property=\"og:title\" content=\"PayPal Pay QR Code Table Tent Brand Refresh | truzzer\" \/>\n<meta property=\"og:description\" content=\"Przyjmuj p\u0142atno\u015bci PayPal z PayPal Pay QR Code Table Tent Brand Refresh od truzzer. \u0141atwa konfiguracja, gotowe do u\u017cycia. Zam\u00f3w teraz!\" \/>\n<meta property=\"og:url\" content=\"https:\/\/www.truzzer.com\/pl\/produkt\/paypal-pay-qr-code-table-tent-brand-refresh\/\" \/>\n<meta property=\"og:site_name\" content=\"truzzer\" \/>\n<meta property=\"article:modified_time\" content=\"2026-02-13T08:39:27+00:00\" \/>\n<meta property=\"og:image\" content=\"https:\/\/www.truzzer.com\/wp-content\/uploads\/2026\/02\/paypal-pay-bezahlen-qr-code-table-tent-new-design-empfehlio-truzzer-a-iso-2.jpg\" \/>\n\t<meta property=\"og:image:width\" content=\"1400\" \/>\n\t<meta property=\"og:image:height\" content=\"1400\" \/>\n\t<meta property=\"og:image:type\" content=\"image\/jpeg\" \/>\n<meta name=\"twitter:card\" content=\"summary_large_image\" \/>\n<meta name=\"twitter:label1\" content=\"Szacowany czas czytania\" \/>\n\t<meta name=\"twitter:data1\" content=\"1 minuta\" \/>\n<script type=\"application\/ld+json\" class=\"yoast-schema-graph\">{\"@context\":\"https:\/\/schema.org\",\"@graph\":[{\"@type\":\"WebPage\",\"@id\":\"https:\/\/www.truzzer.com\/pl\/produkt\/paypal-pay-qr-code-table-tent-brand-refresh\/\",\"url\":\"https:\/\/www.truzzer.com\/pl\/produkt\/paypal-pay-qr-code-table-tent-brand-refresh\/\",\"name\":\"PayPal Pay QR Code Table Tent Brand Refresh | truzzer\",\"isPartOf\":{\"@id\":\"https:\/\/www.truzzer.com\/pl\/#website\"},\"primaryImageOfPage\":{\"@id\":\"https:\/\/www.truzzer.com\/pl\/produkt\/paypal-pay-qr-code-table-tent-brand-refresh\/#primaryimage\"},\"image\":{\"@id\":\"https:\/\/www.truzzer.com\/pl\/produkt\/paypal-pay-qr-code-table-tent-brand-refresh\/#primaryimage\"},\"thumbnailUrl\":\"https:\/\/www.truzzer.com\/wp-content\/uploads\/2026\/02\/paypal-pay-bezahlen-qr-code-table-tent-new-design-empfehlio-truzzer-a-iso-2.jpg\",\"datePublished\":\"2026-02-01T19:48:52+00:00\",\"dateModified\":\"2026-02-13T08:39:27+00:00\",\"description\":\"Przyjmuj p\u0142atno\u015bci PayPal z PayPal Pay QR Code Table Tent Brand Refresh od truzzer. \u0141atwa konfiguracja, gotowe do u\u017cycia. Zam\u00f3w teraz!\",\"breadcrumb\":{\"@id\":\"https:\/\/www.truzzer.com\/pl\/produkt\/paypal-pay-qr-code-table-tent-brand-refresh\/#breadcrumb\"},\"inLanguage\":\"pl-PL\",\"potentialAction\":[{\"@type\":\"ReadAction\",\"target\":[\"https:\/\/www.truzzer.com\/pl\/produkt\/paypal-pay-qr-code-table-tent-brand-refresh\/\"]}]},{\"@type\":\"ImageObject\",\"inLanguage\":\"pl-PL\",\"@id\":\"https:\/\/www.truzzer.com\/pl\/produkt\/paypal-pay-qr-code-table-tent-brand-refresh\/#primaryimage\",\"url\":\"https:\/\/www.truzzer.com\/wp-content\/uploads\/2026\/02\/paypal-pay-bezahlen-qr-code-table-tent-new-design-empfehlio-truzzer-a-iso-2.jpg\",\"contentUrl\":\"https:\/\/www.truzzer.com\/wp-content\/uploads\/2026\/02\/paypal-pay-bezahlen-qr-code-table-tent-new-design-empfehlio-truzzer-a-iso-2.jpg\",\"width\":1400,\"height\":1400},{\"@type\":\"BreadcrumbList\",\"@id\":\"https:\/\/www.truzzer.com\/pl\/produkt\/paypal-pay-qr-code-table-tent-brand-refresh\/#breadcrumb\",\"itemListElement\":[{\"@type\":\"ListItem\",\"position\":1,\"name\":\"Home\",\"item\":\"https:\/\/www.truzzer.com\/pl\/\"},{\"@type\":\"ListItem\",\"position\":2,\"name\":\"Sklep\",\"item\":\"https:\/\/www.truzzer.com\/pl\/sklep\/\"},{\"@type\":\"ListItem\",\"position\":3,\"name\":\"PayPal Zap\u0142a\u0107 QR Kod Od\u015bwie\u017c mark\u0119 namiotu sto\u0142owego\"}]},{\"@type\":\"WebSite\",\"@id\":\"https:\/\/www.truzzer.com\/pl\/#website\",\"url\":\"https:\/\/www.truzzer.com\/pl\/\",\"name\":\"truzzer\",\"description\":\"Experts for customer trust\",\"publisher\":{\"@id\":\"https:\/\/www.truzzer.com\/pl\/#organization\"},\"potentialAction\":[{\"@type\":\"SearchAction\",\"target\":{\"@type\":\"EntryPoint\",\"urlTemplate\":\"https:\/\/www.truzzer.com\/pl\/?s={search_term_string}\"},\"query-input\":{\"@type\":\"PropertyValueSpecification\",\"valueRequired\":true,\"valueName\":\"search_term_string\"}}],\"inLanguage\":\"pl-PL\"},{\"@type\":\"Organization\",\"@id\":\"https:\/\/www.truzzer.com\/pl\/#organization\",\"name\":\"truzzer\",\"url\":\"https:\/\/www.truzzer.com\/pl\/\",\"logo\":{\"@type\":\"ImageObject\",\"inLanguage\":\"pl-PL\",\"@id\":\"https:\/\/www.truzzer.com\/pl\/#\/schema\/logo\/image\/\",\"url\":\"https:\/\/truzzer.com\/wp-content\/uploads\/2026\/01\/truzzer-logo-black-1.svg\",\"contentUrl\":\"https:\/\/truzzer.com\/wp-content\/uploads\/2026\/01\/truzzer-logo-black-1.svg\",\"width\":938,\"height\":199,\"caption\":\"truzzer\"},\"image\":{\"@id\":\"https:\/\/www.truzzer.com\/pl\/#\/schema\/logo\/image\/\"}}]}<\/script>\n<!-- \/ Yoast SEO plugin. -->","yoast_head_json":{"title":"PayPal Pay QR Code Table Tent Brand Refresh | truzzer","description":"Przyjmuj p\u0142atno\u015bci PayPal z PayPal Pay QR Code Table Tent Brand Refresh od truzzer. \u0141atwa konfiguracja, gotowe do u\u017cycia. Zam\u00f3w teraz!","robots":{"index":"index","follow":"follow","max-snippet":"max-snippet:-1","max-image-preview":"max-image-preview:large","max-video-preview":"max-video-preview:-1"},"canonical":"https:\/\/www.truzzer.com\/pl\/produkt\/paypal-pay-qr-code-table-tent-brand-refresh\/","og_locale":"pl_PL","og_type":"article","og_title":"PayPal Pay QR Code Table Tent Brand Refresh | truzzer","og_description":"Przyjmuj p\u0142atno\u015bci PayPal z PayPal Pay QR Code Table Tent Brand Refresh od truzzer. \u0141atwa konfiguracja, gotowe do u\u017cycia. Zam\u00f3w teraz!","og_url":"https:\/\/www.truzzer.com\/pl\/produkt\/paypal-pay-qr-code-table-tent-brand-refresh\/","og_site_name":"truzzer","article_modified_time":"2026-02-13T08:39:27+00:00","og_image":[{"width":1400,"height":1400,"url":"https:\/\/www.truzzer.com\/wp-content\/uploads\/2026\/02\/paypal-pay-bezahlen-qr-code-table-tent-new-design-empfehlio-truzzer-a-iso-2.jpg","type":"image\/jpeg"}],"twitter_card":"summary_large_image","twitter_misc":{"Szacowany czas czytania":"1 minuta"},"schema":{"@context":"https:\/\/schema.org","@graph":[{"@type":"WebPage","@id":"https:\/\/www.truzzer.com\/pl\/produkt\/paypal-pay-qr-code-table-tent-brand-refresh\/","url":"https:\/\/www.truzzer.com\/pl\/produkt\/paypal-pay-qr-code-table-tent-brand-refresh\/","name":"PayPal Pay QR Code Table Tent Brand Refresh | truzzer","isPartOf":{"@id":"https:\/\/www.truzzer.com\/pl\/#website"},"primaryImageOfPage":{"@id":"https:\/\/www.truzzer.com\/pl\/produkt\/paypal-pay-qr-code-table-tent-brand-refresh\/#primaryimage"},"image":{"@id":"https:\/\/www.truzzer.com\/pl\/produkt\/paypal-pay-qr-code-table-tent-brand-refresh\/#primaryimage"},"thumbnailUrl":"https:\/\/www.truzzer.com\/wp-content\/uploads\/2026\/02\/paypal-pay-bezahlen-qr-code-table-tent-new-design-empfehlio-truzzer-a-iso-2.jpg","datePublished":"2026-02-01T19:48:52+00:00","dateModified":"2026-02-13T08:39:27+00:00","description":"Przyjmuj p\u0142atno\u015bci PayPal z PayPal Pay QR Code Table Tent Brand Refresh od truzzer. \u0141atwa konfiguracja, gotowe do u\u017cycia. Zam\u00f3w teraz!","breadcrumb":{"@id":"https:\/\/www.truzzer.com\/pl\/produkt\/paypal-pay-qr-code-table-tent-brand-refresh\/#breadcrumb"},"inLanguage":"pl-PL","potentialAction":[{"@type":"ReadAction","target":["https:\/\/www.truzzer.com\/pl\/produkt\/paypal-pay-qr-code-table-tent-brand-refresh\/"]}]},{"@type":"ImageObject","inLanguage":"pl-PL","@id":"https:\/\/www.truzzer.com\/pl\/produkt\/paypal-pay-qr-code-table-tent-brand-refresh\/#primaryimage","url":"https:\/\/www.truzzer.com\/wp-content\/uploads\/2026\/02\/paypal-pay-bezahlen-qr-code-table-tent-new-design-empfehlio-truzzer-a-iso-2.jpg","contentUrl":"https:\/\/www.truzzer.com\/wp-content\/uploads\/2026\/02\/paypal-pay-bezahlen-qr-code-table-tent-new-design-empfehlio-truzzer-a-iso-2.jpg","width":1400,"height":1400},{"@type":"BreadcrumbList","@id":"https:\/\/www.truzzer.com\/pl\/produkt\/paypal-pay-qr-code-table-tent-brand-refresh\/#breadcrumb","itemListElement":[{"@type":"ListItem","position":1,"name":"Home","item":"https:\/\/www.truzzer.com\/pl\/"},{"@type":"ListItem","position":2,"name":"Sklep","item":"https:\/\/www.truzzer.com\/pl\/sklep\/"},{"@type":"ListItem","position":3,"name":"PayPal Zap\u0142a\u0107 QR Kod Od\u015bwie\u017c mark\u0119 namiotu sto\u0142owego"}]},{"@type":"WebSite","@id":"https:\/\/www.truzzer.com\/pl\/#website","url":"https:\/\/www.truzzer.com\/pl\/","name":"truzzer","description":"Experts for customer trust","publisher":{"@id":"https:\/\/www.truzzer.com\/pl\/#organization"},"potentialAction":[{"@type":"SearchAction","target":{"@type":"EntryPoint","urlTemplate":"https:\/\/www.truzzer.com\/pl\/?s={search_term_string}"},"query-input":{"@type":"PropertyValueSpecification","valueRequired":true,"valueName":"search_term_string"}}],"inLanguage":"pl-PL"},{"@type":"Organization","@id":"https:\/\/www.truzzer.com\/pl\/#organization","name":"truzzer","url":"https:\/\/www.truzzer.com\/pl\/","logo":{"@type":"ImageObject","inLanguage":"pl-PL","@id":"https:\/\/www.truzzer.com\/pl\/#\/schema\/logo\/image\/","url":"https:\/\/truzzer.com\/wp-content\/uploads\/2026\/01\/truzzer-logo-black-1.svg","contentUrl":"https:\/\/truzzer.com\/wp-content\/uploads\/2026\/01\/truzzer-logo-black-1.svg","width":938,"height":199,"caption":"truzzer"},"image":{"@id":"https:\/\/www.truzzer.com\/pl\/#\/schema\/logo\/image\/"}}]}},"tiered_pricing_type":"fixed","tiered_pricing_fixed_rules":[],"tiered_pricing_product_settings":{"layout":"default","base_unit_name":{"singular":null,"plural":null},"default_variation":null},"tiered_pricing_minimum_quantity":null,"tiered_pricing_roles_data":[],"tiered_pricing_percentage_rules":[],"tiered_pricing_maximum_quantity":null,"tiered_pricing_quantity_step":null,"_links":{"self":[{"href":"https:\/\/www.truzzer.com\/pl\/wp-json\/wp\/v2\/product\/100609","targetHints":{"allow":["GET"]}}],"collection":[{"href":"https:\/\/www.truzzer.com\/pl\/wp-json\/wp\/v2\/product"}],"about":[{"href":"https:\/\/www.truzzer.com\/pl\/wp-json\/wp\/v2\/types\/product"}],"replies":[{"embeddable":true,"href":"https:\/\/www.truzzer.com\/pl\/wp-json\/wp\/v2\/comments?post=100609"}],"wp:featuredmedia":[{"embeddable":true,"href":"https:\/\/www.truzzer.com\/pl\/wp-json\/wp\/v2\/media\/100610"}],"wp:attachment":[{"href":"https:\/\/www.truzzer.com\/pl\/wp-json\/wp\/v2\/media?parent=100609"}],"wp:term":[{"taxonomy":"product_brand","embeddable":true,"href":"https:\/\/www.truzzer.com\/pl\/wp-json\/wp\/v2\/product_brand?post=100609"},{"taxonomy":"product_cat","embeddable":true,"href":"https:\/\/www.truzzer.com\/pl\/wp-json\/wp\/v2\/product_cat?post=100609"},{"taxonomy":"product_tag","embeddable":true,"href":"https:\/\/www.truzzer.com\/pl\/wp-json\/wp\/v2\/product_tag?post=100609"}],"curies":[{"name":"wp","href":"https:\/\/api.w.org\/{rel}","templated":true}]}}