{"id":100817,"date":"2026-02-01T20:00:38","date_gmt":"2026-02-01T20:00:38","guid":{"rendered":"https:\/\/beta.truzzer.com\/product\/whatsapp-chat-nfc-business-card-tap\/"},"modified":"2026-02-13T08:00:39","modified_gmt":"2026-02-13T08:00:39","slug":"whatsapp-chat-nfc-business-card-tap","status":"publish","type":"product","link":"https:\/\/www.truzzer.com\/pl\/produkt\/whatsapp-chat-nfc-business-card-tap\/","title":{"rendered":"Czat WhatsApp Wizyt\u00f3wka NFC \u201eDotknij\u201d"},"content":{"rendered":"","protected":false},"excerpt":{"rendered":"<h2>Zapewnianie wi\u0119kszej liczby us\u0142ug dzi\u0119ki bezstykowym kartom biznesowym NFC WhatsApp.<\/h2>\n<p>U\u0142atw swoim klientom kontakt z Tob\u0105 na WhatsApp dzi\u0119ki bezdotykowym wizyt\u00f3wkom WhatsApp Chat NFC.<br \/>\nSpersonalizowany za pomoc\u0105 w\u0142asnego kodu QR i linku NFC, kt\u00f3ry bezpo\u015brednio przeniesie Twoich klient\u00f3w do czatu WhatsApp.<br \/>\nWystarczy, \u017ce Tw\u00f3j klient b\u0119dzie trzyma\u0107 smartfon blisko karty. Czat WhatsApp z Tob\u0105 otworzy si\u0119 natychmiast.<br \/>\nZajmujemy si\u0119 \u0142\u0105czeniem NFC &amp; Kody QR do Twojego profilu WhatsApp dla Ciebie!<\/p>\n<h3><strong>Jak karty NFC pomagaj\u0105 poprawi\u0107 obs\u0142ug\u0119 klienta<\/strong><\/h3>\n<ul>\n<li>Koniec z wyszukiwaniem i trudno\u015bciami: <strong>Link NFC i kod WhatsApp QR prowadz\u0105 bezpo\u015brednio do Twojego czatu<\/strong> (tworzymy to dla Ciebie).<\/li>\n<li><strong>Namacalne<\/strong>: karty NFC sprawiaj\u0105, \u017ce obs\u0142uga WhatsApp jest \u0142atwo dost\u0119pna.<\/li>\n<li>Nie jest wymagana \u017cadna dodatkowa aplikacja.<\/li>\n<li>Przyci\u0105gaj\u0105cy wzrok: nowoczesny design.<\/li>\n<\/ul>\n<p><strong>Zajmiemy si\u0119 utworzeniem i po\u0142\u0105czeniem linku NFC oraz kodu QR z Twoim profilem czatu WhatsApp za Ciebie!<\/strong><\/p>\n","protected":false},"featured_media":100825,"comment_status":"open","ping_status":"closed","template":"","meta":{"_acf_changed":false,"_yoast_wpseo_focuskw":"WhatsApp kod QR Karta NFC","_yoast_wpseo_title":"WhatsApp Chat NFC Business Card \u201cTap\u201d | truzzer","_yoast_wpseo_metadesc":"Po\u0142\u0105cz si\u0119 przez WhatsApp z WhatsApp Chat NFC Business Card \u201cTap\u201d od truzzer. \u0141atwa konfiguracja, gotowe do u\u017cycia. Zam\u00f3w teraz!"},"product_brand":[1707],"product_cat":[931,948,1523,576,577],"product_tag":[],"class_list":{"0":"post-100817","1":"product","2":"type-product","3":"status-publish","4":"has-post-thumbnail","6":"product_brand-whatsapp","7":"product_cat-czat-whatsapp-produkty","8":"product_cat-czat-whatsapp-wizytowki","9":"product_cat-czat-whatsapp-wizytowki-z-nfc","10":"product_cat-nfc-produkty","11":"product_cat-nfc-wizytowki","12":"pa_industry-biuro-doradztwo","13":"pa_industry-lokale-diensten","14":"pa_industry-onroerend-go","15":"pa_material-karton","16":"pa_material-plastic","17":"pa_orientation-portrett","18":"pa_placement-broszura","19":"pa_placement-portemonnee-personlijk","20":"pa_placement-recepcja-balie","21":"pa_product-type-odwiedzekaartjes","22":"pa_shape-rechthoek","23":"pa_technology-nfc","24":"pa_technology-qr-nfc","26":"first","27":"instock","28":"taxable","29":"shipping-taxable","30":"purchasable","31":"product-type-simple"},"acf":[],"yoast_head":"<!-- This site is optimized with the Yoast SEO plugin v27.0 - https:\/\/yoast.com\/product\/yoast-seo-wordpress\/ -->\n<title>WhatsApp Chat NFC Business Card \u201cTap\u201d | truzzer<\/title>\n<meta name=\"description\" content=\"Po\u0142\u0105cz si\u0119 przez WhatsApp z WhatsApp Chat NFC Business Card \u201cTap\u201d od truzzer. \u0141atwa konfiguracja, gotowe do u\u017cycia. Zam\u00f3w teraz!\" \/>\n<meta name=\"robots\" content=\"index, follow, max-snippet:-1, max-image-preview:large, max-video-preview:-1\" \/>\n<link rel=\"canonical\" href=\"https:\/\/www.truzzer.com\/pl\/produkt\/whatsapp-chat-nfc-business-card-tap\/\" \/>\n<meta property=\"og:locale\" content=\"pl_PL\" \/>\n<meta property=\"og:type\" content=\"article\" \/>\n<meta property=\"og:title\" content=\"WhatsApp Chat NFC Business Card \u201cTap\u201d | truzzer\" \/>\n<meta property=\"og:description\" content=\"Po\u0142\u0105cz si\u0119 przez WhatsApp z WhatsApp Chat NFC Business Card \u201cTap\u201d od truzzer. \u0141atwa konfiguracja, gotowe do u\u017cycia. Zam\u00f3w teraz!\" \/>\n<meta property=\"og:url\" content=\"https:\/\/www.truzzer.com\/pl\/produkt\/whatsapp-chat-nfc-business-card-tap\/\" \/>\n<meta property=\"og:site_name\" content=\"truzzer\" \/>\n<meta property=\"article:modified_time\" content=\"2026-02-13T08:00:39+00:00\" \/>\n<meta property=\"og:image\" content=\"https:\/\/www.truzzer.com\/wp-content\/uploads\/2026\/02\/WHATSAPP-CHAT-NFC-VISITENKARTE-EMPFEHLIO-FRONT-1-1.jpg\" \/>\n\t<meta property=\"og:image:width\" content=\"1200\" \/>\n\t<meta property=\"og:image:height\" content=\"1200\" \/>\n\t<meta property=\"og:image:type\" content=\"image\/jpeg\" \/>\n<meta name=\"twitter:card\" content=\"summary_large_image\" \/>\n<script type=\"application\/ld+json\" class=\"yoast-schema-graph\">{\"@context\":\"https:\/\/schema.org\",\"@graph\":[{\"@type\":\"WebPage\",\"@id\":\"https:\/\/www.truzzer.com\/pl\/produkt\/whatsapp-chat-nfc-business-card-tap\/\",\"url\":\"https:\/\/www.truzzer.com\/pl\/produkt\/whatsapp-chat-nfc-business-card-tap\/\",\"name\":\"WhatsApp Chat NFC Business Card \u201cTap\u201d | truzzer\",\"isPartOf\":{\"@id\":\"https:\/\/www.truzzer.com\/pl\/#website\"},\"primaryImageOfPage\":{\"@id\":\"https:\/\/www.truzzer.com\/pl\/produkt\/whatsapp-chat-nfc-business-card-tap\/#primaryimage\"},\"image\":{\"@id\":\"https:\/\/www.truzzer.com\/pl\/produkt\/whatsapp-chat-nfc-business-card-tap\/#primaryimage\"},\"thumbnailUrl\":\"https:\/\/www.truzzer.com\/wp-content\/uploads\/2026\/02\/WHATSAPP-CHAT-NFC-VISITENKARTE-EMPFEHLIO-FRONT-1-1.jpg\",\"datePublished\":\"2026-02-01T20:00:38+00:00\",\"dateModified\":\"2026-02-13T08:00:39+00:00\",\"description\":\"Po\u0142\u0105cz si\u0119 przez WhatsApp z WhatsApp Chat NFC Business Card \u201cTap\u201d od truzzer. \u0141atwa konfiguracja, gotowe do u\u017cycia. Zam\u00f3w teraz!\",\"breadcrumb\":{\"@id\":\"https:\/\/www.truzzer.com\/pl\/produkt\/whatsapp-chat-nfc-business-card-tap\/#breadcrumb\"},\"inLanguage\":\"pl-PL\",\"potentialAction\":[{\"@type\":\"ReadAction\",\"target\":[\"https:\/\/www.truzzer.com\/pl\/produkt\/whatsapp-chat-nfc-business-card-tap\/\"]}]},{\"@type\":\"ImageObject\",\"inLanguage\":\"pl-PL\",\"@id\":\"https:\/\/www.truzzer.com\/pl\/produkt\/whatsapp-chat-nfc-business-card-tap\/#primaryimage\",\"url\":\"https:\/\/www.truzzer.com\/wp-content\/uploads\/2026\/02\/WHATSAPP-CHAT-NFC-VISITENKARTE-EMPFEHLIO-FRONT-1-1.jpg\",\"contentUrl\":\"https:\/\/www.truzzer.com\/wp-content\/uploads\/2026\/02\/WHATSAPP-CHAT-NFC-VISITENKARTE-EMPFEHLIO-FRONT-1-1.jpg\",\"width\":1200,\"height\":1200},{\"@type\":\"BreadcrumbList\",\"@id\":\"https:\/\/www.truzzer.com\/pl\/produkt\/whatsapp-chat-nfc-business-card-tap\/#breadcrumb\",\"itemListElement\":[{\"@type\":\"ListItem\",\"position\":1,\"name\":\"Home\",\"item\":\"https:\/\/www.truzzer.com\/pl\/\"},{\"@type\":\"ListItem\",\"position\":2,\"name\":\"Sklep\",\"item\":\"https:\/\/www.truzzer.com\/pl\/sklep\/\"},{\"@type\":\"ListItem\",\"position\":3,\"name\":\"Czat WhatsApp Wizyt\u00f3wka NFC \u201eDotknij\u201d\"}]},{\"@type\":\"WebSite\",\"@id\":\"https:\/\/www.truzzer.com\/pl\/#website\",\"url\":\"https:\/\/www.truzzer.com\/pl\/\",\"name\":\"truzzer\",\"description\":\"Experts for customer trust\",\"publisher\":{\"@id\":\"https:\/\/www.truzzer.com\/pl\/#organization\"},\"potentialAction\":[{\"@type\":\"SearchAction\",\"target\":{\"@type\":\"EntryPoint\",\"urlTemplate\":\"https:\/\/www.truzzer.com\/pl\/?s={search_term_string}\"},\"query-input\":{\"@type\":\"PropertyValueSpecification\",\"valueRequired\":true,\"valueName\":\"search_term_string\"}}],\"inLanguage\":\"pl-PL\"},{\"@type\":\"Organization\",\"@id\":\"https:\/\/www.truzzer.com\/pl\/#organization\",\"name\":\"truzzer\",\"url\":\"https:\/\/www.truzzer.com\/pl\/\",\"logo\":{\"@type\":\"ImageObject\",\"inLanguage\":\"pl-PL\",\"@id\":\"https:\/\/www.truzzer.com\/pl\/#\/schema\/logo\/image\/\",\"url\":\"https:\/\/truzzer.com\/wp-content\/uploads\/2026\/01\/truzzer-logo-black-1.svg\",\"contentUrl\":\"https:\/\/truzzer.com\/wp-content\/uploads\/2026\/01\/truzzer-logo-black-1.svg\",\"width\":938,\"height\":199,\"caption\":\"truzzer\"},\"image\":{\"@id\":\"https:\/\/www.truzzer.com\/pl\/#\/schema\/logo\/image\/\"}}]}<\/script>\n<!-- \/ Yoast SEO plugin. -->","yoast_head_json":{"title":"WhatsApp Chat NFC Business Card \u201cTap\u201d | truzzer","description":"Po\u0142\u0105cz si\u0119 przez WhatsApp z WhatsApp Chat NFC Business Card \u201cTap\u201d od truzzer. \u0141atwa konfiguracja, gotowe do u\u017cycia. Zam\u00f3w teraz!","robots":{"index":"index","follow":"follow","max-snippet":"max-snippet:-1","max-image-preview":"max-image-preview:large","max-video-preview":"max-video-preview:-1"},"canonical":"https:\/\/www.truzzer.com\/pl\/produkt\/whatsapp-chat-nfc-business-card-tap\/","og_locale":"pl_PL","og_type":"article","og_title":"WhatsApp Chat NFC Business Card \u201cTap\u201d | truzzer","og_description":"Po\u0142\u0105cz si\u0119 przez WhatsApp z WhatsApp Chat NFC Business Card \u201cTap\u201d od truzzer. \u0141atwa konfiguracja, gotowe do u\u017cycia. Zam\u00f3w teraz!","og_url":"https:\/\/www.truzzer.com\/pl\/produkt\/whatsapp-chat-nfc-business-card-tap\/","og_site_name":"truzzer","article_modified_time":"2026-02-13T08:00:39+00:00","og_image":[{"width":1200,"height":1200,"url":"https:\/\/www.truzzer.com\/wp-content\/uploads\/2026\/02\/WHATSAPP-CHAT-NFC-VISITENKARTE-EMPFEHLIO-FRONT-1-1.jpg","type":"image\/jpeg"}],"twitter_card":"summary_large_image","schema":{"@context":"https:\/\/schema.org","@graph":[{"@type":"WebPage","@id":"https:\/\/www.truzzer.com\/pl\/produkt\/whatsapp-chat-nfc-business-card-tap\/","url":"https:\/\/www.truzzer.com\/pl\/produkt\/whatsapp-chat-nfc-business-card-tap\/","name":"WhatsApp Chat NFC Business Card \u201cTap\u201d | truzzer","isPartOf":{"@id":"https:\/\/www.truzzer.com\/pl\/#website"},"primaryImageOfPage":{"@id":"https:\/\/www.truzzer.com\/pl\/produkt\/whatsapp-chat-nfc-business-card-tap\/#primaryimage"},"image":{"@id":"https:\/\/www.truzzer.com\/pl\/produkt\/whatsapp-chat-nfc-business-card-tap\/#primaryimage"},"thumbnailUrl":"https:\/\/www.truzzer.com\/wp-content\/uploads\/2026\/02\/WHATSAPP-CHAT-NFC-VISITENKARTE-EMPFEHLIO-FRONT-1-1.jpg","datePublished":"2026-02-01T20:00:38+00:00","dateModified":"2026-02-13T08:00:39+00:00","description":"Po\u0142\u0105cz si\u0119 przez WhatsApp z WhatsApp Chat NFC Business Card \u201cTap\u201d od truzzer. \u0141atwa konfiguracja, gotowe do u\u017cycia. Zam\u00f3w teraz!","breadcrumb":{"@id":"https:\/\/www.truzzer.com\/pl\/produkt\/whatsapp-chat-nfc-business-card-tap\/#breadcrumb"},"inLanguage":"pl-PL","potentialAction":[{"@type":"ReadAction","target":["https:\/\/www.truzzer.com\/pl\/produkt\/whatsapp-chat-nfc-business-card-tap\/"]}]},{"@type":"ImageObject","inLanguage":"pl-PL","@id":"https:\/\/www.truzzer.com\/pl\/produkt\/whatsapp-chat-nfc-business-card-tap\/#primaryimage","url":"https:\/\/www.truzzer.com\/wp-content\/uploads\/2026\/02\/WHATSAPP-CHAT-NFC-VISITENKARTE-EMPFEHLIO-FRONT-1-1.jpg","contentUrl":"https:\/\/www.truzzer.com\/wp-content\/uploads\/2026\/02\/WHATSAPP-CHAT-NFC-VISITENKARTE-EMPFEHLIO-FRONT-1-1.jpg","width":1200,"height":1200},{"@type":"BreadcrumbList","@id":"https:\/\/www.truzzer.com\/pl\/produkt\/whatsapp-chat-nfc-business-card-tap\/#breadcrumb","itemListElement":[{"@type":"ListItem","position":1,"name":"Home","item":"https:\/\/www.truzzer.com\/pl\/"},{"@type":"ListItem","position":2,"name":"Sklep","item":"https:\/\/www.truzzer.com\/pl\/sklep\/"},{"@type":"ListItem","position":3,"name":"Czat WhatsApp Wizyt\u00f3wka NFC \u201eDotknij\u201d"}]},{"@type":"WebSite","@id":"https:\/\/www.truzzer.com\/pl\/#website","url":"https:\/\/www.truzzer.com\/pl\/","name":"truzzer","description":"Experts for customer trust","publisher":{"@id":"https:\/\/www.truzzer.com\/pl\/#organization"},"potentialAction":[{"@type":"SearchAction","target":{"@type":"EntryPoint","urlTemplate":"https:\/\/www.truzzer.com\/pl\/?s={search_term_string}"},"query-input":{"@type":"PropertyValueSpecification","valueRequired":true,"valueName":"search_term_string"}}],"inLanguage":"pl-PL"},{"@type":"Organization","@id":"https:\/\/www.truzzer.com\/pl\/#organization","name":"truzzer","url":"https:\/\/www.truzzer.com\/pl\/","logo":{"@type":"ImageObject","inLanguage":"pl-PL","@id":"https:\/\/www.truzzer.com\/pl\/#\/schema\/logo\/image\/","url":"https:\/\/truzzer.com\/wp-content\/uploads\/2026\/01\/truzzer-logo-black-1.svg","contentUrl":"https:\/\/truzzer.com\/wp-content\/uploads\/2026\/01\/truzzer-logo-black-1.svg","width":938,"height":199,"caption":"truzzer"},"image":{"@id":"https:\/\/www.truzzer.com\/pl\/#\/schema\/logo\/image\/"}}]}},"tiered_pricing_type":"fixed","tiered_pricing_fixed_rules":[],"tiered_pricing_product_settings":{"layout":"default","base_unit_name":{"singular":null,"plural":null},"default_variation":null},"tiered_pricing_minimum_quantity":null,"tiered_pricing_roles_data":[],"tiered_pricing_percentage_rules":[],"tiered_pricing_maximum_quantity":null,"tiered_pricing_quantity_step":null,"_links":{"self":[{"href":"https:\/\/www.truzzer.com\/pl\/wp-json\/wp\/v2\/product\/100817","targetHints":{"allow":["GET"]}}],"collection":[{"href":"https:\/\/www.truzzer.com\/pl\/wp-json\/wp\/v2\/product"}],"about":[{"href":"https:\/\/www.truzzer.com\/pl\/wp-json\/wp\/v2\/types\/product"}],"replies":[{"embeddable":true,"href":"https:\/\/www.truzzer.com\/pl\/wp-json\/wp\/v2\/comments?post=100817"}],"wp:featuredmedia":[{"embeddable":true,"href":"https:\/\/www.truzzer.com\/pl\/wp-json\/wp\/v2\/media\/100825"}],"wp:attachment":[{"href":"https:\/\/www.truzzer.com\/pl\/wp-json\/wp\/v2\/media?parent=100817"}],"wp:term":[{"taxonomy":"product_brand","embeddable":true,"href":"https:\/\/www.truzzer.com\/pl\/wp-json\/wp\/v2\/product_brand?post=100817"},{"taxonomy":"product_cat","embeddable":true,"href":"https:\/\/www.truzzer.com\/pl\/wp-json\/wp\/v2\/product_cat?post=100817"},{"taxonomy":"product_tag","embeddable":true,"href":"https:\/\/www.truzzer.com\/pl\/wp-json\/wp\/v2\/product_tag?post=100817"}],"curies":[{"name":"wp","href":"https:\/\/api.w.org\/{rel}","templated":true}]}}