{"id":100833,"date":"2026-02-01T20:00:29","date_gmt":"2026-02-01T20:00:29","guid":{"rendered":"https:\/\/beta.truzzer.com\/product\/review-us-on-tripadvisor-hotel-door-hanger-with-tripadvisor-review-qr-code\/"},"modified":"2026-02-13T08:01:54","modified_gmt":"2026-02-13T08:01:54","slug":"review-us-on-tripadvisor-hotel-door-hanger-with-tripadvisor-review-qr-code","status":"publish","type":"product","link":"https:\/\/www.truzzer.com\/pl\/produkt\/review-us-on-tripadvisor-hotel-door-hanger-with-tripadvisor-review-qr-code\/","title":{"rendered":"Oce\u0144 nas na temat wieszaka na drzwi hotelowe TripAdvisor z recenzj\u0105 TripAdvisor Kod QR"},"content":{"rendered":"<h2>Proste rozwi\u0105zanie umo\u017cliwiaj\u0105ce wygenerowanie wi\u0119kszej liczby recenzji TripAdvisor dla Twojego hotelu<\/h2>\n<p>W bran\u017cy hotelarskiej recenzje go\u015bci s\u0105 jednym z najbardziej wp\u0142ywowych czynnik\u00f3w wp\u0142ywaj\u0105cych na decyzje dotycz\u0105ce rezerwacji \u2013 zw\u0142aszcza recenzje na temat TripAdvisor.<br \/>\nDzi\u0119ki naszym wieszakom na drzwi \u201eOce\u0144 nas na TripAdvisor\u201d zaprojektowanym dla hoteli, u\u0142atwiamy firmom hotelarskim szybkie i \u0142atwe gromadzenie licznych recenzji TripAdvisor.<br \/>\nProces jest niezwykle prosty, a animacja szybkiej recenzji na miejscu gwarantuje, \u017ce go\u015bcie nie zapomn\u0105 wystawi\u0107 recenzji Twojego hotelu po pobycie.<br \/>\nWieszaki na drzwi recenzji TripAdvisor mo\u017cna spersonalizowa\u0107 za pomoc\u0105 Twojego logo.<\/p>\n","protected":false},"excerpt":{"rendered":"<h2>Wieszaki na drzwi do recenzji TripAdvisor<\/h2>\n<p>U\u0142atw go\u015bciom hotelowym ocen\u0119 Twojego hotelu na TripAdvisor dzi\u0119ki wieszakom na drzwi do recenzji TripAdvisor z Truzzer!<br \/>\nWieszaki na drzwi upraszczaj\u0105 proces bezpo\u015bredniej oceny Twojego hotelu, poniewa\u017c zawieraj\u0105 link z kodem QR, kt\u00f3ry prowadzi bezpo\u015brednio do formularza recenzji Twojego wpisu TripAdvisor.<br \/>\nZ przodu znajduje si\u0119 wezwanie do dzia\u0142ania, kt\u00f3re zach\u0119ca go\u015bci do wystawienia nam recenzji na TripAdvisor.<br \/>\nZ ty\u0142u znajdziesz kod QR wraz z kr\u00f3tkim wyja\u015bnieniem, jak dzia\u0142a proces recenzji.<br \/>\nZr\u00f3b kolejny krok w marketingu reputacji dzi\u0119ki \u201eOce\u0144 nas na TripAdvisor\u201d wieszaki na drzwi do hoteli!<\/p>\n","protected":false},"featured_media":100838,"comment_status":"open","ping_status":"closed","template":"","meta":{"_acf_changed":false,"_yoast_wpseo_focuskw":"Opinia TripAdvisor Zawieszka na drzwi","_yoast_wpseo_title":"Review us on TripAdvisor hotel door hanger with... | truzzer","_yoast_wpseo_metadesc":"Wi\u0119cej opinii TripAdvisor z Review us on TripAdvisor hotel door hanger with TripAdvisor review QR code od truzzer. \u0141atwa konfiguracja. Zam\u00f3w teraz!"},"product_brand":[1687],"product_cat":[518,1520,1527,1526],"product_tag":[],"class_list":{"0":"post-100833","1":"product","2":"type-product","3":"status-publish","4":"has-post-thumbnail","6":"product_brand-tripadvisor","7":"product_cat-kod-qr-produkty","8":"product_cat-kod-qr-zawieszki-na-drzwi","9":"product_cat-opinie-tripadvisor-karty-opinii","10":"product_cat-opinie-tripadvisor-produkty","11":"pa_industry-biuro-doradztwo","12":"pa_industry-lokale-diensten","13":"pa_industry-onroerend-go","14":"pa_material-karton","15":"pa_placement-broszura","16":"pa_placement-portemonnee-personlijk","17":"pa_placement-recepcja-balie","18":"pa_product-type-door-hangers","19":"pa_technology-qr-code","21":"first","22":"instock","23":"taxable","24":"shipping-taxable","25":"purchasable","26":"product-type-simple"},"acf":[],"yoast_head":"<!-- This site is optimized with the Yoast SEO plugin v27.0 - https:\/\/yoast.com\/product\/yoast-seo-wordpress\/ -->\n<title>Review us on TripAdvisor hotel door hanger with... | truzzer<\/title>\n<meta name=\"description\" content=\"Wi\u0119cej opinii TripAdvisor z Review us on TripAdvisor hotel door hanger with TripAdvisor review QR code od truzzer. \u0141atwa konfiguracja. Zam\u00f3w teraz!\" \/>\n<meta name=\"robots\" content=\"index, follow, max-snippet:-1, max-image-preview:large, max-video-preview:-1\" \/>\n<link rel=\"canonical\" href=\"https:\/\/www.truzzer.com\/pl\/produkt\/review-us-on-tripadvisor-hotel-door-hanger-with-tripadvisor-review-qr-code\/\" \/>\n<meta property=\"og:locale\" content=\"pl_PL\" \/>\n<meta property=\"og:type\" content=\"article\" \/>\n<meta property=\"og:title\" content=\"Review us on TripAdvisor hotel door hanger with... | truzzer\" \/>\n<meta property=\"og:description\" content=\"Wi\u0119cej opinii TripAdvisor z Review us on TripAdvisor hotel door hanger with TripAdvisor review QR code od truzzer. \u0141atwa konfiguracja. Zam\u00f3w teraz!\" \/>\n<meta property=\"og:url\" content=\"https:\/\/www.truzzer.com\/pl\/produkt\/review-us-on-tripadvisor-hotel-door-hanger-with-tripadvisor-review-qr-code\/\" \/>\n<meta property=\"og:site_name\" content=\"truzzer\" \/>\n<meta property=\"article:modified_time\" content=\"2026-02-13T08:01:54+00:00\" \/>\n<meta property=\"og:image\" content=\"https:\/\/www.truzzer.com\/wp-content\/uploads\/2026\/02\/tripadvisor-review-door-hanger-for-hotels-truzzer-s-1.jpg\" \/>\n\t<meta property=\"og:image:width\" content=\"1200\" \/>\n\t<meta property=\"og:image:height\" content=\"1200\" \/>\n\t<meta property=\"og:image:type\" content=\"image\/jpeg\" \/>\n<meta name=\"twitter:card\" content=\"summary_large_image\" \/>\n<meta name=\"twitter:label1\" content=\"Szacowany czas czytania\" \/>\n\t<meta name=\"twitter:data1\" content=\"1 minuta\" \/>\n<script type=\"application\/ld+json\" class=\"yoast-schema-graph\">{\"@context\":\"https:\/\/schema.org\",\"@graph\":[{\"@type\":\"WebPage\",\"@id\":\"https:\/\/www.truzzer.com\/pl\/produkt\/review-us-on-tripadvisor-hotel-door-hanger-with-tripadvisor-review-qr-code\/\",\"url\":\"https:\/\/www.truzzer.com\/pl\/produkt\/review-us-on-tripadvisor-hotel-door-hanger-with-tripadvisor-review-qr-code\/\",\"name\":\"Review us on TripAdvisor hotel door hanger with... | truzzer\",\"isPartOf\":{\"@id\":\"https:\/\/www.truzzer.com\/pl\/#website\"},\"primaryImageOfPage\":{\"@id\":\"https:\/\/www.truzzer.com\/pl\/produkt\/review-us-on-tripadvisor-hotel-door-hanger-with-tripadvisor-review-qr-code\/#primaryimage\"},\"image\":{\"@id\":\"https:\/\/www.truzzer.com\/pl\/produkt\/review-us-on-tripadvisor-hotel-door-hanger-with-tripadvisor-review-qr-code\/#primaryimage\"},\"thumbnailUrl\":\"https:\/\/www.truzzer.com\/wp-content\/uploads\/2026\/02\/tripadvisor-review-door-hanger-for-hotels-truzzer-s-1.jpg\",\"datePublished\":\"2026-02-01T20:00:29+00:00\",\"dateModified\":\"2026-02-13T08:01:54+00:00\",\"description\":\"Wi\u0119cej opinii TripAdvisor z Review us on TripAdvisor hotel door hanger with TripAdvisor review QR code od truzzer. \u0141atwa konfiguracja. Zam\u00f3w teraz!\",\"breadcrumb\":{\"@id\":\"https:\/\/www.truzzer.com\/pl\/produkt\/review-us-on-tripadvisor-hotel-door-hanger-with-tripadvisor-review-qr-code\/#breadcrumb\"},\"inLanguage\":\"pl-PL\",\"potentialAction\":[{\"@type\":\"ReadAction\",\"target\":[\"https:\/\/www.truzzer.com\/pl\/produkt\/review-us-on-tripadvisor-hotel-door-hanger-with-tripadvisor-review-qr-code\/\"]}]},{\"@type\":\"ImageObject\",\"inLanguage\":\"pl-PL\",\"@id\":\"https:\/\/www.truzzer.com\/pl\/produkt\/review-us-on-tripadvisor-hotel-door-hanger-with-tripadvisor-review-qr-code\/#primaryimage\",\"url\":\"https:\/\/www.truzzer.com\/wp-content\/uploads\/2026\/02\/tripadvisor-review-door-hanger-for-hotels-truzzer-s-1.jpg\",\"contentUrl\":\"https:\/\/www.truzzer.com\/wp-content\/uploads\/2026\/02\/tripadvisor-review-door-hanger-for-hotels-truzzer-s-1.jpg\",\"width\":1200,\"height\":1200},{\"@type\":\"BreadcrumbList\",\"@id\":\"https:\/\/www.truzzer.com\/pl\/produkt\/review-us-on-tripadvisor-hotel-door-hanger-with-tripadvisor-review-qr-code\/#breadcrumb\",\"itemListElement\":[{\"@type\":\"ListItem\",\"position\":1,\"name\":\"Home\",\"item\":\"https:\/\/www.truzzer.com\/pl\/\"},{\"@type\":\"ListItem\",\"position\":2,\"name\":\"Sklep\",\"item\":\"https:\/\/www.truzzer.com\/pl\/sklep\/\"},{\"@type\":\"ListItem\",\"position\":3,\"name\":\"Oce\u0144 nas na temat wieszaka na drzwi hotelowe TripAdvisor z recenzj\u0105 TripAdvisor Kod QR\"}]},{\"@type\":\"WebSite\",\"@id\":\"https:\/\/www.truzzer.com\/pl\/#website\",\"url\":\"https:\/\/www.truzzer.com\/pl\/\",\"name\":\"truzzer\",\"description\":\"Experts for customer trust\",\"publisher\":{\"@id\":\"https:\/\/www.truzzer.com\/pl\/#organization\"},\"potentialAction\":[{\"@type\":\"SearchAction\",\"target\":{\"@type\":\"EntryPoint\",\"urlTemplate\":\"https:\/\/www.truzzer.com\/pl\/?s={search_term_string}\"},\"query-input\":{\"@type\":\"PropertyValueSpecification\",\"valueRequired\":true,\"valueName\":\"search_term_string\"}}],\"inLanguage\":\"pl-PL\"},{\"@type\":\"Organization\",\"@id\":\"https:\/\/www.truzzer.com\/pl\/#organization\",\"name\":\"truzzer\",\"url\":\"https:\/\/www.truzzer.com\/pl\/\",\"logo\":{\"@type\":\"ImageObject\",\"inLanguage\":\"pl-PL\",\"@id\":\"https:\/\/www.truzzer.com\/pl\/#\/schema\/logo\/image\/\",\"url\":\"https:\/\/truzzer.com\/wp-content\/uploads\/2026\/01\/truzzer-logo-black-1.svg\",\"contentUrl\":\"https:\/\/truzzer.com\/wp-content\/uploads\/2026\/01\/truzzer-logo-black-1.svg\",\"width\":938,\"height\":199,\"caption\":\"truzzer\"},\"image\":{\"@id\":\"https:\/\/www.truzzer.com\/pl\/#\/schema\/logo\/image\/\"}}]}<\/script>\n<!-- \/ Yoast SEO plugin. -->","yoast_head_json":{"title":"Review us on TripAdvisor hotel door hanger with... | truzzer","description":"Wi\u0119cej opinii TripAdvisor z Review us on TripAdvisor hotel door hanger with TripAdvisor review QR code od truzzer. \u0141atwa konfiguracja. Zam\u00f3w teraz!","robots":{"index":"index","follow":"follow","max-snippet":"max-snippet:-1","max-image-preview":"max-image-preview:large","max-video-preview":"max-video-preview:-1"},"canonical":"https:\/\/www.truzzer.com\/pl\/produkt\/review-us-on-tripadvisor-hotel-door-hanger-with-tripadvisor-review-qr-code\/","og_locale":"pl_PL","og_type":"article","og_title":"Review us on TripAdvisor hotel door hanger with... | truzzer","og_description":"Wi\u0119cej opinii TripAdvisor z Review us on TripAdvisor hotel door hanger with TripAdvisor review QR code od truzzer. \u0141atwa konfiguracja. Zam\u00f3w teraz!","og_url":"https:\/\/www.truzzer.com\/pl\/produkt\/review-us-on-tripadvisor-hotel-door-hanger-with-tripadvisor-review-qr-code\/","og_site_name":"truzzer","article_modified_time":"2026-02-13T08:01:54+00:00","og_image":[{"width":1200,"height":1200,"url":"https:\/\/www.truzzer.com\/wp-content\/uploads\/2026\/02\/tripadvisor-review-door-hanger-for-hotels-truzzer-s-1.jpg","type":"image\/jpeg"}],"twitter_card":"summary_large_image","twitter_misc":{"Szacowany czas czytania":"1 minuta"},"schema":{"@context":"https:\/\/schema.org","@graph":[{"@type":"WebPage","@id":"https:\/\/www.truzzer.com\/pl\/produkt\/review-us-on-tripadvisor-hotel-door-hanger-with-tripadvisor-review-qr-code\/","url":"https:\/\/www.truzzer.com\/pl\/produkt\/review-us-on-tripadvisor-hotel-door-hanger-with-tripadvisor-review-qr-code\/","name":"Review us on TripAdvisor hotel door hanger with... | truzzer","isPartOf":{"@id":"https:\/\/www.truzzer.com\/pl\/#website"},"primaryImageOfPage":{"@id":"https:\/\/www.truzzer.com\/pl\/produkt\/review-us-on-tripadvisor-hotel-door-hanger-with-tripadvisor-review-qr-code\/#primaryimage"},"image":{"@id":"https:\/\/www.truzzer.com\/pl\/produkt\/review-us-on-tripadvisor-hotel-door-hanger-with-tripadvisor-review-qr-code\/#primaryimage"},"thumbnailUrl":"https:\/\/www.truzzer.com\/wp-content\/uploads\/2026\/02\/tripadvisor-review-door-hanger-for-hotels-truzzer-s-1.jpg","datePublished":"2026-02-01T20:00:29+00:00","dateModified":"2026-02-13T08:01:54+00:00","description":"Wi\u0119cej opinii TripAdvisor z Review us on TripAdvisor hotel door hanger with TripAdvisor review QR code od truzzer. \u0141atwa konfiguracja. Zam\u00f3w teraz!","breadcrumb":{"@id":"https:\/\/www.truzzer.com\/pl\/produkt\/review-us-on-tripadvisor-hotel-door-hanger-with-tripadvisor-review-qr-code\/#breadcrumb"},"inLanguage":"pl-PL","potentialAction":[{"@type":"ReadAction","target":["https:\/\/www.truzzer.com\/pl\/produkt\/review-us-on-tripadvisor-hotel-door-hanger-with-tripadvisor-review-qr-code\/"]}]},{"@type":"ImageObject","inLanguage":"pl-PL","@id":"https:\/\/www.truzzer.com\/pl\/produkt\/review-us-on-tripadvisor-hotel-door-hanger-with-tripadvisor-review-qr-code\/#primaryimage","url":"https:\/\/www.truzzer.com\/wp-content\/uploads\/2026\/02\/tripadvisor-review-door-hanger-for-hotels-truzzer-s-1.jpg","contentUrl":"https:\/\/www.truzzer.com\/wp-content\/uploads\/2026\/02\/tripadvisor-review-door-hanger-for-hotels-truzzer-s-1.jpg","width":1200,"height":1200},{"@type":"BreadcrumbList","@id":"https:\/\/www.truzzer.com\/pl\/produkt\/review-us-on-tripadvisor-hotel-door-hanger-with-tripadvisor-review-qr-code\/#breadcrumb","itemListElement":[{"@type":"ListItem","position":1,"name":"Home","item":"https:\/\/www.truzzer.com\/pl\/"},{"@type":"ListItem","position":2,"name":"Sklep","item":"https:\/\/www.truzzer.com\/pl\/sklep\/"},{"@type":"ListItem","position":3,"name":"Oce\u0144 nas na temat wieszaka na drzwi hotelowe TripAdvisor z recenzj\u0105 TripAdvisor Kod QR"}]},{"@type":"WebSite","@id":"https:\/\/www.truzzer.com\/pl\/#website","url":"https:\/\/www.truzzer.com\/pl\/","name":"truzzer","description":"Experts for customer trust","publisher":{"@id":"https:\/\/www.truzzer.com\/pl\/#organization"},"potentialAction":[{"@type":"SearchAction","target":{"@type":"EntryPoint","urlTemplate":"https:\/\/www.truzzer.com\/pl\/?s={search_term_string}"},"query-input":{"@type":"PropertyValueSpecification","valueRequired":true,"valueName":"search_term_string"}}],"inLanguage":"pl-PL"},{"@type":"Organization","@id":"https:\/\/www.truzzer.com\/pl\/#organization","name":"truzzer","url":"https:\/\/www.truzzer.com\/pl\/","logo":{"@type":"ImageObject","inLanguage":"pl-PL","@id":"https:\/\/www.truzzer.com\/pl\/#\/schema\/logo\/image\/","url":"https:\/\/truzzer.com\/wp-content\/uploads\/2026\/01\/truzzer-logo-black-1.svg","contentUrl":"https:\/\/truzzer.com\/wp-content\/uploads\/2026\/01\/truzzer-logo-black-1.svg","width":938,"height":199,"caption":"truzzer"},"image":{"@id":"https:\/\/www.truzzer.com\/pl\/#\/schema\/logo\/image\/"}}]}},"tiered_pricing_type":"fixed","tiered_pricing_fixed_rules":[],"tiered_pricing_product_settings":{"layout":"default","base_unit_name":{"singular":null,"plural":null},"default_variation":null},"tiered_pricing_minimum_quantity":null,"tiered_pricing_roles_data":[],"tiered_pricing_percentage_rules":[],"tiered_pricing_maximum_quantity":null,"tiered_pricing_quantity_step":null,"_links":{"self":[{"href":"https:\/\/www.truzzer.com\/pl\/wp-json\/wp\/v2\/product\/100833","targetHints":{"allow":["GET"]}}],"collection":[{"href":"https:\/\/www.truzzer.com\/pl\/wp-json\/wp\/v2\/product"}],"about":[{"href":"https:\/\/www.truzzer.com\/pl\/wp-json\/wp\/v2\/types\/product"}],"replies":[{"embeddable":true,"href":"https:\/\/www.truzzer.com\/pl\/wp-json\/wp\/v2\/comments?post=100833"}],"wp:featuredmedia":[{"embeddable":true,"href":"https:\/\/www.truzzer.com\/pl\/wp-json\/wp\/v2\/media\/100838"}],"wp:attachment":[{"href":"https:\/\/www.truzzer.com\/pl\/wp-json\/wp\/v2\/media?parent=100833"}],"wp:term":[{"taxonomy":"product_brand","embeddable":true,"href":"https:\/\/www.truzzer.com\/pl\/wp-json\/wp\/v2\/product_brand?post=100833"},{"taxonomy":"product_cat","embeddable":true,"href":"https:\/\/www.truzzer.com\/pl\/wp-json\/wp\/v2\/product_cat?post=100833"},{"taxonomy":"product_tag","embeddable":true,"href":"https:\/\/www.truzzer.com\/pl\/wp-json\/wp\/v2\/product_tag?post=100833"}],"curies":[{"name":"wp","href":"https:\/\/api.w.org\/{rel}","templated":true}]}}