{"id":100875,"date":"2026-02-01T20:00:04","date_gmt":"2026-02-01T20:00:04","guid":{"rendered":"https:\/\/beta.truzzer.com\/product\/google-review-nfc-action-button\/"},"modified":"2026-02-13T08:05:34","modified_gmt":"2026-02-13T08:05:34","slug":"google-review-nfc-action-button","status":"publish","type":"product","link":"https:\/\/www.truzzer.com\/pl\/produkt\/google-review-nfc-action-button\/","title":{"rendered":"Recenzja Google Przycisk akcji NFC"},"content":{"rendered":"","protected":false},"excerpt":{"rendered":"<p>Odkryj przyciski akcji truzzer NFC. truzzers Przyciski akcji NFC usprawni\u0105 lokalny marketing cyfrowy Twojej firmy i u\u0142atwi\u0105 Twoim klientom nawi\u0105zanie kontaktu z Tob\u0105, poniewa\u017c przyciski akcji NFC eliminuj\u0105 barier\u0119 mi\u0119dzy trybem offline i online.<\/p>\n<p>Wszystko, co musz\u0105 zrobi\u0107 Twoi klienci, to trzyma\u0107 smartfon w pobli\u017cu przycisku akcji, a na smartfonach Twoich klient\u00f3w otworzy si\u0119 bezpo\u015brednia recenzja Google \u2013 bez wyszukiwania, bez pr\u00f3\u015bb i bez pyta\u0144.<\/p>\n<p>\u0141atwy w u\u017cyciu, wystarczy przytrzyma\u0107 smartfon w pobli\u017cu przycisku akcji, a akcja otworzy si\u0119 na smartfonach klient\u00f3w.<br \/>\nCzysto\u015b\u0107: przyciski akcji s\u0105 wodoodporne i mo\u017cna je czy\u015bci\u0107.<br \/>\nTrwa\u0142o\u015b\u0107: Pow\u0142oka klej\u0105ca przylega do wszystkich p\u0142askich powierzchni (sto\u0142y, okna itp.).<br \/>\nPrzyci\u0105gaj\u0105ce wzrok &amp; Wybitne: Przyciski akcji o wysoko\u015bci nieco poni\u017cej 1 centymetra wyr\u00f3\u017cniaj\u0105 si\u0119 i naprawd\u0119 przyci\u0105gaj\u0105 wzrok.<br \/>\nWygoda dla Ciebie: Podaj swoje dane w poni\u017cszej konfiguracji, a my zajmiemy si\u0119 po\u0142\u0105czeniem.<\/p>\n","protected":false},"featured_media":100879,"comment_status":"open","ping_status":"closed","template":"","meta":{"_acf_changed":false,"_yoast_wpseo_focuskw":"Opinia Google Produkt","_yoast_wpseo_title":"Google review NFC action Button | truzzer","_yoast_wpseo_metadesc":"Wi\u0119cej 5-gwiazdkowych opinii Google z Google review NFC action Button od truzzer. \u0141atwa konfiguracja, gotowe do u\u017cycia. Zam\u00f3w teraz!"},"product_brand":[1652],"product_cat":[1538,576,1539,1509,1537],"product_tag":[],"class_list":{"0":"post-100875","1":"product","2":"type-product","3":"status-publish","4":"has-post-thumbnail","6":"product_brand-google","7":"product_cat-nfc-naklejki","8":"product_cat-nfc-produkty","9":"product_cat-nfc-tagi-i-przyciski","10":"product_cat-opinia-google-naklejki","11":"product_cat-opinia-google-naklejki-z-nfc","12":"pa_material-plastic","13":"pa_product-type-nfc-tags","14":"pa_technology-nfc","16":"first","17":"instock","18":"taxable","19":"shipping-taxable","20":"purchasable","21":"product-type-simple"},"acf":[],"yoast_head":"<!-- This site is optimized with the Yoast SEO plugin v27.0 - https:\/\/yoast.com\/product\/yoast-seo-wordpress\/ -->\n<title>Google review NFC action Button | truzzer<\/title>\n<meta name=\"description\" content=\"Wi\u0119cej 5-gwiazdkowych opinii Google z Google review NFC action Button od truzzer. \u0141atwa konfiguracja, gotowe do u\u017cycia. Zam\u00f3w teraz!\" \/>\n<meta name=\"robots\" content=\"index, follow, max-snippet:-1, max-image-preview:large, max-video-preview:-1\" \/>\n<link rel=\"canonical\" href=\"https:\/\/www.truzzer.com\/pl\/produkt\/google-review-nfc-action-button\/\" \/>\n<meta property=\"og:locale\" content=\"pl_PL\" \/>\n<meta property=\"og:type\" content=\"article\" \/>\n<meta property=\"og:title\" content=\"Google review NFC action Button | truzzer\" \/>\n<meta property=\"og:description\" content=\"Wi\u0119cej 5-gwiazdkowych opinii Google z Google review NFC action Button od truzzer. \u0141atwa konfiguracja, gotowe do u\u017cycia. Zam\u00f3w teraz!\" \/>\n<meta property=\"og:url\" content=\"https:\/\/www.truzzer.com\/pl\/produkt\/google-review-nfc-action-button\/\" \/>\n<meta property=\"og:site_name\" content=\"truzzer\" \/>\n<meta property=\"article:modified_time\" content=\"2026-02-13T08:05:34+00:00\" \/>\n<meta property=\"og:image\" content=\"https:\/\/www.truzzer.com\/wp-content\/uploads\/2026\/02\/NFC-ACTION-BUTTON-GOogle-review-truzzer-1-S-2.jpg\" \/>\n\t<meta property=\"og:image:width\" content=\"1400\" \/>\n\t<meta property=\"og:image:height\" content=\"1400\" \/>\n\t<meta property=\"og:image:type\" content=\"image\/jpeg\" \/>\n<meta name=\"twitter:card\" content=\"summary_large_image\" \/>\n<script type=\"application\/ld+json\" class=\"yoast-schema-graph\">{\"@context\":\"https:\/\/schema.org\",\"@graph\":[{\"@type\":\"WebPage\",\"@id\":\"https:\/\/www.truzzer.com\/pl\/produkt\/google-review-nfc-action-button\/\",\"url\":\"https:\/\/www.truzzer.com\/pl\/produkt\/google-review-nfc-action-button\/\",\"name\":\"Google review NFC action Button | truzzer\",\"isPartOf\":{\"@id\":\"https:\/\/www.truzzer.com\/pl\/#website\"},\"primaryImageOfPage\":{\"@id\":\"https:\/\/www.truzzer.com\/pl\/produkt\/google-review-nfc-action-button\/#primaryimage\"},\"image\":{\"@id\":\"https:\/\/www.truzzer.com\/pl\/produkt\/google-review-nfc-action-button\/#primaryimage\"},\"thumbnailUrl\":\"https:\/\/www.truzzer.com\/wp-content\/uploads\/2026\/02\/NFC-ACTION-BUTTON-GOogle-review-truzzer-1-S-2.jpg\",\"datePublished\":\"2026-02-01T20:00:04+00:00\",\"dateModified\":\"2026-02-13T08:05:34+00:00\",\"description\":\"Wi\u0119cej 5-gwiazdkowych opinii Google z Google review NFC action Button od truzzer. \u0141atwa konfiguracja, gotowe do u\u017cycia. Zam\u00f3w teraz!\",\"breadcrumb\":{\"@id\":\"https:\/\/www.truzzer.com\/pl\/produkt\/google-review-nfc-action-button\/#breadcrumb\"},\"inLanguage\":\"pl-PL\",\"potentialAction\":[{\"@type\":\"ReadAction\",\"target\":[\"https:\/\/www.truzzer.com\/pl\/produkt\/google-review-nfc-action-button\/\"]}]},{\"@type\":\"ImageObject\",\"inLanguage\":\"pl-PL\",\"@id\":\"https:\/\/www.truzzer.com\/pl\/produkt\/google-review-nfc-action-button\/#primaryimage\",\"url\":\"https:\/\/www.truzzer.com\/wp-content\/uploads\/2026\/02\/NFC-ACTION-BUTTON-GOogle-review-truzzer-1-S-2.jpg\",\"contentUrl\":\"https:\/\/www.truzzer.com\/wp-content\/uploads\/2026\/02\/NFC-ACTION-BUTTON-GOogle-review-truzzer-1-S-2.jpg\",\"width\":1400,\"height\":1400},{\"@type\":\"BreadcrumbList\",\"@id\":\"https:\/\/www.truzzer.com\/pl\/produkt\/google-review-nfc-action-button\/#breadcrumb\",\"itemListElement\":[{\"@type\":\"ListItem\",\"position\":1,\"name\":\"Home\",\"item\":\"https:\/\/www.truzzer.com\/pl\/\"},{\"@type\":\"ListItem\",\"position\":2,\"name\":\"Sklep\",\"item\":\"https:\/\/www.truzzer.com\/pl\/sklep\/\"},{\"@type\":\"ListItem\",\"position\":3,\"name\":\"Recenzja Google Przycisk akcji NFC\"}]},{\"@type\":\"WebSite\",\"@id\":\"https:\/\/www.truzzer.com\/pl\/#website\",\"url\":\"https:\/\/www.truzzer.com\/pl\/\",\"name\":\"truzzer\",\"description\":\"Experts for customer trust\",\"publisher\":{\"@id\":\"https:\/\/www.truzzer.com\/pl\/#organization\"},\"potentialAction\":[{\"@type\":\"SearchAction\",\"target\":{\"@type\":\"EntryPoint\",\"urlTemplate\":\"https:\/\/www.truzzer.com\/pl\/?s={search_term_string}\"},\"query-input\":{\"@type\":\"PropertyValueSpecification\",\"valueRequired\":true,\"valueName\":\"search_term_string\"}}],\"inLanguage\":\"pl-PL\"},{\"@type\":\"Organization\",\"@id\":\"https:\/\/www.truzzer.com\/pl\/#organization\",\"name\":\"truzzer\",\"url\":\"https:\/\/www.truzzer.com\/pl\/\",\"logo\":{\"@type\":\"ImageObject\",\"inLanguage\":\"pl-PL\",\"@id\":\"https:\/\/www.truzzer.com\/pl\/#\/schema\/logo\/image\/\",\"url\":\"https:\/\/truzzer.com\/wp-content\/uploads\/2026\/01\/truzzer-logo-black-1.svg\",\"contentUrl\":\"https:\/\/truzzer.com\/wp-content\/uploads\/2026\/01\/truzzer-logo-black-1.svg\",\"width\":938,\"height\":199,\"caption\":\"truzzer\"},\"image\":{\"@id\":\"https:\/\/www.truzzer.com\/pl\/#\/schema\/logo\/image\/\"}}]}<\/script>\n<!-- \/ Yoast SEO plugin. -->","yoast_head_json":{"title":"Google review NFC action Button | truzzer","description":"Wi\u0119cej 5-gwiazdkowych opinii Google z Google review NFC action Button od truzzer. \u0141atwa konfiguracja, gotowe do u\u017cycia. Zam\u00f3w teraz!","robots":{"index":"index","follow":"follow","max-snippet":"max-snippet:-1","max-image-preview":"max-image-preview:large","max-video-preview":"max-video-preview:-1"},"canonical":"https:\/\/www.truzzer.com\/pl\/produkt\/google-review-nfc-action-button\/","og_locale":"pl_PL","og_type":"article","og_title":"Google review NFC action Button | truzzer","og_description":"Wi\u0119cej 5-gwiazdkowych opinii Google z Google review NFC action Button od truzzer. \u0141atwa konfiguracja, gotowe do u\u017cycia. Zam\u00f3w teraz!","og_url":"https:\/\/www.truzzer.com\/pl\/produkt\/google-review-nfc-action-button\/","og_site_name":"truzzer","article_modified_time":"2026-02-13T08:05:34+00:00","og_image":[{"width":1400,"height":1400,"url":"https:\/\/www.truzzer.com\/wp-content\/uploads\/2026\/02\/NFC-ACTION-BUTTON-GOogle-review-truzzer-1-S-2.jpg","type":"image\/jpeg"}],"twitter_card":"summary_large_image","schema":{"@context":"https:\/\/schema.org","@graph":[{"@type":"WebPage","@id":"https:\/\/www.truzzer.com\/pl\/produkt\/google-review-nfc-action-button\/","url":"https:\/\/www.truzzer.com\/pl\/produkt\/google-review-nfc-action-button\/","name":"Google review NFC action Button | truzzer","isPartOf":{"@id":"https:\/\/www.truzzer.com\/pl\/#website"},"primaryImageOfPage":{"@id":"https:\/\/www.truzzer.com\/pl\/produkt\/google-review-nfc-action-button\/#primaryimage"},"image":{"@id":"https:\/\/www.truzzer.com\/pl\/produkt\/google-review-nfc-action-button\/#primaryimage"},"thumbnailUrl":"https:\/\/www.truzzer.com\/wp-content\/uploads\/2026\/02\/NFC-ACTION-BUTTON-GOogle-review-truzzer-1-S-2.jpg","datePublished":"2026-02-01T20:00:04+00:00","dateModified":"2026-02-13T08:05:34+00:00","description":"Wi\u0119cej 5-gwiazdkowych opinii Google z Google review NFC action Button od truzzer. \u0141atwa konfiguracja, gotowe do u\u017cycia. Zam\u00f3w teraz!","breadcrumb":{"@id":"https:\/\/www.truzzer.com\/pl\/produkt\/google-review-nfc-action-button\/#breadcrumb"},"inLanguage":"pl-PL","potentialAction":[{"@type":"ReadAction","target":["https:\/\/www.truzzer.com\/pl\/produkt\/google-review-nfc-action-button\/"]}]},{"@type":"ImageObject","inLanguage":"pl-PL","@id":"https:\/\/www.truzzer.com\/pl\/produkt\/google-review-nfc-action-button\/#primaryimage","url":"https:\/\/www.truzzer.com\/wp-content\/uploads\/2026\/02\/NFC-ACTION-BUTTON-GOogle-review-truzzer-1-S-2.jpg","contentUrl":"https:\/\/www.truzzer.com\/wp-content\/uploads\/2026\/02\/NFC-ACTION-BUTTON-GOogle-review-truzzer-1-S-2.jpg","width":1400,"height":1400},{"@type":"BreadcrumbList","@id":"https:\/\/www.truzzer.com\/pl\/produkt\/google-review-nfc-action-button\/#breadcrumb","itemListElement":[{"@type":"ListItem","position":1,"name":"Home","item":"https:\/\/www.truzzer.com\/pl\/"},{"@type":"ListItem","position":2,"name":"Sklep","item":"https:\/\/www.truzzer.com\/pl\/sklep\/"},{"@type":"ListItem","position":3,"name":"Recenzja Google Przycisk akcji NFC"}]},{"@type":"WebSite","@id":"https:\/\/www.truzzer.com\/pl\/#website","url":"https:\/\/www.truzzer.com\/pl\/","name":"truzzer","description":"Experts for customer trust","publisher":{"@id":"https:\/\/www.truzzer.com\/pl\/#organization"},"potentialAction":[{"@type":"SearchAction","target":{"@type":"EntryPoint","urlTemplate":"https:\/\/www.truzzer.com\/pl\/?s={search_term_string}"},"query-input":{"@type":"PropertyValueSpecification","valueRequired":true,"valueName":"search_term_string"}}],"inLanguage":"pl-PL"},{"@type":"Organization","@id":"https:\/\/www.truzzer.com\/pl\/#organization","name":"truzzer","url":"https:\/\/www.truzzer.com\/pl\/","logo":{"@type":"ImageObject","inLanguage":"pl-PL","@id":"https:\/\/www.truzzer.com\/pl\/#\/schema\/logo\/image\/","url":"https:\/\/truzzer.com\/wp-content\/uploads\/2026\/01\/truzzer-logo-black-1.svg","contentUrl":"https:\/\/truzzer.com\/wp-content\/uploads\/2026\/01\/truzzer-logo-black-1.svg","width":938,"height":199,"caption":"truzzer"},"image":{"@id":"https:\/\/www.truzzer.com\/pl\/#\/schema\/logo\/image\/"}}]}},"tiered_pricing_type":"fixed","tiered_pricing_fixed_rules":[],"tiered_pricing_product_settings":{"layout":"default","base_unit_name":{"singular":null,"plural":null},"default_variation":null},"tiered_pricing_minimum_quantity":null,"tiered_pricing_roles_data":[],"tiered_pricing_percentage_rules":[],"tiered_pricing_maximum_quantity":null,"tiered_pricing_quantity_step":null,"_links":{"self":[{"href":"https:\/\/www.truzzer.com\/pl\/wp-json\/wp\/v2\/product\/100875","targetHints":{"allow":["GET"]}}],"collection":[{"href":"https:\/\/www.truzzer.com\/pl\/wp-json\/wp\/v2\/product"}],"about":[{"href":"https:\/\/www.truzzer.com\/pl\/wp-json\/wp\/v2\/types\/product"}],"replies":[{"embeddable":true,"href":"https:\/\/www.truzzer.com\/pl\/wp-json\/wp\/v2\/comments?post=100875"}],"wp:featuredmedia":[{"embeddable":true,"href":"https:\/\/www.truzzer.com\/pl\/wp-json\/wp\/v2\/media\/100879"}],"wp:attachment":[{"href":"https:\/\/www.truzzer.com\/pl\/wp-json\/wp\/v2\/media?parent=100875"}],"wp:term":[{"taxonomy":"product_brand","embeddable":true,"href":"https:\/\/www.truzzer.com\/pl\/wp-json\/wp\/v2\/product_brand?post=100875"},{"taxonomy":"product_cat","embeddable":true,"href":"https:\/\/www.truzzer.com\/pl\/wp-json\/wp\/v2\/product_cat?post=100875"},{"taxonomy":"product_tag","embeddable":true,"href":"https:\/\/www.truzzer.com\/pl\/wp-json\/wp\/v2\/product_tag?post=100875"}],"curies":[{"name":"wp","href":"https:\/\/api.w.org\/{rel}","templated":true}]}}