{"id":100913,"date":"2026-02-01T19:59:26","date_gmt":"2026-02-01T19:59:26","guid":{"rendered":"https:\/\/beta.truzzer.com\/product\/tripadvisor-recensie-nfc-tag-actieknop\/"},"modified":"2026-02-13T08:08:02","modified_gmt":"2026-02-13T08:08:02","slug":"tripadvisor-recensie-nfc-tag-actieknop","status":"publish","type":"product","link":"https:\/\/www.truzzer.com\/pl\/produkt\/tripadvisor-recensie-nfc-tag-actieknop\/","title":{"rendered":"TripAdvisor-recenzja NFC-tag Actieknop"},"content":{"rendered":"","protected":false},"excerpt":{"rendered":"<p>Ontdek de NFC-actieknoppen van truzzer. De NFC-dzia\u0142anie przez truzzer jest lokalnym marketingiem cyfrowym, kt\u00f3ry mo\u017ce pom\u00f3c w tworzeniu het je klanten gemakkelijk om contact met je op te nemen. De NFC-actieknoppen nemen de barri\u00e8re tussen offline i online weg. Je klanten alleen maar hun smartfon mo\u017ce dzia\u0142a\u0107 w ten spos\u00f3b w TripAdvisor-recensie wordt bezpo\u015brednio na smartfonie, je\u015bli klanten geopend \u2013 zonder zoeken, zonder verzoeken, zonder vragen.<\/p>\n<ul>\n<li> Gemakkelijk te gebruiken: houd de smartphon gewoon bij de actieknop en the action wordt geststart op de Smartphones van de klanten.<\/li>\n<li> Schoon: De actieknoppen zijn waterdicht en kunnen worden schoongemaakt met een afwasmiddel.<\/li>\n<li> Duurzaam: De kleeflaag hecht op alle vlakke oppervlakken (tafels, ramen, enz.).<\/li>\n<li> Opvallend &amp; Wybitny: Met een hoogte van iets minder dan 1 centymetr vallen de Action Buttons open en zijn een echte blikvanger.<\/li>\n<li> Handig voor u: Vul hieronder uw gegevens in, dan zorgen wij voor de koppeling.<\/li>\n<\/ul>\n","protected":false},"featured_media":100915,"comment_status":"open","ping_status":"closed","template":"","meta":{"_acf_changed":false,"_yoast_wpseo_focuskw":"Opinia TripAdvisor NFC Tag","_yoast_wpseo_title":"TripAdvisor-recensie NFC-tag Actieknop | truzzer","_yoast_wpseo_metadesc":"Wzmocnij reputacj\u0119 TripAdvisor z TripAdvisor-recensie NFC-tag Actieknop od truzzer. \u0141atwa konfiguracja, gotowe do u\u017cycia. Zam\u00f3w teraz!"},"product_brand":[1687],"product_cat":[576,1541],"product_tag":[],"class_list":{"0":"post-100913","1":"product","2":"type-product","3":"status-publish","4":"has-post-thumbnail","6":"product_brand-tripadvisor","7":"product_cat-nfc-produkty","8":"product_cat-opinie-tripadvisor-wizytowki-z-nfc","9":"pa_industry-biuro-doradztwo","10":"pa_industry-lokale-diensten","11":"pa_industry-onroerend-go","12":"pa_material-karton","13":"pa_placement-broszura","14":"pa_placement-portemonnee-personlijk","15":"pa_placement-recepcja-balie","16":"pa_product-type-nfc-tags","17":"pa_technology-nfc","19":"first","20":"instock","21":"taxable","22":"shipping-taxable","23":"purchasable","24":"product-type-simple"},"acf":[],"yoast_head":"<!-- This site is optimized with the Yoast SEO plugin v27.0 - https:\/\/yoast.com\/product\/yoast-seo-wordpress\/ -->\n<title>TripAdvisor-recensie NFC-tag Actieknop | truzzer<\/title>\n<meta name=\"description\" content=\"Wzmocnij reputacj\u0119 TripAdvisor z TripAdvisor-recensie NFC-tag Actieknop od truzzer. \u0141atwa konfiguracja, gotowe do u\u017cycia. Zam\u00f3w teraz!\" \/>\n<meta name=\"robots\" content=\"index, follow, max-snippet:-1, max-image-preview:large, max-video-preview:-1\" \/>\n<link rel=\"canonical\" href=\"https:\/\/www.truzzer.com\/pl\/produkt\/tripadvisor-recensie-nfc-tag-actieknop\/\" \/>\n<meta property=\"og:locale\" content=\"pl_PL\" \/>\n<meta property=\"og:type\" content=\"article\" \/>\n<meta property=\"og:title\" content=\"TripAdvisor-recensie NFC-tag Actieknop | truzzer\" \/>\n<meta property=\"og:description\" content=\"Wzmocnij reputacj\u0119 TripAdvisor z TripAdvisor-recensie NFC-tag Actieknop od truzzer. \u0141atwa konfiguracja, gotowe do u\u017cycia. Zam\u00f3w teraz!\" \/>\n<meta property=\"og:url\" content=\"https:\/\/www.truzzer.com\/pl\/produkt\/tripadvisor-recensie-nfc-tag-actieknop\/\" \/>\n<meta property=\"og:site_name\" content=\"truzzer\" \/>\n<meta property=\"article:modified_time\" content=\"2026-02-13T08:08:02+00:00\" \/>\n<meta property=\"og:image\" content=\"https:\/\/www.truzzer.com\/wp-content\/uploads\/2026\/02\/nfc-action-button-tripadvisor-bewertungen-empfehlio-truzzer-3.jpg\" \/>\n\t<meta property=\"og:image:width\" content=\"1400\" \/>\n\t<meta property=\"og:image:height\" content=\"1400\" \/>\n\t<meta property=\"og:image:type\" content=\"image\/jpeg\" \/>\n<meta name=\"twitter:card\" content=\"summary_large_image\" \/>\n<script type=\"application\/ld+json\" class=\"yoast-schema-graph\">{\"@context\":\"https:\/\/schema.org\",\"@graph\":[{\"@type\":\"WebPage\",\"@id\":\"https:\/\/www.truzzer.com\/pl\/produkt\/tripadvisor-recensie-nfc-tag-actieknop\/\",\"url\":\"https:\/\/www.truzzer.com\/pl\/produkt\/tripadvisor-recensie-nfc-tag-actieknop\/\",\"name\":\"TripAdvisor-recensie NFC-tag Actieknop | truzzer\",\"isPartOf\":{\"@id\":\"https:\/\/www.truzzer.com\/pl\/#website\"},\"primaryImageOfPage\":{\"@id\":\"https:\/\/www.truzzer.com\/pl\/produkt\/tripadvisor-recensie-nfc-tag-actieknop\/#primaryimage\"},\"image\":{\"@id\":\"https:\/\/www.truzzer.com\/pl\/produkt\/tripadvisor-recensie-nfc-tag-actieknop\/#primaryimage\"},\"thumbnailUrl\":\"https:\/\/www.truzzer.com\/wp-content\/uploads\/2026\/02\/nfc-action-button-tripadvisor-bewertungen-empfehlio-truzzer-3.jpg\",\"datePublished\":\"2026-02-01T19:59:26+00:00\",\"dateModified\":\"2026-02-13T08:08:02+00:00\",\"description\":\"Wzmocnij reputacj\u0119 TripAdvisor z TripAdvisor-recensie NFC-tag Actieknop od truzzer. \u0141atwa konfiguracja, gotowe do u\u017cycia. Zam\u00f3w teraz!\",\"breadcrumb\":{\"@id\":\"https:\/\/www.truzzer.com\/pl\/produkt\/tripadvisor-recensie-nfc-tag-actieknop\/#breadcrumb\"},\"inLanguage\":\"pl-PL\",\"potentialAction\":[{\"@type\":\"ReadAction\",\"target\":[\"https:\/\/www.truzzer.com\/pl\/produkt\/tripadvisor-recensie-nfc-tag-actieknop\/\"]}]},{\"@type\":\"ImageObject\",\"inLanguage\":\"pl-PL\",\"@id\":\"https:\/\/www.truzzer.com\/pl\/produkt\/tripadvisor-recensie-nfc-tag-actieknop\/#primaryimage\",\"url\":\"https:\/\/www.truzzer.com\/wp-content\/uploads\/2026\/02\/nfc-action-button-tripadvisor-bewertungen-empfehlio-truzzer-3.jpg\",\"contentUrl\":\"https:\/\/www.truzzer.com\/wp-content\/uploads\/2026\/02\/nfc-action-button-tripadvisor-bewertungen-empfehlio-truzzer-3.jpg\",\"width\":1400,\"height\":1400},{\"@type\":\"BreadcrumbList\",\"@id\":\"https:\/\/www.truzzer.com\/pl\/produkt\/tripadvisor-recensie-nfc-tag-actieknop\/#breadcrumb\",\"itemListElement\":[{\"@type\":\"ListItem\",\"position\":1,\"name\":\"Home\",\"item\":\"https:\/\/www.truzzer.com\/pl\/\"},{\"@type\":\"ListItem\",\"position\":2,\"name\":\"Sklep\",\"item\":\"https:\/\/www.truzzer.com\/pl\/sklep\/\"},{\"@type\":\"ListItem\",\"position\":3,\"name\":\"TripAdvisor-recenzja NFC-tag Actieknop\"}]},{\"@type\":\"WebSite\",\"@id\":\"https:\/\/www.truzzer.com\/pl\/#website\",\"url\":\"https:\/\/www.truzzer.com\/pl\/\",\"name\":\"truzzer\",\"description\":\"Experts for customer trust\",\"publisher\":{\"@id\":\"https:\/\/www.truzzer.com\/pl\/#organization\"},\"potentialAction\":[{\"@type\":\"SearchAction\",\"target\":{\"@type\":\"EntryPoint\",\"urlTemplate\":\"https:\/\/www.truzzer.com\/pl\/?s={search_term_string}\"},\"query-input\":{\"@type\":\"PropertyValueSpecification\",\"valueRequired\":true,\"valueName\":\"search_term_string\"}}],\"inLanguage\":\"pl-PL\"},{\"@type\":\"Organization\",\"@id\":\"https:\/\/www.truzzer.com\/pl\/#organization\",\"name\":\"truzzer\",\"url\":\"https:\/\/www.truzzer.com\/pl\/\",\"logo\":{\"@type\":\"ImageObject\",\"inLanguage\":\"pl-PL\",\"@id\":\"https:\/\/www.truzzer.com\/pl\/#\/schema\/logo\/image\/\",\"url\":\"https:\/\/truzzer.com\/wp-content\/uploads\/2026\/01\/truzzer-logo-black-1.svg\",\"contentUrl\":\"https:\/\/truzzer.com\/wp-content\/uploads\/2026\/01\/truzzer-logo-black-1.svg\",\"width\":938,\"height\":199,\"caption\":\"truzzer\"},\"image\":{\"@id\":\"https:\/\/www.truzzer.com\/pl\/#\/schema\/logo\/image\/\"}}]}<\/script>\n<!-- \/ Yoast SEO plugin. -->","yoast_head_json":{"title":"TripAdvisor-recensie NFC-tag Actieknop | truzzer","description":"Wzmocnij reputacj\u0119 TripAdvisor z TripAdvisor-recensie NFC-tag Actieknop od truzzer. \u0141atwa konfiguracja, gotowe do u\u017cycia. Zam\u00f3w teraz!","robots":{"index":"index","follow":"follow","max-snippet":"max-snippet:-1","max-image-preview":"max-image-preview:large","max-video-preview":"max-video-preview:-1"},"canonical":"https:\/\/www.truzzer.com\/pl\/produkt\/tripadvisor-recensie-nfc-tag-actieknop\/","og_locale":"pl_PL","og_type":"article","og_title":"TripAdvisor-recensie NFC-tag Actieknop | truzzer","og_description":"Wzmocnij reputacj\u0119 TripAdvisor z TripAdvisor-recensie NFC-tag Actieknop od truzzer. \u0141atwa konfiguracja, gotowe do u\u017cycia. Zam\u00f3w teraz!","og_url":"https:\/\/www.truzzer.com\/pl\/produkt\/tripadvisor-recensie-nfc-tag-actieknop\/","og_site_name":"truzzer","article_modified_time":"2026-02-13T08:08:02+00:00","og_image":[{"width":1400,"height":1400,"url":"https:\/\/www.truzzer.com\/wp-content\/uploads\/2026\/02\/nfc-action-button-tripadvisor-bewertungen-empfehlio-truzzer-3.jpg","type":"image\/jpeg"}],"twitter_card":"summary_large_image","schema":{"@context":"https:\/\/schema.org","@graph":[{"@type":"WebPage","@id":"https:\/\/www.truzzer.com\/pl\/produkt\/tripadvisor-recensie-nfc-tag-actieknop\/","url":"https:\/\/www.truzzer.com\/pl\/produkt\/tripadvisor-recensie-nfc-tag-actieknop\/","name":"TripAdvisor-recensie NFC-tag Actieknop | truzzer","isPartOf":{"@id":"https:\/\/www.truzzer.com\/pl\/#website"},"primaryImageOfPage":{"@id":"https:\/\/www.truzzer.com\/pl\/produkt\/tripadvisor-recensie-nfc-tag-actieknop\/#primaryimage"},"image":{"@id":"https:\/\/www.truzzer.com\/pl\/produkt\/tripadvisor-recensie-nfc-tag-actieknop\/#primaryimage"},"thumbnailUrl":"https:\/\/www.truzzer.com\/wp-content\/uploads\/2026\/02\/nfc-action-button-tripadvisor-bewertungen-empfehlio-truzzer-3.jpg","datePublished":"2026-02-01T19:59:26+00:00","dateModified":"2026-02-13T08:08:02+00:00","description":"Wzmocnij reputacj\u0119 TripAdvisor z TripAdvisor-recensie NFC-tag Actieknop od truzzer. \u0141atwa konfiguracja, gotowe do u\u017cycia. Zam\u00f3w teraz!","breadcrumb":{"@id":"https:\/\/www.truzzer.com\/pl\/produkt\/tripadvisor-recensie-nfc-tag-actieknop\/#breadcrumb"},"inLanguage":"pl-PL","potentialAction":[{"@type":"ReadAction","target":["https:\/\/www.truzzer.com\/pl\/produkt\/tripadvisor-recensie-nfc-tag-actieknop\/"]}]},{"@type":"ImageObject","inLanguage":"pl-PL","@id":"https:\/\/www.truzzer.com\/pl\/produkt\/tripadvisor-recensie-nfc-tag-actieknop\/#primaryimage","url":"https:\/\/www.truzzer.com\/wp-content\/uploads\/2026\/02\/nfc-action-button-tripadvisor-bewertungen-empfehlio-truzzer-3.jpg","contentUrl":"https:\/\/www.truzzer.com\/wp-content\/uploads\/2026\/02\/nfc-action-button-tripadvisor-bewertungen-empfehlio-truzzer-3.jpg","width":1400,"height":1400},{"@type":"BreadcrumbList","@id":"https:\/\/www.truzzer.com\/pl\/produkt\/tripadvisor-recensie-nfc-tag-actieknop\/#breadcrumb","itemListElement":[{"@type":"ListItem","position":1,"name":"Home","item":"https:\/\/www.truzzer.com\/pl\/"},{"@type":"ListItem","position":2,"name":"Sklep","item":"https:\/\/www.truzzer.com\/pl\/sklep\/"},{"@type":"ListItem","position":3,"name":"TripAdvisor-recenzja NFC-tag Actieknop"}]},{"@type":"WebSite","@id":"https:\/\/www.truzzer.com\/pl\/#website","url":"https:\/\/www.truzzer.com\/pl\/","name":"truzzer","description":"Experts for customer trust","publisher":{"@id":"https:\/\/www.truzzer.com\/pl\/#organization"},"potentialAction":[{"@type":"SearchAction","target":{"@type":"EntryPoint","urlTemplate":"https:\/\/www.truzzer.com\/pl\/?s={search_term_string}"},"query-input":{"@type":"PropertyValueSpecification","valueRequired":true,"valueName":"search_term_string"}}],"inLanguage":"pl-PL"},{"@type":"Organization","@id":"https:\/\/www.truzzer.com\/pl\/#organization","name":"truzzer","url":"https:\/\/www.truzzer.com\/pl\/","logo":{"@type":"ImageObject","inLanguage":"pl-PL","@id":"https:\/\/www.truzzer.com\/pl\/#\/schema\/logo\/image\/","url":"https:\/\/truzzer.com\/wp-content\/uploads\/2026\/01\/truzzer-logo-black-1.svg","contentUrl":"https:\/\/truzzer.com\/wp-content\/uploads\/2026\/01\/truzzer-logo-black-1.svg","width":938,"height":199,"caption":"truzzer"},"image":{"@id":"https:\/\/www.truzzer.com\/pl\/#\/schema\/logo\/image\/"}}]}},"tiered_pricing_type":"fixed","tiered_pricing_fixed_rules":[],"tiered_pricing_product_settings":{"layout":"default","base_unit_name":{"singular":null,"plural":null},"default_variation":null},"tiered_pricing_minimum_quantity":null,"tiered_pricing_roles_data":[],"tiered_pricing_percentage_rules":[],"tiered_pricing_maximum_quantity":null,"tiered_pricing_quantity_step":null,"_links":{"self":[{"href":"https:\/\/www.truzzer.com\/pl\/wp-json\/wp\/v2\/product\/100913","targetHints":{"allow":["GET"]}}],"collection":[{"href":"https:\/\/www.truzzer.com\/pl\/wp-json\/wp\/v2\/product"}],"about":[{"href":"https:\/\/www.truzzer.com\/pl\/wp-json\/wp\/v2\/types\/product"}],"replies":[{"embeddable":true,"href":"https:\/\/www.truzzer.com\/pl\/wp-json\/wp\/v2\/comments?post=100913"}],"wp:featuredmedia":[{"embeddable":true,"href":"https:\/\/www.truzzer.com\/pl\/wp-json\/wp\/v2\/media\/100915"}],"wp:attachment":[{"href":"https:\/\/www.truzzer.com\/pl\/wp-json\/wp\/v2\/media?parent=100913"}],"wp:term":[{"taxonomy":"product_brand","embeddable":true,"href":"https:\/\/www.truzzer.com\/pl\/wp-json\/wp\/v2\/product_brand?post=100913"},{"taxonomy":"product_cat","embeddable":true,"href":"https:\/\/www.truzzer.com\/pl\/wp-json\/wp\/v2\/product_cat?post=100913"},{"taxonomy":"product_tag","embeddable":true,"href":"https:\/\/www.truzzer.com\/pl\/wp-json\/wp\/v2\/product_tag?post=100913"}],"curies":[{"name":"wp","href":"https:\/\/api.w.org\/{rel}","templated":true}]}}