{"id":100937,"date":"2026-02-01T19:58:58","date_gmt":"2026-02-01T19:58:58","guid":{"rendered":"https:\/\/beta.truzzer.com\/product\/review-us-on-google-sticker-iconic\/"},"modified":"2026-02-13T08:14:01","modified_gmt":"2026-02-13T08:14:01","slug":"review-us-on-google-sticker-iconic","status":"publish","type":"product","link":"https:\/\/www.truzzer.com\/pl\/produkt\/review-us-on-google-sticker-iconic\/","title":{"rendered":"Oce\u0144 nas na temat naklejki Google Iconic"},"content":{"rendered":"<p>Dzi\u0119ki naklejkom z recenzjami truzzer Google z linkiem do kodu QR i w\u0142asnym logo mo\u017cesz szybciej otrzymywa\u0107 pozytywne recenzje od zadowolonych klient\u00f3w bezpo\u015brednio w swoim sklepie.<\/p>\n<p>W praktycznym okr\u0105g\u0142ym formacie sprawisz, \u017ce recenzja Google stanie si\u0119 namacalna dla Twoich klient\u00f3w.<br \/>\nUmie\u015b\u0107 naklejki w widocznym miejscu przy kasie, na drzwiach wej\u015bciowych lub w innym miejscu, w kt\u00f3rym klienci mog\u0105 je zobaczy\u0107.<\/p>\n<p>-Nadaje si\u0119 do u\u017cytku wewn\u0105trz i na zewn\u0105trz<br \/>\n&#8211; Odporny na warunki atmosferyczne<br \/>\n-Nadaje si\u0119 do ka\u017cdej g\u0142adkiej powierzchni<br \/>\n-Do sklep\u00f3w detalicznych, na drzwi lub jako naklejka na samoch\u00f3d Google<br \/>\n-Pokazuje Twoim klientom, \u017ce mog\u0105 Ci\u0119 znale\u017a\u0107 r\u00f3wnie\u017c na Google<br \/>\n&#8211; Specjalnie dla Ciebie<\/p>\n<p>Mo\u017cesz \u0142atwo spersonalizowa\u0107 naklejki z recenzjami Google swoim logo i dostosowa\u0107 je do swojej firmy.<\/p>\n<p>&nbsp;<\/p>\n<p>&nbsp;<\/p>\n<h3>Krok 1: Klient skanuje kod QR<\/h3>\n<p>Aby Ci\u0119 \u015bledzi\u0107, klient musi jedynie zeskanowa\u0107 kod QR. Wszystko, co musisz zrobi\u0107, to trzyma\u0107 aparat smartfona (nie jest wymagana dodatkowa aplikacja skanera) nad produktem.<\/p>\n<p><img decoding=\"async\" src=\"https:\/\/www.truzzer.com\/wp-content\/uploads\/2026\/02\/how-to-use-the-product-truzzer-google.jpg.webp\" class=\"alignnone wp-image-22402 size-full\" alt=\"Hand scanning a QR code for Google reviews on a smartphone.\"  > <\/p>\n<p>Na ekranie pojawi si\u0119 wyskakuj\u0105ce okienko (iPhone) lub pojawi si\u0119 kod QR (smartfony z systemem Android \/ Google).<\/p>\n<h3>Krok 2: Klient przechodzi bezpo\u015brednio do formularza recenzji Google<\/h3>\n<p>Formularz recenzji otworzy si\u0119 w przegl\u0105darce smartfona, a klient b\u0119dzie m\u00f3g\u0142 bezpo\u015brednio Ci\u0119 oceni\u0107.<\/p>\n<p>Uwaga:<br \/>\nPami\u0119taj, \u017ce aby uzyska\u0107 recenzje Google, wymagany jest profil Google Moja Firma.<\/p>\n<p>&nbsp;<\/p>\n","protected":false},"excerpt":{"rendered":"<p>Naklejki \u201eOce\u0144 nas na Google\u201d pomog\u0105 Ci szybciej uzyska\u0107 wi\u0119cej recenzji Google od klient\u00f3w.<\/p>\n<p>Samoprzylepne, przejrzyj nas na temat naklejek\/naklejek Google, kt\u00f3re pasuj\u0105 do ka\u017cdej firmy i przyklejaj\u0105 si\u0119 do ka\u017cdej p\u0142askiej powierzchni.<\/p>\n<p>-Nadaje si\u0119 do u\u017cytku wewn\u0105trz i na zewn\u0105trz<br \/>\n\u2013 Odporny na warunki atmosferyczne<br \/>\n-Nadaje si\u0119 do ka\u017cdej g\u0142adkiej powierzchni<br \/>\n-Do sklep\u00f3w detalicznych, na drzwi lub jako naklejka na samoch\u00f3d Google<br \/>\n-Pokazuje Twoim klientom, \u017ce mog\u0105 Ci\u0119 znale\u017a\u0107 r\u00f3wnie\u017c na Google<br \/>\n\u2013 Specjalnie dla Ciebie<\/p>\n<p>Stworzymy i po\u0142\u0105czymy dla Ciebie kod QR do bezpo\u015brednich recenzji na Twoim profilu Google!<br \/>\nPobieramy te informacje z adresu Twojej firmy. Wi\u0119cej informacji na temat dzia\u0142ania naklejek znajdziesz <a href=\"https:\/\/www.truzzer.com\/product\/review-us-on-google-sticker-minimal\/#tab-woodmart_custom_tab\">tutaj<\/a>.<br \/>\nDodaj swoje logo za pomoc\u0105 funkcji przesy\u0142ania.<\/p><\/p>\n","protected":false},"featured_media":100938,"comment_status":"open","ping_status":"closed","template":"","meta":{"_acf_changed":false,"_yoast_wpseo_focuskw":"Opinia Google Naklejka","_yoast_wpseo_title":"Review us on Google Sticker Iconic | truzzer","_yoast_wpseo_metadesc":"Wi\u0119cej 5-gwiazdkowych opinii Google z Review us on Google Sticker Iconic od truzzer. \u0141atwa konfiguracja, gotowe do u\u017cycia. Zam\u00f3w teraz!"},"product_brand":[1652],"product_cat":[519,518,1509,888,779],"product_tag":[],"class_list":{"0":"post-100937","1":"product","2":"type-product","3":"status-publish","4":"has-post-thumbnail","6":"product_brand-google","7":"product_cat-kod-qr-naklejki","8":"product_cat-kod-qr-produkty","9":"product_cat-opinia-google-naklejki","10":"product_cat-opinia-google-naklejki-z-kodem-qr","11":"product_cat-opinia-google-produkty","12":"pa_industry-detailhandel","13":"pa_industry-fitness-gym","14":"pa_industry-restauracja-kawiarnia","15":"pa_material-vinyl","16":"pa_placement-recepcja-balie","17":"pa_placement-verpakking","18":"pa_placement-window-door","19":"pa_product-type-naklejka","20":"pa_shape-ronda","21":"pa_technology-kod-qr","22":"pa_technology-qr-code","24":"first","25":"instock","26":"taxable","27":"shipping-taxable","28":"purchasable","29":"product-type-variable","30":"has-default-attributes"},"acf":[],"yoast_head":"<!-- This site is optimized with the Yoast SEO plugin v27.0 - https:\/\/yoast.com\/product\/yoast-seo-wordpress\/ -->\n<title>Review us on Google Sticker Iconic | truzzer<\/title>\n<meta name=\"description\" content=\"Wi\u0119cej 5-gwiazdkowych opinii Google z Review us on Google Sticker Iconic od truzzer. \u0141atwa konfiguracja, gotowe do u\u017cycia. Zam\u00f3w teraz!\" \/>\n<meta name=\"robots\" content=\"index, follow, max-snippet:-1, max-image-preview:large, max-video-preview:-1\" \/>\n<link rel=\"canonical\" href=\"https:\/\/www.truzzer.com\/pl\/produkt\/review-us-on-google-sticker-iconic\/\" \/>\n<meta property=\"og:locale\" content=\"pl_PL\" \/>\n<meta property=\"og:type\" content=\"article\" \/>\n<meta property=\"og:title\" content=\"Review us on Google Sticker Iconic | truzzer\" \/>\n<meta property=\"og:description\" content=\"Wi\u0119cej 5-gwiazdkowych opinii Google z Review us on Google Sticker Iconic od truzzer. \u0141atwa konfiguracja, gotowe do u\u017cycia. Zam\u00f3w teraz!\" \/>\n<meta property=\"og:url\" content=\"https:\/\/www.truzzer.com\/pl\/produkt\/review-us-on-google-sticker-iconic\/\" \/>\n<meta property=\"og:site_name\" content=\"truzzer\" \/>\n<meta property=\"article:modified_time\" content=\"2026-02-13T08:14:01+00:00\" \/>\n<meta property=\"og:image\" content=\"https:\/\/www.truzzer.com\/wp-content\/uploads\/2026\/02\/Review-us-on-Google-Sticker-Iconic-with-review-qr-code-1.jpg\" \/>\n\t<meta property=\"og:image:width\" content=\"1200\" \/>\n\t<meta property=\"og:image:height\" content=\"1200\" \/>\n\t<meta property=\"og:image:type\" content=\"image\/jpeg\" \/>\n<meta name=\"twitter:card\" content=\"summary_large_image\" \/>\n<meta name=\"twitter:label1\" content=\"Szacowany czas czytania\" \/>\n\t<meta name=\"twitter:data1\" content=\"1 minuta\" \/>\n<script type=\"application\/ld+json\" class=\"yoast-schema-graph\">{\"@context\":\"https:\/\/schema.org\",\"@graph\":[{\"@type\":\"WebPage\",\"@id\":\"https:\/\/www.truzzer.com\/pl\/produkt\/review-us-on-google-sticker-iconic\/\",\"url\":\"https:\/\/www.truzzer.com\/pl\/produkt\/review-us-on-google-sticker-iconic\/\",\"name\":\"Review us on Google Sticker Iconic | truzzer\",\"isPartOf\":{\"@id\":\"https:\/\/www.truzzer.com\/pl\/#website\"},\"primaryImageOfPage\":{\"@id\":\"https:\/\/www.truzzer.com\/pl\/produkt\/review-us-on-google-sticker-iconic\/#primaryimage\"},\"image\":{\"@id\":\"https:\/\/www.truzzer.com\/pl\/produkt\/review-us-on-google-sticker-iconic\/#primaryimage\"},\"thumbnailUrl\":\"https:\/\/www.truzzer.com\/wp-content\/uploads\/2026\/02\/Review-us-on-Google-Sticker-Iconic-with-review-qr-code-1.jpg\",\"datePublished\":\"2026-02-01T19:58:58+00:00\",\"dateModified\":\"2026-02-13T08:14:01+00:00\",\"description\":\"Wi\u0119cej 5-gwiazdkowych opinii Google z Review us on Google Sticker Iconic od truzzer. \u0141atwa konfiguracja, gotowe do u\u017cycia. Zam\u00f3w teraz!\",\"breadcrumb\":{\"@id\":\"https:\/\/www.truzzer.com\/pl\/produkt\/review-us-on-google-sticker-iconic\/#breadcrumb\"},\"inLanguage\":\"pl-PL\",\"potentialAction\":[{\"@type\":\"ReadAction\",\"target\":[\"https:\/\/www.truzzer.com\/pl\/produkt\/review-us-on-google-sticker-iconic\/\"]}]},{\"@type\":\"ImageObject\",\"inLanguage\":\"pl-PL\",\"@id\":\"https:\/\/www.truzzer.com\/pl\/produkt\/review-us-on-google-sticker-iconic\/#primaryimage\",\"url\":\"https:\/\/www.truzzer.com\/wp-content\/uploads\/2026\/02\/Review-us-on-Google-Sticker-Iconic-with-review-qr-code-1.jpg\",\"contentUrl\":\"https:\/\/www.truzzer.com\/wp-content\/uploads\/2026\/02\/Review-us-on-Google-Sticker-Iconic-with-review-qr-code-1.jpg\",\"width\":1200,\"height\":1200},{\"@type\":\"BreadcrumbList\",\"@id\":\"https:\/\/www.truzzer.com\/pl\/produkt\/review-us-on-google-sticker-iconic\/#breadcrumb\",\"itemListElement\":[{\"@type\":\"ListItem\",\"position\":1,\"name\":\"Home\",\"item\":\"https:\/\/www.truzzer.com\/pl\/\"},{\"@type\":\"ListItem\",\"position\":2,\"name\":\"Sklep\",\"item\":\"https:\/\/www.truzzer.com\/pl\/sklep\/\"},{\"@type\":\"ListItem\",\"position\":3,\"name\":\"Oce\u0144 nas na temat naklejki Google Iconic\"}]},{\"@type\":\"WebSite\",\"@id\":\"https:\/\/www.truzzer.com\/pl\/#website\",\"url\":\"https:\/\/www.truzzer.com\/pl\/\",\"name\":\"truzzer\",\"description\":\"Experts for customer trust\",\"publisher\":{\"@id\":\"https:\/\/www.truzzer.com\/pl\/#organization\"},\"potentialAction\":[{\"@type\":\"SearchAction\",\"target\":{\"@type\":\"EntryPoint\",\"urlTemplate\":\"https:\/\/www.truzzer.com\/pl\/?s={search_term_string}\"},\"query-input\":{\"@type\":\"PropertyValueSpecification\",\"valueRequired\":true,\"valueName\":\"search_term_string\"}}],\"inLanguage\":\"pl-PL\"},{\"@type\":\"Organization\",\"@id\":\"https:\/\/www.truzzer.com\/pl\/#organization\",\"name\":\"truzzer\",\"url\":\"https:\/\/www.truzzer.com\/pl\/\",\"logo\":{\"@type\":\"ImageObject\",\"inLanguage\":\"pl-PL\",\"@id\":\"https:\/\/www.truzzer.com\/pl\/#\/schema\/logo\/image\/\",\"url\":\"https:\/\/truzzer.com\/wp-content\/uploads\/2026\/01\/truzzer-logo-black-1.svg\",\"contentUrl\":\"https:\/\/truzzer.com\/wp-content\/uploads\/2026\/01\/truzzer-logo-black-1.svg\",\"width\":938,\"height\":199,\"caption\":\"truzzer\"},\"image\":{\"@id\":\"https:\/\/www.truzzer.com\/pl\/#\/schema\/logo\/image\/\"}}]}<\/script>\n<!-- \/ Yoast SEO plugin. -->","yoast_head_json":{"title":"Review us on Google Sticker Iconic | truzzer","description":"Wi\u0119cej 5-gwiazdkowych opinii Google z Review us on Google Sticker Iconic od truzzer. \u0141atwa konfiguracja, gotowe do u\u017cycia. Zam\u00f3w teraz!","robots":{"index":"index","follow":"follow","max-snippet":"max-snippet:-1","max-image-preview":"max-image-preview:large","max-video-preview":"max-video-preview:-1"},"canonical":"https:\/\/www.truzzer.com\/pl\/produkt\/review-us-on-google-sticker-iconic\/","og_locale":"pl_PL","og_type":"article","og_title":"Review us on Google Sticker Iconic | truzzer","og_description":"Wi\u0119cej 5-gwiazdkowych opinii Google z Review us on Google Sticker Iconic od truzzer. \u0141atwa konfiguracja, gotowe do u\u017cycia. Zam\u00f3w teraz!","og_url":"https:\/\/www.truzzer.com\/pl\/produkt\/review-us-on-google-sticker-iconic\/","og_site_name":"truzzer","article_modified_time":"2026-02-13T08:14:01+00:00","og_image":[{"width":1200,"height":1200,"url":"https:\/\/www.truzzer.com\/wp-content\/uploads\/2026\/02\/Review-us-on-Google-Sticker-Iconic-with-review-qr-code-1.jpg","type":"image\/jpeg"}],"twitter_card":"summary_large_image","twitter_misc":{"Szacowany czas czytania":"1 minuta"},"schema":{"@context":"https:\/\/schema.org","@graph":[{"@type":"WebPage","@id":"https:\/\/www.truzzer.com\/pl\/produkt\/review-us-on-google-sticker-iconic\/","url":"https:\/\/www.truzzer.com\/pl\/produkt\/review-us-on-google-sticker-iconic\/","name":"Review us on Google Sticker Iconic | truzzer","isPartOf":{"@id":"https:\/\/www.truzzer.com\/pl\/#website"},"primaryImageOfPage":{"@id":"https:\/\/www.truzzer.com\/pl\/produkt\/review-us-on-google-sticker-iconic\/#primaryimage"},"image":{"@id":"https:\/\/www.truzzer.com\/pl\/produkt\/review-us-on-google-sticker-iconic\/#primaryimage"},"thumbnailUrl":"https:\/\/www.truzzer.com\/wp-content\/uploads\/2026\/02\/Review-us-on-Google-Sticker-Iconic-with-review-qr-code-1.jpg","datePublished":"2026-02-01T19:58:58+00:00","dateModified":"2026-02-13T08:14:01+00:00","description":"Wi\u0119cej 5-gwiazdkowych opinii Google z Review us on Google Sticker Iconic od truzzer. \u0141atwa konfiguracja, gotowe do u\u017cycia. Zam\u00f3w teraz!","breadcrumb":{"@id":"https:\/\/www.truzzer.com\/pl\/produkt\/review-us-on-google-sticker-iconic\/#breadcrumb"},"inLanguage":"pl-PL","potentialAction":[{"@type":"ReadAction","target":["https:\/\/www.truzzer.com\/pl\/produkt\/review-us-on-google-sticker-iconic\/"]}]},{"@type":"ImageObject","inLanguage":"pl-PL","@id":"https:\/\/www.truzzer.com\/pl\/produkt\/review-us-on-google-sticker-iconic\/#primaryimage","url":"https:\/\/www.truzzer.com\/wp-content\/uploads\/2026\/02\/Review-us-on-Google-Sticker-Iconic-with-review-qr-code-1.jpg","contentUrl":"https:\/\/www.truzzer.com\/wp-content\/uploads\/2026\/02\/Review-us-on-Google-Sticker-Iconic-with-review-qr-code-1.jpg","width":1200,"height":1200},{"@type":"BreadcrumbList","@id":"https:\/\/www.truzzer.com\/pl\/produkt\/review-us-on-google-sticker-iconic\/#breadcrumb","itemListElement":[{"@type":"ListItem","position":1,"name":"Home","item":"https:\/\/www.truzzer.com\/pl\/"},{"@type":"ListItem","position":2,"name":"Sklep","item":"https:\/\/www.truzzer.com\/pl\/sklep\/"},{"@type":"ListItem","position":3,"name":"Oce\u0144 nas na temat naklejki Google Iconic"}]},{"@type":"WebSite","@id":"https:\/\/www.truzzer.com\/pl\/#website","url":"https:\/\/www.truzzer.com\/pl\/","name":"truzzer","description":"Experts for customer trust","publisher":{"@id":"https:\/\/www.truzzer.com\/pl\/#organization"},"potentialAction":[{"@type":"SearchAction","target":{"@type":"EntryPoint","urlTemplate":"https:\/\/www.truzzer.com\/pl\/?s={search_term_string}"},"query-input":{"@type":"PropertyValueSpecification","valueRequired":true,"valueName":"search_term_string"}}],"inLanguage":"pl-PL"},{"@type":"Organization","@id":"https:\/\/www.truzzer.com\/pl\/#organization","name":"truzzer","url":"https:\/\/www.truzzer.com\/pl\/","logo":{"@type":"ImageObject","inLanguage":"pl-PL","@id":"https:\/\/www.truzzer.com\/pl\/#\/schema\/logo\/image\/","url":"https:\/\/truzzer.com\/wp-content\/uploads\/2026\/01\/truzzer-logo-black-1.svg","contentUrl":"https:\/\/truzzer.com\/wp-content\/uploads\/2026\/01\/truzzer-logo-black-1.svg","width":938,"height":199,"caption":"truzzer"},"image":{"@id":"https:\/\/www.truzzer.com\/pl\/#\/schema\/logo\/image\/"}}]}},"tiered_pricing_type":"fixed","tiered_pricing_fixed_rules":[],"tiered_pricing_product_settings":{"layout":"default","base_unit_name":{"singular":null,"plural":null},"default_variation":null},"tiered_pricing_minimum_quantity":null,"tiered_pricing_roles_data":[],"tiered_pricing_percentage_rules":[],"tiered_pricing_maximum_quantity":null,"tiered_pricing_quantity_step":null,"_links":{"self":[{"href":"https:\/\/www.truzzer.com\/pl\/wp-json\/wp\/v2\/product\/100937","targetHints":{"allow":["GET"]}}],"collection":[{"href":"https:\/\/www.truzzer.com\/pl\/wp-json\/wp\/v2\/product"}],"about":[{"href":"https:\/\/www.truzzer.com\/pl\/wp-json\/wp\/v2\/types\/product"}],"replies":[{"embeddable":true,"href":"https:\/\/www.truzzer.com\/pl\/wp-json\/wp\/v2\/comments?post=100937"}],"wp:featuredmedia":[{"embeddable":true,"href":"https:\/\/www.truzzer.com\/pl\/wp-json\/wp\/v2\/media\/100938"}],"wp:attachment":[{"href":"https:\/\/www.truzzer.com\/pl\/wp-json\/wp\/v2\/media?parent=100937"}],"wp:term":[{"taxonomy":"product_brand","embeddable":true,"href":"https:\/\/www.truzzer.com\/pl\/wp-json\/wp\/v2\/product_brand?post=100937"},{"taxonomy":"product_cat","embeddable":true,"href":"https:\/\/www.truzzer.com\/pl\/wp-json\/wp\/v2\/product_cat?post=100937"},{"taxonomy":"product_tag","embeddable":true,"href":"https:\/\/www.truzzer.com\/pl\/wp-json\/wp\/v2\/product_tag?post=100937"}],"curies":[{"name":"wp","href":"https:\/\/api.w.org\/{rel}","templated":true}]}}