{"id":101015,"date":"2026-02-01T19:58:22","date_gmt":"2026-02-01T19:58:22","guid":{"rendered":"https:\/\/beta.truzzer.com\/product\/follow-us-on-instagram-metal-nfc-business-card-tap-2\/"},"modified":"2026-02-13T08:16:30","modified_gmt":"2026-02-13T08:16:30","slug":"follow-us-on-instagram-metal-nfc-business-card-tap-2","status":"publish","type":"product","link":"https:\/\/www.truzzer.com\/pl\/produkt\/follow-us-on-instagram-metal-nfc-business-card-tap-2\/","title":{"rendered":"\u015aled\u017a nas na Instagram metalowa wizyt\u00f3wka NFC \u201eTap\u201d"},"content":{"rendered":"<div style=\"width: 1280px\" class=\"wp-video\"><video class=\"wp-video-shortcode\" id=\"video-0-1\" szeroko\u015b\u0107=\"1280\" height=\"720\" preload=\"metadata\"controls=\"controls\"><a href=\"https:\/\/www.truzzer.de\/wp-content\/uploads\/2023\/05\/ig-card.mp4\">https:\/\/www.truzzer.de\/wp-content\/uploads\/2023\/05\/ig-card.mp4<\/a><\/video><\/div>\n<p>Media spo\u0142eczno\u015bciowe sta\u0142y si\u0119 wa\u017cn\u0105 cz\u0119\u015bci\u0105 naszego codziennego \u017cycia. Instagram to jedna z najcz\u0119\u015bciej u\u017cywanych platform, z ponad miliardem aktywnych u\u017cytkownik\u00f3w na ca\u0142ym \u015bwiecie. Obecno\u015b\u0107 na Instagram jest niezb\u0119dna, aby firmy mog\u0142y zyska\u0107 wi\u0119kszy zasi\u0119g i widoczno\u015b\u0107. Jednym ze sposob\u00f3w osi\u0105gni\u0119cia tego jest u\u017cycie zalecanych kart Obserwuj nas na kartach Instagram NFC.<\/p>\n<p>Te karty NFC to skuteczny spos\u00f3b nak\u0142onienia klient\u00f3w do obserwowania Twojego konta Instagram. Karty mo\u017cna \u0142atwo umie\u015bci\u0107 na sto\u0142ach lub ladach, aby klienci mogli je zobaczy\u0107. Je\u015bli klient posiada smartfon obs\u0142uguj\u0105cy NFC, mo\u017ce po prostu przy\u0142o\u017cy\u0107 telefon do karty i zostanie przeniesiony bezpo\u015brednio do Twojego profilu Instagram bez konieczno\u015bci r\u0119cznego sprawdzania go. Jest to \u0142atwy i wygodny spos\u00f3b, w jaki klienci mog\u0105 \u015bledzi\u0107 Ci\u0119 na Instagram.<\/p>\n<p>Ale co, je\u015bli klient nie ma smartfona obs\u0142uguj\u0105cego NFC? Bez problemu. Ka\u017cda karta zawiera r\u00f3wnie\u017c kod QR, kt\u00f3ry klient mo\u017ce po prostu zeskanowa\u0107 smartfonem, aby zosta\u0107 przekierowanym do Twojego profilu Instagram. To \u015bwietna opcja dla klient\u00f3w, kt\u00f3rzy nie maj\u0105 smartfona obs\u0142uguj\u0105cego NFC lub nie chc\u0105 korzysta\u0107 z funkcji NFC.<\/p>\n<p>Korzystaj\u0105c z polecanych kart Obserwuj nas na Instagram NFC, firmy mog\u0105 szybko i \u0142atwo zyska\u0107 wi\u0119cej obserwuj\u0105cych na Instagram. Karty te oferuj\u0105 wygodny i skuteczny spos\u00f3b na zwi\u0119kszenie obecno\u015bci w mediach spo\u0142eczno\u015bciowych i zwi\u0119kszenie zasi\u0119gu. Ponadto s\u0105 \u0142atwe do wdro\u017cenia i nie wymagaj\u0105 specjalnej wiedzy technicznej.<\/p>\n<p>Og\u00f3lnie rzecz bior\u0105c, korzystanie z zalecanych kart Obserwuj nas na Instagram NFC to dla firm \u015bwietny spos\u00f3b na zwi\u0119kszenie swojej obecno\u015bci w mediach spo\u0142eczno\u015bciowych i zdobycie wi\u0119kszej liczby obserwuj\u0105cych na Instagram. W\u0142\u0105czenie technologii NFC do Twojej strategii marketingowej mo\u017ce pom\u00f3c Twojej firmie wyr\u00f3\u017cni\u0107 si\u0119 na tle konkurencji i przyci\u0105gn\u0105\u0107 wi\u0119cej klient\u00f3w.<\/p>\n<p>&nbsp;<\/p>\n","protected":false},"excerpt":{"rendered":"<h2>Zdob\u0105d\u017a obserwuj\u0105cych Instagram dzi\u0119ki kartom NFC!<\/h2>\n<p><strong>Konwersja klient\u00f3w na obserwuj\u0105cych Instagram nigdy nie by\u0142a \u0142atwiejsza!<\/strong><br \/>\nDzi\u0119ki bezstykowym kartom Instagram NFC mo\u017cesz \u0142atwo pozyska\u0107 nowych obserwuj\u0105cych Instagram bezpo\u015brednio na stronie.<br \/>\nDzi\u0119ki fajnemu designowi karty Instagram NFC wzbudzaj\u0105 zainteresowanie klient\u00f3w, a wezwanie do dzia\u0142ania zach\u0119ca klient\u00f3w do \u015bledzenia Ci\u0119 na Instagram.<\/p>\n<p>Wystarczy, \u017ce Tw\u00f3j klient przy\u0142o\u017cy smartfon do karty, a na jego telefonie otworzy si\u0119 wyskakuj\u0105ce okienko, kt\u00f3re przekieruje bezpo\u015brednio do Twojego profilu Instagram!<\/p>\n<p>Je\u015bli smartfon klienta nie posiada funkcji NFC, na wystawcy znajduje si\u0119 alternatywny kod QR, kt\u00f3ry mo\u017cna zeskanowa\u0107 bezpo\u015brednio aparatem smartfona <strong>&#038;8211; w obu przypadkach nie jest wymagana osobna aplikacja!<\/strong><\/p>\n<h3><strong>W ten spos\u00f3b karty NFC pomog\u0105 Ci zdoby\u0107 wi\u0119cej obserwuj\u0105cych<br \/>\n<\/strong><\/h3>\n<p>&nbsp;<\/p>\n<ul>\n<li>\u017badnych niewygodnych pyta\u0144 &amp; Wniosek. <strong>Wezwanie do dzia\u0142ania<\/strong> zach\u0119ca klient\u00f3w do pod\u0105\u017cania za Tob\u0105<\/li>\n<li>Nie zapomnij, poniewa\u017c klienci dowiedz\u0105 si\u0119 o Twoim profilu Instagram<\/li>\n<li>Bez wyszukiwania i bez trudno\u015bci: <strong>Link NFC i kod Instagram QR prowadz\u0105 bezpo\u015brednio do Twojego profilu<\/strong>(tworzymy to dla Ciebie)<strong><br \/>\n<\/strong><\/li>\n<li><strong>Dost\u0119pny<\/strong>: karty NFC sprawiaj\u0105, \u017ce Tw\u00f3j profil Instagram staje si\u0119 namacalny.<\/li>\n<li>Nie jest wymagana \u017cadna dodatkowa aplikacja.<\/li>\n<li>Przyci\u0105gaj\u0105cy wzrok: nowoczesny design<\/li>\n<\/ul>\n<p><strong>Stworzymy i po\u0142\u0105czymy dla Ciebie link NFC i kod QR z Twoim profilem Instagram!<\/strong><strong><br \/>\n<\/strong><\/p>\n","protected":false},"featured_media":101026,"comment_status":"open","ping_status":"closed","template":"","meta":{"_acf_changed":false,"_yoast_wpseo_focuskw":"Instagram kod QR NFC Tag","_yoast_wpseo_title":"Follow Us On Instagram metal NFC Business Card ... | truzzer","_yoast_wpseo_metadesc":"Wi\u0119cej obserwuj\u0105cych na Instagramie z Follow Us On Instagram metal NFC Business Card \u201eTap\u201d od truzzer. \u0141atwa konfiguracja, gotowe do u\u017cycia. Zam\u00f3w teraz!"},"product_brand":[1663],"product_cat":[576,1514],"product_tag":[],"class_list":{"0":"post-101015","1":"product","2":"type-product","3":"status-publish","4":"has-post-thumbnail","6":"product_brand-instagram","7":"product_cat-nfc-produkty","8":"product_cat-obserwujacy-instagram-wizytowki-z-nfc","9":"pa_industry-biuro-doradztwo","10":"pa_industry-lokale-diensten","11":"pa_industry-onroerend-go","12":"pa_material-plastic","13":"pa_placement-broszura","14":"pa_placement-portemonnee-personlijk","15":"pa_placement-recepcja-balie","16":"pa_product-type-odwiedzekaartjes","17":"pa_technology-nfc","19":"first","20":"instock","21":"taxable","22":"shipping-taxable","23":"product-type-simple"},"acf":[],"yoast_head":"<!-- This site is optimized with the Yoast SEO plugin v27.0 - https:\/\/yoast.com\/product\/yoast-seo-wordpress\/ -->\n<title>Follow Us On Instagram metal NFC Business Card ... | truzzer<\/title>\n<meta name=\"description\" content=\"Wi\u0119cej obserwuj\u0105cych na Instagramie z Follow Us On Instagram metal NFC Business Card \u201eTap\u201d od truzzer. \u0141atwa konfiguracja, gotowe do u\u017cycia. Zam\u00f3w teraz!\" \/>\n<meta name=\"robots\" content=\"index, follow, max-snippet:-1, max-image-preview:large, max-video-preview:-1\" \/>\n<link rel=\"canonical\" href=\"https:\/\/www.truzzer.com\/pl\/produkt\/follow-us-on-instagram-metal-nfc-business-card-tap-2\/\" \/>\n<meta property=\"og:locale\" content=\"pl_PL\" \/>\n<meta property=\"og:type\" content=\"article\" \/>\n<meta property=\"og:title\" content=\"Follow Us On Instagram metal NFC Business Card ... | truzzer\" \/>\n<meta property=\"og:description\" content=\"Wi\u0119cej obserwuj\u0105cych na Instagramie z Follow Us On Instagram metal NFC Business Card \u201eTap\u201d od truzzer. \u0141atwa konfiguracja, gotowe do u\u017cycia. Zam\u00f3w teraz!\" \/>\n<meta property=\"og:url\" content=\"https:\/\/www.truzzer.com\/pl\/produkt\/follow-us-on-instagram-metal-nfc-business-card-tap-2\/\" \/>\n<meta property=\"og:site_name\" content=\"truzzer\" \/>\n<meta property=\"article:modified_time\" content=\"2026-02-13T08:16:30+00:00\" \/>\n<meta property=\"og:image\" content=\"https:\/\/www.truzzer.com\/wp-content\/uploads\/2026\/02\/follow-us-on-instagram-nfc-business-card-tap-metal-truzzer-empfehlio-2.jpg\" \/>\n\t<meta property=\"og:image:width\" content=\"1200\" \/>\n\t<meta property=\"og:image:height\" content=\"1200\" \/>\n\t<meta property=\"og:image:type\" content=\"image\/jpeg\" \/>\n<meta name=\"twitter:card\" content=\"summary_large_image\" \/>\n<meta name=\"twitter:label1\" content=\"Szacowany czas czytania\" \/>\n\t<meta name=\"twitter:data1\" content=\"2 minuty\" \/>\n<script type=\"application\/ld+json\" class=\"yoast-schema-graph\">{\"@context\":\"https:\/\/schema.org\",\"@graph\":[{\"@type\":\"WebPage\",\"@id\":\"https:\/\/www.truzzer.com\/pl\/produkt\/follow-us-on-instagram-metal-nfc-business-card-tap-2\/\",\"url\":\"https:\/\/www.truzzer.com\/pl\/produkt\/follow-us-on-instagram-metal-nfc-business-card-tap-2\/\",\"name\":\"Follow Us On Instagram metal NFC Business Card ... | truzzer\",\"isPartOf\":{\"@id\":\"https:\/\/www.truzzer.com\/pl\/#website\"},\"primaryImageOfPage\":{\"@id\":\"https:\/\/www.truzzer.com\/pl\/produkt\/follow-us-on-instagram-metal-nfc-business-card-tap-2\/#primaryimage\"},\"image\":{\"@id\":\"https:\/\/www.truzzer.com\/pl\/produkt\/follow-us-on-instagram-metal-nfc-business-card-tap-2\/#primaryimage\"},\"thumbnailUrl\":\"https:\/\/www.truzzer.com\/wp-content\/uploads\/2026\/02\/follow-us-on-instagram-nfc-business-card-tap-metal-truzzer-empfehlio-2.jpg\",\"datePublished\":\"2026-02-01T19:58:22+00:00\",\"dateModified\":\"2026-02-13T08:16:30+00:00\",\"description\":\"Wi\u0119cej obserwuj\u0105cych na Instagramie z Follow Us On Instagram metal NFC Business Card \u201eTap\u201d od truzzer. \u0141atwa konfiguracja, gotowe do u\u017cycia. Zam\u00f3w teraz!\",\"breadcrumb\":{\"@id\":\"https:\/\/www.truzzer.com\/pl\/produkt\/follow-us-on-instagram-metal-nfc-business-card-tap-2\/#breadcrumb\"},\"inLanguage\":\"pl-PL\",\"potentialAction\":[{\"@type\":\"ReadAction\",\"target\":[\"https:\/\/www.truzzer.com\/pl\/produkt\/follow-us-on-instagram-metal-nfc-business-card-tap-2\/\"]}]},{\"@type\":\"ImageObject\",\"inLanguage\":\"pl-PL\",\"@id\":\"https:\/\/www.truzzer.com\/pl\/produkt\/follow-us-on-instagram-metal-nfc-business-card-tap-2\/#primaryimage\",\"url\":\"https:\/\/www.truzzer.com\/wp-content\/uploads\/2026\/02\/follow-us-on-instagram-nfc-business-card-tap-metal-truzzer-empfehlio-2.jpg\",\"contentUrl\":\"https:\/\/www.truzzer.com\/wp-content\/uploads\/2026\/02\/follow-us-on-instagram-nfc-business-card-tap-metal-truzzer-empfehlio-2.jpg\",\"width\":1200,\"height\":1200},{\"@type\":\"BreadcrumbList\",\"@id\":\"https:\/\/www.truzzer.com\/pl\/produkt\/follow-us-on-instagram-metal-nfc-business-card-tap-2\/#breadcrumb\",\"itemListElement\":[{\"@type\":\"ListItem\",\"position\":1,\"name\":\"Home\",\"item\":\"https:\/\/www.truzzer.com\/pl\/\"},{\"@type\":\"ListItem\",\"position\":2,\"name\":\"Sklep\",\"item\":\"https:\/\/www.truzzer.com\/pl\/sklep\/\"},{\"@type\":\"ListItem\",\"position\":3,\"name\":\"\u015aled\u017a nas na Instagram metalowa wizyt\u00f3wka NFC \u201eTap\u201d\"}]},{\"@type\":\"WebSite\",\"@id\":\"https:\/\/www.truzzer.com\/pl\/#website\",\"url\":\"https:\/\/www.truzzer.com\/pl\/\",\"name\":\"truzzer\",\"description\":\"Experts for customer trust\",\"publisher\":{\"@id\":\"https:\/\/www.truzzer.com\/pl\/#organization\"},\"potentialAction\":[{\"@type\":\"SearchAction\",\"target\":{\"@type\":\"EntryPoint\",\"urlTemplate\":\"https:\/\/www.truzzer.com\/pl\/?s={search_term_string}\"},\"query-input\":{\"@type\":\"PropertyValueSpecification\",\"valueRequired\":true,\"valueName\":\"search_term_string\"}}],\"inLanguage\":\"pl-PL\"},{\"@type\":\"Organization\",\"@id\":\"https:\/\/www.truzzer.com\/pl\/#organization\",\"name\":\"truzzer\",\"url\":\"https:\/\/www.truzzer.com\/pl\/\",\"logo\":{\"@type\":\"ImageObject\",\"inLanguage\":\"pl-PL\",\"@id\":\"https:\/\/www.truzzer.com\/pl\/#\/schema\/logo\/image\/\",\"url\":\"https:\/\/truzzer.com\/wp-content\/uploads\/2026\/01\/truzzer-logo-black-1.svg\",\"contentUrl\":\"https:\/\/truzzer.com\/wp-content\/uploads\/2026\/01\/truzzer-logo-black-1.svg\",\"width\":938,\"height\":199,\"caption\":\"truzzer\"},\"image\":{\"@id\":\"https:\/\/www.truzzer.com\/pl\/#\/schema\/logo\/image\/\"}}]}<\/script>\n<!-- \/ Yoast SEO plugin. -->","yoast_head_json":{"title":"Follow Us On Instagram metal NFC Business Card ... | truzzer","description":"Wi\u0119cej obserwuj\u0105cych na Instagramie z Follow Us On Instagram metal NFC Business Card \u201eTap\u201d od truzzer. \u0141atwa konfiguracja, gotowe do u\u017cycia. Zam\u00f3w teraz!","robots":{"index":"index","follow":"follow","max-snippet":"max-snippet:-1","max-image-preview":"max-image-preview:large","max-video-preview":"max-video-preview:-1"},"canonical":"https:\/\/www.truzzer.com\/pl\/produkt\/follow-us-on-instagram-metal-nfc-business-card-tap-2\/","og_locale":"pl_PL","og_type":"article","og_title":"Follow Us On Instagram metal NFC Business Card ... | truzzer","og_description":"Wi\u0119cej obserwuj\u0105cych na Instagramie z Follow Us On Instagram metal NFC Business Card \u201eTap\u201d od truzzer. \u0141atwa konfiguracja, gotowe do u\u017cycia. Zam\u00f3w teraz!","og_url":"https:\/\/www.truzzer.com\/pl\/produkt\/follow-us-on-instagram-metal-nfc-business-card-tap-2\/","og_site_name":"truzzer","article_modified_time":"2026-02-13T08:16:30+00:00","og_image":[{"width":1200,"height":1200,"url":"https:\/\/www.truzzer.com\/wp-content\/uploads\/2026\/02\/follow-us-on-instagram-nfc-business-card-tap-metal-truzzer-empfehlio-2.jpg","type":"image\/jpeg"}],"twitter_card":"summary_large_image","twitter_misc":{"Szacowany czas czytania":"2 minuty"},"schema":{"@context":"https:\/\/schema.org","@graph":[{"@type":"WebPage","@id":"https:\/\/www.truzzer.com\/pl\/produkt\/follow-us-on-instagram-metal-nfc-business-card-tap-2\/","url":"https:\/\/www.truzzer.com\/pl\/produkt\/follow-us-on-instagram-metal-nfc-business-card-tap-2\/","name":"Follow Us On Instagram metal NFC Business Card ... | truzzer","isPartOf":{"@id":"https:\/\/www.truzzer.com\/pl\/#website"},"primaryImageOfPage":{"@id":"https:\/\/www.truzzer.com\/pl\/produkt\/follow-us-on-instagram-metal-nfc-business-card-tap-2\/#primaryimage"},"image":{"@id":"https:\/\/www.truzzer.com\/pl\/produkt\/follow-us-on-instagram-metal-nfc-business-card-tap-2\/#primaryimage"},"thumbnailUrl":"https:\/\/www.truzzer.com\/wp-content\/uploads\/2026\/02\/follow-us-on-instagram-nfc-business-card-tap-metal-truzzer-empfehlio-2.jpg","datePublished":"2026-02-01T19:58:22+00:00","dateModified":"2026-02-13T08:16:30+00:00","description":"Wi\u0119cej obserwuj\u0105cych na Instagramie z Follow Us On Instagram metal NFC Business Card \u201eTap\u201d od truzzer. \u0141atwa konfiguracja, gotowe do u\u017cycia. Zam\u00f3w teraz!","breadcrumb":{"@id":"https:\/\/www.truzzer.com\/pl\/produkt\/follow-us-on-instagram-metal-nfc-business-card-tap-2\/#breadcrumb"},"inLanguage":"pl-PL","potentialAction":[{"@type":"ReadAction","target":["https:\/\/www.truzzer.com\/pl\/produkt\/follow-us-on-instagram-metal-nfc-business-card-tap-2\/"]}]},{"@type":"ImageObject","inLanguage":"pl-PL","@id":"https:\/\/www.truzzer.com\/pl\/produkt\/follow-us-on-instagram-metal-nfc-business-card-tap-2\/#primaryimage","url":"https:\/\/www.truzzer.com\/wp-content\/uploads\/2026\/02\/follow-us-on-instagram-nfc-business-card-tap-metal-truzzer-empfehlio-2.jpg","contentUrl":"https:\/\/www.truzzer.com\/wp-content\/uploads\/2026\/02\/follow-us-on-instagram-nfc-business-card-tap-metal-truzzer-empfehlio-2.jpg","width":1200,"height":1200},{"@type":"BreadcrumbList","@id":"https:\/\/www.truzzer.com\/pl\/produkt\/follow-us-on-instagram-metal-nfc-business-card-tap-2\/#breadcrumb","itemListElement":[{"@type":"ListItem","position":1,"name":"Home","item":"https:\/\/www.truzzer.com\/pl\/"},{"@type":"ListItem","position":2,"name":"Sklep","item":"https:\/\/www.truzzer.com\/pl\/sklep\/"},{"@type":"ListItem","position":3,"name":"\u015aled\u017a nas na Instagram metalowa wizyt\u00f3wka NFC \u201eTap\u201d"}]},{"@type":"WebSite","@id":"https:\/\/www.truzzer.com\/pl\/#website","url":"https:\/\/www.truzzer.com\/pl\/","name":"truzzer","description":"Experts for customer trust","publisher":{"@id":"https:\/\/www.truzzer.com\/pl\/#organization"},"potentialAction":[{"@type":"SearchAction","target":{"@type":"EntryPoint","urlTemplate":"https:\/\/www.truzzer.com\/pl\/?s={search_term_string}"},"query-input":{"@type":"PropertyValueSpecification","valueRequired":true,"valueName":"search_term_string"}}],"inLanguage":"pl-PL"},{"@type":"Organization","@id":"https:\/\/www.truzzer.com\/pl\/#organization","name":"truzzer","url":"https:\/\/www.truzzer.com\/pl\/","logo":{"@type":"ImageObject","inLanguage":"pl-PL","@id":"https:\/\/www.truzzer.com\/pl\/#\/schema\/logo\/image\/","url":"https:\/\/truzzer.com\/wp-content\/uploads\/2026\/01\/truzzer-logo-black-1.svg","contentUrl":"https:\/\/truzzer.com\/wp-content\/uploads\/2026\/01\/truzzer-logo-black-1.svg","width":938,"height":199,"caption":"truzzer"},"image":{"@id":"https:\/\/www.truzzer.com\/pl\/#\/schema\/logo\/image\/"}}]}},"tiered_pricing_type":"fixed","tiered_pricing_fixed_rules":[],"tiered_pricing_product_settings":{"layout":"default","base_unit_name":{"singular":null,"plural":null},"default_variation":null},"tiered_pricing_minimum_quantity":null,"tiered_pricing_roles_data":[],"tiered_pricing_percentage_rules":[],"tiered_pricing_maximum_quantity":null,"tiered_pricing_quantity_step":null,"_links":{"self":[{"href":"https:\/\/www.truzzer.com\/pl\/wp-json\/wp\/v2\/product\/101015","targetHints":{"allow":["GET"]}}],"collection":[{"href":"https:\/\/www.truzzer.com\/pl\/wp-json\/wp\/v2\/product"}],"about":[{"href":"https:\/\/www.truzzer.com\/pl\/wp-json\/wp\/v2\/types\/product"}],"replies":[{"embeddable":true,"href":"https:\/\/www.truzzer.com\/pl\/wp-json\/wp\/v2\/comments?post=101015"}],"wp:featuredmedia":[{"embeddable":true,"href":"https:\/\/www.truzzer.com\/pl\/wp-json\/wp\/v2\/media\/101026"}],"wp:attachment":[{"href":"https:\/\/www.truzzer.com\/pl\/wp-json\/wp\/v2\/media?parent=101015"}],"wp:term":[{"taxonomy":"product_brand","embeddable":true,"href":"https:\/\/www.truzzer.com\/pl\/wp-json\/wp\/v2\/product_brand?post=101015"},{"taxonomy":"product_cat","embeddable":true,"href":"https:\/\/www.truzzer.com\/pl\/wp-json\/wp\/v2\/product_cat?post=101015"},{"taxonomy":"product_tag","embeddable":true,"href":"https:\/\/www.truzzer.com\/pl\/wp-json\/wp\/v2\/product_tag?post=101015"}],"curies":[{"name":"wp","href":"https:\/\/api.w.org\/{rel}","templated":true}]}}