{"id":101042,"date":"2026-02-01T19:58:13","date_gmt":"2026-02-01T19:58:13","guid":{"rendered":"https:\/\/beta.truzzer.com\/product\/trustband-google-review-nfc-wristband\/"},"modified":"2026-02-13T08:17:43","modified_gmt":"2026-02-13T08:17:43","slug":"trustband-google-review-nfc-wristband","status":"publish","type":"product","link":"https:\/\/www.truzzer.com\/pl\/produkt\/trustband-google-review-nfc-wristband\/","title":{"rendered":"opaska zaufania. &#8211; Recenzja Google Opaska NFC"},"content":{"rendered":"","protected":false},"excerpt":{"rendered":"<div class=\"woocommerce-product-details__short-description\">\n<div class=\"wp-video\" style=\"width: 1920px\"><video autoplay=\"\" class=\"wp-video-shortcode\"controls=\"controls\" height=\"1080\" id=\"video-0-1\" preload=\"metadata\" szeroko\u015b\u0107=\"1920\"><a href=\"https:\/\/www.truzzer.com\/wp-content\/uploads\/2024\/03\/trustband-eng.mp4\">https:\/\/www.truzzer.com\/wp-content\/uploads\/2024\/03\/trustband-eng.mp4<\/a><\/video><\/div>\n<h2>Po prostu otrzymuj wi\u0119cej recenzji Google w kontakcie z klientem dzi\u0119ki opasce zaufania NFC!<\/h2>\n<p>Korzystaj z technologii NFC i generuj wi\u0119cej recenzji na temat Google za po\u015brednictwem swoich kelnerek i pracownik\u00f3w dzi\u0119ki opasce zaufania empheilo. Dzi\u0119ki wodoodpornej i elastycznej silikonowej opasce NFC ze zintegrowanym linkiem do tagu NFC umo\u017cliwiaj\u0105cym bezpo\u015brednie recenzje Google, bez wysi\u0142ku zyskasz wi\u0119cej recenzji Google. Wystarczy, \u017ce Tw\u00f3j klient przy\u0142o\u017cy smartfon do opaski, a na jego smartfonie pojawi si\u0119 wyskakuj\u0105ce okienko z recenzj\u0105 Google.<\/p>\n<p>W ten spos\u00f3b recenzj\u0119 mo\u017cna \u0142atwo zintegrowa\u0107 z procesem p\u0142atno\u015bci, a go\u015bcie i klienci ch\u0119tnie spe\u0142ni\u0105 przyjazn\u0105 pro\u015bb\u0119 personelu.<\/p>\n<p><strong>Twoje korzy\u015bci w skr\u00f3cie:<\/strong><\/p>\n<ul>\n<li>Szybko zdobywaj wi\u0119cej recenzji Google<\/li>\n<li>Brak minimalnego okresu umowy<\/li>\n<li>Wodoodporna opaska i chip<\/li>\n<li>Elastyczny rozmiar, odpowiedni zar\u00f3wno dla kobiet, jak i m\u0119\u017cczyzn<\/li>\n<li>Prosta bia\u0142a ikona Google z 5 gwiazdkami zdobi opask\u0119.<\/li>\n<li>Zajmiemy si\u0119 linkiem do recenzji i kodowaniem za Ciebie<\/li>\n<\/ul>\n<p><strong>Zajmujemy si\u0119 tworzeniem i \u0142\u0105czeniem linku NFC i kodu QR w celu bezpo\u015brednich recenzji na Twoim profilu Google!<\/strong><strong><br \/>\n<\/strong><\/p>\n<\/div>\n","protected":false},"featured_media":101050,"comment_status":"open","ping_status":"closed","template":"","meta":{"_acf_changed":false,"_yoast_wpseo_focuskw":"Opinia Google Opaska NFC","_yoast_wpseo_title":"trustband. \u2013 Google review NFC wristband | truzzer","_yoast_wpseo_metadesc":"Wi\u0119cej 5-gwiazdkowych opinii Google z trustband. \u2013 Google review NFC wristband od truzzer. \u0141atwa konfiguracja, gotowe do u\u017cycia. Zam\u00f3w teraz!"},"product_brand":[1652],"product_cat":[1549,576,1547,1548,779],"product_tag":[],"class_list":{"0":"post-101042","1":"product","2":"type-product","3":"status-publish","4":"has-post-thumbnail","6":"product_brand-google","7":"product_cat-nfc-opaski-na-reke","8":"product_cat-nfc-produkty","9":"product_cat-opinia-google-inne","10":"product_cat-opinia-google-inne-z-nfc","11":"product_cat-opinia-google-produkty","12":"pa_industry-biuro-doradztwo","13":"pa_industry-lokale-diensten","14":"pa_industry-onroerend-go","15":"pa_material-karton","16":"pa_placement-broszura","17":"pa_placement-portemonnee-personlijk","18":"pa_placement-recepcja-balie","19":"pa_product-type-wristbands","20":"pa_technology-nfc","22":"first","23":"instock","24":"taxable","25":"shipping-taxable","26":"purchasable","27":"product-type-simple"},"acf":[],"yoast_head":"<!-- This site is optimized with the Yoast SEO plugin v27.0 - https:\/\/yoast.com\/product\/yoast-seo-wordpress\/ -->\n<title>trustband. \u2013 Google review NFC wristband | truzzer<\/title>\n<meta name=\"description\" content=\"Wi\u0119cej 5-gwiazdkowych opinii Google z trustband. \u2013 Google review NFC wristband od truzzer. \u0141atwa konfiguracja, gotowe do u\u017cycia. Zam\u00f3w teraz!\" \/>\n<meta name=\"robots\" content=\"index, follow, max-snippet:-1, max-image-preview:large, max-video-preview:-1\" \/>\n<link rel=\"canonical\" href=\"https:\/\/www.truzzer.com\/pl\/produkt\/trustband-google-review-nfc-wristband\/\" \/>\n<meta property=\"og:locale\" content=\"pl_PL\" \/>\n<meta property=\"og:type\" content=\"article\" \/>\n<meta property=\"og:title\" content=\"trustband. \u2013 Google review NFC wristband | truzzer\" \/>\n<meta property=\"og:description\" content=\"Wi\u0119cej 5-gwiazdkowych opinii Google z trustband. \u2013 Google review NFC wristband od truzzer. \u0141atwa konfiguracja, gotowe do u\u017cycia. Zam\u00f3w teraz!\" \/>\n<meta property=\"og:url\" content=\"https:\/\/www.truzzer.com\/pl\/produkt\/trustband-google-review-nfc-wristband\/\" \/>\n<meta property=\"og:site_name\" content=\"truzzer\" \/>\n<meta property=\"article:modified_time\" content=\"2026-02-13T08:17:43+00:00\" \/>\n<meta property=\"og:image\" content=\"https:\/\/www.truzzer.com\/wp-content\/uploads\/2026\/02\/trustband-nfc-google-review-wristband-truzzer-2-4.jpg\" \/>\n\t<meta property=\"og:image:width\" content=\"1200\" \/>\n\t<meta property=\"og:image:height\" content=\"1200\" \/>\n\t<meta property=\"og:image:type\" content=\"image\/jpeg\" \/>\n<meta name=\"twitter:card\" content=\"summary_large_image\" \/>\n<script type=\"application\/ld+json\" class=\"yoast-schema-graph\">{\"@context\":\"https:\/\/schema.org\",\"@graph\":[{\"@type\":\"WebPage\",\"@id\":\"https:\/\/www.truzzer.com\/pl\/produkt\/trustband-google-review-nfc-wristband\/\",\"url\":\"https:\/\/www.truzzer.com\/pl\/produkt\/trustband-google-review-nfc-wristband\/\",\"name\":\"trustband. \u2013 Google review NFC wristband | truzzer\",\"isPartOf\":{\"@id\":\"https:\/\/www.truzzer.com\/pl\/#website\"},\"primaryImageOfPage\":{\"@id\":\"https:\/\/www.truzzer.com\/pl\/produkt\/trustband-google-review-nfc-wristband\/#primaryimage\"},\"image\":{\"@id\":\"https:\/\/www.truzzer.com\/pl\/produkt\/trustband-google-review-nfc-wristband\/#primaryimage\"},\"thumbnailUrl\":\"https:\/\/www.truzzer.com\/wp-content\/uploads\/2026\/02\/trustband-nfc-google-review-wristband-truzzer-2-4.jpg\",\"datePublished\":\"2026-02-01T19:58:13+00:00\",\"dateModified\":\"2026-02-13T08:17:43+00:00\",\"description\":\"Wi\u0119cej 5-gwiazdkowych opinii Google z trustband. \u2013 Google review NFC wristband od truzzer. \u0141atwa konfiguracja, gotowe do u\u017cycia. Zam\u00f3w teraz!\",\"breadcrumb\":{\"@id\":\"https:\/\/www.truzzer.com\/pl\/produkt\/trustband-google-review-nfc-wristband\/#breadcrumb\"},\"inLanguage\":\"pl-PL\",\"potentialAction\":[{\"@type\":\"ReadAction\",\"target\":[\"https:\/\/www.truzzer.com\/pl\/produkt\/trustband-google-review-nfc-wristband\/\"]}]},{\"@type\":\"ImageObject\",\"inLanguage\":\"pl-PL\",\"@id\":\"https:\/\/www.truzzer.com\/pl\/produkt\/trustband-google-review-nfc-wristband\/#primaryimage\",\"url\":\"https:\/\/www.truzzer.com\/wp-content\/uploads\/2026\/02\/trustband-nfc-google-review-wristband-truzzer-2-4.jpg\",\"contentUrl\":\"https:\/\/www.truzzer.com\/wp-content\/uploads\/2026\/02\/trustband-nfc-google-review-wristband-truzzer-2-4.jpg\",\"width\":1200,\"height\":1200},{\"@type\":\"BreadcrumbList\",\"@id\":\"https:\/\/www.truzzer.com\/pl\/produkt\/trustband-google-review-nfc-wristband\/#breadcrumb\",\"itemListElement\":[{\"@type\":\"ListItem\",\"position\":1,\"name\":\"Home\",\"item\":\"https:\/\/www.truzzer.com\/pl\/\"},{\"@type\":\"ListItem\",\"position\":2,\"name\":\"Sklep\",\"item\":\"https:\/\/www.truzzer.com\/pl\/sklep\/\"},{\"@type\":\"ListItem\",\"position\":3,\"name\":\"opaska zaufania. &#8211; Recenzja Google Opaska NFC\"}]},{\"@type\":\"WebSite\",\"@id\":\"https:\/\/www.truzzer.com\/pl\/#website\",\"url\":\"https:\/\/www.truzzer.com\/pl\/\",\"name\":\"truzzer\",\"description\":\"Experts for customer trust\",\"publisher\":{\"@id\":\"https:\/\/www.truzzer.com\/pl\/#organization\"},\"potentialAction\":[{\"@type\":\"SearchAction\",\"target\":{\"@type\":\"EntryPoint\",\"urlTemplate\":\"https:\/\/www.truzzer.com\/pl\/?s={search_term_string}\"},\"query-input\":{\"@type\":\"PropertyValueSpecification\",\"valueRequired\":true,\"valueName\":\"search_term_string\"}}],\"inLanguage\":\"pl-PL\"},{\"@type\":\"Organization\",\"@id\":\"https:\/\/www.truzzer.com\/pl\/#organization\",\"name\":\"truzzer\",\"url\":\"https:\/\/www.truzzer.com\/pl\/\",\"logo\":{\"@type\":\"ImageObject\",\"inLanguage\":\"pl-PL\",\"@id\":\"https:\/\/www.truzzer.com\/pl\/#\/schema\/logo\/image\/\",\"url\":\"https:\/\/truzzer.com\/wp-content\/uploads\/2026\/01\/truzzer-logo-black-1.svg\",\"contentUrl\":\"https:\/\/truzzer.com\/wp-content\/uploads\/2026\/01\/truzzer-logo-black-1.svg\",\"width\":938,\"height\":199,\"caption\":\"truzzer\"},\"image\":{\"@id\":\"https:\/\/www.truzzer.com\/pl\/#\/schema\/logo\/image\/\"}}]}<\/script>\n<!-- \/ Yoast SEO plugin. -->","yoast_head_json":{"title":"trustband. \u2013 Google review NFC wristband | truzzer","description":"Wi\u0119cej 5-gwiazdkowych opinii Google z trustband. \u2013 Google review NFC wristband od truzzer. \u0141atwa konfiguracja, gotowe do u\u017cycia. Zam\u00f3w teraz!","robots":{"index":"index","follow":"follow","max-snippet":"max-snippet:-1","max-image-preview":"max-image-preview:large","max-video-preview":"max-video-preview:-1"},"canonical":"https:\/\/www.truzzer.com\/pl\/produkt\/trustband-google-review-nfc-wristband\/","og_locale":"pl_PL","og_type":"article","og_title":"trustband. \u2013 Google review NFC wristband | truzzer","og_description":"Wi\u0119cej 5-gwiazdkowych opinii Google z trustband. \u2013 Google review NFC wristband od truzzer. \u0141atwa konfiguracja, gotowe do u\u017cycia. Zam\u00f3w teraz!","og_url":"https:\/\/www.truzzer.com\/pl\/produkt\/trustband-google-review-nfc-wristband\/","og_site_name":"truzzer","article_modified_time":"2026-02-13T08:17:43+00:00","og_image":[{"width":1200,"height":1200,"url":"https:\/\/www.truzzer.com\/wp-content\/uploads\/2026\/02\/trustband-nfc-google-review-wristband-truzzer-2-4.jpg","type":"image\/jpeg"}],"twitter_card":"summary_large_image","schema":{"@context":"https:\/\/schema.org","@graph":[{"@type":"WebPage","@id":"https:\/\/www.truzzer.com\/pl\/produkt\/trustband-google-review-nfc-wristband\/","url":"https:\/\/www.truzzer.com\/pl\/produkt\/trustband-google-review-nfc-wristband\/","name":"trustband. \u2013 Google review NFC wristband | truzzer","isPartOf":{"@id":"https:\/\/www.truzzer.com\/pl\/#website"},"primaryImageOfPage":{"@id":"https:\/\/www.truzzer.com\/pl\/produkt\/trustband-google-review-nfc-wristband\/#primaryimage"},"image":{"@id":"https:\/\/www.truzzer.com\/pl\/produkt\/trustband-google-review-nfc-wristband\/#primaryimage"},"thumbnailUrl":"https:\/\/www.truzzer.com\/wp-content\/uploads\/2026\/02\/trustband-nfc-google-review-wristband-truzzer-2-4.jpg","datePublished":"2026-02-01T19:58:13+00:00","dateModified":"2026-02-13T08:17:43+00:00","description":"Wi\u0119cej 5-gwiazdkowych opinii Google z trustband. \u2013 Google review NFC wristband od truzzer. \u0141atwa konfiguracja, gotowe do u\u017cycia. Zam\u00f3w teraz!","breadcrumb":{"@id":"https:\/\/www.truzzer.com\/pl\/produkt\/trustband-google-review-nfc-wristband\/#breadcrumb"},"inLanguage":"pl-PL","potentialAction":[{"@type":"ReadAction","target":["https:\/\/www.truzzer.com\/pl\/produkt\/trustband-google-review-nfc-wristband\/"]}]},{"@type":"ImageObject","inLanguage":"pl-PL","@id":"https:\/\/www.truzzer.com\/pl\/produkt\/trustband-google-review-nfc-wristband\/#primaryimage","url":"https:\/\/www.truzzer.com\/wp-content\/uploads\/2026\/02\/trustband-nfc-google-review-wristband-truzzer-2-4.jpg","contentUrl":"https:\/\/www.truzzer.com\/wp-content\/uploads\/2026\/02\/trustband-nfc-google-review-wristband-truzzer-2-4.jpg","width":1200,"height":1200},{"@type":"BreadcrumbList","@id":"https:\/\/www.truzzer.com\/pl\/produkt\/trustband-google-review-nfc-wristband\/#breadcrumb","itemListElement":[{"@type":"ListItem","position":1,"name":"Home","item":"https:\/\/www.truzzer.com\/pl\/"},{"@type":"ListItem","position":2,"name":"Sklep","item":"https:\/\/www.truzzer.com\/pl\/sklep\/"},{"@type":"ListItem","position":3,"name":"opaska zaufania. &#8211; Recenzja Google Opaska NFC"}]},{"@type":"WebSite","@id":"https:\/\/www.truzzer.com\/pl\/#website","url":"https:\/\/www.truzzer.com\/pl\/","name":"truzzer","description":"Experts for customer trust","publisher":{"@id":"https:\/\/www.truzzer.com\/pl\/#organization"},"potentialAction":[{"@type":"SearchAction","target":{"@type":"EntryPoint","urlTemplate":"https:\/\/www.truzzer.com\/pl\/?s={search_term_string}"},"query-input":{"@type":"PropertyValueSpecification","valueRequired":true,"valueName":"search_term_string"}}],"inLanguage":"pl-PL"},{"@type":"Organization","@id":"https:\/\/www.truzzer.com\/pl\/#organization","name":"truzzer","url":"https:\/\/www.truzzer.com\/pl\/","logo":{"@type":"ImageObject","inLanguage":"pl-PL","@id":"https:\/\/www.truzzer.com\/pl\/#\/schema\/logo\/image\/","url":"https:\/\/truzzer.com\/wp-content\/uploads\/2026\/01\/truzzer-logo-black-1.svg","contentUrl":"https:\/\/truzzer.com\/wp-content\/uploads\/2026\/01\/truzzer-logo-black-1.svg","width":938,"height":199,"caption":"truzzer"},"image":{"@id":"https:\/\/www.truzzer.com\/pl\/#\/schema\/logo\/image\/"}}]}},"tiered_pricing_type":"fixed","tiered_pricing_fixed_rules":[],"tiered_pricing_product_settings":{"layout":"default","base_unit_name":{"singular":null,"plural":null},"default_variation":null},"tiered_pricing_minimum_quantity":null,"tiered_pricing_roles_data":[],"tiered_pricing_percentage_rules":[],"tiered_pricing_maximum_quantity":null,"tiered_pricing_quantity_step":null,"_links":{"self":[{"href":"https:\/\/www.truzzer.com\/pl\/wp-json\/wp\/v2\/product\/101042","targetHints":{"allow":["GET"]}}],"collection":[{"href":"https:\/\/www.truzzer.com\/pl\/wp-json\/wp\/v2\/product"}],"about":[{"href":"https:\/\/www.truzzer.com\/pl\/wp-json\/wp\/v2\/types\/product"}],"replies":[{"embeddable":true,"href":"https:\/\/www.truzzer.com\/pl\/wp-json\/wp\/v2\/comments?post=101042"}],"wp:featuredmedia":[{"embeddable":true,"href":"https:\/\/www.truzzer.com\/pl\/wp-json\/wp\/v2\/media\/101050"}],"wp:attachment":[{"href":"https:\/\/www.truzzer.com\/pl\/wp-json\/wp\/v2\/media?parent=101042"}],"wp:term":[{"taxonomy":"product_brand","embeddable":true,"href":"https:\/\/www.truzzer.com\/pl\/wp-json\/wp\/v2\/product_brand?post=101042"},{"taxonomy":"product_cat","embeddable":true,"href":"https:\/\/www.truzzer.com\/pl\/wp-json\/wp\/v2\/product_cat?post=101042"},{"taxonomy":"product_tag","embeddable":true,"href":"https:\/\/www.truzzer.com\/pl\/wp-json\/wp\/v2\/product_tag?post=101042"}],"curies":[{"name":"wp","href":"https:\/\/api.w.org\/{rel}","templated":true}]}}