{"id":101158,"date":"2026-02-01T20:04:04","date_gmt":"2026-02-01T20:04:04","guid":{"rendered":"https:\/\/beta.truzzer.com\/product\/follow-us-on-instagram-business-card-iconic\/"},"modified":"2026-02-13T09:42:55","modified_gmt":"2026-02-13T09:42:55","slug":"follow-us-on-instagram-business-card-iconic","status":"publish","type":"product","link":"https:\/\/www.truzzer.com\/pl\/produkt\/follow-us-on-instagram-business-card-iconic\/","title":{"rendered":"\u015aled\u017a nas na wizyt\u00f3wce Instagram Iconic"},"content":{"rendered":"<h2>Po prostu zamie\u0144 klient\u00f3w w obserwuj\u0105cych<\/h2>\n<p>Dzi\u0119ki wizyt\u00f3wkom truzzer Instagram mo\u017cesz z \u0142atwo\u015bci\u0105 zamieni\u0107 swoich klient\u00f3w w prawdziwych obserwuj\u0105cych Instagram, kt\u00f3rzy s\u0105 naprawd\u0119 zainteresowani Twoj\u0105 ofert\u0105 i Twoimi tre\u015bciami.<br \/>\nW ten spos\u00f3b mo\u017cesz skutecznie zwi\u0105za\u0107 swoj\u0105 grup\u0119 docelow\u0105.<\/p>\n<p>W por\u0119cznym formacie wizyt\u00f3wki mo\u017cesz udost\u0119pni\u0107 sw\u00f3j profil Instagram swoim klientom w dowolnym miejscu i czasie.<br \/>\nUmie\u015b\u0107 wizyt\u00f3wki truzzer Instagram w torbach zakupowych swoich klient\u00f3w, wr\u0119cz je do faktury lub przeka\u017c bezpo\u015brednio klientom. Zako\u0144czono.<\/p>\n<p>Kod QR przenosi klient\u00f3w bezpo\u015brednio do Twojego profilu Instagram bez konieczno\u015bci szukania Ci\u0119.<\/p>\n<p>Wizyt\u00f3wki Instagram z \u0142atwo\u015bci\u0105 spersonalizujesz swoim logo i dostosujesz je do swojej firmy.<\/p>\n<p>Produkty Obserwuj nas na Instagram s\u0105 \u0142atwe w u\u017cyciu, co chcieliby\u015bmy pokaza\u0107 poni\u017cej na przyk\u0142adzie naklejek \u201e\u015aled\u017a nas na Instagram\u201d.<\/p>\n<p>&nbsp;<\/p>\n<h3>Krok 1: Klient skanuje kod QR<\/h3>\n<p>Aby Ci\u0119 \u015bledzi\u0107, klient musi jedynie zeskanowa\u0107 kod QR. Wszystko, co musisz zrobi\u0107, to trzyma\u0107 aparat smartfona (nie jest wymagana dodatkowa aplikacja skanera) nad produktem.<\/p>\n<p><img decoding=\"async\" class=\"alignleft wp-image-22262 size-full\" src=\"https:\/\/www.truzzer.com\/wp-content\/uploads\/2020\/10\/jak-u\u017cywa\u0107-produktu-truzzer.jpg\" alt=\"\" szeroko\u015b\u0107=\"1400\" wysoko\u015b\u0107=\"933\" \/><\/p>\n<p>Na ekranie pojawi si\u0119 wyskakuj\u0105ce okienko (iPhone) lub pojawi si\u0119 kod QR (smartfony z systemem Android \/ Google).<\/p>\n<h3>Krok 2: Klient przechodzi bezpo\u015brednio do profilu Instagram<\/h3>\n<p>Instagram otworzy si\u0119 i klient b\u0119dzie m\u00f3g\u0142 bezpo\u015brednio Ci\u0119 \u015bledzi\u0107. To takie proste. Uwaga:<br \/>\nPami\u0119taj, \u017ce aby pozyska\u0107 obserwuj\u0105cych, wymagany jest profil Instagram.<\/p>\n<p>&nbsp;<\/p>\n","protected":false},"excerpt":{"rendered":"<p>U\u0142atw swoim klientom \u015bledzenie Ci\u0119 na Instagram dzi\u0119ki ikonie \u201eIconic\u201d Wizyt\u00f3wki Instagram o zredukowanym i atrakcyjnym wygl\u0105dzie, pasuj\u0105cym do ka\u017cdej firmy.<br \/>\nPo\u0142\u0105czymy dla Ciebie kod QR z Twoim profilem Instagram!<br \/>\nDodaj swoje logo za pomoc\u0105 funkcji przesy\u0142ania i wprowad\u017a swoj\u0105 nazw\u0119 u\u017cytkownika Instagram.<\/p>\n","protected":false},"featured_media":101159,"comment_status":"open","ping_status":"closed","template":"","meta":{"_acf_changed":false,"_yoast_wpseo_focuskw":"Instagram kod QR Wizyt\u00f3wka","_yoast_wpseo_title":"Follow us on Instagram business card Iconic | truzzer","_yoast_wpseo_metadesc":"Wi\u0119cej obserwuj\u0105cych na Instagramie z Follow us on Instagram business card Iconic od truzzer. \u0141atwa konfiguracja, gotowe do u\u017cycia. Zam\u00f3w teraz!"},"product_brand":[1663],"product_cat":[518,608,609,914],"product_tag":[],"class_list":{"0":"post-101158","1":"product","2":"type-product","3":"status-publish","4":"has-post-thumbnail","6":"product_brand-instagram","7":"product_cat-kod-qr-produkty","8":"product_cat-kod-qr-wizytowki","9":"product_cat-kod-qr-wizytowki-z-danymi-kontaktowymi","10":"product_cat-obserwujacy-instagram-wizytowki-z-kodem-qr","11":"pa_industry-biuro-doradztwo","12":"pa_industry-lokale-diensten","13":"pa_industry-onroerend-go","14":"pa_material-karton","15":"pa_placement-broszura","16":"pa_placement-portemonnee-personlijk","17":"pa_placement-recepcja-balie","18":"pa_product-type-odwiedzekaartjes","19":"pa_technology-kod-qr","20":"pa_technology-qr-code","22":"first","23":"instock","24":"taxable","25":"shipping-taxable","26":"purchasable","27":"product-type-simple"},"acf":[],"yoast_head":"<!-- This site is optimized with the Yoast SEO plugin v27.0 - https:\/\/yoast.com\/product\/yoast-seo-wordpress\/ -->\n<title>Follow us on Instagram business card Iconic | truzzer<\/title>\n<meta name=\"description\" content=\"Wi\u0119cej obserwuj\u0105cych na Instagramie z Follow us on Instagram business card Iconic od truzzer. \u0141atwa konfiguracja, gotowe do u\u017cycia. Zam\u00f3w teraz!\" \/>\n<meta name=\"robots\" content=\"index, follow, max-snippet:-1, max-image-preview:large, max-video-preview:-1\" \/>\n<link rel=\"canonical\" href=\"https:\/\/www.truzzer.com\/pl\/produkt\/follow-us-on-instagram-business-card-iconic\/\" \/>\n<meta property=\"og:locale\" content=\"pl_PL\" \/>\n<meta property=\"og:type\" content=\"article\" \/>\n<meta property=\"og:title\" content=\"Follow us on Instagram business card Iconic | truzzer\" \/>\n<meta property=\"og:description\" content=\"Wi\u0119cej obserwuj\u0105cych na Instagramie z Follow us on Instagram business card Iconic od truzzer. \u0141atwa konfiguracja, gotowe do u\u017cycia. Zam\u00f3w teraz!\" \/>\n<meta property=\"og:url\" content=\"https:\/\/www.truzzer.com\/pl\/produkt\/follow-us-on-instagram-business-card-iconic\/\" \/>\n<meta property=\"og:site_name\" content=\"truzzer\" \/>\n<meta property=\"article:modified_time\" content=\"2026-02-13T09:42:55+00:00\" \/>\n<meta property=\"og:image\" content=\"https:\/\/www.truzzer.com\/wp-content\/uploads\/2026\/02\/follow-us-on-instagram-business-card-iconic-with-instagram-qr-code-truzzer-3.jpg\" \/>\n\t<meta property=\"og:image:width\" content=\"1200\" \/>\n\t<meta property=\"og:image:height\" content=\"1200\" \/>\n\t<meta property=\"og:image:type\" content=\"image\/jpeg\" \/>\n<meta name=\"twitter:card\" content=\"summary_large_image\" \/>\n<meta name=\"twitter:label1\" content=\"Szacowany czas czytania\" \/>\n\t<meta name=\"twitter:data1\" content=\"1 minuta\" \/>\n<script type=\"application\/ld+json\" class=\"yoast-schema-graph\">{\"@context\":\"https:\/\/schema.org\",\"@graph\":[{\"@type\":\"WebPage\",\"@id\":\"https:\/\/www.truzzer.com\/pl\/produkt\/follow-us-on-instagram-business-card-iconic\/\",\"url\":\"https:\/\/www.truzzer.com\/pl\/produkt\/follow-us-on-instagram-business-card-iconic\/\",\"name\":\"Follow us on Instagram business card Iconic | truzzer\",\"isPartOf\":{\"@id\":\"https:\/\/www.truzzer.com\/pl\/#website\"},\"primaryImageOfPage\":{\"@id\":\"https:\/\/www.truzzer.com\/pl\/produkt\/follow-us-on-instagram-business-card-iconic\/#primaryimage\"},\"image\":{\"@id\":\"https:\/\/www.truzzer.com\/pl\/produkt\/follow-us-on-instagram-business-card-iconic\/#primaryimage\"},\"thumbnailUrl\":\"https:\/\/www.truzzer.com\/wp-content\/uploads\/2026\/02\/follow-us-on-instagram-business-card-iconic-with-instagram-qr-code-truzzer-3.jpg\",\"datePublished\":\"2026-02-01T20:04:04+00:00\",\"dateModified\":\"2026-02-13T09:42:55+00:00\",\"description\":\"Wi\u0119cej obserwuj\u0105cych na Instagramie z Follow us on Instagram business card Iconic od truzzer. \u0141atwa konfiguracja, gotowe do u\u017cycia. Zam\u00f3w teraz!\",\"breadcrumb\":{\"@id\":\"https:\/\/www.truzzer.com\/pl\/produkt\/follow-us-on-instagram-business-card-iconic\/#breadcrumb\"},\"inLanguage\":\"pl-PL\",\"potentialAction\":[{\"@type\":\"ReadAction\",\"target\":[\"https:\/\/www.truzzer.com\/pl\/produkt\/follow-us-on-instagram-business-card-iconic\/\"]}]},{\"@type\":\"ImageObject\",\"inLanguage\":\"pl-PL\",\"@id\":\"https:\/\/www.truzzer.com\/pl\/produkt\/follow-us-on-instagram-business-card-iconic\/#primaryimage\",\"url\":\"https:\/\/www.truzzer.com\/wp-content\/uploads\/2026\/02\/follow-us-on-instagram-business-card-iconic-with-instagram-qr-code-truzzer-3.jpg\",\"contentUrl\":\"https:\/\/www.truzzer.com\/wp-content\/uploads\/2026\/02\/follow-us-on-instagram-business-card-iconic-with-instagram-qr-code-truzzer-3.jpg\",\"width\":1200,\"height\":1200},{\"@type\":\"BreadcrumbList\",\"@id\":\"https:\/\/www.truzzer.com\/pl\/produkt\/follow-us-on-instagram-business-card-iconic\/#breadcrumb\",\"itemListElement\":[{\"@type\":\"ListItem\",\"position\":1,\"name\":\"Home\",\"item\":\"https:\/\/www.truzzer.com\/pl\/\"},{\"@type\":\"ListItem\",\"position\":2,\"name\":\"Sklep\",\"item\":\"https:\/\/www.truzzer.com\/pl\/sklep\/\"},{\"@type\":\"ListItem\",\"position\":3,\"name\":\"\u015aled\u017a nas na wizyt\u00f3wce Instagram Iconic\"}]},{\"@type\":\"WebSite\",\"@id\":\"https:\/\/www.truzzer.com\/pl\/#website\",\"url\":\"https:\/\/www.truzzer.com\/pl\/\",\"name\":\"truzzer\",\"description\":\"Experts for customer trust\",\"publisher\":{\"@id\":\"https:\/\/www.truzzer.com\/pl\/#organization\"},\"potentialAction\":[{\"@type\":\"SearchAction\",\"target\":{\"@type\":\"EntryPoint\",\"urlTemplate\":\"https:\/\/www.truzzer.com\/pl\/?s={search_term_string}\"},\"query-input\":{\"@type\":\"PropertyValueSpecification\",\"valueRequired\":true,\"valueName\":\"search_term_string\"}}],\"inLanguage\":\"pl-PL\"},{\"@type\":\"Organization\",\"@id\":\"https:\/\/www.truzzer.com\/pl\/#organization\",\"name\":\"truzzer\",\"url\":\"https:\/\/www.truzzer.com\/pl\/\",\"logo\":{\"@type\":\"ImageObject\",\"inLanguage\":\"pl-PL\",\"@id\":\"https:\/\/www.truzzer.com\/pl\/#\/schema\/logo\/image\/\",\"url\":\"https:\/\/truzzer.com\/wp-content\/uploads\/2026\/01\/truzzer-logo-black-1.svg\",\"contentUrl\":\"https:\/\/truzzer.com\/wp-content\/uploads\/2026\/01\/truzzer-logo-black-1.svg\",\"width\":938,\"height\":199,\"caption\":\"truzzer\"},\"image\":{\"@id\":\"https:\/\/www.truzzer.com\/pl\/#\/schema\/logo\/image\/\"}}]}<\/script>\n<!-- \/ Yoast SEO plugin. -->","yoast_head_json":{"title":"Follow us on Instagram business card Iconic | truzzer","description":"Wi\u0119cej obserwuj\u0105cych na Instagramie z Follow us on Instagram business card Iconic od truzzer. \u0141atwa konfiguracja, gotowe do u\u017cycia. Zam\u00f3w teraz!","robots":{"index":"index","follow":"follow","max-snippet":"max-snippet:-1","max-image-preview":"max-image-preview:large","max-video-preview":"max-video-preview:-1"},"canonical":"https:\/\/www.truzzer.com\/pl\/produkt\/follow-us-on-instagram-business-card-iconic\/","og_locale":"pl_PL","og_type":"article","og_title":"Follow us on Instagram business card Iconic | truzzer","og_description":"Wi\u0119cej obserwuj\u0105cych na Instagramie z Follow us on Instagram business card Iconic od truzzer. \u0141atwa konfiguracja, gotowe do u\u017cycia. Zam\u00f3w teraz!","og_url":"https:\/\/www.truzzer.com\/pl\/produkt\/follow-us-on-instagram-business-card-iconic\/","og_site_name":"truzzer","article_modified_time":"2026-02-13T09:42:55+00:00","og_image":[{"width":1200,"height":1200,"url":"https:\/\/www.truzzer.com\/wp-content\/uploads\/2026\/02\/follow-us-on-instagram-business-card-iconic-with-instagram-qr-code-truzzer-3.jpg","type":"image\/jpeg"}],"twitter_card":"summary_large_image","twitter_misc":{"Szacowany czas czytania":"1 minuta"},"schema":{"@context":"https:\/\/schema.org","@graph":[{"@type":"WebPage","@id":"https:\/\/www.truzzer.com\/pl\/produkt\/follow-us-on-instagram-business-card-iconic\/","url":"https:\/\/www.truzzer.com\/pl\/produkt\/follow-us-on-instagram-business-card-iconic\/","name":"Follow us on Instagram business card Iconic | truzzer","isPartOf":{"@id":"https:\/\/www.truzzer.com\/pl\/#website"},"primaryImageOfPage":{"@id":"https:\/\/www.truzzer.com\/pl\/produkt\/follow-us-on-instagram-business-card-iconic\/#primaryimage"},"image":{"@id":"https:\/\/www.truzzer.com\/pl\/produkt\/follow-us-on-instagram-business-card-iconic\/#primaryimage"},"thumbnailUrl":"https:\/\/www.truzzer.com\/wp-content\/uploads\/2026\/02\/follow-us-on-instagram-business-card-iconic-with-instagram-qr-code-truzzer-3.jpg","datePublished":"2026-02-01T20:04:04+00:00","dateModified":"2026-02-13T09:42:55+00:00","description":"Wi\u0119cej obserwuj\u0105cych na Instagramie z Follow us on Instagram business card Iconic od truzzer. \u0141atwa konfiguracja, gotowe do u\u017cycia. Zam\u00f3w teraz!","breadcrumb":{"@id":"https:\/\/www.truzzer.com\/pl\/produkt\/follow-us-on-instagram-business-card-iconic\/#breadcrumb"},"inLanguage":"pl-PL","potentialAction":[{"@type":"ReadAction","target":["https:\/\/www.truzzer.com\/pl\/produkt\/follow-us-on-instagram-business-card-iconic\/"]}]},{"@type":"ImageObject","inLanguage":"pl-PL","@id":"https:\/\/www.truzzer.com\/pl\/produkt\/follow-us-on-instagram-business-card-iconic\/#primaryimage","url":"https:\/\/www.truzzer.com\/wp-content\/uploads\/2026\/02\/follow-us-on-instagram-business-card-iconic-with-instagram-qr-code-truzzer-3.jpg","contentUrl":"https:\/\/www.truzzer.com\/wp-content\/uploads\/2026\/02\/follow-us-on-instagram-business-card-iconic-with-instagram-qr-code-truzzer-3.jpg","width":1200,"height":1200},{"@type":"BreadcrumbList","@id":"https:\/\/www.truzzer.com\/pl\/produkt\/follow-us-on-instagram-business-card-iconic\/#breadcrumb","itemListElement":[{"@type":"ListItem","position":1,"name":"Home","item":"https:\/\/www.truzzer.com\/pl\/"},{"@type":"ListItem","position":2,"name":"Sklep","item":"https:\/\/www.truzzer.com\/pl\/sklep\/"},{"@type":"ListItem","position":3,"name":"\u015aled\u017a nas na wizyt\u00f3wce Instagram Iconic"}]},{"@type":"WebSite","@id":"https:\/\/www.truzzer.com\/pl\/#website","url":"https:\/\/www.truzzer.com\/pl\/","name":"truzzer","description":"Experts for customer trust","publisher":{"@id":"https:\/\/www.truzzer.com\/pl\/#organization"},"potentialAction":[{"@type":"SearchAction","target":{"@type":"EntryPoint","urlTemplate":"https:\/\/www.truzzer.com\/pl\/?s={search_term_string}"},"query-input":{"@type":"PropertyValueSpecification","valueRequired":true,"valueName":"search_term_string"}}],"inLanguage":"pl-PL"},{"@type":"Organization","@id":"https:\/\/www.truzzer.com\/pl\/#organization","name":"truzzer","url":"https:\/\/www.truzzer.com\/pl\/","logo":{"@type":"ImageObject","inLanguage":"pl-PL","@id":"https:\/\/www.truzzer.com\/pl\/#\/schema\/logo\/image\/","url":"https:\/\/truzzer.com\/wp-content\/uploads\/2026\/01\/truzzer-logo-black-1.svg","contentUrl":"https:\/\/truzzer.com\/wp-content\/uploads\/2026\/01\/truzzer-logo-black-1.svg","width":938,"height":199,"caption":"truzzer"},"image":{"@id":"https:\/\/www.truzzer.com\/pl\/#\/schema\/logo\/image\/"}}]}},"tiered_pricing_type":"fixed","tiered_pricing_fixed_rules":[],"tiered_pricing_product_settings":{"layout":"default","base_unit_name":{"singular":null,"plural":null},"default_variation":null},"tiered_pricing_minimum_quantity":null,"tiered_pricing_roles_data":[],"tiered_pricing_percentage_rules":[],"tiered_pricing_maximum_quantity":null,"tiered_pricing_quantity_step":null,"_links":{"self":[{"href":"https:\/\/www.truzzer.com\/pl\/wp-json\/wp\/v2\/product\/101158","targetHints":{"allow":["GET"]}}],"collection":[{"href":"https:\/\/www.truzzer.com\/pl\/wp-json\/wp\/v2\/product"}],"about":[{"href":"https:\/\/www.truzzer.com\/pl\/wp-json\/wp\/v2\/types\/product"}],"replies":[{"embeddable":true,"href":"https:\/\/www.truzzer.com\/pl\/wp-json\/wp\/v2\/comments?post=101158"}],"wp:featuredmedia":[{"embeddable":true,"href":"https:\/\/www.truzzer.com\/pl\/wp-json\/wp\/v2\/media\/101159"}],"wp:attachment":[{"href":"https:\/\/www.truzzer.com\/pl\/wp-json\/wp\/v2\/media?parent=101158"}],"wp:term":[{"taxonomy":"product_brand","embeddable":true,"href":"https:\/\/www.truzzer.com\/pl\/wp-json\/wp\/v2\/product_brand?post=101158"},{"taxonomy":"product_cat","embeddable":true,"href":"https:\/\/www.truzzer.com\/pl\/wp-json\/wp\/v2\/product_cat?post=101158"},{"taxonomy":"product_tag","embeddable":true,"href":"https:\/\/www.truzzer.com\/pl\/wp-json\/wp\/v2\/product_tag?post=101158"}],"curies":[{"name":"wp","href":"https:\/\/api.w.org\/{rel}","templated":true}]}}