{"id":101170,"date":"2026-02-01T20:03:56","date_gmt":"2026-02-01T20:03:56","guid":{"rendered":"https:\/\/beta.truzzer.com\/product\/whatsapp-business-card-simple-with-whatsapp-chat-qr-code\/"},"modified":"2026-02-13T09:44:09","modified_gmt":"2026-02-13T09:44:09","slug":"whatsapp-business-card-simple-with-whatsapp-chat-qr-code","status":"publish","type":"product","link":"https:\/\/www.truzzer.com\/pl\/produkt\/whatsapp-business-card-simple-with-whatsapp-chat-qr-code\/","title":{"rendered":"Wizyt\u00f3wka WhatsApp Prosta z WhatsApp Czat z kodem QR"},"content":{"rendered":"<h2>Uczy\u0144 WhatsApp namacalnym!<\/h2>\n<p>Dzi\u0119ki wizyt\u00f3wkom truzzer WhatsApp mo\u017cesz \u0142atwo zach\u0119ci\u0107 swoich klient\u00f3w do kontaktu z Tob\u0105 za po\u015brednictwem WhatsApp. Z \u0142atwo\u015bci\u0105 mo\u017cesz umawia\u0107 si\u0119 na spotkania, wymienia\u0107 pomys\u0142ami czy informowa\u0107 klient\u00f3w o zmianach.<\/p>\n<p>W por\u0119cznym formacie wizyt\u00f3wki mo\u017cesz udost\u0119pni\u0107 kontakt WhatsApp swoim klientom w dowolnym miejscu i czasie, bez konieczno\u015bci \u017cmudnego zapisywania Twojego numeru.<br \/>\nUmie\u015b\u0107 wizyt\u00f3wki truzzer WhatsApp w torbach zakupowych swoich klient\u00f3w, wr\u0119cz je do faktury lub wr\u0119cz bezpo\u015brednio klientowi. Zako\u0144czono.<\/p>\n<p>Klienci mog\u0105 u\u017cy\u0107 kodu QR, aby przej\u015b\u0107 bezpo\u015brednio do czatu WhatsApp.<\/p>\n<p>Wizyt\u00f3wki WhatsApp z \u0142atwo\u015bci\u0105 spersonalizujesz swoim logo i dostosujesz je do swojej firmy.<\/p>\n<p><strong>Uwaga:<\/strong><br \/>\nPami\u0119taj, \u017ce wymagany jest w\u0142asny profil WhatsApp, aby klienci mogli komunikowa\u0107 si\u0119 z Tob\u0105 za po\u015brednictwem WhatsApp.<\/p>\n<p>&nbsp;<\/p>\n","protected":false},"excerpt":{"rendered":"<p><strong>\u0141atwiej komunikuj si\u0119 ze swoimi klientami dzi\u0119ki wizyt\u00f3wkom WhatsApp z kodem QR!<\/strong><\/p>\n<p>U\u0142atw swoim klientom kontakt z Tob\u0105 na WhatsApp dzi\u0119ki atrakcyjnie zaprojektowanym wizyt\u00f3wkom WhatsApp.<br \/>\nSpersonalizowany za pomoc\u0105 w\u0142asnego kodu QR, kt\u00f3ry prowadzi Twoich klient\u00f3w bezpo\u015brednio do Twojego czatu WhatsApp, Twojego numeru telefonu WhatsApp i Twojego w\u0142asnego logo.<br \/>\nPo\u0142\u0105czymy dla Ciebie kod QR z Twoim profilem WhatsApp!<br \/>\nDodaj swoje logo za pomoc\u0105 funkcji przesy\u0142ania i podaj sw\u00f3j numer telefonu.<\/p>\n","protected":false},"featured_media":101172,"comment_status":"open","ping_status":"closed","template":"","meta":{"_acf_changed":false,"_yoast_wpseo_focuskw":"WhatsApp kod QR Wizyt\u00f3wka","_yoast_wpseo_title":"WhatsApp business card Simple with WhatsApp Cha... | truzzer","_yoast_wpseo_metadesc":"Po\u0142\u0105cz si\u0119 przez WhatsApp z WhatsApp business card Simple with WhatsApp Chat QR code od truzzer. \u0141atwa konfiguracja, gotowe do u\u017cycia. Zam\u00f3w teraz!"},"product_brand":[1707],"product_cat":[931,948,949,518,608],"product_tag":[],"class_list":{"0":"post-101170","1":"product","2":"type-product","3":"status-publish","4":"has-post-thumbnail","6":"product_brand-whatsapp","7":"product_cat-czat-whatsapp-produkty","8":"product_cat-czat-whatsapp-wizytowki","9":"product_cat-czat-whatsapp-wizytowki-z-kodem-qr","10":"product_cat-kod-qr-produkty","11":"product_cat-kod-qr-wizytowki","12":"pa_industry-biuro-doradztwo","13":"pa_industry-lokale-diensten","14":"pa_industry-onroerend-go","15":"pa_material-karton","16":"pa_placement-broszura","17":"pa_placement-portemonnee-personlijk","18":"pa_placement-recepcja-balie","19":"pa_product-type-odwiedzekaartjes","20":"pa_technology-qr-code","22":"first","23":"instock","24":"taxable","25":"shipping-taxable","26":"purchasable","27":"product-type-simple"},"acf":[],"yoast_head":"<!-- This site is optimized with the Yoast SEO plugin v27.0 - https:\/\/yoast.com\/product\/yoast-seo-wordpress\/ -->\n<title>WhatsApp business card Simple with WhatsApp Cha... | truzzer<\/title>\n<meta name=\"description\" content=\"Po\u0142\u0105cz si\u0119 przez WhatsApp z WhatsApp business card Simple with WhatsApp Chat QR code od truzzer. \u0141atwa konfiguracja, gotowe do u\u017cycia. Zam\u00f3w teraz!\" \/>\n<meta name=\"robots\" content=\"index, follow, max-snippet:-1, max-image-preview:large, max-video-preview:-1\" \/>\n<link rel=\"canonical\" href=\"https:\/\/www.truzzer.com\/pl\/produkt\/whatsapp-business-card-simple-with-whatsapp-chat-qr-code\/\" \/>\n<meta property=\"og:locale\" content=\"pl_PL\" \/>\n<meta property=\"og:type\" content=\"article\" \/>\n<meta property=\"og:title\" content=\"WhatsApp business card Simple with WhatsApp Cha... | truzzer\" \/>\n<meta property=\"og:description\" content=\"Po\u0142\u0105cz si\u0119 przez WhatsApp z WhatsApp business card Simple with WhatsApp Chat QR code od truzzer. \u0141atwa konfiguracja, gotowe do u\u017cycia. Zam\u00f3w teraz!\" \/>\n<meta property=\"og:url\" content=\"https:\/\/www.truzzer.com\/pl\/produkt\/whatsapp-business-card-simple-with-whatsapp-chat-qr-code\/\" \/>\n<meta property=\"og:site_name\" content=\"truzzer\" \/>\n<meta property=\"article:modified_time\" content=\"2026-02-13T09:44:09+00:00\" \/>\n<meta property=\"og:image\" content=\"https:\/\/www.truzzer.com\/wp-content\/uploads\/2026\/02\/whatsapp-business-card-with-chat-qr-code-simple-truzzer-2.jpg\" \/>\n\t<meta property=\"og:image:width\" content=\"1200\" \/>\n\t<meta property=\"og:image:height\" content=\"1197\" \/>\n\t<meta property=\"og:image:type\" content=\"image\/jpeg\" \/>\n<meta name=\"twitter:card\" content=\"summary_large_image\" \/>\n<meta name=\"twitter:label1\" content=\"Szacowany czas czytania\" \/>\n\t<meta name=\"twitter:data1\" content=\"1 minuta\" \/>\n<script type=\"application\/ld+json\" class=\"yoast-schema-graph\">{\"@context\":\"https:\/\/schema.org\",\"@graph\":[{\"@type\":\"WebPage\",\"@id\":\"https:\/\/www.truzzer.com\/pl\/produkt\/whatsapp-business-card-simple-with-whatsapp-chat-qr-code\/\",\"url\":\"https:\/\/www.truzzer.com\/pl\/produkt\/whatsapp-business-card-simple-with-whatsapp-chat-qr-code\/\",\"name\":\"WhatsApp business card Simple with WhatsApp Cha... | truzzer\",\"isPartOf\":{\"@id\":\"https:\/\/www.truzzer.com\/pl\/#website\"},\"primaryImageOfPage\":{\"@id\":\"https:\/\/www.truzzer.com\/pl\/produkt\/whatsapp-business-card-simple-with-whatsapp-chat-qr-code\/#primaryimage\"},\"image\":{\"@id\":\"https:\/\/www.truzzer.com\/pl\/produkt\/whatsapp-business-card-simple-with-whatsapp-chat-qr-code\/#primaryimage\"},\"thumbnailUrl\":\"https:\/\/www.truzzer.com\/wp-content\/uploads\/2026\/02\/whatsapp-business-card-with-chat-qr-code-simple-truzzer-2.jpg\",\"datePublished\":\"2026-02-01T20:03:56+00:00\",\"dateModified\":\"2026-02-13T09:44:09+00:00\",\"description\":\"Po\u0142\u0105cz si\u0119 przez WhatsApp z WhatsApp business card Simple with WhatsApp Chat QR code od truzzer. \u0141atwa konfiguracja, gotowe do u\u017cycia. Zam\u00f3w teraz!\",\"breadcrumb\":{\"@id\":\"https:\/\/www.truzzer.com\/pl\/produkt\/whatsapp-business-card-simple-with-whatsapp-chat-qr-code\/#breadcrumb\"},\"inLanguage\":\"pl-PL\",\"potentialAction\":[{\"@type\":\"ReadAction\",\"target\":[\"https:\/\/www.truzzer.com\/pl\/produkt\/whatsapp-business-card-simple-with-whatsapp-chat-qr-code\/\"]}]},{\"@type\":\"ImageObject\",\"inLanguage\":\"pl-PL\",\"@id\":\"https:\/\/www.truzzer.com\/pl\/produkt\/whatsapp-business-card-simple-with-whatsapp-chat-qr-code\/#primaryimage\",\"url\":\"https:\/\/www.truzzer.com\/wp-content\/uploads\/2026\/02\/whatsapp-business-card-with-chat-qr-code-simple-truzzer-2.jpg\",\"contentUrl\":\"https:\/\/www.truzzer.com\/wp-content\/uploads\/2026\/02\/whatsapp-business-card-with-chat-qr-code-simple-truzzer-2.jpg\",\"width\":1200,\"height\":1197},{\"@type\":\"BreadcrumbList\",\"@id\":\"https:\/\/www.truzzer.com\/pl\/produkt\/whatsapp-business-card-simple-with-whatsapp-chat-qr-code\/#breadcrumb\",\"itemListElement\":[{\"@type\":\"ListItem\",\"position\":1,\"name\":\"Home\",\"item\":\"https:\/\/www.truzzer.com\/pl\/\"},{\"@type\":\"ListItem\",\"position\":2,\"name\":\"Sklep\",\"item\":\"https:\/\/www.truzzer.com\/pl\/sklep\/\"},{\"@type\":\"ListItem\",\"position\":3,\"name\":\"Wizyt\u00f3wka WhatsApp Prosta z WhatsApp Czat z kodem QR\"}]},{\"@type\":\"WebSite\",\"@id\":\"https:\/\/www.truzzer.com\/pl\/#website\",\"url\":\"https:\/\/www.truzzer.com\/pl\/\",\"name\":\"truzzer\",\"description\":\"Experts for customer trust\",\"publisher\":{\"@id\":\"https:\/\/www.truzzer.com\/pl\/#organization\"},\"potentialAction\":[{\"@type\":\"SearchAction\",\"target\":{\"@type\":\"EntryPoint\",\"urlTemplate\":\"https:\/\/www.truzzer.com\/pl\/?s={search_term_string}\"},\"query-input\":{\"@type\":\"PropertyValueSpecification\",\"valueRequired\":true,\"valueName\":\"search_term_string\"}}],\"inLanguage\":\"pl-PL\"},{\"@type\":\"Organization\",\"@id\":\"https:\/\/www.truzzer.com\/pl\/#organization\",\"name\":\"truzzer\",\"url\":\"https:\/\/www.truzzer.com\/pl\/\",\"logo\":{\"@type\":\"ImageObject\",\"inLanguage\":\"pl-PL\",\"@id\":\"https:\/\/www.truzzer.com\/pl\/#\/schema\/logo\/image\/\",\"url\":\"https:\/\/truzzer.com\/wp-content\/uploads\/2026\/01\/truzzer-logo-black-1.svg\",\"contentUrl\":\"https:\/\/truzzer.com\/wp-content\/uploads\/2026\/01\/truzzer-logo-black-1.svg\",\"width\":938,\"height\":199,\"caption\":\"truzzer\"},\"image\":{\"@id\":\"https:\/\/www.truzzer.com\/pl\/#\/schema\/logo\/image\/\"}}]}<\/script>\n<!-- \/ Yoast SEO plugin. -->","yoast_head_json":{"title":"WhatsApp business card Simple with WhatsApp Cha... | truzzer","description":"Po\u0142\u0105cz si\u0119 przez WhatsApp z WhatsApp business card Simple with WhatsApp Chat QR code od truzzer. \u0141atwa konfiguracja, gotowe do u\u017cycia. Zam\u00f3w teraz!","robots":{"index":"index","follow":"follow","max-snippet":"max-snippet:-1","max-image-preview":"max-image-preview:large","max-video-preview":"max-video-preview:-1"},"canonical":"https:\/\/www.truzzer.com\/pl\/produkt\/whatsapp-business-card-simple-with-whatsapp-chat-qr-code\/","og_locale":"pl_PL","og_type":"article","og_title":"WhatsApp business card Simple with WhatsApp Cha... | truzzer","og_description":"Po\u0142\u0105cz si\u0119 przez WhatsApp z WhatsApp business card Simple with WhatsApp Chat QR code od truzzer. \u0141atwa konfiguracja, gotowe do u\u017cycia. Zam\u00f3w teraz!","og_url":"https:\/\/www.truzzer.com\/pl\/produkt\/whatsapp-business-card-simple-with-whatsapp-chat-qr-code\/","og_site_name":"truzzer","article_modified_time":"2026-02-13T09:44:09+00:00","og_image":[{"width":1200,"height":1197,"url":"https:\/\/www.truzzer.com\/wp-content\/uploads\/2026\/02\/whatsapp-business-card-with-chat-qr-code-simple-truzzer-2.jpg","type":"image\/jpeg"}],"twitter_card":"summary_large_image","twitter_misc":{"Szacowany czas czytania":"1 minuta"},"schema":{"@context":"https:\/\/schema.org","@graph":[{"@type":"WebPage","@id":"https:\/\/www.truzzer.com\/pl\/produkt\/whatsapp-business-card-simple-with-whatsapp-chat-qr-code\/","url":"https:\/\/www.truzzer.com\/pl\/produkt\/whatsapp-business-card-simple-with-whatsapp-chat-qr-code\/","name":"WhatsApp business card Simple with WhatsApp Cha... | truzzer","isPartOf":{"@id":"https:\/\/www.truzzer.com\/pl\/#website"},"primaryImageOfPage":{"@id":"https:\/\/www.truzzer.com\/pl\/produkt\/whatsapp-business-card-simple-with-whatsapp-chat-qr-code\/#primaryimage"},"image":{"@id":"https:\/\/www.truzzer.com\/pl\/produkt\/whatsapp-business-card-simple-with-whatsapp-chat-qr-code\/#primaryimage"},"thumbnailUrl":"https:\/\/www.truzzer.com\/wp-content\/uploads\/2026\/02\/whatsapp-business-card-with-chat-qr-code-simple-truzzer-2.jpg","datePublished":"2026-02-01T20:03:56+00:00","dateModified":"2026-02-13T09:44:09+00:00","description":"Po\u0142\u0105cz si\u0119 przez WhatsApp z WhatsApp business card Simple with WhatsApp Chat QR code od truzzer. \u0141atwa konfiguracja, gotowe do u\u017cycia. Zam\u00f3w teraz!","breadcrumb":{"@id":"https:\/\/www.truzzer.com\/pl\/produkt\/whatsapp-business-card-simple-with-whatsapp-chat-qr-code\/#breadcrumb"},"inLanguage":"pl-PL","potentialAction":[{"@type":"ReadAction","target":["https:\/\/www.truzzer.com\/pl\/produkt\/whatsapp-business-card-simple-with-whatsapp-chat-qr-code\/"]}]},{"@type":"ImageObject","inLanguage":"pl-PL","@id":"https:\/\/www.truzzer.com\/pl\/produkt\/whatsapp-business-card-simple-with-whatsapp-chat-qr-code\/#primaryimage","url":"https:\/\/www.truzzer.com\/wp-content\/uploads\/2026\/02\/whatsapp-business-card-with-chat-qr-code-simple-truzzer-2.jpg","contentUrl":"https:\/\/www.truzzer.com\/wp-content\/uploads\/2026\/02\/whatsapp-business-card-with-chat-qr-code-simple-truzzer-2.jpg","width":1200,"height":1197},{"@type":"BreadcrumbList","@id":"https:\/\/www.truzzer.com\/pl\/produkt\/whatsapp-business-card-simple-with-whatsapp-chat-qr-code\/#breadcrumb","itemListElement":[{"@type":"ListItem","position":1,"name":"Home","item":"https:\/\/www.truzzer.com\/pl\/"},{"@type":"ListItem","position":2,"name":"Sklep","item":"https:\/\/www.truzzer.com\/pl\/sklep\/"},{"@type":"ListItem","position":3,"name":"Wizyt\u00f3wka WhatsApp Prosta z WhatsApp Czat z kodem QR"}]},{"@type":"WebSite","@id":"https:\/\/www.truzzer.com\/pl\/#website","url":"https:\/\/www.truzzer.com\/pl\/","name":"truzzer","description":"Experts for customer trust","publisher":{"@id":"https:\/\/www.truzzer.com\/pl\/#organization"},"potentialAction":[{"@type":"SearchAction","target":{"@type":"EntryPoint","urlTemplate":"https:\/\/www.truzzer.com\/pl\/?s={search_term_string}"},"query-input":{"@type":"PropertyValueSpecification","valueRequired":true,"valueName":"search_term_string"}}],"inLanguage":"pl-PL"},{"@type":"Organization","@id":"https:\/\/www.truzzer.com\/pl\/#organization","name":"truzzer","url":"https:\/\/www.truzzer.com\/pl\/","logo":{"@type":"ImageObject","inLanguage":"pl-PL","@id":"https:\/\/www.truzzer.com\/pl\/#\/schema\/logo\/image\/","url":"https:\/\/truzzer.com\/wp-content\/uploads\/2026\/01\/truzzer-logo-black-1.svg","contentUrl":"https:\/\/truzzer.com\/wp-content\/uploads\/2026\/01\/truzzer-logo-black-1.svg","width":938,"height":199,"caption":"truzzer"},"image":{"@id":"https:\/\/www.truzzer.com\/pl\/#\/schema\/logo\/image\/"}}]}},"tiered_pricing_type":"fixed","tiered_pricing_fixed_rules":[],"tiered_pricing_product_settings":{"layout":"default","base_unit_name":{"singular":null,"plural":null},"default_variation":null},"tiered_pricing_minimum_quantity":null,"tiered_pricing_roles_data":[],"tiered_pricing_percentage_rules":[],"tiered_pricing_maximum_quantity":null,"tiered_pricing_quantity_step":null,"_links":{"self":[{"href":"https:\/\/www.truzzer.com\/pl\/wp-json\/wp\/v2\/product\/101170","targetHints":{"allow":["GET"]}}],"collection":[{"href":"https:\/\/www.truzzer.com\/pl\/wp-json\/wp\/v2\/product"}],"about":[{"href":"https:\/\/www.truzzer.com\/pl\/wp-json\/wp\/v2\/types\/product"}],"replies":[{"embeddable":true,"href":"https:\/\/www.truzzer.com\/pl\/wp-json\/wp\/v2\/comments?post=101170"}],"wp:featuredmedia":[{"embeddable":true,"href":"https:\/\/www.truzzer.com\/pl\/wp-json\/wp\/v2\/media\/101172"}],"wp:attachment":[{"href":"https:\/\/www.truzzer.com\/pl\/wp-json\/wp\/v2\/media?parent=101170"}],"wp:term":[{"taxonomy":"product_brand","embeddable":true,"href":"https:\/\/www.truzzer.com\/pl\/wp-json\/wp\/v2\/product_brand?post=101170"},{"taxonomy":"product_cat","embeddable":true,"href":"https:\/\/www.truzzer.com\/pl\/wp-json\/wp\/v2\/product_cat?post=101170"},{"taxonomy":"product_tag","embeddable":true,"href":"https:\/\/www.truzzer.com\/pl\/wp-json\/wp\/v2\/product_tag?post=101170"}],"curies":[{"name":"wp","href":"https:\/\/api.w.org\/{rel}","templated":true}]}}