{"id":101194,"date":"2026-02-01T20:03:38","date_gmt":"2026-02-01T20:03:38","guid":{"rendered":"https:\/\/beta.truzzer.com\/product\/review-us-on-google-table-tent-iconic\/"},"modified":"2026-02-13T09:46:40","modified_gmt":"2026-02-13T09:46:40","slug":"review-us-on-google-table-tent-iconic","status":"publish","type":"product","link":"https:\/\/www.truzzer.com\/pl\/produkt\/review-us-on-google-table-tent-iconic\/","title":{"rendered":"Oce\u0144 nas na temat namiotu sto\u0142owego Google Iconic"},"content":{"rendered":"<h2><strong>Namioty sto\u0142owe, aby uzyska\u0107 wi\u0119cej recenzji Google<br \/>\n<\/strong><\/h2>\n<p>Dzi\u0119ki namiotom sto\u0142owym truzzer \u201eOce\u0144 nas na Google\u201d mo\u017cesz szybciej uzyska\u0107 pozytywne recenzje od klient\u00f3w i poprawi\u0107 sw\u00f3j wizerunek i reputacj\u0119.<br \/>\nPonadto wzmacniasz wi\u0119\u017a ze swoj\u0105 firm\u0105 i sw\u00f3j ranking SEO poprzez pozytywne recenzje.<\/p>\n<p>Idealnie umieszczone, np. bezpo\u015brednio na stole w restauracji lub na ladzie gabinetu\/sklepu, zach\u0119camy Twoich klient\u00f3w do wystawienia Ci oceny i pozostawienia recenzji na Twoim profilu Google Moja Firma.<br \/>\nZ przodu namiotu sto\u0142owego klienci znajd\u0105 pro\u015bb\u0119 o sprawdzenie Twojej firmy na Google, z ty\u0142u znajduje si\u0119 kod QR z kr\u00f3tk\u0105 instrukcj\u0105, jak dzia\u0142a recenzja.<\/p>\n<p>Kod QR przenosi klient\u00f3w bezpo\u015brednio do Twojej recenzji Google BEZ konieczno\u015bci wcze\u015bniejszego wyszukiwania Ci\u0119 na Google. W ten spos\u00f3b zapobiegasz przeskokom w procesie przegl\u0105du Google.<\/p>\n<p>Mo\u017cesz \u0142atwo spersonalizowa\u0107 namiot sto\u0142owy \u201ePrzejrzyj nas na Google\u201d swoim logo i dostosowa\u0107 go do swojej firmy.<\/p>\n<p>Oce\u0144 nas na produktach Google jest \u0142atwy w u\u017cyciu, co chcieliby\u015bmy pokaza\u0107 poni\u017cej na przyk\u0142adzie naklejek z recenzjami.<\/p>\n<p>&nbsp;<\/p>\n<h3>Krok 1: Klient skanuje kod QR<\/h3>\n<p>Aby Ci\u0119 \u015bledzi\u0107, klient musi jedynie zeskanowa\u0107 kod QR. Wszystko, co musisz zrobi\u0107, to trzyma\u0107 aparat smartfona (nie jest wymagana dodatkowa aplikacja skanera) nad produktem.<\/p>\n<p><img decoding=\"async\" src=\"https:\/\/www.truzzer.com\/wp-content\/uploads\/2026\/02\/how-to-use-the-product-truzzer-google.jpg.webp\" class=\"alignnone wp-image-22402 size-full\" alt=\"Hand scanning a QR code for Google reviews on a smartphone.\"  > <\/p>\n<p>Na ekranie pojawi si\u0119 wyskakuj\u0105ce okienko (iPhone) lub pojawi si\u0119 kod QR (smartfony z systemem Android \/ Google).<\/p>\n<h3>Krok 2: Klient przechodzi bezpo\u015brednio do formularza recenzji Google<\/h3>\n<p>Formularz recenzji otworzy si\u0119 w przegl\u0105darce smartfona, a klient b\u0119dzie m\u00f3g\u0142 bezpo\u015brednio Ci\u0119 oceni\u0107.<\/p>\n<p>Uwaga:<br \/>\nPami\u0119taj, \u017ce aby uzyska\u0107 recenzje Google, wymagany jest profil Google Moja Firma.<\/p>\n<p>&nbsp;<\/p>\n","protected":false},"excerpt":{"rendered":"<p>Zdob\u0105d\u017a wi\u0119cej recenzji Google od klient\u00f3w dzi\u0119ki \u201eOce\u0144 nas na Google Iconic\u201d namioty sto\u0142owe. U\u0142atw swoim klientom wystawianie recenzji na temat Google dzi\u0119ki wy\u015bwietlaczom sto\u0142owym do recenzji Google w zmniejszonej i atrakcyjnej \u201eminimalnej\u201d formie. projekt, kt\u00f3ry pasuje do ka\u017cdej firmy.<br \/>\nStworzymy i po\u0142\u0105czymy dla Ciebie kod QR do bezpo\u015bredniej oceny na Twoim profilu Google! Pobieramy te informacje z adresu Twojej firmy.<br \/>\nWi\u0119cej informacji na temat pomocy w wy\u015bwietlaniu tabeli znajdziesz tutaj: Jak to dzia\u0142a<br \/>\nDodaj swoje logo za pomoc\u0105 funkcji przesy\u0142ania.<\/p>\n","protected":false},"featured_media":101195,"comment_status":"open","ping_status":"closed","template":"","meta":{"_acf_changed":false,"_yoast_wpseo_focuskw":"Opinia Google Stojaczek na st\u00f3\u0142","_yoast_wpseo_title":"Review us on Google Table Tent Iconic | truzzer","_yoast_wpseo_metadesc":"Wi\u0119cej 5-gwiazdkowych opinii Google z Review us on Google Table Tent Iconic od truzzer. \u0141atwa konfiguracja, gotowe do u\u017cycia. Zam\u00f3w teraz!"},"product_brand":[1652],"product_cat":[993,518,1520,779,1020,1021],"product_tag":[],"class_list":{"0":"post-101194","1":"product","2":"type-product","3":"status-publish","4":"has-post-thumbnail","6":"product_brand-google","7":"product_cat-kod-qr-displaye-i-stojaki","8":"product_cat-kod-qr-produkty","9":"product_cat-kod-qr-zawieszki-na-drzwi","10":"product_cat-opinia-google-produkty","11":"product_cat-opinia-google-stojaki-na-stol","12":"product_cat-opinia-google-stojaki-na-stol-z-kodem-qr","13":"pa_industry-hotel","14":"pa_industry-medische-praktijk","15":"pa_industry-restauracja-kawiarnia","16":"pa_material-karton","17":"pa_placement-kassa-pos","18":"pa_placement-recepcja-balie","19":"pa_placement-tafel","20":"pa_product-type-ekspozytory-i-stojaki","21":"pa_technology-kod-qr","22":"pa_technology-qr-code","24":"first","25":"instock","26":"taxable","27":"shipping-taxable","28":"purchasable","29":"product-type-simple"},"acf":[],"yoast_head":"<!-- This site is optimized with the Yoast SEO plugin v27.0 - https:\/\/yoast.com\/product\/yoast-seo-wordpress\/ -->\n<title>Review us on Google Table Tent Iconic | truzzer<\/title>\n<meta name=\"description\" content=\"Wi\u0119cej 5-gwiazdkowych opinii Google z Review us on Google Table Tent Iconic od truzzer. \u0141atwa konfiguracja, gotowe do u\u017cycia. Zam\u00f3w teraz!\" \/>\n<meta name=\"robots\" content=\"index, follow, max-snippet:-1, max-image-preview:large, max-video-preview:-1\" \/>\n<link rel=\"canonical\" href=\"https:\/\/www.truzzer.com\/pl\/produkt\/review-us-on-google-table-tent-iconic\/\" \/>\n<meta property=\"og:locale\" content=\"pl_PL\" \/>\n<meta property=\"og:type\" content=\"article\" \/>\n<meta property=\"og:title\" content=\"Review us on Google Table Tent Iconic | truzzer\" \/>\n<meta property=\"og:description\" content=\"Wi\u0119cej 5-gwiazdkowych opinii Google z Review us on Google Table Tent Iconic od truzzer. \u0141atwa konfiguracja, gotowe do u\u017cycia. Zam\u00f3w teraz!\" \/>\n<meta property=\"og:url\" content=\"https:\/\/www.truzzer.com\/pl\/produkt\/review-us-on-google-table-tent-iconic\/\" \/>\n<meta property=\"og:site_name\" content=\"truzzer\" \/>\n<meta property=\"article:modified_time\" content=\"2026-02-13T09:46:40+00:00\" \/>\n<meta property=\"og:image\" content=\"https:\/\/www.truzzer.com\/wp-content\/uploads\/2026\/02\/review-us-on-google-table-tent-with-google-review-qr-code-fr.jpg\" \/>\n\t<meta property=\"og:image:width\" content=\"1200\" \/>\n\t<meta property=\"og:image:height\" content=\"1200\" \/>\n\t<meta property=\"og:image:type\" content=\"image\/jpeg\" \/>\n<meta name=\"twitter:card\" content=\"summary_large_image\" \/>\n<meta name=\"twitter:label1\" content=\"Szacowany czas czytania\" \/>\n\t<meta name=\"twitter:data1\" content=\"1 minuta\" \/>\n<script type=\"application\/ld+json\" class=\"yoast-schema-graph\">{\"@context\":\"https:\/\/schema.org\",\"@graph\":[{\"@type\":\"WebPage\",\"@id\":\"https:\/\/www.truzzer.com\/pl\/produkt\/review-us-on-google-table-tent-iconic\/\",\"url\":\"https:\/\/www.truzzer.com\/pl\/produkt\/review-us-on-google-table-tent-iconic\/\",\"name\":\"Review us on Google Table Tent Iconic | truzzer\",\"isPartOf\":{\"@id\":\"https:\/\/www.truzzer.com\/pl\/#website\"},\"primaryImageOfPage\":{\"@id\":\"https:\/\/www.truzzer.com\/pl\/produkt\/review-us-on-google-table-tent-iconic\/#primaryimage\"},\"image\":{\"@id\":\"https:\/\/www.truzzer.com\/pl\/produkt\/review-us-on-google-table-tent-iconic\/#primaryimage\"},\"thumbnailUrl\":\"https:\/\/www.truzzer.com\/wp-content\/uploads\/2026\/02\/review-us-on-google-table-tent-with-google-review-qr-code-fr.jpg\",\"datePublished\":\"2026-02-01T20:03:38+00:00\",\"dateModified\":\"2026-02-13T09:46:40+00:00\",\"description\":\"Wi\u0119cej 5-gwiazdkowych opinii Google z Review us on Google Table Tent Iconic od truzzer. \u0141atwa konfiguracja, gotowe do u\u017cycia. Zam\u00f3w teraz!\",\"breadcrumb\":{\"@id\":\"https:\/\/www.truzzer.com\/pl\/produkt\/review-us-on-google-table-tent-iconic\/#breadcrumb\"},\"inLanguage\":\"pl-PL\",\"potentialAction\":[{\"@type\":\"ReadAction\",\"target\":[\"https:\/\/www.truzzer.com\/pl\/produkt\/review-us-on-google-table-tent-iconic\/\"]}]},{\"@type\":\"ImageObject\",\"inLanguage\":\"pl-PL\",\"@id\":\"https:\/\/www.truzzer.com\/pl\/produkt\/review-us-on-google-table-tent-iconic\/#primaryimage\",\"url\":\"https:\/\/www.truzzer.com\/wp-content\/uploads\/2026\/02\/review-us-on-google-table-tent-with-google-review-qr-code-fr.jpg\",\"contentUrl\":\"https:\/\/www.truzzer.com\/wp-content\/uploads\/2026\/02\/review-us-on-google-table-tent-with-google-review-qr-code-fr.jpg\",\"width\":1200,\"height\":1200},{\"@type\":\"BreadcrumbList\",\"@id\":\"https:\/\/www.truzzer.com\/pl\/produkt\/review-us-on-google-table-tent-iconic\/#breadcrumb\",\"itemListElement\":[{\"@type\":\"ListItem\",\"position\":1,\"name\":\"Home\",\"item\":\"https:\/\/www.truzzer.com\/pl\/\"},{\"@type\":\"ListItem\",\"position\":2,\"name\":\"Sklep\",\"item\":\"https:\/\/www.truzzer.com\/pl\/sklep\/\"},{\"@type\":\"ListItem\",\"position\":3,\"name\":\"Oce\u0144 nas na temat namiotu sto\u0142owego Google Iconic\"}]},{\"@type\":\"WebSite\",\"@id\":\"https:\/\/www.truzzer.com\/pl\/#website\",\"url\":\"https:\/\/www.truzzer.com\/pl\/\",\"name\":\"truzzer\",\"description\":\"Experts for customer trust\",\"publisher\":{\"@id\":\"https:\/\/www.truzzer.com\/pl\/#organization\"},\"potentialAction\":[{\"@type\":\"SearchAction\",\"target\":{\"@type\":\"EntryPoint\",\"urlTemplate\":\"https:\/\/www.truzzer.com\/pl\/?s={search_term_string}\"},\"query-input\":{\"@type\":\"PropertyValueSpecification\",\"valueRequired\":true,\"valueName\":\"search_term_string\"}}],\"inLanguage\":\"pl-PL\"},{\"@type\":\"Organization\",\"@id\":\"https:\/\/www.truzzer.com\/pl\/#organization\",\"name\":\"truzzer\",\"url\":\"https:\/\/www.truzzer.com\/pl\/\",\"logo\":{\"@type\":\"ImageObject\",\"inLanguage\":\"pl-PL\",\"@id\":\"https:\/\/www.truzzer.com\/pl\/#\/schema\/logo\/image\/\",\"url\":\"https:\/\/truzzer.com\/wp-content\/uploads\/2026\/01\/truzzer-logo-black-1.svg\",\"contentUrl\":\"https:\/\/truzzer.com\/wp-content\/uploads\/2026\/01\/truzzer-logo-black-1.svg\",\"width\":938,\"height\":199,\"caption\":\"truzzer\"},\"image\":{\"@id\":\"https:\/\/www.truzzer.com\/pl\/#\/schema\/logo\/image\/\"}}]}<\/script>\n<!-- \/ Yoast SEO plugin. -->","yoast_head_json":{"title":"Review us on Google Table Tent Iconic | truzzer","description":"Wi\u0119cej 5-gwiazdkowych opinii Google z Review us on Google Table Tent Iconic od truzzer. \u0141atwa konfiguracja, gotowe do u\u017cycia. Zam\u00f3w teraz!","robots":{"index":"index","follow":"follow","max-snippet":"max-snippet:-1","max-image-preview":"max-image-preview:large","max-video-preview":"max-video-preview:-1"},"canonical":"https:\/\/www.truzzer.com\/pl\/produkt\/review-us-on-google-table-tent-iconic\/","og_locale":"pl_PL","og_type":"article","og_title":"Review us on Google Table Tent Iconic | truzzer","og_description":"Wi\u0119cej 5-gwiazdkowych opinii Google z Review us on Google Table Tent Iconic od truzzer. \u0141atwa konfiguracja, gotowe do u\u017cycia. Zam\u00f3w teraz!","og_url":"https:\/\/www.truzzer.com\/pl\/produkt\/review-us-on-google-table-tent-iconic\/","og_site_name":"truzzer","article_modified_time":"2026-02-13T09:46:40+00:00","og_image":[{"width":1200,"height":1200,"url":"https:\/\/www.truzzer.com\/wp-content\/uploads\/2026\/02\/review-us-on-google-table-tent-with-google-review-qr-code-fr.jpg","type":"image\/jpeg"}],"twitter_card":"summary_large_image","twitter_misc":{"Szacowany czas czytania":"1 minuta"},"schema":{"@context":"https:\/\/schema.org","@graph":[{"@type":"WebPage","@id":"https:\/\/www.truzzer.com\/pl\/produkt\/review-us-on-google-table-tent-iconic\/","url":"https:\/\/www.truzzer.com\/pl\/produkt\/review-us-on-google-table-tent-iconic\/","name":"Review us on Google Table Tent Iconic | truzzer","isPartOf":{"@id":"https:\/\/www.truzzer.com\/pl\/#website"},"primaryImageOfPage":{"@id":"https:\/\/www.truzzer.com\/pl\/produkt\/review-us-on-google-table-tent-iconic\/#primaryimage"},"image":{"@id":"https:\/\/www.truzzer.com\/pl\/produkt\/review-us-on-google-table-tent-iconic\/#primaryimage"},"thumbnailUrl":"https:\/\/www.truzzer.com\/wp-content\/uploads\/2026\/02\/review-us-on-google-table-tent-with-google-review-qr-code-fr.jpg","datePublished":"2026-02-01T20:03:38+00:00","dateModified":"2026-02-13T09:46:40+00:00","description":"Wi\u0119cej 5-gwiazdkowych opinii Google z Review us on Google Table Tent Iconic od truzzer. \u0141atwa konfiguracja, gotowe do u\u017cycia. Zam\u00f3w teraz!","breadcrumb":{"@id":"https:\/\/www.truzzer.com\/pl\/produkt\/review-us-on-google-table-tent-iconic\/#breadcrumb"},"inLanguage":"pl-PL","potentialAction":[{"@type":"ReadAction","target":["https:\/\/www.truzzer.com\/pl\/produkt\/review-us-on-google-table-tent-iconic\/"]}]},{"@type":"ImageObject","inLanguage":"pl-PL","@id":"https:\/\/www.truzzer.com\/pl\/produkt\/review-us-on-google-table-tent-iconic\/#primaryimage","url":"https:\/\/www.truzzer.com\/wp-content\/uploads\/2026\/02\/review-us-on-google-table-tent-with-google-review-qr-code-fr.jpg","contentUrl":"https:\/\/www.truzzer.com\/wp-content\/uploads\/2026\/02\/review-us-on-google-table-tent-with-google-review-qr-code-fr.jpg","width":1200,"height":1200},{"@type":"BreadcrumbList","@id":"https:\/\/www.truzzer.com\/pl\/produkt\/review-us-on-google-table-tent-iconic\/#breadcrumb","itemListElement":[{"@type":"ListItem","position":1,"name":"Home","item":"https:\/\/www.truzzer.com\/pl\/"},{"@type":"ListItem","position":2,"name":"Sklep","item":"https:\/\/www.truzzer.com\/pl\/sklep\/"},{"@type":"ListItem","position":3,"name":"Oce\u0144 nas na temat namiotu sto\u0142owego Google Iconic"}]},{"@type":"WebSite","@id":"https:\/\/www.truzzer.com\/pl\/#website","url":"https:\/\/www.truzzer.com\/pl\/","name":"truzzer","description":"Experts for customer trust","publisher":{"@id":"https:\/\/www.truzzer.com\/pl\/#organization"},"potentialAction":[{"@type":"SearchAction","target":{"@type":"EntryPoint","urlTemplate":"https:\/\/www.truzzer.com\/pl\/?s={search_term_string}"},"query-input":{"@type":"PropertyValueSpecification","valueRequired":true,"valueName":"search_term_string"}}],"inLanguage":"pl-PL"},{"@type":"Organization","@id":"https:\/\/www.truzzer.com\/pl\/#organization","name":"truzzer","url":"https:\/\/www.truzzer.com\/pl\/","logo":{"@type":"ImageObject","inLanguage":"pl-PL","@id":"https:\/\/www.truzzer.com\/pl\/#\/schema\/logo\/image\/","url":"https:\/\/truzzer.com\/wp-content\/uploads\/2026\/01\/truzzer-logo-black-1.svg","contentUrl":"https:\/\/truzzer.com\/wp-content\/uploads\/2026\/01\/truzzer-logo-black-1.svg","width":938,"height":199,"caption":"truzzer"},"image":{"@id":"https:\/\/www.truzzer.com\/pl\/#\/schema\/logo\/image\/"}}]}},"tiered_pricing_type":"fixed","tiered_pricing_fixed_rules":[],"tiered_pricing_product_settings":{"layout":"default","base_unit_name":{"singular":null,"plural":null},"default_variation":null},"tiered_pricing_minimum_quantity":null,"tiered_pricing_roles_data":[],"tiered_pricing_percentage_rules":[],"tiered_pricing_maximum_quantity":null,"tiered_pricing_quantity_step":null,"_links":{"self":[{"href":"https:\/\/www.truzzer.com\/pl\/wp-json\/wp\/v2\/product\/101194","targetHints":{"allow":["GET"]}}],"collection":[{"href":"https:\/\/www.truzzer.com\/pl\/wp-json\/wp\/v2\/product"}],"about":[{"href":"https:\/\/www.truzzer.com\/pl\/wp-json\/wp\/v2\/types\/product"}],"replies":[{"embeddable":true,"href":"https:\/\/www.truzzer.com\/pl\/wp-json\/wp\/v2\/comments?post=101194"}],"wp:featuredmedia":[{"embeddable":true,"href":"https:\/\/www.truzzer.com\/pl\/wp-json\/wp\/v2\/media\/101195"}],"wp:attachment":[{"href":"https:\/\/www.truzzer.com\/pl\/wp-json\/wp\/v2\/media?parent=101194"}],"wp:term":[{"taxonomy":"product_brand","embeddable":true,"href":"https:\/\/www.truzzer.com\/pl\/wp-json\/wp\/v2\/product_brand?post=101194"},{"taxonomy":"product_cat","embeddable":true,"href":"https:\/\/www.truzzer.com\/pl\/wp-json\/wp\/v2\/product_cat?post=101194"},{"taxonomy":"product_tag","embeddable":true,"href":"https:\/\/www.truzzer.com\/pl\/wp-json\/wp\/v2\/product_tag?post=101194"}],"curies":[{"name":"wp","href":"https:\/\/api.w.org\/{rel}","templated":true}]}}