{"id":101204,"date":"2026-02-01T20:03:29","date_gmt":"2026-02-01T20:03:29","guid":{"rendered":"https:\/\/beta.truzzer.com\/product\/follow-us-on-instagram-table-tent-icon\/"},"modified":"2026-02-13T09:47:55","modified_gmt":"2026-02-13T09:47:55","slug":"follow-us-on-instagram-table-tent-icon","status":"publish","type":"product","link":"https:\/\/www.truzzer.com\/pl\/produkt\/follow-us-on-instagram-table-tent-icon\/","title":{"rendered":"\u015aled\u017a nas na ikonie namiotu sto\u0142owego Instagram"},"content":{"rendered":"<h2><strong>Namiot sto\u0142owy dla wi\u0119kszej liczby obserwuj\u0105cych Instagram<\/strong><\/h2>\n<p>Dzi\u0119ki wy\u015bwietlaczom sto\u0142owym truzzer \u201eObserwuj nas na Instagram\u201d w formacie namiotu sto\u0142owego mo\u017cesz szybko pozyska\u0107 nowych obserwuj\u0105cych na Instagram, nie musz\u0105c przy tym wiele robi\u0107.<\/p>\n<p>Z ty\u0142u wy\u015bwietlacza sto\u0142u Instagram znajduje si\u0119 kod QR, kt\u00f3ry prowadzi bezpo\u015brednio do Twojego profilu Instagram.<\/p>\n<p>Kod QR przenosi klient\u00f3w bezpo\u015brednio do Twojego profilu, bez konieczno\u015bci wyszukiwania Ci\u0119. W ten spos\u00f3b gwarantujesz, \u017ce klienci Ci\u0119 znajd\u0105.<\/p>\n<p>Mo\u017cesz \u0142atwo spersonalizowa\u0107 tablic\u0119 \u201e\u015aled\u017a nas na Instagram\u201d za pomoc\u0105 swojego logo.<\/p>\n<p>Produkty Obserwuj nas na Instagram s\u0105 \u0142atwe w u\u017cyciu, co chcieliby\u015bmy pokaza\u0107 poni\u017cej na przyk\u0142adzie naklejek \u201e\u015aled\u017a nas na Instagram\u201d.<\/p>\n<p>&nbsp;<\/p>\n<h3>Krok 1: Klient skanuje kod QR<\/h3>\n<p>Aby Ci\u0119 \u015bledzi\u0107, klient musi jedynie zeskanowa\u0107 kod QR. Wszystko, co musisz zrobi\u0107, to trzyma\u0107 aparat smartfona (nie jest wymagana dodatkowa aplikacja skanera) nad produktem.<\/p>\n<p><img decoding=\"async\" class=\"alignleft wp-image-22262 size-full\" src=\"https:\/\/www.truzzer.com\/wp-content\/uploads\/2020\/10\/jak-u\u017cywa\u0107-produktu-truzzer.jpg\" alt=\"\" szeroko\u015b\u0107=\"1400\" wysoko\u015b\u0107=\"933\" \/><\/p>\n<p>Na ekranie pojawi si\u0119 wyskakuj\u0105ce okienko (iPhone) lub pojawi si\u0119 kod QR (smartfony z systemem Android \/ Google).<\/p>\n<h3>Krok 2: Klient przechodzi bezpo\u015brednio do profilu Instagram<\/h3>\n<p>Instagram otworzy si\u0119 i klient b\u0119dzie m\u00f3g\u0142 bezpo\u015brednio Ci\u0119 \u015bledzi\u0107. To takie proste. Uwaga:<br \/>\nPami\u0119taj, \u017ce aby pozyska\u0107 obserwuj\u0105cych, wymagany jest profil Instagram.<\/p>\n<p>&nbsp;<\/p>\n","protected":false},"excerpt":{"rendered":"<p>Zamie\u0144 swoich klient\u00f3w w obserwuj\u0105cych Instagram dzi\u0119ki opcji \u201e<strong>\u015aled\u017a nas na Instagram Iconic<\/strong>\u201d 8221; ekspozytory sto\u0142owe w formacie namiotu sto\u0142owego. U\u0142atw swoim klientom \u015bledzenie Ci\u0119 na Instagram dzi\u0119ki ekspozytorom sto\u0142owym Instagram w fajnym i atrakcyjnym \u201eIconic\u201d; projekt z obiema stronami zaprojektowanymi identycznie.<br \/>\nStworzymy i po\u0142\u0105czymy dla Ciebie kod QR z Twoim profilem Instagram!<br \/>\nWprowad\u017a nazw\u0119 swojego profilu.<\/p>\n","protected":false},"featured_media":101205,"comment_status":"open","ping_status":"closed","template":"","meta":{"_acf_changed":false,"_yoast_wpseo_focuskw":"Instagram kod QR Stojaczek na st\u00f3\u0142","_yoast_wpseo_title":"Follow us on Instagram Table Tent Icon | truzzer","_yoast_wpseo_metadesc":"Wi\u0119cej obserwuj\u0105cych na Instagramie z Follow us on Instagram Table Tent Icon od truzzer. \u0141atwa konfiguracja, gotowe do u\u017cycia. Zam\u00f3w teraz!"},"product_brand":[1663],"product_cat":[993,518,992],"product_tag":[],"class_list":{"0":"post-101204","1":"product","2":"type-product","3":"status-publish","4":"has-post-thumbnail","6":"product_brand-instagram","7":"product_cat-kod-qr-displaye-i-stojaki","8":"product_cat-kod-qr-produkty","9":"product_cat-obserwujacy-instagram-stojaki-na-stol-z-kodem-qr","10":"pa_industry-hotel","11":"pa_industry-medische-praktijk","12":"pa_industry-restauracja-kawiarnia","13":"pa_material-karton","14":"pa_placement-kassa-pos","15":"pa_placement-recepcja-balie","16":"pa_placement-tafel","17":"pa_product-type-ekspozytory-i-stojaki","18":"pa_technology-kod-qr","19":"pa_technology-qr-code","21":"first","22":"instock","23":"taxable","24":"shipping-taxable","25":"purchasable","26":"product-type-simple"},"acf":[],"yoast_head":"<!-- This site is optimized with the Yoast SEO plugin v27.0 - https:\/\/yoast.com\/product\/yoast-seo-wordpress\/ -->\n<title>Follow us on Instagram Table Tent Icon | truzzer<\/title>\n<meta name=\"description\" content=\"Wi\u0119cej obserwuj\u0105cych na Instagramie z Follow us on Instagram Table Tent Icon od truzzer. \u0141atwa konfiguracja, gotowe do u\u017cycia. Zam\u00f3w teraz!\" \/>\n<meta name=\"robots\" content=\"index, follow, max-snippet:-1, max-image-preview:large, max-video-preview:-1\" \/>\n<link rel=\"canonical\" href=\"https:\/\/www.truzzer.com\/pl\/produkt\/follow-us-on-instagram-table-tent-icon\/\" \/>\n<meta property=\"og:locale\" content=\"pl_PL\" \/>\n<meta property=\"og:type\" content=\"article\" \/>\n<meta property=\"og:title\" content=\"Follow us on Instagram Table Tent Icon | truzzer\" \/>\n<meta property=\"og:description\" content=\"Wi\u0119cej obserwuj\u0105cych na Instagramie z Follow us on Instagram Table Tent Icon od truzzer. \u0141atwa konfiguracja, gotowe do u\u017cycia. Zam\u00f3w teraz!\" \/>\n<meta property=\"og:url\" content=\"https:\/\/www.truzzer.com\/pl\/produkt\/follow-us-on-instagram-table-tent-icon\/\" \/>\n<meta property=\"og:site_name\" content=\"truzzer\" \/>\n<meta property=\"article:modified_time\" content=\"2026-02-13T09:47:55+00:00\" \/>\n<meta property=\"og:image\" content=\"https:\/\/www.truzzer.com\/wp-content\/uploads\/2026\/02\/follow-us-on-instagram-table-tent-display-iconic-with-instagram-qr-code-truzzer-2.jpg\" \/>\n\t<meta property=\"og:image:width\" content=\"1200\" \/>\n\t<meta property=\"og:image:height\" content=\"1200\" \/>\n\t<meta property=\"og:image:type\" content=\"image\/jpeg\" \/>\n<meta name=\"twitter:card\" content=\"summary_large_image\" \/>\n<meta name=\"twitter:label1\" content=\"Szacowany czas czytania\" \/>\n\t<meta name=\"twitter:data1\" content=\"1 minuta\" \/>\n<script type=\"application\/ld+json\" class=\"yoast-schema-graph\">{\"@context\":\"https:\/\/schema.org\",\"@graph\":[{\"@type\":\"WebPage\",\"@id\":\"https:\/\/www.truzzer.com\/pl\/produkt\/follow-us-on-instagram-table-tent-icon\/\",\"url\":\"https:\/\/www.truzzer.com\/pl\/produkt\/follow-us-on-instagram-table-tent-icon\/\",\"name\":\"Follow us on Instagram Table Tent Icon | truzzer\",\"isPartOf\":{\"@id\":\"https:\/\/www.truzzer.com\/pl\/#website\"},\"primaryImageOfPage\":{\"@id\":\"https:\/\/www.truzzer.com\/pl\/produkt\/follow-us-on-instagram-table-tent-icon\/#primaryimage\"},\"image\":{\"@id\":\"https:\/\/www.truzzer.com\/pl\/produkt\/follow-us-on-instagram-table-tent-icon\/#primaryimage\"},\"thumbnailUrl\":\"https:\/\/www.truzzer.com\/wp-content\/uploads\/2026\/02\/follow-us-on-instagram-table-tent-display-iconic-with-instagram-qr-code-truzzer-2.jpg\",\"datePublished\":\"2026-02-01T20:03:29+00:00\",\"dateModified\":\"2026-02-13T09:47:55+00:00\",\"description\":\"Wi\u0119cej obserwuj\u0105cych na Instagramie z Follow us on Instagram Table Tent Icon od truzzer. \u0141atwa konfiguracja, gotowe do u\u017cycia. Zam\u00f3w teraz!\",\"breadcrumb\":{\"@id\":\"https:\/\/www.truzzer.com\/pl\/produkt\/follow-us-on-instagram-table-tent-icon\/#breadcrumb\"},\"inLanguage\":\"pl-PL\",\"potentialAction\":[{\"@type\":\"ReadAction\",\"target\":[\"https:\/\/www.truzzer.com\/pl\/produkt\/follow-us-on-instagram-table-tent-icon\/\"]}]},{\"@type\":\"ImageObject\",\"inLanguage\":\"pl-PL\",\"@id\":\"https:\/\/www.truzzer.com\/pl\/produkt\/follow-us-on-instagram-table-tent-icon\/#primaryimage\",\"url\":\"https:\/\/www.truzzer.com\/wp-content\/uploads\/2026\/02\/follow-us-on-instagram-table-tent-display-iconic-with-instagram-qr-code-truzzer-2.jpg\",\"contentUrl\":\"https:\/\/www.truzzer.com\/wp-content\/uploads\/2026\/02\/follow-us-on-instagram-table-tent-display-iconic-with-instagram-qr-code-truzzer-2.jpg\",\"width\":1200,\"height\":1200},{\"@type\":\"BreadcrumbList\",\"@id\":\"https:\/\/www.truzzer.com\/pl\/produkt\/follow-us-on-instagram-table-tent-icon\/#breadcrumb\",\"itemListElement\":[{\"@type\":\"ListItem\",\"position\":1,\"name\":\"Home\",\"item\":\"https:\/\/www.truzzer.com\/pl\/\"},{\"@type\":\"ListItem\",\"position\":2,\"name\":\"Sklep\",\"item\":\"https:\/\/www.truzzer.com\/pl\/sklep\/\"},{\"@type\":\"ListItem\",\"position\":3,\"name\":\"\u015aled\u017a nas na ikonie namiotu sto\u0142owego Instagram\"}]},{\"@type\":\"WebSite\",\"@id\":\"https:\/\/www.truzzer.com\/pl\/#website\",\"url\":\"https:\/\/www.truzzer.com\/pl\/\",\"name\":\"truzzer\",\"description\":\"Experts for customer trust\",\"publisher\":{\"@id\":\"https:\/\/www.truzzer.com\/pl\/#organization\"},\"potentialAction\":[{\"@type\":\"SearchAction\",\"target\":{\"@type\":\"EntryPoint\",\"urlTemplate\":\"https:\/\/www.truzzer.com\/pl\/?s={search_term_string}\"},\"query-input\":{\"@type\":\"PropertyValueSpecification\",\"valueRequired\":true,\"valueName\":\"search_term_string\"}}],\"inLanguage\":\"pl-PL\"},{\"@type\":\"Organization\",\"@id\":\"https:\/\/www.truzzer.com\/pl\/#organization\",\"name\":\"truzzer\",\"url\":\"https:\/\/www.truzzer.com\/pl\/\",\"logo\":{\"@type\":\"ImageObject\",\"inLanguage\":\"pl-PL\",\"@id\":\"https:\/\/www.truzzer.com\/pl\/#\/schema\/logo\/image\/\",\"url\":\"https:\/\/truzzer.com\/wp-content\/uploads\/2026\/01\/truzzer-logo-black-1.svg\",\"contentUrl\":\"https:\/\/truzzer.com\/wp-content\/uploads\/2026\/01\/truzzer-logo-black-1.svg\",\"width\":938,\"height\":199,\"caption\":\"truzzer\"},\"image\":{\"@id\":\"https:\/\/www.truzzer.com\/pl\/#\/schema\/logo\/image\/\"}}]}<\/script>\n<!-- \/ Yoast SEO plugin. -->","yoast_head_json":{"title":"Follow us on Instagram Table Tent Icon | truzzer","description":"Wi\u0119cej obserwuj\u0105cych na Instagramie z Follow us on Instagram Table Tent Icon od truzzer. \u0141atwa konfiguracja, gotowe do u\u017cycia. Zam\u00f3w teraz!","robots":{"index":"index","follow":"follow","max-snippet":"max-snippet:-1","max-image-preview":"max-image-preview:large","max-video-preview":"max-video-preview:-1"},"canonical":"https:\/\/www.truzzer.com\/pl\/produkt\/follow-us-on-instagram-table-tent-icon\/","og_locale":"pl_PL","og_type":"article","og_title":"Follow us on Instagram Table Tent Icon | truzzer","og_description":"Wi\u0119cej obserwuj\u0105cych na Instagramie z Follow us on Instagram Table Tent Icon od truzzer. \u0141atwa konfiguracja, gotowe do u\u017cycia. Zam\u00f3w teraz!","og_url":"https:\/\/www.truzzer.com\/pl\/produkt\/follow-us-on-instagram-table-tent-icon\/","og_site_name":"truzzer","article_modified_time":"2026-02-13T09:47:55+00:00","og_image":[{"width":1200,"height":1200,"url":"https:\/\/www.truzzer.com\/wp-content\/uploads\/2026\/02\/follow-us-on-instagram-table-tent-display-iconic-with-instagram-qr-code-truzzer-2.jpg","type":"image\/jpeg"}],"twitter_card":"summary_large_image","twitter_misc":{"Szacowany czas czytania":"1 minuta"},"schema":{"@context":"https:\/\/schema.org","@graph":[{"@type":"WebPage","@id":"https:\/\/www.truzzer.com\/pl\/produkt\/follow-us-on-instagram-table-tent-icon\/","url":"https:\/\/www.truzzer.com\/pl\/produkt\/follow-us-on-instagram-table-tent-icon\/","name":"Follow us on Instagram Table Tent Icon | truzzer","isPartOf":{"@id":"https:\/\/www.truzzer.com\/pl\/#website"},"primaryImageOfPage":{"@id":"https:\/\/www.truzzer.com\/pl\/produkt\/follow-us-on-instagram-table-tent-icon\/#primaryimage"},"image":{"@id":"https:\/\/www.truzzer.com\/pl\/produkt\/follow-us-on-instagram-table-tent-icon\/#primaryimage"},"thumbnailUrl":"https:\/\/www.truzzer.com\/wp-content\/uploads\/2026\/02\/follow-us-on-instagram-table-tent-display-iconic-with-instagram-qr-code-truzzer-2.jpg","datePublished":"2026-02-01T20:03:29+00:00","dateModified":"2026-02-13T09:47:55+00:00","description":"Wi\u0119cej obserwuj\u0105cych na Instagramie z Follow us on Instagram Table Tent Icon od truzzer. \u0141atwa konfiguracja, gotowe do u\u017cycia. Zam\u00f3w teraz!","breadcrumb":{"@id":"https:\/\/www.truzzer.com\/pl\/produkt\/follow-us-on-instagram-table-tent-icon\/#breadcrumb"},"inLanguage":"pl-PL","potentialAction":[{"@type":"ReadAction","target":["https:\/\/www.truzzer.com\/pl\/produkt\/follow-us-on-instagram-table-tent-icon\/"]}]},{"@type":"ImageObject","inLanguage":"pl-PL","@id":"https:\/\/www.truzzer.com\/pl\/produkt\/follow-us-on-instagram-table-tent-icon\/#primaryimage","url":"https:\/\/www.truzzer.com\/wp-content\/uploads\/2026\/02\/follow-us-on-instagram-table-tent-display-iconic-with-instagram-qr-code-truzzer-2.jpg","contentUrl":"https:\/\/www.truzzer.com\/wp-content\/uploads\/2026\/02\/follow-us-on-instagram-table-tent-display-iconic-with-instagram-qr-code-truzzer-2.jpg","width":1200,"height":1200},{"@type":"BreadcrumbList","@id":"https:\/\/www.truzzer.com\/pl\/produkt\/follow-us-on-instagram-table-tent-icon\/#breadcrumb","itemListElement":[{"@type":"ListItem","position":1,"name":"Home","item":"https:\/\/www.truzzer.com\/pl\/"},{"@type":"ListItem","position":2,"name":"Sklep","item":"https:\/\/www.truzzer.com\/pl\/sklep\/"},{"@type":"ListItem","position":3,"name":"\u015aled\u017a nas na ikonie namiotu sto\u0142owego Instagram"}]},{"@type":"WebSite","@id":"https:\/\/www.truzzer.com\/pl\/#website","url":"https:\/\/www.truzzer.com\/pl\/","name":"truzzer","description":"Experts for customer trust","publisher":{"@id":"https:\/\/www.truzzer.com\/pl\/#organization"},"potentialAction":[{"@type":"SearchAction","target":{"@type":"EntryPoint","urlTemplate":"https:\/\/www.truzzer.com\/pl\/?s={search_term_string}"},"query-input":{"@type":"PropertyValueSpecification","valueRequired":true,"valueName":"search_term_string"}}],"inLanguage":"pl-PL"},{"@type":"Organization","@id":"https:\/\/www.truzzer.com\/pl\/#organization","name":"truzzer","url":"https:\/\/www.truzzer.com\/pl\/","logo":{"@type":"ImageObject","inLanguage":"pl-PL","@id":"https:\/\/www.truzzer.com\/pl\/#\/schema\/logo\/image\/","url":"https:\/\/truzzer.com\/wp-content\/uploads\/2026\/01\/truzzer-logo-black-1.svg","contentUrl":"https:\/\/truzzer.com\/wp-content\/uploads\/2026\/01\/truzzer-logo-black-1.svg","width":938,"height":199,"caption":"truzzer"},"image":{"@id":"https:\/\/www.truzzer.com\/pl\/#\/schema\/logo\/image\/"}}]}},"tiered_pricing_type":"fixed","tiered_pricing_fixed_rules":[],"tiered_pricing_product_settings":{"layout":"default","base_unit_name":{"singular":null,"plural":null},"default_variation":null},"tiered_pricing_minimum_quantity":null,"tiered_pricing_roles_data":[],"tiered_pricing_percentage_rules":[],"tiered_pricing_maximum_quantity":null,"tiered_pricing_quantity_step":null,"_links":{"self":[{"href":"https:\/\/www.truzzer.com\/pl\/wp-json\/wp\/v2\/product\/101204","targetHints":{"allow":["GET"]}}],"collection":[{"href":"https:\/\/www.truzzer.com\/pl\/wp-json\/wp\/v2\/product"}],"about":[{"href":"https:\/\/www.truzzer.com\/pl\/wp-json\/wp\/v2\/types\/product"}],"replies":[{"embeddable":true,"href":"https:\/\/www.truzzer.com\/pl\/wp-json\/wp\/v2\/comments?post=101204"}],"wp:featuredmedia":[{"embeddable":true,"href":"https:\/\/www.truzzer.com\/pl\/wp-json\/wp\/v2\/media\/101205"}],"wp:attachment":[{"href":"https:\/\/www.truzzer.com\/pl\/wp-json\/wp\/v2\/media?parent=101204"}],"wp:term":[{"taxonomy":"product_brand","embeddable":true,"href":"https:\/\/www.truzzer.com\/pl\/wp-json\/wp\/v2\/product_brand?post=101204"},{"taxonomy":"product_cat","embeddable":true,"href":"https:\/\/www.truzzer.com\/pl\/wp-json\/wp\/v2\/product_cat?post=101204"},{"taxonomy":"product_tag","embeddable":true,"href":"https:\/\/www.truzzer.com\/pl\/wp-json\/wp\/v2\/product_tag?post=101204"}],"curies":[{"name":"wp","href":"https:\/\/api.w.org\/{rel}","templated":true}]}}