{"id":101301,"date":"2026-02-01T20:03:02","date_gmt":"2026-02-01T20:03:02","guid":{"rendered":"https:\/\/beta.truzzer.com\/product\/review-us-on-google-nfc-stand-display\/"},"modified":"2026-02-13T09:51:45","modified_gmt":"2026-02-13T09:51:45","slug":"review-us-on-google-nfc-stand-display","status":"publish","type":"product","link":"https:\/\/www.truzzer.com\/pl\/produkt\/review-us-on-google-nfc-stand-display\/","title":{"rendered":"Oce\u0144 nas na temat stojaka \/ wy\u015bwietlacza Google NFC"},"content":{"rendered":"<p>Optymalizacja obecno\u015bci Twojej firmy w Internecie i poprawa optymalizacji jej lokalnych wyszukiwarek (SEO) to kluczowe kroki w kierunku przyci\u0105gni\u0119cia wi\u0119kszej liczby klient\u00f3w i zwi\u0119kszenia Twojej widoczno\u015bci. Jednym z innowacyjnych sposob\u00f3w osi\u0105gni\u0119cia tego celu jest wykorzystanie technologii NFC do recenzji Google. Takie podej\u015bcie nie tylko upraszcza proces pozyskiwania recenzji, ale tak\u017ce znacz\u0105co wp\u0142ywa na Twoje lokalne dzia\u0142ania SEO. Przyjrzyjmy si\u0119, jak recenzje NFC Google mog\u0105 zmieni\u0107 obecno\u015b\u0107 Twojej firmy w Internecie.<\/p>\n<h3>\u00a0Technologia NFC: podnosz\u0105ce poziom recenzji Google<\/h3>\n<p>Technologia Near Field Communication (NFC) zapewnia p\u0142ynne pomost mi\u0119dzy interakcj\u0105 fizyczn\u0105 a zaanga\u017cowaniem cyfrowym. Dzi\u0119ki integracji stojak\u00f3w lub wy\u015bwietlaczy NFC w lokalizacji Twojej firmy klienci mog\u0105 bez trudu uzyska\u0107 dost\u0119p do strony z recenzjami Google za pomoc\u0105 prostego dotkni\u0119cia smartfona. Ta bezdotykowa interakcja to nie tylko wygoda; chodzi o stworzenie p\u0142ynnej \u015bcie\u017cki umo\u017cliwiaj\u0105cej klientom dzielenie si\u0119 swoimi do\u015bwiadczeniami.<\/p>\n<h3>Si\u0142a recenzji Google w lokalnym SEO<\/h3>\n<p>Recenzje Google odgrywaj\u0105 kluczow\u0105 rol\u0119 w lokalnym SEO. Wp\u0142ywaj\u0105 na to, jak Google postrzega Twoj\u0105 firm\u0119, wp\u0142ywaj\u0105c na Tw\u00f3j ranking wyszukiwania w wyszukiwaniach lokalnych. Wi\u0119ksza liczba pozytywnych recenzji nie tylko poprawia Twoj\u0105 widoczno\u015b\u0107, ale tak\u017ce zwi\u0119ksza wiarygodno\u015b\u0107 w\u015br\u00f3d potencjalnych klient\u00f3w. Oto, w jaki spos\u00f3b recenzje NFC Google przynosz\u0105 szczeg\u00f3lne korzy\u015bci Twojemu lokalnemu SEO:<\/p>\n<ul>\n<li>Wi\u0119ksza liczba recenzji: dzi\u0119ki stojakom NFC zach\u0119canie klient\u00f3w do pozostawienia recenzji staje si\u0119 dyskretne i zintegrowane z ich do\u015bwiadczeniami w Twojej lokalizacji. Ta \u0142atwo\u015b\u0107 dost\u0119pu mo\u017ce prowadzi\u0107 do wi\u0119kszej liczby recenzji, co jest kluczowym czynnikiem wykorzystywanym przez Google do rankingu firm w wyszukiwaniach lokalnych.<\/li>\n<li>Wi\u0119ksze zaanga\u017cowanie klient\u00f3w: technologia NFC sprzyja bezpo\u015bredniej formie zaanga\u017cowania, zach\u0119caj\u0105c klient\u00f3w do interakcji z Twoj\u0105 firm\u0105 na miejscu. Ta natychmiastowa informacja zwrotna mo\u017ce prowadzi\u0107 do bardziej szczeg\u00f3\u0142owych i autentycznych recenzji, wzbogacaj\u0105c tre\u015b\u0107 indeksowan\u0105 przez Google na potrzeby SEO.<\/li>\n<li>Wzmocnione sygna\u0142y zaufania: Google ceni autentyczne interakcje z klientami. Sta\u0142y strumie\u0144 prawdziwych recenzji sygnalizuje Google, \u017ce Twoja firma jest zar\u00f3wno godna zaufania, jak i istotna, co podnosi Tw\u00f3j lokalny ranking SEO.<\/li>\n<li>Tre\u015b\u0107 bogata w s\u0142owa kluczowe: klienci cz\u0119sto umieszczaj\u0105 w swoich opiniach trafne s\u0142owa kluczowe, nawet nie zdaj\u0105c sobie z tego sprawy. Niezale\u017cnie od tego, czy chodzi o \u201enajlepsz\u0105 kaw\u0119 w mie\u015bcie\u201d, czy o \u201enajbardziej relaksuj\u0105ce do\u015bwiadczenie w spa\u201d, te niechciane s\u0142owa kluczowe mog\u0105 pom\u00f3c poprawi\u0107 widoczno\u015b\u0107 w wynikach wyszukiwania.<\/li>\n<\/ul>\n<h3>Wdra\u017canie recenzji NFC Google zapewniaj\u0105cych sukces SEO<\/h3>\n<p>Aby wykorzysta\u0107 pe\u0142ny potencja\u0142 NFC do ulepszenia recenzji Google, a co za tym idzie, lokalnego SEO, rozwa\u017c nast\u0119puj\u0105ce kroki:<\/p>\n<ul>\n<li>Strategicznie rozmie\u015b\u0107 ekspozycje NFC: niezale\u017cnie od tego, czy znajduj\u0105 si\u0119 przy kasie, na sto\u0142ach w jadalni, czy w pobli\u017cu wyj\u015bcia, upewnij si\u0119, \u017ce Twoje punkty NFC s\u0105 widoczne i dost\u0119pne dla klient\u00f3w wtedy, gdy maj\u0105 naj\u015bwie\u017csze do\u015bwiadczenia z Twoj\u0105 us\u0142ug\u0105.<\/li>\n<li>Edukuj swoich klient\u00f3w: kr\u00f3tko poinformuj swoich klient\u00f3w o tagach NFC i zach\u0119\u0107 ich do pozostawienia recenzji, wyja\u015bniaj\u0105c, jakie to szybkie i \u0142atwe.<\/li>\n<li>Monitoruj i odpowiadaj na recenzje: Zaanga\u017cowanie si\u0119 w otrzymane recenzje nie tylko pokazuje uznanie klient\u00f3w, ale tak\u017ce sygnalizuje Google, \u017ce cenisz opinie klient\u00f3w, co jest wa\u017cnym czynnikiem w SEO.<\/li>\n<li>Wykorzystuj pozytywne recenzje w marketingu: Przedstaw swoje pozytywne recenzje na swojej stronie internetowej i w marketingu w mediach spo\u0142eczno\u015bciowych, aby zbudowa\u0107 zaufanie i zach\u0119ci\u0107 wi\u0119cej klient\u00f3w do pozostawienia swojej opinii.<\/li>\n<\/ul>\n<h3>Podsumowuj\u0105c<\/h3>\n<p>W\u0142\u0105czenie technologii NFC w celu u\u0142atwienia recenzji Google to co\u015b wi\u0119cej ni\u017c tylko taktyka gromadzenia opinii klient\u00f3w; to strategiczne posuni\u0119cie maj\u0105ce na celu popraw\u0119 lokalnego SEO, popraw\u0119 widoczno\u015bci w Internecie i przyci\u0105gni\u0119cie wi\u0119kszej liczby klient\u00f3w do Twojej firmy. U\u0142atwiaj\u0105c klientom pozostawianie recenzji, nie tylko ulepszasz swoje us\u0142ugi dzi\u0119ki bezpo\u015brednim informacjom zwrotnym, ale tak\u017ce budujesz silniejsz\u0105, bardziej widoczn\u0105 obecno\u015b\u0107 w Internecie, kt\u00f3ra mo\u017ce zapewni\u0107 znaczny rozw\u00f3j Twojej firmy. Wykorzystaj recenzje NFC Google jako kamie\u0144 w\u0119gielny swojej lokalnej strategii SEO i obserwuj, jak Twoja firma ro\u015bnie na szczyt lokalnych wynik\u00f3w wyszukiwania.<\/p>\n","protected":false},"excerpt":{"rendered":"<h2>Zdob\u0105d\u017a recenzje Google dzi\u0119ki NFC<\/h2>\n<p>&nbsp;<\/p>\n<h3>Zmie\u0144 do\u015bwiadczenie klienta dzi\u0119ki naszym NFC oznacza recenzje Google<\/h3>\n<p><strong>Z \u0142atwo\u015bci\u0105 maksymalizuj liczb\u0119 recenzji Google<\/strong> dzi\u0119ki naszym prze\u0142omowym stojakom i ekspozytorom NFC. Zaprojektowane z my\u015bl\u0105 o bezproblemowej interakcji, te bezdotykowe narz\u0119dzia poprawiaj\u0105ce recenzje Google pozwalaj\u0105 bez wysi\u0142ku zdobywa\u0107 nowe recenzje bezpo\u015brednio na miejscu.<\/p>\n<h4>Dlaczego warto wybra\u0107 nasze stojaki NFC?<\/h4>\n<ul>\n<li><strong>\u0141atwo\u015b\u0107 obs\u0142ugi:<\/strong> po prostu umie\u015b\u0107 stojak NFC w swoim miejscu. Twoi klienci podchodz\u0105 ze smartfonem do stojaka i natychmiast pojawia si\u0119 wyskakuj\u0105ce okienko przekierowuj\u0105ce ich do formularza recenzji Google. To takie proste!<\/li>\n<li><strong>Projekt, kt\u00f3ry przyci\u0105ga uwag\u0119:<\/strong> Dzi\u0119ki eleganckiemu wygl\u0105dowi podstawka do tabeli ocen Google nie tylko urzeka Twoich klient\u00f3w&#038;8217; zainteresowanie, ale tak\u017ce aktywnie zach\u0119ca ich do wystawienia Ci oceny na Google.<\/li>\n<li><strong>Nie jest wymagana \u017cadna aplikacja:<\/strong> niezale\u017cnie od tego, czy korzystasz z technologii NFC, czy alternatywnego kodu QR na wy\u015bwietlaczu, Twoi klienci nie b\u0119d\u0105 potrzebowa\u0107 \u017cadnej osobnej aplikacji, aby zostawi\u0107 recenzj\u0119. Dost\u0119pno\u015b\u0107 jest kluczowa.<\/li>\n<li><strong>Pokonywanie przeszk\u00f3d:<\/strong> Eliminujemy najwi\u0119ksze przeszkody na drodze do oceny Google:\n<ul>\n<li>\u017badnych niewygodnych pyta\u0144 ani pr\u00f3\u015bb; stojak o to prosi.<\/li>\n<li>Klienci otrzymuj\u0105 przypomnienia na miejscu, co zwi\u0119ksza prawdopodobie\u0144stwo pozostawienia recenzji.<\/li>\n<li>Bezpo\u015bredni link: \u0142\u0105cze NFC i kod Google Review QR prowadz\u0105 bezpo\u015brednio do formularza recenzji \u2014 skonfigurowali\u015bmy to za Ciebie.<\/li>\n<li>Zaanga\u017cowanie dotykowe: fizyczna interakcja ze stoiskiem sprawia, \u017ce pozostawienie recenzji staje si\u0119 namacalnym dzia\u0142aniem.<\/li>\n<li>Wyj\u0105tkowy projekt: dzi\u0119ki naszemu nowoczesnemu projektowi stojak NFC b\u0119dzie nie tylko narz\u0119dziem, ale tak\u017ce tematem rozm\u00f3w.<\/li>\n<\/ul>\n<\/li>\n<\/ul>\n<h4>Nasza obietnica<\/h4>\n<h2>Zajmiemy si\u0119 wszystkim za Ciebie \u2014 od utworzenia po po\u0142\u0105czenie kodu NFC i QR w celu uzyskania bezpo\u015brednich recenzji na Twoim profilu Google!<\/h2>\n<p>Zwi\u0119ksz swoj\u0105 obecno\u015b\u0107 w Internecie i przyci\u0105gnij wi\u0119cej klient\u00f3w ju\u017c dzi\u015b. Nasze stojaki NFC to co\u015b wi\u0119cej ni\u017c tylko spos\u00f3b na zbieranie recenzji; to Tw\u00f3j nowy partner w budowaniu silniejszej reputacji w Internecie i zwi\u0119kszaniu zadowolenia klient\u00f3w.<\/p>\n<p>Zainwestuj w swoj\u0105 reputacj\u0119 ju\u017c teraz i obserwuj, jak Twoja firma rozwija si\u0119 dzi\u0119ki pozytywnym opiniom klient\u00f3w.<\/p>\n","protected":false},"featured_media":101318,"comment_status":"open","ping_status":"closed","template":"","meta":{"_acf_changed":false,"_yoast_wpseo_focuskw":"Opinia Google NFC Stand","_yoast_wpseo_title":"Review us on Google NFC Stand \/ Display | truzzer","_yoast_wpseo_metadesc":"Wi\u0119cej 5-gwiazdkowych opinii Google z Review us on Google NFC Stand \/ Display od truzzer. \u0141atwa konfiguracja, gotowe do u\u017cycia. Zam\u00f3w teraz!"},"product_brand":[1652],"product_cat":[576,1507,779,1020,1563],"product_tag":[],"class_list":{"0":"post-101301","1":"product","2":"type-product","3":"status-publish","4":"has-post-thumbnail","6":"product_brand-google","7":"product_cat-nfc-produkty","8":"product_cat-nfc-stojaki","9":"product_cat-opinia-google-produkty","10":"product_cat-opinia-google-stojaki-na-stol","11":"product_cat-opinia-google-stojaki-na-stol-z-nfc","12":"pa_industry-hotel","13":"pa_industry-medische-praktijk","14":"pa_industry-restauracja-kawiarnia","15":"pa_material-acrylic","16":"pa_placement-kassa-pos","17":"pa_placement-recepcja-balie","18":"pa_placement-tafel","19":"pa_product-type-ekspozytory-i-stojaki","20":"pa_technology-nfc","22":"first","23":"instock","24":"sale","25":"taxable","26":"shipping-taxable","27":"purchasable","28":"product-type-variable","29":"has-default-attributes"},"acf":[],"yoast_head":"<!-- This site is optimized with the Yoast SEO plugin v27.0 - https:\/\/yoast.com\/product\/yoast-seo-wordpress\/ -->\n<title>Review us on Google NFC Stand \/ Display | truzzer<\/title>\n<meta name=\"description\" content=\"Wi\u0119cej 5-gwiazdkowych opinii Google z Review us on Google NFC Stand \/ Display od truzzer. \u0141atwa konfiguracja, gotowe do u\u017cycia. Zam\u00f3w teraz!\" \/>\n<meta name=\"robots\" content=\"index, follow, max-snippet:-1, max-image-preview:large, max-video-preview:-1\" \/>\n<link rel=\"canonical\" href=\"https:\/\/www.truzzer.com\/pl\/produkt\/review-us-on-google-nfc-stand-display\/\" \/>\n<meta property=\"og:locale\" content=\"pl_PL\" \/>\n<meta property=\"og:type\" content=\"article\" \/>\n<meta property=\"og:title\" content=\"Review us on Google NFC Stand \/ Display | truzzer\" \/>\n<meta property=\"og:description\" content=\"Wi\u0119cej 5-gwiazdkowych opinii Google z Review us on Google NFC Stand \/ Display od truzzer. \u0141atwa konfiguracja, gotowe do u\u017cycia. Zam\u00f3w teraz!\" \/>\n<meta property=\"og:url\" content=\"https:\/\/www.truzzer.com\/pl\/produkt\/review-us-on-google-nfc-stand-display\/\" \/>\n<meta property=\"og:site_name\" content=\"truzzer\" \/>\n<meta property=\"article:modified_time\" content=\"2026-02-13T09:51:45+00:00\" \/>\n<meta property=\"og:image\" content=\"https:\/\/www.truzzer.com\/wp-content\/uploads\/2026\/02\/google-review-nfc-stand-display-with-qr-code-truzzer-iso-s-2.jpg\" \/>\n\t<meta property=\"og:image:width\" content=\"1200\" \/>\n\t<meta property=\"og:image:height\" content=\"1200\" \/>\n\t<meta property=\"og:image:type\" content=\"image\/jpeg\" \/>\n<meta name=\"twitter:card\" content=\"summary_large_image\" \/>\n<meta name=\"twitter:label1\" content=\"Szacowany czas czytania\" \/>\n\t<meta name=\"twitter:data1\" content=\"4 minuty\" \/>\n<script type=\"application\/ld+json\" class=\"yoast-schema-graph\">{\"@context\":\"https:\/\/schema.org\",\"@graph\":[{\"@type\":\"WebPage\",\"@id\":\"https:\/\/www.truzzer.com\/pl\/produkt\/review-us-on-google-nfc-stand-display\/\",\"url\":\"https:\/\/www.truzzer.com\/pl\/produkt\/review-us-on-google-nfc-stand-display\/\",\"name\":\"Review us on Google NFC Stand \/ Display | truzzer\",\"isPartOf\":{\"@id\":\"https:\/\/www.truzzer.com\/pl\/#website\"},\"primaryImageOfPage\":{\"@id\":\"https:\/\/www.truzzer.com\/pl\/produkt\/review-us-on-google-nfc-stand-display\/#primaryimage\"},\"image\":{\"@id\":\"https:\/\/www.truzzer.com\/pl\/produkt\/review-us-on-google-nfc-stand-display\/#primaryimage\"},\"thumbnailUrl\":\"https:\/\/www.truzzer.com\/wp-content\/uploads\/2026\/02\/google-review-nfc-stand-display-with-qr-code-truzzer-iso-s-2.jpg\",\"datePublished\":\"2026-02-01T20:03:02+00:00\",\"dateModified\":\"2026-02-13T09:51:45+00:00\",\"description\":\"Wi\u0119cej 5-gwiazdkowych opinii Google z Review us on Google NFC Stand \/ Display od truzzer. \u0141atwa konfiguracja, gotowe do u\u017cycia. Zam\u00f3w teraz!\",\"breadcrumb\":{\"@id\":\"https:\/\/www.truzzer.com\/pl\/produkt\/review-us-on-google-nfc-stand-display\/#breadcrumb\"},\"inLanguage\":\"pl-PL\",\"potentialAction\":[{\"@type\":\"ReadAction\",\"target\":[\"https:\/\/www.truzzer.com\/pl\/produkt\/review-us-on-google-nfc-stand-display\/\"]}]},{\"@type\":\"ImageObject\",\"inLanguage\":\"pl-PL\",\"@id\":\"https:\/\/www.truzzer.com\/pl\/produkt\/review-us-on-google-nfc-stand-display\/#primaryimage\",\"url\":\"https:\/\/www.truzzer.com\/wp-content\/uploads\/2026\/02\/google-review-nfc-stand-display-with-qr-code-truzzer-iso-s-2.jpg\",\"contentUrl\":\"https:\/\/www.truzzer.com\/wp-content\/uploads\/2026\/02\/google-review-nfc-stand-display-with-qr-code-truzzer-iso-s-2.jpg\",\"width\":1200,\"height\":1200},{\"@type\":\"BreadcrumbList\",\"@id\":\"https:\/\/www.truzzer.com\/pl\/produkt\/review-us-on-google-nfc-stand-display\/#breadcrumb\",\"itemListElement\":[{\"@type\":\"ListItem\",\"position\":1,\"name\":\"Home\",\"item\":\"https:\/\/www.truzzer.com\/pl\/\"},{\"@type\":\"ListItem\",\"position\":2,\"name\":\"Sklep\",\"item\":\"https:\/\/www.truzzer.com\/pl\/sklep\/\"},{\"@type\":\"ListItem\",\"position\":3,\"name\":\"Oce\u0144 nas na temat stojaka \/ wy\u015bwietlacza Google NFC\"}]},{\"@type\":\"WebSite\",\"@id\":\"https:\/\/www.truzzer.com\/pl\/#website\",\"url\":\"https:\/\/www.truzzer.com\/pl\/\",\"name\":\"truzzer\",\"description\":\"Experts for customer trust\",\"publisher\":{\"@id\":\"https:\/\/www.truzzer.com\/pl\/#organization\"},\"potentialAction\":[{\"@type\":\"SearchAction\",\"target\":{\"@type\":\"EntryPoint\",\"urlTemplate\":\"https:\/\/www.truzzer.com\/pl\/?s={search_term_string}\"},\"query-input\":{\"@type\":\"PropertyValueSpecification\",\"valueRequired\":true,\"valueName\":\"search_term_string\"}}],\"inLanguage\":\"pl-PL\"},{\"@type\":\"Organization\",\"@id\":\"https:\/\/www.truzzer.com\/pl\/#organization\",\"name\":\"truzzer\",\"url\":\"https:\/\/www.truzzer.com\/pl\/\",\"logo\":{\"@type\":\"ImageObject\",\"inLanguage\":\"pl-PL\",\"@id\":\"https:\/\/www.truzzer.com\/pl\/#\/schema\/logo\/image\/\",\"url\":\"https:\/\/truzzer.com\/wp-content\/uploads\/2026\/01\/truzzer-logo-black-1.svg\",\"contentUrl\":\"https:\/\/truzzer.com\/wp-content\/uploads\/2026\/01\/truzzer-logo-black-1.svg\",\"width\":938,\"height\":199,\"caption\":\"truzzer\"},\"image\":{\"@id\":\"https:\/\/www.truzzer.com\/pl\/#\/schema\/logo\/image\/\"}}]}<\/script>\n<!-- \/ Yoast SEO plugin. -->","yoast_head_json":{"title":"Review us on Google NFC Stand \/ Display | truzzer","description":"Wi\u0119cej 5-gwiazdkowych opinii Google z Review us on Google NFC Stand \/ Display od truzzer. \u0141atwa konfiguracja, gotowe do u\u017cycia. Zam\u00f3w teraz!","robots":{"index":"index","follow":"follow","max-snippet":"max-snippet:-1","max-image-preview":"max-image-preview:large","max-video-preview":"max-video-preview:-1"},"canonical":"https:\/\/www.truzzer.com\/pl\/produkt\/review-us-on-google-nfc-stand-display\/","og_locale":"pl_PL","og_type":"article","og_title":"Review us on Google NFC Stand \/ Display | truzzer","og_description":"Wi\u0119cej 5-gwiazdkowych opinii Google z Review us on Google NFC Stand \/ Display od truzzer. \u0141atwa konfiguracja, gotowe do u\u017cycia. Zam\u00f3w teraz!","og_url":"https:\/\/www.truzzer.com\/pl\/produkt\/review-us-on-google-nfc-stand-display\/","og_site_name":"truzzer","article_modified_time":"2026-02-13T09:51:45+00:00","og_image":[{"width":1200,"height":1200,"url":"https:\/\/www.truzzer.com\/wp-content\/uploads\/2026\/02\/google-review-nfc-stand-display-with-qr-code-truzzer-iso-s-2.jpg","type":"image\/jpeg"}],"twitter_card":"summary_large_image","twitter_misc":{"Szacowany czas czytania":"4 minuty"},"schema":{"@context":"https:\/\/schema.org","@graph":[{"@type":"WebPage","@id":"https:\/\/www.truzzer.com\/pl\/produkt\/review-us-on-google-nfc-stand-display\/","url":"https:\/\/www.truzzer.com\/pl\/produkt\/review-us-on-google-nfc-stand-display\/","name":"Review us on Google NFC Stand \/ Display | truzzer","isPartOf":{"@id":"https:\/\/www.truzzer.com\/pl\/#website"},"primaryImageOfPage":{"@id":"https:\/\/www.truzzer.com\/pl\/produkt\/review-us-on-google-nfc-stand-display\/#primaryimage"},"image":{"@id":"https:\/\/www.truzzer.com\/pl\/produkt\/review-us-on-google-nfc-stand-display\/#primaryimage"},"thumbnailUrl":"https:\/\/www.truzzer.com\/wp-content\/uploads\/2026\/02\/google-review-nfc-stand-display-with-qr-code-truzzer-iso-s-2.jpg","datePublished":"2026-02-01T20:03:02+00:00","dateModified":"2026-02-13T09:51:45+00:00","description":"Wi\u0119cej 5-gwiazdkowych opinii Google z Review us on Google NFC Stand \/ Display od truzzer. \u0141atwa konfiguracja, gotowe do u\u017cycia. Zam\u00f3w teraz!","breadcrumb":{"@id":"https:\/\/www.truzzer.com\/pl\/produkt\/review-us-on-google-nfc-stand-display\/#breadcrumb"},"inLanguage":"pl-PL","potentialAction":[{"@type":"ReadAction","target":["https:\/\/www.truzzer.com\/pl\/produkt\/review-us-on-google-nfc-stand-display\/"]}]},{"@type":"ImageObject","inLanguage":"pl-PL","@id":"https:\/\/www.truzzer.com\/pl\/produkt\/review-us-on-google-nfc-stand-display\/#primaryimage","url":"https:\/\/www.truzzer.com\/wp-content\/uploads\/2026\/02\/google-review-nfc-stand-display-with-qr-code-truzzer-iso-s-2.jpg","contentUrl":"https:\/\/www.truzzer.com\/wp-content\/uploads\/2026\/02\/google-review-nfc-stand-display-with-qr-code-truzzer-iso-s-2.jpg","width":1200,"height":1200},{"@type":"BreadcrumbList","@id":"https:\/\/www.truzzer.com\/pl\/produkt\/review-us-on-google-nfc-stand-display\/#breadcrumb","itemListElement":[{"@type":"ListItem","position":1,"name":"Home","item":"https:\/\/www.truzzer.com\/pl\/"},{"@type":"ListItem","position":2,"name":"Sklep","item":"https:\/\/www.truzzer.com\/pl\/sklep\/"},{"@type":"ListItem","position":3,"name":"Oce\u0144 nas na temat stojaka \/ wy\u015bwietlacza Google NFC"}]},{"@type":"WebSite","@id":"https:\/\/www.truzzer.com\/pl\/#website","url":"https:\/\/www.truzzer.com\/pl\/","name":"truzzer","description":"Experts for customer trust","publisher":{"@id":"https:\/\/www.truzzer.com\/pl\/#organization"},"potentialAction":[{"@type":"SearchAction","target":{"@type":"EntryPoint","urlTemplate":"https:\/\/www.truzzer.com\/pl\/?s={search_term_string}"},"query-input":{"@type":"PropertyValueSpecification","valueRequired":true,"valueName":"search_term_string"}}],"inLanguage":"pl-PL"},{"@type":"Organization","@id":"https:\/\/www.truzzer.com\/pl\/#organization","name":"truzzer","url":"https:\/\/www.truzzer.com\/pl\/","logo":{"@type":"ImageObject","inLanguage":"pl-PL","@id":"https:\/\/www.truzzer.com\/pl\/#\/schema\/logo\/image\/","url":"https:\/\/truzzer.com\/wp-content\/uploads\/2026\/01\/truzzer-logo-black-1.svg","contentUrl":"https:\/\/truzzer.com\/wp-content\/uploads\/2026\/01\/truzzer-logo-black-1.svg","width":938,"height":199,"caption":"truzzer"},"image":{"@id":"https:\/\/www.truzzer.com\/pl\/#\/schema\/logo\/image\/"}}]}},"tiered_pricing_type":"fixed","tiered_pricing_fixed_rules":[],"tiered_pricing_product_settings":{"layout":"default","base_unit_name":{"singular":null,"plural":null},"default_variation":null},"tiered_pricing_minimum_quantity":null,"tiered_pricing_roles_data":[],"tiered_pricing_percentage_rules":[],"tiered_pricing_maximum_quantity":null,"tiered_pricing_quantity_step":null,"_links":{"self":[{"href":"https:\/\/www.truzzer.com\/pl\/wp-json\/wp\/v2\/product\/101301","targetHints":{"allow":["GET"]}}],"collection":[{"href":"https:\/\/www.truzzer.com\/pl\/wp-json\/wp\/v2\/product"}],"about":[{"href":"https:\/\/www.truzzer.com\/pl\/wp-json\/wp\/v2\/types\/product"}],"replies":[{"embeddable":true,"href":"https:\/\/www.truzzer.com\/pl\/wp-json\/wp\/v2\/comments?post=101301"}],"wp:featuredmedia":[{"embeddable":true,"href":"https:\/\/www.truzzer.com\/pl\/wp-json\/wp\/v2\/media\/101318"}],"wp:attachment":[{"href":"https:\/\/www.truzzer.com\/pl\/wp-json\/wp\/v2\/media?parent=101301"}],"wp:term":[{"taxonomy":"product_brand","embeddable":true,"href":"https:\/\/www.truzzer.com\/pl\/wp-json\/wp\/v2\/product_brand?post=101301"},{"taxonomy":"product_cat","embeddable":true,"href":"https:\/\/www.truzzer.com\/pl\/wp-json\/wp\/v2\/product_cat?post=101301"},{"taxonomy":"product_tag","embeddable":true,"href":"https:\/\/www.truzzer.com\/pl\/wp-json\/wp\/v2\/product_tag?post=101301"}],"curies":[{"name":"wp","href":"https:\/\/api.w.org\/{rel}","templated":true}]}}