{"id":101505,"date":"2026-02-01T20:02:07","date_gmt":"2026-02-01T20:02:07","guid":{"rendered":"https:\/\/beta.truzzer.com\/product\/wifi-nfc-sticker-square-with-qr-code\/"},"modified":"2026-02-13T09:56:31","modified_gmt":"2026-02-13T09:56:31","slug":"wifi-nfc-sticker-square-with-qr-code","status":"publish","type":"product","link":"https:\/\/www.truzzer.com\/pl\/produkt\/wifi-nfc-sticker-square-with-qr-code\/","title":{"rendered":"WIFI NFC Naklejka \u201eKwadrat\u201d z kodem QR"},"content":{"rendered":"<p>W dzisiejszym dynamicznym \u015bwiecie firmy szukaj\u0105 nowych i innowacyjnych sposob\u00f3w na przyci\u0105gni\u0119cie i utrzymanie klient\u00f3w. Jednym ze sposob\u00f3w osi\u0105gni\u0119cia tego jest wykorzystanie technologii w celu poprawy jako\u015bci obs\u0142ugi klienta. Naklejki Truzzer WIFI NFC to doskona\u0142y przyk\u0142ad tego, jak firmy mog\u0105 wykorzysta\u0107 technologi\u0119, aby zwi\u0119kszy\u0107 zaanga\u017cowanie klient\u00f3w i zwi\u0119kszy\u0107 sprzeda\u017c.<\/p>\n<p>Truzzer WIFI NFC naklejki to ma\u0142e, samoprzylepne naklejki, kt\u00f3re mo\u017cna umie\u015bci\u0107 w dowolnym miejscu firmy, na przyk\u0142ad na stole, \u015bcianie lub wystawie produkt\u00f3w. Zawieraj\u0105 technologi\u0119 WIFI i NFC, kt\u00f3ra umo\u017cliwia klientom szybkie i \u0142atwe \u0142\u0105czenie si\u0119 z firmow\u0105 sieci\u0105 WIFI lub dost\u0119p do istotnych informacji o produktach lub us\u0142ugach. Naklejki zaprojektowano tak, aby by\u0142y przyjazne dla u\u017cytkownika, a klienci mog\u0105 po prostu dotkn\u0105\u0107 smartfona obs\u0142uguj\u0105cego NFC lub zeskanowa\u0107 kod QR na naklejce, aby po\u0142\u0105czy\u0107 si\u0119 z sieci\u0105 lub uzyska\u0107 dost\u0119p do informacji.<\/p>\n<p>Zalety stosowania naklejek Truzzer WIFI NFC s\u0105 liczne. Po pierwsze, u\u0142atwiaj\u0105 klientom \u0142\u0105czenie si\u0119 z firmow\u0105 sieci\u0105 WIFI, co jest kluczowym czynnikiem wp\u0142ywaj\u0105cym na zadowolenie klient\u00f3w. Klienci oczekuj\u0105 dzi\u015b, \u017ce firmy b\u0119d\u0105 zapewnia\u0107 bezp\u0142atne naklejki WIFI, a Truzzer u\u0142atwiaj\u0105 klientom nawi\u0105zywanie po\u0142\u0105cze\u0144 bez konieczno\u015bci przechodzenia przez d\u0142ugi proces.<\/p>\n<p>Dodatkowo naklejki Truzzer WIFI NFC mog\u0105 pom\u00f3c firmom skuteczniej promowa\u0107 swoje produkty i us\u0142ugi. Umieszczaj\u0105c na naklejce odpowiednie informacje o produkcie lub us\u0142udze, firmy mog\u0105 zapewni\u0107 klientom wi\u0119cej informacji o swojej ofercie. Mo\u017ce to pom\u00f3c klientom w podejmowaniu \u015bwiadomych decyzji zakupowych, co mo\u017ce prowadzi\u0107 do wy\u017cszej sprzeda\u017cy firmy.<\/p>\n<p>Kolejn\u0105 zalet\u0105 naklejek Truzzer WIFI NFC jest to, \u017ce s\u0105 wszechstronne i mo\u017cna je stosowa\u0107 w r\u00f3\u017cnych ustawieniach. Mo\u017cna je stosowa\u0107 w restauracjach, kawiarniach, sklepach detalicznych, a nawet w biurach. To sprawia, \u017ce s\u0105 one doskona\u0142\u0105 inwestycj\u0105 dla firm, kt\u00f3re chc\u0105 poprawi\u0107 jako\u015b\u0107 obs\u0142ugi klienta i zwi\u0119kszy\u0107 sprzeda\u017c.<\/p>\n<p>Warto r\u00f3wnie\u017c zaznaczy\u0107, \u017ce naklejki Truzzer WIFI NFC zawieraj\u0105 alternatywny kod QR dla klient\u00f3w, kt\u00f3rzy nie posiadaj\u0105 smartfon\u00f3w obs\u0142uguj\u0105cych NFC. Dzi\u0119ki temu wszyscy klienci mog\u0105 uzyska\u0107 dost\u0119p do informacji lub po\u0142\u0105czy\u0107 si\u0119 z sieci\u0105 WIFI, niezale\u017cnie od typu posiadanego smartfona.<\/p>\n<p>Podsumowuj\u0105c, naklejki Truzzer WIFI NFC to doskona\u0142a inwestycja dla firm, kt\u00f3re chc\u0105 poprawi\u0107 jako\u015b\u0107 obs\u0142ugi klienta i zwi\u0119kszy\u0107 sprzeda\u017c. S\u0105 \u0142atwe w u\u017cyciu, wszechstronne i dostarczaj\u0105 klientom odpowiednich informacji o produktach i us\u0142ugach. Dodanie alternatywnego kodu QR gwarantuje, \u017ce wszyscy klienci b\u0119d\u0105 mogli uzyska\u0107 dost\u0119p do informacji lub po\u0142\u0105czy\u0107 si\u0119 z sieci\u0105 WIFI, niezale\u017cnie od rodzaju posiadanego smartfona. Firmy, kt\u00f3re inwestuj\u0105 w naklejki Truzzer WIFI NFC, mog\u0105 spodziewa\u0107 si\u0119 wzrostu zadowolenia klient\u00f3w i wzrostu sprzeda\u017cy, co czyni je cennym dodatkiem do ka\u017cdej firmy.<\/p>\n","protected":false},"excerpt":{"rendered":"<h2>Odkryj nowe naklejki WLAN NFC!<\/h2>\n<p>Zaoferuj swoim klientom i go\u015bciom lepsze do\u015bwiadczenia na miejscu w swoim sklepie, gabinecie, salonie lub restauracji, zapewniaj\u0105c im \u0142atwy i prosty dost\u0119p do WiFi.<\/p>\n<p>Naklejki WLAN NFC umo\u017cliwiaj\u0105 Twoim klientom \u0142atwy dost\u0119p do WIFI. Wystarczy przy\u0142o\u017cy\u0107 smartfon do naklejki, a klienci b\u0119d\u0105 mogli po\u0142\u0105czy\u0107 si\u0119 z WiFi. Je\u017celi smartfon Klienta nie posiada funkcji NFC, na naklejce znajduje si\u0119 alternatywny kod QR, kt\u00f3ry mo\u017cna zeskanowa\u0107 bezpo\u015brednio aparatem smartfona <strong>&#038;8211; w obu przypadkach nie jest wymagana osobna aplikacja!<\/strong><\/p>\n<p><strong><\/strong><\/p>\n<p><strong>W ten spos\u00f3b pomog\u0105 Ci naklejki NFC WLAN<\/strong><\/p>\n<p>&nbsp;<\/p>\n<ul>\n<li>Bez wyszukiwania i bez trudno\u015bci: <strong>\u0141\u0105cze NFC i kod QR \u0142\u0105cz\u0105 klient\u00f3w bezpo\u015brednio z sieci\u0105 WLAN <\/strong>(tworzymy dla Ciebie kod QR na podstawie Twoich informacji)<\/li>\n<li><strong>Dotykalny<\/strong>: dzi\u0119ki naklejkom Tw\u00f3j WiFi b\u0119dzie namacalny.<\/li>\n<li>Nie jest wymagana \u017cadna dodatkowa aplikacja.<\/li>\n<li>Przyci\u0105gaj\u0105cy wzrok: nowoczesny design<\/li>\n<li>D\u0142u\u017cszy czas sp\u0119dzony w sklepie dzi\u0119ki WIFI<\/li>\n<\/ul>\n<p>&nbsp;<\/p>\n<p><strong>Stworzymy i po\u0142\u0105czymy dla Ciebie link NFC i kod QR!<\/strong><\/p>\n<p>&nbsp;<\/p>\n<p>&nbsp;<\/p>\n","protected":false},"featured_media":101533,"comment_status":"open","ping_status":"closed","template":"","meta":{"_acf_changed":false,"_yoast_wpseo_focuskw":"WiFi kod QR NFC Naklejka","_yoast_wpseo_title":"WIFI NFC Sticker \u201eSquare\u201d with QR Code | truzzer","_yoast_wpseo_metadesc":"\u0141atwy dost\u0119p WiFi dla go\u015bci z WIFI NFC Sticker \u201eSquare\u201d with QR Code od truzzer. \u0141atwa konfiguracja, gotowe do u\u017cycia. Zam\u00f3w teraz!"},"product_brand":[],"product_cat":[1538,576,1575],"product_tag":[],"class_list":{"0":"post-101505","1":"product","2":"type-product","3":"status-publish","4":"has-post-thumbnail","6":"product_cat-nfc-naklejki","7":"product_cat-nfc-produkty","8":"product_cat-wifi-naklejki-z-qr-nfc","9":"pa_industry-detailhandel","10":"pa_industry-fitness-gym","11":"pa_industry-restauracja-kawiarnia","12":"pa_material-vinyl","13":"pa_placement-recepcja-balie","14":"pa_placement-verpakking","15":"pa_placement-window-door","16":"pa_product-type-naklejka","17":"pa_shape-wierkant","18":"pa_technology-nfc","19":"pa_technology-qr-nfc-2","21":"first","22":"instock","23":"taxable","24":"shipping-taxable","25":"product-type-simple"},"acf":[],"yoast_head":"<!-- This site is optimized with the Yoast SEO plugin v27.0 - https:\/\/yoast.com\/product\/yoast-seo-wordpress\/ -->\n<title>WIFI NFC Sticker \u201eSquare\u201d with QR Code | truzzer<\/title>\n<meta name=\"description\" content=\"\u0141atwy dost\u0119p WiFi dla go\u015bci z WIFI NFC Sticker \u201eSquare\u201d with QR Code od truzzer. \u0141atwa konfiguracja, gotowe do u\u017cycia. Zam\u00f3w teraz!\" \/>\n<meta name=\"robots\" content=\"index, follow, max-snippet:-1, max-image-preview:large, max-video-preview:-1\" \/>\n<link rel=\"canonical\" href=\"https:\/\/www.truzzer.com\/pl\/produkt\/wifi-nfc-sticker-square-with-qr-code\/\" \/>\n<meta property=\"og:locale\" content=\"pl_PL\" \/>\n<meta property=\"og:type\" content=\"article\" \/>\n<meta property=\"og:title\" content=\"WIFI NFC Sticker \u201eSquare\u201d with QR Code | truzzer\" \/>\n<meta property=\"og:description\" content=\"\u0141atwy dost\u0119p WiFi dla go\u015bci z WIFI NFC Sticker \u201eSquare\u201d with QR Code od truzzer. \u0141atwa konfiguracja, gotowe do u\u017cycia. Zam\u00f3w teraz!\" \/>\n<meta property=\"og:url\" content=\"https:\/\/www.truzzer.com\/pl\/produkt\/wifi-nfc-sticker-square-with-qr-code\/\" \/>\n<meta property=\"og:site_name\" content=\"truzzer\" \/>\n<meta property=\"article:modified_time\" content=\"2026-02-13T09:56:31+00:00\" \/>\n<meta property=\"og:image\" content=\"https:\/\/www.truzzer.com\/wp-content\/uploads\/2026\/02\/nfc-wifi-sticker-wlan-aufkleber-empfehlio-truzzer-social-wave-mit-wlan-qr-code-white-1.jpg\" \/>\n\t<meta property=\"og:image:width\" content=\"1200\" \/>\n\t<meta property=\"og:image:height\" content=\"1200\" \/>\n\t<meta property=\"og:image:type\" content=\"image\/jpeg\" \/>\n<meta name=\"twitter:card\" content=\"summary_large_image\" \/>\n<meta name=\"twitter:label1\" content=\"Szacowany czas czytania\" \/>\n\t<meta name=\"twitter:data1\" content=\"2 minuty\" \/>\n<script type=\"application\/ld+json\" class=\"yoast-schema-graph\">{\"@context\":\"https:\/\/schema.org\",\"@graph\":[{\"@type\":\"WebPage\",\"@id\":\"https:\/\/www.truzzer.com\/pl\/produkt\/wifi-nfc-sticker-square-with-qr-code\/\",\"url\":\"https:\/\/www.truzzer.com\/pl\/produkt\/wifi-nfc-sticker-square-with-qr-code\/\",\"name\":\"WIFI NFC Sticker \u201eSquare\u201d with QR Code | truzzer\",\"isPartOf\":{\"@id\":\"https:\/\/www.truzzer.com\/pl\/#website\"},\"primaryImageOfPage\":{\"@id\":\"https:\/\/www.truzzer.com\/pl\/produkt\/wifi-nfc-sticker-square-with-qr-code\/#primaryimage\"},\"image\":{\"@id\":\"https:\/\/www.truzzer.com\/pl\/produkt\/wifi-nfc-sticker-square-with-qr-code\/#primaryimage\"},\"thumbnailUrl\":\"https:\/\/www.truzzer.com\/wp-content\/uploads\/2026\/02\/nfc-wifi-sticker-wlan-aufkleber-empfehlio-truzzer-social-wave-mit-wlan-qr-code-white-1.jpg\",\"datePublished\":\"2026-02-01T20:02:07+00:00\",\"dateModified\":\"2026-02-13T09:56:31+00:00\",\"description\":\"\u0141atwy dost\u0119p WiFi dla go\u015bci z WIFI NFC Sticker \u201eSquare\u201d with QR Code od truzzer. \u0141atwa konfiguracja, gotowe do u\u017cycia. Zam\u00f3w teraz!\",\"breadcrumb\":{\"@id\":\"https:\/\/www.truzzer.com\/pl\/produkt\/wifi-nfc-sticker-square-with-qr-code\/#breadcrumb\"},\"inLanguage\":\"pl-PL\",\"potentialAction\":[{\"@type\":\"ReadAction\",\"target\":[\"https:\/\/www.truzzer.com\/pl\/produkt\/wifi-nfc-sticker-square-with-qr-code\/\"]}]},{\"@type\":\"ImageObject\",\"inLanguage\":\"pl-PL\",\"@id\":\"https:\/\/www.truzzer.com\/pl\/produkt\/wifi-nfc-sticker-square-with-qr-code\/#primaryimage\",\"url\":\"https:\/\/www.truzzer.com\/wp-content\/uploads\/2026\/02\/nfc-wifi-sticker-wlan-aufkleber-empfehlio-truzzer-social-wave-mit-wlan-qr-code-white-1.jpg\",\"contentUrl\":\"https:\/\/www.truzzer.com\/wp-content\/uploads\/2026\/02\/nfc-wifi-sticker-wlan-aufkleber-empfehlio-truzzer-social-wave-mit-wlan-qr-code-white-1.jpg\",\"width\":1200,\"height\":1200},{\"@type\":\"BreadcrumbList\",\"@id\":\"https:\/\/www.truzzer.com\/pl\/produkt\/wifi-nfc-sticker-square-with-qr-code\/#breadcrumb\",\"itemListElement\":[{\"@type\":\"ListItem\",\"position\":1,\"name\":\"Home\",\"item\":\"https:\/\/www.truzzer.com\/pl\/\"},{\"@type\":\"ListItem\",\"position\":2,\"name\":\"Sklep\",\"item\":\"https:\/\/www.truzzer.com\/pl\/sklep\/\"},{\"@type\":\"ListItem\",\"position\":3,\"name\":\"WIFI NFC Naklejka \u201eKwadrat\u201d z kodem QR\"}]},{\"@type\":\"WebSite\",\"@id\":\"https:\/\/www.truzzer.com\/pl\/#website\",\"url\":\"https:\/\/www.truzzer.com\/pl\/\",\"name\":\"truzzer\",\"description\":\"Experts for customer trust\",\"publisher\":{\"@id\":\"https:\/\/www.truzzer.com\/pl\/#organization\"},\"potentialAction\":[{\"@type\":\"SearchAction\",\"target\":{\"@type\":\"EntryPoint\",\"urlTemplate\":\"https:\/\/www.truzzer.com\/pl\/?s={search_term_string}\"},\"query-input\":{\"@type\":\"PropertyValueSpecification\",\"valueRequired\":true,\"valueName\":\"search_term_string\"}}],\"inLanguage\":\"pl-PL\"},{\"@type\":\"Organization\",\"@id\":\"https:\/\/www.truzzer.com\/pl\/#organization\",\"name\":\"truzzer\",\"url\":\"https:\/\/www.truzzer.com\/pl\/\",\"logo\":{\"@type\":\"ImageObject\",\"inLanguage\":\"pl-PL\",\"@id\":\"https:\/\/www.truzzer.com\/pl\/#\/schema\/logo\/image\/\",\"url\":\"https:\/\/truzzer.com\/wp-content\/uploads\/2026\/01\/truzzer-logo-black-1.svg\",\"contentUrl\":\"https:\/\/truzzer.com\/wp-content\/uploads\/2026\/01\/truzzer-logo-black-1.svg\",\"width\":938,\"height\":199,\"caption\":\"truzzer\"},\"image\":{\"@id\":\"https:\/\/www.truzzer.com\/pl\/#\/schema\/logo\/image\/\"}}]}<\/script>\n<!-- \/ Yoast SEO plugin. -->","yoast_head_json":{"title":"WIFI NFC Sticker \u201eSquare\u201d with QR Code | truzzer","description":"\u0141atwy dost\u0119p WiFi dla go\u015bci z WIFI NFC Sticker \u201eSquare\u201d with QR Code od truzzer. \u0141atwa konfiguracja, gotowe do u\u017cycia. Zam\u00f3w teraz!","robots":{"index":"index","follow":"follow","max-snippet":"max-snippet:-1","max-image-preview":"max-image-preview:large","max-video-preview":"max-video-preview:-1"},"canonical":"https:\/\/www.truzzer.com\/pl\/produkt\/wifi-nfc-sticker-square-with-qr-code\/","og_locale":"pl_PL","og_type":"article","og_title":"WIFI NFC Sticker \u201eSquare\u201d with QR Code | truzzer","og_description":"\u0141atwy dost\u0119p WiFi dla go\u015bci z WIFI NFC Sticker \u201eSquare\u201d with QR Code od truzzer. \u0141atwa konfiguracja, gotowe do u\u017cycia. Zam\u00f3w teraz!","og_url":"https:\/\/www.truzzer.com\/pl\/produkt\/wifi-nfc-sticker-square-with-qr-code\/","og_site_name":"truzzer","article_modified_time":"2026-02-13T09:56:31+00:00","og_image":[{"width":1200,"height":1200,"url":"https:\/\/www.truzzer.com\/wp-content\/uploads\/2026\/02\/nfc-wifi-sticker-wlan-aufkleber-empfehlio-truzzer-social-wave-mit-wlan-qr-code-white-1.jpg","type":"image\/jpeg"}],"twitter_card":"summary_large_image","twitter_misc":{"Szacowany czas czytania":"2 minuty"},"schema":{"@context":"https:\/\/schema.org","@graph":[{"@type":"WebPage","@id":"https:\/\/www.truzzer.com\/pl\/produkt\/wifi-nfc-sticker-square-with-qr-code\/","url":"https:\/\/www.truzzer.com\/pl\/produkt\/wifi-nfc-sticker-square-with-qr-code\/","name":"WIFI NFC Sticker \u201eSquare\u201d with QR Code | truzzer","isPartOf":{"@id":"https:\/\/www.truzzer.com\/pl\/#website"},"primaryImageOfPage":{"@id":"https:\/\/www.truzzer.com\/pl\/produkt\/wifi-nfc-sticker-square-with-qr-code\/#primaryimage"},"image":{"@id":"https:\/\/www.truzzer.com\/pl\/produkt\/wifi-nfc-sticker-square-with-qr-code\/#primaryimage"},"thumbnailUrl":"https:\/\/www.truzzer.com\/wp-content\/uploads\/2026\/02\/nfc-wifi-sticker-wlan-aufkleber-empfehlio-truzzer-social-wave-mit-wlan-qr-code-white-1.jpg","datePublished":"2026-02-01T20:02:07+00:00","dateModified":"2026-02-13T09:56:31+00:00","description":"\u0141atwy dost\u0119p WiFi dla go\u015bci z WIFI NFC Sticker \u201eSquare\u201d with QR Code od truzzer. \u0141atwa konfiguracja, gotowe do u\u017cycia. Zam\u00f3w teraz!","breadcrumb":{"@id":"https:\/\/www.truzzer.com\/pl\/produkt\/wifi-nfc-sticker-square-with-qr-code\/#breadcrumb"},"inLanguage":"pl-PL","potentialAction":[{"@type":"ReadAction","target":["https:\/\/www.truzzer.com\/pl\/produkt\/wifi-nfc-sticker-square-with-qr-code\/"]}]},{"@type":"ImageObject","inLanguage":"pl-PL","@id":"https:\/\/www.truzzer.com\/pl\/produkt\/wifi-nfc-sticker-square-with-qr-code\/#primaryimage","url":"https:\/\/www.truzzer.com\/wp-content\/uploads\/2026\/02\/nfc-wifi-sticker-wlan-aufkleber-empfehlio-truzzer-social-wave-mit-wlan-qr-code-white-1.jpg","contentUrl":"https:\/\/www.truzzer.com\/wp-content\/uploads\/2026\/02\/nfc-wifi-sticker-wlan-aufkleber-empfehlio-truzzer-social-wave-mit-wlan-qr-code-white-1.jpg","width":1200,"height":1200},{"@type":"BreadcrumbList","@id":"https:\/\/www.truzzer.com\/pl\/produkt\/wifi-nfc-sticker-square-with-qr-code\/#breadcrumb","itemListElement":[{"@type":"ListItem","position":1,"name":"Home","item":"https:\/\/www.truzzer.com\/pl\/"},{"@type":"ListItem","position":2,"name":"Sklep","item":"https:\/\/www.truzzer.com\/pl\/sklep\/"},{"@type":"ListItem","position":3,"name":"WIFI NFC Naklejka \u201eKwadrat\u201d z kodem QR"}]},{"@type":"WebSite","@id":"https:\/\/www.truzzer.com\/pl\/#website","url":"https:\/\/www.truzzer.com\/pl\/","name":"truzzer","description":"Experts for customer trust","publisher":{"@id":"https:\/\/www.truzzer.com\/pl\/#organization"},"potentialAction":[{"@type":"SearchAction","target":{"@type":"EntryPoint","urlTemplate":"https:\/\/www.truzzer.com\/pl\/?s={search_term_string}"},"query-input":{"@type":"PropertyValueSpecification","valueRequired":true,"valueName":"search_term_string"}}],"inLanguage":"pl-PL"},{"@type":"Organization","@id":"https:\/\/www.truzzer.com\/pl\/#organization","name":"truzzer","url":"https:\/\/www.truzzer.com\/pl\/","logo":{"@type":"ImageObject","inLanguage":"pl-PL","@id":"https:\/\/www.truzzer.com\/pl\/#\/schema\/logo\/image\/","url":"https:\/\/truzzer.com\/wp-content\/uploads\/2026\/01\/truzzer-logo-black-1.svg","contentUrl":"https:\/\/truzzer.com\/wp-content\/uploads\/2026\/01\/truzzer-logo-black-1.svg","width":938,"height":199,"caption":"truzzer"},"image":{"@id":"https:\/\/www.truzzer.com\/pl\/#\/schema\/logo\/image\/"}}]}},"tiered_pricing_type":"fixed","tiered_pricing_fixed_rules":[],"tiered_pricing_product_settings":{"layout":"default","base_unit_name":{"singular":null,"plural":null},"default_variation":null},"tiered_pricing_minimum_quantity":null,"tiered_pricing_roles_data":[],"tiered_pricing_percentage_rules":[],"tiered_pricing_maximum_quantity":null,"tiered_pricing_quantity_step":null,"_links":{"self":[{"href":"https:\/\/www.truzzer.com\/pl\/wp-json\/wp\/v2\/product\/101505","targetHints":{"allow":["GET"]}}],"collection":[{"href":"https:\/\/www.truzzer.com\/pl\/wp-json\/wp\/v2\/product"}],"about":[{"href":"https:\/\/www.truzzer.com\/pl\/wp-json\/wp\/v2\/types\/product"}],"replies":[{"embeddable":true,"href":"https:\/\/www.truzzer.com\/pl\/wp-json\/wp\/v2\/comments?post=101505"}],"wp:featuredmedia":[{"embeddable":true,"href":"https:\/\/www.truzzer.com\/pl\/wp-json\/wp\/v2\/media\/101533"}],"wp:attachment":[{"href":"https:\/\/www.truzzer.com\/pl\/wp-json\/wp\/v2\/media?parent=101505"}],"wp:term":[{"taxonomy":"product_brand","embeddable":true,"href":"https:\/\/www.truzzer.com\/pl\/wp-json\/wp\/v2\/product_brand?post=101505"},{"taxonomy":"product_cat","embeddable":true,"href":"https:\/\/www.truzzer.com\/pl\/wp-json\/wp\/v2\/product_cat?post=101505"},{"taxonomy":"product_tag","embeddable":true,"href":"https:\/\/www.truzzer.com\/pl\/wp-json\/wp\/v2\/product_tag?post=101505"}],"curies":[{"name":"wp","href":"https:\/\/api.w.org\/{rel}","templated":true}]}}