{"id":101654,"date":"2026-02-01T20:01:31","date_gmt":"2026-02-01T20:01:31","guid":{"rendered":"https:\/\/beta.truzzer.com\/product\/google-review-nfc-business-card-tap-with-google-review-qr-code\/"},"modified":"2026-02-13T08:01:57","modified_gmt":"2026-02-13T08:01:57","slug":"google-review-nfc-business-card-tap-with-google-review-qr-code","status":"publish","type":"product","link":"https:\/\/www.truzzer.com\/pl\/produkt\/google-review-nfc-business-card-tap-with-google-review-qr-code\/","title":{"rendered":"Recenzja Google Wizyt\u00f3wka NFC \u201eTap\u201d z recenzj\u0105 Google Kod QR"},"content":{"rendered":"<h2>Zdob\u0105d\u017a wi\u0119cej recenzji Google dzi\u0119ki recenzji truzzer Google NFC QR Karty kodowe \u201eDotknij\u201d!<\/h2>\n<p>Dzi\u0119ki <strong>Kartom recenzji truzzer Google<\/strong> zawieraj\u0105cym linki do NFC mo\u017cesz szybko otrzymywa\u0107 pozytywne recenzje od zadowolonych klient\u00f3w bezpo\u015brednio w lokalizacji Twojej firmy.<br \/>\n-Odporny na warunki atmosferyczne<br \/>\n-Pokazuje Twoim klientom, \u017ce mog\u0105 Ci\u0119 znale\u017a\u0107 r\u00f3wnie\u017c na Google<br \/>\n-Wykonane na zam\u00f3wienie specjalnie dla Ciebie<\/p>\n","protected":false},"excerpt":{"rendered":"<div class=\"woocommerce-product-details__short-description\">\n<div style=\"width: 1920px\" class=\"wp-video\"><video class=\"wp-video-shortcode\" id=\"video-0-1\" szeroko\u015b\u0107=\"1920\" height=\"1080\" preload=\"metadata\"controls=\"controls\"><a href=\"https:\/\/www.truzzer.com\/wp-content\/uploads\/2023\/08\/google-version-2-eng.mp4\">https:\/\/www.truzzer.com\/wp-content\/uploads\/2023\/08\/google-version-2-eng.mp4<\/a><\/video><\/div>\n<h2>Zdob\u0105d\u017a wi\u0119cej recenzji Google dzi\u0119ki recenzji kart NFC<\/h2>\n<p><strong>Uzyskiwanie recenzji Google od klient\u00f3w nigdy nie by\u0142o \u0142atwiejsze!<\/strong><br \/>\nDzi\u0119ki zbli\u017ceniowym kartom Google Recenzje NFC mo\u017cesz bez wysi\u0142ku zdobywa\u0107 nowe recenzje Google bezpo\u015brednio na miejscu.<br \/>\nPrzyci\u0105gaj\u0105cy wzrok projekt kart Google Review NFC zach\u0119ca klient\u00f3w do: zainteresowanie, a wezwanie do dzia\u0142ania zach\u0119ca ich do przejrzenia Twojej firmy na Google.<br \/>\nWszystko, co musz\u0105 zrobi\u0107 Twoi klienci, to trzyma\u0107 smartfon w pobli\u017cu kart NFC, a na ich telefonie otworzy si\u0119 wyskakuj\u0105ce okienko prowadz\u0105ce bezpo\u015brednio do formularza recenzji!<\/p>\n<p>Je\u015bli klienci&#038;8217; smartfony nie posiadaj\u0105 funkcjonalno\u015bci NFC, na odwrocie Kart NFC dost\u0119pny jest alternatywny kod QR, kt\u00f3ry mo\u017cna zeskanowa\u0107 bezpo\u015brednio za pomoc\u0105 aparatu w smartfonie <strong>&#038;8211; w obu przypadkach nie jest wymagana osobna aplikacja!<\/strong><\/p>\n<h3><strong>Jak karty NFC pomog\u0105 Ci zdoby\u0107 wi\u0119cej recenzji Google<\/strong><\/h3>\n<p>Karty NFC eliminuj\u0105 najwi\u0119ksze przeszkody zar\u00f3wno dla Ciebie, jak i Twoich klient\u00f3w, je\u015bli chodzi o recenzje Google:<\/p>\n<ul>\n<li>Koniec z niewygodnym proszeniem i proszeniem. <strong>Wezwanie do dzia\u0142ania<\/strong> umo\u017cliwia poproszenie o recenzj\u0119 Google za Ciebie.<\/li>\n<li>Koniec z zapominaniem, poniewa\u017c klienci otrzymuj\u0105 przypomnienie o pozostawieniu recenzji Google.<\/li>\n<li>Bez wyszukiwania i trudno\u015bci: <strong>Link NFC i kod Google Review QR prowadz\u0105 bezpo\u015brednio do formularza recenzji<\/strong> (kt\u00f3ry dla Ciebie tworzymy)<strong><br \/><\/strong><\/li>\n<li><strong>Namacalne:<\/strong> Karty NFC sprawiaj\u0105, \u017ce proces recenzji jest bardziej namacalny.<\/li>\n<li>Nie jest wymagana \u017cadna dodatkowa aplikacja.<\/li>\n<li>Przyci\u0105gaj\u0105cy wzrok: nowoczesny design<\/li>\n<\/ul>\n<p><strong>Zajmujemy si\u0119 tworzeniem i \u0142\u0105czeniem linku NFC i kodu QR w celu bezpo\u015brednich recenzji na Twoim profilu Google!<\/strong><strong><br \/><\/strong><\/p>\n","protected":false},"featured_media":101661,"comment_status":"open","ping_status":"closed","template":"","meta":{"_acf_changed":false,"_yoast_wpseo_focuskw":"Opinia Google Karta NFC","_yoast_wpseo_title":"Google Review NFC Business Card \u201eTap\u201d with Goog... | truzzer","_yoast_wpseo_metadesc":"Wi\u0119cej opinii Google z Google Review NFC Business Card \u201eTap\u201d with Google Review QR Code od truzzer. \u0141atwa konfiguracja. Zam\u00f3w teraz!"},"product_brand":[1652],"product_cat":[576,577,779,815,1581],"product_tag":[],"class_list":{"0":"post-101654","1":"product","2":"type-product","3":"status-publish","4":"has-post-thumbnail","6":"product_brand-google","7":"product_cat-nfc-produkty","8":"product_cat-nfc-wizytowki","9":"product_cat-opinia-google-produkty","10":"product_cat-opinia-google-wizytowki","11":"product_cat-opinia-google-wizytowki-z-qr-nfc","12":"pa_industry-biuro-doradztwo","13":"pa_industry-lokale-diensten","14":"pa_industry-onroerend-go","15":"pa_material-karton","16":"pa_material-plastic","17":"pa_orientation-portrett","18":"pa_placement-broszura","19":"pa_placement-portemonnee-personlijk","20":"pa_placement-recepcja-balie","21":"pa_product-type-odwiedzekaartjes","22":"pa_shape-rechthoek","23":"pa_technology-nfc","24":"pa_technology-qr-nfc","25":"pa_technology-qr-nfc-2","27":"first","28":"instock","29":"taxable","30":"shipping-taxable","31":"purchasable","32":"product-type-simple"},"acf":[],"yoast_head":"<!-- This site is optimized with the Yoast SEO plugin v27.0 - https:\/\/yoast.com\/product\/yoast-seo-wordpress\/ -->\n<title>Google Review NFC Business Card \u201eTap\u201d with Goog... | truzzer<\/title>\n<meta name=\"description\" content=\"Wi\u0119cej opinii Google z Google Review NFC Business Card \u201eTap\u201d with Google Review QR Code od truzzer. \u0141atwa konfiguracja. Zam\u00f3w teraz!\" \/>\n<meta name=\"robots\" content=\"index, follow, max-snippet:-1, max-image-preview:large, max-video-preview:-1\" \/>\n<link rel=\"canonical\" href=\"https:\/\/www.truzzer.com\/pl\/produkt\/google-review-nfc-business-card-tap-with-google-review-qr-code\/\" \/>\n<meta property=\"og:locale\" content=\"pl_PL\" \/>\n<meta property=\"og:type\" content=\"article\" \/>\n<meta property=\"og:title\" content=\"Google Review NFC Business Card \u201eTap\u201d with Goog... | truzzer\" \/>\n<meta property=\"og:description\" content=\"Wi\u0119cej opinii Google z Google Review NFC Business Card \u201eTap\u201d with Google Review QR Code od truzzer. \u0141atwa konfiguracja. Zam\u00f3w teraz!\" \/>\n<meta property=\"og:url\" content=\"https:\/\/www.truzzer.com\/pl\/produkt\/google-review-nfc-business-card-tap-with-google-review-qr-code\/\" \/>\n<meta property=\"og:site_name\" content=\"truzzer\" \/>\n<meta property=\"article:modified_time\" content=\"2026-02-13T08:01:57+00:00\" \/>\n<meta property=\"og:image\" content=\"https:\/\/www.truzzer.com\/wp-content\/uploads\/2026\/02\/GOOGLE-NFC-REVIEW-CARD-TRUZZER-FRONT-tap-S-1.jpg\" \/>\n\t<meta property=\"og:image:width\" content=\"1200\" \/>\n\t<meta property=\"og:image:height\" content=\"1200\" \/>\n\t<meta property=\"og:image:type\" content=\"image\/jpeg\" \/>\n<meta name=\"twitter:card\" content=\"summary_large_image\" \/>\n<script type=\"application\/ld+json\" class=\"yoast-schema-graph\">{\"@context\":\"https:\/\/schema.org\",\"@graph\":[{\"@type\":\"WebPage\",\"@id\":\"https:\/\/www.truzzer.com\/pl\/produkt\/google-review-nfc-business-card-tap-with-google-review-qr-code\/\",\"url\":\"https:\/\/www.truzzer.com\/pl\/produkt\/google-review-nfc-business-card-tap-with-google-review-qr-code\/\",\"name\":\"Google Review NFC Business Card \u201eTap\u201d with Goog... | truzzer\",\"isPartOf\":{\"@id\":\"https:\/\/www.truzzer.com\/pl\/#website\"},\"primaryImageOfPage\":{\"@id\":\"https:\/\/www.truzzer.com\/pl\/produkt\/google-review-nfc-business-card-tap-with-google-review-qr-code\/#primaryimage\"},\"image\":{\"@id\":\"https:\/\/www.truzzer.com\/pl\/produkt\/google-review-nfc-business-card-tap-with-google-review-qr-code\/#primaryimage\"},\"thumbnailUrl\":\"https:\/\/www.truzzer.com\/wp-content\/uploads\/2026\/02\/GOOGLE-NFC-REVIEW-CARD-TRUZZER-FRONT-tap-S-1.jpg\",\"datePublished\":\"2026-02-01T20:01:31+00:00\",\"dateModified\":\"2026-02-13T08:01:57+00:00\",\"description\":\"Wi\u0119cej opinii Google z Google Review NFC Business Card \u201eTap\u201d with Google Review QR Code od truzzer. \u0141atwa konfiguracja. Zam\u00f3w teraz!\",\"breadcrumb\":{\"@id\":\"https:\/\/www.truzzer.com\/pl\/produkt\/google-review-nfc-business-card-tap-with-google-review-qr-code\/#breadcrumb\"},\"inLanguage\":\"pl-PL\",\"potentialAction\":[{\"@type\":\"ReadAction\",\"target\":[\"https:\/\/www.truzzer.com\/pl\/produkt\/google-review-nfc-business-card-tap-with-google-review-qr-code\/\"]}]},{\"@type\":\"ImageObject\",\"inLanguage\":\"pl-PL\",\"@id\":\"https:\/\/www.truzzer.com\/pl\/produkt\/google-review-nfc-business-card-tap-with-google-review-qr-code\/#primaryimage\",\"url\":\"https:\/\/www.truzzer.com\/wp-content\/uploads\/2026\/02\/GOOGLE-NFC-REVIEW-CARD-TRUZZER-FRONT-tap-S-1.jpg\",\"contentUrl\":\"https:\/\/www.truzzer.com\/wp-content\/uploads\/2026\/02\/GOOGLE-NFC-REVIEW-CARD-TRUZZER-FRONT-tap-S-1.jpg\",\"width\":1200,\"height\":1200},{\"@type\":\"BreadcrumbList\",\"@id\":\"https:\/\/www.truzzer.com\/pl\/produkt\/google-review-nfc-business-card-tap-with-google-review-qr-code\/#breadcrumb\",\"itemListElement\":[{\"@type\":\"ListItem\",\"position\":1,\"name\":\"Home\",\"item\":\"https:\/\/www.truzzer.com\/pl\/\"},{\"@type\":\"ListItem\",\"position\":2,\"name\":\"Sklep\",\"item\":\"https:\/\/www.truzzer.com\/pl\/sklep\/\"},{\"@type\":\"ListItem\",\"position\":3,\"name\":\"Recenzja Google Wizyt\u00f3wka NFC \u201eTap\u201d z recenzj\u0105 Google Kod QR\"}]},{\"@type\":\"WebSite\",\"@id\":\"https:\/\/www.truzzer.com\/pl\/#website\",\"url\":\"https:\/\/www.truzzer.com\/pl\/\",\"name\":\"truzzer\",\"description\":\"Experts for customer trust\",\"publisher\":{\"@id\":\"https:\/\/www.truzzer.com\/pl\/#organization\"},\"potentialAction\":[{\"@type\":\"SearchAction\",\"target\":{\"@type\":\"EntryPoint\",\"urlTemplate\":\"https:\/\/www.truzzer.com\/pl\/?s={search_term_string}\"},\"query-input\":{\"@type\":\"PropertyValueSpecification\",\"valueRequired\":true,\"valueName\":\"search_term_string\"}}],\"inLanguage\":\"pl-PL\"},{\"@type\":\"Organization\",\"@id\":\"https:\/\/www.truzzer.com\/pl\/#organization\",\"name\":\"truzzer\",\"url\":\"https:\/\/www.truzzer.com\/pl\/\",\"logo\":{\"@type\":\"ImageObject\",\"inLanguage\":\"pl-PL\",\"@id\":\"https:\/\/www.truzzer.com\/pl\/#\/schema\/logo\/image\/\",\"url\":\"https:\/\/truzzer.com\/wp-content\/uploads\/2026\/01\/truzzer-logo-black-1.svg\",\"contentUrl\":\"https:\/\/truzzer.com\/wp-content\/uploads\/2026\/01\/truzzer-logo-black-1.svg\",\"width\":938,\"height\":199,\"caption\":\"truzzer\"},\"image\":{\"@id\":\"https:\/\/www.truzzer.com\/pl\/#\/schema\/logo\/image\/\"}}]}<\/script>\n<!-- \/ Yoast SEO plugin. -->","yoast_head_json":{"title":"Google Review NFC Business Card \u201eTap\u201d with Goog... | truzzer","description":"Wi\u0119cej opinii Google z Google Review NFC Business Card \u201eTap\u201d with Google Review QR Code od truzzer. \u0141atwa konfiguracja. Zam\u00f3w teraz!","robots":{"index":"index","follow":"follow","max-snippet":"max-snippet:-1","max-image-preview":"max-image-preview:large","max-video-preview":"max-video-preview:-1"},"canonical":"https:\/\/www.truzzer.com\/pl\/produkt\/google-review-nfc-business-card-tap-with-google-review-qr-code\/","og_locale":"pl_PL","og_type":"article","og_title":"Google Review NFC Business Card \u201eTap\u201d with Goog... | truzzer","og_description":"Wi\u0119cej opinii Google z Google Review NFC Business Card \u201eTap\u201d with Google Review QR Code od truzzer. \u0141atwa konfiguracja. Zam\u00f3w teraz!","og_url":"https:\/\/www.truzzer.com\/pl\/produkt\/google-review-nfc-business-card-tap-with-google-review-qr-code\/","og_site_name":"truzzer","article_modified_time":"2026-02-13T08:01:57+00:00","og_image":[{"width":1200,"height":1200,"url":"https:\/\/www.truzzer.com\/wp-content\/uploads\/2026\/02\/GOOGLE-NFC-REVIEW-CARD-TRUZZER-FRONT-tap-S-1.jpg","type":"image\/jpeg"}],"twitter_card":"summary_large_image","schema":{"@context":"https:\/\/schema.org","@graph":[{"@type":"WebPage","@id":"https:\/\/www.truzzer.com\/pl\/produkt\/google-review-nfc-business-card-tap-with-google-review-qr-code\/","url":"https:\/\/www.truzzer.com\/pl\/produkt\/google-review-nfc-business-card-tap-with-google-review-qr-code\/","name":"Google Review NFC Business Card \u201eTap\u201d with Goog... | truzzer","isPartOf":{"@id":"https:\/\/www.truzzer.com\/pl\/#website"},"primaryImageOfPage":{"@id":"https:\/\/www.truzzer.com\/pl\/produkt\/google-review-nfc-business-card-tap-with-google-review-qr-code\/#primaryimage"},"image":{"@id":"https:\/\/www.truzzer.com\/pl\/produkt\/google-review-nfc-business-card-tap-with-google-review-qr-code\/#primaryimage"},"thumbnailUrl":"https:\/\/www.truzzer.com\/wp-content\/uploads\/2026\/02\/GOOGLE-NFC-REVIEW-CARD-TRUZZER-FRONT-tap-S-1.jpg","datePublished":"2026-02-01T20:01:31+00:00","dateModified":"2026-02-13T08:01:57+00:00","description":"Wi\u0119cej opinii Google z Google Review NFC Business Card \u201eTap\u201d with Google Review QR Code od truzzer. \u0141atwa konfiguracja. Zam\u00f3w teraz!","breadcrumb":{"@id":"https:\/\/www.truzzer.com\/pl\/produkt\/google-review-nfc-business-card-tap-with-google-review-qr-code\/#breadcrumb"},"inLanguage":"pl-PL","potentialAction":[{"@type":"ReadAction","target":["https:\/\/www.truzzer.com\/pl\/produkt\/google-review-nfc-business-card-tap-with-google-review-qr-code\/"]}]},{"@type":"ImageObject","inLanguage":"pl-PL","@id":"https:\/\/www.truzzer.com\/pl\/produkt\/google-review-nfc-business-card-tap-with-google-review-qr-code\/#primaryimage","url":"https:\/\/www.truzzer.com\/wp-content\/uploads\/2026\/02\/GOOGLE-NFC-REVIEW-CARD-TRUZZER-FRONT-tap-S-1.jpg","contentUrl":"https:\/\/www.truzzer.com\/wp-content\/uploads\/2026\/02\/GOOGLE-NFC-REVIEW-CARD-TRUZZER-FRONT-tap-S-1.jpg","width":1200,"height":1200},{"@type":"BreadcrumbList","@id":"https:\/\/www.truzzer.com\/pl\/produkt\/google-review-nfc-business-card-tap-with-google-review-qr-code\/#breadcrumb","itemListElement":[{"@type":"ListItem","position":1,"name":"Home","item":"https:\/\/www.truzzer.com\/pl\/"},{"@type":"ListItem","position":2,"name":"Sklep","item":"https:\/\/www.truzzer.com\/pl\/sklep\/"},{"@type":"ListItem","position":3,"name":"Recenzja Google Wizyt\u00f3wka NFC \u201eTap\u201d z recenzj\u0105 Google Kod QR"}]},{"@type":"WebSite","@id":"https:\/\/www.truzzer.com\/pl\/#website","url":"https:\/\/www.truzzer.com\/pl\/","name":"truzzer","description":"Experts for customer trust","publisher":{"@id":"https:\/\/www.truzzer.com\/pl\/#organization"},"potentialAction":[{"@type":"SearchAction","target":{"@type":"EntryPoint","urlTemplate":"https:\/\/www.truzzer.com\/pl\/?s={search_term_string}"},"query-input":{"@type":"PropertyValueSpecification","valueRequired":true,"valueName":"search_term_string"}}],"inLanguage":"pl-PL"},{"@type":"Organization","@id":"https:\/\/www.truzzer.com\/pl\/#organization","name":"truzzer","url":"https:\/\/www.truzzer.com\/pl\/","logo":{"@type":"ImageObject","inLanguage":"pl-PL","@id":"https:\/\/www.truzzer.com\/pl\/#\/schema\/logo\/image\/","url":"https:\/\/truzzer.com\/wp-content\/uploads\/2026\/01\/truzzer-logo-black-1.svg","contentUrl":"https:\/\/truzzer.com\/wp-content\/uploads\/2026\/01\/truzzer-logo-black-1.svg","width":938,"height":199,"caption":"truzzer"},"image":{"@id":"https:\/\/www.truzzer.com\/pl\/#\/schema\/logo\/image\/"}}]}},"tiered_pricing_type":"fixed","tiered_pricing_fixed_rules":[],"tiered_pricing_product_settings":{"layout":"default","base_unit_name":{"singular":null,"plural":null},"default_variation":null},"tiered_pricing_minimum_quantity":null,"tiered_pricing_roles_data":[],"tiered_pricing_percentage_rules":[],"tiered_pricing_maximum_quantity":null,"tiered_pricing_quantity_step":null,"_links":{"self":[{"href":"https:\/\/www.truzzer.com\/pl\/wp-json\/wp\/v2\/product\/101654","targetHints":{"allow":["GET"]}}],"collection":[{"href":"https:\/\/www.truzzer.com\/pl\/wp-json\/wp\/v2\/product"}],"about":[{"href":"https:\/\/www.truzzer.com\/pl\/wp-json\/wp\/v2\/types\/product"}],"replies":[{"embeddable":true,"href":"https:\/\/www.truzzer.com\/pl\/wp-json\/wp\/v2\/comments?post=101654"}],"wp:featuredmedia":[{"embeddable":true,"href":"https:\/\/www.truzzer.com\/pl\/wp-json\/wp\/v2\/media\/101661"}],"wp:attachment":[{"href":"https:\/\/www.truzzer.com\/pl\/wp-json\/wp\/v2\/media?parent=101654"}],"wp:term":[{"taxonomy":"product_brand","embeddable":true,"href":"https:\/\/www.truzzer.com\/pl\/wp-json\/wp\/v2\/product_brand?post=101654"},{"taxonomy":"product_cat","embeddable":true,"href":"https:\/\/www.truzzer.com\/pl\/wp-json\/wp\/v2\/product_cat?post=101654"},{"taxonomy":"product_tag","embeddable":true,"href":"https:\/\/www.truzzer.com\/pl\/wp-json\/wp\/v2\/product_tag?post=101654"}],"curies":[{"name":"wp","href":"https:\/\/api.w.org\/{rel}","templated":true}]}}