{"id":101731,"date":"2026-02-01T20:00:56","date_gmt":"2026-02-01T20:00:56","guid":{"rendered":"https:\/\/beta.truzzer.com\/product\/review-us-on-tripadvisor-nfc-stand-display\/"},"modified":"2026-02-13T08:05:42","modified_gmt":"2026-02-13T08:05:42","slug":"review-us-on-tripadvisor-nfc-stand-display","status":"publish","type":"product","link":"https:\/\/www.truzzer.com\/pl\/produkt\/review-us-on-tripadvisor-nfc-stand-display\/","title":{"rendered":"Oce\u0144 nas na temat stojaka \/ wy\u015bwietlacza TripAdvisor NFC"},"content":{"rendered":"","protected":false},"excerpt":{"rendered":"<h2>Zdob\u0105d\u017a recenzje TripAdvisor dzi\u0119ki NFC<\/h2>\n<p><strong>Uzyskiwanie recenzji TripAdvisor od klient\u00f3w nigdy nie by\u0142o tak \u0142atwe!<\/strong><br \/>\nDzi\u0119ki bezdotykowym recenzjom TripAdvisor stojakom \/ ekspozytorom NFC mo\u017cesz z \u0142atwo\u015bci\u0105 wygra\u0107 nowe recenzje TripAdvisor bezpo\u015brednio na miejscu.<br \/>\nDzi\u0119ki ciekawemu projektowi stojak na tabel\u0119 ocen Google wzbudza zainteresowanie klient\u00f3w, a wezwanie do dzia\u0142ania zach\u0119ca klient\u00f3w do wystawienia recenzji na TripAdvisor.<\/p>\n<p>Wystarczy, \u017ce Twoi klienci b\u0119d\u0105 trzyma\u0107 smartfon blisko stojaka, a na ich telefonie otworzy si\u0119 wyskakuj\u0105ce okienko prowadz\u0105ce bezpo\u015brednio do formularza recenzji!<\/p>\n<p>Je\u015bli smartfon klienta nie posiada funkcji NFC, na wystawcy znajduje si\u0119 alternatywny kod QR, kt\u00f3ry mo\u017cna zeskanowa\u0107 bezpo\u015brednio aparatem smartfona <strong>&#038;8211; w obu przypadkach nie jest wymagana osobna aplikacja!<\/strong><\/p>\n<h3><strong>W ten spos\u00f3b wystawcy NFC pomagaj\u0105 Ci zdoby\u0107 wi\u0119cej ocen TripAdvisor<br \/>\n<\/strong><\/h3>\n<p>Ekrany NFC pokonuj\u0105 Ciebie i Twoich klient\u00f3w najwi\u0119ksze przeszkody w rankingu TripAdvisor:<\/p>\n<ul>\n<li>\u017badnych niewygodnych pyta\u0144 &amp; Zapytaj, po prostu umie\u015b\u0107 na miejscu. <strong>Wezwanie do dzia\u0142ania<\/strong> przejmuje pro\u015bb\u0119 o sprawdzenie TripAdvisor za Ciebie<\/li>\n<li>Nie zapomnij, poniewa\u017c klientom zostanie przypomniana ocena TripAdvisor.<\/li>\n<li>Bez szukania i k\u0142opot\u00f3w: <strong>\u0141\u0105cze NFC i kod TripAdvisor Recenzja QR prowadz\u0105 bezpo\u015brednio do formularza recenzji<\/strong> (utworzymy to za Ciebie)<strong><br \/>\n<\/strong><\/li>\n<li><strong>Dotykowy<\/strong>: dzi\u0119ki wy\u015bwietlaczom recenzja staje si\u0119 namacalna.<\/li>\n<li>Nie jest wymagana \u017cadna dodatkowa aplikacja.<\/li>\n<li>Przyci\u0105gaj\u0105cy wzrok: nowoczesny design<\/li>\n<\/ul>\n<p><strong>Stworzymy i po\u0142\u0105czymy dla Ciebie link NFC i kod QR do bezpo\u015bredniej oceny na Twoim profilu TripAdvisor!<\/strong><strong><br \/>\n<\/strong><\/p>\n","protected":false},"featured_media":101733,"comment_status":"open","ping_status":"closed","template":"","meta":{"_acf_changed":false,"_yoast_wpseo_focuskw":"Opinia TripAdvisor NFC Stand","_yoast_wpseo_title":"Review us on TripAdvisor NFC Stand \/ Display | truzzer","_yoast_wpseo_metadesc":"Wzmocnij reputacj\u0119 TripAdvisor z Review us on TripAdvisor NFC Stand \/ Display od truzzer. \u0141atwa konfiguracja, gotowe do u\u017cycia. Zam\u00f3w teraz!"},"product_brand":[1687],"product_cat":[576,1590],"product_tag":[],"class_list":{"0":"post-101731","1":"product","2":"type-product","3":"status-publish","4":"has-post-thumbnail","6":"product_brand-tripadvisor","7":"product_cat-nfc-produkty","8":"product_cat-opinie-tripadvisor-stojaki-na-stol-z-nfc","9":"pa_industry-hotel","10":"pa_industry-medische-praktijk","11":"pa_industry-restauracja-kawiarnia","12":"pa_material-acrylic","13":"pa_placement-kassa-pos","14":"pa_placement-recepcja-balie","15":"pa_placement-tafel","16":"pa_product-type-ekspozytory-i-stojaki","17":"pa_technology-nfc","19":"first","20":"instock","21":"taxable","22":"shipping-taxable","23":"purchasable","24":"product-type-simple"},"acf":[],"yoast_head":"<!-- This site is optimized with the Yoast SEO plugin v27.0 - https:\/\/yoast.com\/product\/yoast-seo-wordpress\/ -->\n<title>Review us on TripAdvisor NFC Stand \/ Display | truzzer<\/title>\n<meta name=\"description\" content=\"Wzmocnij reputacj\u0119 TripAdvisor z Review us on TripAdvisor NFC Stand \/ Display od truzzer. \u0141atwa konfiguracja, gotowe do u\u017cycia. Zam\u00f3w teraz!\" \/>\n<meta name=\"robots\" content=\"index, follow, max-snippet:-1, max-image-preview:large, max-video-preview:-1\" \/>\n<link rel=\"canonical\" href=\"https:\/\/www.truzzer.com\/pl\/produkt\/review-us-on-tripadvisor-nfc-stand-display\/\" \/>\n<meta property=\"og:locale\" content=\"pl_PL\" \/>\n<meta property=\"og:type\" content=\"article\" \/>\n<meta property=\"og:title\" content=\"Review us on TripAdvisor NFC Stand \/ Display | truzzer\" \/>\n<meta property=\"og:description\" content=\"Wzmocnij reputacj\u0119 TripAdvisor z Review us on TripAdvisor NFC Stand \/ Display od truzzer. \u0141atwa konfiguracja, gotowe do u\u017cycia. Zam\u00f3w teraz!\" \/>\n<meta property=\"og:url\" content=\"https:\/\/www.truzzer.com\/pl\/produkt\/review-us-on-tripadvisor-nfc-stand-display\/\" \/>\n<meta property=\"og:site_name\" content=\"truzzer\" \/>\n<meta property=\"article:modified_time\" content=\"2026-02-13T08:05:42+00:00\" \/>\n<meta property=\"og:image\" content=\"https:\/\/www.truzzer.com\/wp-content\/uploads\/2026\/02\/review-us-on-tripadvisor-nfc-stand-1.jpg\" \/>\n\t<meta property=\"og:image:width\" content=\"1200\" \/>\n\t<meta property=\"og:image:height\" content=\"1200\" \/>\n\t<meta property=\"og:image:type\" content=\"image\/jpeg\" \/>\n<meta name=\"twitter:card\" content=\"summary_large_image\" \/>\n<script type=\"application\/ld+json\" class=\"yoast-schema-graph\">{\"@context\":\"https:\/\/schema.org\",\"@graph\":[{\"@type\":\"WebPage\",\"@id\":\"https:\/\/www.truzzer.com\/pl\/produkt\/review-us-on-tripadvisor-nfc-stand-display\/\",\"url\":\"https:\/\/www.truzzer.com\/pl\/produkt\/review-us-on-tripadvisor-nfc-stand-display\/\",\"name\":\"Review us on TripAdvisor NFC Stand \/ Display | truzzer\",\"isPartOf\":{\"@id\":\"https:\/\/www.truzzer.com\/pl\/#website\"},\"primaryImageOfPage\":{\"@id\":\"https:\/\/www.truzzer.com\/pl\/produkt\/review-us-on-tripadvisor-nfc-stand-display\/#primaryimage\"},\"image\":{\"@id\":\"https:\/\/www.truzzer.com\/pl\/produkt\/review-us-on-tripadvisor-nfc-stand-display\/#primaryimage\"},\"thumbnailUrl\":\"https:\/\/www.truzzer.com\/wp-content\/uploads\/2026\/02\/review-us-on-tripadvisor-nfc-stand-1.jpg\",\"datePublished\":\"2026-02-01T20:00:56+00:00\",\"dateModified\":\"2026-02-13T08:05:42+00:00\",\"description\":\"Wzmocnij reputacj\u0119 TripAdvisor z Review us on TripAdvisor NFC Stand \/ Display od truzzer. \u0141atwa konfiguracja, gotowe do u\u017cycia. Zam\u00f3w teraz!\",\"breadcrumb\":{\"@id\":\"https:\/\/www.truzzer.com\/pl\/produkt\/review-us-on-tripadvisor-nfc-stand-display\/#breadcrumb\"},\"inLanguage\":\"pl-PL\",\"potentialAction\":[{\"@type\":\"ReadAction\",\"target\":[\"https:\/\/www.truzzer.com\/pl\/produkt\/review-us-on-tripadvisor-nfc-stand-display\/\"]}]},{\"@type\":\"ImageObject\",\"inLanguage\":\"pl-PL\",\"@id\":\"https:\/\/www.truzzer.com\/pl\/produkt\/review-us-on-tripadvisor-nfc-stand-display\/#primaryimage\",\"url\":\"https:\/\/www.truzzer.com\/wp-content\/uploads\/2026\/02\/review-us-on-tripadvisor-nfc-stand-1.jpg\",\"contentUrl\":\"https:\/\/www.truzzer.com\/wp-content\/uploads\/2026\/02\/review-us-on-tripadvisor-nfc-stand-1.jpg\",\"width\":1200,\"height\":1200},{\"@type\":\"BreadcrumbList\",\"@id\":\"https:\/\/www.truzzer.com\/pl\/produkt\/review-us-on-tripadvisor-nfc-stand-display\/#breadcrumb\",\"itemListElement\":[{\"@type\":\"ListItem\",\"position\":1,\"name\":\"Home\",\"item\":\"https:\/\/www.truzzer.com\/pl\/\"},{\"@type\":\"ListItem\",\"position\":2,\"name\":\"Sklep\",\"item\":\"https:\/\/www.truzzer.com\/pl\/sklep\/\"},{\"@type\":\"ListItem\",\"position\":3,\"name\":\"Oce\u0144 nas na temat stojaka \/ wy\u015bwietlacza TripAdvisor NFC\"}]},{\"@type\":\"WebSite\",\"@id\":\"https:\/\/www.truzzer.com\/pl\/#website\",\"url\":\"https:\/\/www.truzzer.com\/pl\/\",\"name\":\"truzzer\",\"description\":\"Experts for customer trust\",\"publisher\":{\"@id\":\"https:\/\/www.truzzer.com\/pl\/#organization\"},\"potentialAction\":[{\"@type\":\"SearchAction\",\"target\":{\"@type\":\"EntryPoint\",\"urlTemplate\":\"https:\/\/www.truzzer.com\/pl\/?s={search_term_string}\"},\"query-input\":{\"@type\":\"PropertyValueSpecification\",\"valueRequired\":true,\"valueName\":\"search_term_string\"}}],\"inLanguage\":\"pl-PL\"},{\"@type\":\"Organization\",\"@id\":\"https:\/\/www.truzzer.com\/pl\/#organization\",\"name\":\"truzzer\",\"url\":\"https:\/\/www.truzzer.com\/pl\/\",\"logo\":{\"@type\":\"ImageObject\",\"inLanguage\":\"pl-PL\",\"@id\":\"https:\/\/www.truzzer.com\/pl\/#\/schema\/logo\/image\/\",\"url\":\"https:\/\/truzzer.com\/wp-content\/uploads\/2026\/01\/truzzer-logo-black-1.svg\",\"contentUrl\":\"https:\/\/truzzer.com\/wp-content\/uploads\/2026\/01\/truzzer-logo-black-1.svg\",\"width\":938,\"height\":199,\"caption\":\"truzzer\"},\"image\":{\"@id\":\"https:\/\/www.truzzer.com\/pl\/#\/schema\/logo\/image\/\"}}]}<\/script>\n<!-- \/ Yoast SEO plugin. -->","yoast_head_json":{"title":"Review us on TripAdvisor NFC Stand \/ Display | truzzer","description":"Wzmocnij reputacj\u0119 TripAdvisor z Review us on TripAdvisor NFC Stand \/ Display od truzzer. \u0141atwa konfiguracja, gotowe do u\u017cycia. Zam\u00f3w teraz!","robots":{"index":"index","follow":"follow","max-snippet":"max-snippet:-1","max-image-preview":"max-image-preview:large","max-video-preview":"max-video-preview:-1"},"canonical":"https:\/\/www.truzzer.com\/pl\/produkt\/review-us-on-tripadvisor-nfc-stand-display\/","og_locale":"pl_PL","og_type":"article","og_title":"Review us on TripAdvisor NFC Stand \/ Display | truzzer","og_description":"Wzmocnij reputacj\u0119 TripAdvisor z Review us on TripAdvisor NFC Stand \/ Display od truzzer. \u0141atwa konfiguracja, gotowe do u\u017cycia. Zam\u00f3w teraz!","og_url":"https:\/\/www.truzzer.com\/pl\/produkt\/review-us-on-tripadvisor-nfc-stand-display\/","og_site_name":"truzzer","article_modified_time":"2026-02-13T08:05:42+00:00","og_image":[{"width":1200,"height":1200,"url":"https:\/\/www.truzzer.com\/wp-content\/uploads\/2026\/02\/review-us-on-tripadvisor-nfc-stand-1.jpg","type":"image\/jpeg"}],"twitter_card":"summary_large_image","schema":{"@context":"https:\/\/schema.org","@graph":[{"@type":"WebPage","@id":"https:\/\/www.truzzer.com\/pl\/produkt\/review-us-on-tripadvisor-nfc-stand-display\/","url":"https:\/\/www.truzzer.com\/pl\/produkt\/review-us-on-tripadvisor-nfc-stand-display\/","name":"Review us on TripAdvisor NFC Stand \/ Display | truzzer","isPartOf":{"@id":"https:\/\/www.truzzer.com\/pl\/#website"},"primaryImageOfPage":{"@id":"https:\/\/www.truzzer.com\/pl\/produkt\/review-us-on-tripadvisor-nfc-stand-display\/#primaryimage"},"image":{"@id":"https:\/\/www.truzzer.com\/pl\/produkt\/review-us-on-tripadvisor-nfc-stand-display\/#primaryimage"},"thumbnailUrl":"https:\/\/www.truzzer.com\/wp-content\/uploads\/2026\/02\/review-us-on-tripadvisor-nfc-stand-1.jpg","datePublished":"2026-02-01T20:00:56+00:00","dateModified":"2026-02-13T08:05:42+00:00","description":"Wzmocnij reputacj\u0119 TripAdvisor z Review us on TripAdvisor NFC Stand \/ Display od truzzer. \u0141atwa konfiguracja, gotowe do u\u017cycia. Zam\u00f3w teraz!","breadcrumb":{"@id":"https:\/\/www.truzzer.com\/pl\/produkt\/review-us-on-tripadvisor-nfc-stand-display\/#breadcrumb"},"inLanguage":"pl-PL","potentialAction":[{"@type":"ReadAction","target":["https:\/\/www.truzzer.com\/pl\/produkt\/review-us-on-tripadvisor-nfc-stand-display\/"]}]},{"@type":"ImageObject","inLanguage":"pl-PL","@id":"https:\/\/www.truzzer.com\/pl\/produkt\/review-us-on-tripadvisor-nfc-stand-display\/#primaryimage","url":"https:\/\/www.truzzer.com\/wp-content\/uploads\/2026\/02\/review-us-on-tripadvisor-nfc-stand-1.jpg","contentUrl":"https:\/\/www.truzzer.com\/wp-content\/uploads\/2026\/02\/review-us-on-tripadvisor-nfc-stand-1.jpg","width":1200,"height":1200},{"@type":"BreadcrumbList","@id":"https:\/\/www.truzzer.com\/pl\/produkt\/review-us-on-tripadvisor-nfc-stand-display\/#breadcrumb","itemListElement":[{"@type":"ListItem","position":1,"name":"Home","item":"https:\/\/www.truzzer.com\/pl\/"},{"@type":"ListItem","position":2,"name":"Sklep","item":"https:\/\/www.truzzer.com\/pl\/sklep\/"},{"@type":"ListItem","position":3,"name":"Oce\u0144 nas na temat stojaka \/ wy\u015bwietlacza TripAdvisor NFC"}]},{"@type":"WebSite","@id":"https:\/\/www.truzzer.com\/pl\/#website","url":"https:\/\/www.truzzer.com\/pl\/","name":"truzzer","description":"Experts for customer trust","publisher":{"@id":"https:\/\/www.truzzer.com\/pl\/#organization"},"potentialAction":[{"@type":"SearchAction","target":{"@type":"EntryPoint","urlTemplate":"https:\/\/www.truzzer.com\/pl\/?s={search_term_string}"},"query-input":{"@type":"PropertyValueSpecification","valueRequired":true,"valueName":"search_term_string"}}],"inLanguage":"pl-PL"},{"@type":"Organization","@id":"https:\/\/www.truzzer.com\/pl\/#organization","name":"truzzer","url":"https:\/\/www.truzzer.com\/pl\/","logo":{"@type":"ImageObject","inLanguage":"pl-PL","@id":"https:\/\/www.truzzer.com\/pl\/#\/schema\/logo\/image\/","url":"https:\/\/truzzer.com\/wp-content\/uploads\/2026\/01\/truzzer-logo-black-1.svg","contentUrl":"https:\/\/truzzer.com\/wp-content\/uploads\/2026\/01\/truzzer-logo-black-1.svg","width":938,"height":199,"caption":"truzzer"},"image":{"@id":"https:\/\/www.truzzer.com\/pl\/#\/schema\/logo\/image\/"}}]}},"tiered_pricing_type":"fixed","tiered_pricing_fixed_rules":[],"tiered_pricing_product_settings":{"layout":"default","base_unit_name":{"singular":null,"plural":null},"default_variation":null},"tiered_pricing_minimum_quantity":null,"tiered_pricing_roles_data":[],"tiered_pricing_percentage_rules":[],"tiered_pricing_maximum_quantity":null,"tiered_pricing_quantity_step":null,"_links":{"self":[{"href":"https:\/\/www.truzzer.com\/pl\/wp-json\/wp\/v2\/product\/101731","targetHints":{"allow":["GET"]}}],"collection":[{"href":"https:\/\/www.truzzer.com\/pl\/wp-json\/wp\/v2\/product"}],"about":[{"href":"https:\/\/www.truzzer.com\/pl\/wp-json\/wp\/v2\/types\/product"}],"replies":[{"embeddable":true,"href":"https:\/\/www.truzzer.com\/pl\/wp-json\/wp\/v2\/comments?post=101731"}],"wp:featuredmedia":[{"embeddable":true,"href":"https:\/\/www.truzzer.com\/pl\/wp-json\/wp\/v2\/media\/101733"}],"wp:attachment":[{"href":"https:\/\/www.truzzer.com\/pl\/wp-json\/wp\/v2\/media?parent=101731"}],"wp:term":[{"taxonomy":"product_brand","embeddable":true,"href":"https:\/\/www.truzzer.com\/pl\/wp-json\/wp\/v2\/product_brand?post=101731"},{"taxonomy":"product_cat","embeddable":true,"href":"https:\/\/www.truzzer.com\/pl\/wp-json\/wp\/v2\/product_cat?post=101731"},{"taxonomy":"product_tag","embeddable":true,"href":"https:\/\/www.truzzer.com\/pl\/wp-json\/wp\/v2\/product_tag?post=101731"}],"curies":[{"name":"wp","href":"https:\/\/api.w.org\/{rel}","templated":true}]}}