{"id":102243,"date":"2026-02-11T10:12:12","date_gmt":"2026-02-11T10:12:12","guid":{"rendered":"https:\/\/beta.truzzer.com\/product\/instagram-tiktok-starter-visittkort-qr-kode\/"},"modified":"2026-02-13T10:35:14","modified_gmt":"2026-02-13T10:35:14","slug":"instagram-tiktok-starter-visittkort-qr-kode","status":"publish","type":"product","link":"https:\/\/www.truzzer.com\/pl\/produkt\/instagram-tiktok-starter-visittkort-qr-kode\/","title":{"rendered":"Instagram &amp; Wizyt\u00f3wka startowa TikTok &#8211; Kod QR"},"content":{"rendered":"<p>\nInstagram &amp; Wizyt\u00f3wka startowa TikTok jest idealna dla ka\u017cdego, kto aktywnie korzysta z medi\u00f3w spo\u0142eczno\u015bciowych.<br \/>\nZ przodu kod QR \u0142\u0105czy si\u0119 bezpo\u015brednio z Twoim profilem Instagram; z ty\u0142u prowadzi klient\u00f3w do Twojego konta TikTok.\n<\/p>\n<p>\nDzi\u0119ki temu ka\u017cda interakcja offline zamienia si\u0119 w obserwuj\u0105cych, wy\u015bwietlenia i zasi\u0119g \u2013 bez wyszukiwania, pisania i objazd\u00f3w.\n<\/p>\n<p>\nKlasyczny pionowy format wizyt\u00f3wek zapewniaj\u0105cy maksymaln\u0105 akceptacj\u0119 na co dzie\u0144.<\/p>\n","protected":false},"excerpt":{"rendered":"<h2>\n  <img decoding=\"async\" class=\"alignnone size-full wp-image-56732\" src=\"https:\/\/truzzer.com\/wp-content\/uploads\/2026\/02\/qrscan-ezgif.com-video-to-webp-converter-1.webp\" alt=\"\" szeroko\u015b\u0107=\"150\" wysoko\u015b\u0107=\"150\" \/><br \/>\n<\/h2>\n<p>\nDwustronna Wizyt\u00f3wka Startowa:<br \/>\nPrz\u00f3d: Instagram \u2022 Ty\u0142: TikTok \u2014 oba bezpo\u015brednio poprzez kod QR.<br \/>\nIdealna wizyt\u00f3wka na pocz\u0105tek, zapewniaj\u0105ca zasi\u0119g i rozw\u00f3j spo\u0142eczny.\n<\/p>\n<p><strong>Idealny dla firm, kt\u00f3re chc\u0105 rozwija\u0107 si\u0119 jednocze\u015bnie na Instagram i TikTok.<\/strong><\/p>\n<p><strong>Najwa\u017cniejsze informacje:<\/strong><\/p>\n<ul>\n<li>Prz\u00f3d: profil Instagram za pomoc\u0105 kodu QR<\/li>\n<li>Wstecz: profil TikTok za pomoc\u0105 kodu QR<\/li>\n<li>Pionowy, standardowy format wizyt\u00f3wki<\/li>\n<li>Dzia\u0142a z ka\u017cdym smartfonem<\/li>\n<\/ul>\n","protected":false},"featured_media":102244,"comment_status":"open","ping_status":"closed","template":"","meta":{"_acf_changed":false,"_yoast_wpseo_focuskw":"Instagram TikTok Wizyt\u00f3wka","_yoast_wpseo_title":"Instagram & TikTok Starter Visittkort \u2013 QR-kode | truzzer","_yoast_wpseo_metadesc":"Wi\u0119cej obserwuj\u0105cych na Instagramie z Instagram & TikTok Starter Visittkort \u2013 QR-kode od truzzer. \u0141atwa konfiguracja, gotowe do u\u017cycia. Zam\u00f3w teraz!"},"product_brand":[1663,1679],"product_cat":[518,608,829,914,626,1138,1139],"product_tag":[],"class_list":{"0":"post-102243","1":"product","2":"type-product","3":"status-publish","4":"has-post-thumbnail","6":"product_brand-instagram","7":"product_brand-tiktok","8":"product_cat-kod-qr-produkty","9":"product_cat-kod-qr-wizytowki","10":"product_cat-obserwujacy-instagram-produkty","11":"product_cat-obserwujacy-instagram-wizytowki-z-kodem-qr","12":"product_cat-obserwujacy-tiktok-produkty","13":"product_cat-obserwujacy-tiktok-wizytowki","14":"product_cat-obserwujacy-tiktok-wizytowki-z-kodem-qr","15":"pa_material-karton","16":"pa_orientation-portrett","17":"pa_placement-bon","18":"pa_placement-broszura","19":"pa_placement-lommebok-personlig","20":"pa_placement-portemonnee-personlijk","21":"pa_product-type-odwiedzekaartjes","22":"pa_shape-rechthoek","23":"pa_technology-kod-qr","25":"first","26":"instock","27":"taxable","28":"shipping-taxable","29":"purchasable","30":"product-type-simple"},"acf":[],"yoast_head":"<!-- This site is optimized with the Yoast SEO plugin v27.0 - https:\/\/yoast.com\/product\/yoast-seo-wordpress\/ -->\n<title>Instagram &amp; TikTok Starter Visittkort \u2013 QR-kode | truzzer<\/title>\n<meta name=\"description\" content=\"Wi\u0119cej obserwuj\u0105cych na Instagramie z Instagram &amp; TikTok Starter Visittkort \u2013 QR-kode od truzzer. \u0141atwa konfiguracja, gotowe do u\u017cycia. Zam\u00f3w teraz!\" \/>\n<meta name=\"robots\" content=\"index, follow, max-snippet:-1, max-image-preview:large, max-video-preview:-1\" \/>\n<link rel=\"canonical\" href=\"https:\/\/www.truzzer.com\/pl\/produkt\/instagram-tiktok-starter-visittkort-qr-kode\/\" \/>\n<meta property=\"og:locale\" content=\"pl_PL\" \/>\n<meta property=\"og:type\" content=\"article\" \/>\n<meta property=\"og:title\" content=\"Instagram &amp; TikTok Starter Visittkort \u2013 QR-kode | truzzer\" \/>\n<meta property=\"og:description\" content=\"Wi\u0119cej obserwuj\u0105cych na Instagramie z Instagram &amp; TikTok Starter Visittkort \u2013 QR-kode od truzzer. \u0141atwa konfiguracja, gotowe do u\u017cycia. Zam\u00f3w teraz!\" \/>\n<meta property=\"og:url\" content=\"https:\/\/www.truzzer.com\/pl\/produkt\/instagram-tiktok-starter-visittkort-qr-kode\/\" \/>\n<meta property=\"og:site_name\" content=\"truzzer\" \/>\n<meta property=\"article:modified_time\" content=\"2026-02-13T10:35:14+00:00\" \/>\n<meta property=\"og:image\" content=\"https:\/\/www.truzzer.com\/wp-content\/uploads\/2026\/02\/tik-insta-3.jpg\" \/>\n\t<meta property=\"og:image:width\" content=\"1200\" \/>\n\t<meta property=\"og:image:height\" content=\"1200\" \/>\n\t<meta property=\"og:image:type\" content=\"image\/jpeg\" \/>\n<meta name=\"twitter:card\" content=\"summary_large_image\" \/>\n<script type=\"application\/ld+json\" class=\"yoast-schema-graph\">{\"@context\":\"https:\/\/schema.org\",\"@graph\":[{\"@type\":\"WebPage\",\"@id\":\"https:\/\/www.truzzer.com\/pl\/produkt\/instagram-tiktok-starter-visittkort-qr-kode\/\",\"url\":\"https:\/\/www.truzzer.com\/pl\/produkt\/instagram-tiktok-starter-visittkort-qr-kode\/\",\"name\":\"Instagram & TikTok Starter Visittkort \u2013 QR-kode | truzzer\",\"isPartOf\":{\"@id\":\"https:\/\/www.truzzer.com\/pl\/#website\"},\"primaryImageOfPage\":{\"@id\":\"https:\/\/www.truzzer.com\/pl\/produkt\/instagram-tiktok-starter-visittkort-qr-kode\/#primaryimage\"},\"image\":{\"@id\":\"https:\/\/www.truzzer.com\/pl\/produkt\/instagram-tiktok-starter-visittkort-qr-kode\/#primaryimage\"},\"thumbnailUrl\":\"https:\/\/www.truzzer.com\/wp-content\/uploads\/2026\/02\/tik-insta-3.jpg\",\"datePublished\":\"2026-02-11T10:12:12+00:00\",\"dateModified\":\"2026-02-13T10:35:14+00:00\",\"description\":\"Wi\u0119cej obserwuj\u0105cych na Instagramie z Instagram & TikTok Starter Visittkort \u2013 QR-kode od truzzer. \u0141atwa konfiguracja, gotowe do u\u017cycia. Zam\u00f3w teraz!\",\"breadcrumb\":{\"@id\":\"https:\/\/www.truzzer.com\/pl\/produkt\/instagram-tiktok-starter-visittkort-qr-kode\/#breadcrumb\"},\"inLanguage\":\"pl-PL\",\"potentialAction\":[{\"@type\":\"ReadAction\",\"target\":[\"https:\/\/www.truzzer.com\/pl\/produkt\/instagram-tiktok-starter-visittkort-qr-kode\/\"]}]},{\"@type\":\"ImageObject\",\"inLanguage\":\"pl-PL\",\"@id\":\"https:\/\/www.truzzer.com\/pl\/produkt\/instagram-tiktok-starter-visittkort-qr-kode\/#primaryimage\",\"url\":\"https:\/\/www.truzzer.com\/wp-content\/uploads\/2026\/02\/tik-insta-3.jpg\",\"contentUrl\":\"https:\/\/www.truzzer.com\/wp-content\/uploads\/2026\/02\/tik-insta-3.jpg\",\"width\":1200,\"height\":1200},{\"@type\":\"BreadcrumbList\",\"@id\":\"https:\/\/www.truzzer.com\/pl\/produkt\/instagram-tiktok-starter-visittkort-qr-kode\/#breadcrumb\",\"itemListElement\":[{\"@type\":\"ListItem\",\"position\":1,\"name\":\"Home\",\"item\":\"https:\/\/www.truzzer.com\/pl\/\"},{\"@type\":\"ListItem\",\"position\":2,\"name\":\"Sklep\",\"item\":\"https:\/\/www.truzzer.com\/pl\/sklep\/\"},{\"@type\":\"ListItem\",\"position\":3,\"name\":\"Instagram &amp; Wizyt\u00f3wka startowa TikTok &#8211; Kod QR\"}]},{\"@type\":\"WebSite\",\"@id\":\"https:\/\/www.truzzer.com\/pl\/#website\",\"url\":\"https:\/\/www.truzzer.com\/pl\/\",\"name\":\"truzzer\",\"description\":\"Experts for customer trust\",\"publisher\":{\"@id\":\"https:\/\/www.truzzer.com\/pl\/#organization\"},\"potentialAction\":[{\"@type\":\"SearchAction\",\"target\":{\"@type\":\"EntryPoint\",\"urlTemplate\":\"https:\/\/www.truzzer.com\/pl\/?s={search_term_string}\"},\"query-input\":{\"@type\":\"PropertyValueSpecification\",\"valueRequired\":true,\"valueName\":\"search_term_string\"}}],\"inLanguage\":\"pl-PL\"},{\"@type\":\"Organization\",\"@id\":\"https:\/\/www.truzzer.com\/pl\/#organization\",\"name\":\"truzzer\",\"url\":\"https:\/\/www.truzzer.com\/pl\/\",\"logo\":{\"@type\":\"ImageObject\",\"inLanguage\":\"pl-PL\",\"@id\":\"https:\/\/www.truzzer.com\/pl\/#\/schema\/logo\/image\/\",\"url\":\"https:\/\/truzzer.com\/wp-content\/uploads\/2026\/01\/truzzer-logo-black-1.svg\",\"contentUrl\":\"https:\/\/truzzer.com\/wp-content\/uploads\/2026\/01\/truzzer-logo-black-1.svg\",\"width\":938,\"height\":199,\"caption\":\"truzzer\"},\"image\":{\"@id\":\"https:\/\/www.truzzer.com\/pl\/#\/schema\/logo\/image\/\"}}]}<\/script>\n<!-- \/ Yoast SEO plugin. -->","yoast_head_json":{"title":"Instagram & TikTok Starter Visittkort \u2013 QR-kode | truzzer","description":"Wi\u0119cej obserwuj\u0105cych na Instagramie z Instagram & TikTok Starter Visittkort \u2013 QR-kode od truzzer. \u0141atwa konfiguracja, gotowe do u\u017cycia. Zam\u00f3w teraz!","robots":{"index":"index","follow":"follow","max-snippet":"max-snippet:-1","max-image-preview":"max-image-preview:large","max-video-preview":"max-video-preview:-1"},"canonical":"https:\/\/www.truzzer.com\/pl\/produkt\/instagram-tiktok-starter-visittkort-qr-kode\/","og_locale":"pl_PL","og_type":"article","og_title":"Instagram & TikTok Starter Visittkort \u2013 QR-kode | truzzer","og_description":"Wi\u0119cej obserwuj\u0105cych na Instagramie z Instagram & TikTok Starter Visittkort \u2013 QR-kode od truzzer. \u0141atwa konfiguracja, gotowe do u\u017cycia. Zam\u00f3w teraz!","og_url":"https:\/\/www.truzzer.com\/pl\/produkt\/instagram-tiktok-starter-visittkort-qr-kode\/","og_site_name":"truzzer","article_modified_time":"2026-02-13T10:35:14+00:00","og_image":[{"width":1200,"height":1200,"url":"https:\/\/www.truzzer.com\/wp-content\/uploads\/2026\/02\/tik-insta-3.jpg","type":"image\/jpeg"}],"twitter_card":"summary_large_image","schema":{"@context":"https:\/\/schema.org","@graph":[{"@type":"WebPage","@id":"https:\/\/www.truzzer.com\/pl\/produkt\/instagram-tiktok-starter-visittkort-qr-kode\/","url":"https:\/\/www.truzzer.com\/pl\/produkt\/instagram-tiktok-starter-visittkort-qr-kode\/","name":"Instagram & TikTok Starter Visittkort \u2013 QR-kode | truzzer","isPartOf":{"@id":"https:\/\/www.truzzer.com\/pl\/#website"},"primaryImageOfPage":{"@id":"https:\/\/www.truzzer.com\/pl\/produkt\/instagram-tiktok-starter-visittkort-qr-kode\/#primaryimage"},"image":{"@id":"https:\/\/www.truzzer.com\/pl\/produkt\/instagram-tiktok-starter-visittkort-qr-kode\/#primaryimage"},"thumbnailUrl":"https:\/\/www.truzzer.com\/wp-content\/uploads\/2026\/02\/tik-insta-3.jpg","datePublished":"2026-02-11T10:12:12+00:00","dateModified":"2026-02-13T10:35:14+00:00","description":"Wi\u0119cej obserwuj\u0105cych na Instagramie z Instagram & TikTok Starter Visittkort \u2013 QR-kode od truzzer. \u0141atwa konfiguracja, gotowe do u\u017cycia. Zam\u00f3w teraz!","breadcrumb":{"@id":"https:\/\/www.truzzer.com\/pl\/produkt\/instagram-tiktok-starter-visittkort-qr-kode\/#breadcrumb"},"inLanguage":"pl-PL","potentialAction":[{"@type":"ReadAction","target":["https:\/\/www.truzzer.com\/pl\/produkt\/instagram-tiktok-starter-visittkort-qr-kode\/"]}]},{"@type":"ImageObject","inLanguage":"pl-PL","@id":"https:\/\/www.truzzer.com\/pl\/produkt\/instagram-tiktok-starter-visittkort-qr-kode\/#primaryimage","url":"https:\/\/www.truzzer.com\/wp-content\/uploads\/2026\/02\/tik-insta-3.jpg","contentUrl":"https:\/\/www.truzzer.com\/wp-content\/uploads\/2026\/02\/tik-insta-3.jpg","width":1200,"height":1200},{"@type":"BreadcrumbList","@id":"https:\/\/www.truzzer.com\/pl\/produkt\/instagram-tiktok-starter-visittkort-qr-kode\/#breadcrumb","itemListElement":[{"@type":"ListItem","position":1,"name":"Home","item":"https:\/\/www.truzzer.com\/pl\/"},{"@type":"ListItem","position":2,"name":"Sklep","item":"https:\/\/www.truzzer.com\/pl\/sklep\/"},{"@type":"ListItem","position":3,"name":"Instagram &amp; Wizyt\u00f3wka startowa TikTok &#8211; Kod QR"}]},{"@type":"WebSite","@id":"https:\/\/www.truzzer.com\/pl\/#website","url":"https:\/\/www.truzzer.com\/pl\/","name":"truzzer","description":"Experts for customer trust","publisher":{"@id":"https:\/\/www.truzzer.com\/pl\/#organization"},"potentialAction":[{"@type":"SearchAction","target":{"@type":"EntryPoint","urlTemplate":"https:\/\/www.truzzer.com\/pl\/?s={search_term_string}"},"query-input":{"@type":"PropertyValueSpecification","valueRequired":true,"valueName":"search_term_string"}}],"inLanguage":"pl-PL"},{"@type":"Organization","@id":"https:\/\/www.truzzer.com\/pl\/#organization","name":"truzzer","url":"https:\/\/www.truzzer.com\/pl\/","logo":{"@type":"ImageObject","inLanguage":"pl-PL","@id":"https:\/\/www.truzzer.com\/pl\/#\/schema\/logo\/image\/","url":"https:\/\/truzzer.com\/wp-content\/uploads\/2026\/01\/truzzer-logo-black-1.svg","contentUrl":"https:\/\/truzzer.com\/wp-content\/uploads\/2026\/01\/truzzer-logo-black-1.svg","width":938,"height":199,"caption":"truzzer"},"image":{"@id":"https:\/\/www.truzzer.com\/pl\/#\/schema\/logo\/image\/"}}]}},"tiered_pricing_type":"fixed","tiered_pricing_fixed_rules":[],"tiered_pricing_product_settings":{"layout":"default","base_unit_name":{"singular":null,"plural":null},"default_variation":null},"tiered_pricing_minimum_quantity":null,"tiered_pricing_roles_data":[],"tiered_pricing_percentage_rules":[],"tiered_pricing_maximum_quantity":null,"tiered_pricing_quantity_step":null,"_links":{"self":[{"href":"https:\/\/www.truzzer.com\/pl\/wp-json\/wp\/v2\/product\/102243","targetHints":{"allow":["GET"]}}],"collection":[{"href":"https:\/\/www.truzzer.com\/pl\/wp-json\/wp\/v2\/product"}],"about":[{"href":"https:\/\/www.truzzer.com\/pl\/wp-json\/wp\/v2\/types\/product"}],"replies":[{"embeddable":true,"href":"https:\/\/www.truzzer.com\/pl\/wp-json\/wp\/v2\/comments?post=102243"}],"wp:featuredmedia":[{"embeddable":true,"href":"https:\/\/www.truzzer.com\/pl\/wp-json\/wp\/v2\/media\/102244"}],"wp:attachment":[{"href":"https:\/\/www.truzzer.com\/pl\/wp-json\/wp\/v2\/media?parent=102243"}],"wp:term":[{"taxonomy":"product_brand","embeddable":true,"href":"https:\/\/www.truzzer.com\/pl\/wp-json\/wp\/v2\/product_brand?post=102243"},{"taxonomy":"product_cat","embeddable":true,"href":"https:\/\/www.truzzer.com\/pl\/wp-json\/wp\/v2\/product_cat?post=102243"},{"taxonomy":"product_tag","embeddable":true,"href":"https:\/\/www.truzzer.com\/pl\/wp-json\/wp\/v2\/product_tag?post=102243"}],"curies":[{"name":"wp","href":"https:\/\/api.w.org\/{rel}","templated":true}]}}