{"id":102275,"date":"2026-02-11T10:11:58","date_gmt":"2026-02-11T10:11:58","guid":{"rendered":"https:\/\/beta.truzzer.com\/product\/google-whatsapp-starter-visitt-card-qr-kode\/"},"modified":"2026-02-13T10:36:35","modified_gmt":"2026-02-13T10:36:35","slug":"google-whatsapp-starter-visitt-card-qr-kode","status":"publish","type":"product","link":"https:\/\/www.truzzer.com\/pl\/produkt\/google-whatsapp-starter-visitt-card-qr-kode\/","title":{"rendered":"Google &amp; Wizyt\u00f3wka startowa WhatsApp &#8211; Kod QR"},"content":{"rendered":"<p>\nZ Google &amp; Wizyt\u00f3wka startowa WhatsApp, \u0142\u0105czysz zaufanie i bezpo\u015bredni\u0105 komunikacj\u0119.<br \/>\nZ przodu klienci mog\u0105 zostawi\u0107 recenzj\u0119 Google; z ty\u0142u, mog\u0105 skontaktowa\u0107 si\u0119 z Tob\u0105 bezpo\u015brednio poprzez WhatsApp.\n<\/p>\n<p>\nIdealny dla firm zorientowanych na us\u0142ugi, kt\u00f3re chc\u0105 zwi\u0119kszy\u0107 liczb\u0119 recenzji, a jednocze\u015bnie umo\u017cliwi\u0107 szybki kontakt z klientem.\n<\/p>\n<p>\nPo prostu skanuj \u2014 bez pisania i bez barier aplikacji.<\/p>\n","protected":false},"excerpt":{"rendered":"<h2>\n  <img decoding=\"async\" class=\"alignnone size-full wp-image-56732\" src=\"https:\/\/truzzer.com\/wp-content\/uploads\/2026\/02\/qrscan-ezgif.com-video-to-webp-converter-1.webp\" alt=\"\" szeroko\u015b\u0107=\"150\" wysoko\u015b\u0107=\"150\" \/><br \/>\n<\/h2>\n<p>Dwustronna wizyt\u00f3wka startowa:<\/p>\n<p><strong>Idealny dla us\u0142ugodawc\u00f3w, rzemie\u015blnik\u00f3w, hotelarzy, konsultant\u00f3w &amp; firmy oparte na us\u0142ugach.<\/strong><\/p>\n<p><strong>Najwa\u017cniejsze informacje:<\/strong><\/p>\n<ul>\n<li>Prz\u00f3d: recenzja Google za pomoc\u0105 kodu QR<\/li>\n<li>Wstecz: kontakt WhatsApp za pomoc\u0105 kodu QR<\/li>\n<li>Dwustronny, uk\u0142ad pionowy<\/li>\n<li>Klasyczny format wizyt\u00f3wki<\/li>\n<li>Odpowiedni dla ka\u017cdego u\u017cytkownika smartfona<\/li>\n<\/ul>\n","protected":false},"featured_media":102808,"comment_status":"open","ping_status":"closed","template":"","meta":{"_acf_changed":false,"_yoast_wpseo_focuskw":"Google WhatsApp Wizyt\u00f3wka","_yoast_wpseo_title":"Google & WhatsApp Starter Visitt Card \u2013 QR-kode | truzzer","_yoast_wpseo_metadesc":"Po\u0142\u0105cz si\u0119 przez WhatsApp z Google & WhatsApp Starter Visitt Card \u2013 QR-kode od truzzer. \u0141atwa konfiguracja, gotowe do u\u017cycia. Zam\u00f3w teraz!"},"product_brand":[1652,1707],"product_cat":[931,948,949,518,608,779,815,816],"product_tag":[],"class_list":{"0":"post-102275","1":"product","2":"type-product","3":"status-publish","4":"has-post-thumbnail","6":"product_brand-google","7":"product_brand-whatsapp","8":"product_cat-czat-whatsapp-produkty","9":"product_cat-czat-whatsapp-wizytowki","10":"product_cat-czat-whatsapp-wizytowki-z-kodem-qr","11":"product_cat-kod-qr-produkty","12":"product_cat-kod-qr-wizytowki","13":"product_cat-opinia-google-produkty","14":"product_cat-opinia-google-wizytowki","15":"product_cat-opinia-google-wizytowki-z-kodem-qr","16":"pa_material-karton","17":"pa_orientation-portrett","18":"pa_placement-bon","19":"pa_placement-broszura","20":"pa_placement-lommebok-personlig","21":"pa_placement-portemonnee-personlijk","22":"pa_product-type-odwiedzekaartjes","23":"pa_shape-rechthoek","24":"pa_technology-kod-qr","26":"first","27":"instock","28":"taxable","29":"shipping-taxable","30":"purchasable","31":"product-type-simple"},"acf":[],"yoast_head":"<!-- This site is optimized with the Yoast SEO plugin v27.0 - https:\/\/yoast.com\/product\/yoast-seo-wordpress\/ -->\n<title>Google &amp; WhatsApp Starter Visitt Card \u2013 QR-kode | truzzer<\/title>\n<meta name=\"description\" content=\"Po\u0142\u0105cz si\u0119 przez WhatsApp z Google &amp; WhatsApp Starter Visitt Card \u2013 QR-kode od truzzer. \u0141atwa konfiguracja, gotowe do u\u017cycia. Zam\u00f3w teraz!\" \/>\n<meta name=\"robots\" content=\"index, follow, max-snippet:-1, max-image-preview:large, max-video-preview:-1\" \/>\n<link rel=\"canonical\" href=\"https:\/\/www.truzzer.com\/pl\/produkt\/google-whatsapp-starter-visitt-card-qr-kode\/\" \/>\n<meta property=\"og:locale\" content=\"pl_PL\" \/>\n<meta property=\"og:type\" content=\"article\" \/>\n<meta property=\"og:title\" content=\"Google &amp; WhatsApp Starter Visitt Card \u2013 QR-kode | truzzer\" \/>\n<meta property=\"og:description\" content=\"Po\u0142\u0105cz si\u0119 przez WhatsApp z Google &amp; WhatsApp Starter Visitt Card \u2013 QR-kode od truzzer. \u0141atwa konfiguracja, gotowe do u\u017cycia. Zam\u00f3w teraz!\" \/>\n<meta property=\"og:url\" content=\"https:\/\/www.truzzer.com\/pl\/produkt\/google-whatsapp-starter-visitt-card-qr-kode\/\" \/>\n<meta property=\"og:site_name\" content=\"truzzer\" \/>\n<meta property=\"article:modified_time\" content=\"2026-02-13T10:36:35+00:00\" \/>\n<meta property=\"og:image\" content=\"https:\/\/www.truzzer.com\/wp-content\/uploads\/2026\/02\/gogle-whats-app-3-en.jpg\" \/>\n\t<meta property=\"og:image:width\" content=\"1024\" \/>\n\t<meta property=\"og:image:height\" content=\"1024\" \/>\n\t<meta property=\"og:image:type\" content=\"image\/jpeg\" \/>\n<meta name=\"twitter:card\" content=\"summary_large_image\" \/>\n<script type=\"application\/ld+json\" class=\"yoast-schema-graph\">{\"@context\":\"https:\/\/schema.org\",\"@graph\":[{\"@type\":\"WebPage\",\"@id\":\"https:\/\/www.truzzer.com\/pl\/produkt\/google-whatsapp-starter-visitt-card-qr-kode\/\",\"url\":\"https:\/\/www.truzzer.com\/pl\/produkt\/google-whatsapp-starter-visitt-card-qr-kode\/\",\"name\":\"Google & WhatsApp Starter Visitt Card \u2013 QR-kode | truzzer\",\"isPartOf\":{\"@id\":\"https:\/\/www.truzzer.com\/pl\/#website\"},\"primaryImageOfPage\":{\"@id\":\"https:\/\/www.truzzer.com\/pl\/produkt\/google-whatsapp-starter-visitt-card-qr-kode\/#primaryimage\"},\"image\":{\"@id\":\"https:\/\/www.truzzer.com\/pl\/produkt\/google-whatsapp-starter-visitt-card-qr-kode\/#primaryimage\"},\"thumbnailUrl\":\"https:\/\/www.truzzer.com\/wp-content\/uploads\/2026\/02\/gogle-whats-app-3-en.jpg\",\"datePublished\":\"2026-02-11T10:11:58+00:00\",\"dateModified\":\"2026-02-13T10:36:35+00:00\",\"description\":\"Po\u0142\u0105cz si\u0119 przez WhatsApp z Google & WhatsApp Starter Visitt Card \u2013 QR-kode od truzzer. \u0141atwa konfiguracja, gotowe do u\u017cycia. Zam\u00f3w teraz!\",\"breadcrumb\":{\"@id\":\"https:\/\/www.truzzer.com\/pl\/produkt\/google-whatsapp-starter-visitt-card-qr-kode\/#breadcrumb\"},\"inLanguage\":\"pl-PL\",\"potentialAction\":[{\"@type\":\"ReadAction\",\"target\":[\"https:\/\/www.truzzer.com\/pl\/produkt\/google-whatsapp-starter-visitt-card-qr-kode\/\"]}]},{\"@type\":\"ImageObject\",\"inLanguage\":\"pl-PL\",\"@id\":\"https:\/\/www.truzzer.com\/pl\/produkt\/google-whatsapp-starter-visitt-card-qr-kode\/#primaryimage\",\"url\":\"https:\/\/www.truzzer.com\/wp-content\/uploads\/2026\/02\/gogle-whats-app-3-en.jpg\",\"contentUrl\":\"https:\/\/www.truzzer.com\/wp-content\/uploads\/2026\/02\/gogle-whats-app-3-en.jpg\",\"width\":1024,\"height\":1024},{\"@type\":\"BreadcrumbList\",\"@id\":\"https:\/\/www.truzzer.com\/pl\/produkt\/google-whatsapp-starter-visitt-card-qr-kode\/#breadcrumb\",\"itemListElement\":[{\"@type\":\"ListItem\",\"position\":1,\"name\":\"Home\",\"item\":\"https:\/\/www.truzzer.com\/pl\/\"},{\"@type\":\"ListItem\",\"position\":2,\"name\":\"Sklep\",\"item\":\"https:\/\/www.truzzer.com\/pl\/sklep\/\"},{\"@type\":\"ListItem\",\"position\":3,\"name\":\"Google &amp; Wizyt\u00f3wka startowa WhatsApp &#8211; Kod QR\"}]},{\"@type\":\"WebSite\",\"@id\":\"https:\/\/www.truzzer.com\/pl\/#website\",\"url\":\"https:\/\/www.truzzer.com\/pl\/\",\"name\":\"truzzer\",\"description\":\"Experts for customer trust\",\"publisher\":{\"@id\":\"https:\/\/www.truzzer.com\/pl\/#organization\"},\"potentialAction\":[{\"@type\":\"SearchAction\",\"target\":{\"@type\":\"EntryPoint\",\"urlTemplate\":\"https:\/\/www.truzzer.com\/pl\/?s={search_term_string}\"},\"query-input\":{\"@type\":\"PropertyValueSpecification\",\"valueRequired\":true,\"valueName\":\"search_term_string\"}}],\"inLanguage\":\"pl-PL\"},{\"@type\":\"Organization\",\"@id\":\"https:\/\/www.truzzer.com\/pl\/#organization\",\"name\":\"truzzer\",\"url\":\"https:\/\/www.truzzer.com\/pl\/\",\"logo\":{\"@type\":\"ImageObject\",\"inLanguage\":\"pl-PL\",\"@id\":\"https:\/\/www.truzzer.com\/pl\/#\/schema\/logo\/image\/\",\"url\":\"https:\/\/truzzer.com\/wp-content\/uploads\/2026\/01\/truzzer-logo-black-1.svg\",\"contentUrl\":\"https:\/\/truzzer.com\/wp-content\/uploads\/2026\/01\/truzzer-logo-black-1.svg\",\"width\":938,\"height\":199,\"caption\":\"truzzer\"},\"image\":{\"@id\":\"https:\/\/www.truzzer.com\/pl\/#\/schema\/logo\/image\/\"}}]}<\/script>\n<!-- \/ Yoast SEO plugin. -->","yoast_head_json":{"title":"Google & WhatsApp Starter Visitt Card \u2013 QR-kode | truzzer","description":"Po\u0142\u0105cz si\u0119 przez WhatsApp z Google & WhatsApp Starter Visitt Card \u2013 QR-kode od truzzer. \u0141atwa konfiguracja, gotowe do u\u017cycia. Zam\u00f3w teraz!","robots":{"index":"index","follow":"follow","max-snippet":"max-snippet:-1","max-image-preview":"max-image-preview:large","max-video-preview":"max-video-preview:-1"},"canonical":"https:\/\/www.truzzer.com\/pl\/produkt\/google-whatsapp-starter-visitt-card-qr-kode\/","og_locale":"pl_PL","og_type":"article","og_title":"Google & WhatsApp Starter Visitt Card \u2013 QR-kode | truzzer","og_description":"Po\u0142\u0105cz si\u0119 przez WhatsApp z Google & WhatsApp Starter Visitt Card \u2013 QR-kode od truzzer. \u0141atwa konfiguracja, gotowe do u\u017cycia. Zam\u00f3w teraz!","og_url":"https:\/\/www.truzzer.com\/pl\/produkt\/google-whatsapp-starter-visitt-card-qr-kode\/","og_site_name":"truzzer","article_modified_time":"2026-02-13T10:36:35+00:00","og_image":[{"width":1024,"height":1024,"url":"https:\/\/www.truzzer.com\/wp-content\/uploads\/2026\/02\/gogle-whats-app-3-en.jpg","type":"image\/jpeg"}],"twitter_card":"summary_large_image","schema":{"@context":"https:\/\/schema.org","@graph":[{"@type":"WebPage","@id":"https:\/\/www.truzzer.com\/pl\/produkt\/google-whatsapp-starter-visitt-card-qr-kode\/","url":"https:\/\/www.truzzer.com\/pl\/produkt\/google-whatsapp-starter-visitt-card-qr-kode\/","name":"Google & WhatsApp Starter Visitt Card \u2013 QR-kode | truzzer","isPartOf":{"@id":"https:\/\/www.truzzer.com\/pl\/#website"},"primaryImageOfPage":{"@id":"https:\/\/www.truzzer.com\/pl\/produkt\/google-whatsapp-starter-visitt-card-qr-kode\/#primaryimage"},"image":{"@id":"https:\/\/www.truzzer.com\/pl\/produkt\/google-whatsapp-starter-visitt-card-qr-kode\/#primaryimage"},"thumbnailUrl":"https:\/\/www.truzzer.com\/wp-content\/uploads\/2026\/02\/gogle-whats-app-3-en.jpg","datePublished":"2026-02-11T10:11:58+00:00","dateModified":"2026-02-13T10:36:35+00:00","description":"Po\u0142\u0105cz si\u0119 przez WhatsApp z Google & WhatsApp Starter Visitt Card \u2013 QR-kode od truzzer. \u0141atwa konfiguracja, gotowe do u\u017cycia. Zam\u00f3w teraz!","breadcrumb":{"@id":"https:\/\/www.truzzer.com\/pl\/produkt\/google-whatsapp-starter-visitt-card-qr-kode\/#breadcrumb"},"inLanguage":"pl-PL","potentialAction":[{"@type":"ReadAction","target":["https:\/\/www.truzzer.com\/pl\/produkt\/google-whatsapp-starter-visitt-card-qr-kode\/"]}]},{"@type":"ImageObject","inLanguage":"pl-PL","@id":"https:\/\/www.truzzer.com\/pl\/produkt\/google-whatsapp-starter-visitt-card-qr-kode\/#primaryimage","url":"https:\/\/www.truzzer.com\/wp-content\/uploads\/2026\/02\/gogle-whats-app-3-en.jpg","contentUrl":"https:\/\/www.truzzer.com\/wp-content\/uploads\/2026\/02\/gogle-whats-app-3-en.jpg","width":1024,"height":1024},{"@type":"BreadcrumbList","@id":"https:\/\/www.truzzer.com\/pl\/produkt\/google-whatsapp-starter-visitt-card-qr-kode\/#breadcrumb","itemListElement":[{"@type":"ListItem","position":1,"name":"Home","item":"https:\/\/www.truzzer.com\/pl\/"},{"@type":"ListItem","position":2,"name":"Sklep","item":"https:\/\/www.truzzer.com\/pl\/sklep\/"},{"@type":"ListItem","position":3,"name":"Google &amp; Wizyt\u00f3wka startowa WhatsApp &#8211; Kod QR"}]},{"@type":"WebSite","@id":"https:\/\/www.truzzer.com\/pl\/#website","url":"https:\/\/www.truzzer.com\/pl\/","name":"truzzer","description":"Experts for customer trust","publisher":{"@id":"https:\/\/www.truzzer.com\/pl\/#organization"},"potentialAction":[{"@type":"SearchAction","target":{"@type":"EntryPoint","urlTemplate":"https:\/\/www.truzzer.com\/pl\/?s={search_term_string}"},"query-input":{"@type":"PropertyValueSpecification","valueRequired":true,"valueName":"search_term_string"}}],"inLanguage":"pl-PL"},{"@type":"Organization","@id":"https:\/\/www.truzzer.com\/pl\/#organization","name":"truzzer","url":"https:\/\/www.truzzer.com\/pl\/","logo":{"@type":"ImageObject","inLanguage":"pl-PL","@id":"https:\/\/www.truzzer.com\/pl\/#\/schema\/logo\/image\/","url":"https:\/\/truzzer.com\/wp-content\/uploads\/2026\/01\/truzzer-logo-black-1.svg","contentUrl":"https:\/\/truzzer.com\/wp-content\/uploads\/2026\/01\/truzzer-logo-black-1.svg","width":938,"height":199,"caption":"truzzer"},"image":{"@id":"https:\/\/www.truzzer.com\/pl\/#\/schema\/logo\/image\/"}}]}},"tiered_pricing_type":"fixed","tiered_pricing_fixed_rules":[],"tiered_pricing_product_settings":{"layout":"default","base_unit_name":{"singular":null,"plural":null},"default_variation":null},"tiered_pricing_minimum_quantity":null,"tiered_pricing_roles_data":[],"tiered_pricing_percentage_rules":[],"tiered_pricing_maximum_quantity":null,"tiered_pricing_quantity_step":null,"_links":{"self":[{"href":"https:\/\/www.truzzer.com\/pl\/wp-json\/wp\/v2\/product\/102275","targetHints":{"allow":["GET"]}}],"collection":[{"href":"https:\/\/www.truzzer.com\/pl\/wp-json\/wp\/v2\/product"}],"about":[{"href":"https:\/\/www.truzzer.com\/pl\/wp-json\/wp\/v2\/types\/product"}],"replies":[{"embeddable":true,"href":"https:\/\/www.truzzer.com\/pl\/wp-json\/wp\/v2\/comments?post=102275"}],"wp:featuredmedia":[{"embeddable":true,"href":"https:\/\/www.truzzer.com\/pl\/wp-json\/wp\/v2\/media\/102808"}],"wp:attachment":[{"href":"https:\/\/www.truzzer.com\/pl\/wp-json\/wp\/v2\/media?parent=102275"}],"wp:term":[{"taxonomy":"product_brand","embeddable":true,"href":"https:\/\/www.truzzer.com\/pl\/wp-json\/wp\/v2\/product_brand?post=102275"},{"taxonomy":"product_cat","embeddable":true,"href":"https:\/\/www.truzzer.com\/pl\/wp-json\/wp\/v2\/product_cat?post=102275"},{"taxonomy":"product_tag","embeddable":true,"href":"https:\/\/www.truzzer.com\/pl\/wp-json\/wp\/v2\/product_tag?post=102275"}],"curies":[{"name":"wp","href":"https:\/\/api.w.org\/{rel}","templated":true}]}}