{"id":102422,"date":"2026-02-11T10:13:03","date_gmt":"2026-02-11T10:13:03","guid":{"rendered":"https:\/\/beta.truzzer.com\/product\/instagram-follower-qr-code-sticker-label-roll\/"},"modified":"2026-02-13T10:28:58","modified_gmt":"2026-02-13T10:28:58","slug":"instagram-follower-qr-code-sticker-label-roll","status":"publish","type":"product","link":"https:\/\/www.truzzer.com\/pl\/produkt\/instagram-follower-qr-code-sticker-label-roll\/","title":{"rendered":"Instagram Obserwator QR Rolka z etykiet\u0105 samoprzylepn\u0105 z kodem"},"content":{"rendered":"<p>\nDzi\u0119ki <strong>rolce etykiet z naklejkami z kodem Instagram Follower QR<\/strong> u\u0142atwiasz klientom i fanom \u015bledzenie Ci\u0119 na Instagram.<br \/>\nKa\u017cda naklejka zawiera indywidualny kod QR, kt\u00f3ry \u0142\u0105czy si\u0119 bezpo\u015brednio z Twoim profilem Instagram.<br \/>\nPomo\u017ce Ci to zdoby\u0107 wi\u0119cej obserwuj\u0105cych, zwi\u0119kszy\u0107 zasi\u0119g i wzmocni\u0107 spo\u0142eczno\u015b\u0107.\n<\/p>\n<p>\nEtykiety s\u0105 bardzo wszechstronne \u2014 idealne do <strong>pude\u0142ek wysy\u0142kowych, opakowa\u0144, faktur, lad sklepowych lub wydarze\u0144<\/strong>.<br \/>\nPo prostu odklej je, przyklej i umie\u015b\u0107 w widocznym miejscu \u2014 a Twoi klienci b\u0119d\u0105 mogli Ci\u0119 znale\u017a\u0107 i \u015bledzi\u0107 na Instagram dzi\u0119ki szybkiemu skanowaniu.\n<\/p>\n<p><strong>Korzy\u015bci:<\/strong><\/p>\n<ul>\n<li>Natychmiast uzyskaj wi\u0119kszy zasi\u0119g i obserwuj\u0105cych Instagram<\/li>\n<li>Idealny dla sprzedawc\u00f3w detalicznych, restauracji, firm us\u0142ugowych &amp; wydarzenia<\/li>\n<li>Nadaje si\u0119 do wszystkich g\u0142adkich powierzchni<\/li>\n<li>Wyprodukowano w Niemczech, najwy\u017csza jako\u015b\u0107 druku<\/li>\n<li>Dost\u0119pne w trzech praktycznych rozmiarach<\/li>\n<\/ul>\n<p>\nDzi\u0119ki <strong>Etykietom kodowym Instagram Follower QR<\/strong> \u0142\u0105czysz sw\u00f3j \u015bwiat offline ze spo\u0142eczno\u015bci\u0105 online \u2014 prosto, nowocze\u015bnie i efektywnie.<\/p>\n","protected":false},"excerpt":{"rendered":"<h2>Instagram Obserwator QR Etykieta z naklejk\u0105 z kodem \u2013 wi\u0119kszy zasi\u0119g dzi\u0119ki naklejkom<\/h2>\n<p>Idealny do: pude\u0142 wysy\u0142kowych, opakowa\u0144, faktur, sklep\u00f3w detalicznych, wydarze\u0144.<\/p>\n<ul>\n<li>Nadaje si\u0119 do ka\u017cdej g\u0142adkiej powierzchni<\/li>\n<li>Przenosi klient\u00f3w bezpo\u015brednio do Twojego profilu Instagram<\/li>\n<li>Wystarczy zeskanowa\u0107 &amp; pod\u0105\u017caj<\/li>\n<li>Skrojone na miar\u0119 dla Ciebie<\/li>\n<li>Dost\u0119pne w trzech rozmiarach<\/li>\n<\/ul>\n","protected":false},"featured_media":102423,"comment_status":"open","ping_status":"closed","template":"","meta":{"_acf_changed":false,"_yoast_wpseo_focuskw":"Instagram kod QR Rolka naklejek","_yoast_wpseo_title":"Instagram Follower QR Code Sticker Label Roll | truzzer","_yoast_wpseo_metadesc":"Wi\u0119cej obserwuj\u0105cych na Instagramie z Instagram Follower QR Code Sticker Label Roll od truzzer. \u0141atwa konfiguracja, gotowe do u\u017cycia. Zam\u00f3w teraz!"},"product_brand":[1663],"product_cat":[519,1227,843,844,829],"product_tag":[],"class_list":{"0":"post-102422","1":"product","2":"type-product","3":"status-publish","4":"has-post-thumbnail","6":"product_brand-instagram","7":"product_cat-kod-qr-naklejki","8":"product_cat-kod-qr-rolki-naklejek","9":"product_cat-obserwujacy-instagram-naklejki","10":"product_cat-obserwujacy-instagram-naklejki-z-kodem-qr","11":"product_cat-obserwujacy-instagram-produkty","12":"pa_material-vinyl","13":"pa_product-type-naklejka","14":"pa_product-type-sticker-roll","15":"pa_shape-ronda","16":"pa_technology-kod-qr","18":"first","19":"instock","20":"taxable","21":"shipping-taxable","22":"purchasable","23":"product-type-variable","24":"has-default-attributes"},"acf":[],"yoast_head":"<!-- This site is optimized with the Yoast SEO plugin v27.0 - https:\/\/yoast.com\/product\/yoast-seo-wordpress\/ -->\n<title>Instagram Follower QR Code Sticker Label Roll | truzzer<\/title>\n<meta name=\"description\" content=\"Wi\u0119cej obserwuj\u0105cych na Instagramie z Instagram Follower QR Code Sticker Label Roll od truzzer. \u0141atwa konfiguracja, gotowe do u\u017cycia. Zam\u00f3w teraz!\" \/>\n<meta name=\"robots\" content=\"index, follow, max-snippet:-1, max-image-preview:large, max-video-preview:-1\" \/>\n<link rel=\"canonical\" href=\"https:\/\/www.truzzer.com\/pl\/produkt\/instagram-follower-qr-code-sticker-label-roll\/\" \/>\n<meta property=\"og:locale\" content=\"pl_PL\" \/>\n<meta property=\"og:type\" content=\"article\" \/>\n<meta property=\"og:title\" content=\"Instagram Follower QR Code Sticker Label Roll | truzzer\" \/>\n<meta property=\"og:description\" content=\"Wi\u0119cej obserwuj\u0105cych na Instagramie z Instagram Follower QR Code Sticker Label Roll od truzzer. \u0141atwa konfiguracja, gotowe do u\u017cycia. Zam\u00f3w teraz!\" \/>\n<meta property=\"og:url\" content=\"https:\/\/www.truzzer.com\/pl\/produkt\/instagram-follower-qr-code-sticker-label-roll\/\" \/>\n<meta property=\"og:site_name\" content=\"truzzer\" \/>\n<meta property=\"article:modified_time\" content=\"2026-02-13T10:28:58+00:00\" \/>\n<meta property=\"og:image\" content=\"https:\/\/www.truzzer.com\/wp-content\/uploads\/2026\/02\/instagram-sticker-roll-3-phone-2.jpg\" \/>\n\t<meta property=\"og:image:width\" content=\"1200\" \/>\n\t<meta property=\"og:image:height\" content=\"1200\" \/>\n\t<meta property=\"og:image:type\" content=\"image\/jpeg\" \/>\n<meta name=\"twitter:card\" content=\"summary_large_image\" \/>\n<meta name=\"twitter:label1\" content=\"Szacowany czas czytania\" \/>\n\t<meta name=\"twitter:data1\" content=\"1 minuta\" \/>\n<script type=\"application\/ld+json\" class=\"yoast-schema-graph\">{\"@context\":\"https:\/\/schema.org\",\"@graph\":[{\"@type\":\"WebPage\",\"@id\":\"https:\/\/www.truzzer.com\/pl\/produkt\/instagram-follower-qr-code-sticker-label-roll\/\",\"url\":\"https:\/\/www.truzzer.com\/pl\/produkt\/instagram-follower-qr-code-sticker-label-roll\/\",\"name\":\"Instagram Follower QR Code Sticker Label Roll | truzzer\",\"isPartOf\":{\"@id\":\"https:\/\/www.truzzer.com\/pl\/#website\"},\"primaryImageOfPage\":{\"@id\":\"https:\/\/www.truzzer.com\/pl\/produkt\/instagram-follower-qr-code-sticker-label-roll\/#primaryimage\"},\"image\":{\"@id\":\"https:\/\/www.truzzer.com\/pl\/produkt\/instagram-follower-qr-code-sticker-label-roll\/#primaryimage\"},\"thumbnailUrl\":\"https:\/\/www.truzzer.com\/wp-content\/uploads\/2026\/02\/instagram-sticker-roll-3-phone-2.jpg\",\"datePublished\":\"2026-02-11T10:13:03+00:00\",\"dateModified\":\"2026-02-13T10:28:58+00:00\",\"description\":\"Wi\u0119cej obserwuj\u0105cych na Instagramie z Instagram Follower QR Code Sticker Label Roll od truzzer. \u0141atwa konfiguracja, gotowe do u\u017cycia. Zam\u00f3w teraz!\",\"breadcrumb\":{\"@id\":\"https:\/\/www.truzzer.com\/pl\/produkt\/instagram-follower-qr-code-sticker-label-roll\/#breadcrumb\"},\"inLanguage\":\"pl-PL\",\"potentialAction\":[{\"@type\":\"ReadAction\",\"target\":[\"https:\/\/www.truzzer.com\/pl\/produkt\/instagram-follower-qr-code-sticker-label-roll\/\"]}]},{\"@type\":\"ImageObject\",\"inLanguage\":\"pl-PL\",\"@id\":\"https:\/\/www.truzzer.com\/pl\/produkt\/instagram-follower-qr-code-sticker-label-roll\/#primaryimage\",\"url\":\"https:\/\/www.truzzer.com\/wp-content\/uploads\/2026\/02\/instagram-sticker-roll-3-phone-2.jpg\",\"contentUrl\":\"https:\/\/www.truzzer.com\/wp-content\/uploads\/2026\/02\/instagram-sticker-roll-3-phone-2.jpg\",\"width\":1200,\"height\":1200},{\"@type\":\"BreadcrumbList\",\"@id\":\"https:\/\/www.truzzer.com\/pl\/produkt\/instagram-follower-qr-code-sticker-label-roll\/#breadcrumb\",\"itemListElement\":[{\"@type\":\"ListItem\",\"position\":1,\"name\":\"Home\",\"item\":\"https:\/\/www.truzzer.com\/pl\/\"},{\"@type\":\"ListItem\",\"position\":2,\"name\":\"Sklep\",\"item\":\"https:\/\/www.truzzer.com\/pl\/sklep\/\"},{\"@type\":\"ListItem\",\"position\":3,\"name\":\"Instagram Obserwator QR Rolka z etykiet\u0105 samoprzylepn\u0105 z kodem\"}]},{\"@type\":\"WebSite\",\"@id\":\"https:\/\/www.truzzer.com\/pl\/#website\",\"url\":\"https:\/\/www.truzzer.com\/pl\/\",\"name\":\"truzzer\",\"description\":\"Experts for customer trust\",\"publisher\":{\"@id\":\"https:\/\/www.truzzer.com\/pl\/#organization\"},\"potentialAction\":[{\"@type\":\"SearchAction\",\"target\":{\"@type\":\"EntryPoint\",\"urlTemplate\":\"https:\/\/www.truzzer.com\/pl\/?s={search_term_string}\"},\"query-input\":{\"@type\":\"PropertyValueSpecification\",\"valueRequired\":true,\"valueName\":\"search_term_string\"}}],\"inLanguage\":\"pl-PL\"},{\"@type\":\"Organization\",\"@id\":\"https:\/\/www.truzzer.com\/pl\/#organization\",\"name\":\"truzzer\",\"url\":\"https:\/\/www.truzzer.com\/pl\/\",\"logo\":{\"@type\":\"ImageObject\",\"inLanguage\":\"pl-PL\",\"@id\":\"https:\/\/www.truzzer.com\/pl\/#\/schema\/logo\/image\/\",\"url\":\"https:\/\/truzzer.com\/wp-content\/uploads\/2026\/01\/truzzer-logo-black-1.svg\",\"contentUrl\":\"https:\/\/truzzer.com\/wp-content\/uploads\/2026\/01\/truzzer-logo-black-1.svg\",\"width\":938,\"height\":199,\"caption\":\"truzzer\"},\"image\":{\"@id\":\"https:\/\/www.truzzer.com\/pl\/#\/schema\/logo\/image\/\"}}]}<\/script>\n<!-- \/ Yoast SEO plugin. -->","yoast_head_json":{"title":"Instagram Follower QR Code Sticker Label Roll | truzzer","description":"Wi\u0119cej obserwuj\u0105cych na Instagramie z Instagram Follower QR Code Sticker Label Roll od truzzer. \u0141atwa konfiguracja, gotowe do u\u017cycia. Zam\u00f3w teraz!","robots":{"index":"index","follow":"follow","max-snippet":"max-snippet:-1","max-image-preview":"max-image-preview:large","max-video-preview":"max-video-preview:-1"},"canonical":"https:\/\/www.truzzer.com\/pl\/produkt\/instagram-follower-qr-code-sticker-label-roll\/","og_locale":"pl_PL","og_type":"article","og_title":"Instagram Follower QR Code Sticker Label Roll | truzzer","og_description":"Wi\u0119cej obserwuj\u0105cych na Instagramie z Instagram Follower QR Code Sticker Label Roll od truzzer. \u0141atwa konfiguracja, gotowe do u\u017cycia. Zam\u00f3w teraz!","og_url":"https:\/\/www.truzzer.com\/pl\/produkt\/instagram-follower-qr-code-sticker-label-roll\/","og_site_name":"truzzer","article_modified_time":"2026-02-13T10:28:58+00:00","og_image":[{"width":1200,"height":1200,"url":"https:\/\/www.truzzer.com\/wp-content\/uploads\/2026\/02\/instagram-sticker-roll-3-phone-2.jpg","type":"image\/jpeg"}],"twitter_card":"summary_large_image","twitter_misc":{"Szacowany czas czytania":"1 minuta"},"schema":{"@context":"https:\/\/schema.org","@graph":[{"@type":"WebPage","@id":"https:\/\/www.truzzer.com\/pl\/produkt\/instagram-follower-qr-code-sticker-label-roll\/","url":"https:\/\/www.truzzer.com\/pl\/produkt\/instagram-follower-qr-code-sticker-label-roll\/","name":"Instagram Follower QR Code Sticker Label Roll | truzzer","isPartOf":{"@id":"https:\/\/www.truzzer.com\/pl\/#website"},"primaryImageOfPage":{"@id":"https:\/\/www.truzzer.com\/pl\/produkt\/instagram-follower-qr-code-sticker-label-roll\/#primaryimage"},"image":{"@id":"https:\/\/www.truzzer.com\/pl\/produkt\/instagram-follower-qr-code-sticker-label-roll\/#primaryimage"},"thumbnailUrl":"https:\/\/www.truzzer.com\/wp-content\/uploads\/2026\/02\/instagram-sticker-roll-3-phone-2.jpg","datePublished":"2026-02-11T10:13:03+00:00","dateModified":"2026-02-13T10:28:58+00:00","description":"Wi\u0119cej obserwuj\u0105cych na Instagramie z Instagram Follower QR Code Sticker Label Roll od truzzer. \u0141atwa konfiguracja, gotowe do u\u017cycia. Zam\u00f3w teraz!","breadcrumb":{"@id":"https:\/\/www.truzzer.com\/pl\/produkt\/instagram-follower-qr-code-sticker-label-roll\/#breadcrumb"},"inLanguage":"pl-PL","potentialAction":[{"@type":"ReadAction","target":["https:\/\/www.truzzer.com\/pl\/produkt\/instagram-follower-qr-code-sticker-label-roll\/"]}]},{"@type":"ImageObject","inLanguage":"pl-PL","@id":"https:\/\/www.truzzer.com\/pl\/produkt\/instagram-follower-qr-code-sticker-label-roll\/#primaryimage","url":"https:\/\/www.truzzer.com\/wp-content\/uploads\/2026\/02\/instagram-sticker-roll-3-phone-2.jpg","contentUrl":"https:\/\/www.truzzer.com\/wp-content\/uploads\/2026\/02\/instagram-sticker-roll-3-phone-2.jpg","width":1200,"height":1200},{"@type":"BreadcrumbList","@id":"https:\/\/www.truzzer.com\/pl\/produkt\/instagram-follower-qr-code-sticker-label-roll\/#breadcrumb","itemListElement":[{"@type":"ListItem","position":1,"name":"Home","item":"https:\/\/www.truzzer.com\/pl\/"},{"@type":"ListItem","position":2,"name":"Sklep","item":"https:\/\/www.truzzer.com\/pl\/sklep\/"},{"@type":"ListItem","position":3,"name":"Instagram Obserwator QR Rolka z etykiet\u0105 samoprzylepn\u0105 z kodem"}]},{"@type":"WebSite","@id":"https:\/\/www.truzzer.com\/pl\/#website","url":"https:\/\/www.truzzer.com\/pl\/","name":"truzzer","description":"Experts for customer trust","publisher":{"@id":"https:\/\/www.truzzer.com\/pl\/#organization"},"potentialAction":[{"@type":"SearchAction","target":{"@type":"EntryPoint","urlTemplate":"https:\/\/www.truzzer.com\/pl\/?s={search_term_string}"},"query-input":{"@type":"PropertyValueSpecification","valueRequired":true,"valueName":"search_term_string"}}],"inLanguage":"pl-PL"},{"@type":"Organization","@id":"https:\/\/www.truzzer.com\/pl\/#organization","name":"truzzer","url":"https:\/\/www.truzzer.com\/pl\/","logo":{"@type":"ImageObject","inLanguage":"pl-PL","@id":"https:\/\/www.truzzer.com\/pl\/#\/schema\/logo\/image\/","url":"https:\/\/truzzer.com\/wp-content\/uploads\/2026\/01\/truzzer-logo-black-1.svg","contentUrl":"https:\/\/truzzer.com\/wp-content\/uploads\/2026\/01\/truzzer-logo-black-1.svg","width":938,"height":199,"caption":"truzzer"},"image":{"@id":"https:\/\/www.truzzer.com\/pl\/#\/schema\/logo\/image\/"}}]}},"tiered_pricing_type":"fixed","tiered_pricing_fixed_rules":[],"tiered_pricing_product_settings":{"layout":"default","base_unit_name":{"singular":null,"plural":null},"default_variation":null},"tiered_pricing_minimum_quantity":null,"tiered_pricing_roles_data":[],"tiered_pricing_percentage_rules":[],"tiered_pricing_maximum_quantity":null,"tiered_pricing_quantity_step":null,"_links":{"self":[{"href":"https:\/\/www.truzzer.com\/pl\/wp-json\/wp\/v2\/product\/102422","targetHints":{"allow":["GET"]}}],"collection":[{"href":"https:\/\/www.truzzer.com\/pl\/wp-json\/wp\/v2\/product"}],"about":[{"href":"https:\/\/www.truzzer.com\/pl\/wp-json\/wp\/v2\/types\/product"}],"replies":[{"embeddable":true,"href":"https:\/\/www.truzzer.com\/pl\/wp-json\/wp\/v2\/comments?post=102422"}],"wp:featuredmedia":[{"embeddable":true,"href":"https:\/\/www.truzzer.com\/pl\/wp-json\/wp\/v2\/media\/102423"}],"wp:attachment":[{"href":"https:\/\/www.truzzer.com\/pl\/wp-json\/wp\/v2\/media?parent=102422"}],"wp:term":[{"taxonomy":"product_brand","embeddable":true,"href":"https:\/\/www.truzzer.com\/pl\/wp-json\/wp\/v2\/product_brand?post=102422"},{"taxonomy":"product_cat","embeddable":true,"href":"https:\/\/www.truzzer.com\/pl\/wp-json\/wp\/v2\/product_cat?post=102422"},{"taxonomy":"product_tag","embeddable":true,"href":"https:\/\/www.truzzer.com\/pl\/wp-json\/wp\/v2\/product_tag?post=102422"}],"curies":[{"name":"wp","href":"https:\/\/api.w.org\/{rel}","templated":true}]}}