{"id":102463,"date":"2026-02-11T10:12:53","date_gmt":"2026-02-11T10:12:53","guid":{"rendered":"https:\/\/beta.truzzer.com\/product\/instagram-qr-kode-klistremerke-folg-oss-rund-hologram-utgave\/"},"modified":"2026-02-13T10:30:11","modified_gmt":"2026-02-13T10:30:11","slug":"instagram-qr-kode-klistremerke-folg-oss-rund-hologram-utgave","status":"publish","type":"product","link":"https:\/\/www.truzzer.com\/pl\/produkt\/instagram-qr-kode-klistremerke-folg-oss-rund-hologram-utgave\/","title":{"rendered":"Instagram QR Naklejka z kodem \u201eFollow Us\u201d \u2013 okr\u0105g\u0142a (edycja z hologramem)"},"content":{"rendered":"<p>\nDzi\u0119ki <strong>naklejce z kodem Instagram QR \u201e\u015aled\u017a nas\u201d (edycja z hologramem)<\/strong> przeniesiesz sw\u00f3j marketing w mediach spo\u0142eczno\u015bciowych na wy\u017cszy poziom.<br \/>\nPrzyci\u0105gaj\u0105cy wzrok hologramowy wygl\u0105d natychmiast przyci\u0105ga uwag\u0119 i sprawia, \u017ce \u200b\u200b\u017caden klient nie przeoczy Twojego obja\u015bnienia.\n<\/p>\n<p>\nDo ka\u017cdej naklejki do\u0142\u0105czony jest <strong>indywidualny kod QR<\/strong>, kt\u00f3ry \u0142\u0105czy si\u0119 bezpo\u015brednio z Twoim profilem Instagram.<br \/>\nKlienci nie musz\u0105 ju\u017c Ci\u0119 szuka\u0107 \u2013 wystarczy jedno szybkie skanowanie aparatem w smartfonie i od razu l\u0105duj\u0105 na Twoim koncie.\n<\/p>\n<p><strong>Twoje korzy\u015bci w skr\u00f3cie:<\/strong><\/p>\n<ul>\n<li>\u2728 <strong>Przyci\u0105gaj\u0105cy wzrok hologramowy projekt<\/strong> \u2014 maksymalna widoczno\u015b\u0107 na szkle, ladach czy opakowaniach.<\/li>\n<li>\ud83d\udcf2 <strong>Bezpo\u015bredni kod QR<\/strong> \u2014 natychmiast \u0142\u0105czy si\u0119 z Twoim profilem Instagram, bez objazd\u00f3w.<\/li>\n<li>\ud83d\udccd <strong>Wszechstronne zastosowanie<\/strong> \u2014 idealne do sklep\u00f3w, restauracji, bar\u00f3w, salon\u00f3w, wydarze\u0144 lub do pakowania produkt\u00f3w.<\/li>\n<li>\ud83d\udccf <strong>Dost\u0119pne w 3 rozmiarach<\/strong> \u2014 9,5 cm, 14,8 cm i 21 cm.<\/li>\n<li>\ud83c\udde9\ud83c\uddea <strong>Wyprodukowano w Niemczech<\/strong> \u2014 trwa\u0142a jako\u015b\u0107, odporno\u015b\u0107 na warunki atmosferyczne i amp; solidny.<\/li>\n<\/ul>\n<p>\nDzi\u0119ki temu Twoja firma b\u0119dzie si\u0119 wyr\u00f3\u017cnia\u0107 \u2014 jednocze\u015bnie m\u0105drze rozwijaj\u0105c spo\u0142eczno\u015b\u0107 Instagram.\n<\/p>\n<p>\n\u2705 <strong>Po prostu aplikuj \u2014 pozw\u00f3l klientom skanowa\u0107 \u2014 zdobywaj obserwuj\u0105cych.<\/strong>\n<\/p>\n<h3>Krok 1: Klient skanuje kod QR<\/h3>\n<p>\nAby Ci\u0119 \u015bledzi\u0107, klient po prostu skanuje kod QR. Wystarczy, \u017ce skieruj\u0105 aparat smartfona na naklejk\u0119.\n<\/p>\n<p>\n<img decoding=\"async\" class=\"alignnone wp-image-13588 size-full\" src=\"https:\/\/truzzer.de\/wp-content\/uploads\/2020\/12\/truzzer-so-gehts-instagram-scan-11.jpg\" alt=\"\" szeroko\u015b\u0107=\"1200\" wysoko\u015b\u0107=\"792\" \/>\n<\/p>\n<p>\nNast\u0119pnie na ekranie pojawi si\u0119 wyskakuj\u0105ce okienko (iPhone) lub pojawi si\u0119 ikona kodu QR (smartfony Android \/ Google).\n<\/p>\n<h3>Krok 2: Klient zostaje przeniesiony bezpo\u015brednio do Twojego profilu Instagram<\/h3>\n<p>\nInstagram otwiera si\u0119 i klient mo\u017ce od razu Ci\u0119 \u015bledzi\u0107 \u2013 to proste.\n<\/p>\n<p>\n<img decoding=\"async\" class=\"alignleft wp-image-13589 size-full\" src=\"https:\/\/truzzer.de\/wp-content\/uploads\/2020\/12\/truzzer-so-gehts-instagram-scan-1.jpg\" alt=\"\" szeroko\u015b\u0107=\"1200\" wysoko\u015b\u0107=\"792\" \/>\n<\/p>\n<p><strong>Uwaga:<\/strong><\/p>\n<p>\nPami\u0119taj, \u017ce aby pozyska\u0107 obserwuj\u0105cych, wymagany jest profil Instagram.\n<\/p>\n<p>[elfsight_popup id=&#8221;6&#8243;]<\/p>\n","protected":false},"excerpt":{"rendered":"<p>\nWi\u0119cej blasku, wi\u0119cej uwagi, wi\u0119cej obserwuj\u0105cych!<br \/>\nNasze okr\u0105g\u0142e <strong>Naklejki z hologramem Instagram<\/strong> naprawd\u0119 przyci\u0105gaj\u0105 wzrok. Dzi\u0119ki zintegrowanemu kodowi QR poprowadzisz klient\u00f3w bezpo\u015brednio do swojego profilu \u2014 wystarczy zeskanowa\u0107 i &amp; \u015bled\u017a.<br \/>\nIdealny do: <strong>sklep\u00f3w, drzwi, lad, witryn sklepowych, kas, opakowa\u0144<\/strong>.\n<\/p>\n<p>\nDost\u0119pne w <strong>3 rozmiarach<\/strong>: 9,5 cm, 14,8 cm, 21 cm.<\/p>\n","protected":false},"featured_media":102464,"comment_status":"open","ping_status":"closed","template":"","meta":{"_acf_changed":false,"_yoast_wpseo_focuskw":"Instagram kod QR Naklejka","_yoast_wpseo_title":"Instagram QR-kode-klistremerke \u201eF\u00f8lg oss\u201d \u2013 run... | truzzer","_yoast_wpseo_metadesc":"Wi\u0119cej obserwuj\u0105cych Instagram z Instagram QR-kode-klistremerke \u201eF\u00f8lg oss\u201d \u2013 rund (hologram-utgave) od truzzer. \u0141atwa konfiguracja. Zam\u00f3w!"},"product_brand":[1663],"product_cat":[843,844,829,780],"product_tag":[],"class_list":{"0":"post-102463","1":"product","2":"type-product","3":"status-publish","4":"has-post-thumbnail","6":"product_brand-instagram","7":"product_cat-obserwujacy-instagram-naklejki","8":"product_cat-obserwujacy-instagram-naklejki-z-kodem-qr","9":"product_cat-obserwujacy-instagram-produkty","10":"product_cat-opinia-google-karty","11":"pa_material-vinyl","12":"pa_product-type-naklejka","13":"pa_shape-ronda","14":"pa_technology-kod-qr","16":"first","17":"instock","18":"taxable","19":"shipping-taxable","20":"product-type-simple"},"acf":[],"yoast_head":"<!-- This site is optimized with the Yoast SEO plugin v27.0 - https:\/\/yoast.com\/product\/yoast-seo-wordpress\/ -->\n<title>Instagram QR-kode-klistremerke \u201eF\u00f8lg oss\u201d \u2013 run... | truzzer<\/title>\n<meta name=\"description\" content=\"Wi\u0119cej obserwuj\u0105cych Instagram z Instagram QR-kode-klistremerke \u201eF\u00f8lg oss\u201d \u2013 rund (hologram-utgave) od truzzer. \u0141atwa konfiguracja. Zam\u00f3w!\" \/>\n<meta name=\"robots\" content=\"index, follow, max-snippet:-1, max-image-preview:large, max-video-preview:-1\" \/>\n<link rel=\"canonical\" href=\"https:\/\/www.truzzer.com\/pl\/produkt\/instagram-qr-kode-klistremerke-folg-oss-rund-hologram-utgave\/\" \/>\n<meta property=\"og:locale\" content=\"pl_PL\" \/>\n<meta property=\"og:type\" content=\"article\" \/>\n<meta property=\"og:title\" content=\"Instagram QR-kode-klistremerke \u201eF\u00f8lg oss\u201d \u2013 run... | truzzer\" \/>\n<meta property=\"og:description\" content=\"Wi\u0119cej obserwuj\u0105cych Instagram z Instagram QR-kode-klistremerke \u201eF\u00f8lg oss\u201d \u2013 rund (hologram-utgave) od truzzer. \u0141atwa konfiguracja. Zam\u00f3w!\" \/>\n<meta property=\"og:url\" content=\"https:\/\/www.truzzer.com\/pl\/produkt\/instagram-qr-kode-klistremerke-folg-oss-rund-hologram-utgave\/\" \/>\n<meta property=\"og:site_name\" content=\"truzzer\" \/>\n<meta property=\"article:modified_time\" content=\"2026-02-13T10:30:11+00:00\" \/>\n<meta property=\"og:image\" content=\"https:\/\/www.truzzer.com\/wp-content\/uploads\/2026\/02\/holo-sticker-round-color-phone-2.jpg\" \/>\n\t<meta property=\"og:image:width\" content=\"1200\" \/>\n\t<meta property=\"og:image:height\" content=\"1200\" \/>\n\t<meta property=\"og:image:type\" content=\"image\/jpeg\" \/>\n<meta name=\"twitter:card\" content=\"summary_large_image\" \/>\n<meta name=\"twitter:label1\" content=\"Szacowany czas czytania\" \/>\n\t<meta name=\"twitter:data1\" content=\"1 minuta\" \/>\n<script type=\"application\/ld+json\" class=\"yoast-schema-graph\">{\"@context\":\"https:\/\/schema.org\",\"@graph\":[{\"@type\":\"WebPage\",\"@id\":\"https:\/\/www.truzzer.com\/pl\/produkt\/instagram-qr-kode-klistremerke-folg-oss-rund-hologram-utgave\/\",\"url\":\"https:\/\/www.truzzer.com\/pl\/produkt\/instagram-qr-kode-klistremerke-folg-oss-rund-hologram-utgave\/\",\"name\":\"Instagram QR-kode-klistremerke \u201eF\u00f8lg oss\u201d \u2013 run... | truzzer\",\"isPartOf\":{\"@id\":\"https:\/\/www.truzzer.com\/pl\/#website\"},\"primaryImageOfPage\":{\"@id\":\"https:\/\/www.truzzer.com\/pl\/produkt\/instagram-qr-kode-klistremerke-folg-oss-rund-hologram-utgave\/#primaryimage\"},\"image\":{\"@id\":\"https:\/\/www.truzzer.com\/pl\/produkt\/instagram-qr-kode-klistremerke-folg-oss-rund-hologram-utgave\/#primaryimage\"},\"thumbnailUrl\":\"https:\/\/www.truzzer.com\/wp-content\/uploads\/2026\/02\/holo-sticker-round-color-phone-2.jpg\",\"datePublished\":\"2026-02-11T10:12:53+00:00\",\"dateModified\":\"2026-02-13T10:30:11+00:00\",\"description\":\"Wi\u0119cej obserwuj\u0105cych Instagram z Instagram QR-kode-klistremerke \u201eF\u00f8lg oss\u201d \u2013 rund (hologram-utgave) od truzzer. \u0141atwa konfiguracja. Zam\u00f3w!\",\"breadcrumb\":{\"@id\":\"https:\/\/www.truzzer.com\/pl\/produkt\/instagram-qr-kode-klistremerke-folg-oss-rund-hologram-utgave\/#breadcrumb\"},\"inLanguage\":\"pl-PL\",\"potentialAction\":[{\"@type\":\"ReadAction\",\"target\":[\"https:\/\/www.truzzer.com\/pl\/produkt\/instagram-qr-kode-klistremerke-folg-oss-rund-hologram-utgave\/\"]}]},{\"@type\":\"ImageObject\",\"inLanguage\":\"pl-PL\",\"@id\":\"https:\/\/www.truzzer.com\/pl\/produkt\/instagram-qr-kode-klistremerke-folg-oss-rund-hologram-utgave\/#primaryimage\",\"url\":\"https:\/\/www.truzzer.com\/wp-content\/uploads\/2026\/02\/holo-sticker-round-color-phone-2.jpg\",\"contentUrl\":\"https:\/\/www.truzzer.com\/wp-content\/uploads\/2026\/02\/holo-sticker-round-color-phone-2.jpg\",\"width\":1200,\"height\":1200},{\"@type\":\"BreadcrumbList\",\"@id\":\"https:\/\/www.truzzer.com\/pl\/produkt\/instagram-qr-kode-klistremerke-folg-oss-rund-hologram-utgave\/#breadcrumb\",\"itemListElement\":[{\"@type\":\"ListItem\",\"position\":1,\"name\":\"Home\",\"item\":\"https:\/\/www.truzzer.com\/pl\/\"},{\"@type\":\"ListItem\",\"position\":2,\"name\":\"Sklep\",\"item\":\"https:\/\/www.truzzer.com\/pl\/sklep\/\"},{\"@type\":\"ListItem\",\"position\":3,\"name\":\"Instagram QR Naklejka z kodem \u201eFollow Us\u201d \u2013 okr\u0105g\u0142a (edycja z hologramem)\"}]},{\"@type\":\"WebSite\",\"@id\":\"https:\/\/www.truzzer.com\/pl\/#website\",\"url\":\"https:\/\/www.truzzer.com\/pl\/\",\"name\":\"truzzer\",\"description\":\"Experts for customer trust\",\"publisher\":{\"@id\":\"https:\/\/www.truzzer.com\/pl\/#organization\"},\"potentialAction\":[{\"@type\":\"SearchAction\",\"target\":{\"@type\":\"EntryPoint\",\"urlTemplate\":\"https:\/\/www.truzzer.com\/pl\/?s={search_term_string}\"},\"query-input\":{\"@type\":\"PropertyValueSpecification\",\"valueRequired\":true,\"valueName\":\"search_term_string\"}}],\"inLanguage\":\"pl-PL\"},{\"@type\":\"Organization\",\"@id\":\"https:\/\/www.truzzer.com\/pl\/#organization\",\"name\":\"truzzer\",\"url\":\"https:\/\/www.truzzer.com\/pl\/\",\"logo\":{\"@type\":\"ImageObject\",\"inLanguage\":\"pl-PL\",\"@id\":\"https:\/\/www.truzzer.com\/pl\/#\/schema\/logo\/image\/\",\"url\":\"https:\/\/truzzer.com\/wp-content\/uploads\/2026\/01\/truzzer-logo-black-1.svg\",\"contentUrl\":\"https:\/\/truzzer.com\/wp-content\/uploads\/2026\/01\/truzzer-logo-black-1.svg\",\"width\":938,\"height\":199,\"caption\":\"truzzer\"},\"image\":{\"@id\":\"https:\/\/www.truzzer.com\/pl\/#\/schema\/logo\/image\/\"}}]}<\/script>\n<!-- \/ Yoast SEO plugin. -->","yoast_head_json":{"title":"Instagram QR-kode-klistremerke \u201eF\u00f8lg oss\u201d \u2013 run... | truzzer","description":"Wi\u0119cej obserwuj\u0105cych Instagram z Instagram QR-kode-klistremerke \u201eF\u00f8lg oss\u201d \u2013 rund (hologram-utgave) od truzzer. \u0141atwa konfiguracja. Zam\u00f3w!","robots":{"index":"index","follow":"follow","max-snippet":"max-snippet:-1","max-image-preview":"max-image-preview:large","max-video-preview":"max-video-preview:-1"},"canonical":"https:\/\/www.truzzer.com\/pl\/produkt\/instagram-qr-kode-klistremerke-folg-oss-rund-hologram-utgave\/","og_locale":"pl_PL","og_type":"article","og_title":"Instagram QR-kode-klistremerke \u201eF\u00f8lg oss\u201d \u2013 run... | truzzer","og_description":"Wi\u0119cej obserwuj\u0105cych Instagram z Instagram QR-kode-klistremerke \u201eF\u00f8lg oss\u201d \u2013 rund (hologram-utgave) od truzzer. \u0141atwa konfiguracja. Zam\u00f3w!","og_url":"https:\/\/www.truzzer.com\/pl\/produkt\/instagram-qr-kode-klistremerke-folg-oss-rund-hologram-utgave\/","og_site_name":"truzzer","article_modified_time":"2026-02-13T10:30:11+00:00","og_image":[{"width":1200,"height":1200,"url":"https:\/\/www.truzzer.com\/wp-content\/uploads\/2026\/02\/holo-sticker-round-color-phone-2.jpg","type":"image\/jpeg"}],"twitter_card":"summary_large_image","twitter_misc":{"Szacowany czas czytania":"1 minuta"},"schema":{"@context":"https:\/\/schema.org","@graph":[{"@type":"WebPage","@id":"https:\/\/www.truzzer.com\/pl\/produkt\/instagram-qr-kode-klistremerke-folg-oss-rund-hologram-utgave\/","url":"https:\/\/www.truzzer.com\/pl\/produkt\/instagram-qr-kode-klistremerke-folg-oss-rund-hologram-utgave\/","name":"Instagram QR-kode-klistremerke \u201eF\u00f8lg oss\u201d \u2013 run... | truzzer","isPartOf":{"@id":"https:\/\/www.truzzer.com\/pl\/#website"},"primaryImageOfPage":{"@id":"https:\/\/www.truzzer.com\/pl\/produkt\/instagram-qr-kode-klistremerke-folg-oss-rund-hologram-utgave\/#primaryimage"},"image":{"@id":"https:\/\/www.truzzer.com\/pl\/produkt\/instagram-qr-kode-klistremerke-folg-oss-rund-hologram-utgave\/#primaryimage"},"thumbnailUrl":"https:\/\/www.truzzer.com\/wp-content\/uploads\/2026\/02\/holo-sticker-round-color-phone-2.jpg","datePublished":"2026-02-11T10:12:53+00:00","dateModified":"2026-02-13T10:30:11+00:00","description":"Wi\u0119cej obserwuj\u0105cych Instagram z Instagram QR-kode-klistremerke \u201eF\u00f8lg oss\u201d \u2013 rund (hologram-utgave) od truzzer. \u0141atwa konfiguracja. Zam\u00f3w!","breadcrumb":{"@id":"https:\/\/www.truzzer.com\/pl\/produkt\/instagram-qr-kode-klistremerke-folg-oss-rund-hologram-utgave\/#breadcrumb"},"inLanguage":"pl-PL","potentialAction":[{"@type":"ReadAction","target":["https:\/\/www.truzzer.com\/pl\/produkt\/instagram-qr-kode-klistremerke-folg-oss-rund-hologram-utgave\/"]}]},{"@type":"ImageObject","inLanguage":"pl-PL","@id":"https:\/\/www.truzzer.com\/pl\/produkt\/instagram-qr-kode-klistremerke-folg-oss-rund-hologram-utgave\/#primaryimage","url":"https:\/\/www.truzzer.com\/wp-content\/uploads\/2026\/02\/holo-sticker-round-color-phone-2.jpg","contentUrl":"https:\/\/www.truzzer.com\/wp-content\/uploads\/2026\/02\/holo-sticker-round-color-phone-2.jpg","width":1200,"height":1200},{"@type":"BreadcrumbList","@id":"https:\/\/www.truzzer.com\/pl\/produkt\/instagram-qr-kode-klistremerke-folg-oss-rund-hologram-utgave\/#breadcrumb","itemListElement":[{"@type":"ListItem","position":1,"name":"Home","item":"https:\/\/www.truzzer.com\/pl\/"},{"@type":"ListItem","position":2,"name":"Sklep","item":"https:\/\/www.truzzer.com\/pl\/sklep\/"},{"@type":"ListItem","position":3,"name":"Instagram QR Naklejka z kodem \u201eFollow Us\u201d \u2013 okr\u0105g\u0142a (edycja z hologramem)"}]},{"@type":"WebSite","@id":"https:\/\/www.truzzer.com\/pl\/#website","url":"https:\/\/www.truzzer.com\/pl\/","name":"truzzer","description":"Experts for customer trust","publisher":{"@id":"https:\/\/www.truzzer.com\/pl\/#organization"},"potentialAction":[{"@type":"SearchAction","target":{"@type":"EntryPoint","urlTemplate":"https:\/\/www.truzzer.com\/pl\/?s={search_term_string}"},"query-input":{"@type":"PropertyValueSpecification","valueRequired":true,"valueName":"search_term_string"}}],"inLanguage":"pl-PL"},{"@type":"Organization","@id":"https:\/\/www.truzzer.com\/pl\/#organization","name":"truzzer","url":"https:\/\/www.truzzer.com\/pl\/","logo":{"@type":"ImageObject","inLanguage":"pl-PL","@id":"https:\/\/www.truzzer.com\/pl\/#\/schema\/logo\/image\/","url":"https:\/\/truzzer.com\/wp-content\/uploads\/2026\/01\/truzzer-logo-black-1.svg","contentUrl":"https:\/\/truzzer.com\/wp-content\/uploads\/2026\/01\/truzzer-logo-black-1.svg","width":938,"height":199,"caption":"truzzer"},"image":{"@id":"https:\/\/www.truzzer.com\/pl\/#\/schema\/logo\/image\/"}}]}},"tiered_pricing_type":"fixed","tiered_pricing_fixed_rules":[],"tiered_pricing_product_settings":{"layout":"default","base_unit_name":{"singular":null,"plural":null},"default_variation":null},"tiered_pricing_minimum_quantity":null,"tiered_pricing_roles_data":[],"tiered_pricing_percentage_rules":[],"tiered_pricing_maximum_quantity":null,"tiered_pricing_quantity_step":null,"_links":{"self":[{"href":"https:\/\/www.truzzer.com\/pl\/wp-json\/wp\/v2\/product\/102463","targetHints":{"allow":["GET"]}}],"collection":[{"href":"https:\/\/www.truzzer.com\/pl\/wp-json\/wp\/v2\/product"}],"about":[{"href":"https:\/\/www.truzzer.com\/pl\/wp-json\/wp\/v2\/types\/product"}],"replies":[{"embeddable":true,"href":"https:\/\/www.truzzer.com\/pl\/wp-json\/wp\/v2\/comments?post=102463"}],"wp:featuredmedia":[{"embeddable":true,"href":"https:\/\/www.truzzer.com\/pl\/wp-json\/wp\/v2\/media\/102464"}],"wp:attachment":[{"href":"https:\/\/www.truzzer.com\/pl\/wp-json\/wp\/v2\/media?parent=102463"}],"wp:term":[{"taxonomy":"product_brand","embeddable":true,"href":"https:\/\/www.truzzer.com\/pl\/wp-json\/wp\/v2\/product_brand?post=102463"},{"taxonomy":"product_cat","embeddable":true,"href":"https:\/\/www.truzzer.com\/pl\/wp-json\/wp\/v2\/product_cat?post=102463"},{"taxonomy":"product_tag","embeddable":true,"href":"https:\/\/www.truzzer.com\/pl\/wp-json\/wp\/v2\/product_tag?post=102463"}],"curies":[{"name":"wp","href":"https:\/\/api.w.org\/{rel}","templated":true}]}}