{"id":102510,"date":"2026-02-11T10:12:42","date_gmt":"2026-02-11T10:12:42","guid":{"rendered":"https:\/\/beta.truzzer.com\/product\/instagram-qr-kode-klistremerke-iconic-hologram-edition\/"},"modified":"2026-02-13T10:31:25","modified_gmt":"2026-02-13T10:31:25","slug":"instagram-qr-kode-klistremerke-iconic-hologram-edition","status":"publish","type":"product","link":"https:\/\/www.truzzer.com\/pl\/produkt\/instagram-qr-kode-klistremerke-iconic-hologram-edition\/","title":{"rendered":"**Instagram QR Naklejka z kodem \u201eIconic\u201d \u2013 edycja hologramowa**"},"content":{"rendered":"<p>\n<strong>Naklejka z kodem Instagram QR \u201eIconic\u201d (edycja hologramowa)<\/strong> \u0142\u0105czy nowoczesny design z maksymaln\u0105 widoczno\u015bci\u0105.<br \/>\nDzi\u0119ki efektowi holograficznemu naklejka odzwierciedla ka\u017cdy kolor t\u0119czy w zale\u017cno\u015bci od \u015bwiat\u0142a \u2013 naprawd\u0119 przyci\u0105ga wzrok i natychmiast si\u0119 wyr\u00f3\u017cnia.\n<\/p>\n<p>\nTw\u00f3j spersonalizowany <strong>kod QR<\/strong> przenosi klient\u00f3w bezpo\u015brednio do Twojego profilu Instagram.<br \/>\n\u017badnego wyszukiwania, \u017cadnego pisania \u2014 wystarczy jedno zeskanowanie i od razu jeste\u015b obecny na smartfonie odbiorc\u00f3w.\n<\/p>\n<p><strong>Korzy\u015bci w skr\u00f3cie:<\/strong><\/p>\n<ul>\n<li>\u2728 <strong>Wyko\u0144czenie hologramowe<\/strong> \u2014 niepowtarzalny wygl\u0105d, kt\u00f3ry przyci\u0105ga wzrok wszystkich.<\/li>\n<li>\ud83d\udcf2 <strong>Z kodem QR<\/strong> \u2014 bezpo\u015bredni dost\u0119p do Twojego profilu Instagram.<\/li>\n<li>\ud83d\udccd <strong>Elastyczne rozmieszczenie<\/strong> \u2014 w przypadku witryn sklepowych, drzwi, luster, stref kasowych, opakowa\u0144 produkt\u00f3w lub wydarze\u0144.<\/li>\n<li>\ud83d\udccf <strong>Dost\u0119pne w trzech rozmiarach<\/strong> \u2014 9,5 cm, 14,8 cm, 21 cm.<\/li>\n<li>\ud83c\udde9\ud83c\uddea <strong>Najwy\u017csza jako\u015b\u0107<\/strong> \u2014 solidna, odporna na warunki atmosferyczne i wyprodukowana w Niemczech.<\/li>\n<\/ul>\n<p>\nNiezale\u017cnie od tego, czy chodzi o handel detaliczny, hotelarstwo, studia czy imprezy \u2014 ta naklejka pomo\u017ce wyr\u00f3\u017cni\u0107 Tw\u00f3j profil Instagram.\n<\/p>\n<p>\n\u2705 <strong>Idealne po\u0142\u0105czenie stylu i amp; funkcj\u0119 dla Twojej firmy.<\/strong>\n<\/p>\n<h3>Krok 1: Klient skanuje kod QR<\/h3>\n<p>\nAby Ci\u0119 \u015bledzi\u0107, klient po prostu skanuje kod QR. Wystarczy, \u017ce skieruj\u0105 aparat smartfona na naklejk\u0119.\n<\/p>\n<p>\n<img decoding=\"async\" class=\"alignnone wp-image-13588 size-full\" src=\"https:\/\/truzzer.de\/wp-content\/uploads\/2020\/12\/truzzer-so-gehts-instagram-scan-11.jpg\" alt=\"\" szeroko\u015b\u0107=\"1200\" wysoko\u015b\u0107=\"792\" \/>\n<\/p>\n<p>\nNast\u0119pnie na ekranie pojawi si\u0119 wyskakuj\u0105ce okienko (iPhone) lub pojawi si\u0119 ikona kodu QR (smartfony Android \/ Google).\n<\/p>\n<h3>Krok 2: Klient zostaje przeniesiony bezpo\u015brednio do Twojego profilu Instagram<\/h3>\n<p>\nInstagram otwiera si\u0119 i klient mo\u017ce od razu Ci\u0119 \u015bledzi\u0107 \u2013 to proste.\n<\/p>\n<p>\n<img decoding=\"async\" class=\"alignleft wp-image-13589 size-full\" src=\"https:\/\/truzzer.de\/wp-content\/uploads\/2020\/12\/truzzer-so-gehts-instagram-scan-1.jpg\" alt=\"\" szeroko\u015b\u0107=\"1200\" wysoko\u015b\u0107=\"792\" \/>\n<\/p>\n<p><strong>Uwaga:<\/strong><\/p>\n<p>\nPami\u0119taj, \u017ce aby pozyska\u0107 obserwuj\u0105cych, wymagany jest profil Instagram.<\/p>\n","protected":false},"excerpt":{"rendered":"<p>\nUmie\u015b\u0107 sw\u00f3j Instagram w centrum uwagi!<br \/>\nDzi\u0119ki <strong>Instagram kultowej naklejce z hologramem<\/strong> uzyskasz najbardziej przyci\u0105gaj\u0105cy wzrok element Twojej firmy.<br \/>\nHolograficzny projekt zapewnia maksymaln\u0105 uwag\u0119 \u2014 i oczywi\u015bcie Tw\u00f3j kod QR dzia\u0142a niezawodnie.<br \/>\nIdealny do <strong>witryn sklepowych, drzwi, luster, lad, opakowa\u0144 &amp; wydarzenia<\/strong>.\n<\/p>\n<p>\nDost\u0119pne w <strong>3 rozmiarach<\/strong>: 9,5 cm, 14,8 cm, 21 cm.<\/p>\n","protected":false},"featured_media":102511,"comment_status":"open","ping_status":"closed","template":"","meta":{"_acf_changed":false,"_yoast_wpseo_focuskw":"Instagram kod QR Naklejka","_yoast_wpseo_title":"Instagram QR-kode-klistremerke \u201eIconic\u201d \u2013 Holog... | truzzer","_yoast_wpseo_metadesc":"Wi\u0119cej obserwuj\u0105cych Instagram z Instagram QR-kode-klistremerke \u201eIconic\u201d \u2013 Hologram Edition od truzzer. \u0141atwa konfiguracja. Zam\u00f3w!"},"product_brand":[1663],"product_cat":[843,844,829,780],"product_tag":[],"class_list":{"0":"post-102510","1":"product","2":"type-product","3":"status-publish","4":"has-post-thumbnail","6":"product_brand-instagram","7":"product_cat-obserwujacy-instagram-naklejki","8":"product_cat-obserwujacy-instagram-naklejki-z-kodem-qr","9":"product_cat-obserwujacy-instagram-produkty","10":"product_cat-opinia-google-karty","11":"pa_material-vinyl","12":"pa_product-type-naklejka","13":"pa_shape-ronda","14":"pa_technology-kod-qr","16":"first","17":"instock","18":"taxable","19":"shipping-taxable","20":"purchasable","21":"product-type-variable","22":"has-default-attributes"},"acf":[],"yoast_head":"<!-- This site is optimized with the Yoast SEO plugin v27.0 - https:\/\/yoast.com\/product\/yoast-seo-wordpress\/ -->\n<title>Instagram QR-kode-klistremerke \u201eIconic\u201d \u2013 Holog... | truzzer<\/title>\n<meta name=\"description\" content=\"Wi\u0119cej obserwuj\u0105cych Instagram z Instagram QR-kode-klistremerke \u201eIconic\u201d \u2013 Hologram Edition od truzzer. \u0141atwa konfiguracja. Zam\u00f3w!\" \/>\n<meta name=\"robots\" content=\"index, follow, max-snippet:-1, max-image-preview:large, max-video-preview:-1\" \/>\n<link rel=\"canonical\" href=\"https:\/\/www.truzzer.com\/pl\/produkt\/instagram-qr-kode-klistremerke-iconic-hologram-edition\/\" \/>\n<meta property=\"og:locale\" content=\"pl_PL\" \/>\n<meta property=\"og:type\" content=\"article\" \/>\n<meta property=\"og:title\" content=\"Instagram QR-kode-klistremerke \u201eIconic\u201d \u2013 Holog... | truzzer\" \/>\n<meta property=\"og:description\" content=\"Wi\u0119cej obserwuj\u0105cych Instagram z Instagram QR-kode-klistremerke \u201eIconic\u201d \u2013 Hologram Edition od truzzer. \u0141atwa konfiguracja. Zam\u00f3w!\" \/>\n<meta property=\"og:url\" content=\"https:\/\/www.truzzer.com\/pl\/produkt\/instagram-qr-kode-klistremerke-iconic-hologram-edition\/\" \/>\n<meta property=\"og:site_name\" content=\"truzzer\" \/>\n<meta property=\"article:modified_time\" content=\"2026-02-13T10:31:25+00:00\" \/>\n<meta property=\"og:image\" content=\"https:\/\/www.truzzer.com\/wp-content\/uploads\/2026\/02\/holo-sticker-icon-phone-3.jpg\" \/>\n\t<meta property=\"og:image:width\" content=\"1200\" \/>\n\t<meta property=\"og:image:height\" content=\"1200\" \/>\n\t<meta property=\"og:image:type\" content=\"image\/jpeg\" \/>\n<meta name=\"twitter:card\" content=\"summary_large_image\" \/>\n<meta name=\"twitter:label1\" content=\"Szacowany czas czytania\" \/>\n\t<meta name=\"twitter:data1\" content=\"1 minuta\" \/>\n<script type=\"application\/ld+json\" class=\"yoast-schema-graph\">{\"@context\":\"https:\/\/schema.org\",\"@graph\":[{\"@type\":\"WebPage\",\"@id\":\"https:\/\/www.truzzer.com\/pl\/produkt\/instagram-qr-kode-klistremerke-iconic-hologram-edition\/\",\"url\":\"https:\/\/www.truzzer.com\/pl\/produkt\/instagram-qr-kode-klistremerke-iconic-hologram-edition\/\",\"name\":\"Instagram QR-kode-klistremerke \u201eIconic\u201d \u2013 Holog... | truzzer\",\"isPartOf\":{\"@id\":\"https:\/\/www.truzzer.com\/pl\/#website\"},\"primaryImageOfPage\":{\"@id\":\"https:\/\/www.truzzer.com\/pl\/produkt\/instagram-qr-kode-klistremerke-iconic-hologram-edition\/#primaryimage\"},\"image\":{\"@id\":\"https:\/\/www.truzzer.com\/pl\/produkt\/instagram-qr-kode-klistremerke-iconic-hologram-edition\/#primaryimage\"},\"thumbnailUrl\":\"https:\/\/www.truzzer.com\/wp-content\/uploads\/2026\/02\/holo-sticker-icon-phone-3.jpg\",\"datePublished\":\"2026-02-11T10:12:42+00:00\",\"dateModified\":\"2026-02-13T10:31:25+00:00\",\"description\":\"Wi\u0119cej obserwuj\u0105cych Instagram z Instagram QR-kode-klistremerke \u201eIconic\u201d \u2013 Hologram Edition od truzzer. \u0141atwa konfiguracja. Zam\u00f3w!\",\"breadcrumb\":{\"@id\":\"https:\/\/www.truzzer.com\/pl\/produkt\/instagram-qr-kode-klistremerke-iconic-hologram-edition\/#breadcrumb\"},\"inLanguage\":\"pl-PL\",\"potentialAction\":[{\"@type\":\"ReadAction\",\"target\":[\"https:\/\/www.truzzer.com\/pl\/produkt\/instagram-qr-kode-klistremerke-iconic-hologram-edition\/\"]}]},{\"@type\":\"ImageObject\",\"inLanguage\":\"pl-PL\",\"@id\":\"https:\/\/www.truzzer.com\/pl\/produkt\/instagram-qr-kode-klistremerke-iconic-hologram-edition\/#primaryimage\",\"url\":\"https:\/\/www.truzzer.com\/wp-content\/uploads\/2026\/02\/holo-sticker-icon-phone-3.jpg\",\"contentUrl\":\"https:\/\/www.truzzer.com\/wp-content\/uploads\/2026\/02\/holo-sticker-icon-phone-3.jpg\",\"width\":1200,\"height\":1200},{\"@type\":\"BreadcrumbList\",\"@id\":\"https:\/\/www.truzzer.com\/pl\/produkt\/instagram-qr-kode-klistremerke-iconic-hologram-edition\/#breadcrumb\",\"itemListElement\":[{\"@type\":\"ListItem\",\"position\":1,\"name\":\"Home\",\"item\":\"https:\/\/www.truzzer.com\/pl\/\"},{\"@type\":\"ListItem\",\"position\":2,\"name\":\"Sklep\",\"item\":\"https:\/\/www.truzzer.com\/pl\/sklep\/\"},{\"@type\":\"ListItem\",\"position\":3,\"name\":\"**Instagram QR Naklejka z kodem \u201eIconic\u201d \u2013 edycja hologramowa**\"}]},{\"@type\":\"WebSite\",\"@id\":\"https:\/\/www.truzzer.com\/pl\/#website\",\"url\":\"https:\/\/www.truzzer.com\/pl\/\",\"name\":\"truzzer\",\"description\":\"Experts for customer trust\",\"publisher\":{\"@id\":\"https:\/\/www.truzzer.com\/pl\/#organization\"},\"potentialAction\":[{\"@type\":\"SearchAction\",\"target\":{\"@type\":\"EntryPoint\",\"urlTemplate\":\"https:\/\/www.truzzer.com\/pl\/?s={search_term_string}\"},\"query-input\":{\"@type\":\"PropertyValueSpecification\",\"valueRequired\":true,\"valueName\":\"search_term_string\"}}],\"inLanguage\":\"pl-PL\"},{\"@type\":\"Organization\",\"@id\":\"https:\/\/www.truzzer.com\/pl\/#organization\",\"name\":\"truzzer\",\"url\":\"https:\/\/www.truzzer.com\/pl\/\",\"logo\":{\"@type\":\"ImageObject\",\"inLanguage\":\"pl-PL\",\"@id\":\"https:\/\/www.truzzer.com\/pl\/#\/schema\/logo\/image\/\",\"url\":\"https:\/\/truzzer.com\/wp-content\/uploads\/2026\/01\/truzzer-logo-black-1.svg\",\"contentUrl\":\"https:\/\/truzzer.com\/wp-content\/uploads\/2026\/01\/truzzer-logo-black-1.svg\",\"width\":938,\"height\":199,\"caption\":\"truzzer\"},\"image\":{\"@id\":\"https:\/\/www.truzzer.com\/pl\/#\/schema\/logo\/image\/\"}}]}<\/script>\n<!-- \/ Yoast SEO plugin. -->","yoast_head_json":{"title":"Instagram QR-kode-klistremerke \u201eIconic\u201d \u2013 Holog... | truzzer","description":"Wi\u0119cej obserwuj\u0105cych Instagram z Instagram QR-kode-klistremerke \u201eIconic\u201d \u2013 Hologram Edition od truzzer. \u0141atwa konfiguracja. Zam\u00f3w!","robots":{"index":"index","follow":"follow","max-snippet":"max-snippet:-1","max-image-preview":"max-image-preview:large","max-video-preview":"max-video-preview:-1"},"canonical":"https:\/\/www.truzzer.com\/pl\/produkt\/instagram-qr-kode-klistremerke-iconic-hologram-edition\/","og_locale":"pl_PL","og_type":"article","og_title":"Instagram QR-kode-klistremerke \u201eIconic\u201d \u2013 Holog... | truzzer","og_description":"Wi\u0119cej obserwuj\u0105cych Instagram z Instagram QR-kode-klistremerke \u201eIconic\u201d \u2013 Hologram Edition od truzzer. \u0141atwa konfiguracja. Zam\u00f3w!","og_url":"https:\/\/www.truzzer.com\/pl\/produkt\/instagram-qr-kode-klistremerke-iconic-hologram-edition\/","og_site_name":"truzzer","article_modified_time":"2026-02-13T10:31:25+00:00","og_image":[{"width":1200,"height":1200,"url":"https:\/\/www.truzzer.com\/wp-content\/uploads\/2026\/02\/holo-sticker-icon-phone-3.jpg","type":"image\/jpeg"}],"twitter_card":"summary_large_image","twitter_misc":{"Szacowany czas czytania":"1 minuta"},"schema":{"@context":"https:\/\/schema.org","@graph":[{"@type":"WebPage","@id":"https:\/\/www.truzzer.com\/pl\/produkt\/instagram-qr-kode-klistremerke-iconic-hologram-edition\/","url":"https:\/\/www.truzzer.com\/pl\/produkt\/instagram-qr-kode-klistremerke-iconic-hologram-edition\/","name":"Instagram QR-kode-klistremerke \u201eIconic\u201d \u2013 Holog... | truzzer","isPartOf":{"@id":"https:\/\/www.truzzer.com\/pl\/#website"},"primaryImageOfPage":{"@id":"https:\/\/www.truzzer.com\/pl\/produkt\/instagram-qr-kode-klistremerke-iconic-hologram-edition\/#primaryimage"},"image":{"@id":"https:\/\/www.truzzer.com\/pl\/produkt\/instagram-qr-kode-klistremerke-iconic-hologram-edition\/#primaryimage"},"thumbnailUrl":"https:\/\/www.truzzer.com\/wp-content\/uploads\/2026\/02\/holo-sticker-icon-phone-3.jpg","datePublished":"2026-02-11T10:12:42+00:00","dateModified":"2026-02-13T10:31:25+00:00","description":"Wi\u0119cej obserwuj\u0105cych Instagram z Instagram QR-kode-klistremerke \u201eIconic\u201d \u2013 Hologram Edition od truzzer. \u0141atwa konfiguracja. Zam\u00f3w!","breadcrumb":{"@id":"https:\/\/www.truzzer.com\/pl\/produkt\/instagram-qr-kode-klistremerke-iconic-hologram-edition\/#breadcrumb"},"inLanguage":"pl-PL","potentialAction":[{"@type":"ReadAction","target":["https:\/\/www.truzzer.com\/pl\/produkt\/instagram-qr-kode-klistremerke-iconic-hologram-edition\/"]}]},{"@type":"ImageObject","inLanguage":"pl-PL","@id":"https:\/\/www.truzzer.com\/pl\/produkt\/instagram-qr-kode-klistremerke-iconic-hologram-edition\/#primaryimage","url":"https:\/\/www.truzzer.com\/wp-content\/uploads\/2026\/02\/holo-sticker-icon-phone-3.jpg","contentUrl":"https:\/\/www.truzzer.com\/wp-content\/uploads\/2026\/02\/holo-sticker-icon-phone-3.jpg","width":1200,"height":1200},{"@type":"BreadcrumbList","@id":"https:\/\/www.truzzer.com\/pl\/produkt\/instagram-qr-kode-klistremerke-iconic-hologram-edition\/#breadcrumb","itemListElement":[{"@type":"ListItem","position":1,"name":"Home","item":"https:\/\/www.truzzer.com\/pl\/"},{"@type":"ListItem","position":2,"name":"Sklep","item":"https:\/\/www.truzzer.com\/pl\/sklep\/"},{"@type":"ListItem","position":3,"name":"**Instagram QR Naklejka z kodem \u201eIconic\u201d \u2013 edycja hologramowa**"}]},{"@type":"WebSite","@id":"https:\/\/www.truzzer.com\/pl\/#website","url":"https:\/\/www.truzzer.com\/pl\/","name":"truzzer","description":"Experts for customer trust","publisher":{"@id":"https:\/\/www.truzzer.com\/pl\/#organization"},"potentialAction":[{"@type":"SearchAction","target":{"@type":"EntryPoint","urlTemplate":"https:\/\/www.truzzer.com\/pl\/?s={search_term_string}"},"query-input":{"@type":"PropertyValueSpecification","valueRequired":true,"valueName":"search_term_string"}}],"inLanguage":"pl-PL"},{"@type":"Organization","@id":"https:\/\/www.truzzer.com\/pl\/#organization","name":"truzzer","url":"https:\/\/www.truzzer.com\/pl\/","logo":{"@type":"ImageObject","inLanguage":"pl-PL","@id":"https:\/\/www.truzzer.com\/pl\/#\/schema\/logo\/image\/","url":"https:\/\/truzzer.com\/wp-content\/uploads\/2026\/01\/truzzer-logo-black-1.svg","contentUrl":"https:\/\/truzzer.com\/wp-content\/uploads\/2026\/01\/truzzer-logo-black-1.svg","width":938,"height":199,"caption":"truzzer"},"image":{"@id":"https:\/\/www.truzzer.com\/pl\/#\/schema\/logo\/image\/"}}]}},"tiered_pricing_type":"fixed","tiered_pricing_fixed_rules":[],"tiered_pricing_product_settings":{"layout":"default","base_unit_name":{"singular":null,"plural":null},"default_variation":null},"tiered_pricing_minimum_quantity":null,"tiered_pricing_roles_data":[],"tiered_pricing_percentage_rules":[],"tiered_pricing_maximum_quantity":null,"tiered_pricing_quantity_step":null,"_links":{"self":[{"href":"https:\/\/www.truzzer.com\/pl\/wp-json\/wp\/v2\/product\/102510","targetHints":{"allow":["GET"]}}],"collection":[{"href":"https:\/\/www.truzzer.com\/pl\/wp-json\/wp\/v2\/product"}],"about":[{"href":"https:\/\/www.truzzer.com\/pl\/wp-json\/wp\/v2\/types\/product"}],"replies":[{"embeddable":true,"href":"https:\/\/www.truzzer.com\/pl\/wp-json\/wp\/v2\/comments?post=102510"}],"wp:featuredmedia":[{"embeddable":true,"href":"https:\/\/www.truzzer.com\/pl\/wp-json\/wp\/v2\/media\/102511"}],"wp:attachment":[{"href":"https:\/\/www.truzzer.com\/pl\/wp-json\/wp\/v2\/media?parent=102510"}],"wp:term":[{"taxonomy":"product_brand","embeddable":true,"href":"https:\/\/www.truzzer.com\/pl\/wp-json\/wp\/v2\/product_brand?post=102510"},{"taxonomy":"product_cat","embeddable":true,"href":"https:\/\/www.truzzer.com\/pl\/wp-json\/wp\/v2\/product_cat?post=102510"},{"taxonomy":"product_tag","embeddable":true,"href":"https:\/\/www.truzzer.com\/pl\/wp-json\/wp\/v2\/product_tag?post=102510"}],"curies":[{"name":"wp","href":"https:\/\/api.w.org\/{rel}","templated":true}]}}