{"id":102670,"date":"2026-02-11T10:14:57","date_gmt":"2026-02-11T10:14:57","guid":{"rendered":"https:\/\/beta.truzzer.com\/product\/google-anmeldelse-qr-kode-visittkorttelefon\/"},"modified":"2026-02-13T10:23:56","modified_gmt":"2026-02-13T10:23:56","slug":"google-anmeldelse-qr-kode-visittkorttelefon","status":"publish","type":"product","link":"https:\/\/www.truzzer.com\/pl\/produkt\/google-anmeldelse-qr-kode-visittkorttelefon\/","title":{"rendered":"Google Recenzja QR Kod wizyt\u00f3wki Telefon"},"content":{"rendered":"<h2>Google Recenzja wizyt\u00f3wki z kodem QR \u2013 wersja na telefon<\/h2>\n<p><strong>Truzzer PHONE Edition<\/strong> to nowoczesna wizyt\u00f3wka nowej generacji.<br \/>\nZaprojektowany specjalnie z my\u015bl\u0105 o wyj\u0105tkowej <strong>dogodno\u015bci dla klienta mobilnego<\/strong>, przenosi Twoj\u0105 firm\u0119 bezpo\u015brednio na smartfony klient\u00f3w za pomoc\u0105 jednego skanowania \u2014<br \/>\na stamt\u0105d bezpo\u015brednio do Twojej <strong>strony z recenzjami Google<\/strong>.<br \/>\nIdealny dla ka\u017cdego, kto chce zaprezentowa\u0107 swoj\u0105 mark\u0119 jako mobiln\u0105, cyfrow\u0105 i gotow\u0105 na przysz\u0142o\u015b\u0107.<\/p>\n<h3>Inteligentne rozwi\u0105zanie do recenzji mobilnych<\/h3>\n<p>Dzi\u0119ki <strong>QR Code Business Card PHONE Edition<\/strong> spotykasz si\u0119 z klientami tam, gdzie ju\u017c si\u0119 znajduj\u0105 \u2014 na ich telefonach.<br \/>\nZeskanuj, przejrzyj i gotowe.<br \/>\nNiezale\u017cnie od tego, czy jeste\u015b w sklepie, w restauracji, na targach, czy w podr\u00f3\u017cy \u2014 klienci mog\u0105 zostawi\u0107 recenzj\u0119 w ci\u0105gu kilku sekund, bez konieczno\u015bci instalowania aplikacji lub wyszukiwania Twojego wpisu.<\/p>\n<ul>\n<li><strong>Nowoczesny, minimalistyczny design<\/strong> w wygl\u0105dzie smartfona<\/li>\n<li><strong>Natychmiastowy dost\u0119p do kodu QR<\/strong> do Twojej strony z recenzjami Google<\/li>\n<li><strong>Indywidualnie skonfigurowane<\/strong> z nazw\u0105 i logo Twojej firmy<\/li>\n<li><strong>W pe\u0142ni skonfigurowany i amp; gotowy do u\u017cycia<\/strong>od razu<\/li>\n<li><strong>Idealny dla dostawc\u00f3w us\u0142ug mobilnych, hotelarstwa, urody i amp; wydarzenia<\/strong><\/li>\n<li><strong>Wyprodukowano w Niemczech<\/strong> \u2014 wysoka jako\u015b\u0107, przetestowana i spersonalizowana<\/li>\n<\/ul>\n<h3>Jak to dzia\u0142a<\/h3>\n<p>1. Podczas sk\u0142adania zam\u00f3wienia podajesz nazw\u0119 swojej firmy.<br \/>\n2. Tworzymy Tw\u00f3j indywidualny <strong>link do recenzji Google<\/strong> i kod QR.<br \/>\n3. Twoja karta jest w pe\u0142ni skonfigurowana i wys\u0142ana bezpo\u015brednio do Ciebie.<\/p>\n<p>Klienci po prostu skanuj\u0105 kod QR za pomoc\u0105 aparatu w smartfonie i natychmiast trafiaj\u0105 na stron\u0119 z recenzjami \u2014<br \/>\nbez objazd\u00f3w, bez konieczno\u015bci logowania i bez przeszk\u00f3d technicznych.<\/p>\n<h3>Dlaczego wersja PHONE<\/h3>\n<p>Wersja PHONE zosta\u0142a zaprojektowana specjalnie do u\u017cytku mobilnego.<br \/>\n\u0141\u0105czy znajomy wygl\u0105d interfejsu smartfona z <strong>naj\u0142atwiejszym na \u015bwiecie procesem recenzowania<\/strong>.<br \/>\nProjekt jest intuicyjny, przyci\u0105ga wzrok i aktywnie zach\u0119ca klient\u00f3w do natychmiastowego pozostawienia recenzji.<\/p>\n<h3>Korzy\u015bci dla Twojej firmy<\/h3>\n<ul>\n<li>Wi\u0119cej <strong>prawdziwych recenzji 5-gwiazdkowych<\/strong> w kr\u00f3tszym czasie<\/li>\n<li>Wi\u0119ksza <strong>widoczno\u015b\u0107 Google<\/strong> i lepsze rankingi<\/li>\n<li>Wi\u0119ksze zaufanie nowych klient\u00f3w<\/li>\n<li>Mniej wysi\u0142ku dla Twojego zespo\u0142u \u2014 karta zajmuje si\u0119 marketingiem za Ciebie<\/li>\n<\/ul>\n<h3>Dlaczego Truzzer<\/h3>\n<p>Jako <strong>lider rynku i wynalazca<\/strong> QR &amp; produkty NFC do recenzji Google,<br \/>\nTruzzer zapewnia wszystko gotowe do u\u017cycia: od osobistego linku do recenzji i projektu po ko\u0144cowy, przetestowany produkt.<br \/>\nNasze produkty s\u0105 wykorzystywane na terenie ca\u0142ych Niemiec \u2014 od ma\u0142ych lokalnych przedsi\u0119biorstw po du\u017ce sieci.<\/p>\n<ul>\n<li>Wynalazca &amp; lider rynku w Niemczech<\/li>\n<li>Wsparcie w j\u0119zyku niemieckim &amp; konfiguracja osobista<\/li>\n<li>Najwy\u017cej oceniane na Google<\/li>\n<li>Kompatybilny z ka\u017cdym smartfonem<\/li>\n<li>Bez subskrypcji, bez aplikacji i bez wiedzy technicznej<\/li>\n<\/ul>\n<h3>Szczeg\u00f3\u0142y techniczne<\/h3>\n<ul>\n<li>Rozmiar: format karty kredytowej, wz\u00f3r inspirowany smartfonem<\/li>\n<li>Materia\u0142: trwa\u0142a karta plastikowa, opcjonalnie wyko\u0144czenie matowe lub b\u0142yszcz\u0105ce<\/li>\n<li>Technologia: kod QR (dost\u0119pna opcjonalna kombinacja NFC)<\/li>\n<li>\u0141\u0105czenie: bezpo\u015bredni link do Twojego profilu recenzji Google<\/li>\n<li>Dostosowywanie: logo, nazwa firmy i amp; koncepcja kolorystyczna<\/li>\n<\/ul>\n<h3>Wniosek<\/h3>\n<p><strong>Recenzja Google Wizyt\u00f3wka z kodem QR \u2013 edycja na telefon<\/strong> to doskona\u0142e narz\u0119dzie<br \/>\ndo generowania recenzji bezpo\u015brednio w punkcie sprzeda\u017cy lub w kontaktach osobistych.<br \/>\nNowoczesny design zapewnia wymierny wp\u0142yw \u2014 zapewnia wi\u0119kszy zasi\u0119g, zaufanie i rozw\u00f3j.<\/p>\n<p><godz. \/><\/p>\n<p><strong>Zam\u00f3w teraz \u2014 \u0142\u0105cznie z kodem QR &amp; pe\u0142na konfiguracja.<\/strong><br \/>\nSpraw, aby droga do kolejnej pi\u0119ciogwiazdkowej recenzji by\u0142a tak prosta, jak skanowanie smartfonem.<\/p>\n","protected":false},"excerpt":{"rendered":"<h2>\n  <img decoding=\"async\" class=\"alignnone size-full wp-image-56732\" src=\"https:\/\/truzzer.com\/wp-content\/uploads\/2026\/02\/qrscan-ezgif.com-video-to-webp-converter-1.webp\" alt=\"\" szeroko\u015b\u0107=\"150\" wysoko\u015b\u0107=\"150\" \/><br \/>\n<\/h2>\n<h2>Z \u0142atwo\u015bci\u0105 uzyskaj wi\u0119cej recenzji Google dzi\u0119ki wizyt\u00f3wkom Google Review QR<\/h2>\n<p>Odkryj nowe standardowe wizyt\u00f3wki zaprojektowane, aby pom\u00f3c Ci zebra\u0107 wi\u0119cej recenzji Google \u2014 w przejrzystym, nowoczesnym wygl\u0105dzie, kt\u00f3ry idealnie pasuje do ka\u017cdej firmy.<\/p>\n<p>Dzi\u0119ki naszym wizyt\u00f3wkom Google Review QR Code mo\u017cesz w mgnieniu oka zdoby\u0107 wi\u0119cej recenzji Google.<\/p>\n<p>Wszystko, co musz\u0105 zrobi\u0107 Twoi klienci, to zeskanowa\u0107 kod QR za pomoc\u0105 aparatu w smartfonie \u2014 a zostan\u0105 przeniesieni bezpo\u015brednio na stron\u0119 z recenzjami Google.<\/p>\n<p>Prosz\u0119 r\u00f3wnie\u017c wpisa\u0107 adres i nazw\u0119 firmy w polu konfiguracyjnym. Korzystaj\u0105c z tych informacji, tworzymy dla Ciebie indywidualny link do recenzji, dzi\u0119ki czemu nie musisz si\u0119 o nic martwi\u0107.<\/p>\n","protected":false},"featured_media":102778,"comment_status":"closed","ping_status":"closed","template":"","meta":{"_acf_changed":false,"_yoast_wpseo_focuskw":"Opinia Google Wizyt\u00f3wka","_yoast_wpseo_title":"Google anmeldelse QR-kode visittkorttelefon | truzzer","_yoast_wpseo_metadesc":"Wi\u0119cej 5-gwiazdkowych opinii Google z Google anmeldelse QR-kode visittkorttelefon od truzzer. \u0141atwa konfiguracja, gotowe do u\u017cycia. Zam\u00f3w teraz!"},"product_brand":[1652],"product_cat":[518,608,779,815,816],"product_tag":[],"class_list":{"0":"post-102670","1":"product","2":"type-product","3":"status-publish","4":"has-post-thumbnail","6":"product_brand-google","7":"product_cat-kod-qr-produkty","8":"product_cat-kod-qr-wizytowki","9":"product_cat-opinia-google-produkty","10":"product_cat-opinia-google-wizytowki","11":"product_cat-opinia-google-wizytowki-z-kodem-qr","12":"pa_material-karton","13":"pa_orientation-portrett","14":"pa_placement-bon","15":"pa_placement-broszura","16":"pa_placement-lommebok-personlig","17":"pa_placement-portemonnee-personlijk","18":"pa_product-type-odwiedzekaartjes","19":"pa_shape-rechthoek","20":"pa_technology-kod-qr","22":"first","23":"instock","24":"taxable","25":"shipping-taxable","26":"purchasable","27":"product-type-simple"},"acf":[],"yoast_head":"<!-- This site is optimized with the Yoast SEO plugin v27.0 - https:\/\/yoast.com\/product\/yoast-seo-wordpress\/ -->\n<title>Google anmeldelse QR-kode visittkorttelefon | truzzer<\/title>\n<meta name=\"description\" content=\"Wi\u0119cej 5-gwiazdkowych opinii Google z Google anmeldelse QR-kode visittkorttelefon od truzzer. \u0141atwa konfiguracja, gotowe do u\u017cycia. Zam\u00f3w teraz!\" \/>\n<meta name=\"robots\" content=\"index, follow, max-snippet:-1, max-image-preview:large, max-video-preview:-1\" \/>\n<link rel=\"canonical\" href=\"https:\/\/www.truzzer.com\/pl\/produkt\/google-anmeldelse-qr-kode-visittkorttelefon\/\" \/>\n<meta property=\"og:locale\" content=\"pl_PL\" \/>\n<meta property=\"og:type\" content=\"article\" \/>\n<meta property=\"og:title\" content=\"Google anmeldelse QR-kode visittkorttelefon | truzzer\" \/>\n<meta property=\"og:description\" content=\"Wi\u0119cej 5-gwiazdkowych opinii Google z Google anmeldelse QR-kode visittkorttelefon od truzzer. \u0141atwa konfiguracja, gotowe do u\u017cycia. Zam\u00f3w teraz!\" \/>\n<meta property=\"og:url\" content=\"https:\/\/www.truzzer.com\/pl\/produkt\/google-anmeldelse-qr-kode-visittkorttelefon\/\" \/>\n<meta property=\"og:site_name\" content=\"truzzer\" \/>\n<meta property=\"article:modified_time\" content=\"2026-02-13T10:23:56+00:00\" \/>\n<meta property=\"og:image\" content=\"https:\/\/www.truzzer.com\/wp-content\/uploads\/2026\/02\/Google-Bewertung-QR-Code-VIsitenkarte-Phone-2-empfehlio-3-en.jpg\" \/>\n\t<meta property=\"og:image:width\" content=\"1024\" \/>\n\t<meta property=\"og:image:height\" content=\"1024\" \/>\n\t<meta property=\"og:image:type\" content=\"image\/jpeg\" \/>\n<meta name=\"twitter:card\" content=\"summary_large_image\" \/>\n<meta name=\"twitter:label1\" content=\"Szacowany czas czytania\" \/>\n\t<meta name=\"twitter:data1\" content=\"3 minuty\" \/>\n<script type=\"application\/ld+json\" class=\"yoast-schema-graph\">{\"@context\":\"https:\/\/schema.org\",\"@graph\":[{\"@type\":\"WebPage\",\"@id\":\"https:\/\/www.truzzer.com\/pl\/produkt\/google-anmeldelse-qr-kode-visittkorttelefon\/\",\"url\":\"https:\/\/www.truzzer.com\/pl\/produkt\/google-anmeldelse-qr-kode-visittkorttelefon\/\",\"name\":\"Google anmeldelse QR-kode visittkorttelefon | truzzer\",\"isPartOf\":{\"@id\":\"https:\/\/www.truzzer.com\/pl\/#website\"},\"primaryImageOfPage\":{\"@id\":\"https:\/\/www.truzzer.com\/pl\/produkt\/google-anmeldelse-qr-kode-visittkorttelefon\/#primaryimage\"},\"image\":{\"@id\":\"https:\/\/www.truzzer.com\/pl\/produkt\/google-anmeldelse-qr-kode-visittkorttelefon\/#primaryimage\"},\"thumbnailUrl\":\"https:\/\/www.truzzer.com\/wp-content\/uploads\/2026\/02\/Google-Bewertung-QR-Code-VIsitenkarte-Phone-2-empfehlio-3-en.jpg\",\"datePublished\":\"2026-02-11T10:14:57+00:00\",\"dateModified\":\"2026-02-13T10:23:56+00:00\",\"description\":\"Wi\u0119cej 5-gwiazdkowych opinii Google z Google anmeldelse QR-kode visittkorttelefon od truzzer. \u0141atwa konfiguracja, gotowe do u\u017cycia. Zam\u00f3w teraz!\",\"breadcrumb\":{\"@id\":\"https:\/\/www.truzzer.com\/pl\/produkt\/google-anmeldelse-qr-kode-visittkorttelefon\/#breadcrumb\"},\"inLanguage\":\"pl-PL\",\"potentialAction\":[{\"@type\":\"ReadAction\",\"target\":[\"https:\/\/www.truzzer.com\/pl\/produkt\/google-anmeldelse-qr-kode-visittkorttelefon\/\"]}]},{\"@type\":\"ImageObject\",\"inLanguage\":\"pl-PL\",\"@id\":\"https:\/\/www.truzzer.com\/pl\/produkt\/google-anmeldelse-qr-kode-visittkorttelefon\/#primaryimage\",\"url\":\"https:\/\/www.truzzer.com\/wp-content\/uploads\/2026\/02\/Google-Bewertung-QR-Code-VIsitenkarte-Phone-2-empfehlio-3-en.jpg\",\"contentUrl\":\"https:\/\/www.truzzer.com\/wp-content\/uploads\/2026\/02\/Google-Bewertung-QR-Code-VIsitenkarte-Phone-2-empfehlio-3-en.jpg\",\"width\":1024,\"height\":1024},{\"@type\":\"BreadcrumbList\",\"@id\":\"https:\/\/www.truzzer.com\/pl\/produkt\/google-anmeldelse-qr-kode-visittkorttelefon\/#breadcrumb\",\"itemListElement\":[{\"@type\":\"ListItem\",\"position\":1,\"name\":\"Home\",\"item\":\"https:\/\/www.truzzer.com\/pl\/\"},{\"@type\":\"ListItem\",\"position\":2,\"name\":\"Sklep\",\"item\":\"https:\/\/www.truzzer.com\/pl\/sklep\/\"},{\"@type\":\"ListItem\",\"position\":3,\"name\":\"Google Recenzja QR Kod wizyt\u00f3wki Telefon\"}]},{\"@type\":\"WebSite\",\"@id\":\"https:\/\/www.truzzer.com\/pl\/#website\",\"url\":\"https:\/\/www.truzzer.com\/pl\/\",\"name\":\"truzzer\",\"description\":\"Experts for customer trust\",\"publisher\":{\"@id\":\"https:\/\/www.truzzer.com\/pl\/#organization\"},\"potentialAction\":[{\"@type\":\"SearchAction\",\"target\":{\"@type\":\"EntryPoint\",\"urlTemplate\":\"https:\/\/www.truzzer.com\/pl\/?s={search_term_string}\"},\"query-input\":{\"@type\":\"PropertyValueSpecification\",\"valueRequired\":true,\"valueName\":\"search_term_string\"}}],\"inLanguage\":\"pl-PL\"},{\"@type\":\"Organization\",\"@id\":\"https:\/\/www.truzzer.com\/pl\/#organization\",\"name\":\"truzzer\",\"url\":\"https:\/\/www.truzzer.com\/pl\/\",\"logo\":{\"@type\":\"ImageObject\",\"inLanguage\":\"pl-PL\",\"@id\":\"https:\/\/www.truzzer.com\/pl\/#\/schema\/logo\/image\/\",\"url\":\"https:\/\/truzzer.com\/wp-content\/uploads\/2026\/01\/truzzer-logo-black-1.svg\",\"contentUrl\":\"https:\/\/truzzer.com\/wp-content\/uploads\/2026\/01\/truzzer-logo-black-1.svg\",\"width\":938,\"height\":199,\"caption\":\"truzzer\"},\"image\":{\"@id\":\"https:\/\/www.truzzer.com\/pl\/#\/schema\/logo\/image\/\"}}]}<\/script>\n<!-- \/ Yoast SEO plugin. -->","yoast_head_json":{"title":"Google anmeldelse QR-kode visittkorttelefon | truzzer","description":"Wi\u0119cej 5-gwiazdkowych opinii Google z Google anmeldelse QR-kode visittkorttelefon od truzzer. \u0141atwa konfiguracja, gotowe do u\u017cycia. Zam\u00f3w teraz!","robots":{"index":"index","follow":"follow","max-snippet":"max-snippet:-1","max-image-preview":"max-image-preview:large","max-video-preview":"max-video-preview:-1"},"canonical":"https:\/\/www.truzzer.com\/pl\/produkt\/google-anmeldelse-qr-kode-visittkorttelefon\/","og_locale":"pl_PL","og_type":"article","og_title":"Google anmeldelse QR-kode visittkorttelefon | truzzer","og_description":"Wi\u0119cej 5-gwiazdkowych opinii Google z Google anmeldelse QR-kode visittkorttelefon od truzzer. \u0141atwa konfiguracja, gotowe do u\u017cycia. Zam\u00f3w teraz!","og_url":"https:\/\/www.truzzer.com\/pl\/produkt\/google-anmeldelse-qr-kode-visittkorttelefon\/","og_site_name":"truzzer","article_modified_time":"2026-02-13T10:23:56+00:00","og_image":[{"width":1024,"height":1024,"url":"https:\/\/www.truzzer.com\/wp-content\/uploads\/2026\/02\/Google-Bewertung-QR-Code-VIsitenkarte-Phone-2-empfehlio-3-en.jpg","type":"image\/jpeg"}],"twitter_card":"summary_large_image","twitter_misc":{"Szacowany czas czytania":"3 minuty"},"schema":{"@context":"https:\/\/schema.org","@graph":[{"@type":"WebPage","@id":"https:\/\/www.truzzer.com\/pl\/produkt\/google-anmeldelse-qr-kode-visittkorttelefon\/","url":"https:\/\/www.truzzer.com\/pl\/produkt\/google-anmeldelse-qr-kode-visittkorttelefon\/","name":"Google anmeldelse QR-kode visittkorttelefon | truzzer","isPartOf":{"@id":"https:\/\/www.truzzer.com\/pl\/#website"},"primaryImageOfPage":{"@id":"https:\/\/www.truzzer.com\/pl\/produkt\/google-anmeldelse-qr-kode-visittkorttelefon\/#primaryimage"},"image":{"@id":"https:\/\/www.truzzer.com\/pl\/produkt\/google-anmeldelse-qr-kode-visittkorttelefon\/#primaryimage"},"thumbnailUrl":"https:\/\/www.truzzer.com\/wp-content\/uploads\/2026\/02\/Google-Bewertung-QR-Code-VIsitenkarte-Phone-2-empfehlio-3-en.jpg","datePublished":"2026-02-11T10:14:57+00:00","dateModified":"2026-02-13T10:23:56+00:00","description":"Wi\u0119cej 5-gwiazdkowych opinii Google z Google anmeldelse QR-kode visittkorttelefon od truzzer. \u0141atwa konfiguracja, gotowe do u\u017cycia. Zam\u00f3w teraz!","breadcrumb":{"@id":"https:\/\/www.truzzer.com\/pl\/produkt\/google-anmeldelse-qr-kode-visittkorttelefon\/#breadcrumb"},"inLanguage":"pl-PL","potentialAction":[{"@type":"ReadAction","target":["https:\/\/www.truzzer.com\/pl\/produkt\/google-anmeldelse-qr-kode-visittkorttelefon\/"]}]},{"@type":"ImageObject","inLanguage":"pl-PL","@id":"https:\/\/www.truzzer.com\/pl\/produkt\/google-anmeldelse-qr-kode-visittkorttelefon\/#primaryimage","url":"https:\/\/www.truzzer.com\/wp-content\/uploads\/2026\/02\/Google-Bewertung-QR-Code-VIsitenkarte-Phone-2-empfehlio-3-en.jpg","contentUrl":"https:\/\/www.truzzer.com\/wp-content\/uploads\/2026\/02\/Google-Bewertung-QR-Code-VIsitenkarte-Phone-2-empfehlio-3-en.jpg","width":1024,"height":1024},{"@type":"BreadcrumbList","@id":"https:\/\/www.truzzer.com\/pl\/produkt\/google-anmeldelse-qr-kode-visittkorttelefon\/#breadcrumb","itemListElement":[{"@type":"ListItem","position":1,"name":"Home","item":"https:\/\/www.truzzer.com\/pl\/"},{"@type":"ListItem","position":2,"name":"Sklep","item":"https:\/\/www.truzzer.com\/pl\/sklep\/"},{"@type":"ListItem","position":3,"name":"Google Recenzja QR Kod wizyt\u00f3wki Telefon"}]},{"@type":"WebSite","@id":"https:\/\/www.truzzer.com\/pl\/#website","url":"https:\/\/www.truzzer.com\/pl\/","name":"truzzer","description":"Experts for customer trust","publisher":{"@id":"https:\/\/www.truzzer.com\/pl\/#organization"},"potentialAction":[{"@type":"SearchAction","target":{"@type":"EntryPoint","urlTemplate":"https:\/\/www.truzzer.com\/pl\/?s={search_term_string}"},"query-input":{"@type":"PropertyValueSpecification","valueRequired":true,"valueName":"search_term_string"}}],"inLanguage":"pl-PL"},{"@type":"Organization","@id":"https:\/\/www.truzzer.com\/pl\/#organization","name":"truzzer","url":"https:\/\/www.truzzer.com\/pl\/","logo":{"@type":"ImageObject","inLanguage":"pl-PL","@id":"https:\/\/www.truzzer.com\/pl\/#\/schema\/logo\/image\/","url":"https:\/\/truzzer.com\/wp-content\/uploads\/2026\/01\/truzzer-logo-black-1.svg","contentUrl":"https:\/\/truzzer.com\/wp-content\/uploads\/2026\/01\/truzzer-logo-black-1.svg","width":938,"height":199,"caption":"truzzer"},"image":{"@id":"https:\/\/www.truzzer.com\/pl\/#\/schema\/logo\/image\/"}}]}},"tiered_pricing_type":"fixed","tiered_pricing_fixed_rules":[],"tiered_pricing_product_settings":{"layout":"default","base_unit_name":{"singular":null,"plural":null},"default_variation":null},"tiered_pricing_minimum_quantity":null,"tiered_pricing_roles_data":[],"tiered_pricing_percentage_rules":[],"tiered_pricing_maximum_quantity":null,"tiered_pricing_quantity_step":null,"_links":{"self":[{"href":"https:\/\/www.truzzer.com\/pl\/wp-json\/wp\/v2\/product\/102670","targetHints":{"allow":["GET"]}}],"collection":[{"href":"https:\/\/www.truzzer.com\/pl\/wp-json\/wp\/v2\/product"}],"about":[{"href":"https:\/\/www.truzzer.com\/pl\/wp-json\/wp\/v2\/types\/product"}],"replies":[{"embeddable":true,"href":"https:\/\/www.truzzer.com\/pl\/wp-json\/wp\/v2\/comments?post=102670"}],"wp:featuredmedia":[{"embeddable":true,"href":"https:\/\/www.truzzer.com\/pl\/wp-json\/wp\/v2\/media\/102778"}],"wp:attachment":[{"href":"https:\/\/www.truzzer.com\/pl\/wp-json\/wp\/v2\/media?parent=102670"}],"wp:term":[{"taxonomy":"product_brand","embeddable":true,"href":"https:\/\/www.truzzer.com\/pl\/wp-json\/wp\/v2\/product_brand?post=102670"},{"taxonomy":"product_cat","embeddable":true,"href":"https:\/\/www.truzzer.com\/pl\/wp-json\/wp\/v2\/product_cat?post=102670"},{"taxonomy":"product_tag","embeddable":true,"href":"https:\/\/www.truzzer.com\/pl\/wp-json\/wp\/v2\/product_tag?post=102670"}],"curies":[{"name":"wp","href":"https:\/\/api.w.org\/{rel}","templated":true}]}}