{"id":102702,"date":"2026-02-11T10:14:30","date_gmt":"2026-02-11T10:14:30","guid":{"rendered":"https:\/\/beta.truzzer.com\/product\/google-review-qr-code-business-card-standard\/"},"modified":"2026-02-13T10:25:13","modified_gmt":"2026-02-13T10:25:13","slug":"google-review-qr-code-business-card-standard","status":"publish","type":"product","link":"https:\/\/www.truzzer.com\/pl\/produkt\/google-review-qr-code-business-card-standard\/","title":{"rendered":"Google Przegl\u0105d standardu wizyt\u00f3wek QR Code"},"content":{"rendered":"<h2>Google Recenzja Wizyt\u00f3wka z kodem QR \u2013 standardowa<\/h2>\n<p>\n<strong>Standardowa wizyt\u00f3wka Truzzer<\/strong> to proste i skuteczne wej\u015bcie w \u015bwiat recenzji Google.<br \/>\n\u0141\u0105czy w sobie nowoczesny, profesjonalny design z bezpo\u015bredni\u0105 moc\u0105 <strong>indywidualnego kodu QR<\/strong><br \/>\nkt\u00f3ra przeniesie Twoich klient\u00f3w bezpo\u015brednio na stron\u0119 z recenzjami Google Twojej firmy.<br \/>\nDzi\u0119ki temu recenzje staj\u0105 si\u0119 naturaln\u0105 cz\u0119\u015bci\u0105 ka\u017cdej interakcji z klientem.\n<\/p>\n<h3>\u0141atwy spos\u00f3b na zdobycie wi\u0119kszej liczby recenzji Google<\/h3>\n<p>\nDzi\u0119ki <strong>Standardowej wizyt\u00f3wce z kodem QR<\/strong> klienci mog\u0105 bez problemu Ci\u0119 poleca\u0107.<br \/>\nWystarczy szybkie skanowanie smartfonem, a produkty wyl\u0105duj\u0105 bezpo\u015brednio na stronie z recenzjami Google \u2014<br \/>\nbez poszukiwa\u0144, bez objazd\u00f3w, bez barier technicznych.<br \/>\nTa karta jest idealna dla ka\u017cdego, kto chce zbudowa\u0107 wi\u0119ksze zaufanie dzi\u0119ki <strong>profesjonalnej obecno\u015bci<\/strong>, a jednocze\u015bnie zwi\u0119kszy\u0107 swoj\u0105 <strong>widoczno\u015b\u0107 w Internecie<\/strong>.\n<\/p>\n<ul>\n<li><strong>Czysty, profesjonalny design<\/strong> \u2014 idealny do codziennego u\u017cytku<\/li>\n<li><strong>Przekieruj kod QR<\/strong> do profilu Twojej firmy Google<\/li>\n<li><strong>W pe\u0142ni skonfigurowany i amp; gotowy do u\u017cycia<\/strong> natychmiast<\/li>\n<li><strong>Mo\u017cliwo\u015b\u0107 dostosowania<\/strong> za pomoc\u0105 logo i nazwy firmy<\/li>\n<li><strong>Wyprodukowano w Niemczech<\/strong> \u2014 przetestowane, skonfigurowane i gotowe do wysy\u0142ki<\/li>\n<li><strong>Idealny<\/strong> dla handlu, us\u0142ug, hotelarstwa, fitnessu i amp; sprzeda\u017c detaliczna<\/li>\n<\/ul>\n<h3>Jak to dzia\u0142a<\/h3>\n<p>\n1. Podczas sk\u0142adania zam\u00f3wienia podajesz nazw\u0119 swojej firmy.<br \/>\n2. Generujemy Tw\u00f3j <strong>indywidualny link do recenzji<\/strong> i tworzymy kod QR.<br \/>\n3. Otrzymujesz kart\u0119 <strong>w pe\u0142ni skonfigurowan\u0105<\/strong> \u2014 po prostu j\u0105 przeka\u017c i pozw\u00f3l klientom zeskanowa\u0107.\n<\/p>\n<p>\nJednym skanowaniem klienci otwieraj\u0105 stron\u0119 z recenzjami Google Twojej firmy \u2014<br \/>\ni od razu mog\u0105 podzieli\u0107 si\u0119 swoimi do\u015bwiadczeniami.\n<\/p>\n<h3>Dlaczego wersja standardowa<\/h3>\n<p>\nTa karta zosta\u0142a celowo zaprojektowana tak, aby by\u0142a <strong>minimalistyczna i uniwersalna<\/strong>.<br \/>\nDzia\u0142a w ka\u017cdej firmie i w ka\u017cdym otoczeniu \u2014 czy to podczas rozm\u00f3w sprzeda\u017cowych, spotka\u0144 czy obs\u0142ugi klienta.<br \/>\nNacisk po\u0142o\u017cony jest na maksymaln\u0105 prostot\u0119 i skuteczno\u015b\u0107.\n<\/p>\n<h3>Korzy\u015bci dla Twojej firmy<\/h3>\n<ul>\n<li>Wi\u0119cej <strong>autentycznych opinii klient\u00f3w<\/strong> bez dodatkowych narz\u0119dzi<\/li>\n<li>Poprawiona widoczno\u015b\u0107 <strong>Google<\/strong> i rankingi<\/li>\n<li>Wi\u0119ksze zaufanie dzi\u0119ki autentycznym opiniom klient\u00f3w<\/li>\n<li>Bez subskrypcji, bez aplikacji, bez wysi\u0142ku<\/li>\n<\/ul>\n<h3>Dlaczego Truzzer<\/h3>\n<p>\nTruzzer jest <strong>wynalazc\u0105 i liderem rynku<\/strong> QR &amp; Produkty NFC stworzone na potrzeby recenzji Google.<br \/>\nZ naszych produkt\u00f3w korzystaj\u0105 ju\u017c tysi\u0105ce firm. Ka\u017cdego dnia pomagaj\u0105 generowa\u0107 wi\u0119cej recenzji i budowa\u0107 zaufanie.<br \/>\nZajmiemy si\u0119 ca\u0142\u0105 konfiguracj\u0105 za Ciebie \u2014 otrzymasz wszystko gotowe do u\u017cycia.\n<\/p>\n<ul>\n<li>Lider rynku &amp; wynalazca w Niemczech<\/li>\n<li>Wsparcie w j\u0119zyku niemieckim &amp; konfiguracja osobista<\/li>\n<li>Najwy\u017cej oceniane na Google<\/li>\n<li>Kompatybilny z ka\u017cdym smartfonem<\/li>\n<li>Bez aplikacji, nie wymaga logowania<\/li>\n<\/ul>\n<h3>Szczeg\u00f3\u0142y techniczne<\/h3>\n<ul>\n<li>Format: standardowa wizyt\u00f3wka<\/li>\n<li>Materia\u0142: trwa\u0142a karta plastikowa (matowa lub b\u0142yszcz\u0105ca)<\/li>\n<li>Technologia: kod QR (opcjonalnie z NFC)<\/li>\n<li>\u0141\u0105czenie: bezpo\u015bredni link do recenzji do Twojego profilu Google<\/li>\n<li>Dostosowywanie: logo i nazwa firmy opcjonalne<\/li>\n<\/ul>\n<h3>Wniosek<\/h3>\n<p>\n<strong>Recenzja Google Wizyt\u00f3wka z kodem QR \u2013 standard<\/strong> to idealne narz\u0119dzie dla firm<br \/>\nkt\u00f3rzy chc\u0105 aktywnie zwi\u0119ksza\u0107 liczb\u0119 recenzji bez dodatkowej technologii i wysi\u0142ku.<br \/>\nProste, sprawdzone i skuteczne rozwi\u0105zanie zapewniaj\u0105ce wi\u0119kszy zasi\u0119g, zaufanie i rozw\u00f3j.\n<\/p>\n<p><godz.><\/p>\n<p>\n<strong>Zam\u00f3w teraz \u2014 \u0142\u0105cznie z konfiguracj\u0105 i amp; Kod QR.<\/strong><br \/>\nWi\u0119cej recenzji. Wi\u0119ksza widoczno\u015b\u0107. Wi\u0119kszy sukces z Truzzer.<\/p>\n","protected":false},"excerpt":{"rendered":"<h2>\n  <img decoding=\"async\" class=\"alignnone size-full wp-image-56732\" src=\"https:\/\/truzzer.com\/wp-content\/uploads\/2026\/02\/qrscan-ezgif.com-video-to-webp-converter-1.webp\" alt=\"\" szeroko\u015b\u0107=\"150\" wysoko\u015b\u0107=\"150\" \/><br \/>\n<\/h2>\n<h2>Z \u0142atwo\u015bci\u0105 uzyskaj wi\u0119cej recenzji Google dzi\u0119ki wizyt\u00f3wkom z kodem Google Review<\/h2>\n<p>\nOdkryj nasze nowe standardowe wizyt\u00f3wki zaprojektowane, aby pom\u00f3c Ci zebra\u0107 wi\u0119cej recenzji Google \u2014 o czystym, nowoczesnym wygl\u0105dzie, kt\u00f3ry bezproblemowo pasuje do ka\u017cdej firmy.\n<\/p>\n<p>\nDzi\u0119ki wizyt\u00f3wkom z kodem Google Recenzja QR mo\u017cesz w mgnieniu oka zdoby\u0107 wi\u0119cej recenzji Google.\n<\/p>\n<p>\nWszystko, co musz\u0105 zrobi\u0107 Twoi klienci, to zeskanowa\u0107 kod QR za pomoc\u0105 aparatu w smartfonie, a zostan\u0105 przeniesieni bezpo\u015brednio na stron\u0119 z recenzjami Google.\n<\/p>\n<p>\nW polu konfiguracji wystarczy wpisa\u0107 nazw\u0119 firmy i jej adres. Na podstawie tych informacji utworzymy dla Ciebie indywidualny link do recenzji \u2013 aby\u015b nie musia\u0142 si\u0119 o nic martwi\u0107.<\/p>\n","protected":false},"featured_media":102785,"comment_status":"open","ping_status":"closed","template":"","meta":{"_acf_changed":false,"_yoast_wpseo_focuskw":"Opinia Google Wizyt\u00f3wka","_yoast_wpseo_title":"Google Review QR Code Business Card Standard | truzzer","_yoast_wpseo_metadesc":"Wi\u0119cej 5-gwiazdkowych opinii Google z Google Review QR Code Business Card Standard od truzzer. \u0141atwa konfiguracja, gotowe do u\u017cycia. Zam\u00f3w teraz!"},"product_brand":[1652],"product_cat":[518,608,779,815,816,1621],"product_tag":[],"class_list":{"0":"post-102702","1":"product","2":"type-product","3":"status-publish","4":"has-post-thumbnail","6":"product_brand-google","7":"product_cat-kod-qr-produkty","8":"product_cat-kod-qr-wizytowki","9":"product_cat-opinia-google-produkty","10":"product_cat-opinia-google-wizytowki","11":"product_cat-opinia-google-wizytowki-z-kodem-qr","12":"product_cat-wifi-produkty","13":"pa_material-karton","14":"pa_orientation-portrett","15":"pa_placement-bon","16":"pa_placement-broszura","17":"pa_placement-lommebok-personlig","18":"pa_placement-portemonnee-personlijk","19":"pa_product-type-odwiedzekaartjes","20":"pa_shape-rechthoek","21":"pa_technology-kod-qr","23":"first","24":"instock","25":"taxable","26":"shipping-taxable","27":"purchasable","28":"product-type-simple"},"acf":[],"yoast_head":"<!-- This site is optimized with the Yoast SEO plugin v27.0 - https:\/\/yoast.com\/product\/yoast-seo-wordpress\/ -->\n<title>Google Review QR Code Business Card Standard | truzzer<\/title>\n<meta name=\"description\" content=\"Wi\u0119cej 5-gwiazdkowych opinii Google z Google Review QR Code Business Card Standard od truzzer. \u0141atwa konfiguracja, gotowe do u\u017cycia. Zam\u00f3w teraz!\" \/>\n<meta name=\"robots\" content=\"index, follow, max-snippet:-1, max-image-preview:large, max-video-preview:-1\" \/>\n<link rel=\"canonical\" href=\"https:\/\/www.truzzer.com\/pl\/produkt\/google-review-qr-code-business-card-standard\/\" \/>\n<meta property=\"og:locale\" content=\"pl_PL\" \/>\n<meta property=\"og:type\" content=\"article\" \/>\n<meta property=\"og:title\" content=\"Google Review QR Code Business Card Standard | truzzer\" \/>\n<meta property=\"og:description\" content=\"Wi\u0119cej 5-gwiazdkowych opinii Google z Google Review QR Code Business Card Standard od truzzer. \u0141atwa konfiguracja, gotowe do u\u017cycia. Zam\u00f3w teraz!\" \/>\n<meta property=\"og:url\" content=\"https:\/\/www.truzzer.com\/pl\/produkt\/google-review-qr-code-business-card-standard\/\" \/>\n<meta property=\"og:site_name\" content=\"truzzer\" \/>\n<meta property=\"article:modified_time\" content=\"2026-02-13T10:25:13+00:00\" \/>\n<meta property=\"og:image\" content=\"https:\/\/www.truzzer.com\/wp-content\/uploads\/2026\/02\/Google-Bewertung-QR-Code-VIsitenkarte-Standard-2-empfehlio-1-en.jpg\" \/>\n\t<meta property=\"og:image:width\" content=\"1024\" \/>\n\t<meta property=\"og:image:height\" content=\"1024\" \/>\n\t<meta property=\"og:image:type\" content=\"image\/jpeg\" \/>\n<meta name=\"twitter:card\" content=\"summary_large_image\" \/>\n<meta name=\"twitter:label1\" content=\"Szacowany czas czytania\" \/>\n\t<meta name=\"twitter:data1\" content=\"3 minuty\" \/>\n<script type=\"application\/ld+json\" class=\"yoast-schema-graph\">{\"@context\":\"https:\/\/schema.org\",\"@graph\":[{\"@type\":\"WebPage\",\"@id\":\"https:\/\/www.truzzer.com\/pl\/produkt\/google-review-qr-code-business-card-standard\/\",\"url\":\"https:\/\/www.truzzer.com\/pl\/produkt\/google-review-qr-code-business-card-standard\/\",\"name\":\"Google Review QR Code Business Card Standard | truzzer\",\"isPartOf\":{\"@id\":\"https:\/\/www.truzzer.com\/pl\/#website\"},\"primaryImageOfPage\":{\"@id\":\"https:\/\/www.truzzer.com\/pl\/produkt\/google-review-qr-code-business-card-standard\/#primaryimage\"},\"image\":{\"@id\":\"https:\/\/www.truzzer.com\/pl\/produkt\/google-review-qr-code-business-card-standard\/#primaryimage\"},\"thumbnailUrl\":\"https:\/\/www.truzzer.com\/wp-content\/uploads\/2026\/02\/Google-Bewertung-QR-Code-VIsitenkarte-Standard-2-empfehlio-1-en.jpg\",\"datePublished\":\"2026-02-11T10:14:30+00:00\",\"dateModified\":\"2026-02-13T10:25:13+00:00\",\"description\":\"Wi\u0119cej 5-gwiazdkowych opinii Google z Google Review QR Code Business Card Standard od truzzer. \u0141atwa konfiguracja, gotowe do u\u017cycia. Zam\u00f3w teraz!\",\"breadcrumb\":{\"@id\":\"https:\/\/www.truzzer.com\/pl\/produkt\/google-review-qr-code-business-card-standard\/#breadcrumb\"},\"inLanguage\":\"pl-PL\",\"potentialAction\":[{\"@type\":\"ReadAction\",\"target\":[\"https:\/\/www.truzzer.com\/pl\/produkt\/google-review-qr-code-business-card-standard\/\"]}]},{\"@type\":\"ImageObject\",\"inLanguage\":\"pl-PL\",\"@id\":\"https:\/\/www.truzzer.com\/pl\/produkt\/google-review-qr-code-business-card-standard\/#primaryimage\",\"url\":\"https:\/\/www.truzzer.com\/wp-content\/uploads\/2026\/02\/Google-Bewertung-QR-Code-VIsitenkarte-Standard-2-empfehlio-1-en.jpg\",\"contentUrl\":\"https:\/\/www.truzzer.com\/wp-content\/uploads\/2026\/02\/Google-Bewertung-QR-Code-VIsitenkarte-Standard-2-empfehlio-1-en.jpg\",\"width\":1024,\"height\":1024},{\"@type\":\"BreadcrumbList\",\"@id\":\"https:\/\/www.truzzer.com\/pl\/produkt\/google-review-qr-code-business-card-standard\/#breadcrumb\",\"itemListElement\":[{\"@type\":\"ListItem\",\"position\":1,\"name\":\"Home\",\"item\":\"https:\/\/www.truzzer.com\/pl\/\"},{\"@type\":\"ListItem\",\"position\":2,\"name\":\"Sklep\",\"item\":\"https:\/\/www.truzzer.com\/pl\/sklep\/\"},{\"@type\":\"ListItem\",\"position\":3,\"name\":\"Google Przegl\u0105d standardu wizyt\u00f3wek QR Code\"}]},{\"@type\":\"WebSite\",\"@id\":\"https:\/\/www.truzzer.com\/pl\/#website\",\"url\":\"https:\/\/www.truzzer.com\/pl\/\",\"name\":\"truzzer\",\"description\":\"Experts for customer trust\",\"publisher\":{\"@id\":\"https:\/\/www.truzzer.com\/pl\/#organization\"},\"potentialAction\":[{\"@type\":\"SearchAction\",\"target\":{\"@type\":\"EntryPoint\",\"urlTemplate\":\"https:\/\/www.truzzer.com\/pl\/?s={search_term_string}\"},\"query-input\":{\"@type\":\"PropertyValueSpecification\",\"valueRequired\":true,\"valueName\":\"search_term_string\"}}],\"inLanguage\":\"pl-PL\"},{\"@type\":\"Organization\",\"@id\":\"https:\/\/www.truzzer.com\/pl\/#organization\",\"name\":\"truzzer\",\"url\":\"https:\/\/www.truzzer.com\/pl\/\",\"logo\":{\"@type\":\"ImageObject\",\"inLanguage\":\"pl-PL\",\"@id\":\"https:\/\/www.truzzer.com\/pl\/#\/schema\/logo\/image\/\",\"url\":\"https:\/\/truzzer.com\/wp-content\/uploads\/2026\/01\/truzzer-logo-black-1.svg\",\"contentUrl\":\"https:\/\/truzzer.com\/wp-content\/uploads\/2026\/01\/truzzer-logo-black-1.svg\",\"width\":938,\"height\":199,\"caption\":\"truzzer\"},\"image\":{\"@id\":\"https:\/\/www.truzzer.com\/pl\/#\/schema\/logo\/image\/\"}}]}<\/script>\n<!-- \/ Yoast SEO plugin. -->","yoast_head_json":{"title":"Google Review QR Code Business Card Standard | truzzer","description":"Wi\u0119cej 5-gwiazdkowych opinii Google z Google Review QR Code Business Card Standard od truzzer. \u0141atwa konfiguracja, gotowe do u\u017cycia. Zam\u00f3w teraz!","robots":{"index":"index","follow":"follow","max-snippet":"max-snippet:-1","max-image-preview":"max-image-preview:large","max-video-preview":"max-video-preview:-1"},"canonical":"https:\/\/www.truzzer.com\/pl\/produkt\/google-review-qr-code-business-card-standard\/","og_locale":"pl_PL","og_type":"article","og_title":"Google Review QR Code Business Card Standard | truzzer","og_description":"Wi\u0119cej 5-gwiazdkowych opinii Google z Google Review QR Code Business Card Standard od truzzer. \u0141atwa konfiguracja, gotowe do u\u017cycia. Zam\u00f3w teraz!","og_url":"https:\/\/www.truzzer.com\/pl\/produkt\/google-review-qr-code-business-card-standard\/","og_site_name":"truzzer","article_modified_time":"2026-02-13T10:25:13+00:00","og_image":[{"width":1024,"height":1024,"url":"https:\/\/www.truzzer.com\/wp-content\/uploads\/2026\/02\/Google-Bewertung-QR-Code-VIsitenkarte-Standard-2-empfehlio-1-en.jpg","type":"image\/jpeg"}],"twitter_card":"summary_large_image","twitter_misc":{"Szacowany czas czytania":"3 minuty"},"schema":{"@context":"https:\/\/schema.org","@graph":[{"@type":"WebPage","@id":"https:\/\/www.truzzer.com\/pl\/produkt\/google-review-qr-code-business-card-standard\/","url":"https:\/\/www.truzzer.com\/pl\/produkt\/google-review-qr-code-business-card-standard\/","name":"Google Review QR Code Business Card Standard | truzzer","isPartOf":{"@id":"https:\/\/www.truzzer.com\/pl\/#website"},"primaryImageOfPage":{"@id":"https:\/\/www.truzzer.com\/pl\/produkt\/google-review-qr-code-business-card-standard\/#primaryimage"},"image":{"@id":"https:\/\/www.truzzer.com\/pl\/produkt\/google-review-qr-code-business-card-standard\/#primaryimage"},"thumbnailUrl":"https:\/\/www.truzzer.com\/wp-content\/uploads\/2026\/02\/Google-Bewertung-QR-Code-VIsitenkarte-Standard-2-empfehlio-1-en.jpg","datePublished":"2026-02-11T10:14:30+00:00","dateModified":"2026-02-13T10:25:13+00:00","description":"Wi\u0119cej 5-gwiazdkowych opinii Google z Google Review QR Code Business Card Standard od truzzer. \u0141atwa konfiguracja, gotowe do u\u017cycia. Zam\u00f3w teraz!","breadcrumb":{"@id":"https:\/\/www.truzzer.com\/pl\/produkt\/google-review-qr-code-business-card-standard\/#breadcrumb"},"inLanguage":"pl-PL","potentialAction":[{"@type":"ReadAction","target":["https:\/\/www.truzzer.com\/pl\/produkt\/google-review-qr-code-business-card-standard\/"]}]},{"@type":"ImageObject","inLanguage":"pl-PL","@id":"https:\/\/www.truzzer.com\/pl\/produkt\/google-review-qr-code-business-card-standard\/#primaryimage","url":"https:\/\/www.truzzer.com\/wp-content\/uploads\/2026\/02\/Google-Bewertung-QR-Code-VIsitenkarte-Standard-2-empfehlio-1-en.jpg","contentUrl":"https:\/\/www.truzzer.com\/wp-content\/uploads\/2026\/02\/Google-Bewertung-QR-Code-VIsitenkarte-Standard-2-empfehlio-1-en.jpg","width":1024,"height":1024},{"@type":"BreadcrumbList","@id":"https:\/\/www.truzzer.com\/pl\/produkt\/google-review-qr-code-business-card-standard\/#breadcrumb","itemListElement":[{"@type":"ListItem","position":1,"name":"Home","item":"https:\/\/www.truzzer.com\/pl\/"},{"@type":"ListItem","position":2,"name":"Sklep","item":"https:\/\/www.truzzer.com\/pl\/sklep\/"},{"@type":"ListItem","position":3,"name":"Google Przegl\u0105d standardu wizyt\u00f3wek QR Code"}]},{"@type":"WebSite","@id":"https:\/\/www.truzzer.com\/pl\/#website","url":"https:\/\/www.truzzer.com\/pl\/","name":"truzzer","description":"Experts for customer trust","publisher":{"@id":"https:\/\/www.truzzer.com\/pl\/#organization"},"potentialAction":[{"@type":"SearchAction","target":{"@type":"EntryPoint","urlTemplate":"https:\/\/www.truzzer.com\/pl\/?s={search_term_string}"},"query-input":{"@type":"PropertyValueSpecification","valueRequired":true,"valueName":"search_term_string"}}],"inLanguage":"pl-PL"},{"@type":"Organization","@id":"https:\/\/www.truzzer.com\/pl\/#organization","name":"truzzer","url":"https:\/\/www.truzzer.com\/pl\/","logo":{"@type":"ImageObject","inLanguage":"pl-PL","@id":"https:\/\/www.truzzer.com\/pl\/#\/schema\/logo\/image\/","url":"https:\/\/truzzer.com\/wp-content\/uploads\/2026\/01\/truzzer-logo-black-1.svg","contentUrl":"https:\/\/truzzer.com\/wp-content\/uploads\/2026\/01\/truzzer-logo-black-1.svg","width":938,"height":199,"caption":"truzzer"},"image":{"@id":"https:\/\/www.truzzer.com\/pl\/#\/schema\/logo\/image\/"}}]}},"tiered_pricing_type":"fixed","tiered_pricing_fixed_rules":[],"tiered_pricing_product_settings":{"layout":"default","base_unit_name":{"singular":null,"plural":null},"default_variation":null},"tiered_pricing_minimum_quantity":null,"tiered_pricing_roles_data":[],"tiered_pricing_percentage_rules":[],"tiered_pricing_maximum_quantity":null,"tiered_pricing_quantity_step":null,"_links":{"self":[{"href":"https:\/\/www.truzzer.com\/pl\/wp-json\/wp\/v2\/product\/102702","targetHints":{"allow":["GET"]}}],"collection":[{"href":"https:\/\/www.truzzer.com\/pl\/wp-json\/wp\/v2\/product"}],"about":[{"href":"https:\/\/www.truzzer.com\/pl\/wp-json\/wp\/v2\/types\/product"}],"replies":[{"embeddable":true,"href":"https:\/\/www.truzzer.com\/pl\/wp-json\/wp\/v2\/comments?post=102702"}],"wp:featuredmedia":[{"embeddable":true,"href":"https:\/\/www.truzzer.com\/pl\/wp-json\/wp\/v2\/media\/102785"}],"wp:attachment":[{"href":"https:\/\/www.truzzer.com\/pl\/wp-json\/wp\/v2\/media?parent=102702"}],"wp:term":[{"taxonomy":"product_brand","embeddable":true,"href":"https:\/\/www.truzzer.com\/pl\/wp-json\/wp\/v2\/product_brand?post=102702"},{"taxonomy":"product_cat","embeddable":true,"href":"https:\/\/www.truzzer.com\/pl\/wp-json\/wp\/v2\/product_cat?post=102702"},{"taxonomy":"product_tag","embeddable":true,"href":"https:\/\/www.truzzer.com\/pl\/wp-json\/wp\/v2\/product_tag?post=102702"}],"curies":[{"name":"wp","href":"https:\/\/api.w.org\/{rel}","templated":true}]}}