{"id":92813,"date":"2026-02-05T11:45:15","date_gmt":"2026-02-05T11:45:15","guid":{"rendered":"https:\/\/beta.truzzer.com\/product\/skowyt-przejrzyj-kolor-naklejki-z-recenzja-kodu-qr\/"},"modified":"2026-02-12T16:04:38","modified_gmt":"2026-02-12T16:04:38","slug":"skowyt-przejrzyj-kolor-naklejki-z-recenzja-kodu-qr","status":"publish","type":"product","link":"https:\/\/www.truzzer.com\/pl\/produkt\/skowyt-przejrzyj-kolor-naklejki-z-recenzja-kodu-qr\/","title":{"rendered":"Skowyt! Przejrzyj kolor naklejki z recenzj\u0105 kodu QR"},"content":{"rendered":"<p>z den Truzzerem Yelp! RecenzjeNaklejka z kodem QR-Link i Twoje w\u0142asne logo k\u00f6nnen Sie schnell pozytywne Recenzja z youren zufriedenen Kanden direkt in yourem Business get.<\/p>\n<p>Im praktischen randen Format machen Sie die Yelp! Recenzja dla ciebie Kanden greifbar. Platzieren Sie die Naklejka gut sichtbar im Kassenbereich, an der Eingangst\u00fcr lub \u00fcberall dort, czy jeste\u015b Kanden die Naklejka sehen k\u00f6nnen.<\/p>\n<p>Geeignet dla den Innen- i Au\u00dfenbereich<\/p>\n<p>Wetterfest<\/p>\n<p>dla jede gtte Oberfl\u00e4che geeignet<\/p>\n<p>dla EinzelhandelsBusinesse, T\u00fcren lub als Auto-Yelp-Sticker<\/p>\n<p>Zeigt youren Kanden, dass sie auch auf Yelp! znajd\u017a k\u00f6nnena<\/p>\n<p>niestandardowe dla Sie angefertigt<\/p>\n<p>Sie k\u00f6nnen die Yelp! RecenzjeNaklejka z logo ganz einfach personalisieren i Twoim Unternehmen anpassen.<\/p>\n<p>Am Beispiel der Google-Sticker k\u00f6nnen Sie sehen, wie die Funktionieren naklejki (identische Funktionalit\u00e4t).<\/p>\n<h3>Schemat 1: Skanuj kod QR<\/h3>\n<p>Um Ihnen zu folgen, muss der Kande nur den QR Code Scan. Dazu muss die Kamera des Smartphones (keine zus\u00e4tzliche Scanner-App erforderlich) einfach \u00fcber das Produkt gehalten werden. <img decoding=\"async\" src=\"https:\/\/www.truzzer.com\/wp-content\/uploads\/2026\/02\/how-to-use-the-product-truzzer-google.jpg.webp\" class=\"alignnone wp-image-22402 size-full\" alt=\"Hand scanning a QR code for Google reviews on a smartphone.\"  > <\/p>\n<p>Ein Pop-up erscheint dann auf dem Bildschirm (iPhone) lub ein QR Code wird angezeigt (Android\/Google-Smartphones).<\/p>\n<h3>Schemat 2: Der Kande gelangt direkt zum Google-Reviewsformular<\/h3>\n<p>Formu\u0142a recenzji jest dost\u0119pna w przegl\u0105darce smartfon\u00f3w i jest dost\u0119pna bezpo\u015brednio w przegl\u0105darce.<\/p>\n","protected":false},"excerpt":{"rendered":"<p>Die \u201eBewerten Sie uns auf Yelp!\u201d-Naklejka helfen Ihnen, schneller Wi\u0119cej Yelp-Recenzja von youren Kanden zu get.<\/p>\n<p>Selbstklebend passen sich die \u201eBewerten Sie uns auf Yelp!\u201d \u2013 Naklejka nahtlos in jedes Unternehmen ein and haften auf jeder glatten Oberfl\u00e4che.<\/p>\n<p>Wir stellen and verlinken den QR Code for die direkte Przejrzyj sw\u00f3j profil Yelp dla Sie!<\/p>\n<p>Diese Informationen ennehmen wir your Firmenadresse.<\/p>\n","protected":false},"featured_media":92814,"comment_status":"open","ping_status":"closed","template":"","meta":{"_acf_changed":false,"_yoast_wpseo_focuskw":"Opinia Yelp Naklejka","_yoast_wpseo_title":"Skowyt! Przejrzyj kolor naklejki z recenzj\u0105 kod... | truzzer","_yoast_wpseo_metadesc":"Wzmocnij sw\u00f3j biznes z Skowyt! Przejrzyj kolor naklejki z recenzj\u0105 kodu QR od truzzer. \u0141atwa konfiguracja, gotowe do u\u017cycia. Zam\u00f3w teraz!"},"product_brand":[1715],"product_cat":[519,518,521,520],"product_tag":[],"class_list":{"0":"post-92813","1":"product","2":"type-product","3":"status-publish","4":"has-post-thumbnail","6":"product_brand-yelp","7":"product_cat-kod-qr-naklejki","8":"product_cat-kod-qr-produkty","9":"product_cat-opinia-yelp-naklejki","10":"product_cat-opinie-yelp","11":"pa_product-type-naklejka","12":"pa_shape-ronda","13":"pa_technology-kod-qr","15":"first","16":"instock","17":"taxable","18":"shipping-taxable","19":"purchasable","20":"product-type-variable","21":"has-default-attributes"},"acf":[],"yoast_head":"<!-- This site is optimized with the Yoast SEO plugin v27.0 - https:\/\/yoast.com\/product\/yoast-seo-wordpress\/ -->\n<title>Skowyt! Przejrzyj kolor naklejki z recenzj\u0105 kod... | truzzer<\/title>\n<meta name=\"description\" content=\"Wzmocnij sw\u00f3j biznes z Skowyt! Przejrzyj kolor naklejki z recenzj\u0105 kodu QR od truzzer. \u0141atwa konfiguracja, gotowe do u\u017cycia. Zam\u00f3w teraz!\" \/>\n<meta name=\"robots\" content=\"index, follow, max-snippet:-1, max-image-preview:large, max-video-preview:-1\" \/>\n<link rel=\"canonical\" href=\"https:\/\/www.truzzer.com\/pl\/produkt\/skowyt-przejrzyj-kolor-naklejki-z-recenzja-kodu-qr\/\" \/>\n<meta property=\"og:locale\" content=\"pl_PL\" \/>\n<meta property=\"og:type\" content=\"article\" \/>\n<meta property=\"og:title\" content=\"Skowyt! Przejrzyj kolor naklejki z recenzj\u0105 kod... | truzzer\" \/>\n<meta property=\"og:description\" content=\"Wzmocnij sw\u00f3j biznes z Skowyt! Przejrzyj kolor naklejki z recenzj\u0105 kodu QR od truzzer. \u0141atwa konfiguracja, gotowe do u\u017cycia. Zam\u00f3w teraz!\" \/>\n<meta property=\"og:url\" content=\"https:\/\/www.truzzer.com\/pl\/produkt\/skowyt-przejrzyj-kolor-naklejki-z-recenzja-kodu-qr\/\" \/>\n<meta property=\"og:site_name\" content=\"truzzer\" \/>\n<meta property=\"article:modified_time\" content=\"2026-02-12T16:04:38+00:00\" \/>\n<meta property=\"og:image\" content=\"https:\/\/www.truzzer.com\/wp-content\/uploads\/2026\/02\/review-us-on-yelp-sticker-with-review-qr-code-color-truzzer-1-2.jpg\" \/>\n\t<meta property=\"og:image:width\" content=\"1200\" \/>\n\t<meta property=\"og:image:height\" content=\"1200\" \/>\n\t<meta property=\"og:image:type\" content=\"image\/jpeg\" \/>\n<meta name=\"twitter:card\" content=\"summary_large_image\" \/>\n<meta name=\"twitter:label1\" content=\"Szacowany czas czytania\" \/>\n\t<meta name=\"twitter:data1\" content=\"1 minuta\" \/>\n<script type=\"application\/ld+json\" class=\"yoast-schema-graph\">{\"@context\":\"https:\/\/schema.org\",\"@graph\":[{\"@type\":\"WebPage\",\"@id\":\"https:\/\/www.truzzer.com\/pl\/produkt\/skowyt-przejrzyj-kolor-naklejki-z-recenzja-kodu-qr\/\",\"url\":\"https:\/\/www.truzzer.com\/pl\/produkt\/skowyt-przejrzyj-kolor-naklejki-z-recenzja-kodu-qr\/\",\"name\":\"Skowyt! Przejrzyj kolor naklejki z recenzj\u0105 kod... | truzzer\",\"isPartOf\":{\"@id\":\"https:\/\/www.truzzer.com\/pl\/#website\"},\"primaryImageOfPage\":{\"@id\":\"https:\/\/www.truzzer.com\/pl\/produkt\/skowyt-przejrzyj-kolor-naklejki-z-recenzja-kodu-qr\/#primaryimage\"},\"image\":{\"@id\":\"https:\/\/www.truzzer.com\/pl\/produkt\/skowyt-przejrzyj-kolor-naklejki-z-recenzja-kodu-qr\/#primaryimage\"},\"thumbnailUrl\":\"https:\/\/www.truzzer.com\/wp-content\/uploads\/2026\/02\/review-us-on-yelp-sticker-with-review-qr-code-color-truzzer-1-2.jpg\",\"datePublished\":\"2026-02-05T11:45:15+00:00\",\"dateModified\":\"2026-02-12T16:04:38+00:00\",\"description\":\"Wzmocnij sw\u00f3j biznes z Skowyt! Przejrzyj kolor naklejki z recenzj\u0105 kodu QR od truzzer. \u0141atwa konfiguracja, gotowe do u\u017cycia. Zam\u00f3w teraz!\",\"breadcrumb\":{\"@id\":\"https:\/\/www.truzzer.com\/pl\/produkt\/skowyt-przejrzyj-kolor-naklejki-z-recenzja-kodu-qr\/#breadcrumb\"},\"inLanguage\":\"pl-PL\",\"potentialAction\":[{\"@type\":\"ReadAction\",\"target\":[\"https:\/\/www.truzzer.com\/pl\/produkt\/skowyt-przejrzyj-kolor-naklejki-z-recenzja-kodu-qr\/\"]}]},{\"@type\":\"ImageObject\",\"inLanguage\":\"pl-PL\",\"@id\":\"https:\/\/www.truzzer.com\/pl\/produkt\/skowyt-przejrzyj-kolor-naklejki-z-recenzja-kodu-qr\/#primaryimage\",\"url\":\"https:\/\/www.truzzer.com\/wp-content\/uploads\/2026\/02\/review-us-on-yelp-sticker-with-review-qr-code-color-truzzer-1-2.jpg\",\"contentUrl\":\"https:\/\/www.truzzer.com\/wp-content\/uploads\/2026\/02\/review-us-on-yelp-sticker-with-review-qr-code-color-truzzer-1-2.jpg\",\"width\":1200,\"height\":1200},{\"@type\":\"BreadcrumbList\",\"@id\":\"https:\/\/www.truzzer.com\/pl\/produkt\/skowyt-przejrzyj-kolor-naklejki-z-recenzja-kodu-qr\/#breadcrumb\",\"itemListElement\":[{\"@type\":\"ListItem\",\"position\":1,\"name\":\"Home\",\"item\":\"https:\/\/www.truzzer.com\/pl\/\"},{\"@type\":\"ListItem\",\"position\":2,\"name\":\"Sklep\",\"item\":\"https:\/\/www.truzzer.com\/pl\/sklep\/\"},{\"@type\":\"ListItem\",\"position\":3,\"name\":\"Skowyt! Przejrzyj kolor naklejki z recenzj\u0105 kodu QR\"}]},{\"@type\":\"WebSite\",\"@id\":\"https:\/\/www.truzzer.com\/pl\/#website\",\"url\":\"https:\/\/www.truzzer.com\/pl\/\",\"name\":\"truzzer\",\"description\":\"Experts for customer trust\",\"publisher\":{\"@id\":\"https:\/\/www.truzzer.com\/pl\/#organization\"},\"potentialAction\":[{\"@type\":\"SearchAction\",\"target\":{\"@type\":\"EntryPoint\",\"urlTemplate\":\"https:\/\/www.truzzer.com\/pl\/?s={search_term_string}\"},\"query-input\":{\"@type\":\"PropertyValueSpecification\",\"valueRequired\":true,\"valueName\":\"search_term_string\"}}],\"inLanguage\":\"pl-PL\"},{\"@type\":\"Organization\",\"@id\":\"https:\/\/www.truzzer.com\/pl\/#organization\",\"name\":\"truzzer\",\"url\":\"https:\/\/www.truzzer.com\/pl\/\",\"logo\":{\"@type\":\"ImageObject\",\"inLanguage\":\"pl-PL\",\"@id\":\"https:\/\/www.truzzer.com\/pl\/#\/schema\/logo\/image\/\",\"url\":\"https:\/\/truzzer.com\/wp-content\/uploads\/2026\/01\/truzzer-logo-black-1.svg\",\"contentUrl\":\"https:\/\/truzzer.com\/wp-content\/uploads\/2026\/01\/truzzer-logo-black-1.svg\",\"width\":938,\"height\":199,\"caption\":\"truzzer\"},\"image\":{\"@id\":\"https:\/\/www.truzzer.com\/pl\/#\/schema\/logo\/image\/\"}}]}<\/script>\n<!-- \/ Yoast SEO plugin. -->","yoast_head_json":{"title":"Skowyt! Przejrzyj kolor naklejki z recenzj\u0105 kod... | truzzer","description":"Wzmocnij sw\u00f3j biznes z Skowyt! Przejrzyj kolor naklejki z recenzj\u0105 kodu QR od truzzer. \u0141atwa konfiguracja, gotowe do u\u017cycia. Zam\u00f3w teraz!","robots":{"index":"index","follow":"follow","max-snippet":"max-snippet:-1","max-image-preview":"max-image-preview:large","max-video-preview":"max-video-preview:-1"},"canonical":"https:\/\/www.truzzer.com\/pl\/produkt\/skowyt-przejrzyj-kolor-naklejki-z-recenzja-kodu-qr\/","og_locale":"pl_PL","og_type":"article","og_title":"Skowyt! Przejrzyj kolor naklejki z recenzj\u0105 kod... | truzzer","og_description":"Wzmocnij sw\u00f3j biznes z Skowyt! Przejrzyj kolor naklejki z recenzj\u0105 kodu QR od truzzer. \u0141atwa konfiguracja, gotowe do u\u017cycia. Zam\u00f3w teraz!","og_url":"https:\/\/www.truzzer.com\/pl\/produkt\/skowyt-przejrzyj-kolor-naklejki-z-recenzja-kodu-qr\/","og_site_name":"truzzer","article_modified_time":"2026-02-12T16:04:38+00:00","og_image":[{"width":1200,"height":1200,"url":"https:\/\/www.truzzer.com\/wp-content\/uploads\/2026\/02\/review-us-on-yelp-sticker-with-review-qr-code-color-truzzer-1-2.jpg","type":"image\/jpeg"}],"twitter_card":"summary_large_image","twitter_misc":{"Szacowany czas czytania":"1 minuta"},"schema":{"@context":"https:\/\/schema.org","@graph":[{"@type":"WebPage","@id":"https:\/\/www.truzzer.com\/pl\/produkt\/skowyt-przejrzyj-kolor-naklejki-z-recenzja-kodu-qr\/","url":"https:\/\/www.truzzer.com\/pl\/produkt\/skowyt-przejrzyj-kolor-naklejki-z-recenzja-kodu-qr\/","name":"Skowyt! Przejrzyj kolor naklejki z recenzj\u0105 kod... | truzzer","isPartOf":{"@id":"https:\/\/www.truzzer.com\/pl\/#website"},"primaryImageOfPage":{"@id":"https:\/\/www.truzzer.com\/pl\/produkt\/skowyt-przejrzyj-kolor-naklejki-z-recenzja-kodu-qr\/#primaryimage"},"image":{"@id":"https:\/\/www.truzzer.com\/pl\/produkt\/skowyt-przejrzyj-kolor-naklejki-z-recenzja-kodu-qr\/#primaryimage"},"thumbnailUrl":"https:\/\/www.truzzer.com\/wp-content\/uploads\/2026\/02\/review-us-on-yelp-sticker-with-review-qr-code-color-truzzer-1-2.jpg","datePublished":"2026-02-05T11:45:15+00:00","dateModified":"2026-02-12T16:04:38+00:00","description":"Wzmocnij sw\u00f3j biznes z Skowyt! Przejrzyj kolor naklejki z recenzj\u0105 kodu QR od truzzer. \u0141atwa konfiguracja, gotowe do u\u017cycia. Zam\u00f3w teraz!","breadcrumb":{"@id":"https:\/\/www.truzzer.com\/pl\/produkt\/skowyt-przejrzyj-kolor-naklejki-z-recenzja-kodu-qr\/#breadcrumb"},"inLanguage":"pl-PL","potentialAction":[{"@type":"ReadAction","target":["https:\/\/www.truzzer.com\/pl\/produkt\/skowyt-przejrzyj-kolor-naklejki-z-recenzja-kodu-qr\/"]}]},{"@type":"ImageObject","inLanguage":"pl-PL","@id":"https:\/\/www.truzzer.com\/pl\/produkt\/skowyt-przejrzyj-kolor-naklejki-z-recenzja-kodu-qr\/#primaryimage","url":"https:\/\/www.truzzer.com\/wp-content\/uploads\/2026\/02\/review-us-on-yelp-sticker-with-review-qr-code-color-truzzer-1-2.jpg","contentUrl":"https:\/\/www.truzzer.com\/wp-content\/uploads\/2026\/02\/review-us-on-yelp-sticker-with-review-qr-code-color-truzzer-1-2.jpg","width":1200,"height":1200},{"@type":"BreadcrumbList","@id":"https:\/\/www.truzzer.com\/pl\/produkt\/skowyt-przejrzyj-kolor-naklejki-z-recenzja-kodu-qr\/#breadcrumb","itemListElement":[{"@type":"ListItem","position":1,"name":"Home","item":"https:\/\/www.truzzer.com\/pl\/"},{"@type":"ListItem","position":2,"name":"Sklep","item":"https:\/\/www.truzzer.com\/pl\/sklep\/"},{"@type":"ListItem","position":3,"name":"Skowyt! Przejrzyj kolor naklejki z recenzj\u0105 kodu QR"}]},{"@type":"WebSite","@id":"https:\/\/www.truzzer.com\/pl\/#website","url":"https:\/\/www.truzzer.com\/pl\/","name":"truzzer","description":"Experts for customer trust","publisher":{"@id":"https:\/\/www.truzzer.com\/pl\/#organization"},"potentialAction":[{"@type":"SearchAction","target":{"@type":"EntryPoint","urlTemplate":"https:\/\/www.truzzer.com\/pl\/?s={search_term_string}"},"query-input":{"@type":"PropertyValueSpecification","valueRequired":true,"valueName":"search_term_string"}}],"inLanguage":"pl-PL"},{"@type":"Organization","@id":"https:\/\/www.truzzer.com\/pl\/#organization","name":"truzzer","url":"https:\/\/www.truzzer.com\/pl\/","logo":{"@type":"ImageObject","inLanguage":"pl-PL","@id":"https:\/\/www.truzzer.com\/pl\/#\/schema\/logo\/image\/","url":"https:\/\/truzzer.com\/wp-content\/uploads\/2026\/01\/truzzer-logo-black-1.svg","contentUrl":"https:\/\/truzzer.com\/wp-content\/uploads\/2026\/01\/truzzer-logo-black-1.svg","width":938,"height":199,"caption":"truzzer"},"image":{"@id":"https:\/\/www.truzzer.com\/pl\/#\/schema\/logo\/image\/"}}]}},"tiered_pricing_type":"fixed","tiered_pricing_fixed_rules":[],"tiered_pricing_product_settings":{"layout":"default","base_unit_name":{"singular":null,"plural":null},"default_variation":null},"tiered_pricing_minimum_quantity":null,"tiered_pricing_roles_data":[],"tiered_pricing_percentage_rules":[],"tiered_pricing_maximum_quantity":null,"tiered_pricing_quantity_step":null,"_links":{"self":[{"href":"https:\/\/www.truzzer.com\/pl\/wp-json\/wp\/v2\/product\/92813","targetHints":{"allow":["GET"]}}],"collection":[{"href":"https:\/\/www.truzzer.com\/pl\/wp-json\/wp\/v2\/product"}],"about":[{"href":"https:\/\/www.truzzer.com\/pl\/wp-json\/wp\/v2\/types\/product"}],"replies":[{"embeddable":true,"href":"https:\/\/www.truzzer.com\/pl\/wp-json\/wp\/v2\/comments?post=92813"}],"wp:featuredmedia":[{"embeddable":true,"href":"https:\/\/www.truzzer.com\/pl\/wp-json\/wp\/v2\/media\/92814"}],"wp:attachment":[{"href":"https:\/\/www.truzzer.com\/pl\/wp-json\/wp\/v2\/media?parent=92813"}],"wp:term":[{"taxonomy":"product_brand","embeddable":true,"href":"https:\/\/www.truzzer.com\/pl\/wp-json\/wp\/v2\/product_brand?post=92813"},{"taxonomy":"product_cat","embeddable":true,"href":"https:\/\/www.truzzer.com\/pl\/wp-json\/wp\/v2\/product_cat?post=92813"},{"taxonomy":"product_tag","embeddable":true,"href":"https:\/\/www.truzzer.com\/pl\/wp-json\/wp\/v2\/product_tag?post=92813"}],"curies":[{"name":"wp","href":"https:\/\/api.w.org\/{rel}","templated":true}]}}