{"id":92845,"date":"2026-02-05T11:45:10","date_gmt":"2026-02-05T11:45:10","guid":{"rendered":"https:\/\/beta.truzzer.com\/product\/yelp-recenzja-wizytowka-nfc-dotknij\/"},"modified":"2026-02-13T08:33:08","modified_gmt":"2026-02-13T08:33:08","slug":"yelp-recenzja-wizytowka-nfc-dotknij","status":"publish","type":"product","link":"https:\/\/www.truzzer.com\/pl\/produkt\/yelp-recenzja-wizytowka-nfc-dotknij\/","title":{"rendered":"Yelp Recenzja Wizyt\u00f3wka NFC \u201eDotknij\u201d"},"content":{"rendered":"<h2>Zdob\u0105d\u017a wi\u0119cej recenzji na Yelp dzi\u0119ki Yelp! Recenzje-Karta z kodem NFC-QR \u201eTap\u201d von truzzer!<\/h2>\n<p>z den <strong>truzzer Yelp! RecenzjeKarta<\/strong> z \u0142\u0105czami NFC k\u00f6nnen Sie schnell pozytywny Recenzja von youren zufriedenen Kanden direkt an yourem Standort get.  <\/p>\n<p>&#8211; Wetterfest <\/p>\n<p>&#8211; Zeigt youren Kanden, dass sie Sie auch auf Yelp! znajd\u017a k\u00f6nnen <\/p>\n<p>&#8211; Speziell for Sie ma\u00dfgefertigt<\/p>\n","protected":false},"excerpt":{"rendered":"<div class=\"woocommerce-product-details__short-description\">\n<h2>Uzyskaj wi\u0119cej recenzji na Yelp dzi\u0119ki karcie NFC-ReviewsCardn<\/h2>\n<p><strong>Yelp-Recenzja autorstwa Kanden zu get war noch nie einfacher!<\/strong><\/p>\n<p>z kontaktem przez Yelp-RecenzjeCardn k\u00f6nnen Sie m\u00fchelos neue Yelp-Reviewen direkt vor Ort Collect.<\/p>\n<p>Das auff\u00e4llige design der Yelp-ReviewsCardn weckt das Interesse der Kanden i der Call-to-Action s\u0105 wy\u015bwietlane, Twoje Unternehmen auf Yelp zu bewerten.<\/p>\n<p>Jeste\u015b Kandenem, kt\u00f3ry mo\u017ce zaj\u0105\u0107 Tw\u00f3j smartfon w nowej karcie NFC, a tak\u017ce w wyskakuj\u0105cym okienku, kt\u00f3re b\u0119dzie dost\u0119pne w sieci, pod r\u0119k\u0105, dzi\u0119ki czemu b\u0119dziesz m\u00f3g\u0142 bezpo\u015brednio przegl\u0105da\u0107 formularz recenzji!<\/p>\n<p>Upadki na smartfonach Twoja funkcja NFC jest dost\u0119pna, mo\u017cesz zobaczy\u0107 tyln\u0105 stron\u0119 karty NFC lub alternatywny kod QR, aby zweryfikowa\u0107, bezpo\u015brednio z kamer\u0105 smartfona, kt\u00f3ra mo\u017ce zosta\u0107 uruchomiona <strong>&#038;8211; w beiden F\u00e4llen ist keine oddzielnej aplikacji erforderlich!<\/strong><\/p>\n<h3><strong>Zobacz kart\u0119 NFC, mo\u017cesz zobaczy\u0107 wi\u0119cej recenzji na Yelp<\/strong><\/h3>\n<p>Karta NFC jest wy\u015bwietlana na podstawie gr\u00f6\u00dften H\u00fcrden sowohl for Sie als auch for youre Kanden bei Yelp-Reviewen:<\/p>\n<ul>\n<li>Kein unangenehmes Bitten lub Nachfragen More. Der <strong>Call-to-Action<\/strong> \u00fcbernimmt die Aufforderung zur Yelp-Recenzja dla Sie.<\/li>\n<li>Kein Vergessen More, da Kanden die Yelp-Review erinnert werden.<\/li>\n<li>Kein Suchen lub Schwierigkeiten: <strong>Der NFC-Link i der Yelp-Reviews-QR Code f\u00fchren direkt zu yourem Reviewsformular<\/strong> (das wir for Sie erstellen).<\/li>\n<li><strong>Greifbar:<\/strong> Karta NFC machen den Reviewsprozess greifbarer.<\/li>\n<li>Keine zus\u00e4tzliche App erforderlich.<\/li>\n<li>Blickfang: projekt Mornesa<\/li>\n<\/ul>\n<p><strong>Wire \u00fcbernehmen die Erstellung and Verlinkung for NFC-Links and QR Codes for direct Recenzja na Twoim profilu Yelp!<\/strong><strong><\/p>\n<p><\/strong><\/p>\n<\/div>\n","protected":false},"featured_media":92846,"comment_status":"open","ping_status":"closed","template":"","meta":{"_acf_changed":false,"_yoast_wpseo_focuskw":"Opinia Yelp Karta NFC","_yoast_wpseo_title":"Yelp Recenzja Wizyt\u00f3wka NFC \u201eDotknij\u201d | truzzer","_yoast_wpseo_metadesc":"Wi\u0119cej opinii Yelp z Yelp Recenzja Wizyt\u00f3wka NFC \u201eDotknij\u201d od truzzer. \u0141atwa konfiguracja, gotowe do u\u017cycia. Zam\u00f3w teraz!"},"product_brand":[1715],"product_cat":[576,577,575,520],"product_tag":[],"class_list":{"0":"post-92845","1":"product","2":"type-product","3":"status-publish","4":"has-post-thumbnail","6":"product_brand-yelp","7":"product_cat-nfc-produkty","8":"product_cat-nfc-wizytowki","9":"product_cat-opinia-yelp-wizytowki","10":"product_cat-opinie-yelp","11":"pa_material-plastic","12":"pa_orientation-portrett","13":"pa_product-type-odwiedzekaartjes","14":"pa_shape-rechthoek","15":"pa_technology-nfc","16":"pa_technology-qr-nfc","18":"first","19":"instock","20":"taxable","21":"shipping-taxable","22":"purchasable","23":"product-type-simple"},"acf":[],"yoast_head":"<!-- This site is optimized with the Yoast SEO plugin v27.0 - https:\/\/yoast.com\/product\/yoast-seo-wordpress\/ -->\n<title>Yelp Recenzja Wizyt\u00f3wka NFC \u201eDotknij\u201d | truzzer<\/title>\n<meta name=\"description\" content=\"Wi\u0119cej opinii Yelp z Yelp Recenzja Wizyt\u00f3wka NFC \u201eDotknij\u201d od truzzer. \u0141atwa konfiguracja, gotowe do u\u017cycia. Zam\u00f3w teraz!\" \/>\n<meta name=\"robots\" content=\"index, follow, max-snippet:-1, max-image-preview:large, max-video-preview:-1\" \/>\n<link rel=\"canonical\" href=\"https:\/\/www.truzzer.com\/pl\/produkt\/yelp-recenzja-wizytowka-nfc-dotknij\/\" \/>\n<meta property=\"og:locale\" content=\"pl_PL\" \/>\n<meta property=\"og:type\" content=\"article\" \/>\n<meta property=\"og:title\" content=\"Yelp Recenzja Wizyt\u00f3wka NFC \u201eDotknij\u201d | truzzer\" \/>\n<meta property=\"og:description\" content=\"Wi\u0119cej opinii Yelp z Yelp Recenzja Wizyt\u00f3wka NFC \u201eDotknij\u201d od truzzer. \u0141atwa konfiguracja, gotowe do u\u017cycia. Zam\u00f3w teraz!\" \/>\n<meta property=\"og:url\" content=\"https:\/\/www.truzzer.com\/pl\/produkt\/yelp-recenzja-wizytowka-nfc-dotknij\/\" \/>\n<meta property=\"og:site_name\" content=\"truzzer\" \/>\n<meta property=\"article:modified_time\" content=\"2026-02-13T08:33:08+00:00\" \/>\n<meta property=\"og:image\" content=\"https:\/\/www.truzzer.com\/wp-content\/uploads\/2026\/02\/yelp-nfc-review-card-truzzer-white-s-1.jpg\" \/>\n\t<meta property=\"og:image:width\" content=\"1200\" \/>\n\t<meta property=\"og:image:height\" content=\"1200\" \/>\n\t<meta property=\"og:image:type\" content=\"image\/jpeg\" \/>\n<meta name=\"twitter:card\" content=\"summary_large_image\" \/>\n<script type=\"application\/ld+json\" class=\"yoast-schema-graph\">{\"@context\":\"https:\/\/schema.org\",\"@graph\":[{\"@type\":\"WebPage\",\"@id\":\"https:\/\/www.truzzer.com\/pl\/produkt\/yelp-recenzja-wizytowka-nfc-dotknij\/\",\"url\":\"https:\/\/www.truzzer.com\/pl\/produkt\/yelp-recenzja-wizytowka-nfc-dotknij\/\",\"name\":\"Yelp Recenzja Wizyt\u00f3wka NFC \u201eDotknij\u201d | truzzer\",\"isPartOf\":{\"@id\":\"https:\/\/www.truzzer.com\/pl\/#website\"},\"primaryImageOfPage\":{\"@id\":\"https:\/\/www.truzzer.com\/pl\/produkt\/yelp-recenzja-wizytowka-nfc-dotknij\/#primaryimage\"},\"image\":{\"@id\":\"https:\/\/www.truzzer.com\/pl\/produkt\/yelp-recenzja-wizytowka-nfc-dotknij\/#primaryimage\"},\"thumbnailUrl\":\"https:\/\/www.truzzer.com\/wp-content\/uploads\/2026\/02\/yelp-nfc-review-card-truzzer-white-s-1.jpg\",\"datePublished\":\"2026-02-05T11:45:10+00:00\",\"dateModified\":\"2026-02-13T08:33:08+00:00\",\"description\":\"Wi\u0119cej opinii Yelp z Yelp Recenzja Wizyt\u00f3wka NFC \u201eDotknij\u201d od truzzer. \u0141atwa konfiguracja, gotowe do u\u017cycia. Zam\u00f3w teraz!\",\"breadcrumb\":{\"@id\":\"https:\/\/www.truzzer.com\/pl\/produkt\/yelp-recenzja-wizytowka-nfc-dotknij\/#breadcrumb\"},\"inLanguage\":\"pl-PL\",\"potentialAction\":[{\"@type\":\"ReadAction\",\"target\":[\"https:\/\/www.truzzer.com\/pl\/produkt\/yelp-recenzja-wizytowka-nfc-dotknij\/\"]}]},{\"@type\":\"ImageObject\",\"inLanguage\":\"pl-PL\",\"@id\":\"https:\/\/www.truzzer.com\/pl\/produkt\/yelp-recenzja-wizytowka-nfc-dotknij\/#primaryimage\",\"url\":\"https:\/\/www.truzzer.com\/wp-content\/uploads\/2026\/02\/yelp-nfc-review-card-truzzer-white-s-1.jpg\",\"contentUrl\":\"https:\/\/www.truzzer.com\/wp-content\/uploads\/2026\/02\/yelp-nfc-review-card-truzzer-white-s-1.jpg\",\"width\":1200,\"height\":1200},{\"@type\":\"BreadcrumbList\",\"@id\":\"https:\/\/www.truzzer.com\/pl\/produkt\/yelp-recenzja-wizytowka-nfc-dotknij\/#breadcrumb\",\"itemListElement\":[{\"@type\":\"ListItem\",\"position\":1,\"name\":\"Home\",\"item\":\"https:\/\/www.truzzer.com\/pl\/\"},{\"@type\":\"ListItem\",\"position\":2,\"name\":\"Sklep\",\"item\":\"https:\/\/www.truzzer.com\/pl\/sklep\/\"},{\"@type\":\"ListItem\",\"position\":3,\"name\":\"Yelp Recenzja Wizyt\u00f3wka NFC \u201eDotknij\u201d\"}]},{\"@type\":\"WebSite\",\"@id\":\"https:\/\/www.truzzer.com\/pl\/#website\",\"url\":\"https:\/\/www.truzzer.com\/pl\/\",\"name\":\"truzzer\",\"description\":\"Experts for customer trust\",\"publisher\":{\"@id\":\"https:\/\/www.truzzer.com\/pl\/#organization\"},\"potentialAction\":[{\"@type\":\"SearchAction\",\"target\":{\"@type\":\"EntryPoint\",\"urlTemplate\":\"https:\/\/www.truzzer.com\/pl\/?s={search_term_string}\"},\"query-input\":{\"@type\":\"PropertyValueSpecification\",\"valueRequired\":true,\"valueName\":\"search_term_string\"}}],\"inLanguage\":\"pl-PL\"},{\"@type\":\"Organization\",\"@id\":\"https:\/\/www.truzzer.com\/pl\/#organization\",\"name\":\"truzzer\",\"url\":\"https:\/\/www.truzzer.com\/pl\/\",\"logo\":{\"@type\":\"ImageObject\",\"inLanguage\":\"pl-PL\",\"@id\":\"https:\/\/www.truzzer.com\/pl\/#\/schema\/logo\/image\/\",\"url\":\"https:\/\/truzzer.com\/wp-content\/uploads\/2026\/01\/truzzer-logo-black-1.svg\",\"contentUrl\":\"https:\/\/truzzer.com\/wp-content\/uploads\/2026\/01\/truzzer-logo-black-1.svg\",\"width\":938,\"height\":199,\"caption\":\"truzzer\"},\"image\":{\"@id\":\"https:\/\/www.truzzer.com\/pl\/#\/schema\/logo\/image\/\"}}]}<\/script>\n<!-- \/ Yoast SEO plugin. -->","yoast_head_json":{"title":"Yelp Recenzja Wizyt\u00f3wka NFC \u201eDotknij\u201d | truzzer","description":"Wi\u0119cej opinii Yelp z Yelp Recenzja Wizyt\u00f3wka NFC \u201eDotknij\u201d od truzzer. \u0141atwa konfiguracja, gotowe do u\u017cycia. Zam\u00f3w teraz!","robots":{"index":"index","follow":"follow","max-snippet":"max-snippet:-1","max-image-preview":"max-image-preview:large","max-video-preview":"max-video-preview:-1"},"canonical":"https:\/\/www.truzzer.com\/pl\/produkt\/yelp-recenzja-wizytowka-nfc-dotknij\/","og_locale":"pl_PL","og_type":"article","og_title":"Yelp Recenzja Wizyt\u00f3wka NFC \u201eDotknij\u201d | truzzer","og_description":"Wi\u0119cej opinii Yelp z Yelp Recenzja Wizyt\u00f3wka NFC \u201eDotknij\u201d od truzzer. \u0141atwa konfiguracja, gotowe do u\u017cycia. Zam\u00f3w teraz!","og_url":"https:\/\/www.truzzer.com\/pl\/produkt\/yelp-recenzja-wizytowka-nfc-dotknij\/","og_site_name":"truzzer","article_modified_time":"2026-02-13T08:33:08+00:00","og_image":[{"width":1200,"height":1200,"url":"https:\/\/www.truzzer.com\/wp-content\/uploads\/2026\/02\/yelp-nfc-review-card-truzzer-white-s-1.jpg","type":"image\/jpeg"}],"twitter_card":"summary_large_image","schema":{"@context":"https:\/\/schema.org","@graph":[{"@type":"WebPage","@id":"https:\/\/www.truzzer.com\/pl\/produkt\/yelp-recenzja-wizytowka-nfc-dotknij\/","url":"https:\/\/www.truzzer.com\/pl\/produkt\/yelp-recenzja-wizytowka-nfc-dotknij\/","name":"Yelp Recenzja Wizyt\u00f3wka NFC \u201eDotknij\u201d | truzzer","isPartOf":{"@id":"https:\/\/www.truzzer.com\/pl\/#website"},"primaryImageOfPage":{"@id":"https:\/\/www.truzzer.com\/pl\/produkt\/yelp-recenzja-wizytowka-nfc-dotknij\/#primaryimage"},"image":{"@id":"https:\/\/www.truzzer.com\/pl\/produkt\/yelp-recenzja-wizytowka-nfc-dotknij\/#primaryimage"},"thumbnailUrl":"https:\/\/www.truzzer.com\/wp-content\/uploads\/2026\/02\/yelp-nfc-review-card-truzzer-white-s-1.jpg","datePublished":"2026-02-05T11:45:10+00:00","dateModified":"2026-02-13T08:33:08+00:00","description":"Wi\u0119cej opinii Yelp z Yelp Recenzja Wizyt\u00f3wka NFC \u201eDotknij\u201d od truzzer. \u0141atwa konfiguracja, gotowe do u\u017cycia. Zam\u00f3w teraz!","breadcrumb":{"@id":"https:\/\/www.truzzer.com\/pl\/produkt\/yelp-recenzja-wizytowka-nfc-dotknij\/#breadcrumb"},"inLanguage":"pl-PL","potentialAction":[{"@type":"ReadAction","target":["https:\/\/www.truzzer.com\/pl\/produkt\/yelp-recenzja-wizytowka-nfc-dotknij\/"]}]},{"@type":"ImageObject","inLanguage":"pl-PL","@id":"https:\/\/www.truzzer.com\/pl\/produkt\/yelp-recenzja-wizytowka-nfc-dotknij\/#primaryimage","url":"https:\/\/www.truzzer.com\/wp-content\/uploads\/2026\/02\/yelp-nfc-review-card-truzzer-white-s-1.jpg","contentUrl":"https:\/\/www.truzzer.com\/wp-content\/uploads\/2026\/02\/yelp-nfc-review-card-truzzer-white-s-1.jpg","width":1200,"height":1200},{"@type":"BreadcrumbList","@id":"https:\/\/www.truzzer.com\/pl\/produkt\/yelp-recenzja-wizytowka-nfc-dotknij\/#breadcrumb","itemListElement":[{"@type":"ListItem","position":1,"name":"Home","item":"https:\/\/www.truzzer.com\/pl\/"},{"@type":"ListItem","position":2,"name":"Sklep","item":"https:\/\/www.truzzer.com\/pl\/sklep\/"},{"@type":"ListItem","position":3,"name":"Yelp Recenzja Wizyt\u00f3wka NFC \u201eDotknij\u201d"}]},{"@type":"WebSite","@id":"https:\/\/www.truzzer.com\/pl\/#website","url":"https:\/\/www.truzzer.com\/pl\/","name":"truzzer","description":"Experts for customer trust","publisher":{"@id":"https:\/\/www.truzzer.com\/pl\/#organization"},"potentialAction":[{"@type":"SearchAction","target":{"@type":"EntryPoint","urlTemplate":"https:\/\/www.truzzer.com\/pl\/?s={search_term_string}"},"query-input":{"@type":"PropertyValueSpecification","valueRequired":true,"valueName":"search_term_string"}}],"inLanguage":"pl-PL"},{"@type":"Organization","@id":"https:\/\/www.truzzer.com\/pl\/#organization","name":"truzzer","url":"https:\/\/www.truzzer.com\/pl\/","logo":{"@type":"ImageObject","inLanguage":"pl-PL","@id":"https:\/\/www.truzzer.com\/pl\/#\/schema\/logo\/image\/","url":"https:\/\/truzzer.com\/wp-content\/uploads\/2026\/01\/truzzer-logo-black-1.svg","contentUrl":"https:\/\/truzzer.com\/wp-content\/uploads\/2026\/01\/truzzer-logo-black-1.svg","width":938,"height":199,"caption":"truzzer"},"image":{"@id":"https:\/\/www.truzzer.com\/pl\/#\/schema\/logo\/image\/"}}]}},"tiered_pricing_type":"fixed","tiered_pricing_fixed_rules":[],"tiered_pricing_product_settings":{"layout":"default","base_unit_name":{"singular":null,"plural":null},"default_variation":null},"tiered_pricing_minimum_quantity":null,"tiered_pricing_roles_data":[],"tiered_pricing_percentage_rules":[],"tiered_pricing_maximum_quantity":null,"tiered_pricing_quantity_step":null,"_links":{"self":[{"href":"https:\/\/www.truzzer.com\/pl\/wp-json\/wp\/v2\/product\/92845","targetHints":{"allow":["GET"]}}],"collection":[{"href":"https:\/\/www.truzzer.com\/pl\/wp-json\/wp\/v2\/product"}],"about":[{"href":"https:\/\/www.truzzer.com\/pl\/wp-json\/wp\/v2\/types\/product"}],"replies":[{"embeddable":true,"href":"https:\/\/www.truzzer.com\/pl\/wp-json\/wp\/v2\/comments?post=92845"}],"wp:featuredmedia":[{"embeddable":true,"href":"https:\/\/www.truzzer.com\/pl\/wp-json\/wp\/v2\/media\/92846"}],"wp:attachment":[{"href":"https:\/\/www.truzzer.com\/pl\/wp-json\/wp\/v2\/media?parent=92845"}],"wp:term":[{"taxonomy":"product_brand","embeddable":true,"href":"https:\/\/www.truzzer.com\/pl\/wp-json\/wp\/v2\/product_brand?post=92845"},{"taxonomy":"product_cat","embeddable":true,"href":"https:\/\/www.truzzer.com\/pl\/wp-json\/wp\/v2\/product_cat?post=92845"},{"taxonomy":"product_tag","embeddable":true,"href":"https:\/\/www.truzzer.com\/pl\/wp-json\/wp\/v2\/product_tag?post=92845"}],"curies":[{"name":"wp","href":"https:\/\/api.w.org\/{rel}","templated":true}]}}