{"id":92859,"date":"2026-02-05T11:44:55","date_gmt":"2026-02-05T11:44:55","guid":{"rendered":"https:\/\/beta.truzzer.com\/product\/skowyt-przejrzyj-wizytowke-clean-za-pomoca-yelp-i-sprawdz-kod-qr\/"},"modified":"2026-02-13T08:34:10","modified_gmt":"2026-02-13T08:34:10","slug":"skowyt-przejrzyj-wizytowke-clean-za-pomoca-yelp-i-sprawdz-kod-qr","status":"publish","type":"product","link":"https:\/\/www.truzzer.com\/pl\/produkt\/skowyt-przejrzyj-wizytowke-clean-za-pomoca-yelp-i-sprawdz-kod-qr\/","title":{"rendered":"Skowyt! Przejrzyj wizyt\u00f3wk\u0119 Clean za pomoc\u0105 Yelp i sprawd\u017a kod QR"},"content":{"rendered":"<h2>pobierz Sie ganz einfach Wi\u0119cej recenzji Yelp von Kanden<\/h2>\n<p>z den truzzerem Yelp! Wizyt\u00f3wki \u201eClean\u201d k\u00f6nnen Sie schneller pozytywna recenzja von youren zufriedenen Kanden zdob\u0105d\u017a, a Tw\u00f3j wizerunek pomo\u017ce Ci zwi\u0119kszy\u0107 reputacj\u0119.<\/p>\n<p>Zus\u00e4tzlich st\u00e4rken Sie durch die validen die Bindung zu yourem Unternehmen i sprawd\u017a sw\u00f3j ranking SEO.<\/p>\n<p>Im praktischen Business Cardsformat haben Sie jederzeit die M\u00f6glichkeit, Wi\u0119cej Yelp-Reviewen zu get and die Online-Review for youre Kanden zug\u00e4nglich zu machen.<\/p>\n<p>Geben Sie die truzzer Yelp Wizyt\u00f3wki w twoim Kanden, legen Sie sie in die Einkaufstasche, wy\u015blij Sie sie z Twoimi produktami lub platzieren Sie sie auf den Tischen im Restaurant. Fertiga.<\/p>\n<p>Der QR Code f\u00fchrt youre Kanden direkt zu yourer Yelp-Review, OHNE dass sie your Unternehmen zuerst suchen m\u00fcssen. Wi\u0119c Verhindern Sie Abspr\u00fcnge bei der Yelp-Review.<\/p>\n<p>Wizyt\u00f3wki Yelp mo\u017cna utworzy\u0107 za pomoc\u0105 spersonalizowanego logo i swojego Unternehmen anpassen.<\/p>\n<p>Die \u201eBewerten Sie uns auf Yelp\u201d-Produkte sind einfach zu verwenden, we wir Ihnen unten am Beispiel der Google-ReviewsSticker Sticker.<\/p>\n<p>&nbsp;<\/p>\n<p>&nbsp;<\/p>\n<h3>Schemat 1: Skanuj kod QR<\/h3>\n<p>Um Ihnen zu folgen, musisz zeskanowa\u0107 kod QR. Dazu muss die Kamera des Smartphones (keine zus\u00e4tzliche Scanner-App erforderlich) einfach \u00fcber das Produkt gehalten werden.<\/p>\n<p><img decoding=\"async\" src=\"https:\/\/www.truzzer.com\/wp-content\/uploads\/2026\/02\/how-to-use-the-product-truzzer-google.jpg.webp\" height=\"933\" class=\"alignnone wp-image-22402 size-full\" alt=\"Hand scanning a QR code for Google reviews on a smartphone.\"  > <\/p>\n<p>Ein Pop-up erscheint dann auf dem Bildschirm (iPhone) lub ein QR Code angezeigt (Android\/Google-Smartphones).<\/p>\n<h3>Schemat 2: Der Kande gelangt direkt zum Google-Reviewsformular<\/h3>\n<p>Formularz recenzji jest dost\u0119pny w przegl\u0105darce smartfon\u00f3w i mo\u017cna go bezpo\u015brednio przegl\u0105da\u0107.<\/p>\n<p>Hinweis:<\/p>\n<p>Bitte beachten Sie, dass ein Google Moja Firma-Profil erforderlich ist, um Google-Reviewen zu get.<\/p>\n<p>&nbsp;<\/p>\n","protected":false},"excerpt":{"rendered":"<p>Machen Sie es youren Kanden leicht, Sie auf Yelp zu bewerten!<\/p>\n<p>z Yelp-Wizyt\u00f3wki \u201eClean\u201d z Yelp-Recenzje-QR Code w einem reduzierten and ansprechenden design, das zu jedem Unternehmen passt, k\u00f6nnen Sie m\u00fchelos neue Yelp-Reviewen \u00fcberall gewinnen.<\/p>\n<p>Im handlichen Business Cardsformat sind die \u201eBewerten Sie uns auf Yelp\u201d-Wizyt\u00f3wki idealne dla jedermann\u00f3w i jedes Unternehmen.<\/p>\n<p>Wi\u0119c pom\u00f3\u017c innym u\u017cytkownikom Yelp-Recenzje-Wizyt\u00f3wki<\/p>\n<p>Wizyt\u00f3wki beseitigen die gr\u00f6\u00dften H\u00fcrden for youre Kanden bei der Yelp-Recenzja:<\/p>\n<ul>\n<li>Keine unangenehmen Fragen i Bitten \u2013 einfach \u00fcberreichen. Der Call-to-Action \u00fcbernimmt das for Sie.<\/li>\n<li>Przejrzyj recenzj\u0119, kt\u00f3r\u0105 mo\u017cesz zobaczy\u0107, da die Kanden an die Yelp-Recenzja zostanie zrecenzowana.<\/li>\n<li>Kein Suchen i keine Schwierigkeiten: Kod QR f\u00fchrt direkt zu yourem Recenzje.<\/li>\n<li>Greifbar: Wizyt\u00f3wki machen die Yelp \u2014 recenzja greifbar.<\/li>\n<li>Keine zus\u00e4tzliche App: Kod QR mo\u017cna pobra\u0107 z u\u017cyciem kamery w smartfonie.<\/li>\n<\/ul>\n<p>Wir erstellen and verlinken den QR Code for die direkte Przejrzyj sw\u00f3j profil Yelp! Mo\u017cesz uzyska\u0107 informacje o swojej firmie.<\/p>\n<p>Wy\u015bwietl swoje logo, aby wy\u015bwietli\u0107 funkcj\u0119 przesy\u0142ania i wy\u015bwietli\u0107 dane kontaktowe, kt\u00f3re mo\u017cna wy\u015bwietli\u0107 na wizyt\u00f3wce.<\/p>\n","protected":false},"featured_media":92860,"comment_status":"open","ping_status":"closed","template":"","meta":{"_acf_changed":false,"_yoast_wpseo_focuskw":"Opinia Yelp Wizyt\u00f3wka","_yoast_wpseo_title":"Skowyt! Przejrzyj wizyt\u00f3wk\u0119 Clean za pomoc\u0105 Yel... | truzzer","_yoast_wpseo_metadesc":"Wi\u0119cej opinii Yelp z Skowyt! Przejrzyj wizyt\u00f3wk\u0119 Clean za pomoc\u0105 Yelp i sprawd\u017a kod QR od truzzer. \u0141atwa konfiguracja, gotowe do u\u017cycia. Zam\u00f3w teraz!"},"product_brand":[1715],"product_cat":[518,608,609,575,520],"product_tag":[],"class_list":{"0":"post-92859","1":"product","2":"type-product","3":"status-publish","4":"has-post-thumbnail","6":"product_brand-yelp","7":"product_cat-kod-qr-produkty","8":"product_cat-kod-qr-wizytowki","9":"product_cat-kod-qr-wizytowki-z-danymi-kontaktowymi","10":"product_cat-opinia-yelp-wizytowki","11":"product_cat-opinie-yelp","12":"pa_product-type-odwiedzekaartjes","13":"pa_technology-kod-qr","15":"first","16":"instock","17":"taxable","18":"shipping-taxable","19":"purchasable","20":"product-type-simple"},"acf":[],"yoast_head":"<!-- This site is optimized with the Yoast SEO plugin v27.0 - https:\/\/yoast.com\/product\/yoast-seo-wordpress\/ -->\n<title>Skowyt! Przejrzyj wizyt\u00f3wk\u0119 Clean za pomoc\u0105 Yel... | truzzer<\/title>\n<meta name=\"description\" content=\"Wi\u0119cej opinii Yelp z Skowyt! Przejrzyj wizyt\u00f3wk\u0119 Clean za pomoc\u0105 Yelp i sprawd\u017a kod QR od truzzer. \u0141atwa konfiguracja, gotowe do u\u017cycia. Zam\u00f3w teraz!\" \/>\n<meta name=\"robots\" content=\"index, follow, max-snippet:-1, max-image-preview:large, max-video-preview:-1\" \/>\n<link rel=\"canonical\" href=\"https:\/\/www.truzzer.com\/pl\/produkt\/skowyt-przejrzyj-wizytowke-clean-za-pomoca-yelp-i-sprawdz-kod-qr\/\" \/>\n<meta property=\"og:locale\" content=\"pl_PL\" \/>\n<meta property=\"og:type\" content=\"article\" \/>\n<meta property=\"og:title\" content=\"Skowyt! Przejrzyj wizyt\u00f3wk\u0119 Clean za pomoc\u0105 Yel... | truzzer\" \/>\n<meta property=\"og:description\" content=\"Wi\u0119cej opinii Yelp z Skowyt! Przejrzyj wizyt\u00f3wk\u0119 Clean za pomoc\u0105 Yelp i sprawd\u017a kod QR od truzzer. \u0141atwa konfiguracja, gotowe do u\u017cycia. Zam\u00f3w teraz!\" \/>\n<meta property=\"og:url\" content=\"https:\/\/www.truzzer.com\/pl\/produkt\/skowyt-przejrzyj-wizytowke-clean-za-pomoca-yelp-i-sprawdz-kod-qr\/\" \/>\n<meta property=\"og:site_name\" content=\"truzzer\" \/>\n<meta property=\"article:modified_time\" content=\"2026-02-13T08:34:10+00:00\" \/>\n<meta property=\"og:image\" content=\"https:\/\/www.truzzer.com\/wp-content\/uploads\/2026\/02\/review-us-on-yelp-business-card-clean-with-review-qr-code-color-truzzer-2-2.jpg\" \/>\n\t<meta property=\"og:image:width\" content=\"1200\" \/>\n\t<meta property=\"og:image:height\" content=\"1200\" \/>\n\t<meta property=\"og:image:type\" content=\"image\/jpeg\" \/>\n<meta name=\"twitter:card\" content=\"summary_large_image\" \/>\n<meta name=\"twitter:label1\" content=\"Szacowany czas czytania\" \/>\n\t<meta name=\"twitter:data1\" content=\"1 minuta\" \/>\n<script type=\"application\/ld+json\" class=\"yoast-schema-graph\">{\"@context\":\"https:\/\/schema.org\",\"@graph\":[{\"@type\":\"WebPage\",\"@id\":\"https:\/\/www.truzzer.com\/pl\/produkt\/skowyt-przejrzyj-wizytowke-clean-za-pomoca-yelp-i-sprawdz-kod-qr\/\",\"url\":\"https:\/\/www.truzzer.com\/pl\/produkt\/skowyt-przejrzyj-wizytowke-clean-za-pomoca-yelp-i-sprawdz-kod-qr\/\",\"name\":\"Skowyt! Przejrzyj wizyt\u00f3wk\u0119 Clean za pomoc\u0105 Yel... | truzzer\",\"isPartOf\":{\"@id\":\"https:\/\/www.truzzer.com\/pl\/#website\"},\"primaryImageOfPage\":{\"@id\":\"https:\/\/www.truzzer.com\/pl\/produkt\/skowyt-przejrzyj-wizytowke-clean-za-pomoca-yelp-i-sprawdz-kod-qr\/#primaryimage\"},\"image\":{\"@id\":\"https:\/\/www.truzzer.com\/pl\/produkt\/skowyt-przejrzyj-wizytowke-clean-za-pomoca-yelp-i-sprawdz-kod-qr\/#primaryimage\"},\"thumbnailUrl\":\"https:\/\/www.truzzer.com\/wp-content\/uploads\/2026\/02\/review-us-on-yelp-business-card-clean-with-review-qr-code-color-truzzer-2-2.jpg\",\"datePublished\":\"2026-02-05T11:44:55+00:00\",\"dateModified\":\"2026-02-13T08:34:10+00:00\",\"description\":\"Wi\u0119cej opinii Yelp z Skowyt! Przejrzyj wizyt\u00f3wk\u0119 Clean za pomoc\u0105 Yelp i sprawd\u017a kod QR od truzzer. \u0141atwa konfiguracja, gotowe do u\u017cycia. Zam\u00f3w teraz!\",\"breadcrumb\":{\"@id\":\"https:\/\/www.truzzer.com\/pl\/produkt\/skowyt-przejrzyj-wizytowke-clean-za-pomoca-yelp-i-sprawdz-kod-qr\/#breadcrumb\"},\"inLanguage\":\"pl-PL\",\"potentialAction\":[{\"@type\":\"ReadAction\",\"target\":[\"https:\/\/www.truzzer.com\/pl\/produkt\/skowyt-przejrzyj-wizytowke-clean-za-pomoca-yelp-i-sprawdz-kod-qr\/\"]}]},{\"@type\":\"ImageObject\",\"inLanguage\":\"pl-PL\",\"@id\":\"https:\/\/www.truzzer.com\/pl\/produkt\/skowyt-przejrzyj-wizytowke-clean-za-pomoca-yelp-i-sprawdz-kod-qr\/#primaryimage\",\"url\":\"https:\/\/www.truzzer.com\/wp-content\/uploads\/2026\/02\/review-us-on-yelp-business-card-clean-with-review-qr-code-color-truzzer-2-2.jpg\",\"contentUrl\":\"https:\/\/www.truzzer.com\/wp-content\/uploads\/2026\/02\/review-us-on-yelp-business-card-clean-with-review-qr-code-color-truzzer-2-2.jpg\",\"width\":1200,\"height\":1200},{\"@type\":\"BreadcrumbList\",\"@id\":\"https:\/\/www.truzzer.com\/pl\/produkt\/skowyt-przejrzyj-wizytowke-clean-za-pomoca-yelp-i-sprawdz-kod-qr\/#breadcrumb\",\"itemListElement\":[{\"@type\":\"ListItem\",\"position\":1,\"name\":\"Home\",\"item\":\"https:\/\/www.truzzer.com\/pl\/\"},{\"@type\":\"ListItem\",\"position\":2,\"name\":\"Sklep\",\"item\":\"https:\/\/www.truzzer.com\/pl\/sklep\/\"},{\"@type\":\"ListItem\",\"position\":3,\"name\":\"Skowyt! Przejrzyj wizyt\u00f3wk\u0119 Clean za pomoc\u0105 Yelp i sprawd\u017a kod QR\"}]},{\"@type\":\"WebSite\",\"@id\":\"https:\/\/www.truzzer.com\/pl\/#website\",\"url\":\"https:\/\/www.truzzer.com\/pl\/\",\"name\":\"truzzer\",\"description\":\"Experts for customer trust\",\"publisher\":{\"@id\":\"https:\/\/www.truzzer.com\/pl\/#organization\"},\"potentialAction\":[{\"@type\":\"SearchAction\",\"target\":{\"@type\":\"EntryPoint\",\"urlTemplate\":\"https:\/\/www.truzzer.com\/pl\/?s={search_term_string}\"},\"query-input\":{\"@type\":\"PropertyValueSpecification\",\"valueRequired\":true,\"valueName\":\"search_term_string\"}}],\"inLanguage\":\"pl-PL\"},{\"@type\":\"Organization\",\"@id\":\"https:\/\/www.truzzer.com\/pl\/#organization\",\"name\":\"truzzer\",\"url\":\"https:\/\/www.truzzer.com\/pl\/\",\"logo\":{\"@type\":\"ImageObject\",\"inLanguage\":\"pl-PL\",\"@id\":\"https:\/\/www.truzzer.com\/pl\/#\/schema\/logo\/image\/\",\"url\":\"https:\/\/truzzer.com\/wp-content\/uploads\/2026\/01\/truzzer-logo-black-1.svg\",\"contentUrl\":\"https:\/\/truzzer.com\/wp-content\/uploads\/2026\/01\/truzzer-logo-black-1.svg\",\"width\":938,\"height\":199,\"caption\":\"truzzer\"},\"image\":{\"@id\":\"https:\/\/www.truzzer.com\/pl\/#\/schema\/logo\/image\/\"}}]}<\/script>\n<!-- \/ Yoast SEO plugin. -->","yoast_head_json":{"title":"Skowyt! Przejrzyj wizyt\u00f3wk\u0119 Clean za pomoc\u0105 Yel... | truzzer","description":"Wi\u0119cej opinii Yelp z Skowyt! Przejrzyj wizyt\u00f3wk\u0119 Clean za pomoc\u0105 Yelp i sprawd\u017a kod QR od truzzer. \u0141atwa konfiguracja, gotowe do u\u017cycia. Zam\u00f3w teraz!","robots":{"index":"index","follow":"follow","max-snippet":"max-snippet:-1","max-image-preview":"max-image-preview:large","max-video-preview":"max-video-preview:-1"},"canonical":"https:\/\/www.truzzer.com\/pl\/produkt\/skowyt-przejrzyj-wizytowke-clean-za-pomoca-yelp-i-sprawdz-kod-qr\/","og_locale":"pl_PL","og_type":"article","og_title":"Skowyt! Przejrzyj wizyt\u00f3wk\u0119 Clean za pomoc\u0105 Yel... | truzzer","og_description":"Wi\u0119cej opinii Yelp z Skowyt! Przejrzyj wizyt\u00f3wk\u0119 Clean za pomoc\u0105 Yelp i sprawd\u017a kod QR od truzzer. \u0141atwa konfiguracja, gotowe do u\u017cycia. Zam\u00f3w teraz!","og_url":"https:\/\/www.truzzer.com\/pl\/produkt\/skowyt-przejrzyj-wizytowke-clean-za-pomoca-yelp-i-sprawdz-kod-qr\/","og_site_name":"truzzer","article_modified_time":"2026-02-13T08:34:10+00:00","og_image":[{"width":1200,"height":1200,"url":"https:\/\/www.truzzer.com\/wp-content\/uploads\/2026\/02\/review-us-on-yelp-business-card-clean-with-review-qr-code-color-truzzer-2-2.jpg","type":"image\/jpeg"}],"twitter_card":"summary_large_image","twitter_misc":{"Szacowany czas czytania":"1 minuta"},"schema":{"@context":"https:\/\/schema.org","@graph":[{"@type":"WebPage","@id":"https:\/\/www.truzzer.com\/pl\/produkt\/skowyt-przejrzyj-wizytowke-clean-za-pomoca-yelp-i-sprawdz-kod-qr\/","url":"https:\/\/www.truzzer.com\/pl\/produkt\/skowyt-przejrzyj-wizytowke-clean-za-pomoca-yelp-i-sprawdz-kod-qr\/","name":"Skowyt! Przejrzyj wizyt\u00f3wk\u0119 Clean za pomoc\u0105 Yel... | truzzer","isPartOf":{"@id":"https:\/\/www.truzzer.com\/pl\/#website"},"primaryImageOfPage":{"@id":"https:\/\/www.truzzer.com\/pl\/produkt\/skowyt-przejrzyj-wizytowke-clean-za-pomoca-yelp-i-sprawdz-kod-qr\/#primaryimage"},"image":{"@id":"https:\/\/www.truzzer.com\/pl\/produkt\/skowyt-przejrzyj-wizytowke-clean-za-pomoca-yelp-i-sprawdz-kod-qr\/#primaryimage"},"thumbnailUrl":"https:\/\/www.truzzer.com\/wp-content\/uploads\/2026\/02\/review-us-on-yelp-business-card-clean-with-review-qr-code-color-truzzer-2-2.jpg","datePublished":"2026-02-05T11:44:55+00:00","dateModified":"2026-02-13T08:34:10+00:00","description":"Wi\u0119cej opinii Yelp z Skowyt! Przejrzyj wizyt\u00f3wk\u0119 Clean za pomoc\u0105 Yelp i sprawd\u017a kod QR od truzzer. \u0141atwa konfiguracja, gotowe do u\u017cycia. Zam\u00f3w teraz!","breadcrumb":{"@id":"https:\/\/www.truzzer.com\/pl\/produkt\/skowyt-przejrzyj-wizytowke-clean-za-pomoca-yelp-i-sprawdz-kod-qr\/#breadcrumb"},"inLanguage":"pl-PL","potentialAction":[{"@type":"ReadAction","target":["https:\/\/www.truzzer.com\/pl\/produkt\/skowyt-przejrzyj-wizytowke-clean-za-pomoca-yelp-i-sprawdz-kod-qr\/"]}]},{"@type":"ImageObject","inLanguage":"pl-PL","@id":"https:\/\/www.truzzer.com\/pl\/produkt\/skowyt-przejrzyj-wizytowke-clean-za-pomoca-yelp-i-sprawdz-kod-qr\/#primaryimage","url":"https:\/\/www.truzzer.com\/wp-content\/uploads\/2026\/02\/review-us-on-yelp-business-card-clean-with-review-qr-code-color-truzzer-2-2.jpg","contentUrl":"https:\/\/www.truzzer.com\/wp-content\/uploads\/2026\/02\/review-us-on-yelp-business-card-clean-with-review-qr-code-color-truzzer-2-2.jpg","width":1200,"height":1200},{"@type":"BreadcrumbList","@id":"https:\/\/www.truzzer.com\/pl\/produkt\/skowyt-przejrzyj-wizytowke-clean-za-pomoca-yelp-i-sprawdz-kod-qr\/#breadcrumb","itemListElement":[{"@type":"ListItem","position":1,"name":"Home","item":"https:\/\/www.truzzer.com\/pl\/"},{"@type":"ListItem","position":2,"name":"Sklep","item":"https:\/\/www.truzzer.com\/pl\/sklep\/"},{"@type":"ListItem","position":3,"name":"Skowyt! Przejrzyj wizyt\u00f3wk\u0119 Clean za pomoc\u0105 Yelp i sprawd\u017a kod QR"}]},{"@type":"WebSite","@id":"https:\/\/www.truzzer.com\/pl\/#website","url":"https:\/\/www.truzzer.com\/pl\/","name":"truzzer","description":"Experts for customer trust","publisher":{"@id":"https:\/\/www.truzzer.com\/pl\/#organization"},"potentialAction":[{"@type":"SearchAction","target":{"@type":"EntryPoint","urlTemplate":"https:\/\/www.truzzer.com\/pl\/?s={search_term_string}"},"query-input":{"@type":"PropertyValueSpecification","valueRequired":true,"valueName":"search_term_string"}}],"inLanguage":"pl-PL"},{"@type":"Organization","@id":"https:\/\/www.truzzer.com\/pl\/#organization","name":"truzzer","url":"https:\/\/www.truzzer.com\/pl\/","logo":{"@type":"ImageObject","inLanguage":"pl-PL","@id":"https:\/\/www.truzzer.com\/pl\/#\/schema\/logo\/image\/","url":"https:\/\/truzzer.com\/wp-content\/uploads\/2026\/01\/truzzer-logo-black-1.svg","contentUrl":"https:\/\/truzzer.com\/wp-content\/uploads\/2026\/01\/truzzer-logo-black-1.svg","width":938,"height":199,"caption":"truzzer"},"image":{"@id":"https:\/\/www.truzzer.com\/pl\/#\/schema\/logo\/image\/"}}]}},"tiered_pricing_type":"fixed","tiered_pricing_fixed_rules":[],"tiered_pricing_product_settings":{"layout":"default","base_unit_name":{"singular":null,"plural":null},"default_variation":null},"tiered_pricing_minimum_quantity":null,"tiered_pricing_roles_data":[],"tiered_pricing_percentage_rules":[],"tiered_pricing_maximum_quantity":null,"tiered_pricing_quantity_step":null,"_links":{"self":[{"href":"https:\/\/www.truzzer.com\/pl\/wp-json\/wp\/v2\/product\/92859","targetHints":{"allow":["GET"]}}],"collection":[{"href":"https:\/\/www.truzzer.com\/pl\/wp-json\/wp\/v2\/product"}],"about":[{"href":"https:\/\/www.truzzer.com\/pl\/wp-json\/wp\/v2\/types\/product"}],"replies":[{"embeddable":true,"href":"https:\/\/www.truzzer.com\/pl\/wp-json\/wp\/v2\/comments?post=92859"}],"wp:featuredmedia":[{"embeddable":true,"href":"https:\/\/www.truzzer.com\/pl\/wp-json\/wp\/v2\/media\/92860"}],"wp:attachment":[{"href":"https:\/\/www.truzzer.com\/pl\/wp-json\/wp\/v2\/media?parent=92859"}],"wp:term":[{"taxonomy":"product_brand","embeddable":true,"href":"https:\/\/www.truzzer.com\/pl\/wp-json\/wp\/v2\/product_brand?post=92859"},{"taxonomy":"product_cat","embeddable":true,"href":"https:\/\/www.truzzer.com\/pl\/wp-json\/wp\/v2\/product_cat?post=92859"},{"taxonomy":"product_tag","embeddable":true,"href":"https:\/\/www.truzzer.com\/pl\/wp-json\/wp\/v2\/product_tag?post=92859"}],"curies":[{"name":"wp","href":"https:\/\/api.w.org\/{rel}","templated":true}]}}