{"id":93144,"date":"2026-02-05T11:21:20","date_gmt":"2026-02-05T11:21:20","guid":{"rendered":"https:\/\/beta.truzzer.com\/product\/okragla-naklejka-na-linkedin\/"},"modified":"2026-02-12T16:04:57","modified_gmt":"2026-02-12T16:04:57","slug":"okragla-naklejka-na-linkedin","status":"publish","type":"product","link":"https:\/\/www.truzzer.com\/pl\/produkt\/okragla-naklejka-na-linkedin\/","title":{"rendered":"Okr\u0105g\u0142a naklejka na LinkedIn"},"content":{"rendered":"","protected":false},"excerpt":{"rendered":"<p><strong>Einfacher auf LinkedIn vernetzen z kodem QR Aufklebern dla LinkedIn.<\/strong><\/p>\n<p>&nbsp;<\/p>\n<p>-dla innen i au\u00dfen geeignet<\/p>\n<p>-Witterungsbest\u00e4ndig<\/p>\n<p>-dla jede gtte Oberfl\u00e4che geeignet<\/p>\n<p>-dla Ladengesch\u00e4fte, T\u00fcren lub als Auto LinkedIn Aufkleber<\/p>\n<p>-Zeigt deinen Kanden and Partnern, dass sie dich auf LinkedIn finden<\/p>\n<p>-Indywidualne dla dich gefertigt<\/p>\n<p>-In drei Gr\u00f6\u00dfen erh\u00e4ltlich<\/p>\n<p>Verlinkung des QR-Codes zu deinem LinkedIn Profil \u00fcbernehmen wir for dich!<\/p>\n<p>Bitte erg\u00e4nze Deinen Nutzernamen weiter unten im Bestellprozess z.B. \u201e@DeinUnternehmen\u201d.<\/p>\n","protected":false},"featured_media":93145,"comment_status":"open","ping_status":"closed","template":"","meta":{"_acf_changed":false,"_yoast_wpseo_focuskw":"LinkedIn Naklejka","_yoast_wpseo_title":"Okr\u0105g\u0142a naklejka na LinkedIn | truzzer","_yoast_wpseo_metadesc":"Rozszerz sie\u0107 LinkedIn z Okr\u0105g\u0142a naklejka na LinkedIn od truzzer. \u0141atwa konfiguracja, gotowe do u\u017cycia. Zam\u00f3w teraz!"},"product_brand":[1672],"product_cat":[519,518,676,675],"product_tag":[],"class_list":{"0":"post-93144","1":"product","2":"type-product","3":"status-publish","4":"has-post-thumbnail","6":"product_brand-linkedin","7":"product_cat-kod-qr-naklejki","8":"product_cat-kod-qr-produkty","9":"product_cat-linkedin-naklejki","10":"product_cat-linkedin-obserwujacy","11":"pa_product-type-naklejka","12":"pa_shape-ronda","13":"pa_technology-kod-qr","15":"first","16":"instock","17":"taxable","18":"shipping-taxable","19":"purchasable","20":"product-type-variable","21":"has-default-attributes"},"acf":[],"yoast_head":"<!-- This site is optimized with the Yoast SEO plugin v27.0 - https:\/\/yoast.com\/product\/yoast-seo-wordpress\/ -->\n<title>Okr\u0105g\u0142a naklejka na LinkedIn | truzzer<\/title>\n<meta name=\"description\" content=\"Rozszerz sie\u0107 LinkedIn z Okr\u0105g\u0142a naklejka na LinkedIn od truzzer. \u0141atwa konfiguracja, gotowe do u\u017cycia. Zam\u00f3w teraz!\" \/>\n<meta name=\"robots\" content=\"index, follow, max-snippet:-1, max-image-preview:large, max-video-preview:-1\" \/>\n<link rel=\"canonical\" href=\"https:\/\/www.truzzer.com\/pl\/produkt\/okragla-naklejka-na-linkedin\/\" \/>\n<meta property=\"og:locale\" content=\"pl_PL\" \/>\n<meta property=\"og:type\" content=\"article\" \/>\n<meta property=\"og:title\" content=\"Okr\u0105g\u0142a naklejka na LinkedIn | truzzer\" \/>\n<meta property=\"og:description\" content=\"Rozszerz sie\u0107 LinkedIn z Okr\u0105g\u0142a naklejka na LinkedIn od truzzer. \u0141atwa konfiguracja, gotowe do u\u017cycia. Zam\u00f3w teraz!\" \/>\n<meta property=\"og:url\" content=\"https:\/\/www.truzzer.com\/pl\/produkt\/okragla-naklejka-na-linkedin\/\" \/>\n<meta property=\"og:site_name\" content=\"truzzer\" \/>\n<meta property=\"article:modified_time\" content=\"2026-02-12T16:04:57+00:00\" \/>\n<meta property=\"og:image\" content=\"https:\/\/www.truzzer.com\/wp-content\/uploads\/2026\/02\/follow-us-on-linkedin-sticker-round-2.jpg\" \/>\n\t<meta property=\"og:image:width\" content=\"1200\" \/>\n\t<meta property=\"og:image:height\" content=\"1200\" \/>\n\t<meta property=\"og:image:type\" content=\"image\/jpeg\" \/>\n<meta name=\"twitter:card\" content=\"summary_large_image\" \/>\n<script type=\"application\/ld+json\" class=\"yoast-schema-graph\">{\"@context\":\"https:\/\/schema.org\",\"@graph\":[{\"@type\":\"WebPage\",\"@id\":\"https:\/\/www.truzzer.com\/pl\/produkt\/okragla-naklejka-na-linkedin\/\",\"url\":\"https:\/\/www.truzzer.com\/pl\/produkt\/okragla-naklejka-na-linkedin\/\",\"name\":\"Okr\u0105g\u0142a naklejka na LinkedIn | truzzer\",\"isPartOf\":{\"@id\":\"https:\/\/www.truzzer.com\/pl\/#website\"},\"primaryImageOfPage\":{\"@id\":\"https:\/\/www.truzzer.com\/pl\/produkt\/okragla-naklejka-na-linkedin\/#primaryimage\"},\"image\":{\"@id\":\"https:\/\/www.truzzer.com\/pl\/produkt\/okragla-naklejka-na-linkedin\/#primaryimage\"},\"thumbnailUrl\":\"https:\/\/www.truzzer.com\/wp-content\/uploads\/2026\/02\/follow-us-on-linkedin-sticker-round-2.jpg\",\"datePublished\":\"2026-02-05T11:21:20+00:00\",\"dateModified\":\"2026-02-12T16:04:57+00:00\",\"description\":\"Rozszerz sie\u0107 LinkedIn z Okr\u0105g\u0142a naklejka na LinkedIn od truzzer. \u0141atwa konfiguracja, gotowe do u\u017cycia. Zam\u00f3w teraz!\",\"breadcrumb\":{\"@id\":\"https:\/\/www.truzzer.com\/pl\/produkt\/okragla-naklejka-na-linkedin\/#breadcrumb\"},\"inLanguage\":\"pl-PL\",\"potentialAction\":[{\"@type\":\"ReadAction\",\"target\":[\"https:\/\/www.truzzer.com\/pl\/produkt\/okragla-naklejka-na-linkedin\/\"]}]},{\"@type\":\"ImageObject\",\"inLanguage\":\"pl-PL\",\"@id\":\"https:\/\/www.truzzer.com\/pl\/produkt\/okragla-naklejka-na-linkedin\/#primaryimage\",\"url\":\"https:\/\/www.truzzer.com\/wp-content\/uploads\/2026\/02\/follow-us-on-linkedin-sticker-round-2.jpg\",\"contentUrl\":\"https:\/\/www.truzzer.com\/wp-content\/uploads\/2026\/02\/follow-us-on-linkedin-sticker-round-2.jpg\",\"width\":1200,\"height\":1200,\"caption\":\"Naklejka LinkedIn Road\"},{\"@type\":\"BreadcrumbList\",\"@id\":\"https:\/\/www.truzzer.com\/pl\/produkt\/okragla-naklejka-na-linkedin\/#breadcrumb\",\"itemListElement\":[{\"@type\":\"ListItem\",\"position\":1,\"name\":\"Home\",\"item\":\"https:\/\/www.truzzer.com\/pl\/\"},{\"@type\":\"ListItem\",\"position\":2,\"name\":\"Sklep\",\"item\":\"https:\/\/www.truzzer.com\/pl\/sklep\/\"},{\"@type\":\"ListItem\",\"position\":3,\"name\":\"Okr\u0105g\u0142a naklejka na LinkedIn\"}]},{\"@type\":\"WebSite\",\"@id\":\"https:\/\/www.truzzer.com\/pl\/#website\",\"url\":\"https:\/\/www.truzzer.com\/pl\/\",\"name\":\"truzzer\",\"description\":\"Experts for customer trust\",\"publisher\":{\"@id\":\"https:\/\/www.truzzer.com\/pl\/#organization\"},\"potentialAction\":[{\"@type\":\"SearchAction\",\"target\":{\"@type\":\"EntryPoint\",\"urlTemplate\":\"https:\/\/www.truzzer.com\/pl\/?s={search_term_string}\"},\"query-input\":{\"@type\":\"PropertyValueSpecification\",\"valueRequired\":true,\"valueName\":\"search_term_string\"}}],\"inLanguage\":\"pl-PL\"},{\"@type\":\"Organization\",\"@id\":\"https:\/\/www.truzzer.com\/pl\/#organization\",\"name\":\"truzzer\",\"url\":\"https:\/\/www.truzzer.com\/pl\/\",\"logo\":{\"@type\":\"ImageObject\",\"inLanguage\":\"pl-PL\",\"@id\":\"https:\/\/www.truzzer.com\/pl\/#\/schema\/logo\/image\/\",\"url\":\"https:\/\/truzzer.com\/wp-content\/uploads\/2026\/01\/truzzer-logo-black-1.svg\",\"contentUrl\":\"https:\/\/truzzer.com\/wp-content\/uploads\/2026\/01\/truzzer-logo-black-1.svg\",\"width\":938,\"height\":199,\"caption\":\"truzzer\"},\"image\":{\"@id\":\"https:\/\/www.truzzer.com\/pl\/#\/schema\/logo\/image\/\"}}]}<\/script>\n<!-- \/ Yoast SEO plugin. -->","yoast_head_json":{"title":"Okr\u0105g\u0142a naklejka na LinkedIn | truzzer","description":"Rozszerz sie\u0107 LinkedIn z Okr\u0105g\u0142a naklejka na LinkedIn od truzzer. \u0141atwa konfiguracja, gotowe do u\u017cycia. Zam\u00f3w teraz!","robots":{"index":"index","follow":"follow","max-snippet":"max-snippet:-1","max-image-preview":"max-image-preview:large","max-video-preview":"max-video-preview:-1"},"canonical":"https:\/\/www.truzzer.com\/pl\/produkt\/okragla-naklejka-na-linkedin\/","og_locale":"pl_PL","og_type":"article","og_title":"Okr\u0105g\u0142a naklejka na LinkedIn | truzzer","og_description":"Rozszerz sie\u0107 LinkedIn z Okr\u0105g\u0142a naklejka na LinkedIn od truzzer. \u0141atwa konfiguracja, gotowe do u\u017cycia. Zam\u00f3w teraz!","og_url":"https:\/\/www.truzzer.com\/pl\/produkt\/okragla-naklejka-na-linkedin\/","og_site_name":"truzzer","article_modified_time":"2026-02-12T16:04:57+00:00","og_image":[{"width":1200,"height":1200,"url":"https:\/\/www.truzzer.com\/wp-content\/uploads\/2026\/02\/follow-us-on-linkedin-sticker-round-2.jpg","type":"image\/jpeg"}],"twitter_card":"summary_large_image","schema":{"@context":"https:\/\/schema.org","@graph":[{"@type":"WebPage","@id":"https:\/\/www.truzzer.com\/pl\/produkt\/okragla-naklejka-na-linkedin\/","url":"https:\/\/www.truzzer.com\/pl\/produkt\/okragla-naklejka-na-linkedin\/","name":"Okr\u0105g\u0142a naklejka na LinkedIn | truzzer","isPartOf":{"@id":"https:\/\/www.truzzer.com\/pl\/#website"},"primaryImageOfPage":{"@id":"https:\/\/www.truzzer.com\/pl\/produkt\/okragla-naklejka-na-linkedin\/#primaryimage"},"image":{"@id":"https:\/\/www.truzzer.com\/pl\/produkt\/okragla-naklejka-na-linkedin\/#primaryimage"},"thumbnailUrl":"https:\/\/www.truzzer.com\/wp-content\/uploads\/2026\/02\/follow-us-on-linkedin-sticker-round-2.jpg","datePublished":"2026-02-05T11:21:20+00:00","dateModified":"2026-02-12T16:04:57+00:00","description":"Rozszerz sie\u0107 LinkedIn z Okr\u0105g\u0142a naklejka na LinkedIn od truzzer. \u0141atwa konfiguracja, gotowe do u\u017cycia. Zam\u00f3w teraz!","breadcrumb":{"@id":"https:\/\/www.truzzer.com\/pl\/produkt\/okragla-naklejka-na-linkedin\/#breadcrumb"},"inLanguage":"pl-PL","potentialAction":[{"@type":"ReadAction","target":["https:\/\/www.truzzer.com\/pl\/produkt\/okragla-naklejka-na-linkedin\/"]}]},{"@type":"ImageObject","inLanguage":"pl-PL","@id":"https:\/\/www.truzzer.com\/pl\/produkt\/okragla-naklejka-na-linkedin\/#primaryimage","url":"https:\/\/www.truzzer.com\/wp-content\/uploads\/2026\/02\/follow-us-on-linkedin-sticker-round-2.jpg","contentUrl":"https:\/\/www.truzzer.com\/wp-content\/uploads\/2026\/02\/follow-us-on-linkedin-sticker-round-2.jpg","width":1200,"height":1200,"caption":"Naklejka LinkedIn Road"},{"@type":"BreadcrumbList","@id":"https:\/\/www.truzzer.com\/pl\/produkt\/okragla-naklejka-na-linkedin\/#breadcrumb","itemListElement":[{"@type":"ListItem","position":1,"name":"Home","item":"https:\/\/www.truzzer.com\/pl\/"},{"@type":"ListItem","position":2,"name":"Sklep","item":"https:\/\/www.truzzer.com\/pl\/sklep\/"},{"@type":"ListItem","position":3,"name":"Okr\u0105g\u0142a naklejka na LinkedIn"}]},{"@type":"WebSite","@id":"https:\/\/www.truzzer.com\/pl\/#website","url":"https:\/\/www.truzzer.com\/pl\/","name":"truzzer","description":"Experts for customer trust","publisher":{"@id":"https:\/\/www.truzzer.com\/pl\/#organization"},"potentialAction":[{"@type":"SearchAction","target":{"@type":"EntryPoint","urlTemplate":"https:\/\/www.truzzer.com\/pl\/?s={search_term_string}"},"query-input":{"@type":"PropertyValueSpecification","valueRequired":true,"valueName":"search_term_string"}}],"inLanguage":"pl-PL"},{"@type":"Organization","@id":"https:\/\/www.truzzer.com\/pl\/#organization","name":"truzzer","url":"https:\/\/www.truzzer.com\/pl\/","logo":{"@type":"ImageObject","inLanguage":"pl-PL","@id":"https:\/\/www.truzzer.com\/pl\/#\/schema\/logo\/image\/","url":"https:\/\/truzzer.com\/wp-content\/uploads\/2026\/01\/truzzer-logo-black-1.svg","contentUrl":"https:\/\/truzzer.com\/wp-content\/uploads\/2026\/01\/truzzer-logo-black-1.svg","width":938,"height":199,"caption":"truzzer"},"image":{"@id":"https:\/\/www.truzzer.com\/pl\/#\/schema\/logo\/image\/"}}]}},"tiered_pricing_type":"fixed","tiered_pricing_fixed_rules":[],"tiered_pricing_product_settings":{"layout":"default","base_unit_name":{"singular":null,"plural":null},"default_variation":null},"tiered_pricing_minimum_quantity":null,"tiered_pricing_roles_data":[],"tiered_pricing_percentage_rules":[],"tiered_pricing_maximum_quantity":null,"tiered_pricing_quantity_step":null,"_links":{"self":[{"href":"https:\/\/www.truzzer.com\/pl\/wp-json\/wp\/v2\/product\/93144","targetHints":{"allow":["GET"]}}],"collection":[{"href":"https:\/\/www.truzzer.com\/pl\/wp-json\/wp\/v2\/product"}],"about":[{"href":"https:\/\/www.truzzer.com\/pl\/wp-json\/wp\/v2\/types\/product"}],"replies":[{"embeddable":true,"href":"https:\/\/www.truzzer.com\/pl\/wp-json\/wp\/v2\/comments?post=93144"}],"wp:featuredmedia":[{"embeddable":true,"href":"https:\/\/www.truzzer.com\/pl\/wp-json\/wp\/v2\/media\/93145"}],"wp:attachment":[{"href":"https:\/\/www.truzzer.com\/pl\/wp-json\/wp\/v2\/media?parent=93144"}],"wp:term":[{"taxonomy":"product_brand","embeddable":true,"href":"https:\/\/www.truzzer.com\/pl\/wp-json\/wp\/v2\/product_brand?post=93144"},{"taxonomy":"product_cat","embeddable":true,"href":"https:\/\/www.truzzer.com\/pl\/wp-json\/wp\/v2\/product_cat?post=93144"},{"taxonomy":"product_tag","embeddable":true,"href":"https:\/\/www.truzzer.com\/pl\/wp-json\/wp\/v2\/product_tag?post=93144"}],"curies":[{"name":"wp","href":"https:\/\/api.w.org\/{rel}","templated":true}]}}