{"id":93336,"date":"2026-02-01T20:10:48","date_gmt":"2026-02-01T20:10:48","guid":{"rendered":"https:\/\/beta.truzzer.com\/product\/ocen-nas-na-wizytowce-google-minimal\/"},"modified":"2026-02-12T16:04:48","modified_gmt":"2026-02-12T16:04:48","slug":"ocen-nas-na-wizytowce-google-minimal","status":"publish","type":"product","link":"https:\/\/www.truzzer.com\/pl\/produkt\/ocen-nas-na-wizytowce-google-minimal\/","title":{"rendered":"Review us on Google business card &#8222;Minimal&#8221;"},"content":{"rendered":"<h2>Get more Google reviews from customers easily<\/h2>\n<p>With the <strong>truzzer Google business cards<\/strong> you can get positive reviews from your satisfied customers faster and improve your image and reputation.<br \/>\nIn addition, you increase the bond with your company and your SEO ranking through the positive ratings.<\/p>\n<p>In the handy business card format, you always have the opportunity to get more Google B ratings at your fingertips and make the online rating accessible to your customers at any time.<br \/>\nGive your customers the truzzer Google business cards, put them in the shopping bag, send them with your products or place them on the tables in the restaurant. <strong>Done<\/strong>.<\/p>\n<p>The QR code takes customers directly to your Google rating WITHOUT having to search for you on Google first. This is how you prevent jumps in the Google rating.<\/p>\n<p>You can easily personalize the Google Business Cards with your logo and adapt them to your company.<\/p>\n<p>The reviewus on Google products are easy to use, which we would like to show you below using the example of the rating cards.<\/p>\n<h3>Step 1: The customer scans the QR Code<\/h3>\n<p>To rate you, the customer only has to scan the QR code. All you have to do is hold the smartphone camera over the product.<\/p>\n<p><img decoding=\"async\" class=\"alignleft wp-image-13570 size-full\" src=\"https:\/\/truzzer.com\/wp-content\/uploads\/2021\/01\/truzzer-google-bewertung-scan-1.jpg\" alt=\"\" width=\"1200\" height=\"792\" \/><\/p>\n<p>A pop-up will then appear on the screen (iPhone) or a QR code will appear (Android \/ Google smartphones).<\/p>\n<h3>Step 2: The customer goes directly to the evaluation form<\/h3>\n<p>The rating form will then open and the customer can rate you. So easy.<\/p>\n<p><img decoding=\"async\" class=\"alignleft wp-image-13571 size-full\" src=\"https:\/\/truzzer.com\/wp-content\/uploads\/2021\/01\/truzzer-google-bewertung-scan-2.jpg\" alt=\"\" width=\"1200\" height=\"792\" \/><\/p>\n<p><strong>Note<\/strong>:<br \/>\nPlease note that you need your own Google My Business profile to be reviewed.<br \/>\nIf you don&#8217;t have one, you can have one created by our experts.<strong> <a class=\"\" href=\"https:\/\/www.truzzer.com\/produkt\/google-my-business-einrichtung\/\" target=\"_blank\" rel=\"noopener noreferrer\">Please click here<\/a> after <\/strong>you have added your Google business card to the shopping cart.<\/p>\n","protected":false},"excerpt":{"rendered":"<p><strong>Make it easy for your customers to review you on Google!<\/strong><\/p>\n<p>With the Google &#8220;Minimal&#8221; business cards in a reduced and attractive design, which fit into any company, you can easily win new Google reviews everywhere.<br \/>\nIn a handy business card format, the &#8220;Reviewus on Google&#8221; business cards are ideal for anyone who travels a lot for work &#8211; e.g. for craftsmen and salespeople.<\/p>\n<p>We will create and link the QR code for direct evaluation on your Google profile for you! We take this information from your company address.<br \/>\nYou can find more information on how the maps help you here: <a href=\"#tab-description\"><\/a><\/p>\n","protected":false},"featured_media":93337,"comment_status":"open","ping_status":"closed","template":"","meta":{"_acf_changed":false,"_yoast_wpseo_focuskw":"Opinia Google Wizyt\u00f3wka","_yoast_wpseo_title":"Review us on Google business card \u201eMinimal\u201d | truzzer","_yoast_wpseo_metadesc":"Wi\u0119cej 5-gwiazdkowych opinii Google z Review us on Google business card \u201eMinimal\u201d od truzzer. \u0141atwa konfiguracja, gotowe do u\u017cycia. Zam\u00f3w teraz!"},"product_brand":[1652],"product_cat":[782,518,608,779,815,816],"product_tag":[],"class_list":{"0":"post-93336","1":"product","2":"type-product","3":"status-publish","4":"has-post-thumbnail","6":"product_brand-google","7":"product_cat-kod-qr-karty","8":"product_cat-kod-qr-produkty","9":"product_cat-kod-qr-wizytowki","10":"product_cat-opinia-google-produkty","11":"product_cat-opinia-google-wizytowki","12":"product_cat-opinia-google-wizytowki-z-kodem-qr","13":"pa_industry-biuro-doradztwo","14":"pa_industry-lokale-diensten","15":"pa_industry-onroerend-go","16":"pa_material-karton","17":"pa_placement-broszura","18":"pa_placement-portemonnee-personlijk","19":"pa_placement-recepcja-balie","20":"pa_product-type-kaarten","21":"pa_product-type-odwiedzekaartjes","22":"pa_shape-rechthoek","23":"pa_technology-kod-qr","24":"pa_technology-qr-code","26":"first","27":"instock","28":"taxable","29":"shipping-taxable","30":"purchasable","31":"product-type-simple"},"acf":[],"yoast_head":"<!-- This site is optimized with the Yoast SEO plugin v27.0 - https:\/\/yoast.com\/product\/yoast-seo-wordpress\/ -->\n<title>Review us on Google business card \u201eMinimal\u201d | truzzer<\/title>\n<meta name=\"description\" content=\"Wi\u0119cej 5-gwiazdkowych opinii Google z Review us on Google business card \u201eMinimal\u201d od truzzer. \u0141atwa konfiguracja, gotowe do u\u017cycia. Zam\u00f3w teraz!\" \/>\n<meta name=\"robots\" content=\"index, follow, max-snippet:-1, max-image-preview:large, max-video-preview:-1\" \/>\n<link rel=\"canonical\" href=\"https:\/\/www.truzzer.com\/pl\/produkt\/ocen-nas-na-wizytowce-google-minimal\/\" \/>\n<meta property=\"og:locale\" content=\"pl_PL\" \/>\n<meta property=\"og:type\" content=\"article\" \/>\n<meta property=\"og:title\" content=\"Review us on Google business card \u201eMinimal\u201d | truzzer\" \/>\n<meta property=\"og:description\" content=\"Wi\u0119cej 5-gwiazdkowych opinii Google z Review us on Google business card \u201eMinimal\u201d od truzzer. \u0141atwa konfiguracja, gotowe do u\u017cycia. Zam\u00f3w teraz!\" \/>\n<meta property=\"og:url\" content=\"https:\/\/www.truzzer.com\/pl\/produkt\/ocen-nas-na-wizytowce-google-minimal\/\" \/>\n<meta property=\"og:site_name\" content=\"truzzer\" \/>\n<meta property=\"article:modified_time\" content=\"2026-02-12T16:04:48+00:00\" \/>\n<meta property=\"og:image\" content=\"https:\/\/www.truzzer.com\/wp-content\/uploads\/2026\/02\/Google-business-card-minimal-front-truzzer-both-4.jpg\" \/>\n\t<meta property=\"og:image:width\" content=\"1200\" \/>\n\t<meta property=\"og:image:height\" content=\"1200\" \/>\n\t<meta property=\"og:image:type\" content=\"image\/jpeg\" \/>\n<meta name=\"twitter:card\" content=\"summary_large_image\" \/>\n<meta name=\"twitter:label1\" content=\"Szacowany czas czytania\" \/>\n\t<meta name=\"twitter:data1\" content=\"1 minuta\" \/>\n<script type=\"application\/ld+json\" class=\"yoast-schema-graph\">{\"@context\":\"https:\/\/schema.org\",\"@graph\":[{\"@type\":\"WebPage\",\"@id\":\"https:\/\/www.truzzer.com\/pl\/produkt\/ocen-nas-na-wizytowce-google-minimal\/\",\"url\":\"https:\/\/www.truzzer.com\/pl\/produkt\/ocen-nas-na-wizytowce-google-minimal\/\",\"name\":\"Review us on Google business card \u201eMinimal\u201d | truzzer\",\"isPartOf\":{\"@id\":\"https:\/\/www.truzzer.com\/pl\/#website\"},\"primaryImageOfPage\":{\"@id\":\"https:\/\/www.truzzer.com\/pl\/produkt\/ocen-nas-na-wizytowce-google-minimal\/#primaryimage\"},\"image\":{\"@id\":\"https:\/\/www.truzzer.com\/pl\/produkt\/ocen-nas-na-wizytowce-google-minimal\/#primaryimage\"},\"thumbnailUrl\":\"https:\/\/www.truzzer.com\/wp-content\/uploads\/2026\/02\/Google-business-card-minimal-front-truzzer-both-4.jpg\",\"datePublished\":\"2026-02-01T20:10:48+00:00\",\"dateModified\":\"2026-02-12T16:04:48+00:00\",\"description\":\"Wi\u0119cej 5-gwiazdkowych opinii Google z Review us on Google business card \u201eMinimal\u201d od truzzer. \u0141atwa konfiguracja, gotowe do u\u017cycia. Zam\u00f3w teraz!\",\"breadcrumb\":{\"@id\":\"https:\/\/www.truzzer.com\/pl\/produkt\/ocen-nas-na-wizytowce-google-minimal\/#breadcrumb\"},\"inLanguage\":\"pl-PL\",\"potentialAction\":[{\"@type\":\"ReadAction\",\"target\":[\"https:\/\/www.truzzer.com\/pl\/produkt\/ocen-nas-na-wizytowce-google-minimal\/\"]}]},{\"@type\":\"ImageObject\",\"inLanguage\":\"pl-PL\",\"@id\":\"https:\/\/www.truzzer.com\/pl\/produkt\/ocen-nas-na-wizytowce-google-minimal\/#primaryimage\",\"url\":\"https:\/\/www.truzzer.com\/wp-content\/uploads\/2026\/02\/Google-business-card-minimal-front-truzzer-both-4.jpg\",\"contentUrl\":\"https:\/\/www.truzzer.com\/wp-content\/uploads\/2026\/02\/Google-business-card-minimal-front-truzzer-both-4.jpg\",\"width\":1200,\"height\":1200},{\"@type\":\"BreadcrumbList\",\"@id\":\"https:\/\/www.truzzer.com\/pl\/produkt\/ocen-nas-na-wizytowce-google-minimal\/#breadcrumb\",\"itemListElement\":[{\"@type\":\"ListItem\",\"position\":1,\"name\":\"Home\",\"item\":\"https:\/\/www.truzzer.com\/pl\/\"},{\"@type\":\"ListItem\",\"position\":2,\"name\":\"Sklep\",\"item\":\"https:\/\/www.truzzer.com\/pl\/sklep\/\"},{\"@type\":\"ListItem\",\"position\":3,\"name\":\"Review us on Google business card &#8222;Minimal&#8221;\"}]},{\"@type\":\"WebSite\",\"@id\":\"https:\/\/www.truzzer.com\/pl\/#website\",\"url\":\"https:\/\/www.truzzer.com\/pl\/\",\"name\":\"truzzer\",\"description\":\"Experts for customer trust\",\"publisher\":{\"@id\":\"https:\/\/www.truzzer.com\/pl\/#organization\"},\"potentialAction\":[{\"@type\":\"SearchAction\",\"target\":{\"@type\":\"EntryPoint\",\"urlTemplate\":\"https:\/\/www.truzzer.com\/pl\/?s={search_term_string}\"},\"query-input\":{\"@type\":\"PropertyValueSpecification\",\"valueRequired\":true,\"valueName\":\"search_term_string\"}}],\"inLanguage\":\"pl-PL\"},{\"@type\":\"Organization\",\"@id\":\"https:\/\/www.truzzer.com\/pl\/#organization\",\"name\":\"truzzer\",\"url\":\"https:\/\/www.truzzer.com\/pl\/\",\"logo\":{\"@type\":\"ImageObject\",\"inLanguage\":\"pl-PL\",\"@id\":\"https:\/\/www.truzzer.com\/pl\/#\/schema\/logo\/image\/\",\"url\":\"https:\/\/truzzer.com\/wp-content\/uploads\/2026\/01\/truzzer-logo-black-1.svg\",\"contentUrl\":\"https:\/\/truzzer.com\/wp-content\/uploads\/2026\/01\/truzzer-logo-black-1.svg\",\"width\":938,\"height\":199,\"caption\":\"truzzer\"},\"image\":{\"@id\":\"https:\/\/www.truzzer.com\/pl\/#\/schema\/logo\/image\/\"}}]}<\/script>\n<!-- \/ Yoast SEO plugin. -->","yoast_head_json":{"title":"Review us on Google business card \u201eMinimal\u201d | truzzer","description":"Wi\u0119cej 5-gwiazdkowych opinii Google z Review us on Google business card \u201eMinimal\u201d od truzzer. \u0141atwa konfiguracja, gotowe do u\u017cycia. Zam\u00f3w teraz!","robots":{"index":"index","follow":"follow","max-snippet":"max-snippet:-1","max-image-preview":"max-image-preview:large","max-video-preview":"max-video-preview:-1"},"canonical":"https:\/\/www.truzzer.com\/pl\/produkt\/ocen-nas-na-wizytowce-google-minimal\/","og_locale":"pl_PL","og_type":"article","og_title":"Review us on Google business card \u201eMinimal\u201d | truzzer","og_description":"Wi\u0119cej 5-gwiazdkowych opinii Google z Review us on Google business card \u201eMinimal\u201d od truzzer. \u0141atwa konfiguracja, gotowe do u\u017cycia. Zam\u00f3w teraz!","og_url":"https:\/\/www.truzzer.com\/pl\/produkt\/ocen-nas-na-wizytowce-google-minimal\/","og_site_name":"truzzer","article_modified_time":"2026-02-12T16:04:48+00:00","og_image":[{"width":1200,"height":1200,"url":"https:\/\/www.truzzer.com\/wp-content\/uploads\/2026\/02\/Google-business-card-minimal-front-truzzer-both-4.jpg","type":"image\/jpeg"}],"twitter_card":"summary_large_image","twitter_misc":{"Szacowany czas czytania":"1 minuta"},"schema":{"@context":"https:\/\/schema.org","@graph":[{"@type":"WebPage","@id":"https:\/\/www.truzzer.com\/pl\/produkt\/ocen-nas-na-wizytowce-google-minimal\/","url":"https:\/\/www.truzzer.com\/pl\/produkt\/ocen-nas-na-wizytowce-google-minimal\/","name":"Review us on Google business card \u201eMinimal\u201d | truzzer","isPartOf":{"@id":"https:\/\/www.truzzer.com\/pl\/#website"},"primaryImageOfPage":{"@id":"https:\/\/www.truzzer.com\/pl\/produkt\/ocen-nas-na-wizytowce-google-minimal\/#primaryimage"},"image":{"@id":"https:\/\/www.truzzer.com\/pl\/produkt\/ocen-nas-na-wizytowce-google-minimal\/#primaryimage"},"thumbnailUrl":"https:\/\/www.truzzer.com\/wp-content\/uploads\/2026\/02\/Google-business-card-minimal-front-truzzer-both-4.jpg","datePublished":"2026-02-01T20:10:48+00:00","dateModified":"2026-02-12T16:04:48+00:00","description":"Wi\u0119cej 5-gwiazdkowych opinii Google z Review us on Google business card \u201eMinimal\u201d od truzzer. \u0141atwa konfiguracja, gotowe do u\u017cycia. Zam\u00f3w teraz!","breadcrumb":{"@id":"https:\/\/www.truzzer.com\/pl\/produkt\/ocen-nas-na-wizytowce-google-minimal\/#breadcrumb"},"inLanguage":"pl-PL","potentialAction":[{"@type":"ReadAction","target":["https:\/\/www.truzzer.com\/pl\/produkt\/ocen-nas-na-wizytowce-google-minimal\/"]}]},{"@type":"ImageObject","inLanguage":"pl-PL","@id":"https:\/\/www.truzzer.com\/pl\/produkt\/ocen-nas-na-wizytowce-google-minimal\/#primaryimage","url":"https:\/\/www.truzzer.com\/wp-content\/uploads\/2026\/02\/Google-business-card-minimal-front-truzzer-both-4.jpg","contentUrl":"https:\/\/www.truzzer.com\/wp-content\/uploads\/2026\/02\/Google-business-card-minimal-front-truzzer-both-4.jpg","width":1200,"height":1200},{"@type":"BreadcrumbList","@id":"https:\/\/www.truzzer.com\/pl\/produkt\/ocen-nas-na-wizytowce-google-minimal\/#breadcrumb","itemListElement":[{"@type":"ListItem","position":1,"name":"Home","item":"https:\/\/www.truzzer.com\/pl\/"},{"@type":"ListItem","position":2,"name":"Sklep","item":"https:\/\/www.truzzer.com\/pl\/sklep\/"},{"@type":"ListItem","position":3,"name":"Review us on Google business card &#8222;Minimal&#8221;"}]},{"@type":"WebSite","@id":"https:\/\/www.truzzer.com\/pl\/#website","url":"https:\/\/www.truzzer.com\/pl\/","name":"truzzer","description":"Experts for customer trust","publisher":{"@id":"https:\/\/www.truzzer.com\/pl\/#organization"},"potentialAction":[{"@type":"SearchAction","target":{"@type":"EntryPoint","urlTemplate":"https:\/\/www.truzzer.com\/pl\/?s={search_term_string}"},"query-input":{"@type":"PropertyValueSpecification","valueRequired":true,"valueName":"search_term_string"}}],"inLanguage":"pl-PL"},{"@type":"Organization","@id":"https:\/\/www.truzzer.com\/pl\/#organization","name":"truzzer","url":"https:\/\/www.truzzer.com\/pl\/","logo":{"@type":"ImageObject","inLanguage":"pl-PL","@id":"https:\/\/www.truzzer.com\/pl\/#\/schema\/logo\/image\/","url":"https:\/\/truzzer.com\/wp-content\/uploads\/2026\/01\/truzzer-logo-black-1.svg","contentUrl":"https:\/\/truzzer.com\/wp-content\/uploads\/2026\/01\/truzzer-logo-black-1.svg","width":938,"height":199,"caption":"truzzer"},"image":{"@id":"https:\/\/www.truzzer.com\/pl\/#\/schema\/logo\/image\/"}}]}},"tiered_pricing_type":"fixed","tiered_pricing_fixed_rules":[],"tiered_pricing_product_settings":{"layout":"default","base_unit_name":{"singular":null,"plural":null},"default_variation":null},"tiered_pricing_minimum_quantity":null,"tiered_pricing_roles_data":[],"tiered_pricing_percentage_rules":[],"tiered_pricing_maximum_quantity":null,"tiered_pricing_quantity_step":null,"_links":{"self":[{"href":"https:\/\/www.truzzer.com\/pl\/wp-json\/wp\/v2\/product\/93336","targetHints":{"allow":["GET"]}}],"collection":[{"href":"https:\/\/www.truzzer.com\/pl\/wp-json\/wp\/v2\/product"}],"about":[{"href":"https:\/\/www.truzzer.com\/pl\/wp-json\/wp\/v2\/types\/product"}],"replies":[{"embeddable":true,"href":"https:\/\/www.truzzer.com\/pl\/wp-json\/wp\/v2\/comments?post=93336"}],"wp:featuredmedia":[{"embeddable":true,"href":"https:\/\/www.truzzer.com\/pl\/wp-json\/wp\/v2\/media\/93337"}],"wp:attachment":[{"href":"https:\/\/www.truzzer.com\/pl\/wp-json\/wp\/v2\/media?parent=93336"}],"wp:term":[{"taxonomy":"product_brand","embeddable":true,"href":"https:\/\/www.truzzer.com\/pl\/wp-json\/wp\/v2\/product_brand?post=93336"},{"taxonomy":"product_cat","embeddable":true,"href":"https:\/\/www.truzzer.com\/pl\/wp-json\/wp\/v2\/product_cat?post=93336"},{"taxonomy":"product_tag","embeddable":true,"href":"https:\/\/www.truzzer.com\/pl\/wp-json\/wp\/v2\/product_tag?post=93336"}],"curies":[{"name":"wp","href":"https:\/\/api.w.org\/{rel}","templated":true}]}}