{"id":93387,"date":"2026-02-01T20:10:40","date_gmt":"2026-02-01T20:10:40","guid":{"rendered":"https:\/\/beta.truzzer.com\/product\/sledz-nas-na-placu-naklejek-na-instagramie\/"},"modified":"2026-02-12T16:04:48","modified_gmt":"2026-02-12T16:04:48","slug":"sledz-nas-na-placu-naklejek-na-instagramie","status":"publish","type":"product","link":"https:\/\/www.truzzer.com\/pl\/produkt\/sledz-nas-na-placu-naklejek-na-instagramie\/","title":{"rendered":"Follow us on Instagram Sticker Square"},"content":{"rendered":"<p>With the truzzer Follow us on Instagram stickers with QR code link and your own username, you can easily get new followers on Instagram!<\/p>\n<p>In the square format you make your account tangible for your customers.<br \/>\nPlace the stickers prominently in the checkout area, on the front door or anywhere your customers can see the stickers.<\/p>\n<p>-Suitable for indoor and outdoor use<br \/>\n&#8211; Weather resistant<br \/>\n-Suitable for any smooth surface<br \/>\n-For retail stores, doors or as a car Instagram sticker<br \/>\n-Shows your customers that they can also find you on Instagram<br \/>\n&#8211; Individually made for you<\/p>\n<p>The Follow us on Instagram stickers with QR code link direct your customers to your profile when they scan the QR code.<\/p>\n<p>The Follow us on Instagram products are easy to use, which we would like to show you below using the &#8222;Follow us on Instagram stickers&#8221; as an example.<\/p>\n<p>&nbsp;<\/p>\n<h3>Step 1: The customer scans the QR code<\/h3>\n<p>To follow you, the customer only has to scan the QR code. All you have to do is hold the smartphone camera (no extra scanner app necessary) over the product.<\/p>\n<p><img decoding=\"async\" class=\"alignleft wp-image-22262 size-full\" src=\"https:\/\/www.truzzer.com\/wp-content\/uploads\/2026\/02\/how-to-use-the-product-truzzer.jpg.webp\" alt=\"\" width=\"1400\" height=\"933\" \/><\/p>\n<p>A pop-up will then appear on the screen (iPhone) or a QR code will appear (Android \/ Google smartphones).<\/p>\n<h3>Step 2: The customer goes directly to the Instagram profile<\/h3>\n<p>Instagram will then open and the customer can follow you directly. So easyNotice:<br \/>\nPlease note that an Instagram profile is required to get followers.<\/p>\n","protected":false},"excerpt":{"rendered":"<p>Show your customers that they can also find you on Instagram with the &#8220;Follow us on Instagram stickers&#8221;.<br \/>\nThe Follow us on Instagram decals\/stickers will stick to any flat surface.<\/p>\n<p>-Suitable for indoor and outdoor use<br \/>\n&#8211; Weather resistant<br \/>\n-Suitable for any smooth surface<br \/>\n-For retail stores, doors or as a car Instagram sticker<br \/>\n-Shows your customers that they can also find you on Instagram<br \/>\n&#8211; Individually made for you<br \/>\n-Available in three sizes<\/p>\n<p>We will link the QR code to your Instagram profile for you!<br \/>\nPlease add your username further down in the ordering process, e.g. &#8220;@YourCompany&#8221;.<\/p>\n","protected":false},"featured_media":93388,"comment_status":"open","ping_status":"closed","template":"","meta":{"_acf_changed":false,"_yoast_wpseo_focuskw":"Instagram kod QR Naklejka","_yoast_wpseo_title":"Follow us on Instagram Sticker Square | truzzer","_yoast_wpseo_metadesc":"Wi\u0119cej obserwuj\u0105cych na Instagramie z Follow us on Instagram Sticker Square od truzzer. \u0141atwa konfiguracja, gotowe do u\u017cycia. Zam\u00f3w teraz!"},"product_brand":[1663],"product_cat":[519,518,843,844,829],"product_tag":[],"class_list":{"0":"post-93387","1":"product","2":"type-product","3":"status-publish","4":"has-post-thumbnail","6":"product_brand-instagram","7":"product_cat-kod-qr-naklejki","8":"product_cat-kod-qr-produkty","9":"product_cat-obserwujacy-instagram-naklejki","10":"product_cat-obserwujacy-instagram-naklejki-z-kodem-qr","11":"product_cat-obserwujacy-instagram-produkty","12":"pa_product-type-naklejka","13":"pa_shape-wierkant","14":"pa_technology-kod-qr","16":"first","17":"instock","18":"taxable","19":"shipping-taxable","20":"purchasable","21":"product-type-variable","22":"has-default-attributes"},"acf":[],"yoast_head":"<!-- This site is optimized with the Yoast SEO plugin v27.0 - https:\/\/yoast.com\/product\/yoast-seo-wordpress\/ -->\n<title>Follow us on Instagram Sticker Square | truzzer<\/title>\n<meta name=\"description\" content=\"Wi\u0119cej obserwuj\u0105cych na Instagramie z Follow us on Instagram Sticker Square od truzzer. \u0141atwa konfiguracja, gotowe do u\u017cycia. Zam\u00f3w teraz!\" \/>\n<meta name=\"robots\" content=\"index, follow, max-snippet:-1, max-image-preview:large, max-video-preview:-1\" \/>\n<link rel=\"canonical\" href=\"https:\/\/www.truzzer.com\/pl\/produkt\/sledz-nas-na-placu-naklejek-na-instagramie\/\" \/>\n<meta property=\"og:locale\" content=\"pl_PL\" \/>\n<meta property=\"og:type\" content=\"article\" \/>\n<meta property=\"og:title\" content=\"Follow us on Instagram Sticker Square | truzzer\" \/>\n<meta property=\"og:description\" content=\"Wi\u0119cej obserwuj\u0105cych na Instagramie z Follow us on Instagram Sticker Square od truzzer. \u0141atwa konfiguracja, gotowe do u\u017cycia. Zam\u00f3w teraz!\" \/>\n<meta property=\"og:url\" content=\"https:\/\/www.truzzer.com\/pl\/produkt\/sledz-nas-na-placu-naklejek-na-instagramie\/\" \/>\n<meta property=\"og:site_name\" content=\"truzzer\" \/>\n<meta property=\"article:modified_time\" content=\"2026-02-12T16:04:48+00:00\" \/>\n<meta property=\"og:image\" content=\"https:\/\/www.truzzer.com\/wp-content\/uploads\/2026\/02\/follow-us-on-instagram-sticker-qr-code-truzzer-6-von-6-1-4.jpg\" \/>\n\t<meta property=\"og:image:width\" content=\"1400\" \/>\n\t<meta property=\"og:image:height\" content=\"1400\" \/>\n\t<meta property=\"og:image:type\" content=\"image\/jpeg\" \/>\n<meta name=\"twitter:card\" content=\"summary_large_image\" \/>\n<meta name=\"twitter:label1\" content=\"Szacowany czas czytania\" \/>\n\t<meta name=\"twitter:data1\" content=\"1 minuta\" \/>\n<script type=\"application\/ld+json\" class=\"yoast-schema-graph\">{\"@context\":\"https:\/\/schema.org\",\"@graph\":[{\"@type\":\"WebPage\",\"@id\":\"https:\/\/www.truzzer.com\/pl\/produkt\/sledz-nas-na-placu-naklejek-na-instagramie\/\",\"url\":\"https:\/\/www.truzzer.com\/pl\/produkt\/sledz-nas-na-placu-naklejek-na-instagramie\/\",\"name\":\"Follow us on Instagram Sticker Square | truzzer\",\"isPartOf\":{\"@id\":\"https:\/\/www.truzzer.com\/pl\/#website\"},\"primaryImageOfPage\":{\"@id\":\"https:\/\/www.truzzer.com\/pl\/produkt\/sledz-nas-na-placu-naklejek-na-instagramie\/#primaryimage\"},\"image\":{\"@id\":\"https:\/\/www.truzzer.com\/pl\/produkt\/sledz-nas-na-placu-naklejek-na-instagramie\/#primaryimage\"},\"thumbnailUrl\":\"https:\/\/www.truzzer.com\/wp-content\/uploads\/2026\/02\/follow-us-on-instagram-sticker-qr-code-truzzer-6-von-6-1-4.jpg\",\"datePublished\":\"2026-02-01T20:10:40+00:00\",\"dateModified\":\"2026-02-12T16:04:48+00:00\",\"description\":\"Wi\u0119cej obserwuj\u0105cych na Instagramie z Follow us on Instagram Sticker Square od truzzer. \u0141atwa konfiguracja, gotowe do u\u017cycia. Zam\u00f3w teraz!\",\"breadcrumb\":{\"@id\":\"https:\/\/www.truzzer.com\/pl\/produkt\/sledz-nas-na-placu-naklejek-na-instagramie\/#breadcrumb\"},\"inLanguage\":\"pl-PL\",\"potentialAction\":[{\"@type\":\"ReadAction\",\"target\":[\"https:\/\/www.truzzer.com\/pl\/produkt\/sledz-nas-na-placu-naklejek-na-instagramie\/\"]}]},{\"@type\":\"ImageObject\",\"inLanguage\":\"pl-PL\",\"@id\":\"https:\/\/www.truzzer.com\/pl\/produkt\/sledz-nas-na-placu-naklejek-na-instagramie\/#primaryimage\",\"url\":\"https:\/\/www.truzzer.com\/wp-content\/uploads\/2026\/02\/follow-us-on-instagram-sticker-qr-code-truzzer-6-von-6-1-4.jpg\",\"contentUrl\":\"https:\/\/www.truzzer.com\/wp-content\/uploads\/2026\/02\/follow-us-on-instagram-sticker-qr-code-truzzer-6-von-6-1-4.jpg\",\"width\":1400,\"height\":1400},{\"@type\":\"BreadcrumbList\",\"@id\":\"https:\/\/www.truzzer.com\/pl\/produkt\/sledz-nas-na-placu-naklejek-na-instagramie\/#breadcrumb\",\"itemListElement\":[{\"@type\":\"ListItem\",\"position\":1,\"name\":\"Home\",\"item\":\"https:\/\/www.truzzer.com\/pl\/\"},{\"@type\":\"ListItem\",\"position\":2,\"name\":\"Sklep\",\"item\":\"https:\/\/www.truzzer.com\/pl\/sklep\/\"},{\"@type\":\"ListItem\",\"position\":3,\"name\":\"Follow us on Instagram Sticker Square\"}]},{\"@type\":\"WebSite\",\"@id\":\"https:\/\/www.truzzer.com\/pl\/#website\",\"url\":\"https:\/\/www.truzzer.com\/pl\/\",\"name\":\"truzzer\",\"description\":\"Experts for customer trust\",\"publisher\":{\"@id\":\"https:\/\/www.truzzer.com\/pl\/#organization\"},\"potentialAction\":[{\"@type\":\"SearchAction\",\"target\":{\"@type\":\"EntryPoint\",\"urlTemplate\":\"https:\/\/www.truzzer.com\/pl\/?s={search_term_string}\"},\"query-input\":{\"@type\":\"PropertyValueSpecification\",\"valueRequired\":true,\"valueName\":\"search_term_string\"}}],\"inLanguage\":\"pl-PL\"},{\"@type\":\"Organization\",\"@id\":\"https:\/\/www.truzzer.com\/pl\/#organization\",\"name\":\"truzzer\",\"url\":\"https:\/\/www.truzzer.com\/pl\/\",\"logo\":{\"@type\":\"ImageObject\",\"inLanguage\":\"pl-PL\",\"@id\":\"https:\/\/www.truzzer.com\/pl\/#\/schema\/logo\/image\/\",\"url\":\"https:\/\/truzzer.com\/wp-content\/uploads\/2026\/01\/truzzer-logo-black-1.svg\",\"contentUrl\":\"https:\/\/truzzer.com\/wp-content\/uploads\/2026\/01\/truzzer-logo-black-1.svg\",\"width\":938,\"height\":199,\"caption\":\"truzzer\"},\"image\":{\"@id\":\"https:\/\/www.truzzer.com\/pl\/#\/schema\/logo\/image\/\"}}]}<\/script>\n<!-- \/ Yoast SEO plugin. -->","yoast_head_json":{"title":"Follow us on Instagram Sticker Square | truzzer","description":"Wi\u0119cej obserwuj\u0105cych na Instagramie z Follow us on Instagram Sticker Square od truzzer. \u0141atwa konfiguracja, gotowe do u\u017cycia. Zam\u00f3w teraz!","robots":{"index":"index","follow":"follow","max-snippet":"max-snippet:-1","max-image-preview":"max-image-preview:large","max-video-preview":"max-video-preview:-1"},"canonical":"https:\/\/www.truzzer.com\/pl\/produkt\/sledz-nas-na-placu-naklejek-na-instagramie\/","og_locale":"pl_PL","og_type":"article","og_title":"Follow us on Instagram Sticker Square | truzzer","og_description":"Wi\u0119cej obserwuj\u0105cych na Instagramie z Follow us on Instagram Sticker Square od truzzer. \u0141atwa konfiguracja, gotowe do u\u017cycia. Zam\u00f3w teraz!","og_url":"https:\/\/www.truzzer.com\/pl\/produkt\/sledz-nas-na-placu-naklejek-na-instagramie\/","og_site_name":"truzzer","article_modified_time":"2026-02-12T16:04:48+00:00","og_image":[{"width":1400,"height":1400,"url":"https:\/\/www.truzzer.com\/wp-content\/uploads\/2026\/02\/follow-us-on-instagram-sticker-qr-code-truzzer-6-von-6-1-4.jpg","type":"image\/jpeg"}],"twitter_card":"summary_large_image","twitter_misc":{"Szacowany czas czytania":"1 minuta"},"schema":{"@context":"https:\/\/schema.org","@graph":[{"@type":"WebPage","@id":"https:\/\/www.truzzer.com\/pl\/produkt\/sledz-nas-na-placu-naklejek-na-instagramie\/","url":"https:\/\/www.truzzer.com\/pl\/produkt\/sledz-nas-na-placu-naklejek-na-instagramie\/","name":"Follow us on Instagram Sticker Square | truzzer","isPartOf":{"@id":"https:\/\/www.truzzer.com\/pl\/#website"},"primaryImageOfPage":{"@id":"https:\/\/www.truzzer.com\/pl\/produkt\/sledz-nas-na-placu-naklejek-na-instagramie\/#primaryimage"},"image":{"@id":"https:\/\/www.truzzer.com\/pl\/produkt\/sledz-nas-na-placu-naklejek-na-instagramie\/#primaryimage"},"thumbnailUrl":"https:\/\/www.truzzer.com\/wp-content\/uploads\/2026\/02\/follow-us-on-instagram-sticker-qr-code-truzzer-6-von-6-1-4.jpg","datePublished":"2026-02-01T20:10:40+00:00","dateModified":"2026-02-12T16:04:48+00:00","description":"Wi\u0119cej obserwuj\u0105cych na Instagramie z Follow us on Instagram Sticker Square od truzzer. \u0141atwa konfiguracja, gotowe do u\u017cycia. Zam\u00f3w teraz!","breadcrumb":{"@id":"https:\/\/www.truzzer.com\/pl\/produkt\/sledz-nas-na-placu-naklejek-na-instagramie\/#breadcrumb"},"inLanguage":"pl-PL","potentialAction":[{"@type":"ReadAction","target":["https:\/\/www.truzzer.com\/pl\/produkt\/sledz-nas-na-placu-naklejek-na-instagramie\/"]}]},{"@type":"ImageObject","inLanguage":"pl-PL","@id":"https:\/\/www.truzzer.com\/pl\/produkt\/sledz-nas-na-placu-naklejek-na-instagramie\/#primaryimage","url":"https:\/\/www.truzzer.com\/wp-content\/uploads\/2026\/02\/follow-us-on-instagram-sticker-qr-code-truzzer-6-von-6-1-4.jpg","contentUrl":"https:\/\/www.truzzer.com\/wp-content\/uploads\/2026\/02\/follow-us-on-instagram-sticker-qr-code-truzzer-6-von-6-1-4.jpg","width":1400,"height":1400},{"@type":"BreadcrumbList","@id":"https:\/\/www.truzzer.com\/pl\/produkt\/sledz-nas-na-placu-naklejek-na-instagramie\/#breadcrumb","itemListElement":[{"@type":"ListItem","position":1,"name":"Home","item":"https:\/\/www.truzzer.com\/pl\/"},{"@type":"ListItem","position":2,"name":"Sklep","item":"https:\/\/www.truzzer.com\/pl\/sklep\/"},{"@type":"ListItem","position":3,"name":"Follow us on Instagram Sticker Square"}]},{"@type":"WebSite","@id":"https:\/\/www.truzzer.com\/pl\/#website","url":"https:\/\/www.truzzer.com\/pl\/","name":"truzzer","description":"Experts for customer trust","publisher":{"@id":"https:\/\/www.truzzer.com\/pl\/#organization"},"potentialAction":[{"@type":"SearchAction","target":{"@type":"EntryPoint","urlTemplate":"https:\/\/www.truzzer.com\/pl\/?s={search_term_string}"},"query-input":{"@type":"PropertyValueSpecification","valueRequired":true,"valueName":"search_term_string"}}],"inLanguage":"pl-PL"},{"@type":"Organization","@id":"https:\/\/www.truzzer.com\/pl\/#organization","name":"truzzer","url":"https:\/\/www.truzzer.com\/pl\/","logo":{"@type":"ImageObject","inLanguage":"pl-PL","@id":"https:\/\/www.truzzer.com\/pl\/#\/schema\/logo\/image\/","url":"https:\/\/truzzer.com\/wp-content\/uploads\/2026\/01\/truzzer-logo-black-1.svg","contentUrl":"https:\/\/truzzer.com\/wp-content\/uploads\/2026\/01\/truzzer-logo-black-1.svg","width":938,"height":199,"caption":"truzzer"},"image":{"@id":"https:\/\/www.truzzer.com\/pl\/#\/schema\/logo\/image\/"}}]}},"tiered_pricing_type":"fixed","tiered_pricing_fixed_rules":[],"tiered_pricing_product_settings":{"layout":"default","base_unit_name":{"singular":null,"plural":null},"default_variation":null},"tiered_pricing_minimum_quantity":null,"tiered_pricing_roles_data":[],"tiered_pricing_percentage_rules":[],"tiered_pricing_maximum_quantity":null,"tiered_pricing_quantity_step":null,"_links":{"self":[{"href":"https:\/\/www.truzzer.com\/pl\/wp-json\/wp\/v2\/product\/93387","targetHints":{"allow":["GET"]}}],"collection":[{"href":"https:\/\/www.truzzer.com\/pl\/wp-json\/wp\/v2\/product"}],"about":[{"href":"https:\/\/www.truzzer.com\/pl\/wp-json\/wp\/v2\/types\/product"}],"replies":[{"embeddable":true,"href":"https:\/\/www.truzzer.com\/pl\/wp-json\/wp\/v2\/comments?post=93387"}],"wp:featuredmedia":[{"embeddable":true,"href":"https:\/\/www.truzzer.com\/pl\/wp-json\/wp\/v2\/media\/93388"}],"wp:attachment":[{"href":"https:\/\/www.truzzer.com\/pl\/wp-json\/wp\/v2\/media?parent=93387"}],"wp:term":[{"taxonomy":"product_brand","embeddable":true,"href":"https:\/\/www.truzzer.com\/pl\/wp-json\/wp\/v2\/product_brand?post=93387"},{"taxonomy":"product_cat","embeddable":true,"href":"https:\/\/www.truzzer.com\/pl\/wp-json\/wp\/v2\/product_cat?post=93387"},{"taxonomy":"product_tag","embeddable":true,"href":"https:\/\/www.truzzer.com\/pl\/wp-json\/wp\/v2\/product_tag?post=93387"}],"curies":[{"name":"wp","href":"https:\/\/api.w.org\/{rel}","templated":true}]}}