{"id":93504,"date":"2026-02-01T20:09:54","date_gmt":"2026-02-01T20:09:54","guid":{"rendered":"https:\/\/beta.truzzer.com\/product\/sledz-nas-na-instagramie-wizytowka-kolor\/"},"modified":"2026-02-12T16:05:05","modified_gmt":"2026-02-12T16:05:05","slug":"sledz-nas-na-instagramie-wizytowka-kolor","status":"publish","type":"product","link":"https:\/\/www.truzzer.com\/pl\/produkt\/sledz-nas-na-instagramie-wizytowka-kolor\/","title":{"rendered":"Follow us on Instagram business card &#8222;Color&#8221;"},"content":{"rendered":"<h2>Simply turn customers into followers<\/h2>\n<p>With the truzzer Instagram business cards, you can easily turn your customers into real Instagram followers who are really interested in your offer and your content.<br \/>\nThis way you can bind your target group effectively.<\/p>\n<p>In a handy business card format, you make your Instagram profile accessible to your customers anytime, anywhere.<br \/>\nPut the truzzer Instagram business cards in your customers&#8217; shopping bags, give them to the invoice or hand them directly to customers. Finished.<\/p>\n<p>The QR code takes customers directly to your Instagram profile without having to look for you.<\/p>\n<p>You can easily personalize the Instagram business cards with your logo and adapt them to your company.<\/p>\n<p>The Follow us on Instagram products are easy to use, which we would like to show you below using the &#8222;Follow us on Instagram stickers&#8221; as an example.<\/p>\n<p>&nbsp;<\/p>\n<h3>Step 1: The customer scans the QR code<\/h3>\n<p>To follow you, the customer only has to scan the QR code. All you have to do is hold the smartphone camera (no extra scanner app necessary) over the product.<\/p>\n<p><img decoding=\"async\" class=\"alignleft wp-image-22262 size-full\" src=\"https:\/\/www.truzzer.com\/wp-content\/uploads\/2026\/02\/how-to-use-the-product-truzzer.jpg.webp\" alt=\"\" width=\"1400\" height=\"933\" \/><\/p>\n<p>A pop-up will then appear on the screen (iPhone) or a QR code will appear (Android \/ Google smartphones).<\/p>\n<h3>Step 2: The customer goes directly to the Instagram profile<\/h3>\n<p>Instagram will then open and the customer can follow you directly. So easyNotice:<br \/>\nPlease note that an Instagram profile is required to get followers.<\/p>\n<p>&nbsp;<\/p>\n","protected":false},"excerpt":{"rendered":"<p><strong>Get more real Instagram followers with QR Code Instagram Business Cards!<\/strong><\/p>\n<p>Make it easy for your customers to follow you on Instagram with the Instagram business cards &#8220;Color&#8221; in a reduced and attractive design that fits into any company.<br \/>\nPersonalized with your own QR code and your Instagram username.<br \/>\nWe will link the QR code to your Instagram profile for you!<br \/>\n and enter your Instagram username.<\/p>\n","protected":false},"featured_media":93505,"comment_status":"open","ping_status":"closed","template":"","meta":{"_acf_changed":false,"_yoast_wpseo_focuskw":"Instagram kod QR Wizyt\u00f3wka","_yoast_wpseo_title":"Follow us on Instagram business card \u201eColor\u201d | truzzer","_yoast_wpseo_metadesc":"Wi\u0119cej obserwuj\u0105cych na Instagramie z Follow us on Instagram business card \u201eColor\u201d od truzzer. \u0141atwa konfiguracja, gotowe do u\u017cycia. Zam\u00f3w teraz!"},"product_brand":[1663],"product_cat":[518,608,829,913,914],"product_tag":[],"class_list":{"0":"post-93504","1":"product","2":"type-product","3":"status-publish","4":"has-post-thumbnail","6":"product_brand-instagram","7":"product_cat-kod-qr-produkty","8":"product_cat-kod-qr-wizytowki","9":"product_cat-obserwujacy-instagram-produkty","10":"product_cat-obserwujacy-instagram-wizytowki","11":"product_cat-obserwujacy-instagram-wizytowki-z-kodem-qr","12":"pa_industry-biuro-doradztwo","13":"pa_industry-lokale-diensten","14":"pa_industry-onroerend-go","15":"pa_material-karton","16":"pa_placement-broszura","17":"pa_placement-portemonnee-personlijk","18":"pa_placement-recepcja-balie","19":"pa_product-type-odwiedzekaartjes","20":"pa_technology-qr-code","22":"first","23":"instock","24":"taxable","25":"shipping-taxable","26":"purchasable","27":"product-type-simple"},"acf":[],"yoast_head":"<!-- This site is optimized with the Yoast SEO plugin v27.0 - https:\/\/yoast.com\/product\/yoast-seo-wordpress\/ -->\n<title>Follow us on Instagram business card \u201eColor\u201d | truzzer<\/title>\n<meta name=\"description\" content=\"Wi\u0119cej obserwuj\u0105cych na Instagramie z Follow us on Instagram business card \u201eColor\u201d od truzzer. \u0141atwa konfiguracja, gotowe do u\u017cycia. Zam\u00f3w teraz!\" \/>\n<meta name=\"robots\" content=\"index, follow, max-snippet:-1, max-image-preview:large, max-video-preview:-1\" \/>\n<link rel=\"canonical\" href=\"https:\/\/www.truzzer.com\/pl\/produkt\/sledz-nas-na-instagramie-wizytowka-kolor\/\" \/>\n<meta property=\"og:locale\" content=\"pl_PL\" \/>\n<meta property=\"og:type\" content=\"article\" \/>\n<meta property=\"og:title\" content=\"Follow us on Instagram business card \u201eColor\u201d | truzzer\" \/>\n<meta property=\"og:description\" content=\"Wi\u0119cej obserwuj\u0105cych na Instagramie z Follow us on Instagram business card \u201eColor\u201d od truzzer. \u0141atwa konfiguracja, gotowe do u\u017cycia. Zam\u00f3w teraz!\" \/>\n<meta property=\"og:url\" content=\"https:\/\/www.truzzer.com\/pl\/produkt\/sledz-nas-na-instagramie-wizytowka-kolor\/\" \/>\n<meta property=\"og:site_name\" content=\"truzzer\" \/>\n<meta property=\"article:modified_time\" content=\"2026-02-12T16:05:05+00:00\" \/>\n<meta property=\"og:image\" content=\"https:\/\/www.truzzer.com\/wp-content\/uploads\/2026\/02\/follow-us-on-instagram-business-card-with-instagram-qr-code-2.jpg\" \/>\n\t<meta property=\"og:image:width\" content=\"1200\" \/>\n\t<meta property=\"og:image:height\" content=\"1200\" \/>\n\t<meta property=\"og:image:type\" content=\"image\/jpeg\" \/>\n<meta name=\"twitter:card\" content=\"summary_large_image\" \/>\n<meta name=\"twitter:label1\" content=\"Szacowany czas czytania\" \/>\n\t<meta name=\"twitter:data1\" content=\"1 minuta\" \/>\n<script type=\"application\/ld+json\" class=\"yoast-schema-graph\">{\"@context\":\"https:\/\/schema.org\",\"@graph\":[{\"@type\":\"WebPage\",\"@id\":\"https:\/\/www.truzzer.com\/pl\/produkt\/sledz-nas-na-instagramie-wizytowka-kolor\/\",\"url\":\"https:\/\/www.truzzer.com\/pl\/produkt\/sledz-nas-na-instagramie-wizytowka-kolor\/\",\"name\":\"Follow us on Instagram business card \u201eColor\u201d | truzzer\",\"isPartOf\":{\"@id\":\"https:\/\/www.truzzer.com\/pl\/#website\"},\"primaryImageOfPage\":{\"@id\":\"https:\/\/www.truzzer.com\/pl\/produkt\/sledz-nas-na-instagramie-wizytowka-kolor\/#primaryimage\"},\"image\":{\"@id\":\"https:\/\/www.truzzer.com\/pl\/produkt\/sledz-nas-na-instagramie-wizytowka-kolor\/#primaryimage\"},\"thumbnailUrl\":\"https:\/\/www.truzzer.com\/wp-content\/uploads\/2026\/02\/follow-us-on-instagram-business-card-with-instagram-qr-code-2.jpg\",\"datePublished\":\"2026-02-01T20:09:54+00:00\",\"dateModified\":\"2026-02-12T16:05:05+00:00\",\"description\":\"Wi\u0119cej obserwuj\u0105cych na Instagramie z Follow us on Instagram business card \u201eColor\u201d od truzzer. \u0141atwa konfiguracja, gotowe do u\u017cycia. Zam\u00f3w teraz!\",\"breadcrumb\":{\"@id\":\"https:\/\/www.truzzer.com\/pl\/produkt\/sledz-nas-na-instagramie-wizytowka-kolor\/#breadcrumb\"},\"inLanguage\":\"pl-PL\",\"potentialAction\":[{\"@type\":\"ReadAction\",\"target\":[\"https:\/\/www.truzzer.com\/pl\/produkt\/sledz-nas-na-instagramie-wizytowka-kolor\/\"]}]},{\"@type\":\"ImageObject\",\"inLanguage\":\"pl-PL\",\"@id\":\"https:\/\/www.truzzer.com\/pl\/produkt\/sledz-nas-na-instagramie-wizytowka-kolor\/#primaryimage\",\"url\":\"https:\/\/www.truzzer.com\/wp-content\/uploads\/2026\/02\/follow-us-on-instagram-business-card-with-instagram-qr-code-2.jpg\",\"contentUrl\":\"https:\/\/www.truzzer.com\/wp-content\/uploads\/2026\/02\/follow-us-on-instagram-business-card-with-instagram-qr-code-2.jpg\",\"width\":1200,\"height\":1200},{\"@type\":\"BreadcrumbList\",\"@id\":\"https:\/\/www.truzzer.com\/pl\/produkt\/sledz-nas-na-instagramie-wizytowka-kolor\/#breadcrumb\",\"itemListElement\":[{\"@type\":\"ListItem\",\"position\":1,\"name\":\"Home\",\"item\":\"https:\/\/www.truzzer.com\/pl\/\"},{\"@type\":\"ListItem\",\"position\":2,\"name\":\"Sklep\",\"item\":\"https:\/\/www.truzzer.com\/pl\/sklep\/\"},{\"@type\":\"ListItem\",\"position\":3,\"name\":\"Follow us on Instagram business card &#8222;Color&#8221;\"}]},{\"@type\":\"WebSite\",\"@id\":\"https:\/\/www.truzzer.com\/pl\/#website\",\"url\":\"https:\/\/www.truzzer.com\/pl\/\",\"name\":\"truzzer\",\"description\":\"Experts for customer trust\",\"publisher\":{\"@id\":\"https:\/\/www.truzzer.com\/pl\/#organization\"},\"potentialAction\":[{\"@type\":\"SearchAction\",\"target\":{\"@type\":\"EntryPoint\",\"urlTemplate\":\"https:\/\/www.truzzer.com\/pl\/?s={search_term_string}\"},\"query-input\":{\"@type\":\"PropertyValueSpecification\",\"valueRequired\":true,\"valueName\":\"search_term_string\"}}],\"inLanguage\":\"pl-PL\"},{\"@type\":\"Organization\",\"@id\":\"https:\/\/www.truzzer.com\/pl\/#organization\",\"name\":\"truzzer\",\"url\":\"https:\/\/www.truzzer.com\/pl\/\",\"logo\":{\"@type\":\"ImageObject\",\"inLanguage\":\"pl-PL\",\"@id\":\"https:\/\/www.truzzer.com\/pl\/#\/schema\/logo\/image\/\",\"url\":\"https:\/\/truzzer.com\/wp-content\/uploads\/2026\/01\/truzzer-logo-black-1.svg\",\"contentUrl\":\"https:\/\/truzzer.com\/wp-content\/uploads\/2026\/01\/truzzer-logo-black-1.svg\",\"width\":938,\"height\":199,\"caption\":\"truzzer\"},\"image\":{\"@id\":\"https:\/\/www.truzzer.com\/pl\/#\/schema\/logo\/image\/\"}}]}<\/script>\n<!-- \/ Yoast SEO plugin. -->","yoast_head_json":{"title":"Follow us on Instagram business card \u201eColor\u201d | truzzer","description":"Wi\u0119cej obserwuj\u0105cych na Instagramie z Follow us on Instagram business card \u201eColor\u201d od truzzer. \u0141atwa konfiguracja, gotowe do u\u017cycia. Zam\u00f3w teraz!","robots":{"index":"index","follow":"follow","max-snippet":"max-snippet:-1","max-image-preview":"max-image-preview:large","max-video-preview":"max-video-preview:-1"},"canonical":"https:\/\/www.truzzer.com\/pl\/produkt\/sledz-nas-na-instagramie-wizytowka-kolor\/","og_locale":"pl_PL","og_type":"article","og_title":"Follow us on Instagram business card \u201eColor\u201d | truzzer","og_description":"Wi\u0119cej obserwuj\u0105cych na Instagramie z Follow us on Instagram business card \u201eColor\u201d od truzzer. \u0141atwa konfiguracja, gotowe do u\u017cycia. Zam\u00f3w teraz!","og_url":"https:\/\/www.truzzer.com\/pl\/produkt\/sledz-nas-na-instagramie-wizytowka-kolor\/","og_site_name":"truzzer","article_modified_time":"2026-02-12T16:05:05+00:00","og_image":[{"width":1200,"height":1200,"url":"https:\/\/www.truzzer.com\/wp-content\/uploads\/2026\/02\/follow-us-on-instagram-business-card-with-instagram-qr-code-2.jpg","type":"image\/jpeg"}],"twitter_card":"summary_large_image","twitter_misc":{"Szacowany czas czytania":"1 minuta"},"schema":{"@context":"https:\/\/schema.org","@graph":[{"@type":"WebPage","@id":"https:\/\/www.truzzer.com\/pl\/produkt\/sledz-nas-na-instagramie-wizytowka-kolor\/","url":"https:\/\/www.truzzer.com\/pl\/produkt\/sledz-nas-na-instagramie-wizytowka-kolor\/","name":"Follow us on Instagram business card \u201eColor\u201d | truzzer","isPartOf":{"@id":"https:\/\/www.truzzer.com\/pl\/#website"},"primaryImageOfPage":{"@id":"https:\/\/www.truzzer.com\/pl\/produkt\/sledz-nas-na-instagramie-wizytowka-kolor\/#primaryimage"},"image":{"@id":"https:\/\/www.truzzer.com\/pl\/produkt\/sledz-nas-na-instagramie-wizytowka-kolor\/#primaryimage"},"thumbnailUrl":"https:\/\/www.truzzer.com\/wp-content\/uploads\/2026\/02\/follow-us-on-instagram-business-card-with-instagram-qr-code-2.jpg","datePublished":"2026-02-01T20:09:54+00:00","dateModified":"2026-02-12T16:05:05+00:00","description":"Wi\u0119cej obserwuj\u0105cych na Instagramie z Follow us on Instagram business card \u201eColor\u201d od truzzer. \u0141atwa konfiguracja, gotowe do u\u017cycia. Zam\u00f3w teraz!","breadcrumb":{"@id":"https:\/\/www.truzzer.com\/pl\/produkt\/sledz-nas-na-instagramie-wizytowka-kolor\/#breadcrumb"},"inLanguage":"pl-PL","potentialAction":[{"@type":"ReadAction","target":["https:\/\/www.truzzer.com\/pl\/produkt\/sledz-nas-na-instagramie-wizytowka-kolor\/"]}]},{"@type":"ImageObject","inLanguage":"pl-PL","@id":"https:\/\/www.truzzer.com\/pl\/produkt\/sledz-nas-na-instagramie-wizytowka-kolor\/#primaryimage","url":"https:\/\/www.truzzer.com\/wp-content\/uploads\/2026\/02\/follow-us-on-instagram-business-card-with-instagram-qr-code-2.jpg","contentUrl":"https:\/\/www.truzzer.com\/wp-content\/uploads\/2026\/02\/follow-us-on-instagram-business-card-with-instagram-qr-code-2.jpg","width":1200,"height":1200},{"@type":"BreadcrumbList","@id":"https:\/\/www.truzzer.com\/pl\/produkt\/sledz-nas-na-instagramie-wizytowka-kolor\/#breadcrumb","itemListElement":[{"@type":"ListItem","position":1,"name":"Home","item":"https:\/\/www.truzzer.com\/pl\/"},{"@type":"ListItem","position":2,"name":"Sklep","item":"https:\/\/www.truzzer.com\/pl\/sklep\/"},{"@type":"ListItem","position":3,"name":"Follow us on Instagram business card &#8222;Color&#8221;"}]},{"@type":"WebSite","@id":"https:\/\/www.truzzer.com\/pl\/#website","url":"https:\/\/www.truzzer.com\/pl\/","name":"truzzer","description":"Experts for customer trust","publisher":{"@id":"https:\/\/www.truzzer.com\/pl\/#organization"},"potentialAction":[{"@type":"SearchAction","target":{"@type":"EntryPoint","urlTemplate":"https:\/\/www.truzzer.com\/pl\/?s={search_term_string}"},"query-input":{"@type":"PropertyValueSpecification","valueRequired":true,"valueName":"search_term_string"}}],"inLanguage":"pl-PL"},{"@type":"Organization","@id":"https:\/\/www.truzzer.com\/pl\/#organization","name":"truzzer","url":"https:\/\/www.truzzer.com\/pl\/","logo":{"@type":"ImageObject","inLanguage":"pl-PL","@id":"https:\/\/www.truzzer.com\/pl\/#\/schema\/logo\/image\/","url":"https:\/\/truzzer.com\/wp-content\/uploads\/2026\/01\/truzzer-logo-black-1.svg","contentUrl":"https:\/\/truzzer.com\/wp-content\/uploads\/2026\/01\/truzzer-logo-black-1.svg","width":938,"height":199,"caption":"truzzer"},"image":{"@id":"https:\/\/www.truzzer.com\/pl\/#\/schema\/logo\/image\/"}}]}},"tiered_pricing_type":"fixed","tiered_pricing_fixed_rules":[],"tiered_pricing_product_settings":{"layout":"default","base_unit_name":{"singular":null,"plural":null},"default_variation":null},"tiered_pricing_minimum_quantity":null,"tiered_pricing_roles_data":[],"tiered_pricing_percentage_rules":[],"tiered_pricing_maximum_quantity":null,"tiered_pricing_quantity_step":null,"_links":{"self":[{"href":"https:\/\/www.truzzer.com\/pl\/wp-json\/wp\/v2\/product\/93504","targetHints":{"allow":["GET"]}}],"collection":[{"href":"https:\/\/www.truzzer.com\/pl\/wp-json\/wp\/v2\/product"}],"about":[{"href":"https:\/\/www.truzzer.com\/pl\/wp-json\/wp\/v2\/types\/product"}],"replies":[{"embeddable":true,"href":"https:\/\/www.truzzer.com\/pl\/wp-json\/wp\/v2\/comments?post=93504"}],"wp:featuredmedia":[{"embeddable":true,"href":"https:\/\/www.truzzer.com\/pl\/wp-json\/wp\/v2\/media\/93505"}],"wp:attachment":[{"href":"https:\/\/www.truzzer.com\/pl\/wp-json\/wp\/v2\/media?parent=93504"}],"wp:term":[{"taxonomy":"product_brand","embeddable":true,"href":"https:\/\/www.truzzer.com\/pl\/wp-json\/wp\/v2\/product_brand?post=93504"},{"taxonomy":"product_cat","embeddable":true,"href":"https:\/\/www.truzzer.com\/pl\/wp-json\/wp\/v2\/product_cat?post=93504"},{"taxonomy":"product_tag","embeddable":true,"href":"https:\/\/www.truzzer.com\/pl\/wp-json\/wp\/v2\/product_tag?post=93504"}],"curies":[{"name":"wp","href":"https:\/\/api.w.org\/{rel}","templated":true}]}}