{"id":93651,"date":"2026-02-01T20:09:09","date_gmt":"2026-02-01T20:09:09","guid":{"rendered":"https:\/\/beta.truzzer.com\/product\/tripadvisor-review-cards\/"},"modified":"2026-02-13T10:01:21","modified_gmt":"2026-02-13T10:01:21","slug":"tripadvisor-review-cards","status":"publish","type":"product","link":"https:\/\/www.truzzer.com\/pl\/produkt\/tripadvisor-review-cards\/","title":{"rendered":"Karty recenzyjne Tripadvisor"},"content":{"rendered":"<h2>Z \u0142atwo\u015bci\u0105 uzyskaj wi\u0119cej recenzji Tripadvisor od go\u015bci<\/h2>\n<p>Dzi\u0119ki <strong>kartom ocen truzzer Tripadvisor<\/strong> mo\u017cesz szybciej otrzymywa\u0107 pozytywne oceny od zadowolonych klient\u00f3w oraz poprawia\u0107 sw\u00f3j wizerunek i reputacj\u0119.<br \/>\nDodatkowo wzmacniasz wi\u0119\u017a ze swoim hotelem poprzez pozytywne oceny.<\/p>\n<p>W por\u0119cznym i jednocze\u015bnie efektownym formacie poczt\u00f3wki DIN A6 sprawisz, \u017ce ocena online Tripadvisor stanie si\u0119 namacalna dla Twoich go\u015bci.<br \/>\nKarty ocen nale\u017cy przekaza\u0107 do rachunku, wywiesi\u0107 je w pokojach lub restauracji na sto\u0142ach. <strong>Gotowe<\/strong>.<\/p>\n<p>Kod QR przenosi klient\u00f3w bezpo\u015brednio do Twojej recenzji Tripadvisor BEZ konieczno\u015bci wcze\u015bniejszego wyszukiwania Ci\u0119 na Google. W ten spos\u00f3b zapobiegasz odbiciu oceny Tripadvisor.<\/p>\n<p>Mo\u017cesz \u0142atwo spersonalizowa\u0107 karty recenzyjne Tripadvisor swoim logo i dostosowa\u0107 je do swojej firmy.<\/p>\n<h2>Wi\u0119cej informacji<\/h2>\n<p>Bran\u017ca hotelarska to stale rozwijaj\u0105cy si\u0119 i konkurencyjny rynek. Aby wyr\u00f3\u017cni\u0107 si\u0119 na tle konkurencji, hotele i restauracje musz\u0105 znale\u017a\u0107 sposoby na nawi\u0105zanie kontaktu z klientami i zapewnienie im wyj\u0105tkowych wra\u017ce\u0144. Jednym ze sposob\u00f3w na osi\u0105gni\u0119cie tego jest wykorzystanie kart kodowych Truzzer TripAdvisor QR.<\/p>\n<p>Truzzer Recenzja TripAdvisor Karty kodowe QR to innowacyjne narz\u0119dzie marketingowe, kt\u00f3re pozwala klientom w \u0142atwy spos\u00f3b zostawi\u0107 recenzj\u0119 swoich do\u015bwiadcze\u0144. Karty te zawieraj\u0105 kod QR, kt\u00f3ry po zeskanowaniu przenosi klienta bezpo\u015brednio na stron\u0119 TripAdvisor hotelu lub restauracji. Stamt\u0105d klient mo\u017ce zostawi\u0107 recenzj\u0119 i przekaza\u0107 cenne uwagi na temat swoich do\u015bwiadcze\u0144.<\/p>\n<p>Jak zatem Truzzer TripAdvisor mo\u017ce sprawdzi\u0107 karty kodowe QR zwi\u0119kszy\u0107 og\u00f3lny sukces hoteli i restauracji? Po pierwsze, recenzje s\u0105 dla wielu klient\u00f3w wa\u017cn\u0105 cz\u0119\u015bci\u0105 procesu decyzyjnego. W rzeczywisto\u015bci niedawne badanie wykaza\u0142o, \u017ce 97% konsument\u00f3w czyta recenzje online przed podj\u0119ciem decyzji o zakupie. U\u0142atwiaj\u0105c klientom pozostawienie recenzji, hotele i restauracje mog\u0105 zwi\u0119kszy\u0107 swoj\u0105 obecno\u015b\u0107 w Internecie i budowa\u0107 zaufanie potencjalnych klient\u00f3w.<\/p>\n<p>Ponadto recenzje mog\u0105 mie\u0107 bezpo\u015bredni wp\u0142yw na rankingi firmy w wyszukiwarkach. TripAdvisor to popularna witryna z recenzjami, a wyszukiwarki takie jak Google bior\u0105 pod uwag\u0119 liczb\u0119 i jako\u015b\u0107 recenzji firmy przy ustalaniu jej rankingu w wyszukiwarkach. Zach\u0119caj\u0105c klient\u00f3w do pozostawiania recenzji za pomoc\u0105 kart kodowych Truzzer TripAdvisor recenzji QR, hotele i restauracje mog\u0105 poprawi\u0107 swoj\u0105 widoczno\u015b\u0107 w Internecie i przyci\u0105gn\u0105\u0107 wi\u0119cej klient\u00f3w.<\/p>\n<p>Truzzer Recenzja TripAdvisor Karty kodowe QR dostarczaj\u0105 tak\u017ce hotelom i restauracjom cennych informacji zwrotnych na temat ich us\u0142ug. Monitoruj\u0105c recenzje, firmy mog\u0105 zidentyfikowa\u0107 obszary, w kt\u00f3rych si\u0119 wyr\u00f3\u017cniaj\u0105, i obszary, w kt\u00f3rych wymagaj\u0105 poprawy. T\u0119 opini\u0119 mo\u017cna wykorzysta\u0107 do wprowadzenia niezb\u0119dnych zmian i zapewnienia klientom jeszcze lepszych do\u015bwiadcze\u0144 w przysz\u0142o\u015bci.<\/p>\n<p>Nareszcie recenzja Truzzer TripAdvisor Karty kodowe QR s\u0105 op\u0142acalnym narz\u0119dziem marketingowym. S\u0105 \u0142atwe w dystrybucji i mo\u017cna je umie\u015bci\u0107 w strategicznych miejscach, takich jak pokoje hotelowe lub sto\u0142y w restauracji. Zach\u0119caj\u0105c klient\u00f3w do pozostawienia recenzji, hotele i restauracje mog\u0105 zwi\u0119kszy\u0107 swoj\u0105 obecno\u015b\u0107 w Internecie bez wydawania du\u017cych pieni\u0119dzy na tradycyjne metody marketingowe.<\/p>\n<p>Podsumowuj\u0105c, recenzja Truzzer TripAdvisor Karty kodowe QR s\u0105 cennym narz\u0119dziem dla hoteli i restauracji chc\u0105cych zwi\u0119kszy\u0107 sw\u00f3j og\u00f3lny sukces. U\u0142atwiaj\u0105c klientom pozostawienie recenzji, firmy mog\u0105 poprawi\u0107 swoj\u0105 obecno\u015b\u0107 w Internecie, przyci\u0105gn\u0105\u0107 wi\u0119cej klient\u00f3w i zapewni\u0107 lepsze do\u015bwiadczenia swoim go\u015bciom. Je\u015bli wi\u0119c szukasz sposobu na wyprzedzenie konkurencji, rozwa\u017c wykorzystanie w swojej strategii marketingowej kart kodowych Truzzer TripAdvisor Recenzja QR.<\/p>\n<p><strong>Uwaga<\/strong>:<br \/>\nPami\u0119taj, \u017ce aby m\u00f3c oceni\u0107, potrzebujesz w\u0142asnego profilu Tripadvisor.<\/p>\n","protected":false},"excerpt":{"rendered":"<p>U\u0142atw go\u015bciom wystawianie recenzji na temat Tripadvisor dzi\u0119ki kartom recenzji Tripadvisor o zmniejszonym i atrakcyjnym wygl\u0105dzie, kt\u00f3re mo\u017cna zintegrowa\u0107 z ka\u017cdym hotelem.<br \/>\nPo\u0142\u0105czymy dla Ciebie kod QR z Twoim profilem Tripadvisor!<\/p>\n","protected":false},"featured_media":93652,"comment_status":"open","ping_status":"closed","template":"","meta":{"_acf_changed":false,"_yoast_wpseo_focuskw":"Opinia TripAdvisor Wizyt\u00f3wka","_yoast_wpseo_title":"Tripadvisor Review Cards | truzzer","_yoast_wpseo_metadesc":"Wzmocnij reputacj\u0119 TripAdvisor z Tripadvisor Review Cards od truzzer. \u0141atwa konfiguracja, gotowe do u\u017cycia. Zam\u00f3w teraz!"},"product_brand":[1687],"product_cat":[782,518,1060],"product_tag":[],"class_list":{"0":"post-93651","1":"product","2":"type-product","3":"status-publish","4":"has-post-thumbnail","6":"product_brand-tripadvisor","7":"product_cat-kod-qr-karty","8":"product_cat-kod-qr-produkty","9":"product_cat-opinie-tripadvisor-karty-opinii-z-kodem-qr","10":"pa_industry-autodealer","11":"pa_industry-detailhandel","12":"pa_industry-schoonheidssalon","13":"pa_material-karton","14":"pa_placement-bon","15":"pa_placement-broszura","16":"pa_placement-verpakking","17":"pa_product-type-kaarten","18":"pa_shape-rechthoek","19":"pa_technology-kod-qr","20":"pa_technology-qr-code","22":"first","23":"instock","24":"taxable","25":"shipping-taxable","26":"purchasable","27":"product-type-simple"},"acf":[],"yoast_head":"<!-- This site is optimized with the Yoast SEO plugin v27.0 - https:\/\/yoast.com\/product\/yoast-seo-wordpress\/ -->\n<title>Tripadvisor Review Cards | truzzer<\/title>\n<meta name=\"description\" content=\"Wzmocnij reputacj\u0119 TripAdvisor z Tripadvisor Review Cards od truzzer. \u0141atwa konfiguracja, gotowe do u\u017cycia. Zam\u00f3w teraz!\" \/>\n<meta name=\"robots\" content=\"index, follow, max-snippet:-1, max-image-preview:large, max-video-preview:-1\" \/>\n<link rel=\"canonical\" href=\"https:\/\/www.truzzer.com\/pl\/produkt\/tripadvisor-review-cards\/\" \/>\n<meta property=\"og:locale\" content=\"pl_PL\" \/>\n<meta property=\"og:type\" content=\"article\" \/>\n<meta property=\"og:title\" content=\"Tripadvisor Review Cards | truzzer\" \/>\n<meta property=\"og:description\" content=\"Wzmocnij reputacj\u0119 TripAdvisor z Tripadvisor Review Cards od truzzer. \u0141atwa konfiguracja, gotowe do u\u017cycia. Zam\u00f3w teraz!\" \/>\n<meta property=\"og:url\" content=\"https:\/\/www.truzzer.com\/pl\/produkt\/tripadvisor-review-cards\/\" \/>\n<meta property=\"og:site_name\" content=\"truzzer\" \/>\n<meta property=\"article:modified_time\" content=\"2026-02-13T10:01:21+00:00\" \/>\n<meta property=\"og:image\" content=\"https:\/\/www.truzzer.com\/wp-content\/uploads\/2026\/02\/review-us-on-tripadvisor-card-with-qr-code-full-front-2.jpg\" \/>\n\t<meta property=\"og:image:width\" content=\"1400\" \/>\n\t<meta property=\"og:image:height\" content=\"1400\" \/>\n\t<meta property=\"og:image:type\" content=\"image\/jpeg\" \/>\n<meta name=\"twitter:card\" content=\"summary_large_image\" \/>\n<meta name=\"twitter:label1\" content=\"Szacowany czas czytania\" \/>\n\t<meta name=\"twitter:data1\" content=\"3 minuty\" \/>\n<script type=\"application\/ld+json\" class=\"yoast-schema-graph\">{\"@context\":\"https:\/\/schema.org\",\"@graph\":[{\"@type\":\"WebPage\",\"@id\":\"https:\/\/www.truzzer.com\/pl\/produkt\/tripadvisor-review-cards\/\",\"url\":\"https:\/\/www.truzzer.com\/pl\/produkt\/tripadvisor-review-cards\/\",\"name\":\"Tripadvisor Review Cards | truzzer\",\"isPartOf\":{\"@id\":\"https:\/\/www.truzzer.com\/pl\/#website\"},\"primaryImageOfPage\":{\"@id\":\"https:\/\/www.truzzer.com\/pl\/produkt\/tripadvisor-review-cards\/#primaryimage\"},\"image\":{\"@id\":\"https:\/\/www.truzzer.com\/pl\/produkt\/tripadvisor-review-cards\/#primaryimage\"},\"thumbnailUrl\":\"https:\/\/www.truzzer.com\/wp-content\/uploads\/2026\/02\/review-us-on-tripadvisor-card-with-qr-code-full-front-2.jpg\",\"datePublished\":\"2026-02-01T20:09:09+00:00\",\"dateModified\":\"2026-02-13T10:01:21+00:00\",\"description\":\"Wzmocnij reputacj\u0119 TripAdvisor z Tripadvisor Review Cards od truzzer. \u0141atwa konfiguracja, gotowe do u\u017cycia. Zam\u00f3w teraz!\",\"breadcrumb\":{\"@id\":\"https:\/\/www.truzzer.com\/pl\/produkt\/tripadvisor-review-cards\/#breadcrumb\"},\"inLanguage\":\"pl-PL\",\"potentialAction\":[{\"@type\":\"ReadAction\",\"target\":[\"https:\/\/www.truzzer.com\/pl\/produkt\/tripadvisor-review-cards\/\"]}]},{\"@type\":\"ImageObject\",\"inLanguage\":\"pl-PL\",\"@id\":\"https:\/\/www.truzzer.com\/pl\/produkt\/tripadvisor-review-cards\/#primaryimage\",\"url\":\"https:\/\/www.truzzer.com\/wp-content\/uploads\/2026\/02\/review-us-on-tripadvisor-card-with-qr-code-full-front-2.jpg\",\"contentUrl\":\"https:\/\/www.truzzer.com\/wp-content\/uploads\/2026\/02\/review-us-on-tripadvisor-card-with-qr-code-full-front-2.jpg\",\"width\":1400,\"height\":1400},{\"@type\":\"BreadcrumbList\",\"@id\":\"https:\/\/www.truzzer.com\/pl\/produkt\/tripadvisor-review-cards\/#breadcrumb\",\"itemListElement\":[{\"@type\":\"ListItem\",\"position\":1,\"name\":\"Home\",\"item\":\"https:\/\/www.truzzer.com\/pl\/\"},{\"@type\":\"ListItem\",\"position\":2,\"name\":\"Sklep\",\"item\":\"https:\/\/www.truzzer.com\/pl\/sklep\/\"},{\"@type\":\"ListItem\",\"position\":3,\"name\":\"Karty recenzyjne Tripadvisor\"}]},{\"@type\":\"WebSite\",\"@id\":\"https:\/\/www.truzzer.com\/pl\/#website\",\"url\":\"https:\/\/www.truzzer.com\/pl\/\",\"name\":\"truzzer\",\"description\":\"Experts for customer trust\",\"publisher\":{\"@id\":\"https:\/\/www.truzzer.com\/pl\/#organization\"},\"potentialAction\":[{\"@type\":\"SearchAction\",\"target\":{\"@type\":\"EntryPoint\",\"urlTemplate\":\"https:\/\/www.truzzer.com\/pl\/?s={search_term_string}\"},\"query-input\":{\"@type\":\"PropertyValueSpecification\",\"valueRequired\":true,\"valueName\":\"search_term_string\"}}],\"inLanguage\":\"pl-PL\"},{\"@type\":\"Organization\",\"@id\":\"https:\/\/www.truzzer.com\/pl\/#organization\",\"name\":\"truzzer\",\"url\":\"https:\/\/www.truzzer.com\/pl\/\",\"logo\":{\"@type\":\"ImageObject\",\"inLanguage\":\"pl-PL\",\"@id\":\"https:\/\/www.truzzer.com\/pl\/#\/schema\/logo\/image\/\",\"url\":\"https:\/\/truzzer.com\/wp-content\/uploads\/2026\/01\/truzzer-logo-black-1.svg\",\"contentUrl\":\"https:\/\/truzzer.com\/wp-content\/uploads\/2026\/01\/truzzer-logo-black-1.svg\",\"width\":938,\"height\":199,\"caption\":\"truzzer\"},\"image\":{\"@id\":\"https:\/\/www.truzzer.com\/pl\/#\/schema\/logo\/image\/\"}}]}<\/script>\n<!-- \/ Yoast SEO plugin. -->","yoast_head_json":{"title":"Tripadvisor Review Cards | truzzer","description":"Wzmocnij reputacj\u0119 TripAdvisor z Tripadvisor Review Cards od truzzer. \u0141atwa konfiguracja, gotowe do u\u017cycia. Zam\u00f3w teraz!","robots":{"index":"index","follow":"follow","max-snippet":"max-snippet:-1","max-image-preview":"max-image-preview:large","max-video-preview":"max-video-preview:-1"},"canonical":"https:\/\/www.truzzer.com\/pl\/produkt\/tripadvisor-review-cards\/","og_locale":"pl_PL","og_type":"article","og_title":"Tripadvisor Review Cards | truzzer","og_description":"Wzmocnij reputacj\u0119 TripAdvisor z Tripadvisor Review Cards od truzzer. \u0141atwa konfiguracja, gotowe do u\u017cycia. Zam\u00f3w teraz!","og_url":"https:\/\/www.truzzer.com\/pl\/produkt\/tripadvisor-review-cards\/","og_site_name":"truzzer","article_modified_time":"2026-02-13T10:01:21+00:00","og_image":[{"width":1400,"height":1400,"url":"https:\/\/www.truzzer.com\/wp-content\/uploads\/2026\/02\/review-us-on-tripadvisor-card-with-qr-code-full-front-2.jpg","type":"image\/jpeg"}],"twitter_card":"summary_large_image","twitter_misc":{"Szacowany czas czytania":"3 minuty"},"schema":{"@context":"https:\/\/schema.org","@graph":[{"@type":"WebPage","@id":"https:\/\/www.truzzer.com\/pl\/produkt\/tripadvisor-review-cards\/","url":"https:\/\/www.truzzer.com\/pl\/produkt\/tripadvisor-review-cards\/","name":"Tripadvisor Review Cards | truzzer","isPartOf":{"@id":"https:\/\/www.truzzer.com\/pl\/#website"},"primaryImageOfPage":{"@id":"https:\/\/www.truzzer.com\/pl\/produkt\/tripadvisor-review-cards\/#primaryimage"},"image":{"@id":"https:\/\/www.truzzer.com\/pl\/produkt\/tripadvisor-review-cards\/#primaryimage"},"thumbnailUrl":"https:\/\/www.truzzer.com\/wp-content\/uploads\/2026\/02\/review-us-on-tripadvisor-card-with-qr-code-full-front-2.jpg","datePublished":"2026-02-01T20:09:09+00:00","dateModified":"2026-02-13T10:01:21+00:00","description":"Wzmocnij reputacj\u0119 TripAdvisor z Tripadvisor Review Cards od truzzer. \u0141atwa konfiguracja, gotowe do u\u017cycia. Zam\u00f3w teraz!","breadcrumb":{"@id":"https:\/\/www.truzzer.com\/pl\/produkt\/tripadvisor-review-cards\/#breadcrumb"},"inLanguage":"pl-PL","potentialAction":[{"@type":"ReadAction","target":["https:\/\/www.truzzer.com\/pl\/produkt\/tripadvisor-review-cards\/"]}]},{"@type":"ImageObject","inLanguage":"pl-PL","@id":"https:\/\/www.truzzer.com\/pl\/produkt\/tripadvisor-review-cards\/#primaryimage","url":"https:\/\/www.truzzer.com\/wp-content\/uploads\/2026\/02\/review-us-on-tripadvisor-card-with-qr-code-full-front-2.jpg","contentUrl":"https:\/\/www.truzzer.com\/wp-content\/uploads\/2026\/02\/review-us-on-tripadvisor-card-with-qr-code-full-front-2.jpg","width":1400,"height":1400},{"@type":"BreadcrumbList","@id":"https:\/\/www.truzzer.com\/pl\/produkt\/tripadvisor-review-cards\/#breadcrumb","itemListElement":[{"@type":"ListItem","position":1,"name":"Home","item":"https:\/\/www.truzzer.com\/pl\/"},{"@type":"ListItem","position":2,"name":"Sklep","item":"https:\/\/www.truzzer.com\/pl\/sklep\/"},{"@type":"ListItem","position":3,"name":"Karty recenzyjne Tripadvisor"}]},{"@type":"WebSite","@id":"https:\/\/www.truzzer.com\/pl\/#website","url":"https:\/\/www.truzzer.com\/pl\/","name":"truzzer","description":"Experts for customer trust","publisher":{"@id":"https:\/\/www.truzzer.com\/pl\/#organization"},"potentialAction":[{"@type":"SearchAction","target":{"@type":"EntryPoint","urlTemplate":"https:\/\/www.truzzer.com\/pl\/?s={search_term_string}"},"query-input":{"@type":"PropertyValueSpecification","valueRequired":true,"valueName":"search_term_string"}}],"inLanguage":"pl-PL"},{"@type":"Organization","@id":"https:\/\/www.truzzer.com\/pl\/#organization","name":"truzzer","url":"https:\/\/www.truzzer.com\/pl\/","logo":{"@type":"ImageObject","inLanguage":"pl-PL","@id":"https:\/\/www.truzzer.com\/pl\/#\/schema\/logo\/image\/","url":"https:\/\/truzzer.com\/wp-content\/uploads\/2026\/01\/truzzer-logo-black-1.svg","contentUrl":"https:\/\/truzzer.com\/wp-content\/uploads\/2026\/01\/truzzer-logo-black-1.svg","width":938,"height":199,"caption":"truzzer"},"image":{"@id":"https:\/\/www.truzzer.com\/pl\/#\/schema\/logo\/image\/"}}]}},"tiered_pricing_type":"fixed","tiered_pricing_fixed_rules":[],"tiered_pricing_product_settings":{"layout":"default","base_unit_name":{"singular":null,"plural":null},"default_variation":null},"tiered_pricing_minimum_quantity":null,"tiered_pricing_roles_data":[],"tiered_pricing_percentage_rules":[],"tiered_pricing_maximum_quantity":null,"tiered_pricing_quantity_step":null,"_links":{"self":[{"href":"https:\/\/www.truzzer.com\/pl\/wp-json\/wp\/v2\/product\/93651","targetHints":{"allow":["GET"]}}],"collection":[{"href":"https:\/\/www.truzzer.com\/pl\/wp-json\/wp\/v2\/product"}],"about":[{"href":"https:\/\/www.truzzer.com\/pl\/wp-json\/wp\/v2\/types\/product"}],"replies":[{"embeddable":true,"href":"https:\/\/www.truzzer.com\/pl\/wp-json\/wp\/v2\/comments?post=93651"}],"wp:featuredmedia":[{"embeddable":true,"href":"https:\/\/www.truzzer.com\/pl\/wp-json\/wp\/v2\/media\/93652"}],"wp:attachment":[{"href":"https:\/\/www.truzzer.com\/pl\/wp-json\/wp\/v2\/media?parent=93651"}],"wp:term":[{"taxonomy":"product_brand","embeddable":true,"href":"https:\/\/www.truzzer.com\/pl\/wp-json\/wp\/v2\/product_brand?post=93651"},{"taxonomy":"product_cat","embeddable":true,"href":"https:\/\/www.truzzer.com\/pl\/wp-json\/wp\/v2\/product_cat?post=93651"},{"taxonomy":"product_tag","embeddable":true,"href":"https:\/\/www.truzzer.com\/pl\/wp-json\/wp\/v2\/product_tag?post=93651"}],"curies":[{"name":"wp","href":"https:\/\/api.w.org\/{rel}","templated":true}]}}