{"id":93841,"date":"2026-02-01T20:08:22","date_gmt":"2026-02-01T20:08:22","guid":{"rendered":"https:\/\/beta.truzzer.com\/product\/google-review-business-card-icon-with-google-review-qr-code\/"},"modified":"2026-02-13T08:02:45","modified_gmt":"2026-02-13T08:02:45","slug":"google-review-business-card-icon-with-google-review-qr-code","status":"publish","type":"product","link":"https:\/\/www.truzzer.com\/pl\/produkt\/google-review-business-card-icon-with-google-review-qr-code\/","title":{"rendered":"Ikona wizyt\u00f3wki przegl\u0105du Google z kodem przegl\u0105du Google QR"},"content":{"rendered":"<h2>Po prostu zdob\u0105d\u017a wi\u0119cej recenzji Google od klient\u00f3w<\/h2>\n<p>Dzi\u0119ki wizyt\u00f3wkom truzzer Google z recenzj\u0105 Google QR-Code mo\u017cesz szybciej uzyska\u0107 pozytywne recenzje od zadowolonych klient\u00f3w i poprawi\u0107 swoj\u0105 reputacj\u0119.<br \/>\nDodatkowo zwi\u0119kszasz wi\u0119\u017a ze swoj\u0105 firm\u0105 i sw\u00f3j ranking SEO poprzez pozytywne oceny.<\/p>\n<p>W por\u0119cznym formacie wizyt\u00f3wki zawsze masz mo\u017cliwo\u015b\u0107 zdobycia wi\u0119kszej liczby recenzji Google pod r\u0119k\u0105 i udost\u0119pnienia recenzji online za po\u015brednictwem Google Twoim klientom w dowolnym momencie.<br \/>\nDaj swoim klientom wizyt\u00f3wki truzzer Google, w\u0142\u00f3\u017c je do torby na zakupy, wy\u015blij ze swoimi produktami lub postaw na sto\u0142ach w restauracji. Zako\u0144czono.<\/p>\n<p>Kod QR przenosi klient\u00f3w bezpo\u015brednio do Twojej recenzji Google BEZ konieczno\u015bci wcze\u015bniejszego wyszukiwania Ci\u0119 na Google. W ten spos\u00f3b zapobiegasz przeskokom w procesie przegl\u0105du Google.<\/p>\n<p>Mo\u017cesz \u0142atwo spersonalizowa\u0107 wizyt\u00f3wki Google swoim logo i dostosowa\u0107 je do swojej firmy.<br \/>\nProdukty Oce\u0144 nas na Google s\u0105 \u0142atwe w u\u017cyciu, co chcieliby\u015bmy pokaza\u0107 poni\u017cej na przyk\u0142adzie naklejek z recenzjami.<\/p>\n<p>&nbsp;<\/p>\n<p>&nbsp;<\/p>\n<h3>Krok 1: Klient skanuje kod QR<\/h3>\n<p>Aby Ci\u0119 \u015bledzi\u0107, klient musi jedynie zeskanowa\u0107 kod QR. Wszystko, co musisz zrobi\u0107, to trzyma\u0107 aparat smartfona (nie jest wymagana dodatkowa aplikacja skanera) nad produktem.<\/p>\n<p><img decoding=\"async\" src=\"https:\/\/www.truzzer.com\/wp-content\/uploads\/2026\/02\/how-to-use-the-product-truzzer-google.jpg.webp\" class=\"alignnone wp-image-22402 size-full\" alt=\"Hand scanning a QR code for Google reviews on a smartphone.\"  > <\/p>\n<p>Na ekranie pojawi si\u0119 wyskakuj\u0105ce okienko (iPhone) lub pojawi si\u0119 kod QR (smartfony z systemem Android \/ Google).<\/p>\n<h3>Krok 2: Klient przechodzi bezpo\u015brednio do formularza recenzji Google<\/h3>\n<p>Formularz recenzji otworzy si\u0119 w przegl\u0105darce smartfona, a klient b\u0119dzie m\u00f3g\u0142 bezpo\u015brednio Ci\u0119 oceni\u0107.<\/p>\n<p>Uwaga:<br \/>\nPami\u0119taj, \u017ce aby uzyska\u0107 recenzje Google, wymagany jest profil Google Moja Firma.<\/p>\n<p>&nbsp;<\/p>\n","protected":false},"excerpt":{"rendered":"<p><strong>U\u0142atw swoim klientom wystawianie recenzji na temat Google!<\/strong><\/p>\n<p>Dzi\u0119ki wizyt\u00f3wkom Google \u201eIkona\u201d z recenzj\u0105 Google QR Kod w zmniejszonym i atrakcyjnym designie, pasuj\u0105cym do ka\u017cdej firmy, mo\u017cesz \u0142atwo wygra\u0107 nowe recenzje Google wsz\u0119dzie.<br \/>\nW por\u0119cznym formacie wizyt\u00f3wki \u201ePrzejrzyj nas na Google\u201d wizyt\u00f3wki s\u0105 idealne dla ka\u017cdego, kto du\u017co podr\u00f3\u017cuje s\u0142u\u017cbowo &#8211; np. dla rzemie\u015blnik\u00f3w i sprzedawc\u00f3w.<\/p>\n<p><strong>W ten spos\u00f3b pomog\u0105 Ci wizyt\u00f3wki Google Recenzja<\/strong><\/p>\n<p>Wizyt\u00f3wki usuwaj\u0105 najwi\u0119ksze przeszkody Twoich klient\u00f3w w recenzji Google:<\/p>\n<ul>\n<li>\u00a0\u017badnych nieprzyjemnych pyta\u0144 &amp; pro\u015bby, po prostu je przeka\u017c. Wezwanie do dzia\u0142ania zrobi to za Ciebie<\/li>\n<li>Recenzje nie zostan\u0105 zapomniane, poniewa\u017c klientom przypomni si\u0119 recenzja Google.<\/li>\n<li>Bez szukania i \u017cadnych trudno\u015bci: kod QR prowadzi bezpo\u015brednio do formularza oceny<\/li>\n<li>Namacalne: wizyt\u00f3wki sprawiaj\u0105, \u017ce opinia w Google jest namacalna.<\/li>\n<li>Brak dodatkowej aplikacji: kod QR mo\u017cna zeskanowa\u0107 aparatem smartfona<\/li>\n<\/ul>\n<p>Stworzymy i po\u0142\u0105czymy dla Ciebie kod QR do bezpo\u015bredniej oceny na Twoim profilu Google! Pobieramy te informacje z adresu Twojej firmy.<br \/>\nWi\u0119cej informacji na temat tego, w jaki spos\u00f3b karty mog\u0105 Ci pom\u00f3c, znajdziesz tutaj: <a href=\"#tab-description\"><\/a><\/p>\n<p> i wpisz swoje dane kontaktowe, kt\u00f3re powinny pojawi\u0107 si\u0119 na wizyt\u00f3wce.<\/p>\n<p>&nbsp;<\/p>\n","protected":false},"featured_media":93842,"comment_status":"open","ping_status":"closed","template":"","meta":{"_acf_changed":false,"_yoast_wpseo_focuskw":"Opinia Google Wizyt\u00f3wka","_yoast_wpseo_title":"Google Review Business Card Icon with Google Re... | truzzer","_yoast_wpseo_metadesc":"Wi\u0119cej opinii Google z Google Review Business Card Icon with Google Review QR Code od truzzer. \u0141atwa konfiguracja. Zam\u00f3w teraz!"},"product_brand":[1652],"product_cat":[518,608,609,816],"product_tag":[],"class_list":{"0":"post-93841","1":"product","2":"type-product","3":"status-publish","4":"has-post-thumbnail","6":"product_brand-google","7":"product_cat-kod-qr-produkty","8":"product_cat-kod-qr-wizytowki","9":"product_cat-kod-qr-wizytowki-z-danymi-kontaktowymi","10":"product_cat-opinia-google-wizytowki-z-kodem-qr","11":"pa_industry-biuro-doradztwo","12":"pa_industry-lokale-diensten","13":"pa_industry-onroerend-go","14":"pa_material-karton","15":"pa_placement-broszura","16":"pa_placement-portemonnee-personlijk","17":"pa_placement-recepcja-balie","18":"pa_product-type-odwiedzekaartjes","19":"pa_technology-kod-qr","20":"pa_technology-qr-code","22":"first","23":"instock","24":"taxable","25":"shipping-taxable","26":"purchasable","27":"product-type-simple"},"acf":[],"yoast_head":"<!-- This site is optimized with the Yoast SEO plugin v27.0 - https:\/\/yoast.com\/product\/yoast-seo-wordpress\/ -->\n<title>Google Review Business Card Icon with Google Re... | truzzer<\/title>\n<meta name=\"description\" content=\"Wi\u0119cej opinii Google z Google Review Business Card Icon with Google Review QR Code od truzzer. \u0141atwa konfiguracja. Zam\u00f3w teraz!\" \/>\n<meta name=\"robots\" content=\"index, follow, max-snippet:-1, max-image-preview:large, max-video-preview:-1\" \/>\n<link rel=\"canonical\" href=\"https:\/\/www.truzzer.com\/pl\/produkt\/google-review-business-card-icon-with-google-review-qr-code\/\" \/>\n<meta property=\"og:locale\" content=\"pl_PL\" \/>\n<meta property=\"og:type\" content=\"article\" \/>\n<meta property=\"og:title\" content=\"Google Review Business Card Icon with Google Re... | truzzer\" \/>\n<meta property=\"og:description\" content=\"Wi\u0119cej opinii Google z Google Review Business Card Icon with Google Review QR Code od truzzer. \u0141atwa konfiguracja. Zam\u00f3w teraz!\" \/>\n<meta property=\"og:url\" content=\"https:\/\/www.truzzer.com\/pl\/produkt\/google-review-business-card-icon-with-google-review-qr-code\/\" \/>\n<meta property=\"og:site_name\" content=\"truzzer\" \/>\n<meta property=\"article:modified_time\" content=\"2026-02-13T08:02:45+00:00\" \/>\n<meta property=\"og:image\" content=\"https:\/\/www.truzzer.com\/wp-content\/uploads\/2026\/02\/google-review-business-card-icon-with-qr-code-simple-truzzer.jpg\" \/>\n\t<meta property=\"og:image:width\" content=\"1400\" \/>\n\t<meta property=\"og:image:height\" content=\"1400\" \/>\n\t<meta property=\"og:image:type\" content=\"image\/jpeg\" \/>\n<meta name=\"twitter:card\" content=\"summary_large_image\" \/>\n<meta name=\"twitter:label1\" content=\"Szacowany czas czytania\" \/>\n\t<meta name=\"twitter:data1\" content=\"1 minuta\" \/>\n<script type=\"application\/ld+json\" class=\"yoast-schema-graph\">{\"@context\":\"https:\/\/schema.org\",\"@graph\":[{\"@type\":\"WebPage\",\"@id\":\"https:\/\/www.truzzer.com\/pl\/produkt\/google-review-business-card-icon-with-google-review-qr-code\/\",\"url\":\"https:\/\/www.truzzer.com\/pl\/produkt\/google-review-business-card-icon-with-google-review-qr-code\/\",\"name\":\"Google Review Business Card Icon with Google Re... | truzzer\",\"isPartOf\":{\"@id\":\"https:\/\/www.truzzer.com\/pl\/#website\"},\"primaryImageOfPage\":{\"@id\":\"https:\/\/www.truzzer.com\/pl\/produkt\/google-review-business-card-icon-with-google-review-qr-code\/#primaryimage\"},\"image\":{\"@id\":\"https:\/\/www.truzzer.com\/pl\/produkt\/google-review-business-card-icon-with-google-review-qr-code\/#primaryimage\"},\"thumbnailUrl\":\"https:\/\/www.truzzer.com\/wp-content\/uploads\/2026\/02\/google-review-business-card-icon-with-qr-code-simple-truzzer.jpg\",\"datePublished\":\"2026-02-01T20:08:22+00:00\",\"dateModified\":\"2026-02-13T08:02:45+00:00\",\"description\":\"Wi\u0119cej opinii Google z Google Review Business Card Icon with Google Review QR Code od truzzer. \u0141atwa konfiguracja. Zam\u00f3w teraz!\",\"breadcrumb\":{\"@id\":\"https:\/\/www.truzzer.com\/pl\/produkt\/google-review-business-card-icon-with-google-review-qr-code\/#breadcrumb\"},\"inLanguage\":\"pl-PL\",\"potentialAction\":[{\"@type\":\"ReadAction\",\"target\":[\"https:\/\/www.truzzer.com\/pl\/produkt\/google-review-business-card-icon-with-google-review-qr-code\/\"]}]},{\"@type\":\"ImageObject\",\"inLanguage\":\"pl-PL\",\"@id\":\"https:\/\/www.truzzer.com\/pl\/produkt\/google-review-business-card-icon-with-google-review-qr-code\/#primaryimage\",\"url\":\"https:\/\/www.truzzer.com\/wp-content\/uploads\/2026\/02\/google-review-business-card-icon-with-qr-code-simple-truzzer.jpg\",\"contentUrl\":\"https:\/\/www.truzzer.com\/wp-content\/uploads\/2026\/02\/google-review-business-card-icon-with-qr-code-simple-truzzer.jpg\",\"width\":1400,\"height\":1400},{\"@type\":\"BreadcrumbList\",\"@id\":\"https:\/\/www.truzzer.com\/pl\/produkt\/google-review-business-card-icon-with-google-review-qr-code\/#breadcrumb\",\"itemListElement\":[{\"@type\":\"ListItem\",\"position\":1,\"name\":\"Home\",\"item\":\"https:\/\/www.truzzer.com\/pl\/\"},{\"@type\":\"ListItem\",\"position\":2,\"name\":\"Sklep\",\"item\":\"https:\/\/www.truzzer.com\/pl\/sklep\/\"},{\"@type\":\"ListItem\",\"position\":3,\"name\":\"Ikona wizyt\u00f3wki przegl\u0105du Google z kodem przegl\u0105du Google QR\"}]},{\"@type\":\"WebSite\",\"@id\":\"https:\/\/www.truzzer.com\/pl\/#website\",\"url\":\"https:\/\/www.truzzer.com\/pl\/\",\"name\":\"truzzer\",\"description\":\"Experts for customer trust\",\"publisher\":{\"@id\":\"https:\/\/www.truzzer.com\/pl\/#organization\"},\"potentialAction\":[{\"@type\":\"SearchAction\",\"target\":{\"@type\":\"EntryPoint\",\"urlTemplate\":\"https:\/\/www.truzzer.com\/pl\/?s={search_term_string}\"},\"query-input\":{\"@type\":\"PropertyValueSpecification\",\"valueRequired\":true,\"valueName\":\"search_term_string\"}}],\"inLanguage\":\"pl-PL\"},{\"@type\":\"Organization\",\"@id\":\"https:\/\/www.truzzer.com\/pl\/#organization\",\"name\":\"truzzer\",\"url\":\"https:\/\/www.truzzer.com\/pl\/\",\"logo\":{\"@type\":\"ImageObject\",\"inLanguage\":\"pl-PL\",\"@id\":\"https:\/\/www.truzzer.com\/pl\/#\/schema\/logo\/image\/\",\"url\":\"https:\/\/truzzer.com\/wp-content\/uploads\/2026\/01\/truzzer-logo-black-1.svg\",\"contentUrl\":\"https:\/\/truzzer.com\/wp-content\/uploads\/2026\/01\/truzzer-logo-black-1.svg\",\"width\":938,\"height\":199,\"caption\":\"truzzer\"},\"image\":{\"@id\":\"https:\/\/www.truzzer.com\/pl\/#\/schema\/logo\/image\/\"}}]}<\/script>\n<!-- \/ Yoast SEO plugin. -->","yoast_head_json":{"title":"Google Review Business Card Icon with Google Re... | truzzer","description":"Wi\u0119cej opinii Google z Google Review Business Card Icon with Google Review QR Code od truzzer. \u0141atwa konfiguracja. Zam\u00f3w teraz!","robots":{"index":"index","follow":"follow","max-snippet":"max-snippet:-1","max-image-preview":"max-image-preview:large","max-video-preview":"max-video-preview:-1"},"canonical":"https:\/\/www.truzzer.com\/pl\/produkt\/google-review-business-card-icon-with-google-review-qr-code\/","og_locale":"pl_PL","og_type":"article","og_title":"Google Review Business Card Icon with Google Re... | truzzer","og_description":"Wi\u0119cej opinii Google z Google Review Business Card Icon with Google Review QR Code od truzzer. \u0141atwa konfiguracja. Zam\u00f3w teraz!","og_url":"https:\/\/www.truzzer.com\/pl\/produkt\/google-review-business-card-icon-with-google-review-qr-code\/","og_site_name":"truzzer","article_modified_time":"2026-02-13T08:02:45+00:00","og_image":[{"width":1400,"height":1400,"url":"https:\/\/www.truzzer.com\/wp-content\/uploads\/2026\/02\/google-review-business-card-icon-with-qr-code-simple-truzzer.jpg","type":"image\/jpeg"}],"twitter_card":"summary_large_image","twitter_misc":{"Szacowany czas czytania":"1 minuta"},"schema":{"@context":"https:\/\/schema.org","@graph":[{"@type":"WebPage","@id":"https:\/\/www.truzzer.com\/pl\/produkt\/google-review-business-card-icon-with-google-review-qr-code\/","url":"https:\/\/www.truzzer.com\/pl\/produkt\/google-review-business-card-icon-with-google-review-qr-code\/","name":"Google Review Business Card Icon with Google Re... | truzzer","isPartOf":{"@id":"https:\/\/www.truzzer.com\/pl\/#website"},"primaryImageOfPage":{"@id":"https:\/\/www.truzzer.com\/pl\/produkt\/google-review-business-card-icon-with-google-review-qr-code\/#primaryimage"},"image":{"@id":"https:\/\/www.truzzer.com\/pl\/produkt\/google-review-business-card-icon-with-google-review-qr-code\/#primaryimage"},"thumbnailUrl":"https:\/\/www.truzzer.com\/wp-content\/uploads\/2026\/02\/google-review-business-card-icon-with-qr-code-simple-truzzer.jpg","datePublished":"2026-02-01T20:08:22+00:00","dateModified":"2026-02-13T08:02:45+00:00","description":"Wi\u0119cej opinii Google z Google Review Business Card Icon with Google Review QR Code od truzzer. \u0141atwa konfiguracja. Zam\u00f3w teraz!","breadcrumb":{"@id":"https:\/\/www.truzzer.com\/pl\/produkt\/google-review-business-card-icon-with-google-review-qr-code\/#breadcrumb"},"inLanguage":"pl-PL","potentialAction":[{"@type":"ReadAction","target":["https:\/\/www.truzzer.com\/pl\/produkt\/google-review-business-card-icon-with-google-review-qr-code\/"]}]},{"@type":"ImageObject","inLanguage":"pl-PL","@id":"https:\/\/www.truzzer.com\/pl\/produkt\/google-review-business-card-icon-with-google-review-qr-code\/#primaryimage","url":"https:\/\/www.truzzer.com\/wp-content\/uploads\/2026\/02\/google-review-business-card-icon-with-qr-code-simple-truzzer.jpg","contentUrl":"https:\/\/www.truzzer.com\/wp-content\/uploads\/2026\/02\/google-review-business-card-icon-with-qr-code-simple-truzzer.jpg","width":1400,"height":1400},{"@type":"BreadcrumbList","@id":"https:\/\/www.truzzer.com\/pl\/produkt\/google-review-business-card-icon-with-google-review-qr-code\/#breadcrumb","itemListElement":[{"@type":"ListItem","position":1,"name":"Home","item":"https:\/\/www.truzzer.com\/pl\/"},{"@type":"ListItem","position":2,"name":"Sklep","item":"https:\/\/www.truzzer.com\/pl\/sklep\/"},{"@type":"ListItem","position":3,"name":"Ikona wizyt\u00f3wki przegl\u0105du Google z kodem przegl\u0105du Google QR"}]},{"@type":"WebSite","@id":"https:\/\/www.truzzer.com\/pl\/#website","url":"https:\/\/www.truzzer.com\/pl\/","name":"truzzer","description":"Experts for customer trust","publisher":{"@id":"https:\/\/www.truzzer.com\/pl\/#organization"},"potentialAction":[{"@type":"SearchAction","target":{"@type":"EntryPoint","urlTemplate":"https:\/\/www.truzzer.com\/pl\/?s={search_term_string}"},"query-input":{"@type":"PropertyValueSpecification","valueRequired":true,"valueName":"search_term_string"}}],"inLanguage":"pl-PL"},{"@type":"Organization","@id":"https:\/\/www.truzzer.com\/pl\/#organization","name":"truzzer","url":"https:\/\/www.truzzer.com\/pl\/","logo":{"@type":"ImageObject","inLanguage":"pl-PL","@id":"https:\/\/www.truzzer.com\/pl\/#\/schema\/logo\/image\/","url":"https:\/\/truzzer.com\/wp-content\/uploads\/2026\/01\/truzzer-logo-black-1.svg","contentUrl":"https:\/\/truzzer.com\/wp-content\/uploads\/2026\/01\/truzzer-logo-black-1.svg","width":938,"height":199,"caption":"truzzer"},"image":{"@id":"https:\/\/www.truzzer.com\/pl\/#\/schema\/logo\/image\/"}}]}},"tiered_pricing_type":"fixed","tiered_pricing_fixed_rules":[],"tiered_pricing_product_settings":{"layout":"default","base_unit_name":{"singular":null,"plural":null},"default_variation":null},"tiered_pricing_minimum_quantity":null,"tiered_pricing_roles_data":[],"tiered_pricing_percentage_rules":[],"tiered_pricing_maximum_quantity":null,"tiered_pricing_quantity_step":null,"_links":{"self":[{"href":"https:\/\/www.truzzer.com\/pl\/wp-json\/wp\/v2\/product\/93841","targetHints":{"allow":["GET"]}}],"collection":[{"href":"https:\/\/www.truzzer.com\/pl\/wp-json\/wp\/v2\/product"}],"about":[{"href":"https:\/\/www.truzzer.com\/pl\/wp-json\/wp\/v2\/types\/product"}],"replies":[{"embeddable":true,"href":"https:\/\/www.truzzer.com\/pl\/wp-json\/wp\/v2\/comments?post=93841"}],"wp:featuredmedia":[{"embeddable":true,"href":"https:\/\/www.truzzer.com\/pl\/wp-json\/wp\/v2\/media\/93842"}],"wp:attachment":[{"href":"https:\/\/www.truzzer.com\/pl\/wp-json\/wp\/v2\/media?parent=93841"}],"wp:term":[{"taxonomy":"product_brand","embeddable":true,"href":"https:\/\/www.truzzer.com\/pl\/wp-json\/wp\/v2\/product_brand?post=93841"},{"taxonomy":"product_cat","embeddable":true,"href":"https:\/\/www.truzzer.com\/pl\/wp-json\/wp\/v2\/product_cat?post=93841"},{"taxonomy":"product_tag","embeddable":true,"href":"https:\/\/www.truzzer.com\/pl\/wp-json\/wp\/v2\/product_tag?post=93841"}],"curies":[{"name":"wp","href":"https:\/\/api.w.org\/{rel}","templated":true}]}}