{"id":94323,"date":"2026-02-01T20:06:44","date_gmt":"2026-02-01T20:06:44","guid":{"rendered":"https:\/\/beta.truzzer.com\/product\/review-us-on-google-package-minimal-cards-and-stickers\/"},"modified":"2026-02-13T08:19:04","modified_gmt":"2026-02-13T08:19:04","slug":"review-us-on-google-package-minimal-cards-and-stickers","status":"publish","type":"product","link":"https:\/\/www.truzzer.com\/pl\/produkt\/review-us-on-google-package-minimal-cards-and-stickers\/","title":{"rendered":"Oce\u0144 nas na temat pakietu Google \u201eMinimal\u201d \u2013 karty i naklejki"},"content":{"rendered":"<h2>Po prostu zdob\u0105d\u017a wi\u0119cej recenzji Google od klient\u00f3w<\/h2>\n<p>Dzi\u0119ki pakietowi recenzji truzzer Google mo\u017cesz szybciej uzyska\u0107 pozytywne recenzje od zadowolonych klient\u00f3w oraz poprawi\u0107 sw\u00f3j wizerunek i reputacj\u0119.<br \/>\nPonadto wzmacniasz wi\u0119\u017a ze swoj\u0105 firm\u0105 i sw\u00f3j ranking SEO poprzez pozytywne recenzje.<\/p>\n<p>Zestaw sk\u0142ada si\u0119 z naszych bestseller\u00f3w:<\/p>\n<ul>\n<li>100 minimalnych kart recenzyjnych Google z logo i \u0142\u0105czem do kodu QR<\/li>\n<li>5 naklejek Google (minimalny wygl\u0105d) z logo i kodem QR<\/li>\n<\/ul>\n<p><strong>Karty recenzyjne Google Minimalne<br \/>\n<\/strong><\/p>\n<p>W por\u0119cznym i jednocze\u015bnie efektownym formacie poczt\u00f3wki DIN A6 sprawisz, \u017ce recenzja online b\u0119dzie namacalna dla Twoich klient\u00f3w.<br \/>\nUmie\u015b\u0107 karty recenzji truzzer Google w torbach zakupowych swoich klient\u00f3w, wr\u0119cz je do rachunku, wy\u015blij z produktami lub postaw na sto\u0142ach w restauracji. Zako\u0144czono.<\/p>\n<p><strong>Naklejki recenzyjne Google Minimalne<br \/>\n<\/strong><\/p>\n<p>-Nadaje si\u0119 do u\u017cytku wewn\u0105trz i na zewn\u0105trz<br \/>\n&#8211; Odporny na warunki atmosferyczne<br \/>\n-Nadaje si\u0119 do ka\u017cdej g\u0142adkiej powierzchni<br \/>\n-Do sklep\u00f3w detalicznych, na drzwi lub jako naklejka na samoch\u00f3d Google<br \/>\n-Pokazuje Twoim klientom, \u017ce mog\u0105 Ci\u0119 znale\u017a\u0107 r\u00f3wnie\u017c na Google<br \/>\n&#8211; Specjalnie dla Ciebie<\/p>\n<p>Oce\u0144 nas na produktach Google jest \u0142atwy w u\u017cyciu, co chcieliby\u015bmy pokaza\u0107 poni\u017cej na przyk\u0142adzie naklejek z recenzjami.<\/p>\n<p>&nbsp;<\/p>\n<h3>Krok 1: Klient skanuje kod QR<\/h3>\n<p>Aby Ci\u0119 \u015bledzi\u0107, klient musi jedynie zeskanowa\u0107 kod QR. Wszystko, co musisz zrobi\u0107, to trzyma\u0107 aparat smartfona (nie jest wymagana dodatkowa aplikacja skanera) nad produktem.<\/p>\n<p><img decoding=\"async\" src=\"https:\/\/www.truzzer.com\/wp-content\/uploads\/2026\/02\/how-to-use-the-product-truzzer-google.jpg.webp\" class=\"alignnone wp-image-22402 size-full\" alt=\"Hand scanning a QR code for Google reviews on a smartphone.\"  > <\/p>\n<p>Na ekranie pojawi si\u0119 wyskakuj\u0105ce okienko (iPhone) lub pojawi si\u0119 kod QR (smartfony z systemem Android \/ Google).<\/p>\n<h3>Krok 2: Klient przechodzi bezpo\u015brednio do formularza recenzji Google<\/h3>\n<p>Formularz recenzji otworzy si\u0119 w przegl\u0105darce smartfona, a klient b\u0119dzie m\u00f3g\u0142 bezpo\u015brednio Ci\u0119 oceni\u0107.<\/p>\n<p>Uwaga:<br \/>\nPami\u0119taj, \u017ce aby uzyska\u0107 recenzje Google, wymagany jest profil Google Moja Firma.<\/p>\n<p>&nbsp;<\/p>\n","protected":false},"excerpt":{"rendered":"<p><strong>Spraw, aby recenzja Google by\u0142a namacalna dla Twoich klient\u00f3w<\/strong><\/p>\n<p>Pakiet recenzji truzzer Google \u201eMinimal\u201d sk\u0142adaj\u0105cy si\u0119 z absolutnych bestseller\u00f3w w naszym sklepie &#8211; 100 recenzji na kartach Google w minimalistycznym stylu i 5 naklejek Google o \u015brednicy 14,8 cm \/ 5,8 cala.<\/p>\n<p>Karty i naklejki s\u0105 spersonalizowane za pomoc\u0105 Twojego logo, a kod QR prowadzi bezpo\u015brednio do formularza recenzji na Google.<br \/>\nStworzymy i po\u0142\u0105czymy dla Ciebie kod QR do bezpo\u015bredniej oceny na Twoim profilu Google!<br \/>\nPobieramy te informacje z adresu Twojej firmy.<\/p>\n<p>Wi\u0119cej informacji na temat tego, w jaki spos\u00f3b karty mog\u0105 Ci pom\u00f3c, znajdziesz tutaj:\n<\/p>\n<p>&nbsp;<\/p>\n","protected":false},"featured_media":94324,"comment_status":"open","ping_status":"closed","template":"","meta":{"_acf_changed":false,"_yoast_wpseo_focuskw":"Opinia Google Pakiet","_yoast_wpseo_title":"Review us on Google Package \u201eMinimal\u201d- Cards an... | truzzer","_yoast_wpseo_metadesc":"Wi\u0119cej opinii Google z Review us on Google Package \u201eMinimal\u201d- Cards and Stickers od truzzer. \u0141atwa konfiguracja. Zam\u00f3w teraz!"},"product_brand":[1652],"product_cat":[518,779],"product_tag":[],"class_list":{"0":"post-94323","1":"product","2":"type-product","3":"status-publish","4":"has-post-thumbnail","6":"product_brand-google","7":"product_cat-kod-qr-produkty","8":"product_cat-opinia-google-produkty","9":"pa_industry-detailhandel","10":"pa_industry-fitness-gym","11":"pa_industry-restauracja-kawiarnia","12":"pa_material-vinyl","13":"pa_placement-recepcja-balie","14":"pa_placement-verpakking","15":"pa_placement-window-door","16":"pa_product-type-naklejka","17":"pa_technology-kod-qr","18":"pa_technology-qr-code","20":"first","21":"instock","22":"taxable","23":"shipping-taxable","24":"purchasable","25":"product-type-simple"},"acf":[],"yoast_head":"<!-- This site is optimized with the Yoast SEO plugin v27.0 - https:\/\/yoast.com\/product\/yoast-seo-wordpress\/ -->\n<title>Review us on Google Package \u201eMinimal\u201d- Cards an... | truzzer<\/title>\n<meta name=\"description\" content=\"Wi\u0119cej opinii Google z Review us on Google Package \u201eMinimal\u201d- Cards and Stickers od truzzer. \u0141atwa konfiguracja. Zam\u00f3w teraz!\" \/>\n<meta name=\"robots\" content=\"index, follow, max-snippet:-1, max-image-preview:large, max-video-preview:-1\" \/>\n<link rel=\"canonical\" href=\"https:\/\/www.truzzer.com\/pl\/produkt\/review-us-on-google-package-minimal-cards-and-stickers\/\" \/>\n<meta property=\"og:locale\" content=\"pl_PL\" \/>\n<meta property=\"og:type\" content=\"article\" \/>\n<meta property=\"og:title\" content=\"Review us on Google Package \u201eMinimal\u201d- Cards an... | truzzer\" \/>\n<meta property=\"og:description\" content=\"Wi\u0119cej opinii Google z Review us on Google Package \u201eMinimal\u201d- Cards and Stickers od truzzer. \u0141atwa konfiguracja. Zam\u00f3w teraz!\" \/>\n<meta property=\"og:url\" content=\"https:\/\/www.truzzer.com\/pl\/produkt\/review-us-on-google-package-minimal-cards-and-stickers\/\" \/>\n<meta property=\"og:site_name\" content=\"truzzer\" \/>\n<meta property=\"article:modified_time\" content=\"2026-02-13T08:19:04+00:00\" \/>\n<meta property=\"og:image\" content=\"https:\/\/www.truzzer.com\/wp-content\/uploads\/2026\/02\/review-us-on-google-package-simple-front-qr-code-truzzer-1-von-11-1.jpg\" \/>\n\t<meta property=\"og:image:width\" content=\"1400\" \/>\n\t<meta property=\"og:image:height\" content=\"1400\" \/>\n\t<meta property=\"og:image:type\" content=\"image\/jpeg\" \/>\n<meta name=\"twitter:card\" content=\"summary_large_image\" \/>\n<meta name=\"twitter:label1\" content=\"Szacowany czas czytania\" \/>\n\t<meta name=\"twitter:data1\" content=\"2 minuty\" \/>\n<script type=\"application\/ld+json\" class=\"yoast-schema-graph\">{\"@context\":\"https:\/\/schema.org\",\"@graph\":[{\"@type\":\"WebPage\",\"@id\":\"https:\/\/www.truzzer.com\/pl\/produkt\/review-us-on-google-package-minimal-cards-and-stickers\/\",\"url\":\"https:\/\/www.truzzer.com\/pl\/produkt\/review-us-on-google-package-minimal-cards-and-stickers\/\",\"name\":\"Review us on Google Package \u201eMinimal\u201d- Cards an... | truzzer\",\"isPartOf\":{\"@id\":\"https:\/\/www.truzzer.com\/pl\/#website\"},\"primaryImageOfPage\":{\"@id\":\"https:\/\/www.truzzer.com\/pl\/produkt\/review-us-on-google-package-minimal-cards-and-stickers\/#primaryimage\"},\"image\":{\"@id\":\"https:\/\/www.truzzer.com\/pl\/produkt\/review-us-on-google-package-minimal-cards-and-stickers\/#primaryimage\"},\"thumbnailUrl\":\"https:\/\/www.truzzer.com\/wp-content\/uploads\/2026\/02\/review-us-on-google-package-simple-front-qr-code-truzzer-1-von-11-1.jpg\",\"datePublished\":\"2026-02-01T20:06:44+00:00\",\"dateModified\":\"2026-02-13T08:19:04+00:00\",\"description\":\"Wi\u0119cej opinii Google z Review us on Google Package \u201eMinimal\u201d- Cards and Stickers od truzzer. \u0141atwa konfiguracja. Zam\u00f3w teraz!\",\"breadcrumb\":{\"@id\":\"https:\/\/www.truzzer.com\/pl\/produkt\/review-us-on-google-package-minimal-cards-and-stickers\/#breadcrumb\"},\"inLanguage\":\"pl-PL\",\"potentialAction\":[{\"@type\":\"ReadAction\",\"target\":[\"https:\/\/www.truzzer.com\/pl\/produkt\/review-us-on-google-package-minimal-cards-and-stickers\/\"]}]},{\"@type\":\"ImageObject\",\"inLanguage\":\"pl-PL\",\"@id\":\"https:\/\/www.truzzer.com\/pl\/produkt\/review-us-on-google-package-minimal-cards-and-stickers\/#primaryimage\",\"url\":\"https:\/\/www.truzzer.com\/wp-content\/uploads\/2026\/02\/review-us-on-google-package-simple-front-qr-code-truzzer-1-von-11-1.jpg\",\"contentUrl\":\"https:\/\/www.truzzer.com\/wp-content\/uploads\/2026\/02\/review-us-on-google-package-simple-front-qr-code-truzzer-1-von-11-1.jpg\",\"width\":1400,\"height\":1400},{\"@type\":\"BreadcrumbList\",\"@id\":\"https:\/\/www.truzzer.com\/pl\/produkt\/review-us-on-google-package-minimal-cards-and-stickers\/#breadcrumb\",\"itemListElement\":[{\"@type\":\"ListItem\",\"position\":1,\"name\":\"Home\",\"item\":\"https:\/\/www.truzzer.com\/pl\/\"},{\"@type\":\"ListItem\",\"position\":2,\"name\":\"Sklep\",\"item\":\"https:\/\/www.truzzer.com\/pl\/sklep\/\"},{\"@type\":\"ListItem\",\"position\":3,\"name\":\"Oce\u0144 nas na temat pakietu Google \u201eMinimal\u201d \u2013 karty i naklejki\"}]},{\"@type\":\"WebSite\",\"@id\":\"https:\/\/www.truzzer.com\/pl\/#website\",\"url\":\"https:\/\/www.truzzer.com\/pl\/\",\"name\":\"truzzer\",\"description\":\"Experts for customer trust\",\"publisher\":{\"@id\":\"https:\/\/www.truzzer.com\/pl\/#organization\"},\"potentialAction\":[{\"@type\":\"SearchAction\",\"target\":{\"@type\":\"EntryPoint\",\"urlTemplate\":\"https:\/\/www.truzzer.com\/pl\/?s={search_term_string}\"},\"query-input\":{\"@type\":\"PropertyValueSpecification\",\"valueRequired\":true,\"valueName\":\"search_term_string\"}}],\"inLanguage\":\"pl-PL\"},{\"@type\":\"Organization\",\"@id\":\"https:\/\/www.truzzer.com\/pl\/#organization\",\"name\":\"truzzer\",\"url\":\"https:\/\/www.truzzer.com\/pl\/\",\"logo\":{\"@type\":\"ImageObject\",\"inLanguage\":\"pl-PL\",\"@id\":\"https:\/\/www.truzzer.com\/pl\/#\/schema\/logo\/image\/\",\"url\":\"https:\/\/truzzer.com\/wp-content\/uploads\/2026\/01\/truzzer-logo-black-1.svg\",\"contentUrl\":\"https:\/\/truzzer.com\/wp-content\/uploads\/2026\/01\/truzzer-logo-black-1.svg\",\"width\":938,\"height\":199,\"caption\":\"truzzer\"},\"image\":{\"@id\":\"https:\/\/www.truzzer.com\/pl\/#\/schema\/logo\/image\/\"}}]}<\/script>\n<!-- \/ Yoast SEO plugin. -->","yoast_head_json":{"title":"Review us on Google Package \u201eMinimal\u201d- Cards an... | truzzer","description":"Wi\u0119cej opinii Google z Review us on Google Package \u201eMinimal\u201d- Cards and Stickers od truzzer. \u0141atwa konfiguracja. Zam\u00f3w teraz!","robots":{"index":"index","follow":"follow","max-snippet":"max-snippet:-1","max-image-preview":"max-image-preview:large","max-video-preview":"max-video-preview:-1"},"canonical":"https:\/\/www.truzzer.com\/pl\/produkt\/review-us-on-google-package-minimal-cards-and-stickers\/","og_locale":"pl_PL","og_type":"article","og_title":"Review us on Google Package \u201eMinimal\u201d- Cards an... | truzzer","og_description":"Wi\u0119cej opinii Google z Review us on Google Package \u201eMinimal\u201d- Cards and Stickers od truzzer. \u0141atwa konfiguracja. Zam\u00f3w teraz!","og_url":"https:\/\/www.truzzer.com\/pl\/produkt\/review-us-on-google-package-minimal-cards-and-stickers\/","og_site_name":"truzzer","article_modified_time":"2026-02-13T08:19:04+00:00","og_image":[{"width":1400,"height":1400,"url":"https:\/\/www.truzzer.com\/wp-content\/uploads\/2026\/02\/review-us-on-google-package-simple-front-qr-code-truzzer-1-von-11-1.jpg","type":"image\/jpeg"}],"twitter_card":"summary_large_image","twitter_misc":{"Szacowany czas czytania":"2 minuty"},"schema":{"@context":"https:\/\/schema.org","@graph":[{"@type":"WebPage","@id":"https:\/\/www.truzzer.com\/pl\/produkt\/review-us-on-google-package-minimal-cards-and-stickers\/","url":"https:\/\/www.truzzer.com\/pl\/produkt\/review-us-on-google-package-minimal-cards-and-stickers\/","name":"Review us on Google Package \u201eMinimal\u201d- Cards an... | truzzer","isPartOf":{"@id":"https:\/\/www.truzzer.com\/pl\/#website"},"primaryImageOfPage":{"@id":"https:\/\/www.truzzer.com\/pl\/produkt\/review-us-on-google-package-minimal-cards-and-stickers\/#primaryimage"},"image":{"@id":"https:\/\/www.truzzer.com\/pl\/produkt\/review-us-on-google-package-minimal-cards-and-stickers\/#primaryimage"},"thumbnailUrl":"https:\/\/www.truzzer.com\/wp-content\/uploads\/2026\/02\/review-us-on-google-package-simple-front-qr-code-truzzer-1-von-11-1.jpg","datePublished":"2026-02-01T20:06:44+00:00","dateModified":"2026-02-13T08:19:04+00:00","description":"Wi\u0119cej opinii Google z Review us on Google Package \u201eMinimal\u201d- Cards and Stickers od truzzer. \u0141atwa konfiguracja. Zam\u00f3w teraz!","breadcrumb":{"@id":"https:\/\/www.truzzer.com\/pl\/produkt\/review-us-on-google-package-minimal-cards-and-stickers\/#breadcrumb"},"inLanguage":"pl-PL","potentialAction":[{"@type":"ReadAction","target":["https:\/\/www.truzzer.com\/pl\/produkt\/review-us-on-google-package-minimal-cards-and-stickers\/"]}]},{"@type":"ImageObject","inLanguage":"pl-PL","@id":"https:\/\/www.truzzer.com\/pl\/produkt\/review-us-on-google-package-minimal-cards-and-stickers\/#primaryimage","url":"https:\/\/www.truzzer.com\/wp-content\/uploads\/2026\/02\/review-us-on-google-package-simple-front-qr-code-truzzer-1-von-11-1.jpg","contentUrl":"https:\/\/www.truzzer.com\/wp-content\/uploads\/2026\/02\/review-us-on-google-package-simple-front-qr-code-truzzer-1-von-11-1.jpg","width":1400,"height":1400},{"@type":"BreadcrumbList","@id":"https:\/\/www.truzzer.com\/pl\/produkt\/review-us-on-google-package-minimal-cards-and-stickers\/#breadcrumb","itemListElement":[{"@type":"ListItem","position":1,"name":"Home","item":"https:\/\/www.truzzer.com\/pl\/"},{"@type":"ListItem","position":2,"name":"Sklep","item":"https:\/\/www.truzzer.com\/pl\/sklep\/"},{"@type":"ListItem","position":3,"name":"Oce\u0144 nas na temat pakietu Google \u201eMinimal\u201d \u2013 karty i naklejki"}]},{"@type":"WebSite","@id":"https:\/\/www.truzzer.com\/pl\/#website","url":"https:\/\/www.truzzer.com\/pl\/","name":"truzzer","description":"Experts for customer trust","publisher":{"@id":"https:\/\/www.truzzer.com\/pl\/#organization"},"potentialAction":[{"@type":"SearchAction","target":{"@type":"EntryPoint","urlTemplate":"https:\/\/www.truzzer.com\/pl\/?s={search_term_string}"},"query-input":{"@type":"PropertyValueSpecification","valueRequired":true,"valueName":"search_term_string"}}],"inLanguage":"pl-PL"},{"@type":"Organization","@id":"https:\/\/www.truzzer.com\/pl\/#organization","name":"truzzer","url":"https:\/\/www.truzzer.com\/pl\/","logo":{"@type":"ImageObject","inLanguage":"pl-PL","@id":"https:\/\/www.truzzer.com\/pl\/#\/schema\/logo\/image\/","url":"https:\/\/truzzer.com\/wp-content\/uploads\/2026\/01\/truzzer-logo-black-1.svg","contentUrl":"https:\/\/truzzer.com\/wp-content\/uploads\/2026\/01\/truzzer-logo-black-1.svg","width":938,"height":199,"caption":"truzzer"},"image":{"@id":"https:\/\/www.truzzer.com\/pl\/#\/schema\/logo\/image\/"}}]}},"tiered_pricing_type":"fixed","tiered_pricing_fixed_rules":[],"tiered_pricing_product_settings":{"layout":"default","base_unit_name":{"singular":null,"plural":null},"default_variation":null},"tiered_pricing_minimum_quantity":null,"tiered_pricing_roles_data":[],"tiered_pricing_percentage_rules":[],"tiered_pricing_maximum_quantity":null,"tiered_pricing_quantity_step":null,"_links":{"self":[{"href":"https:\/\/www.truzzer.com\/pl\/wp-json\/wp\/v2\/product\/94323","targetHints":{"allow":["GET"]}}],"collection":[{"href":"https:\/\/www.truzzer.com\/pl\/wp-json\/wp\/v2\/product"}],"about":[{"href":"https:\/\/www.truzzer.com\/pl\/wp-json\/wp\/v2\/types\/product"}],"replies":[{"embeddable":true,"href":"https:\/\/www.truzzer.com\/pl\/wp-json\/wp\/v2\/comments?post=94323"}],"wp:featuredmedia":[{"embeddable":true,"href":"https:\/\/www.truzzer.com\/pl\/wp-json\/wp\/v2\/media\/94324"}],"wp:attachment":[{"href":"https:\/\/www.truzzer.com\/pl\/wp-json\/wp\/v2\/media?parent=94323"}],"wp:term":[{"taxonomy":"product_brand","embeddable":true,"href":"https:\/\/www.truzzer.com\/pl\/wp-json\/wp\/v2\/product_brand?post=94323"},{"taxonomy":"product_cat","embeddable":true,"href":"https:\/\/www.truzzer.com\/pl\/wp-json\/wp\/v2\/product_cat?post=94323"},{"taxonomy":"product_tag","embeddable":true,"href":"https:\/\/www.truzzer.com\/pl\/wp-json\/wp\/v2\/product_tag?post=94323"}],"curies":[{"name":"wp","href":"https:\/\/api.w.org\/{rel}","templated":true}]}}