{"id":94367,"date":"2026-02-01T20:06:36","date_gmt":"2026-02-01T20:06:36","guid":{"rendered":"https:\/\/beta.truzzer.com\/product\/follow-us-on-facebook-business-card\/"},"modified":"2026-02-13T08:20:24","modified_gmt":"2026-02-13T08:20:24","slug":"follow-us-on-facebook-business-card","status":"publish","type":"product","link":"https:\/\/www.truzzer.com\/pl\/produkt\/follow-us-on-facebook-business-card\/","title":{"rendered":"\u015aled\u017a nas na wizyt\u00f3wce Facebook"},"content":{"rendered":"<h2>Po prostu zamie\u0144 klient\u00f3w w obserwuj\u0105cych<\/h2>\n<p>Dzi\u0119ki truzzer \u015aled\u017a nas na wizyt\u00f3wkach Facebook, mo\u017cesz \u0142atwo zmieni\u0107 swoich klient\u00f3w w prawdziwych subskrybent\u00f3w Facebook, kt\u00f3rzy s\u0105 naprawd\u0119 zainteresowani Twoj\u0105 ofert\u0105 i Twoimi tre\u015bciami.<br \/>\nW ten spos\u00f3b mo\u017cesz skutecznie zwi\u0105za\u0107 swoj\u0105 grup\u0119 docelow\u0105.<\/p>\n<p>W por\u0119cznym formacie wizyt\u00f3wki mo\u017cesz udost\u0119pni\u0107 sw\u00f3j profil Facebook swoim klientom, bez konieczno\u015bci ich wyszukiwania.<br \/>\nUmie\u015b\u0107 karty truzzer Facebook w torbach zakupowych swoich klient\u00f3w, wr\u0119cz je do rachunku, wy\u015blij je ze swoimi produktami lub postaw na sto\u0142ach w restauracji. Zako\u0144czono.<\/p>\n<p>Kod QR przenosi klient\u00f3w bezpo\u015brednio do Twojego profilu Facebook bez konieczno\u015bci szukania Ci\u0119.<\/p>\n<p>Mo\u017cesz \u0142atwo spersonalizowa\u0107 karty Instagram swoim logo i dostosowa\u0107 je do swojej firmy.<\/p>\n<p><strong>Uwaga:<\/strong><br \/>\nPami\u0119taj, \u017ce aby pozyska\u0107 obserwuj\u0105cych, potrzebujesz w\u0142asnego profilu Facebook.<\/p>\n<p>&nbsp;<\/p>\n","protected":false},"excerpt":{"rendered":"<p>U\u0142atw swoim klientom \u015bledzenie Ci\u0119 na Facebook dzi\u0119ki \u201eczystym\u201d wizyt\u00f3wkom Facebook w zmniejszonym i aktualnym wygl\u0105dzie Facebook, kt\u00f3ry pasuje do ka\u017cdej firmy.<br \/>\nPo\u0142\u0105czymy dla Ciebie kod QR z Twoim profilem Facebook!<br \/>\n i wprowad\u017a swoj\u0105 nazw\u0119 u\u017cytkownika na Facebooku.<\/p>\n","protected":false},"featured_media":94368,"comment_status":"open","ping_status":"closed","template":"","meta":{"_acf_changed":false,"_yoast_wpseo_focuskw":"Facebook Wizyt\u00f3wka","_yoast_wpseo_title":"Follow us on Facebook business card | truzzer","_yoast_wpseo_metadesc":"Wi\u0119cej obserwuj\u0105cych Facebook z Follow us on Facebook business card od truzzer. \u0141atwa konfiguracja, gotowe do u\u017cycia. Zam\u00f3w teraz!"},"product_brand":[1649],"product_cat":[1159,1160,1161,518,608],"product_tag":[],"class_list":{"0":"post-94367","1":"product","2":"type-product","3":"status-publish","4":"has-post-thumbnail","6":"product_brand-facebook","7":"product_cat-fani-facebook-produkty","8":"product_cat-fani-facebook-wizytowki","9":"product_cat-fani-facebook-wizytowki-z-kodem-qr","10":"product_cat-kod-qr-produkty","11":"product_cat-kod-qr-wizytowki","12":"pa_industry-biuro-doradztwo","13":"pa_industry-lokale-diensten","14":"pa_industry-onroerend-go","15":"pa_material-karton","16":"pa_placement-broszura","17":"pa_placement-portemonnee-personlijk","18":"pa_placement-recepcja-balie","19":"pa_product-type-odwiedzekaartjes","20":"pa_technology-qr-code","22":"first","23":"instock","24":"taxable","25":"shipping-taxable","26":"purchasable","27":"product-type-simple"},"acf":[],"yoast_head":"<!-- This site is optimized with the Yoast SEO plugin v27.0 - https:\/\/yoast.com\/product\/yoast-seo-wordpress\/ -->\n<title>Follow us on Facebook business card | truzzer<\/title>\n<meta name=\"description\" content=\"Wi\u0119cej obserwuj\u0105cych Facebook z Follow us on Facebook business card od truzzer. \u0141atwa konfiguracja, gotowe do u\u017cycia. Zam\u00f3w teraz!\" \/>\n<meta name=\"robots\" content=\"index, follow, max-snippet:-1, max-image-preview:large, max-video-preview:-1\" \/>\n<link rel=\"canonical\" href=\"https:\/\/www.truzzer.com\/pl\/produkt\/follow-us-on-facebook-business-card\/\" \/>\n<meta property=\"og:locale\" content=\"pl_PL\" \/>\n<meta property=\"og:type\" content=\"article\" \/>\n<meta property=\"og:title\" content=\"Follow us on Facebook business card | truzzer\" \/>\n<meta property=\"og:description\" content=\"Wi\u0119cej obserwuj\u0105cych Facebook z Follow us on Facebook business card od truzzer. \u0141atwa konfiguracja, gotowe do u\u017cycia. Zam\u00f3w teraz!\" \/>\n<meta property=\"og:url\" content=\"https:\/\/www.truzzer.com\/pl\/produkt\/follow-us-on-facebook-business-card\/\" \/>\n<meta property=\"og:site_name\" content=\"truzzer\" \/>\n<meta property=\"article:modified_time\" content=\"2026-02-13T08:20:24+00:00\" \/>\n<meta property=\"og:image\" content=\"https:\/\/www.truzzer.com\/wp-content\/uploads\/2026\/02\/follow-us-on-facebook-business-card-qr-code-s-1.jpg\" \/>\n\t<meta property=\"og:image:width\" content=\"1400\" \/>\n\t<meta property=\"og:image:height\" content=\"1400\" \/>\n\t<meta property=\"og:image:type\" content=\"image\/jpeg\" \/>\n<meta name=\"twitter:card\" content=\"summary_large_image\" \/>\n<meta name=\"twitter:label1\" content=\"Szacowany czas czytania\" \/>\n\t<meta name=\"twitter:data1\" content=\"1 minuta\" \/>\n<script type=\"application\/ld+json\" class=\"yoast-schema-graph\">{\"@context\":\"https:\/\/schema.org\",\"@graph\":[{\"@type\":\"WebPage\",\"@id\":\"https:\/\/www.truzzer.com\/pl\/produkt\/follow-us-on-facebook-business-card\/\",\"url\":\"https:\/\/www.truzzer.com\/pl\/produkt\/follow-us-on-facebook-business-card\/\",\"name\":\"Follow us on Facebook business card | truzzer\",\"isPartOf\":{\"@id\":\"https:\/\/www.truzzer.com\/pl\/#website\"},\"primaryImageOfPage\":{\"@id\":\"https:\/\/www.truzzer.com\/pl\/produkt\/follow-us-on-facebook-business-card\/#primaryimage\"},\"image\":{\"@id\":\"https:\/\/www.truzzer.com\/pl\/produkt\/follow-us-on-facebook-business-card\/#primaryimage\"},\"thumbnailUrl\":\"https:\/\/www.truzzer.com\/wp-content\/uploads\/2026\/02\/follow-us-on-facebook-business-card-qr-code-s-1.jpg\",\"datePublished\":\"2026-02-01T20:06:36+00:00\",\"dateModified\":\"2026-02-13T08:20:24+00:00\",\"description\":\"Wi\u0119cej obserwuj\u0105cych Facebook z Follow us on Facebook business card od truzzer. \u0141atwa konfiguracja, gotowe do u\u017cycia. Zam\u00f3w teraz!\",\"breadcrumb\":{\"@id\":\"https:\/\/www.truzzer.com\/pl\/produkt\/follow-us-on-facebook-business-card\/#breadcrumb\"},\"inLanguage\":\"pl-PL\",\"potentialAction\":[{\"@type\":\"ReadAction\",\"target\":[\"https:\/\/www.truzzer.com\/pl\/produkt\/follow-us-on-facebook-business-card\/\"]}]},{\"@type\":\"ImageObject\",\"inLanguage\":\"pl-PL\",\"@id\":\"https:\/\/www.truzzer.com\/pl\/produkt\/follow-us-on-facebook-business-card\/#primaryimage\",\"url\":\"https:\/\/www.truzzer.com\/wp-content\/uploads\/2026\/02\/follow-us-on-facebook-business-card-qr-code-s-1.jpg\",\"contentUrl\":\"https:\/\/www.truzzer.com\/wp-content\/uploads\/2026\/02\/follow-us-on-facebook-business-card-qr-code-s-1.jpg\",\"width\":1400,\"height\":1400},{\"@type\":\"BreadcrumbList\",\"@id\":\"https:\/\/www.truzzer.com\/pl\/produkt\/follow-us-on-facebook-business-card\/#breadcrumb\",\"itemListElement\":[{\"@type\":\"ListItem\",\"position\":1,\"name\":\"Home\",\"item\":\"https:\/\/www.truzzer.com\/pl\/\"},{\"@type\":\"ListItem\",\"position\":2,\"name\":\"Sklep\",\"item\":\"https:\/\/www.truzzer.com\/pl\/sklep\/\"},{\"@type\":\"ListItem\",\"position\":3,\"name\":\"\u015aled\u017a nas na wizyt\u00f3wce Facebook\"}]},{\"@type\":\"WebSite\",\"@id\":\"https:\/\/www.truzzer.com\/pl\/#website\",\"url\":\"https:\/\/www.truzzer.com\/pl\/\",\"name\":\"truzzer\",\"description\":\"Experts for customer trust\",\"publisher\":{\"@id\":\"https:\/\/www.truzzer.com\/pl\/#organization\"},\"potentialAction\":[{\"@type\":\"SearchAction\",\"target\":{\"@type\":\"EntryPoint\",\"urlTemplate\":\"https:\/\/www.truzzer.com\/pl\/?s={search_term_string}\"},\"query-input\":{\"@type\":\"PropertyValueSpecification\",\"valueRequired\":true,\"valueName\":\"search_term_string\"}}],\"inLanguage\":\"pl-PL\"},{\"@type\":\"Organization\",\"@id\":\"https:\/\/www.truzzer.com\/pl\/#organization\",\"name\":\"truzzer\",\"url\":\"https:\/\/www.truzzer.com\/pl\/\",\"logo\":{\"@type\":\"ImageObject\",\"inLanguage\":\"pl-PL\",\"@id\":\"https:\/\/www.truzzer.com\/pl\/#\/schema\/logo\/image\/\",\"url\":\"https:\/\/truzzer.com\/wp-content\/uploads\/2026\/01\/truzzer-logo-black-1.svg\",\"contentUrl\":\"https:\/\/truzzer.com\/wp-content\/uploads\/2026\/01\/truzzer-logo-black-1.svg\",\"width\":938,\"height\":199,\"caption\":\"truzzer\"},\"image\":{\"@id\":\"https:\/\/www.truzzer.com\/pl\/#\/schema\/logo\/image\/\"}}]}<\/script>\n<!-- \/ Yoast SEO plugin. -->","yoast_head_json":{"title":"Follow us on Facebook business card | truzzer","description":"Wi\u0119cej obserwuj\u0105cych Facebook z Follow us on Facebook business card od truzzer. \u0141atwa konfiguracja, gotowe do u\u017cycia. Zam\u00f3w teraz!","robots":{"index":"index","follow":"follow","max-snippet":"max-snippet:-1","max-image-preview":"max-image-preview:large","max-video-preview":"max-video-preview:-1"},"canonical":"https:\/\/www.truzzer.com\/pl\/produkt\/follow-us-on-facebook-business-card\/","og_locale":"pl_PL","og_type":"article","og_title":"Follow us on Facebook business card | truzzer","og_description":"Wi\u0119cej obserwuj\u0105cych Facebook z Follow us on Facebook business card od truzzer. \u0141atwa konfiguracja, gotowe do u\u017cycia. Zam\u00f3w teraz!","og_url":"https:\/\/www.truzzer.com\/pl\/produkt\/follow-us-on-facebook-business-card\/","og_site_name":"truzzer","article_modified_time":"2026-02-13T08:20:24+00:00","og_image":[{"width":1400,"height":1400,"url":"https:\/\/www.truzzer.com\/wp-content\/uploads\/2026\/02\/follow-us-on-facebook-business-card-qr-code-s-1.jpg","type":"image\/jpeg"}],"twitter_card":"summary_large_image","twitter_misc":{"Szacowany czas czytania":"1 minuta"},"schema":{"@context":"https:\/\/schema.org","@graph":[{"@type":"WebPage","@id":"https:\/\/www.truzzer.com\/pl\/produkt\/follow-us-on-facebook-business-card\/","url":"https:\/\/www.truzzer.com\/pl\/produkt\/follow-us-on-facebook-business-card\/","name":"Follow us on Facebook business card | truzzer","isPartOf":{"@id":"https:\/\/www.truzzer.com\/pl\/#website"},"primaryImageOfPage":{"@id":"https:\/\/www.truzzer.com\/pl\/produkt\/follow-us-on-facebook-business-card\/#primaryimage"},"image":{"@id":"https:\/\/www.truzzer.com\/pl\/produkt\/follow-us-on-facebook-business-card\/#primaryimage"},"thumbnailUrl":"https:\/\/www.truzzer.com\/wp-content\/uploads\/2026\/02\/follow-us-on-facebook-business-card-qr-code-s-1.jpg","datePublished":"2026-02-01T20:06:36+00:00","dateModified":"2026-02-13T08:20:24+00:00","description":"Wi\u0119cej obserwuj\u0105cych Facebook z Follow us on Facebook business card od truzzer. \u0141atwa konfiguracja, gotowe do u\u017cycia. Zam\u00f3w teraz!","breadcrumb":{"@id":"https:\/\/www.truzzer.com\/pl\/produkt\/follow-us-on-facebook-business-card\/#breadcrumb"},"inLanguage":"pl-PL","potentialAction":[{"@type":"ReadAction","target":["https:\/\/www.truzzer.com\/pl\/produkt\/follow-us-on-facebook-business-card\/"]}]},{"@type":"ImageObject","inLanguage":"pl-PL","@id":"https:\/\/www.truzzer.com\/pl\/produkt\/follow-us-on-facebook-business-card\/#primaryimage","url":"https:\/\/www.truzzer.com\/wp-content\/uploads\/2026\/02\/follow-us-on-facebook-business-card-qr-code-s-1.jpg","contentUrl":"https:\/\/www.truzzer.com\/wp-content\/uploads\/2026\/02\/follow-us-on-facebook-business-card-qr-code-s-1.jpg","width":1400,"height":1400},{"@type":"BreadcrumbList","@id":"https:\/\/www.truzzer.com\/pl\/produkt\/follow-us-on-facebook-business-card\/#breadcrumb","itemListElement":[{"@type":"ListItem","position":1,"name":"Home","item":"https:\/\/www.truzzer.com\/pl\/"},{"@type":"ListItem","position":2,"name":"Sklep","item":"https:\/\/www.truzzer.com\/pl\/sklep\/"},{"@type":"ListItem","position":3,"name":"\u015aled\u017a nas na wizyt\u00f3wce Facebook"}]},{"@type":"WebSite","@id":"https:\/\/www.truzzer.com\/pl\/#website","url":"https:\/\/www.truzzer.com\/pl\/","name":"truzzer","description":"Experts for customer trust","publisher":{"@id":"https:\/\/www.truzzer.com\/pl\/#organization"},"potentialAction":[{"@type":"SearchAction","target":{"@type":"EntryPoint","urlTemplate":"https:\/\/www.truzzer.com\/pl\/?s={search_term_string}"},"query-input":{"@type":"PropertyValueSpecification","valueRequired":true,"valueName":"search_term_string"}}],"inLanguage":"pl-PL"},{"@type":"Organization","@id":"https:\/\/www.truzzer.com\/pl\/#organization","name":"truzzer","url":"https:\/\/www.truzzer.com\/pl\/","logo":{"@type":"ImageObject","inLanguage":"pl-PL","@id":"https:\/\/www.truzzer.com\/pl\/#\/schema\/logo\/image\/","url":"https:\/\/truzzer.com\/wp-content\/uploads\/2026\/01\/truzzer-logo-black-1.svg","contentUrl":"https:\/\/truzzer.com\/wp-content\/uploads\/2026\/01\/truzzer-logo-black-1.svg","width":938,"height":199,"caption":"truzzer"},"image":{"@id":"https:\/\/www.truzzer.com\/pl\/#\/schema\/logo\/image\/"}}]}},"tiered_pricing_type":"fixed","tiered_pricing_fixed_rules":[],"tiered_pricing_product_settings":{"layout":"default","base_unit_name":{"singular":null,"plural":null},"default_variation":null},"tiered_pricing_minimum_quantity":null,"tiered_pricing_roles_data":[],"tiered_pricing_percentage_rules":[],"tiered_pricing_maximum_quantity":null,"tiered_pricing_quantity_step":null,"_links":{"self":[{"href":"https:\/\/www.truzzer.com\/pl\/wp-json\/wp\/v2\/product\/94367","targetHints":{"allow":["GET"]}}],"collection":[{"href":"https:\/\/www.truzzer.com\/pl\/wp-json\/wp\/v2\/product"}],"about":[{"href":"https:\/\/www.truzzer.com\/pl\/wp-json\/wp\/v2\/types\/product"}],"replies":[{"embeddable":true,"href":"https:\/\/www.truzzer.com\/pl\/wp-json\/wp\/v2\/comments?post=94367"}],"wp:featuredmedia":[{"embeddable":true,"href":"https:\/\/www.truzzer.com\/pl\/wp-json\/wp\/v2\/media\/94368"}],"wp:attachment":[{"href":"https:\/\/www.truzzer.com\/pl\/wp-json\/wp\/v2\/media?parent=94367"}],"wp:term":[{"taxonomy":"product_brand","embeddable":true,"href":"https:\/\/www.truzzer.com\/pl\/wp-json\/wp\/v2\/product_brand?post=94367"},{"taxonomy":"product_cat","embeddable":true,"href":"https:\/\/www.truzzer.com\/pl\/wp-json\/wp\/v2\/product_cat?post=94367"},{"taxonomy":"product_tag","embeddable":true,"href":"https:\/\/www.truzzer.com\/pl\/wp-json\/wp\/v2\/product_tag?post=94367"}],"curies":[{"name":"wp","href":"https:\/\/api.w.org\/{rel}","templated":true}]}}