{"id":94468,"date":"2026-02-01T20:05:50","date_gmt":"2026-02-01T20:05:50","guid":{"rendered":"https:\/\/beta.truzzer.com\/product\/google-review-card-square\/"},"modified":"2026-02-13T08:24:13","modified_gmt":"2026-02-13T08:24:13","slug":"google-review-card-square","status":"publish","type":"product","link":"https:\/\/www.truzzer.com\/pl\/produkt\/google-review-card-square\/","title":{"rendered":"Google Kwadratowa karta recenzyjna"},"content":{"rendered":"<h2>Uzyskaj prostot\u0119 i obs\u0142ug\u0119 Google dla cz\u0119\u015bci klient\u00f3w<\/h2>\n<p>Avec les cartes d&#8217;avis Google truzzer, mo\u017cesz uzyska\u0107 wi\u0119cej plus szybkie pozytywne opinie klient\u00f3w Google, aby zadowoli\u0107 i poprawi\u0107 obraz i reputacj\u0119.<br \/>\nW ten spos\u00f3b mo\u017cesz zwi\u0119kszy\u0107 swoje zastawy przedsi\u0119biorczo\u015bci i mn\u00f3stwo klas SEO, aby uzyska\u0107 pozytywne korzy\u015bci.<\/p>\n<p>Dans le format carr\u00e9 pratique et en m\u00eame temps frappant, tu rends l&#8217;avis en ligne namacalny dla klient\u00f3w.<br \/>\nMets les cartes d&#8217;avis truzzer Google zapewnia obs\u0142ug\u0119 dostaw dla klient\u00f3w, przesy\u0142anie dodatk\u00f3w, wysy\u0142anie produkt\u00f3w do miejsca na sto\u0142ach w restauracji. Fini.<\/p>\n<p>Kod QR jest skierowany do klient\u00f3w skierowanych do wielu klient\u00f3w Google, kt\u00f3rzy mog\u0105 pom\u00f3c Ci uzyska\u0107 dost\u0119p do Google. C&#8217;est ainsi que tu r\u00e9duis les sauts dans le procesus de r\u00e9vision de Google.<\/p>\n<p>Twoja funkcja umo\u017cliwia personalizacj\u0119 kart avis Google z jednym logo i adapterem dla wielu przedsi\u0119biorstw.<\/p>\n<p>&nbsp;<\/p>\n<p>Produkty Przejrzyj nas na Google, kt\u00f3re s\u0105 \u0142atwe do wykorzystania, ce que nous aimerions te montrer ci-dessous en przy u\u017cyciu przyk\u0142adu autocollants de r\u00e9vision.<\/p>\n<p>&nbsp;<\/p>\n<h3>Ta\u015bma 1: Klient skanuje kod QR<\/h3>\n<p>Wybierz klienta, kt\u00f3ry mo\u017ce skanerowa\u0107 kod QR. Tout ce que tu dois faire, c&#8217;est tenir l&#8217;appareil photo du Smartphone (pas besoin d&#8217;application Scanner suppl\u00e9mentaire) au-dessus du produit.<\/p>\n<p><img decoding=\"async\" src=\"https:\/\/www.truzzer.com\/wp-content\/uploads\/2026\/02\/how-to-use-the-product-truzzer-google.jpg.webp\" class=\"alignnone wp-image-22402 size-full\" alt=\"Hand scanning a QR code for Google reviews on a smartphone.\"  > <\/p>\n<p>Wyskakuj\u0105ce okienko do aplikacji na iPhone&#8217;a lub do kodu QR (smartfony z systemem Android \/ Google).<\/p>\n<h3>Tape 2: Klient mo\u017ce otrzyma\u0107 skierowanie na formu\u0142\u0119 Google.<\/h3>\n<p>Formu\u0142a wyceny, kt\u00f3ra umo\u017cliwia nawigacj\u0119 po smartfonach i kierowanie klientem.<\/p>\n<p>Avis:<br \/>\nTw\u00f3j profil Google My Business jest niezb\u0119dny do uzyskania dost\u0119pu do Google.<\/p>\n<p>&nbsp;<\/p>\n","protected":false},"excerpt":{"rendered":"<p>Wykorzystuje Google namacalnie dla klient\u00f3w i doradc\u00f3w ds. warto\u015bciowania na Google z kartami d&#8217;avis Google \u201eSquare\u201d; au design r\u00e9duit et attrayant qui s&#8217;adaptent parfaitement \u00e0 toute entreprise.<br \/>\nWystarczy, \u017ce przeka\u017cesz karty dla klient\u00f3w, wy\u015blesz je do magazynu lub otrzymasz ton sac \u00e0 prowianty.<br \/>\nKlienci ci mog\u0105 otrzyma\u0107 \u017c\u0105danie sur toi i nie b\u0119d\u0105 przekazywa\u0107 la cam\u00e9ra de leur smartfon sur le code QR pour t\u00e9valuer directement.<\/p>\n<p>Dzi\u0119ki temu Twojemu logo, kt\u00f3re jest personalizowane, au recto et au verso et le code QR jest kierowane do tej formu\u0142y d&#8217;avis sur Google.<br \/>\nNowy kod i kod QR do bezpo\u015bredniej oceny profilu Google do !<br \/>\nNous prenons ces Information \u00e0 partir de l&#8217;adres de ton entreprise.<\/p>\n<p>Ajoute ton logo en utilisant la function de t\u00e9l\u00e9chargement.<\/p>\n","protected":false},"featured_media":94469,"comment_status":"open","ping_status":"closed","template":"","meta":{"_acf_changed":false,"_yoast_wpseo_focuskw":"Opinia Google Wizyt\u00f3wka","_yoast_wpseo_title":"Google Review Card Square | truzzer","_yoast_wpseo_metadesc":"Wi\u0119cej 5-gwiazdkowych opinii Google z Google Review Card Square od truzzer. \u0141atwa konfiguracja, gotowe do u\u017cycia. Zam\u00f3w teraz!"},"product_brand":[1652],"product_cat":[782,518,781],"product_tag":[],"class_list":{"0":"post-94468","1":"product","2":"type-product","3":"status-publish","4":"has-post-thumbnail","6":"product_brand-google","7":"product_cat-kod-qr-karty","8":"product_cat-kod-qr-produkty","9":"product_cat-opinia-google-karty-opinii-z-kodem-qr","10":"pa_industry-autodealer","11":"pa_industry-detailhandel","12":"pa_industry-schoonheidssalon","13":"pa_material-karton","14":"pa_placement-bon","15":"pa_placement-broszura","16":"pa_placement-verpakking","17":"pa_product-type-kaarten","18":"pa_shape-rechthoek","19":"pa_technology-kod-qr","20":"pa_technology-qr-code","22":"first","23":"instock","24":"taxable","25":"shipping-taxable","26":"purchasable","27":"product-type-simple"},"acf":[],"yoast_head":"<!-- This site is optimized with the Yoast SEO plugin v27.0 - https:\/\/yoast.com\/product\/yoast-seo-wordpress\/ -->\n<title>Google Review Card Square | truzzer<\/title>\n<meta name=\"description\" content=\"Wi\u0119cej 5-gwiazdkowych opinii Google z Google Review Card Square od truzzer. \u0141atwa konfiguracja, gotowe do u\u017cycia. Zam\u00f3w teraz!\" \/>\n<meta name=\"robots\" content=\"index, follow, max-snippet:-1, max-image-preview:large, max-video-preview:-1\" \/>\n<link rel=\"canonical\" href=\"https:\/\/www.truzzer.com\/pl\/produkt\/google-review-card-square\/\" \/>\n<meta property=\"og:locale\" content=\"pl_PL\" \/>\n<meta property=\"og:type\" content=\"article\" \/>\n<meta property=\"og:title\" content=\"Google Review Card Square | truzzer\" \/>\n<meta property=\"og:description\" content=\"Wi\u0119cej 5-gwiazdkowych opinii Google z Google Review Card Square od truzzer. \u0141atwa konfiguracja, gotowe do u\u017cycia. Zam\u00f3w teraz!\" \/>\n<meta property=\"og:url\" content=\"https:\/\/www.truzzer.com\/pl\/produkt\/google-review-card-square\/\" \/>\n<meta property=\"og:site_name\" content=\"truzzer\" \/>\n<meta property=\"article:modified_time\" content=\"2026-02-13T08:24:13+00:00\" \/>\n<meta property=\"og:image\" content=\"https:\/\/www.truzzer.com\/wp-content\/uploads\/2026\/02\/google-karte-square-FR-mock2-1.jpg\" \/>\n\t<meta property=\"og:image:width\" content=\"1200\" \/>\n\t<meta property=\"og:image:height\" content=\"1200\" \/>\n\t<meta property=\"og:image:type\" content=\"image\/jpeg\" \/>\n<meta name=\"twitter:card\" content=\"summary_large_image\" \/>\n<meta name=\"twitter:label1\" content=\"Szacowany czas czytania\" \/>\n\t<meta name=\"twitter:data1\" content=\"1 minuta\" \/>\n<script type=\"application\/ld+json\" class=\"yoast-schema-graph\">{\"@context\":\"https:\/\/schema.org\",\"@graph\":[{\"@type\":\"WebPage\",\"@id\":\"https:\/\/www.truzzer.com\/pl\/produkt\/google-review-card-square\/\",\"url\":\"https:\/\/www.truzzer.com\/pl\/produkt\/google-review-card-square\/\",\"name\":\"Google Review Card Square | truzzer\",\"isPartOf\":{\"@id\":\"https:\/\/www.truzzer.com\/pl\/#website\"},\"primaryImageOfPage\":{\"@id\":\"https:\/\/www.truzzer.com\/pl\/produkt\/google-review-card-square\/#primaryimage\"},\"image\":{\"@id\":\"https:\/\/www.truzzer.com\/pl\/produkt\/google-review-card-square\/#primaryimage\"},\"thumbnailUrl\":\"https:\/\/www.truzzer.com\/wp-content\/uploads\/2026\/02\/google-karte-square-FR-mock2-1.jpg\",\"datePublished\":\"2026-02-01T20:05:50+00:00\",\"dateModified\":\"2026-02-13T08:24:13+00:00\",\"description\":\"Wi\u0119cej 5-gwiazdkowych opinii Google z Google Review Card Square od truzzer. \u0141atwa konfiguracja, gotowe do u\u017cycia. Zam\u00f3w teraz!\",\"breadcrumb\":{\"@id\":\"https:\/\/www.truzzer.com\/pl\/produkt\/google-review-card-square\/#breadcrumb\"},\"inLanguage\":\"pl-PL\",\"potentialAction\":[{\"@type\":\"ReadAction\",\"target\":[\"https:\/\/www.truzzer.com\/pl\/produkt\/google-review-card-square\/\"]}]},{\"@type\":\"ImageObject\",\"inLanguage\":\"pl-PL\",\"@id\":\"https:\/\/www.truzzer.com\/pl\/produkt\/google-review-card-square\/#primaryimage\",\"url\":\"https:\/\/www.truzzer.com\/wp-content\/uploads\/2026\/02\/google-karte-square-FR-mock2-1.jpg\",\"contentUrl\":\"https:\/\/www.truzzer.com\/wp-content\/uploads\/2026\/02\/google-karte-square-FR-mock2-1.jpg\",\"width\":1200,\"height\":1200},{\"@type\":\"BreadcrumbList\",\"@id\":\"https:\/\/www.truzzer.com\/pl\/produkt\/google-review-card-square\/#breadcrumb\",\"itemListElement\":[{\"@type\":\"ListItem\",\"position\":1,\"name\":\"Home\",\"item\":\"https:\/\/www.truzzer.com\/pl\/\"},{\"@type\":\"ListItem\",\"position\":2,\"name\":\"Sklep\",\"item\":\"https:\/\/www.truzzer.com\/pl\/sklep\/\"},{\"@type\":\"ListItem\",\"position\":3,\"name\":\"Google Kwadratowa karta recenzyjna\"}]},{\"@type\":\"WebSite\",\"@id\":\"https:\/\/www.truzzer.com\/pl\/#website\",\"url\":\"https:\/\/www.truzzer.com\/pl\/\",\"name\":\"truzzer\",\"description\":\"Experts for customer trust\",\"publisher\":{\"@id\":\"https:\/\/www.truzzer.com\/pl\/#organization\"},\"potentialAction\":[{\"@type\":\"SearchAction\",\"target\":{\"@type\":\"EntryPoint\",\"urlTemplate\":\"https:\/\/www.truzzer.com\/pl\/?s={search_term_string}\"},\"query-input\":{\"@type\":\"PropertyValueSpecification\",\"valueRequired\":true,\"valueName\":\"search_term_string\"}}],\"inLanguage\":\"pl-PL\"},{\"@type\":\"Organization\",\"@id\":\"https:\/\/www.truzzer.com\/pl\/#organization\",\"name\":\"truzzer\",\"url\":\"https:\/\/www.truzzer.com\/pl\/\",\"logo\":{\"@type\":\"ImageObject\",\"inLanguage\":\"pl-PL\",\"@id\":\"https:\/\/www.truzzer.com\/pl\/#\/schema\/logo\/image\/\",\"url\":\"https:\/\/truzzer.com\/wp-content\/uploads\/2026\/01\/truzzer-logo-black-1.svg\",\"contentUrl\":\"https:\/\/truzzer.com\/wp-content\/uploads\/2026\/01\/truzzer-logo-black-1.svg\",\"width\":938,\"height\":199,\"caption\":\"truzzer\"},\"image\":{\"@id\":\"https:\/\/www.truzzer.com\/pl\/#\/schema\/logo\/image\/\"}}]}<\/script>\n<!-- \/ Yoast SEO plugin. -->","yoast_head_json":{"title":"Google Review Card Square | truzzer","description":"Wi\u0119cej 5-gwiazdkowych opinii Google z Google Review Card Square od truzzer. \u0141atwa konfiguracja, gotowe do u\u017cycia. Zam\u00f3w teraz!","robots":{"index":"index","follow":"follow","max-snippet":"max-snippet:-1","max-image-preview":"max-image-preview:large","max-video-preview":"max-video-preview:-1"},"canonical":"https:\/\/www.truzzer.com\/pl\/produkt\/google-review-card-square\/","og_locale":"pl_PL","og_type":"article","og_title":"Google Review Card Square | truzzer","og_description":"Wi\u0119cej 5-gwiazdkowych opinii Google z Google Review Card Square od truzzer. \u0141atwa konfiguracja, gotowe do u\u017cycia. Zam\u00f3w teraz!","og_url":"https:\/\/www.truzzer.com\/pl\/produkt\/google-review-card-square\/","og_site_name":"truzzer","article_modified_time":"2026-02-13T08:24:13+00:00","og_image":[{"width":1200,"height":1200,"url":"https:\/\/www.truzzer.com\/wp-content\/uploads\/2026\/02\/google-karte-square-FR-mock2-1.jpg","type":"image\/jpeg"}],"twitter_card":"summary_large_image","twitter_misc":{"Szacowany czas czytania":"1 minuta"},"schema":{"@context":"https:\/\/schema.org","@graph":[{"@type":"WebPage","@id":"https:\/\/www.truzzer.com\/pl\/produkt\/google-review-card-square\/","url":"https:\/\/www.truzzer.com\/pl\/produkt\/google-review-card-square\/","name":"Google Review Card Square | truzzer","isPartOf":{"@id":"https:\/\/www.truzzer.com\/pl\/#website"},"primaryImageOfPage":{"@id":"https:\/\/www.truzzer.com\/pl\/produkt\/google-review-card-square\/#primaryimage"},"image":{"@id":"https:\/\/www.truzzer.com\/pl\/produkt\/google-review-card-square\/#primaryimage"},"thumbnailUrl":"https:\/\/www.truzzer.com\/wp-content\/uploads\/2026\/02\/google-karte-square-FR-mock2-1.jpg","datePublished":"2026-02-01T20:05:50+00:00","dateModified":"2026-02-13T08:24:13+00:00","description":"Wi\u0119cej 5-gwiazdkowych opinii Google z Google Review Card Square od truzzer. \u0141atwa konfiguracja, gotowe do u\u017cycia. Zam\u00f3w teraz!","breadcrumb":{"@id":"https:\/\/www.truzzer.com\/pl\/produkt\/google-review-card-square\/#breadcrumb"},"inLanguage":"pl-PL","potentialAction":[{"@type":"ReadAction","target":["https:\/\/www.truzzer.com\/pl\/produkt\/google-review-card-square\/"]}]},{"@type":"ImageObject","inLanguage":"pl-PL","@id":"https:\/\/www.truzzer.com\/pl\/produkt\/google-review-card-square\/#primaryimage","url":"https:\/\/www.truzzer.com\/wp-content\/uploads\/2026\/02\/google-karte-square-FR-mock2-1.jpg","contentUrl":"https:\/\/www.truzzer.com\/wp-content\/uploads\/2026\/02\/google-karte-square-FR-mock2-1.jpg","width":1200,"height":1200},{"@type":"BreadcrumbList","@id":"https:\/\/www.truzzer.com\/pl\/produkt\/google-review-card-square\/#breadcrumb","itemListElement":[{"@type":"ListItem","position":1,"name":"Home","item":"https:\/\/www.truzzer.com\/pl\/"},{"@type":"ListItem","position":2,"name":"Sklep","item":"https:\/\/www.truzzer.com\/pl\/sklep\/"},{"@type":"ListItem","position":3,"name":"Google Kwadratowa karta recenzyjna"}]},{"@type":"WebSite","@id":"https:\/\/www.truzzer.com\/pl\/#website","url":"https:\/\/www.truzzer.com\/pl\/","name":"truzzer","description":"Experts for customer trust","publisher":{"@id":"https:\/\/www.truzzer.com\/pl\/#organization"},"potentialAction":[{"@type":"SearchAction","target":{"@type":"EntryPoint","urlTemplate":"https:\/\/www.truzzer.com\/pl\/?s={search_term_string}"},"query-input":{"@type":"PropertyValueSpecification","valueRequired":true,"valueName":"search_term_string"}}],"inLanguage":"pl-PL"},{"@type":"Organization","@id":"https:\/\/www.truzzer.com\/pl\/#organization","name":"truzzer","url":"https:\/\/www.truzzer.com\/pl\/","logo":{"@type":"ImageObject","inLanguage":"pl-PL","@id":"https:\/\/www.truzzer.com\/pl\/#\/schema\/logo\/image\/","url":"https:\/\/truzzer.com\/wp-content\/uploads\/2026\/01\/truzzer-logo-black-1.svg","contentUrl":"https:\/\/truzzer.com\/wp-content\/uploads\/2026\/01\/truzzer-logo-black-1.svg","width":938,"height":199,"caption":"truzzer"},"image":{"@id":"https:\/\/www.truzzer.com\/pl\/#\/schema\/logo\/image\/"}}]}},"tiered_pricing_type":"fixed","tiered_pricing_fixed_rules":[],"tiered_pricing_product_settings":{"layout":"default","base_unit_name":{"singular":null,"plural":null},"default_variation":null},"tiered_pricing_minimum_quantity":null,"tiered_pricing_roles_data":[],"tiered_pricing_percentage_rules":[],"tiered_pricing_maximum_quantity":null,"tiered_pricing_quantity_step":null,"_links":{"self":[{"href":"https:\/\/www.truzzer.com\/pl\/wp-json\/wp\/v2\/product\/94468","targetHints":{"allow":["GET"]}}],"collection":[{"href":"https:\/\/www.truzzer.com\/pl\/wp-json\/wp\/v2\/product"}],"about":[{"href":"https:\/\/www.truzzer.com\/pl\/wp-json\/wp\/v2\/types\/product"}],"replies":[{"embeddable":true,"href":"https:\/\/www.truzzer.com\/pl\/wp-json\/wp\/v2\/comments?post=94468"}],"wp:featuredmedia":[{"embeddable":true,"href":"https:\/\/www.truzzer.com\/pl\/wp-json\/wp\/v2\/media\/94469"}],"wp:attachment":[{"href":"https:\/\/www.truzzer.com\/pl\/wp-json\/wp\/v2\/media?parent=94468"}],"wp:term":[{"taxonomy":"product_brand","embeddable":true,"href":"https:\/\/www.truzzer.com\/pl\/wp-json\/wp\/v2\/product_brand?post=94468"},{"taxonomy":"product_cat","embeddable":true,"href":"https:\/\/www.truzzer.com\/pl\/wp-json\/wp\/v2\/product_cat?post=94468"},{"taxonomy":"product_tag","embeddable":true,"href":"https:\/\/www.truzzer.com\/pl\/wp-json\/wp\/v2\/product_tag?post=94468"}],"curies":[{"name":"wp","href":"https:\/\/api.w.org\/{rel}","templated":true}]}}