{"id":94593,"date":"2026-02-01T20:05:18","date_gmt":"2026-02-01T20:05:18","guid":{"rendered":"https:\/\/beta.truzzer.com\/product\/review-us-on-google-sticker-with-qr-code-rectangle-with-google-review-qr-code\/"},"modified":"2026-02-13T08:28:04","modified_gmt":"2026-02-13T08:28:04","slug":"review-us-on-google-sticker-with-qr-code-rectangle-with-google-review-qr-code","status":"publish","type":"product","link":"https:\/\/www.truzzer.com\/pl\/produkt\/review-us-on-google-sticker-with-qr-code-rectangle-with-google-review-qr-code\/","title":{"rendered":"Oce\u0144 nas na naklejce Google z prostok\u0105tnym kodem QR z Google Recenzja kodu QR"},"content":{"rendered":"<p>Dzi\u0119ki naklejkom z recenzjami truzzer Google z linkiem do kodu QR i w\u0142asnym logo mo\u017cesz szybciej otrzymywa\u0107 pozytywne oceny od zadowolonych klient\u00f3w bezpo\u015brednio w swoim sklepie.<\/p>\n<p>W por\u0119cznym i jednocze\u015bnie efektownym formacie DIN A6 sprawiasz, \u017ce recenzja Google staje si\u0119 namacalna dla Twoich klient\u00f3w.<br \/>\nUmie\u015b\u0107 naklejki w widocznym miejscu przy kasie, na drzwiach wej\u015bciowych lub w innym miejscu, w kt\u00f3rym klienci mog\u0105 je zobaczy\u0107.<\/p>\n<p>Mo\u017cesz \u0142atwo spersonalizowa\u0107 naklejki z recenzjami Google swoim logo i dostosowa\u0107 je do swojej firmy.<\/p>\n<p>Produkty \u201eOce\u0144 nas na temat Google\u201d s\u0105 \u0142atwe w u\u017cyciu, co chcieliby\u015bmy pokaza\u0107 poni\u017cej na przyk\u0142adzie minimalnych naklejek z recenzjami.<\/p>\n<p>&nbsp;<\/p>\n<h3>Krok 1: Klient skanuje kod QR<\/h3>\n<p>Aby Ci\u0119 \u015bledzi\u0107, klient musi jedynie zeskanowa\u0107 kod QR. Wszystko, co musisz zrobi\u0107, to trzyma\u0107 aparat smartfona (nie jest wymagana dodatkowa aplikacja skanera) nad produktem.<\/p>\n<p><img decoding=\"async\" src=\"https:\/\/www.truzzer.com\/wp-content\/uploads\/2026\/02\/how-to-use-the-product-truzzer-google.jpg.webp\" class=\"alignnone wp-image-22402 size-full\" alt=\"Hand scanning a QR code for Google reviews on a smartphone.\"  > <\/p>\n<p>Na ekranie pojawi si\u0119 wyskakuj\u0105ce okienko (iPhone) lub pojawi si\u0119 kod QR (smartfony z systemem Android \/ Google).<\/p>\n<h3>Krok 2: Klient przechodzi bezpo\u015brednio do formularza recenzji Google<\/h3>\n<p>Formularz recenzji otworzy si\u0119 w przegl\u0105darce smartfona, a klient b\u0119dzie m\u00f3g\u0142 bezpo\u015brednio Ci\u0119 oceni\u0107.<\/p>\n<p>Uwaga:<br \/>\nPami\u0119taj, \u017ce aby uzyska\u0107 recenzje Google, wymagany jest profil Google Moja Firma.<\/p>\n<p>&nbsp;<\/p>\n","protected":false},"excerpt":{"rendered":"<p>Samoprzylepne Oce\u0144 nas na temat kalkomanii\/naklejek Google, kt\u00f3re pasuj\u0105 do ka\u017cdej firmy i przyklejaj\u0105 si\u0119 do ka\u017cdej p\u0142askiej powierzchni.<br \/>\nTworzymy i \u0142\u0105czymy dla Ciebie kod QR do bezpo\u015bredniej oceny na Twoim profilu Google!<br \/>\nPobieramy te informacje z adresu Twojej firmy. Wi\u0119cej informacji na temat tego, w jaki spos\u00f3b naklejki mog\u0105 Ci pom\u00f3c, znajdziesz tutaj: <a href=\"https:\/\/www.truzzer.com\/product\/bewerten-sie-uns-auf-google-aufkleber-mit-qr-code-rund\/#tab-woodmart_custom_tab\"><\/a><\/p>\n","protected":false},"featured_media":94594,"comment_status":"open","ping_status":"closed","template":"","meta":{"_acf_changed":false,"_yoast_wpseo_focuskw":"Opinia Google Naklejka","_yoast_wpseo_title":"Review us on Google Sticker with QR code rectan... | truzzer","_yoast_wpseo_metadesc":"Wi\u0119cej opinii Google z Review us on Google Sticker with QR code rectangle with Google Review QR Code od truzzer. \u0141atwa konfiguracja. Zam\u00f3w teraz!"},"product_brand":[1652],"product_cat":[519,518,888],"product_tag":[],"class_list":{"0":"post-94593","1":"product","2":"type-product","3":"status-publish","4":"has-post-thumbnail","6":"product_brand-google","7":"product_cat-kod-qr-naklejki","8":"product_cat-kod-qr-produkty","9":"product_cat-opinia-google-naklejki-z-kodem-qr","10":"pa_product-type-naklejka","11":"pa_shape-rechthoek","12":"pa_technology-kod-qr","14":"first","15":"instock","16":"taxable","17":"shipping-taxable","18":"purchasable","19":"product-type-variable","20":"has-default-attributes"},"acf":[],"yoast_head":"<!-- This site is optimized with the Yoast SEO plugin v27.0 - https:\/\/yoast.com\/product\/yoast-seo-wordpress\/ -->\n<title>Review us on Google Sticker with QR code rectan... | truzzer<\/title>\n<meta name=\"description\" content=\"Wi\u0119cej opinii Google z Review us on Google Sticker with QR code rectangle with Google Review QR Code od truzzer. \u0141atwa konfiguracja. Zam\u00f3w teraz!\" \/>\n<meta name=\"robots\" content=\"index, follow, max-snippet:-1, max-image-preview:large, max-video-preview:-1\" \/>\n<link rel=\"canonical\" href=\"https:\/\/www.truzzer.com\/pl\/produkt\/review-us-on-google-sticker-with-qr-code-rectangle-with-google-review-qr-code\/\" \/>\n<meta property=\"og:locale\" content=\"pl_PL\" \/>\n<meta property=\"og:type\" content=\"article\" \/>\n<meta property=\"og:title\" content=\"Review us on Google Sticker with QR code rectan... | truzzer\" \/>\n<meta property=\"og:description\" content=\"Wi\u0119cej opinii Google z Review us on Google Sticker with QR code rectangle with Google Review QR Code od truzzer. \u0141atwa konfiguracja. Zam\u00f3w teraz!\" \/>\n<meta property=\"og:url\" content=\"https:\/\/www.truzzer.com\/pl\/produkt\/review-us-on-google-sticker-with-qr-code-rectangle-with-google-review-qr-code\/\" \/>\n<meta property=\"og:site_name\" content=\"truzzer\" \/>\n<meta property=\"article:modified_time\" content=\"2026-02-13T08:28:04+00:00\" \/>\n<meta property=\"og:image\" content=\"https:\/\/www.truzzer.com\/wp-content\/uploads\/2026\/02\/fensteraufkleber-3-12-1.png\" \/>\n\t<meta property=\"og:image:width\" content=\"1200\" \/>\n\t<meta property=\"og:image:height\" content=\"1200\" \/>\n\t<meta property=\"og:image:type\" content=\"image\/png\" \/>\n<meta name=\"twitter:card\" content=\"summary_large_image\" \/>\n<meta name=\"twitter:label1\" content=\"Szacowany czas czytania\" \/>\n\t<meta name=\"twitter:data1\" content=\"1 minuta\" \/>\n<script type=\"application\/ld+json\" class=\"yoast-schema-graph\">{\"@context\":\"https:\/\/schema.org\",\"@graph\":[{\"@type\":\"WebPage\",\"@id\":\"https:\/\/www.truzzer.com\/pl\/produkt\/review-us-on-google-sticker-with-qr-code-rectangle-with-google-review-qr-code\/\",\"url\":\"https:\/\/www.truzzer.com\/pl\/produkt\/review-us-on-google-sticker-with-qr-code-rectangle-with-google-review-qr-code\/\",\"name\":\"Review us on Google Sticker with QR code rectan... | truzzer\",\"isPartOf\":{\"@id\":\"https:\/\/www.truzzer.com\/pl\/#website\"},\"primaryImageOfPage\":{\"@id\":\"https:\/\/www.truzzer.com\/pl\/produkt\/review-us-on-google-sticker-with-qr-code-rectangle-with-google-review-qr-code\/#primaryimage\"},\"image\":{\"@id\":\"https:\/\/www.truzzer.com\/pl\/produkt\/review-us-on-google-sticker-with-qr-code-rectangle-with-google-review-qr-code\/#primaryimage\"},\"thumbnailUrl\":\"https:\/\/www.truzzer.com\/wp-content\/uploads\/2026\/02\/fensteraufkleber-3-12-1.png\",\"datePublished\":\"2026-02-01T20:05:18+00:00\",\"dateModified\":\"2026-02-13T08:28:04+00:00\",\"description\":\"Wi\u0119cej opinii Google z Review us on Google Sticker with QR code rectangle with Google Review QR Code od truzzer. \u0141atwa konfiguracja. Zam\u00f3w teraz!\",\"breadcrumb\":{\"@id\":\"https:\/\/www.truzzer.com\/pl\/produkt\/review-us-on-google-sticker-with-qr-code-rectangle-with-google-review-qr-code\/#breadcrumb\"},\"inLanguage\":\"pl-PL\",\"potentialAction\":[{\"@type\":\"ReadAction\",\"target\":[\"https:\/\/www.truzzer.com\/pl\/produkt\/review-us-on-google-sticker-with-qr-code-rectangle-with-google-review-qr-code\/\"]}]},{\"@type\":\"ImageObject\",\"inLanguage\":\"pl-PL\",\"@id\":\"https:\/\/www.truzzer.com\/pl\/produkt\/review-us-on-google-sticker-with-qr-code-rectangle-with-google-review-qr-code\/#primaryimage\",\"url\":\"https:\/\/www.truzzer.com\/wp-content\/uploads\/2026\/02\/fensteraufkleber-3-12-1.png\",\"contentUrl\":\"https:\/\/www.truzzer.com\/wp-content\/uploads\/2026\/02\/fensteraufkleber-3-12-1.png\",\"width\":1200,\"height\":1200},{\"@type\":\"BreadcrumbList\",\"@id\":\"https:\/\/www.truzzer.com\/pl\/produkt\/review-us-on-google-sticker-with-qr-code-rectangle-with-google-review-qr-code\/#breadcrumb\",\"itemListElement\":[{\"@type\":\"ListItem\",\"position\":1,\"name\":\"Home\",\"item\":\"https:\/\/www.truzzer.com\/pl\/\"},{\"@type\":\"ListItem\",\"position\":2,\"name\":\"Sklep\",\"item\":\"https:\/\/www.truzzer.com\/pl\/sklep\/\"},{\"@type\":\"ListItem\",\"position\":3,\"name\":\"Oce\u0144 nas na naklejce Google z prostok\u0105tnym kodem QR z Google Recenzja kodu QR\"}]},{\"@type\":\"WebSite\",\"@id\":\"https:\/\/www.truzzer.com\/pl\/#website\",\"url\":\"https:\/\/www.truzzer.com\/pl\/\",\"name\":\"truzzer\",\"description\":\"Experts for customer trust\",\"publisher\":{\"@id\":\"https:\/\/www.truzzer.com\/pl\/#organization\"},\"potentialAction\":[{\"@type\":\"SearchAction\",\"target\":{\"@type\":\"EntryPoint\",\"urlTemplate\":\"https:\/\/www.truzzer.com\/pl\/?s={search_term_string}\"},\"query-input\":{\"@type\":\"PropertyValueSpecification\",\"valueRequired\":true,\"valueName\":\"search_term_string\"}}],\"inLanguage\":\"pl-PL\"},{\"@type\":\"Organization\",\"@id\":\"https:\/\/www.truzzer.com\/pl\/#organization\",\"name\":\"truzzer\",\"url\":\"https:\/\/www.truzzer.com\/pl\/\",\"logo\":{\"@type\":\"ImageObject\",\"inLanguage\":\"pl-PL\",\"@id\":\"https:\/\/www.truzzer.com\/pl\/#\/schema\/logo\/image\/\",\"url\":\"https:\/\/truzzer.com\/wp-content\/uploads\/2026\/01\/truzzer-logo-black-1.svg\",\"contentUrl\":\"https:\/\/truzzer.com\/wp-content\/uploads\/2026\/01\/truzzer-logo-black-1.svg\",\"width\":938,\"height\":199,\"caption\":\"truzzer\"},\"image\":{\"@id\":\"https:\/\/www.truzzer.com\/pl\/#\/schema\/logo\/image\/\"}}]}<\/script>\n<!-- \/ Yoast SEO plugin. -->","yoast_head_json":{"title":"Review us on Google Sticker with QR code rectan... | truzzer","description":"Wi\u0119cej opinii Google z Review us on Google Sticker with QR code rectangle with Google Review QR Code od truzzer. \u0141atwa konfiguracja. Zam\u00f3w teraz!","robots":{"index":"index","follow":"follow","max-snippet":"max-snippet:-1","max-image-preview":"max-image-preview:large","max-video-preview":"max-video-preview:-1"},"canonical":"https:\/\/www.truzzer.com\/pl\/produkt\/review-us-on-google-sticker-with-qr-code-rectangle-with-google-review-qr-code\/","og_locale":"pl_PL","og_type":"article","og_title":"Review us on Google Sticker with QR code rectan... | truzzer","og_description":"Wi\u0119cej opinii Google z Review us on Google Sticker with QR code rectangle with Google Review QR Code od truzzer. \u0141atwa konfiguracja. Zam\u00f3w teraz!","og_url":"https:\/\/www.truzzer.com\/pl\/produkt\/review-us-on-google-sticker-with-qr-code-rectangle-with-google-review-qr-code\/","og_site_name":"truzzer","article_modified_time":"2026-02-13T08:28:04+00:00","og_image":[{"width":1200,"height":1200,"url":"https:\/\/www.truzzer.com\/wp-content\/uploads\/2026\/02\/fensteraufkleber-3-12-1.png","type":"image\/png"}],"twitter_card":"summary_large_image","twitter_misc":{"Szacowany czas czytania":"1 minuta"},"schema":{"@context":"https:\/\/schema.org","@graph":[{"@type":"WebPage","@id":"https:\/\/www.truzzer.com\/pl\/produkt\/review-us-on-google-sticker-with-qr-code-rectangle-with-google-review-qr-code\/","url":"https:\/\/www.truzzer.com\/pl\/produkt\/review-us-on-google-sticker-with-qr-code-rectangle-with-google-review-qr-code\/","name":"Review us on Google Sticker with QR code rectan... | truzzer","isPartOf":{"@id":"https:\/\/www.truzzer.com\/pl\/#website"},"primaryImageOfPage":{"@id":"https:\/\/www.truzzer.com\/pl\/produkt\/review-us-on-google-sticker-with-qr-code-rectangle-with-google-review-qr-code\/#primaryimage"},"image":{"@id":"https:\/\/www.truzzer.com\/pl\/produkt\/review-us-on-google-sticker-with-qr-code-rectangle-with-google-review-qr-code\/#primaryimage"},"thumbnailUrl":"https:\/\/www.truzzer.com\/wp-content\/uploads\/2026\/02\/fensteraufkleber-3-12-1.png","datePublished":"2026-02-01T20:05:18+00:00","dateModified":"2026-02-13T08:28:04+00:00","description":"Wi\u0119cej opinii Google z Review us on Google Sticker with QR code rectangle with Google Review QR Code od truzzer. \u0141atwa konfiguracja. Zam\u00f3w teraz!","breadcrumb":{"@id":"https:\/\/www.truzzer.com\/pl\/produkt\/review-us-on-google-sticker-with-qr-code-rectangle-with-google-review-qr-code\/#breadcrumb"},"inLanguage":"pl-PL","potentialAction":[{"@type":"ReadAction","target":["https:\/\/www.truzzer.com\/pl\/produkt\/review-us-on-google-sticker-with-qr-code-rectangle-with-google-review-qr-code\/"]}]},{"@type":"ImageObject","inLanguage":"pl-PL","@id":"https:\/\/www.truzzer.com\/pl\/produkt\/review-us-on-google-sticker-with-qr-code-rectangle-with-google-review-qr-code\/#primaryimage","url":"https:\/\/www.truzzer.com\/wp-content\/uploads\/2026\/02\/fensteraufkleber-3-12-1.png","contentUrl":"https:\/\/www.truzzer.com\/wp-content\/uploads\/2026\/02\/fensteraufkleber-3-12-1.png","width":1200,"height":1200},{"@type":"BreadcrumbList","@id":"https:\/\/www.truzzer.com\/pl\/produkt\/review-us-on-google-sticker-with-qr-code-rectangle-with-google-review-qr-code\/#breadcrumb","itemListElement":[{"@type":"ListItem","position":1,"name":"Home","item":"https:\/\/www.truzzer.com\/pl\/"},{"@type":"ListItem","position":2,"name":"Sklep","item":"https:\/\/www.truzzer.com\/pl\/sklep\/"},{"@type":"ListItem","position":3,"name":"Oce\u0144 nas na naklejce Google z prostok\u0105tnym kodem QR z Google Recenzja kodu QR"}]},{"@type":"WebSite","@id":"https:\/\/www.truzzer.com\/pl\/#website","url":"https:\/\/www.truzzer.com\/pl\/","name":"truzzer","description":"Experts for customer trust","publisher":{"@id":"https:\/\/www.truzzer.com\/pl\/#organization"},"potentialAction":[{"@type":"SearchAction","target":{"@type":"EntryPoint","urlTemplate":"https:\/\/www.truzzer.com\/pl\/?s={search_term_string}"},"query-input":{"@type":"PropertyValueSpecification","valueRequired":true,"valueName":"search_term_string"}}],"inLanguage":"pl-PL"},{"@type":"Organization","@id":"https:\/\/www.truzzer.com\/pl\/#organization","name":"truzzer","url":"https:\/\/www.truzzer.com\/pl\/","logo":{"@type":"ImageObject","inLanguage":"pl-PL","@id":"https:\/\/www.truzzer.com\/pl\/#\/schema\/logo\/image\/","url":"https:\/\/truzzer.com\/wp-content\/uploads\/2026\/01\/truzzer-logo-black-1.svg","contentUrl":"https:\/\/truzzer.com\/wp-content\/uploads\/2026\/01\/truzzer-logo-black-1.svg","width":938,"height":199,"caption":"truzzer"},"image":{"@id":"https:\/\/www.truzzer.com\/pl\/#\/schema\/logo\/image\/"}}]}},"tiered_pricing_type":"fixed","tiered_pricing_fixed_rules":[],"tiered_pricing_product_settings":{"layout":"default","base_unit_name":{"singular":null,"plural":null},"default_variation":null},"tiered_pricing_minimum_quantity":null,"tiered_pricing_roles_data":[],"tiered_pricing_percentage_rules":[],"tiered_pricing_maximum_quantity":null,"tiered_pricing_quantity_step":null,"_links":{"self":[{"href":"https:\/\/www.truzzer.com\/pl\/wp-json\/wp\/v2\/product\/94593","targetHints":{"allow":["GET"]}}],"collection":[{"href":"https:\/\/www.truzzer.com\/pl\/wp-json\/wp\/v2\/product"}],"about":[{"href":"https:\/\/www.truzzer.com\/pl\/wp-json\/wp\/v2\/types\/product"}],"replies":[{"embeddable":true,"href":"https:\/\/www.truzzer.com\/pl\/wp-json\/wp\/v2\/comments?post=94593"}],"wp:featuredmedia":[{"embeddable":true,"href":"https:\/\/www.truzzer.com\/pl\/wp-json\/wp\/v2\/media\/94594"}],"wp:attachment":[{"href":"https:\/\/www.truzzer.com\/pl\/wp-json\/wp\/v2\/media?parent=94593"}],"wp:term":[{"taxonomy":"product_brand","embeddable":true,"href":"https:\/\/www.truzzer.com\/pl\/wp-json\/wp\/v2\/product_brand?post=94593"},{"taxonomy":"product_cat","embeddable":true,"href":"https:\/\/www.truzzer.com\/pl\/wp-json\/wp\/v2\/product_cat?post=94593"},{"taxonomy":"product_tag","embeddable":true,"href":"https:\/\/www.truzzer.com\/pl\/wp-json\/wp\/v2\/product_tag?post=94593"}],"curies":[{"name":"wp","href":"https:\/\/api.w.org\/{rel}","templated":true}]}}