{"id":94734,"date":"2026-02-01T20:04:30","date_gmt":"2026-02-01T20:04:30","guid":{"rendered":"https:\/\/beta.truzzer.com\/product\/instagram-sticker-labels-roll-clean\/"},"modified":"2026-02-13T08:31:57","modified_gmt":"2026-02-13T08:31:57","slug":"instagram-sticker-labels-roll-clean","status":"publish","type":"product","link":"https:\/\/www.truzzer.com\/pl\/produkt\/instagram-sticker-labels-roll-clean\/","title":{"rendered":"Etykiety samoprzylepne Instagram s\u0105 czyste w rolce"},"content":{"rendered":"<h2>\u015aled\u017a nas na naklejkach Instagram online jako etykiety na rolkach z kodem QR do pakowania wysy\u0142kowego<\/h2>\n<p>Dzi\u0119ki etykietom truzzer \u201e\u015aled\u017a nas na Instagram\u201d z linkiem kodowym QR i w\u0142asn\u0105 nazw\u0105 u\u017cytkownika mo\u017cesz \u0142atwo zyska\u0107 nowych obserwuj\u0105cych na Instagram! W praktycznym okr\u0105g\u0142ym formacie sprawisz, \u017ce Twoje konto b\u0119dzie namacalne dla Twoich klient\u00f3w. Przyklejaj etykiety na swoje przesy\u0142ki lub niemal wsz\u0119dzie tam, gdzie mog\u0105 je zobaczy\u0107 Twoi klienci.<br \/>\n<strong>-Nadaje si\u0119 do ka\u017cdej g\u0142adkiej powierzchni<\/strong><br \/>\n<strong>-Do sklep\u00f3w, drzwi lub jako naklejka Instagram na samoch\u00f3d<\/strong><br \/>\n<strong>-Poka\u017c swoim klientom, \u017ce mog\u0105 Ci\u0119 znale\u017a\u0107 r\u00f3wnie\u017c na Instagram<\/strong><br \/>\nNaklejki \u201e\u015aled\u017a nas na Instagram\u201d z linkiem do kodu QR przenosz\u0105 Twoich klient\u00f3w do Twojego profilu po zeskanowaniu kodu QR.<\/p>\n<p>Informacje dotycz\u0105ce stosowania ich jako naklejek naro\u017cnych Instagram do pude\u0142 wysy\u0142kowych:<br \/>\nCzy chcesz u\u017cywa\u0107 naklejek jako naklejek naro\u017cnych? Bez problemu! Wykonane s\u0105 tak, aby pomi\u0119dzy call to action a kodem QR pozosta\u0142a wolna przestrze\u0144 na \u201ezgi\u0119cie\u201d po\u015brodku, dzi\u0119ki czemu ani wezwanie do dzia\u0142ania, ani kod QR nie musia\u0142y si\u0119 zagina\u0107 przy aplikacji.<\/p>\n<p>Produkty \u201e\u015aled\u017a nas na Instagram\u201d s\u0105 \u0142atwe w u\u017cyciu, co z przyjemno\u015bci\u0105 poka\u017cemy Ci poni\u017cej na przyk\u0142adzie naklejek \u201e\u015aled\u017a nas na Instagram\u201d.<\/p>\n<h3>Krok 1: Klient skanuje kod QR<\/h3>\n<p>Aby Ci\u0119 \u015bledzi\u0107, klient musi jedynie zeskanowa\u0107 kod QR. Wystarczy, \u017ce przytrzymaj\u0105 aparat w smartfonie (nie jest wymagana dodatkowa aplikacja skanera) nad produktem.<br \/>\n<img decoding=\"async\" class=\"alignleft wp-image-22262 size-full\" src=\"https:\/\/www.truzzer.com\/wp-content\/uploads\/2020\/10\/jak-u\u017cywa\u0107-produktu-truzzer.jpg\" alt=\"\" szeroko\u015b\u0107=\"1400\" wysoko\u015b\u0107=\"933\" \/><br \/>\nNa ekranie pojawi si\u0119 w\u00f3wczas wyskakuj\u0105ce okienko (iPhone) lub pojawi si\u0119 kod QR (smartfony z systemem Android \/ Google).<\/p>\n<h3>Krok 2: Klient przechodzi bezpo\u015brednio do profilu Instagram<\/h3>\n<p>Nast\u0119pnie otworzy si\u0119 Instagram i klient b\u0119dzie m\u00f3g\u0142 Ci\u0119 bezpo\u015brednio \u015bledzi\u0107. To takie proste.<br \/>\nUwaga: aby zyska\u0107 obserwuj\u0105cych, wymagane jest konto Instagram.<\/p>\n","protected":false},"excerpt":{"rendered":"<p>Etykiety \u201e\u015aled\u017a nas na Instagram\u201d firmy truzzer! Idealne wyko\u0144czenie opakowania i przyci\u0105gaj\u0105ce wzrok na ka\u017cdej powierzchni! Zmie\u0144 swoich klient\u00f3w w obserwuj\u0105cych Instagram dzi\u0119ki spersonalizowanym etykietom \u201e\u015aled\u017a nas na Instagram\u201d zawieraj\u0105cym Twoj\u0105 nazw\u0119 profilu i skanowalny link QR do Twojego profilu Instagram.<\/p>\n<p>\u2013 Idealny do pude\u0142 wysy\u0142kowych<br \/>\n&#8211; Nadaje si\u0119 do ka\u017cdej g\u0142adkiej powierzchni<br \/>\n\u2013 Do opakowa\u0144, sklep\u00f3w, drzwi lub jako naklejka na samoch\u00f3d Instagram<br \/>\n\u2013 Poka\u017c klientom, \u017ce mog\u0105 Ci\u0119 znale\u017a\u0107 r\u00f3wnie\u017c na Instagram<br \/>\n\u2013 Robione indywidualnie dla Ciebie<br \/>\n\u2013 Dost\u0119pny w trzech rozmiarach<\/p>\n<p>Po\u0142\u0105czymy dla Ciebie kod QR z Twoim profilem Instagram! Dodaj swoj\u0105 nazw\u0119 u\u017cytkownika p\u00f3\u017aniej w procesie realizacji transakcji, np. \u201e@Twoja Firma\u201d.<\/p>\n","protected":false},"featured_media":94735,"comment_status":"open","ping_status":"closed","template":"","meta":{"_acf_changed":false,"_yoast_wpseo_focuskw":"Instagram kod QR Rolka naklejek","_yoast_wpseo_title":"Instagram Sticker Labels Roll Clean | truzzer","_yoast_wpseo_metadesc":"Wi\u0119cej obserwuj\u0105cych na Instagramie z Instagram Sticker Labels Roll Clean od truzzer. \u0141atwa konfiguracja, gotowe do u\u017cycia. Zam\u00f3w teraz!"},"product_brand":[1663],"product_cat":[519,518,1227,843,844,829,1226],"product_tag":[],"class_list":{"0":"post-94734","1":"product","2":"type-product","3":"status-publish","4":"has-post-thumbnail","6":"product_brand-instagram","7":"product_cat-kod-qr-naklejki","8":"product_cat-kod-qr-produkty","9":"product_cat-kod-qr-rolki-naklejek","10":"product_cat-obserwujacy-instagram-naklejki","11":"product_cat-obserwujacy-instagram-naklejki-z-kodem-qr","12":"product_cat-obserwujacy-instagram-produkty","13":"product_cat-obserwujacy-instagram-roll-upy-z-kodem-qr","14":"pa_industry-autodealer","15":"pa_industry-detailhandel","16":"pa_industry-events-entertainment","17":"pa_material-plastic","18":"pa_placement-events-entrance","19":"pa_placement-recepcja-balie","20":"pa_placement-showroom-lobby","21":"pa_product-type-naklejka","22":"pa_product-type-sticker-roll","23":"pa_shape-ronda","24":"pa_technology-kod-qr","25":"pa_technology-qr-code","27":"first","28":"instock","29":"taxable","30":"shipping-taxable","31":"purchasable","32":"product-type-variable","33":"has-default-attributes"},"acf":[],"yoast_head":"<!-- This site is optimized with the Yoast SEO plugin v27.0 - https:\/\/yoast.com\/product\/yoast-seo-wordpress\/ -->\n<title>Instagram Sticker Labels Roll Clean | truzzer<\/title>\n<meta name=\"description\" content=\"Wi\u0119cej obserwuj\u0105cych na Instagramie z Instagram Sticker Labels Roll Clean od truzzer. \u0141atwa konfiguracja, gotowe do u\u017cycia. Zam\u00f3w teraz!\" \/>\n<meta name=\"robots\" content=\"index, follow, max-snippet:-1, max-image-preview:large, max-video-preview:-1\" \/>\n<link rel=\"canonical\" href=\"https:\/\/www.truzzer.com\/pl\/produkt\/instagram-sticker-labels-roll-clean\/\" \/>\n<meta property=\"og:locale\" content=\"pl_PL\" \/>\n<meta property=\"og:type\" content=\"article\" \/>\n<meta property=\"og:title\" content=\"Instagram Sticker Labels Roll Clean | truzzer\" \/>\n<meta property=\"og:description\" content=\"Wi\u0119cej obserwuj\u0105cych na Instagramie z Instagram Sticker Labels Roll Clean od truzzer. \u0141atwa konfiguracja, gotowe do u\u017cycia. Zam\u00f3w teraz!\" \/>\n<meta property=\"og:url\" content=\"https:\/\/www.truzzer.com\/pl\/produkt\/instagram-sticker-labels-roll-clean\/\" \/>\n<meta property=\"og:site_name\" content=\"truzzer\" \/>\n<meta property=\"article:modified_time\" content=\"2026-02-13T08:31:57+00:00\" \/>\n<meta property=\"og:image\" content=\"https:\/\/www.truzzer.com\/wp-content\/uploads\/2026\/02\/Instagram-Sticker-roll-qr-code-link-truzzer-clean-2.jpg\" \/>\n\t<meta property=\"og:image:width\" content=\"1200\" \/>\n\t<meta property=\"og:image:height\" content=\"1200\" \/>\n\t<meta property=\"og:image:type\" content=\"image\/jpeg\" \/>\n<meta name=\"twitter:card\" content=\"summary_large_image\" \/>\n<meta name=\"twitter:label1\" content=\"Szacowany czas czytania\" \/>\n\t<meta name=\"twitter:data1\" content=\"2 minuty\" \/>\n<script type=\"application\/ld+json\" class=\"yoast-schema-graph\">{\"@context\":\"https:\/\/schema.org\",\"@graph\":[{\"@type\":\"WebPage\",\"@id\":\"https:\/\/www.truzzer.com\/pl\/produkt\/instagram-sticker-labels-roll-clean\/\",\"url\":\"https:\/\/www.truzzer.com\/pl\/produkt\/instagram-sticker-labels-roll-clean\/\",\"name\":\"Instagram Sticker Labels Roll Clean | truzzer\",\"isPartOf\":{\"@id\":\"https:\/\/www.truzzer.com\/pl\/#website\"},\"primaryImageOfPage\":{\"@id\":\"https:\/\/www.truzzer.com\/pl\/produkt\/instagram-sticker-labels-roll-clean\/#primaryimage\"},\"image\":{\"@id\":\"https:\/\/www.truzzer.com\/pl\/produkt\/instagram-sticker-labels-roll-clean\/#primaryimage\"},\"thumbnailUrl\":\"https:\/\/www.truzzer.com\/wp-content\/uploads\/2026\/02\/Instagram-Sticker-roll-qr-code-link-truzzer-clean-2.jpg\",\"datePublished\":\"2026-02-01T20:04:30+00:00\",\"dateModified\":\"2026-02-13T08:31:57+00:00\",\"description\":\"Wi\u0119cej obserwuj\u0105cych na Instagramie z Instagram Sticker Labels Roll Clean od truzzer. \u0141atwa konfiguracja, gotowe do u\u017cycia. Zam\u00f3w teraz!\",\"breadcrumb\":{\"@id\":\"https:\/\/www.truzzer.com\/pl\/produkt\/instagram-sticker-labels-roll-clean\/#breadcrumb\"},\"inLanguage\":\"pl-PL\",\"potentialAction\":[{\"@type\":\"ReadAction\",\"target\":[\"https:\/\/www.truzzer.com\/pl\/produkt\/instagram-sticker-labels-roll-clean\/\"]}]},{\"@type\":\"ImageObject\",\"inLanguage\":\"pl-PL\",\"@id\":\"https:\/\/www.truzzer.com\/pl\/produkt\/instagram-sticker-labels-roll-clean\/#primaryimage\",\"url\":\"https:\/\/www.truzzer.com\/wp-content\/uploads\/2026\/02\/Instagram-Sticker-roll-qr-code-link-truzzer-clean-2.jpg\",\"contentUrl\":\"https:\/\/www.truzzer.com\/wp-content\/uploads\/2026\/02\/Instagram-Sticker-roll-qr-code-link-truzzer-clean-2.jpg\",\"width\":1200,\"height\":1200},{\"@type\":\"BreadcrumbList\",\"@id\":\"https:\/\/www.truzzer.com\/pl\/produkt\/instagram-sticker-labels-roll-clean\/#breadcrumb\",\"itemListElement\":[{\"@type\":\"ListItem\",\"position\":1,\"name\":\"Home\",\"item\":\"https:\/\/www.truzzer.com\/pl\/\"},{\"@type\":\"ListItem\",\"position\":2,\"name\":\"Sklep\",\"item\":\"https:\/\/www.truzzer.com\/pl\/sklep\/\"},{\"@type\":\"ListItem\",\"position\":3,\"name\":\"Etykiety samoprzylepne Instagram s\u0105 czyste w rolce\"}]},{\"@type\":\"WebSite\",\"@id\":\"https:\/\/www.truzzer.com\/pl\/#website\",\"url\":\"https:\/\/www.truzzer.com\/pl\/\",\"name\":\"truzzer\",\"description\":\"Experts for customer trust\",\"publisher\":{\"@id\":\"https:\/\/www.truzzer.com\/pl\/#organization\"},\"potentialAction\":[{\"@type\":\"SearchAction\",\"target\":{\"@type\":\"EntryPoint\",\"urlTemplate\":\"https:\/\/www.truzzer.com\/pl\/?s={search_term_string}\"},\"query-input\":{\"@type\":\"PropertyValueSpecification\",\"valueRequired\":true,\"valueName\":\"search_term_string\"}}],\"inLanguage\":\"pl-PL\"},{\"@type\":\"Organization\",\"@id\":\"https:\/\/www.truzzer.com\/pl\/#organization\",\"name\":\"truzzer\",\"url\":\"https:\/\/www.truzzer.com\/pl\/\",\"logo\":{\"@type\":\"ImageObject\",\"inLanguage\":\"pl-PL\",\"@id\":\"https:\/\/www.truzzer.com\/pl\/#\/schema\/logo\/image\/\",\"url\":\"https:\/\/truzzer.com\/wp-content\/uploads\/2026\/01\/truzzer-logo-black-1.svg\",\"contentUrl\":\"https:\/\/truzzer.com\/wp-content\/uploads\/2026\/01\/truzzer-logo-black-1.svg\",\"width\":938,\"height\":199,\"caption\":\"truzzer\"},\"image\":{\"@id\":\"https:\/\/www.truzzer.com\/pl\/#\/schema\/logo\/image\/\"}}]}<\/script>\n<!-- \/ Yoast SEO plugin. -->","yoast_head_json":{"title":"Instagram Sticker Labels Roll Clean | truzzer","description":"Wi\u0119cej obserwuj\u0105cych na Instagramie z Instagram Sticker Labels Roll Clean od truzzer. \u0141atwa konfiguracja, gotowe do u\u017cycia. Zam\u00f3w teraz!","robots":{"index":"index","follow":"follow","max-snippet":"max-snippet:-1","max-image-preview":"max-image-preview:large","max-video-preview":"max-video-preview:-1"},"canonical":"https:\/\/www.truzzer.com\/pl\/produkt\/instagram-sticker-labels-roll-clean\/","og_locale":"pl_PL","og_type":"article","og_title":"Instagram Sticker Labels Roll Clean | truzzer","og_description":"Wi\u0119cej obserwuj\u0105cych na Instagramie z Instagram Sticker Labels Roll Clean od truzzer. \u0141atwa konfiguracja, gotowe do u\u017cycia. Zam\u00f3w teraz!","og_url":"https:\/\/www.truzzer.com\/pl\/produkt\/instagram-sticker-labels-roll-clean\/","og_site_name":"truzzer","article_modified_time":"2026-02-13T08:31:57+00:00","og_image":[{"width":1200,"height":1200,"url":"https:\/\/www.truzzer.com\/wp-content\/uploads\/2026\/02\/Instagram-Sticker-roll-qr-code-link-truzzer-clean-2.jpg","type":"image\/jpeg"}],"twitter_card":"summary_large_image","twitter_misc":{"Szacowany czas czytania":"2 minuty"},"schema":{"@context":"https:\/\/schema.org","@graph":[{"@type":"WebPage","@id":"https:\/\/www.truzzer.com\/pl\/produkt\/instagram-sticker-labels-roll-clean\/","url":"https:\/\/www.truzzer.com\/pl\/produkt\/instagram-sticker-labels-roll-clean\/","name":"Instagram Sticker Labels Roll Clean | truzzer","isPartOf":{"@id":"https:\/\/www.truzzer.com\/pl\/#website"},"primaryImageOfPage":{"@id":"https:\/\/www.truzzer.com\/pl\/produkt\/instagram-sticker-labels-roll-clean\/#primaryimage"},"image":{"@id":"https:\/\/www.truzzer.com\/pl\/produkt\/instagram-sticker-labels-roll-clean\/#primaryimage"},"thumbnailUrl":"https:\/\/www.truzzer.com\/wp-content\/uploads\/2026\/02\/Instagram-Sticker-roll-qr-code-link-truzzer-clean-2.jpg","datePublished":"2026-02-01T20:04:30+00:00","dateModified":"2026-02-13T08:31:57+00:00","description":"Wi\u0119cej obserwuj\u0105cych na Instagramie z Instagram Sticker Labels Roll Clean od truzzer. \u0141atwa konfiguracja, gotowe do u\u017cycia. Zam\u00f3w teraz!","breadcrumb":{"@id":"https:\/\/www.truzzer.com\/pl\/produkt\/instagram-sticker-labels-roll-clean\/#breadcrumb"},"inLanguage":"pl-PL","potentialAction":[{"@type":"ReadAction","target":["https:\/\/www.truzzer.com\/pl\/produkt\/instagram-sticker-labels-roll-clean\/"]}]},{"@type":"ImageObject","inLanguage":"pl-PL","@id":"https:\/\/www.truzzer.com\/pl\/produkt\/instagram-sticker-labels-roll-clean\/#primaryimage","url":"https:\/\/www.truzzer.com\/wp-content\/uploads\/2026\/02\/Instagram-Sticker-roll-qr-code-link-truzzer-clean-2.jpg","contentUrl":"https:\/\/www.truzzer.com\/wp-content\/uploads\/2026\/02\/Instagram-Sticker-roll-qr-code-link-truzzer-clean-2.jpg","width":1200,"height":1200},{"@type":"BreadcrumbList","@id":"https:\/\/www.truzzer.com\/pl\/produkt\/instagram-sticker-labels-roll-clean\/#breadcrumb","itemListElement":[{"@type":"ListItem","position":1,"name":"Home","item":"https:\/\/www.truzzer.com\/pl\/"},{"@type":"ListItem","position":2,"name":"Sklep","item":"https:\/\/www.truzzer.com\/pl\/sklep\/"},{"@type":"ListItem","position":3,"name":"Etykiety samoprzylepne Instagram s\u0105 czyste w rolce"}]},{"@type":"WebSite","@id":"https:\/\/www.truzzer.com\/pl\/#website","url":"https:\/\/www.truzzer.com\/pl\/","name":"truzzer","description":"Experts for customer trust","publisher":{"@id":"https:\/\/www.truzzer.com\/pl\/#organization"},"potentialAction":[{"@type":"SearchAction","target":{"@type":"EntryPoint","urlTemplate":"https:\/\/www.truzzer.com\/pl\/?s={search_term_string}"},"query-input":{"@type":"PropertyValueSpecification","valueRequired":true,"valueName":"search_term_string"}}],"inLanguage":"pl-PL"},{"@type":"Organization","@id":"https:\/\/www.truzzer.com\/pl\/#organization","name":"truzzer","url":"https:\/\/www.truzzer.com\/pl\/","logo":{"@type":"ImageObject","inLanguage":"pl-PL","@id":"https:\/\/www.truzzer.com\/pl\/#\/schema\/logo\/image\/","url":"https:\/\/truzzer.com\/wp-content\/uploads\/2026\/01\/truzzer-logo-black-1.svg","contentUrl":"https:\/\/truzzer.com\/wp-content\/uploads\/2026\/01\/truzzer-logo-black-1.svg","width":938,"height":199,"caption":"truzzer"},"image":{"@id":"https:\/\/www.truzzer.com\/pl\/#\/schema\/logo\/image\/"}}]}},"tiered_pricing_type":"fixed","tiered_pricing_fixed_rules":[],"tiered_pricing_product_settings":{"layout":"default","base_unit_name":{"singular":null,"plural":null},"default_variation":null},"tiered_pricing_minimum_quantity":null,"tiered_pricing_roles_data":[],"tiered_pricing_percentage_rules":[],"tiered_pricing_maximum_quantity":null,"tiered_pricing_quantity_step":null,"_links":{"self":[{"href":"https:\/\/www.truzzer.com\/pl\/wp-json\/wp\/v2\/product\/94734","targetHints":{"allow":["GET"]}}],"collection":[{"href":"https:\/\/www.truzzer.com\/pl\/wp-json\/wp\/v2\/product"}],"about":[{"href":"https:\/\/www.truzzer.com\/pl\/wp-json\/wp\/v2\/types\/product"}],"replies":[{"embeddable":true,"href":"https:\/\/www.truzzer.com\/pl\/wp-json\/wp\/v2\/comments?post=94734"}],"wp:featuredmedia":[{"embeddable":true,"href":"https:\/\/www.truzzer.com\/pl\/wp-json\/wp\/v2\/media\/94735"}],"wp:attachment":[{"href":"https:\/\/www.truzzer.com\/pl\/wp-json\/wp\/v2\/media?parent=94734"}],"wp:term":[{"taxonomy":"product_brand","embeddable":true,"href":"https:\/\/www.truzzer.com\/pl\/wp-json\/wp\/v2\/product_brand?post=94734"},{"taxonomy":"product_cat","embeddable":true,"href":"https:\/\/www.truzzer.com\/pl\/wp-json\/wp\/v2\/product_cat?post=94734"},{"taxonomy":"product_tag","embeddable":true,"href":"https:\/\/www.truzzer.com\/pl\/wp-json\/wp\/v2\/product_tag?post=94734"}],"curies":[{"name":"wp","href":"https:\/\/api.w.org\/{rel}","templated":true}]}}