{"id":101793,"date":"2026-02-04T15:43:35","date_gmt":"2026-02-04T15:43:35","guid":{"rendered":"https:\/\/beta.truzzer.com\/legal-information\/"},"modified":"2026-02-13T08:22:19","modified_gmt":"2026-02-13T08:22:19","slug":"legal-information","status":"publish","type":"page","link":"https:\/\/www.truzzer.com\/sv\/legal-information\/","title":{"rendered":"Juridisk information"},"content":{"rendered":"<article class=\"entry-content post-22029 page type-page status-publish hentry\" id=\"post-22029\">\n<p><strong>\u00a0<\/strong><\/p>\n<p>truzzer.com, en produkt fr\u00e5n eKomi Inc.<\/p>\n<p>9100 Wilshire Boulevard, #725 E<br \/>\nBeverly Hills, CA 90210<\/p>\n<p><strong>Arbetsgivarnummer 46-3575280\u00a0 <\/strong><\/p>\n<h4><strong>Kontakt:<\/strong><\/h4>\n<p>Telefon:<\/p>\n<p>NL: +31 0137009709<\/p>\n<p>USA: +1 844-356-6487<br \/>\nIT: +39 800727483<br \/>\nFR: +33-185149756<br \/>\nStorbritannien: +49 030 2000 444 999<br \/>\nES: +34 911238286<\/p>\n<p>(Fr\u00e5gor kommer att besvaras inom 24 timmar)<\/p>\n<p>Fax: +49 030 2000 444 998<\/p>\n<p>E-post: <a class=\"__cf_email__\" data-cfemail=\"a2cac7cececde2d6d0d7d8d8c7d08cc1cdcf\" href=\"\/cdn-cgi\/l\/email-protection\">[e-postskyddad]<\/a><\/p>\n<p>I enlighet med artikel 36 i den tyska lagen om konsumenttvistl\u00f6sning (Verbraucherstreitbeilegungsgesetz) \u00e4r vi skyldiga att informera dig om den europeiska plattformen f\u00f6r tvistl\u00f6sning online (ODR-plattform) som tillhandah\u00e5lls av Europeiska kommissionen, som finns p\u00e5:<\/p>\n<p>https:\/\/ec.europa.eu\/consumers\/odr.<\/p>\n<p>eKomi Holding GmbH deltar inte i f\u00f6rfaranden p\u00e5 denna plattform eller i andra tvistl\u00f6sningsf\u00f6rfaranden som genomf\u00f6rs av ett skiljedomsorgan och \u00e4r inte heller skyldigt att g\u00f6ra det.<\/p>\n<p><\/artikel><\/p>\n","protected":false},"excerpt":{"rendered":"<p>\u00a0 truzzer.com, en produkt fr\u00e5n eKomi Inc. 9100 Wilshire Boulevard, #725 E Beverly Hills, CA 90210 Arbetsgivarnummer 46-3575280\u00a0 Kontakt: Telefon:<\/p>\n","protected":false},"author":1,"featured_media":0,"parent":0,"menu_order":0,"comment_status":"closed","ping_status":"closed","template":"","meta":{"_acf_changed":false,"_yoast_wpseo_focuskw":"","_yoast_wpseo_title":"","_yoast_wpseo_metadesc":"","footnotes":""},"class_list":["post-101793","page","type-page","status-publish","hentry"],"acf":[],"yoast_head":"<!-- This site is optimized with the Yoast SEO plugin v27.0 - https:\/\/yoast.com\/product\/yoast-seo-wordpress\/ -->\n<title>Juridisk information | truzzer<\/title>\n<meta name=\"robots\" content=\"index, follow, max-snippet:-1, max-image-preview:large, max-video-preview:-1\" \/>\n<link rel=\"canonical\" href=\"https:\/\/www.truzzer.com\/sv\/legal-information\/\" \/>\n<meta property=\"og:locale\" content=\"sv_SE\" \/>\n<meta property=\"og:type\" content=\"article\" \/>\n<meta property=\"og:title\" content=\"Juridisk information | truzzer\" \/>\n<meta property=\"og:description\" content=\"\u00a0 truzzer.com, en produkt fr\u00e5n eKomi Inc. 9100 Wilshire Boulevard, #725 E Beverly Hills, CA 90210 Arbetsgivarnummer 46-3575280\u00a0 Kontakt: Telefon:\" \/>\n<meta property=\"og:url\" content=\"https:\/\/www.truzzer.com\/sv\/legal-information\/\" \/>\n<meta property=\"og:site_name\" content=\"truzzer\" \/>\n<meta property=\"article:modified_time\" content=\"2026-02-13T08:22:19+00:00\" \/>\n<meta name=\"twitter:card\" content=\"summary_large_image\" \/>\n<meta name=\"twitter:label1\" content=\"Ber\u00e4knad l\u00e4stid\" \/>\n\t<meta name=\"twitter:data1\" content=\"1 minut\" \/>\n<script type=\"application\/ld+json\" class=\"yoast-schema-graph\">{\"@context\":\"https:\/\/schema.org\",\"@graph\":[{\"@type\":\"WebPage\",\"@id\":\"https:\/\/www.truzzer.com\/sv\/legal-information\/\",\"url\":\"https:\/\/www.truzzer.com\/sv\/legal-information\/\",\"name\":\"Juridisk information | truzzer\",\"isPartOf\":{\"@id\":\"https:\/\/www.truzzer.com\/sv\/#website\"},\"datePublished\":\"2026-02-04T15:43:35+00:00\",\"dateModified\":\"2026-02-13T08:22:19+00:00\",\"breadcrumb\":{\"@id\":\"https:\/\/www.truzzer.com\/sv\/legal-information\/#breadcrumb\"},\"inLanguage\":\"sv-SE\",\"potentialAction\":[{\"@type\":\"ReadAction\",\"target\":[\"https:\/\/www.truzzer.com\/sv\/legal-information\/\"]}]},{\"@type\":\"BreadcrumbList\",\"@id\":\"https:\/\/www.truzzer.com\/sv\/legal-information\/#breadcrumb\",\"itemListElement\":[{\"@type\":\"ListItem\",\"position\":1,\"name\":\"Home\",\"item\":\"https:\/\/www.truzzer.com\/sv\/\"},{\"@type\":\"ListItem\",\"position\":2,\"name\":\"Juridisk information\"}]},{\"@type\":\"WebSite\",\"@id\":\"https:\/\/www.truzzer.com\/sv\/#website\",\"url\":\"https:\/\/www.truzzer.com\/sv\/\",\"name\":\"truzzer\",\"description\":\"Experts for customer trust\",\"publisher\":{\"@id\":\"https:\/\/www.truzzer.com\/sv\/#organization\"},\"potentialAction\":[{\"@type\":\"SearchAction\",\"target\":{\"@type\":\"EntryPoint\",\"urlTemplate\":\"https:\/\/www.truzzer.com\/sv\/?s={search_term_string}\"},\"query-input\":{\"@type\":\"PropertyValueSpecification\",\"valueRequired\":true,\"valueName\":\"search_term_string\"}}],\"inLanguage\":\"sv-SE\"},{\"@type\":\"Organization\",\"@id\":\"https:\/\/www.truzzer.com\/sv\/#organization\",\"name\":\"truzzer\",\"url\":\"https:\/\/www.truzzer.com\/sv\/\",\"logo\":{\"@type\":\"ImageObject\",\"inLanguage\":\"sv-SE\",\"@id\":\"https:\/\/www.truzzer.com\/sv\/#\/schema\/logo\/image\/\",\"url\":\"https:\/\/truzzer.com\/wp-content\/uploads\/2026\/01\/truzzer-logo-black-1.svg\",\"contentUrl\":\"https:\/\/truzzer.com\/wp-content\/uploads\/2026\/01\/truzzer-logo-black-1.svg\",\"width\":938,\"height\":199,\"caption\":\"truzzer\"},\"image\":{\"@id\":\"https:\/\/www.truzzer.com\/sv\/#\/schema\/logo\/image\/\"}}]}<\/script>\n<!-- \/ Yoast SEO plugin. -->","yoast_head_json":{"title":"Juridisk information | truzzer","robots":{"index":"index","follow":"follow","max-snippet":"max-snippet:-1","max-image-preview":"max-image-preview:large","max-video-preview":"max-video-preview:-1"},"canonical":"https:\/\/www.truzzer.com\/sv\/legal-information\/","og_locale":"sv_SE","og_type":"article","og_title":"Juridisk information | truzzer","og_description":"\u00a0 truzzer.com, en produkt fr\u00e5n eKomi Inc. 9100 Wilshire Boulevard, #725 E Beverly Hills, CA 90210 Arbetsgivarnummer 46-3575280\u00a0 Kontakt: Telefon:","og_url":"https:\/\/www.truzzer.com\/sv\/legal-information\/","og_site_name":"truzzer","article_modified_time":"2026-02-13T08:22:19+00:00","twitter_card":"summary_large_image","twitter_misc":{"Ber\u00e4knad l\u00e4stid":"1 minut"},"schema":{"@context":"https:\/\/schema.org","@graph":[{"@type":"WebPage","@id":"https:\/\/www.truzzer.com\/sv\/legal-information\/","url":"https:\/\/www.truzzer.com\/sv\/legal-information\/","name":"Juridisk information | truzzer","isPartOf":{"@id":"https:\/\/www.truzzer.com\/sv\/#website"},"datePublished":"2026-02-04T15:43:35+00:00","dateModified":"2026-02-13T08:22:19+00:00","breadcrumb":{"@id":"https:\/\/www.truzzer.com\/sv\/legal-information\/#breadcrumb"},"inLanguage":"sv-SE","potentialAction":[{"@type":"ReadAction","target":["https:\/\/www.truzzer.com\/sv\/legal-information\/"]}]},{"@type":"BreadcrumbList","@id":"https:\/\/www.truzzer.com\/sv\/legal-information\/#breadcrumb","itemListElement":[{"@type":"ListItem","position":1,"name":"Home","item":"https:\/\/www.truzzer.com\/sv\/"},{"@type":"ListItem","position":2,"name":"Juridisk information"}]},{"@type":"WebSite","@id":"https:\/\/www.truzzer.com\/sv\/#website","url":"https:\/\/www.truzzer.com\/sv\/","name":"truzzer","description":"Experts for customer trust","publisher":{"@id":"https:\/\/www.truzzer.com\/sv\/#organization"},"potentialAction":[{"@type":"SearchAction","target":{"@type":"EntryPoint","urlTemplate":"https:\/\/www.truzzer.com\/sv\/?s={search_term_string}"},"query-input":{"@type":"PropertyValueSpecification","valueRequired":true,"valueName":"search_term_string"}}],"inLanguage":"sv-SE"},{"@type":"Organization","@id":"https:\/\/www.truzzer.com\/sv\/#organization","name":"truzzer","url":"https:\/\/www.truzzer.com\/sv\/","logo":{"@type":"ImageObject","inLanguage":"sv-SE","@id":"https:\/\/www.truzzer.com\/sv\/#\/schema\/logo\/image\/","url":"https:\/\/truzzer.com\/wp-content\/uploads\/2026\/01\/truzzer-logo-black-1.svg","contentUrl":"https:\/\/truzzer.com\/wp-content\/uploads\/2026\/01\/truzzer-logo-black-1.svg","width":938,"height":199,"caption":"truzzer"},"image":{"@id":"https:\/\/www.truzzer.com\/sv\/#\/schema\/logo\/image\/"}}]}},"_links":{"self":[{"href":"https:\/\/www.truzzer.com\/sv\/wp-json\/wp\/v2\/pages\/101793","targetHints":{"allow":["GET"]}}],"collection":[{"href":"https:\/\/www.truzzer.com\/sv\/wp-json\/wp\/v2\/pages"}],"about":[{"href":"https:\/\/www.truzzer.com\/sv\/wp-json\/wp\/v2\/types\/page"}],"author":[{"embeddable":true,"href":"https:\/\/www.truzzer.com\/sv\/wp-json\/wp\/v2\/users\/1"}],"replies":[{"embeddable":true,"href":"https:\/\/www.truzzer.com\/sv\/wp-json\/wp\/v2\/comments?post=101793"}],"version-history":[{"count":0,"href":"https:\/\/www.truzzer.com\/sv\/wp-json\/wp\/v2\/pages\/101793\/revisions"}],"wp:attachment":[{"href":"https:\/\/www.truzzer.com\/sv\/wp-json\/wp\/v2\/media?parent=101793"}],"curies":[{"name":"wp","href":"https:\/\/api.w.org\/{rel}","templated":true}]}}