{"id":101796,"date":"2026-02-04T15:43:10","date_gmt":"2026-02-04T15:43:10","guid":{"rendered":"https:\/\/beta.truzzer.com\/revocation\/"},"modified":"2026-02-13T08:23:13","modified_gmt":"2026-02-13T08:23:13","slug":"revocation","status":"publish","type":"page","link":"https:\/\/www.truzzer.com\/sv\/revocation\/","title":{"rendered":"\u00c5terkallande"},"content":{"rendered":"<article class=\"entry-content post-22031 page type-page status-publish hentry\" id=\"post-22031\">\n<p><strong>\u00a0<\/strong><\/p>\n<p><strong>Meddelande till konsumenter om upps\u00e4gning av avtal f\u00f6r varor som levereras i en enda s\u00e4ndning<\/strong><\/p>\n<p><em>Avbokningspolicy<\/em><br \/>\nEn konsument \u00e4r varje fysisk person som genomf\u00f6r en r\u00e4ttslig transaktion f\u00f6r \u00e4ndam\u00e5l som till st\u00f6rsta delen inte kan h\u00e4nf\u00f6ras till n\u00e5gon yrkesverksamhet av vare sig kommersiell eller egenf\u00f6retagareskarakt\u00e4r som de \u00e4gnar sig \u00e5t.<\/p>\n<p><em>\u00c5ngerr\u00e4tt<\/em><br \/>\nDu har r\u00e4tt att s\u00e4ga upp detta avtal utan att ange sk\u00e4l inom en fjorton dagars \u00e5ngerfrist som b\u00f6rjar den dag d\u00e5 du eller en tredje part som du utsett (du kan inte utse transport\u00f6ren) tar emot varorna. F\u00f6r att ut\u00f6va din \u00e5ngerr\u00e4tt m\u00e5ste du meddela oss (<\/p>\n<p><strong>truzzer.com<\/strong><br \/>\nASMUS&amp;HOCK GbR<br \/>\nMoltkestr. 25<br \/>\n42799 TysklandTelefonnummer: +49 2175 978 366 3<br \/>\nE-postadress: <a class=\"__cf_email__\" data-cfemail=\"d7bfb2bbbbb897a3a5a2adadb2a5f9b4b8ba\" href=\"\/cdn-cgi\/l\/email-protection\">[e-postskyddad]<\/a><\/p>\n<p>). Du kan \u2013 men \u00e4r inte skyldig att \u2013 anv\u00e4nda mallen f\u00f6r upps\u00e4gningsformul\u00e4r som bifogas denna avbokningsregler. Du kommer att anses ha f\u00f6ljt ovann\u00e4mnda \u00e5ngerfrist om ditt brev, fax eller e-postmeddelande som meddelar oss om anv\u00e4ndningen av din \u00e5ngerr\u00e4tt har skickats f\u00f6re utg\u00e5ngen av \u00e5ngerfristen.<\/p>\n<p><em>Konsekvenser av avbokning<\/em><br \/>\nOm du s\u00e4ger upp detta avtal \u00e4r vi skyldiga att betala tillbaka alla betalningar vi har tagit emot fr\u00e5n dig (inklusive fraktkostnader men exklusive extra kostnader som uppst\u00e5r till f\u00f6ljd av att du valt ett annat fraktalternativ \u00e4n det standard- och l\u00e4gsta fraktalternativ som vi erbjuder) utan dr\u00f6jsm\u00e5l och inom en period av h\u00f6gst fjorton dagar fr\u00e5n det datum d\u00e5 vi tar emot ditt brev, fax eller e-postmeddelande som meddelar oss om upps\u00e4gningen. \u00c5terbetalning sker med samma betalningstyp som du anv\u00e4nde f\u00f6r den ursprungliga transaktionen om inte annat \u00f6verenskommits med dig; under inga omst\u00e4ndigheter kommer du att debiteras n\u00e5gra avgifter i samband med \u00e5terbetalning. Vi f\u00f6rbeh\u00e5ller oss r\u00e4tten att v\u00e4gra \u00e5terbetalning tills vi har tagit emot de returnerade varorna eller tills du har visat att du har returnerat varorna (beroende p\u00e5 vilken tidpunkt som \u00e4r tidigast). Du \u00e4r skyldig att returnera varorna till oss utan dr\u00f6jsm\u00e5l och inom en period av h\u00f6gst fjorton dagar fr\u00e5n det datum d\u00e5 du meddelar oss om upps\u00e4gningen av detta avtal. Du kommer att anses ha uppfyllt ovann\u00e4mnda returperiod om du skickar varorna f\u00f6re utg\u00e5ngen av fjortondagarsperioden.<\/p>\n<p>Du \u00e4r ansvarig f\u00f6r den direkta kostnaden f\u00f6r att returnera varorna.<br \/>\nDu \u00e4r endast ansvarig f\u00f6r eventuell v\u00e4rdeminskning av varorna om s\u00e5dan v\u00e4rdeminskning kan h\u00e4nf\u00f6ras till att du hanterar varorna som inte \u00e4r v\u00e4sentliga f\u00f6r andra \u00e4ndam\u00e5l \u00e4n verifiering av dess art, egenskaper och funktionalitet.<\/p>\n<p><em>Mall f\u00f6r upps\u00e4gningsformul\u00e4r<\/em><br \/>\n(Om du vill s\u00e4ga upp avtalet, fyll i detta formul\u00e4r och skicka tillbaka det till oss.)<br \/>\n\u2013 Till<\/p>\n<p><strong>truzzer.com<\/strong><br \/>\nASMUS&amp;HOCK GbR<br \/>\nMoltkestr. 25<br \/>\n42799 TysklandTelefonnummer: +49 2175 978 366 3<br \/>\nE-postadress: <a class=\"__cf_email__\" data-cfemail=\"2e464b4242416e5a5c5b54544b5c004d4143\" href=\"\/cdn-cgi\/l\/email-protection\">[e-postskyddad]<\/a><\/p>\n<p>:<br \/>\n\u2013 Jag\/vi (*) h\u00e4ver h\u00e4rmed det avtal jag\/vi (*) ing\u00e5tt f\u00f6r k\u00f6p av f\u00f6ljande varor (*)\/ leverans av f\u00f6ljande tj\u00e4nst (*)<br \/>\n\u2013 Best\u00e4lld (*)\/Mottaget (*)<br \/>\n\u2013 Namn p\u00e5 konsument(er)<br \/>\n\u2013 Adress till konsument(er)<br \/>\n\u2013 Underskrift av konsument(er) (kr\u00e4vs endast om avbokningen g\u00f6rs i pappersform)<br \/>\n\u2013 Datum<br \/>\n\u2014\u2014\u2014\u2014\u2014\u2014\u2014\u2014\u2014\u2014\u2014\u2014\u2014<br \/>\n(*) Ta bort det som \u00e4r l\u00e4mpligt.<\/p>\n<p><em>Uteslutning och f\u00f6r tidigt upph\u00f6rande av \u00e5ngerr\u00e4tten<\/em><br \/>\n\u00c5ngerr\u00e4tten g\u00e4ller inte avtal f\u00f6r<br \/>\nleverans av varor som inte \u00e4r prefabricerade och vars tillverkning antingen definieras av de alternativ som valts och avsedda av konsumenten eller tydligt skr\u00e4ddarsydda f\u00f6r konsumentens personliga krav;<br \/>\nleverans av varor som kan f\u00f6rg\u00e5s snabbt eller snabbt \u00f6verstiga deras utg\u00e5ngsdatum;<br \/>\nleverans av alkoholhaltiga drycker f\u00f6r vilka ett pris avtalades vid tidpunkten f\u00f6r avtalets ing\u00e5ende men som kan levereras tidigast 30 dagar efter avtalets ing\u00e5ende och vars nuvarande v\u00e4rde \u00e4r f\u00f6rem\u00e5l f\u00f6r fluktuationer p\u00e5 marknaden som f\u00f6retagaren inte har n\u00e5got inflytande \u00f6ver;<br \/>\ntillhandah\u00e5llande av tidningar, tidskrifter eller gl\u00e4nsande tidskrifter med undantag f\u00f6r s\u00e5dana som prenumeration finns. \u00c5ngerr\u00e4tten upph\u00f6r i f\u00f6rtid vid avtal om leverans av f\u00f6rseglade varor som av h\u00e4lsoskydds- eller hygiensk\u00e4l bed\u00f6ms ol\u00e4mpliga att returneras i den m\u00e5n deras f\u00f6rsegling br\u00f6ts efter leveransen, till f\u00f6ljd av leverans av varor som, till sin natur, ytterligare blandas med andra varor. leverans;leverans av ljud- eller videoinspelningar eller datorprogramvara i ett f\u00f6rseglat paket i den m\u00e5n deras f\u00f6rsegling togs bort efter leverans.<\/p>\n<p><strong>Meddelande till konsumenter om upps\u00e4gning av avtal om leverans av flera varor best\u00e4llda som en enda best\u00e4llning men levererade separat<\/strong><\/p>\n<p><em>Avbokningspolicy<\/em><br \/>\nEn konsument \u00e4r varje fysisk person som genomf\u00f6r en r\u00e4ttslig transaktion f\u00f6r \u00e4ndam\u00e5l som till st\u00f6rsta delen inte kan h\u00e4nf\u00f6ras till n\u00e5gon yrkesverksamhet av vare sig kommersiell eller egenf\u00f6retagareskarakt\u00e4r som de \u00e4gnar sig \u00e5t.<\/p>\n<p><em>\u00c5ngerr\u00e4tt<\/em><br \/>\nDu har r\u00e4tt att s\u00e4ga upp detta avtal utan att ange sk\u00e4l inom en fjorton dagars \u00e5ngerfrist som b\u00f6rjar den dag d\u00e5 du eller en tredje part som du utsett (du kan inte utse transport\u00f6ren) tar emot de sista varorna. F\u00f6r att ut\u00f6va din \u00e5ngerr\u00e4tt m\u00e5ste du meddela oss (<\/p>\n<p><strong>truzzer.com<\/strong><br \/>\nASMUS&amp;HOCK GbR<br \/>\nMoltkestr. 25<br \/>\n42799 TysklandTelefonnummer: +49 2175 978 366 3<br \/>\nE-postadress: <a class=\"__cf_email__\" data-cfemail=\"375f525b5b58774345424d4d52451954585a\" href=\"\/cdn-cgi\/l\/email-protection\">[email\u00a0protected]<\/a>) till ditt beslut att s\u00e4ga upp det h\u00e4r avtalet genom t.ex. ett brev skickat med post, fax eller e-post). Du kan \u2013 men \u00e4r inte skyldig att \u2013 anv\u00e4nda mallen f\u00f6r upps\u00e4gningsformul\u00e4r som bifogas denna avbokningsregler. Du kommer att anses ha f\u00f6ljt ovann\u00e4mnda \u00e5ngerfrist om ditt brev, fax eller e-postmeddelande som meddelar oss om anv\u00e4ndningen av din \u00e5ngerr\u00e4tt har skickats f\u00f6re utg\u00e5ngen av \u00e5ngerfristen.<\/p>\n<p><em>Konsekvenser av avbokning<\/em><br \/>\nOm du s\u00e4ger upp detta avtal \u00e4r vi skyldiga att betala tillbaka alla betalningar vi har mottagit fr\u00e5n dig (inklusive fraktkostnader men exklusive extra kostnader som uppst\u00e5r till f\u00f6ljd av att du valt ett annat fraktalternativ \u00e4n det standard- och l\u00e4gsta fraktalternativ som vi erbjuder) utan dr\u00f6jsm\u00e5l och inom en period av h\u00f6gst fjorton dagar fr\u00e5n det datum d\u00e5 vi tar emot ditt brev, fax eller e-postmeddelande som meddelar oss om upps\u00e4gningen av detta avtal. \u00c5terbetalning sker med samma betalningstyp som du anv\u00e4nde f\u00f6r den ursprungliga transaktionen om inte annat \u00f6verenskommits med dig; under inga omst\u00e4ndigheter kommer du att debiteras n\u00e5gra avgifter i samband med \u00e5terbetalning. Vi f\u00f6rbeh\u00e5ller oss r\u00e4tten att v\u00e4gra \u00e5terbetalning tills vi har tagit emot de returnerade varorna eller tills du har visat att du har returnerat varorna (beroende p\u00e5 vilken tidpunkt som \u00e4r tidigast). Du \u00e4r skyldig att returnera varorna till oss utan dr\u00f6jsm\u00e5l och inom en period av h\u00f6gst fjorton dagar fr\u00e5n det datum d\u00e5 du meddelar oss om upps\u00e4gningen av detta avtal. Du kommer att anses ha uppfyllt ovann\u00e4mnda returperiod om du skickar varorna f\u00f6re utg\u00e5ngen av fjortondagarsperioden.<\/p>\n<p>Du \u00e4r ansvarig f\u00f6r den direkta kostnaden f\u00f6r att returnera varorna. Du \u00e4r endast ansvarig f\u00f6r eventuell v\u00e4rdeminskning av varorna om s\u00e5dan v\u00e4rdeminskning kan h\u00e4nf\u00f6ras till att du hanterar varorna som inte \u00e4r v\u00e4sentliga f\u00f6r andra \u00e4ndam\u00e5l \u00e4n verifiering av dess art, egenskaper och funktionalitet.<\/p>\n<p><em>Mall f\u00f6r upps\u00e4gningsformul\u00e4r<\/em><br \/>\n(Om du vill s\u00e4ga upp avtalet, fyll i detta formul\u00e4r och skicka tillbaka det till oss.)<br \/>\n\u2013 Till<\/p>\n<p><strong>truzzer.com<\/strong><br \/>\nASMUS&amp;HOCK GbR<br \/>\nMoltkestr. 25<br \/>\n42799 TysklandTelefonnummer: +49 2175 978 366 3<br \/>\nE-postadress: <a class=\"__cf_email__\" data-cfemail=\"1f777a7373705f6b6d6a65657a6d317c7072\" href=\"\/cdn-cgi\/l\/email-protection\">[e-postskyddad]<\/a><\/p>\n<p>:<br \/>\n\u2013 Jag\/vi (*) h\u00e4ver h\u00e4rmed det avtal jag\/vi (*) ing\u00e5tt f\u00f6r k\u00f6p av f\u00f6ljande varor (*)\/ leverans av f\u00f6ljande tj\u00e4nst (*)<br \/>\n\u2013 Best\u00e4lld (*)\/Mottaget (*)<br \/>\n\u2013 Namn p\u00e5 konsument(er)<br \/>\n\u2013 Adress till konsument(er)<br \/>\n\u2013 Underskrift av konsument(er) (kr\u00e4vs endast om avbokningen g\u00f6rs i pappersform)<br \/>\n\u2013 Datum<br \/>\n\u2014\u2014\u2014\u2014\u2014\u2014\u2014\u2014\u2014\u2014\u2014\u2014\u2014<br \/>\n(*) Ta bort det som \u00e4r l\u00e4mpligt.<\/p>\n<p><em>Uteslutning och f\u00f6r tidigt upph\u00f6rande av \u00e5ngerr\u00e4tten<\/em><br \/>\n\u00c5ngerr\u00e4tten g\u00e4ller inte avtal om leverans av varor som inte \u00e4r prefabricerade och vars tillverkning antingen definieras av de alternativ som valts och avsedda av konsumenten eller tydligt anpassade till konsumentens personliga krav;<br \/>\nleverans av varor som kan f\u00f6rg\u00e5s snabbt eller snabbt \u00f6verstiga deras utg\u00e5ngsdatum;<br \/>\nleverans av alkoholhaltiga drycker f\u00f6r vilka ett pris avtalades vid tidpunkten f\u00f6r avtalets ing\u00e5ende men som kan levereras tidigast 30 dagar efter avtalets ing\u00e5ende och vars nuvarande v\u00e4rde \u00e4r f\u00f6rem\u00e5l f\u00f6r fluktuationer p\u00e5 marknaden som f\u00f6retagaren inte har n\u00e5got inflytande \u00f6ver;<br \/>\ntillhandah\u00e5llande av tidningar, tidskrifter eller gl\u00e4nsande tidskrifter med undantag f\u00f6r s\u00e5dana som prenumeration finns. \u00c5ngerr\u00e4tten upph\u00f6r i f\u00f6rtid vid avtal om leverans av f\u00f6rseglade varor som av h\u00e4lsoskydds- eller hygiensk\u00e4l bed\u00f6ms ol\u00e4mpliga att returneras i den m\u00e5n deras f\u00f6rsegling br\u00f6ts efter leveransen, till f\u00f6ljd av leverans av varor som, till sin natur, ytterligare blandas med andra varor. leverans;leverans av ljud- eller videoinspelningar eller datorprogramvara i ett f\u00f6rseglat paket i den m\u00e5n deras f\u00f6rsegling togs bort efter leverans.<\/p>\n<p><strong>Meddelande till konsumenter om upps\u00e4gning av avtal f\u00f6r varor som levereras i flera s\u00e4ndningar eller delar<\/strong><\/p>\n<p><em>Avbokningspolicy<\/em><br \/>\nEn konsument \u00e4r varje fysisk person som genomf\u00f6r en r\u00e4ttslig transaktion f\u00f6r \u00e4ndam\u00e5l som till st\u00f6rsta delen inte kan h\u00e4nf\u00f6ras till n\u00e5gon yrkesverksamhet av vare sig kommersiell eller egenf\u00f6retagareskarakt\u00e4r som de \u00e4gnar sig \u00e5t.<\/p>\n<p><em>\u00c5ngerr\u00e4tt<\/em><br \/>\nDu har r\u00e4tt att h\u00e4va detta avtal utan att ange sk\u00e4l inom en fjortondagars \u00e5ngerfrist som b\u00f6rjar den dag d\u00e5 du eller en tredje part som du utsett (du kan inte utse transport\u00f6ren) tar emot den sista f\u00f6rs\u00e4ndelsen eller den sista delen av de best\u00e4llda varorna. F\u00f6r att ut\u00f6va din \u00e5ngerr\u00e4tt m\u00e5ste du meddela oss (<\/p>\n<p><strong>truzzer.com<\/strong><br \/>\nASMUS&amp;HOCK GbR<br \/>\nMoltkestr. 25<br \/>\n42799 TysklandTelefonnummer: +49 2175 978 366 3<br \/>\nE-postadress: <a class=\"__cf_email__\" data-cfemail=\"640c0108080b241016111e1e01164a070b09\" href=\"\/cdn-cgi\/l\/email-protection\">[e-postskyddad]<\/a><\/p>\n<p>) om ditt beslut att s\u00e4ga upp detta avtal genom en otvetydig f\u00f6rklaring (t.ex. i form av ett brev skickat per post, fax eller e-post). Du kan \u2013 men \u00e4r inte skyldig att \u2013 anv\u00e4nda mallen f\u00f6r upps\u00e4gningsformul\u00e4r som bifogas denna avbokningsregler. Du kommer att anses ha f\u00f6ljt ovann\u00e4mnda \u00e5ngerfrist om ditt brev, fax eller e-postmeddelande som meddelar oss om anv\u00e4ndningen av din \u00e5ngerr\u00e4tt har skickats f\u00f6re utg\u00e5ngen av \u00e5ngerfristen.<\/p>\n<p><em>Konsekvenser av avbokning<\/em><br \/>\nOm du s\u00e4ger upp detta avtal \u00e4r vi skyldiga att betala tillbaka alla betalningar vi har mottagit fr\u00e5n dig (inklusive fraktkostnader men exklusive extra kostnader som uppst\u00e5r till f\u00f6ljd av att du valt ett annat fraktalternativ \u00e4n det standard- och l\u00e4gsta fraktalternativ som vi erbjuder) utan dr\u00f6jsm\u00e5l och inom en period av h\u00f6gst fjorton dagar fr\u00e5n det datum d\u00e5 vi tar emot ditt brev, fax eller e-postmeddelande som meddelar oss om upps\u00e4gningen av detta avtal. \u00c5terbetalning sker med samma betalningstyp som du anv\u00e4nde f\u00f6r den ursprungliga transaktionen om inte annat \u00f6verenskommits med dig; under inga omst\u00e4ndigheter kommer du att debiteras n\u00e5gra avgifter i samband med \u00e5terbetalning. Vi f\u00f6rbeh\u00e5ller oss r\u00e4tten att v\u00e4gra \u00e5terbetalning tills vi har tagit emot de returnerade varorna eller tills du har visat att du har returnerat varorna (beroende p\u00e5 vilken tidpunkt som \u00e4r tidigast). Du \u00e4r skyldig att returnera varorna till oss utan dr\u00f6jsm\u00e5l och inom en period av h\u00f6gst fjorton dagar fr\u00e5n det datum d\u00e5 du informerar oss om upps\u00e4gningen av detta avtal. Du kommer att anses ha uppfyllt ovann\u00e4mnda returperiod om du skickar varorna f\u00f6re utg\u00e5ngen av fjortondagarsperioden.<\/p>\n<p>Du \u00e4r ansvarig f\u00f6r den direkta kostnaden f\u00f6r att returnera varorna. Du \u00e4r endast ansvarig f\u00f6r eventuell v\u00e4rdeminskning av varorna om s\u00e5dan v\u00e4rdeminskning kan h\u00e4nf\u00f6ras till att du inte hanterar varorna i andra syften \u00e4n verifiering av dess art, egenskaper och funktionalitet.<em>Mall f\u00f6r upps\u00e4gningsformul\u00e4r<\/em>(Om du vill h\u00e4va avtalet, fyll i detta formul\u00e4r och skicka tillbaka det till oss.)<br \/>\n\u2013 Till :<\/p>\n<p><strong>truzzer.com<\/strong><br \/>\nASMUS&amp;HOCK GbR<br \/>\nMoltkestr. 25<br \/>\n42799 TysklandTelefonnummer: +49 2175 978 366 3<br \/>\nE-postadress: <a class=\"__cf_email__\" data-cfemail=\"5f373a3333301f2b2d2a25253a2d713c3032\" href=\"\/cdn-cgi\/l\/email-protection\">[e-postskyddad]<\/a><\/p>\n<p>\u2013 Jag\/vi (*) h\u00e4ver h\u00e4rmed det avtal jag\/vi (*) ing\u00e5tt f\u00f6r k\u00f6p av f\u00f6ljande varor (*)\/ leverans av f\u00f6ljande tj\u00e4nst (*)<br \/>\n\u2013 Best\u00e4lld (*)\/Mottaget (*)<br \/>\n\u2013 Namn p\u00e5 konsument(er)<br \/>\n\u2013 Adress till konsument(er)<br \/>\n\u2013 Underskrift av konsument(er) (kr\u00e4vs endast om avbokningen g\u00f6rs i pappersform)<br \/>\n\u2013 Datum<br \/>\n\u2014\u2014\u2014\u2014\u2014\u2014\u2014\u2014\u2014\u2014\u2014\u2014\u2014<br \/>\n(*) Ta bort det som \u00e4r l\u00e4mpligt.<\/p>\n<p><em>Uteslutning och f\u00f6r tidigt upph\u00f6rande av \u00e5ngerr\u00e4tten<\/em><br \/>\n\u00c5ngerr\u00e4tten g\u00e4ller inte avtal f\u00f6r<br \/>\nleverans av varor som inte \u00e4r prefabricerade och vars tillverkning antingen definieras av de alternativ som valts och avsedda av konsumenten eller tydligt skr\u00e4ddarsydda f\u00f6r konsumentens personliga krav;<br \/>\nleverans av varor som kan f\u00f6rg\u00e5s snabbt eller snabbt \u00f6verstiga deras utg\u00e5ngsdatum;<br \/>\nleverans av alkoholhaltiga drycker f\u00f6r vilka ett pris avtalades vid tidpunkten f\u00f6r avtalets ing\u00e5ende men som kan levereras tidigast 30 dagar efter avtalets ing\u00e5ende och vars nuvarande v\u00e4rde \u00e4r f\u00f6rem\u00e5l f\u00f6r fluktuationer p\u00e5 marknaden som f\u00f6retagaren inte har n\u00e5got inflytande \u00f6ver;<br \/>\ntillhandah\u00e5llande av tidningar, tidskrifter eller gl\u00e4nsande tidskrifter med undantag f\u00f6r s\u00e5dana som prenumeration finns. \u00c5ngerr\u00e4tten upph\u00f6r i f\u00f6rtid vid avtal om leverans av f\u00f6rseglade varor som av h\u00e4lsoskydds- eller hygiensk\u00e4l bed\u00f6ms ol\u00e4mpliga att returneras i den m\u00e5n deras f\u00f6rsegling br\u00f6ts efter leveransen, till f\u00f6ljd av leverans av varor som, till sin natur, ytterligare blandas med andra varor. leverans;leverans av ljud- eller videoinspelningar eller datorprogramvara i ett f\u00f6rseglat paket i den m\u00e5n deras f\u00f6rsegling togs bort efter leverans.<\/p>\n<p><\/artikel><\/p>\n","protected":false},"excerpt":{"rendered":"<p>\u00a0 Meddelande till konsumenter om upps\u00e4gning av avtal f\u00f6r varor som levereras i en enda s\u00e4ndning Avbokningspolicy En konsument \u00e4r<\/p>\n","protected":false},"author":1,"featured_media":0,"parent":0,"menu_order":0,"comment_status":"closed","ping_status":"closed","template":"","meta":{"_acf_changed":false,"_yoast_wpseo_focuskw":"","_yoast_wpseo_title":"","_yoast_wpseo_metadesc":"","footnotes":""},"class_list":["post-101796","page","type-page","status-publish","hentry"],"acf":[],"yoast_head":"<!-- This site is optimized with the Yoast SEO plugin v27.0 - https:\/\/yoast.com\/product\/yoast-seo-wordpress\/ -->\n<title>\u00c5terkallande | truzzer<\/title>\n<meta name=\"robots\" content=\"index, follow, max-snippet:-1, max-image-preview:large, max-video-preview:-1\" \/>\n<link rel=\"canonical\" href=\"https:\/\/www.truzzer.com\/sv\/revocation\/\" \/>\n<meta property=\"og:locale\" content=\"sv_SE\" \/>\n<meta property=\"og:type\" content=\"article\" \/>\n<meta property=\"og:title\" content=\"\u00c5terkallande | truzzer\" \/>\n<meta property=\"og:description\" content=\"\u00a0 Meddelande till konsumenter om upps\u00e4gning av avtal f\u00f6r varor som levereras i en enda s\u00e4ndning Avbokningspolicy En konsument \u00e4r\" \/>\n<meta property=\"og:url\" content=\"https:\/\/www.truzzer.com\/sv\/revocation\/\" \/>\n<meta property=\"og:site_name\" content=\"truzzer\" \/>\n<meta property=\"article:modified_time\" content=\"2026-02-13T08:23:13+00:00\" \/>\n<meta name=\"twitter:card\" content=\"summary_large_image\" \/>\n<meta name=\"twitter:label1\" content=\"Ber\u00e4knad l\u00e4stid\" \/>\n\t<meta name=\"twitter:data1\" content=\"12 minuter\" \/>\n<script type=\"application\/ld+json\" class=\"yoast-schema-graph\">{\"@context\":\"https:\/\/schema.org\",\"@graph\":[{\"@type\":\"WebPage\",\"@id\":\"https:\/\/www.truzzer.com\/sv\/revocation\/\",\"url\":\"https:\/\/www.truzzer.com\/sv\/revocation\/\",\"name\":\"\u00c5terkallande | truzzer\",\"isPartOf\":{\"@id\":\"https:\/\/www.truzzer.com\/sv\/#website\"},\"datePublished\":\"2026-02-04T15:43:10+00:00\",\"dateModified\":\"2026-02-13T08:23:13+00:00\",\"breadcrumb\":{\"@id\":\"https:\/\/www.truzzer.com\/sv\/revocation\/#breadcrumb\"},\"inLanguage\":\"sv-SE\",\"potentialAction\":[{\"@type\":\"ReadAction\",\"target\":[\"https:\/\/www.truzzer.com\/sv\/revocation\/\"]}]},{\"@type\":\"BreadcrumbList\",\"@id\":\"https:\/\/www.truzzer.com\/sv\/revocation\/#breadcrumb\",\"itemListElement\":[{\"@type\":\"ListItem\",\"position\":1,\"name\":\"Home\",\"item\":\"https:\/\/www.truzzer.com\/sv\/\"},{\"@type\":\"ListItem\",\"position\":2,\"name\":\"\u00c5terkallande\"}]},{\"@type\":\"WebSite\",\"@id\":\"https:\/\/www.truzzer.com\/sv\/#website\",\"url\":\"https:\/\/www.truzzer.com\/sv\/\",\"name\":\"truzzer\",\"description\":\"Experts for customer trust\",\"publisher\":{\"@id\":\"https:\/\/www.truzzer.com\/sv\/#organization\"},\"potentialAction\":[{\"@type\":\"SearchAction\",\"target\":{\"@type\":\"EntryPoint\",\"urlTemplate\":\"https:\/\/www.truzzer.com\/sv\/?s={search_term_string}\"},\"query-input\":{\"@type\":\"PropertyValueSpecification\",\"valueRequired\":true,\"valueName\":\"search_term_string\"}}],\"inLanguage\":\"sv-SE\"},{\"@type\":\"Organization\",\"@id\":\"https:\/\/www.truzzer.com\/sv\/#organization\",\"name\":\"truzzer\",\"url\":\"https:\/\/www.truzzer.com\/sv\/\",\"logo\":{\"@type\":\"ImageObject\",\"inLanguage\":\"sv-SE\",\"@id\":\"https:\/\/www.truzzer.com\/sv\/#\/schema\/logo\/image\/\",\"url\":\"https:\/\/truzzer.com\/wp-content\/uploads\/2026\/01\/truzzer-logo-black-1.svg\",\"contentUrl\":\"https:\/\/truzzer.com\/wp-content\/uploads\/2026\/01\/truzzer-logo-black-1.svg\",\"width\":938,\"height\":199,\"caption\":\"truzzer\"},\"image\":{\"@id\":\"https:\/\/www.truzzer.com\/sv\/#\/schema\/logo\/image\/\"}}]}<\/script>\n<!-- \/ Yoast SEO plugin. -->","yoast_head_json":{"title":"\u00c5terkallande | truzzer","robots":{"index":"index","follow":"follow","max-snippet":"max-snippet:-1","max-image-preview":"max-image-preview:large","max-video-preview":"max-video-preview:-1"},"canonical":"https:\/\/www.truzzer.com\/sv\/revocation\/","og_locale":"sv_SE","og_type":"article","og_title":"\u00c5terkallande | truzzer","og_description":"\u00a0 Meddelande till konsumenter om upps\u00e4gning av avtal f\u00f6r varor som levereras i en enda s\u00e4ndning Avbokningspolicy En konsument \u00e4r","og_url":"https:\/\/www.truzzer.com\/sv\/revocation\/","og_site_name":"truzzer","article_modified_time":"2026-02-13T08:23:13+00:00","twitter_card":"summary_large_image","twitter_misc":{"Ber\u00e4knad l\u00e4stid":"12 minuter"},"schema":{"@context":"https:\/\/schema.org","@graph":[{"@type":"WebPage","@id":"https:\/\/www.truzzer.com\/sv\/revocation\/","url":"https:\/\/www.truzzer.com\/sv\/revocation\/","name":"\u00c5terkallande | truzzer","isPartOf":{"@id":"https:\/\/www.truzzer.com\/sv\/#website"},"datePublished":"2026-02-04T15:43:10+00:00","dateModified":"2026-02-13T08:23:13+00:00","breadcrumb":{"@id":"https:\/\/www.truzzer.com\/sv\/revocation\/#breadcrumb"},"inLanguage":"sv-SE","potentialAction":[{"@type":"ReadAction","target":["https:\/\/www.truzzer.com\/sv\/revocation\/"]}]},{"@type":"BreadcrumbList","@id":"https:\/\/www.truzzer.com\/sv\/revocation\/#breadcrumb","itemListElement":[{"@type":"ListItem","position":1,"name":"Home","item":"https:\/\/www.truzzer.com\/sv\/"},{"@type":"ListItem","position":2,"name":"\u00c5terkallande"}]},{"@type":"WebSite","@id":"https:\/\/www.truzzer.com\/sv\/#website","url":"https:\/\/www.truzzer.com\/sv\/","name":"truzzer","description":"Experts for customer trust","publisher":{"@id":"https:\/\/www.truzzer.com\/sv\/#organization"},"potentialAction":[{"@type":"SearchAction","target":{"@type":"EntryPoint","urlTemplate":"https:\/\/www.truzzer.com\/sv\/?s={search_term_string}"},"query-input":{"@type":"PropertyValueSpecification","valueRequired":true,"valueName":"search_term_string"}}],"inLanguage":"sv-SE"},{"@type":"Organization","@id":"https:\/\/www.truzzer.com\/sv\/#organization","name":"truzzer","url":"https:\/\/www.truzzer.com\/sv\/","logo":{"@type":"ImageObject","inLanguage":"sv-SE","@id":"https:\/\/www.truzzer.com\/sv\/#\/schema\/logo\/image\/","url":"https:\/\/truzzer.com\/wp-content\/uploads\/2026\/01\/truzzer-logo-black-1.svg","contentUrl":"https:\/\/truzzer.com\/wp-content\/uploads\/2026\/01\/truzzer-logo-black-1.svg","width":938,"height":199,"caption":"truzzer"},"image":{"@id":"https:\/\/www.truzzer.com\/sv\/#\/schema\/logo\/image\/"}}]}},"_links":{"self":[{"href":"https:\/\/www.truzzer.com\/sv\/wp-json\/wp\/v2\/pages\/101796","targetHints":{"allow":["GET"]}}],"collection":[{"href":"https:\/\/www.truzzer.com\/sv\/wp-json\/wp\/v2\/pages"}],"about":[{"href":"https:\/\/www.truzzer.com\/sv\/wp-json\/wp\/v2\/types\/page"}],"author":[{"embeddable":true,"href":"https:\/\/www.truzzer.com\/sv\/wp-json\/wp\/v2\/users\/1"}],"replies":[{"embeddable":true,"href":"https:\/\/www.truzzer.com\/sv\/wp-json\/wp\/v2\/comments?post=101796"}],"version-history":[{"count":0,"href":"https:\/\/www.truzzer.com\/sv\/wp-json\/wp\/v2\/pages\/101796\/revisions"}],"wp:attachment":[{"href":"https:\/\/www.truzzer.com\/sv\/wp-json\/wp\/v2\/media?parent=101796"}],"curies":[{"name":"wp","href":"https:\/\/api.w.org\/{rel}","templated":true}]}}