{"id":101802,"date":"2026-02-04T15:42:54","date_gmt":"2026-02-04T15:42:54","guid":{"rendered":"https:\/\/beta.truzzer.com\/payment-methods\/"},"modified":"2026-02-13T08:25:11","modified_gmt":"2026-02-13T08:25:11","slug":"payment-methods","status":"publish","type":"page","link":"https:\/\/www.truzzer.com\/sv\/payment-methods\/","title":{"rendered":"Betalningsmetoder"},"content":{"rendered":"<article class=\"entry-content post-22034 page type-page status-publish hentry\" id=\"post-22034\">\n<p><strong>\u00a0<\/strong><\/p>\n<p><strong>Betalningstyper<\/strong><\/p>\n<p>Vi erbjuder dig f\u00f6ljande betalningstyper. Bl\u00e4ddra helt enkelt i listan f\u00f6r den b\u00e4sta betalningstypen f\u00f6r dig. Fraktkostnaderna kan variera beroende p\u00e5 vald betalningstyp. Priserna som anges i respektive erbjudanden \u00e4r slutgiltiga och inkluderar alla priskomponenter (inklusive eventuell till\u00e4mplig skatt s\u00e5som merv\u00e4rdesskatt (moms)). Andra skatter (t.ex. de som g\u00e4ller f\u00f6r ink\u00f6p inom gemenskapen) och\/eller tullar (t.ex. tullavgifter) uppst\u00e5r endast i samband med gr\u00e4ns\u00f6verskridande transaktioner och ska betalas till respektive tull- och\/eller skattemyndighet och inte till s\u00e4ljaren. Kostnaderna f\u00f6r frakt och leverans ing\u00e5r inte i k\u00f6peskillingen och kan ses p\u00e5 sidan &#8221;Fraktkostnader&#8221;. De anges separat under best\u00e4llningsprocessen och ska betalas av dig ut\u00f6ver k\u00f6peskillingen.<\/p>\n<p><em>amazon pay<\/em><\/p>\n<p><em>idealiskt<\/em><\/p>\n<p><em>Direkt bank\u00f6verf\u00f6ring<\/em><\/p>\n<p>EPS<\/p>\n<p><\/artikel><\/p>\n","protected":false},"excerpt":{"rendered":"<p>\u00a0 Betalningstyper Vi erbjuder dig f\u00f6ljande betalningstyper. Bl\u00e4ddra helt enkelt i listan f\u00f6r den b\u00e4sta betalningstypen f\u00f6r dig. Fraktkostnaderna kan<\/p>\n","protected":false},"author":1,"featured_media":0,"parent":0,"menu_order":0,"comment_status":"closed","ping_status":"closed","template":"","meta":{"_acf_changed":false,"_yoast_wpseo_focuskw":"","_yoast_wpseo_title":"","_yoast_wpseo_metadesc":"","footnotes":""},"class_list":["post-101802","page","type-page","status-publish","hentry"],"acf":[],"yoast_head":"<!-- This site is optimized with the Yoast SEO plugin v27.0 - https:\/\/yoast.com\/product\/yoast-seo-wordpress\/ -->\n<title>Betalningsmetoder | truzzer<\/title>\n<meta name=\"robots\" content=\"index, follow, max-snippet:-1, max-image-preview:large, max-video-preview:-1\" \/>\n<link rel=\"canonical\" href=\"https:\/\/www.truzzer.com\/sv\/payment-methods\/\" \/>\n<meta property=\"og:locale\" content=\"sv_SE\" \/>\n<meta property=\"og:type\" content=\"article\" \/>\n<meta property=\"og:title\" content=\"Betalningsmetoder | truzzer\" \/>\n<meta property=\"og:description\" content=\"\u00a0 Betalningstyper Vi erbjuder dig f\u00f6ljande betalningstyper. Bl\u00e4ddra helt enkelt i listan f\u00f6r den b\u00e4sta betalningstypen f\u00f6r dig. Fraktkostnaderna kan\" \/>\n<meta property=\"og:url\" content=\"https:\/\/www.truzzer.com\/sv\/payment-methods\/\" \/>\n<meta property=\"og:site_name\" content=\"truzzer\" \/>\n<meta property=\"article:modified_time\" content=\"2026-02-13T08:25:11+00:00\" \/>\n<meta name=\"twitter:card\" content=\"summary_large_image\" \/>\n<meta name=\"twitter:label1\" content=\"Ber\u00e4knad l\u00e4stid\" \/>\n\t<meta name=\"twitter:data1\" content=\"1 minut\" \/>\n<script type=\"application\/ld+json\" class=\"yoast-schema-graph\">{\"@context\":\"https:\/\/schema.org\",\"@graph\":[{\"@type\":\"WebPage\",\"@id\":\"https:\/\/www.truzzer.com\/sv\/payment-methods\/\",\"url\":\"https:\/\/www.truzzer.com\/sv\/payment-methods\/\",\"name\":\"Betalningsmetoder | truzzer\",\"isPartOf\":{\"@id\":\"https:\/\/www.truzzer.com\/sv\/#website\"},\"datePublished\":\"2026-02-04T15:42:54+00:00\",\"dateModified\":\"2026-02-13T08:25:11+00:00\",\"breadcrumb\":{\"@id\":\"https:\/\/www.truzzer.com\/sv\/payment-methods\/#breadcrumb\"},\"inLanguage\":\"sv-SE\",\"potentialAction\":[{\"@type\":\"ReadAction\",\"target\":[\"https:\/\/www.truzzer.com\/sv\/payment-methods\/\"]}]},{\"@type\":\"BreadcrumbList\",\"@id\":\"https:\/\/www.truzzer.com\/sv\/payment-methods\/#breadcrumb\",\"itemListElement\":[{\"@type\":\"ListItem\",\"position\":1,\"name\":\"Home\",\"item\":\"https:\/\/www.truzzer.com\/sv\/\"},{\"@type\":\"ListItem\",\"position\":2,\"name\":\"Betalningsmetoder\"}]},{\"@type\":\"WebSite\",\"@id\":\"https:\/\/www.truzzer.com\/sv\/#website\",\"url\":\"https:\/\/www.truzzer.com\/sv\/\",\"name\":\"truzzer\",\"description\":\"Experts for customer trust\",\"publisher\":{\"@id\":\"https:\/\/www.truzzer.com\/sv\/#organization\"},\"potentialAction\":[{\"@type\":\"SearchAction\",\"target\":{\"@type\":\"EntryPoint\",\"urlTemplate\":\"https:\/\/www.truzzer.com\/sv\/?s={search_term_string}\"},\"query-input\":{\"@type\":\"PropertyValueSpecification\",\"valueRequired\":true,\"valueName\":\"search_term_string\"}}],\"inLanguage\":\"sv-SE\"},{\"@type\":\"Organization\",\"@id\":\"https:\/\/www.truzzer.com\/sv\/#organization\",\"name\":\"truzzer\",\"url\":\"https:\/\/www.truzzer.com\/sv\/\",\"logo\":{\"@type\":\"ImageObject\",\"inLanguage\":\"sv-SE\",\"@id\":\"https:\/\/www.truzzer.com\/sv\/#\/schema\/logo\/image\/\",\"url\":\"https:\/\/truzzer.com\/wp-content\/uploads\/2026\/01\/truzzer-logo-black-1.svg\",\"contentUrl\":\"https:\/\/truzzer.com\/wp-content\/uploads\/2026\/01\/truzzer-logo-black-1.svg\",\"width\":938,\"height\":199,\"caption\":\"truzzer\"},\"image\":{\"@id\":\"https:\/\/www.truzzer.com\/sv\/#\/schema\/logo\/image\/\"}}]}<\/script>\n<!-- \/ Yoast SEO plugin. -->","yoast_head_json":{"title":"Betalningsmetoder | truzzer","robots":{"index":"index","follow":"follow","max-snippet":"max-snippet:-1","max-image-preview":"max-image-preview:large","max-video-preview":"max-video-preview:-1"},"canonical":"https:\/\/www.truzzer.com\/sv\/payment-methods\/","og_locale":"sv_SE","og_type":"article","og_title":"Betalningsmetoder | truzzer","og_description":"\u00a0 Betalningstyper Vi erbjuder dig f\u00f6ljande betalningstyper. Bl\u00e4ddra helt enkelt i listan f\u00f6r den b\u00e4sta betalningstypen f\u00f6r dig. Fraktkostnaderna kan","og_url":"https:\/\/www.truzzer.com\/sv\/payment-methods\/","og_site_name":"truzzer","article_modified_time":"2026-02-13T08:25:11+00:00","twitter_card":"summary_large_image","twitter_misc":{"Ber\u00e4knad l\u00e4stid":"1 minut"},"schema":{"@context":"https:\/\/schema.org","@graph":[{"@type":"WebPage","@id":"https:\/\/www.truzzer.com\/sv\/payment-methods\/","url":"https:\/\/www.truzzer.com\/sv\/payment-methods\/","name":"Betalningsmetoder | truzzer","isPartOf":{"@id":"https:\/\/www.truzzer.com\/sv\/#website"},"datePublished":"2026-02-04T15:42:54+00:00","dateModified":"2026-02-13T08:25:11+00:00","breadcrumb":{"@id":"https:\/\/www.truzzer.com\/sv\/payment-methods\/#breadcrumb"},"inLanguage":"sv-SE","potentialAction":[{"@type":"ReadAction","target":["https:\/\/www.truzzer.com\/sv\/payment-methods\/"]}]},{"@type":"BreadcrumbList","@id":"https:\/\/www.truzzer.com\/sv\/payment-methods\/#breadcrumb","itemListElement":[{"@type":"ListItem","position":1,"name":"Home","item":"https:\/\/www.truzzer.com\/sv\/"},{"@type":"ListItem","position":2,"name":"Betalningsmetoder"}]},{"@type":"WebSite","@id":"https:\/\/www.truzzer.com\/sv\/#website","url":"https:\/\/www.truzzer.com\/sv\/","name":"truzzer","description":"Experts for customer trust","publisher":{"@id":"https:\/\/www.truzzer.com\/sv\/#organization"},"potentialAction":[{"@type":"SearchAction","target":{"@type":"EntryPoint","urlTemplate":"https:\/\/www.truzzer.com\/sv\/?s={search_term_string}"},"query-input":{"@type":"PropertyValueSpecification","valueRequired":true,"valueName":"search_term_string"}}],"inLanguage":"sv-SE"},{"@type":"Organization","@id":"https:\/\/www.truzzer.com\/sv\/#organization","name":"truzzer","url":"https:\/\/www.truzzer.com\/sv\/","logo":{"@type":"ImageObject","inLanguage":"sv-SE","@id":"https:\/\/www.truzzer.com\/sv\/#\/schema\/logo\/image\/","url":"https:\/\/truzzer.com\/wp-content\/uploads\/2026\/01\/truzzer-logo-black-1.svg","contentUrl":"https:\/\/truzzer.com\/wp-content\/uploads\/2026\/01\/truzzer-logo-black-1.svg","width":938,"height":199,"caption":"truzzer"},"image":{"@id":"https:\/\/www.truzzer.com\/sv\/#\/schema\/logo\/image\/"}}]}},"_links":{"self":[{"href":"https:\/\/www.truzzer.com\/sv\/wp-json\/wp\/v2\/pages\/101802","targetHints":{"allow":["GET"]}}],"collection":[{"href":"https:\/\/www.truzzer.com\/sv\/wp-json\/wp\/v2\/pages"}],"about":[{"href":"https:\/\/www.truzzer.com\/sv\/wp-json\/wp\/v2\/types\/page"}],"author":[{"embeddable":true,"href":"https:\/\/www.truzzer.com\/sv\/wp-json\/wp\/v2\/users\/1"}],"replies":[{"embeddable":true,"href":"https:\/\/www.truzzer.com\/sv\/wp-json\/wp\/v2\/comments?post=101802"}],"version-history":[{"count":0,"href":"https:\/\/www.truzzer.com\/sv\/wp-json\/wp\/v2\/pages\/101802\/revisions"}],"wp:attachment":[{"href":"https:\/\/www.truzzer.com\/sv\/wp-json\/wp\/v2\/media?parent=101802"}],"curies":[{"name":"wp","href":"https:\/\/api.w.org\/{rel}","templated":true}]}}