{"id":92376,"date":"2026-02-07T13:33:41","date_gmt":"2026-02-07T13:33:41","guid":{"rendered":"https:\/\/beta.truzzer.com\/winkel-per-branche\/"},"modified":"2026-02-13T07:58:32","modified_gmt":"2026-02-13T07:58:32","slug":"winkel-per-branche","status":"publish","type":"page","link":"https:\/\/www.truzzer.com\/sv\/winkel-per-branche\/","title":{"rendered":"Winkel per gren"},"content":{"rendered":"<p>&#8221;`html<\/p>\n<div data-elementor-type=\"wp-page\" data-elementor-id=\"90172\" class=\"elementor elementor-90172\">\n<section class=\"elementor-section elementor-top-section elementor-element elementor-element-429620b7 wd-section-stretch more elementor-section-boxed elementor-section-height-default elementor-section-height-default\" data-id=\"429620b7\" data-section=\"element\"section-e-type=\" data-settings=\"{&quot;background_background&quot;:&quot;klassisk&quot;}\">\n<div class=\"elementor-container elementor-column-gap-default\">\n<div class=\"elementor-column elementor-col-100 elementor-top-column elementor-element elementor-element-4f7e2c3b\" data-id=\"4f7e2c3b\" data-element_type=\"column\" data-e-type=\"column\">\n<div class=\"elementor-widget-wrap elementor-element-populated\">\n<div class=\"elementor-element elementor-element-cbbde5b elementor-widget elementor-widget-html\" data-id=\"cbbde5b\" data-element_type=\"widget\" data-e-type=\"widget\" data-widget_type=\"html.default\">\n                        <link rel=\"stylesheet\" id=\"elementor-post-556-css\" href=\"https:\/\/truzzer.com\/wp-content\/uploads\/elementor\/css\/post-556.css?ver=1770465796\" type=\"text\/css\" media=\"all\">\n<div data-elementor-type=\"wp-post\" data-elementor-id=\"556\" class=\"elementor elementor-556\">\n<div class=\"elementor-element elementor-element-5c1be5d wd-section-stretch blk-logos e-flex e-con-boxed e-con e-parent\" data-id=\"5c1be5d\" data-element_type=\"container\" data-e-type=\"container\" data-settings=\"{&quot;class&quot;background:_back;\n                                \n\n<div class=\"e-con-inner\">\n<div class=\"elementor-element elementor-element-3523d70e e-con-full e-flex e-con e-child\" data-id=\"3523d70e\" data-element_type=\"container\" data-e-type=\"container\">\n<div class=\"elementor-element elementor-element-43d1da47 text-center elementor-hidden-tablet elementor-hidden-mobile color-scheme-inherit elementor-widget elementor-widget-text-editor\" data-id=\"43d1da47\" data-element_type=\"widget\" data-e-type=\"widget\"=\"data-widget.\"\">data-widget.<\/p>\n<p style=\"text-align: center;\">Mer \u00e4n 20 000 f\u00f6retag globalt anv\u00e4nda med framg\u00e5ngsprodukter fr\u00e5n truzzer om deras aff\u00e4rsutveckling och stimulans. \u2013\u00a0<span style=\"color: #67f5f5;\">#timetojointhem.<\/span><\/p>\n<\/p><\/div>\n<div class=\"elementor-element elementor-element-63293f96 elementor-widget elementor-widget-image-carousel\" data-id=\"63293f96\" data-element_type=\"widget\" data-e-type=\"widget\" data-settings=\"{&quot;slides_to_show&quot;:&quot;5&quot;,&quot;navigation&quot;:&quot;inget&quot;,&quot;slides_to_show_mobile&quot;:&quot;4&quot;,&quot;autoplay&quot;:&quot;ja&quot;,&quot; quot;pause_on_hover&quot;:&quot;yes&quot;,&quot;pause_on_interaction&quot;:&quot;yes&quot;,&quot;autoplay_speed&quot;:5000,&quot;o\u00e4ndligt&quot;:&quot;ja&quot;,&quot;hastighet&quot;:500}\" data-widget_type=\"image-carousel.default\">\n<div class=\"elementor-image-carousel-wrapper swiper\" role=\"region\" aria-roledescription=\"carousel\" aria-label=\"Bild Karussell\" dir=\"ltr\">\n<div class=\"elementor-image-carousel swiper-wrapper\" aria-live=\"off\">\n<div class=\"swiper-slide\" role=\"group\" aria-roledescription=\"slide\" aria-label=\"1 av 6\">\n<figure class=\"swiper-slide-inner\"><img decoding=\"async\" class=\"swiper-slide-image\" src=\"https:\/\/truzzer.com\/wp-content\/uploads\/elementor\/thumbs\/LOreal_logo.svg-rilxshi8uxl3jzru85df842ax6szf0ei0j329sa9v2.png\" alt=\"LOreal_logo\"><>divg.<\/p>\n<div class=\"swiper-slide\" role=\"group\" aria-roledescription=\"slide\" aria-label=\"2 av 6\">\n<figure class=\"swiper-slide-inner\"><img decoding=\"async\" class=\"swiper-slide-image\" src=\"https:\/\/truzzer.com\/wp-content\/uploads\/elementor\/thumbs\/sparkasse-rilxsgkeo3jt8dt7dmysnmaubsxm7baroefksibog0.png\" alt=\"sparkasse.png\" \/><\/figure>\n<\/div>\n<div class=\"swiper-slide\" role=\"group\" aria-roledescription=\"slide\" aria-label=\"3 av 6\">\n<figure class=\"swiper-slide-inner\"><img decoding=\"async\" class=\"swiper-slide-image\" src=\"https:\/\/truzzer.com\/wp-content\/uploads\/elementor\/thumbs\/rewe-rilxsgkeo3jt8dt7dmysnmaubsxm7baroefksibog0.png\" alt=\"rewe.png\" \/><\/figure>\n<\/div>\n<div class=\"swiper-slide\" role=\"group\" aria-roledescription=\"slide\" aria-label=\"4 av 6\">\n<figure class=\"swiper-slide-inner\"><img decoding=\"async\" class=\"swiper-slide-image\" src=\"https:\/\/truzzer.com\/wp-content\/uploads\/elementor\/thumbs\/stroeer-rilxsgkeo3jt8dt7dmysnmaubsxm7baroefksibog0.png\" alt=\"stroeer.png\" \/><\/figure>\n<\/div>\n<div class=\"swiper-slide\" role=\"group\" aria-roledescription=\"slide\" aria-label=\"5 av 6\">\n<figure class=\"swiper-slide-inner\"><img decoding=\"async\" class=\"swiper-slide-image\" src=\"https:\/\/truzzer.com\/wp-content\/uploads\/elementor\/thumbs\/ALLIANZ-rilxsfmkh9iiwrukj4k634jdqf28zm71c9s3b8d2m8.png\" alt=\"ALLIANZ.png\"\/><\/figure\n                                                    \n\n<div class=\"swiper-slide\" role=\"group\" aria-roledescription=\"slide\" aria-label=\"6 av 6\">\n<figure class=\"swiper-slide-inner\"><img decoding=\"async\" class=\"swiper-slide-image\" src=\"https:\/\/truzzer.com\/wp-content\/uploads\/elementor\/thumbs\/mcdonalds-rilxsfmkh9iiwrukj4k634jdqf28zm71c9s3b8d2m8.png\" alt=\"mcdonalds.png\" \/><\/p>\n<div>\/figure&#8221;\/><\/p>\n<div>\n                                                <\/div>\n<\/p><\/div>\n<\/p><\/div>\n<\/p><\/div>\n<\/p><\/div>\n<\/p><\/div>\n<\/p><\/div>\n<\/p><\/div>\n<\/p><\/div>\n<\/p><\/div>\n<\/p><\/div>\n<\/section>\n<section class=\"wd-negative-gap elementor-section elementor-top-section elementor-element elementor-element-6058ff90 elementor-section-boxed elementor-section-height-default elementor-section-height-default\" data-id=\"6058ff90\" data-element_type=\"section\"section=\"section\"section=\"section\"\n        \n\n<div class=\"elementor-container elementor-column-gap-default\">\n<div class=\"elementor-column elementor-col-25 elementor-top-column elementor-element elementor-element-5ba41241\" data-id=\"5ba41241\" data-element_type=\"column\" data-e-type=\"column\">\n<div class=\"elementor-widget-wrap elementor-element-populated\">\n<div class=\"elementor-element elementor-element-a023ba0 wd-width-100 elementor-widget elementor-widget-wd_title\" data-id=\"a023ba0\" data-element_type=\"widget\" data-e-type=\"widget\" data-widget_type=\"wd_title.default\">\n<div class=\"elementor-widget-container\">\n<div class=\"title-wrapper wd-set-mb reset-last-child wd-title-color-default wd-title-style-default wd-title-size-default text-center\">\n<div class=\"liner-continer\">\n<h2 class=\"woodmart-title-container title wd-fontsize-l\">Waarom truzzer?<\/h2>\n<\/p><\/div>\n<\/p><\/div>\n<\/p><\/div>\n<\/p><\/div>\n<\/p><\/div>\n<\/p><\/div>\n<div class=\"elementor-column elementor-col-50 elementor-top-column elementor-element elementor-element-31695dfc\" data-id=\"31695dfc\" data-element_type=\"column\" data-e-type=\"column\">\n<div class=\"elementor-widget-wrap elementor-element-populated\">\n<div class=\"elementor-element elementor-element-5db688e6 text-center color-scheme-inherit elementor-widget elementor-widget-text-editor\" data-id=\"5db688e6\" data-element_type=\"widget\" data-e-type=\"widget\" data-widget_type=\"text-editor.default\">\n<p>truzzer \u00e4r en toant utvecklare och leverant\u00f6r av slim NFC-, QR- och mjukvarubaserade kundinteraktionsl\u00f6sningar i DACH-regionen.<\/p>\n<\/p><\/div>\n<\/p><\/div>\n<\/p><\/div>\n<div class=\"elementor-column elementor-col-25 elementor-top-column elementor-element elementor-element-74ba5c1f\" data-id=\"74ba5c1f\" data-element_type=\"column\" data-e-type=\"column\">\n<div class=\"elementor-widget-wrap elementor-element-populated\">\n<div class=\"elementor-element elementor-element-19e8cf70 elementor-widget elementor-widget-wd_button\" data-id=\"19e8cf70\" data-element_type=\"widget\" data-e-type=\"widget\" data-widget_type=\"wd_button.default\">\n<div class=\"elementor-widget-container\">\n<div class=\"wd-button-wrapper text-center wd-smooth-scroll\" data-smooth-time=\"100\" data-smooth-offset=\"100\">\n                                <a class=\"btn btn-style-bordered btn-shape-semi-round btn-size-small btn-icon-pos-right\" href=\"#more\" style=\"--btn-color-hover:#fff;\"><br \/>\n                                    <span class=\"wd-btn-text\" data-elementor-setting-key=\"text\"><br \/>\n                                    <\/span><br \/>\n                                    <span class=\"wd-btn-icon\"><br \/>\n                                        <svg class=\"wd-icon e-font-icon-svg e-fas-long-arrow-alt-down\" viewBox=\"0 0 256 512\" xmlns=\"https:\/\/www.w3.org\/2000\/svg\"><\/path d=\"M168 345.941V44c0-6.627-5.373-12-12-12h-56c-6.627 0-12 5.373-12 12v301.941H41.941c-21.382 0-32.071 21.891 21.891. 40.971l86.059 86.059c9.373 9.373 24.569 9.373 33.941 0l86.059-86.059c15.119-15.119 4.411-40.971-16.971-40.971H168z\"><\/path><\/svg><br \/>\n                                    <\/span><br \/>\n                                <\/a>\n                            <\/div>\n<\/p><\/div>\n<\/p><\/div>\n<\/p><\/div>\n<\/p><\/div>\n<\/p><\/div>\n<\/section>\n<\/div>\n","protected":false},"excerpt":{"rendered":"<p>Waarom truzzer? truzzer \u00e4r en presenterad utvecklare och leverant\u00f6r av slim NFC-, QR- och mjukvarubaserad kundinteraktionsl\u00f6sning i de<\/p>\n","protected":false},"author":2,"featured_media":0,"parent":0,"menu_order":0,"comment_status":"closed","ping_status":"closed","template":"","meta":{"_acf_changed":false,"_yoast_wpseo_focuskw":"","_yoast_wpseo_title":"","_yoast_wpseo_metadesc":"","footnotes":""},"class_list":["post-92376","page","type-page","status-publish","hentry"],"acf":[],"yoast_head":"<!-- This site is optimized with the Yoast SEO plugin v27.0 - https:\/\/yoast.com\/product\/yoast-seo-wordpress\/ -->\n<title>Winkel per gren | truzzer<\/title>\n<meta name=\"robots\" content=\"index, follow, max-snippet:-1, max-image-preview:large, max-video-preview:-1\" \/>\n<link rel=\"canonical\" href=\"https:\/\/www.truzzer.com\/sv\/winkel-per-branche\/\" \/>\n<meta property=\"og:locale\" content=\"sv_SE\" \/>\n<meta property=\"og:type\" content=\"article\" \/>\n<meta property=\"og:title\" content=\"Winkel per gren | truzzer\" \/>\n<meta property=\"og:description\" content=\"Waarom truzzer? truzzer \u00e4r en presenterad utvecklare och leverant\u00f6r av slim NFC-, QR- och mjukvarubaserad kundinteraktionsl\u00f6sning i de\" \/>\n<meta property=\"og:url\" content=\"https:\/\/www.truzzer.com\/sv\/winkel-per-branche\/\" \/>\n<meta property=\"og:site_name\" content=\"truzzer\" \/>\n<meta property=\"article:modified_time\" content=\"2026-02-13T07:58:32+00:00\" \/>\n<meta property=\"og:image\" content=\"https:\/\/truzzer.com\/wp-content\/uploads\/elementor\/thumbs\/LOreal_logo.svg-rilxshi8uxl3jzru85df842ax6szf0ei0j329sa9v2.png\" \/>\n<meta name=\"twitter:card\" content=\"summary_large_image\" \/>\n<script type=\"application\/ld+json\" class=\"yoast-schema-graph\">{\"@context\":\"https:\/\/schema.org\",\"@graph\":[{\"@type\":\"WebPage\",\"@id\":\"https:\/\/www.truzzer.com\/sv\/winkel-per-branche\/\",\"url\":\"https:\/\/www.truzzer.com\/sv\/winkel-per-branche\/\",\"name\":\"Winkel per gren | truzzer\",\"isPartOf\":{\"@id\":\"https:\/\/www.truzzer.com\/sv\/#website\"},\"primaryImageOfPage\":{\"@id\":\"https:\/\/www.truzzer.com\/sv\/winkel-per-branche\/#primaryimage\"},\"image\":{\"@id\":\"https:\/\/www.truzzer.com\/sv\/winkel-per-branche\/#primaryimage\"},\"thumbnailUrl\":\"https:\/\/truzzer.com\/wp-content\/uploads\/elementor\/thumbs\/LOreal_logo.svg-rilxshi8uxl3jzru85df842ax6szf0ei0j329sa9v2.png\",\"datePublished\":\"2026-02-07T13:33:41+00:00\",\"dateModified\":\"2026-02-13T07:58:32+00:00\",\"breadcrumb\":{\"@id\":\"https:\/\/www.truzzer.com\/sv\/winkel-per-branche\/#breadcrumb\"},\"inLanguage\":\"sv-SE\",\"potentialAction\":[{\"@type\":\"ReadAction\",\"target\":[\"https:\/\/www.truzzer.com\/sv\/winkel-per-branche\/\"]}]},{\"@type\":\"ImageObject\",\"inLanguage\":\"sv-SE\",\"@id\":\"https:\/\/www.truzzer.com\/sv\/winkel-per-branche\/#primaryimage\",\"url\":\"https:\/\/truzzer.com\/wp-content\/uploads\/elementor\/thumbs\/LOreal_logo.svg-rilxshi8uxl3jzru85df842ax6szf0ei0j329sa9v2.png\",\"contentUrl\":\"https:\/\/truzzer.com\/wp-content\/uploads\/elementor\/thumbs\/LOreal_logo.svg-rilxshi8uxl3jzru85df842ax6szf0ei0j329sa9v2.png\"},{\"@type\":\"BreadcrumbList\",\"@id\":\"https:\/\/www.truzzer.com\/sv\/winkel-per-branche\/#breadcrumb\",\"itemListElement\":[{\"@type\":\"ListItem\",\"position\":1,\"name\":\"Home\",\"item\":\"https:\/\/www.truzzer.com\/sv\/\"},{\"@type\":\"ListItem\",\"position\":2,\"name\":\"Winkel per gren\"}]},{\"@type\":\"WebSite\",\"@id\":\"https:\/\/www.truzzer.com\/sv\/#website\",\"url\":\"https:\/\/www.truzzer.com\/sv\/\",\"name\":\"truzzer\",\"description\":\"Experts for customer trust\",\"publisher\":{\"@id\":\"https:\/\/www.truzzer.com\/sv\/#organization\"},\"potentialAction\":[{\"@type\":\"SearchAction\",\"target\":{\"@type\":\"EntryPoint\",\"urlTemplate\":\"https:\/\/www.truzzer.com\/sv\/?s={search_term_string}\"},\"query-input\":{\"@type\":\"PropertyValueSpecification\",\"valueRequired\":true,\"valueName\":\"search_term_string\"}}],\"inLanguage\":\"sv-SE\"},{\"@type\":\"Organization\",\"@id\":\"https:\/\/www.truzzer.com\/sv\/#organization\",\"name\":\"truzzer\",\"url\":\"https:\/\/www.truzzer.com\/sv\/\",\"logo\":{\"@type\":\"ImageObject\",\"inLanguage\":\"sv-SE\",\"@id\":\"https:\/\/www.truzzer.com\/sv\/#\/schema\/logo\/image\/\",\"url\":\"https:\/\/truzzer.com\/wp-content\/uploads\/2026\/01\/truzzer-logo-black-1.svg\",\"contentUrl\":\"https:\/\/truzzer.com\/wp-content\/uploads\/2026\/01\/truzzer-logo-black-1.svg\",\"width\":938,\"height\":199,\"caption\":\"truzzer\"},\"image\":{\"@id\":\"https:\/\/www.truzzer.com\/sv\/#\/schema\/logo\/image\/\"}}]}<\/script>\n<!-- \/ Yoast SEO plugin. -->","yoast_head_json":{"title":"Winkel per gren | truzzer","robots":{"index":"index","follow":"follow","max-snippet":"max-snippet:-1","max-image-preview":"max-image-preview:large","max-video-preview":"max-video-preview:-1"},"canonical":"https:\/\/www.truzzer.com\/sv\/winkel-per-branche\/","og_locale":"sv_SE","og_type":"article","og_title":"Winkel per gren | truzzer","og_description":"Waarom truzzer? truzzer \u00e4r en presenterad utvecklare och leverant\u00f6r av slim NFC-, QR- och mjukvarubaserad kundinteraktionsl\u00f6sning i de","og_url":"https:\/\/www.truzzer.com\/sv\/winkel-per-branche\/","og_site_name":"truzzer","article_modified_time":"2026-02-13T07:58:32+00:00","og_image":[{"url":"https:\/\/truzzer.com\/wp-content\/uploads\/elementor\/thumbs\/LOreal_logo.svg-rilxshi8uxl3jzru85df842ax6szf0ei0j329sa9v2.png","type":"","width":"","height":""}],"twitter_card":"summary_large_image","schema":{"@context":"https:\/\/schema.org","@graph":[{"@type":"WebPage","@id":"https:\/\/www.truzzer.com\/sv\/winkel-per-branche\/","url":"https:\/\/www.truzzer.com\/sv\/winkel-per-branche\/","name":"Winkel per gren | truzzer","isPartOf":{"@id":"https:\/\/www.truzzer.com\/sv\/#website"},"primaryImageOfPage":{"@id":"https:\/\/www.truzzer.com\/sv\/winkel-per-branche\/#primaryimage"},"image":{"@id":"https:\/\/www.truzzer.com\/sv\/winkel-per-branche\/#primaryimage"},"thumbnailUrl":"https:\/\/truzzer.com\/wp-content\/uploads\/elementor\/thumbs\/LOreal_logo.svg-rilxshi8uxl3jzru85df842ax6szf0ei0j329sa9v2.png","datePublished":"2026-02-07T13:33:41+00:00","dateModified":"2026-02-13T07:58:32+00:00","breadcrumb":{"@id":"https:\/\/www.truzzer.com\/sv\/winkel-per-branche\/#breadcrumb"},"inLanguage":"sv-SE","potentialAction":[{"@type":"ReadAction","target":["https:\/\/www.truzzer.com\/sv\/winkel-per-branche\/"]}]},{"@type":"ImageObject","inLanguage":"sv-SE","@id":"https:\/\/www.truzzer.com\/sv\/winkel-per-branche\/#primaryimage","url":"https:\/\/truzzer.com\/wp-content\/uploads\/elementor\/thumbs\/LOreal_logo.svg-rilxshi8uxl3jzru85df842ax6szf0ei0j329sa9v2.png","contentUrl":"https:\/\/truzzer.com\/wp-content\/uploads\/elementor\/thumbs\/LOreal_logo.svg-rilxshi8uxl3jzru85df842ax6szf0ei0j329sa9v2.png"},{"@type":"BreadcrumbList","@id":"https:\/\/www.truzzer.com\/sv\/winkel-per-branche\/#breadcrumb","itemListElement":[{"@type":"ListItem","position":1,"name":"Home","item":"https:\/\/www.truzzer.com\/sv\/"},{"@type":"ListItem","position":2,"name":"Winkel per gren"}]},{"@type":"WebSite","@id":"https:\/\/www.truzzer.com\/sv\/#website","url":"https:\/\/www.truzzer.com\/sv\/","name":"truzzer","description":"Experts for customer trust","publisher":{"@id":"https:\/\/www.truzzer.com\/sv\/#organization"},"potentialAction":[{"@type":"SearchAction","target":{"@type":"EntryPoint","urlTemplate":"https:\/\/www.truzzer.com\/sv\/?s={search_term_string}"},"query-input":{"@type":"PropertyValueSpecification","valueRequired":true,"valueName":"search_term_string"}}],"inLanguage":"sv-SE"},{"@type":"Organization","@id":"https:\/\/www.truzzer.com\/sv\/#organization","name":"truzzer","url":"https:\/\/www.truzzer.com\/sv\/","logo":{"@type":"ImageObject","inLanguage":"sv-SE","@id":"https:\/\/www.truzzer.com\/sv\/#\/schema\/logo\/image\/","url":"https:\/\/truzzer.com\/wp-content\/uploads\/2026\/01\/truzzer-logo-black-1.svg","contentUrl":"https:\/\/truzzer.com\/wp-content\/uploads\/2026\/01\/truzzer-logo-black-1.svg","width":938,"height":199,"caption":"truzzer"},"image":{"@id":"https:\/\/www.truzzer.com\/sv\/#\/schema\/logo\/image\/"}}]}},"_links":{"self":[{"href":"https:\/\/www.truzzer.com\/sv\/wp-json\/wp\/v2\/pages\/92376","targetHints":{"allow":["GET"]}}],"collection":[{"href":"https:\/\/www.truzzer.com\/sv\/wp-json\/wp\/v2\/pages"}],"about":[{"href":"https:\/\/www.truzzer.com\/sv\/wp-json\/wp\/v2\/types\/page"}],"author":[{"embeddable":true,"href":"https:\/\/www.truzzer.com\/sv\/wp-json\/wp\/v2\/users\/2"}],"replies":[{"embeddable":true,"href":"https:\/\/www.truzzer.com\/sv\/wp-json\/wp\/v2\/comments?post=92376"}],"version-history":[{"count":0,"href":"https:\/\/www.truzzer.com\/sv\/wp-json\/wp\/v2\/pages\/92376\/revisions"}],"wp:attachment":[{"href":"https:\/\/www.truzzer.com\/sv\/wp-json\/wp\/v2\/media?parent=92376"}],"curies":[{"name":"wp","href":"https:\/\/api.w.org\/{rel}","templated":true}]}}